{"id":1431,"date":"2023-07-15T15:35:24","date_gmt":"2023-07-15T15:35:24","guid":{"rendered":"https:\/\/chemuza.org\/it\/berillio\/"},"modified":"2023-07-15T15:35:24","modified_gmt":"2023-07-15T15:35:24","slug":"berillio","status":"publish","type":"page","link":"https:\/\/chemuza.org\/it\/berillio\/","title":{"rendered":"Berillio"},"content":{"rendered":"<p>Il berillio \u00e8 un elemento naturale presente nel carbone, nel petrolio, nelle rocce, nella polvere vulcanica e nel suolo. \u00c8 il metallo pi\u00f9 leggero della tavola periodica, dopo il litio. Attualmente, la maggior parte di questo minerale viene utilizzata in diverse leghe per realizzare componenti elettronici ed elettrici. Scopri di pi\u00f9 sulle sue propriet\u00e0, caratteristiche e usi oggi.<\/p>\n<h2> <strong>Cos&#8217;\u00e8 il berillio?<\/strong><\/h2>\n<p> \u00c8 un elemento chimico che appartiene ai metalli di transizione della tavola periodica. \u00c8 uno dei minerali rari e appartiene al gruppo dei metalli alcalino-terrosi. La sua densit\u00e0 \u00e8 pi\u00f9 o meno un terzo di quella dell&#8217;alluminio, \u00e8 grigio, fragile e duro.<\/p>\n<h3> <strong>Simbolo del berillio<\/strong><\/h3>\n<p> <span class=\"content-chemical-element\" style=\"float: left;width: 65px;height: 65px;border: 3px solid #666; display:flex;\n    justify-content: center;align-items: center;margin-right: 15px;\"><span style=\"font-size: 38px;\">Be<\/span><\/span> Il simbolo per identificare il berillio \u00e8 Be e il numero atomico 4. Il suo nome deriva dal greco beryllos dal tamil veiruor, che significa diventare bianco o pallido. Quindi, il nome di questo elemento \u00e8 indiano. Inoltre, il suo minerale principale \u00e8 il berillo, che \u00e8 un silicato tra alluminio e berillo.<\/p>\n<h2> <strong>Caratteristiche del berillio<\/strong><\/h2>\n<p> Si trova nel periodo e nel gruppo 2 ed \u00e8 un metallo tossico, soprattutto quando \u00e8 in polvere. Inoltre, reagisce con acqua e acidi per formare gas idrogeno. Ulteriori informazioni sulle sue caratteristiche sono:<\/p>\n<ul>\n<li> <strong>Stato:<\/strong> Naturalmente la sua forma \u00e8 solida o diamagnetica. <strong>&nbsp;<\/strong><\/li>\n<li> <strong>Durezza:<\/strong> \u00e8 molto fragile.<\/li>\n<li> <strong>Colore:<\/strong> grigio<\/li>\n<li> <strong>Ossidazione:<\/strong> A contatto con l&#8217;aria si ossida rapidamente formando un sottile strato.<\/li>\n<li> <strong>Solubilit\u00e0:<\/strong> alcuni componenti sono solubili in acqua.<\/li>\n<li> <strong>Malleabilit\u00e0:<\/strong> Se \u00e8 puro \u00e8 malleabile, ma in presenza di impurit\u00e0 di silicio o ferro pu\u00f2 diventare fragile.<\/li>\n<\/ul>\n<h2> <strong>Propriet\u00e0 chimiche e fisiche del berillio<\/strong><\/h2>\n<ol>\n<li> <strong>Densit\u00e0:<\/strong> 1,85 g\/cm\u00b3<\/li>\n<li> <strong>Numero atomico<\/strong> : 4<\/li>\n<li> <strong>Valenza:<\/strong> 2<\/li>\n<li> <strong>Stati di ossidazione:<\/strong> +2<\/li>\n<li> <strong>Elettronegativit\u00e0:<\/strong> 1,5<\/li>\n<li> <strong>Punto di fusione:<\/strong> 1277<\/li>\n<li> <strong>Massa atomica: 9,0122<\/strong><\/li>\n<li> <strong>Elettroni per livello:<\/strong> 2,2<\/li>\n<li> <strong>Stato di ossidazione:<\/strong> +2<\/li>\n<li> <strong>Punto di ebollizione (\u00b0C):<\/strong> 2770<\/li>\n<li> <strong>Raggio covalente:<\/strong> 0,90<\/li>\n<li> <strong>Raggio atomico:<\/strong> 1,12<\/li>\n<li> <strong>Raggio ionico:<\/strong> 0,31<\/li>\n<li> <strong>Struttura del cristallo:<\/strong> esagonale<\/li>\n<li> <strong>Potenziale di prima ionizzazione:<\/strong> 9,38<\/li>\n<\/ol>\n<h2> <strong>Origine del berillio<\/strong><\/h2>\n<p> La sua scoperta avvenne in Francia ad opera di Louis Nicolas Vauquelin nel 1798, sotto forma di ossido di berillo e smeraldo. Poi, nel 1828, Antoine Bussy e Friedrich Wohler isolarono il metallo, facendo reagire il cloruro di berillio con il potassio.<\/p>\n<h2> <strong>A cosa serve il Berillio?<\/strong><\/h2>\n<p> Viene utilizzato principalmente nelle leghe che hanno la capacit\u00e0 di condurre elettricit\u00e0 e calore, proprio come il rame puro. Questi sono tipicamente utilizzati nei radar, nei computer, nelle automobili, nei sistemi di atterraggio degli aerei, nelle trivellatrici per petrolio e gas, nei circuiti stampati e negli elettrodomestici.<\/p>\n<p> Allo stesso modo, viene utilizzato per la diagnosi a raggi X, poich\u00e9 sottili fogli di berillio vengono utilizzati per filtrare le radiazioni visibili. Poich\u00e9 \u00e8 rigido, leggero e ha stabilit\u00e0 dimensionale, viene utilizzato nella costruzione di dispositivi come giroscopi, molle di orologi e vari strumenti.<\/p>\n<p> D\u2019altra parte, il berillio e l\u2019alluminio sono in grado di produrre un materiale molto resistente utilizzato negli scudi termici, come quelli degli aerei supersonici, dei missili, delle comunicazioni satellitari e dei veicoli spaziali. Inoltre, l&#8217;ossido di berillio viene utilizzato per produrre ceramica e, insieme al nichel, viene utilizzato per creare un materiale di grande durezza.<\/p>\n<h2> <strong>Configurazione elettronica del berillio<\/strong><\/h2>\n<p> Con il diagramma di Moeller puoi conoscere la configurazione di tutti gli elementi della tavola periodica. In questo caso quello del berillio \u00e8 Be 1s <sup>2<\/sup> 2s <sup>2<\/sup> , poich\u00e9 il suo numero atomico \u00e8 4.<\/p>\n<h2> <strong>Effetto del berillio sul corpo umano<\/strong><\/h2>\n<p> Questo \u00e8 un metallo che pu\u00f2 essere dannoso quando le persone lo respirano, causando danni ai polmoni e causando polmonite. Uno degli effetti pi\u00f9 noti \u00e8 la berilliosi, una grave malattia respiratoria che danneggia anche altri organi, come il cuore.<\/p>\n<p> Inoltre, le persone molto sensibili alle sostanze chimiche possono sviluppare reazioni allergiche. Inoltre, questo metallo aumenta la possibilit\u00e0 di sviluppare danni irreversibili al DNA e, quindi, di provocare la crescita di cellule tumorali nell\u2019uomo.<\/p>\n<h2> <strong>Come curare la berilliosi<\/strong><\/h2>\n<p> Sebbene non esista una cura per la berilliosi, pu\u00f2 essere trattata con corticosteroidi inalatori insieme a un broncodilatatore. Coloro che hanno una malattia avanzata e hanno difficolt\u00e0 a respirare potrebbero aver bisogno di ossigeno. Nei casi pi\u00f9 gravi, infatti, pu\u00f2 essere addirittura necessario un trapianto di polmone come soluzione permanente.<\/p>\n<p> In breve, il berillio \u00e8 un elemento chimico grigio e il pi\u00f9 leggero sulla tavola periodica. Le applicazioni nel mondo dell&#8217;elettronica e dell&#8217;industria spaziano dall&#8217;informatica ai pozzi petroliferi, alle piastre radiografiche e alle aziende aeronautiche, tra gli altri. Tuttavia, \u00e8 un metallo tossico per l\u2019uomo e pu\u00f2 causare la berilliosi.<\/p>\n","protected":false},"excerpt":{"rendered":"<p>Il berillio \u00e8 un elemento naturale presente nel carbone, nel petrolio, nelle rocce, nella polvere vulcanica e nel suolo. \u00c8 il metallo pi\u00f9 leggero della tavola periodica, dopo il litio. Attualmente, la maggior parte di questo minerale viene utilizzata in diverse leghe per realizzare componenti elettronici ed elettrici. Scopri di pi\u00f9 sulle sue propriet\u00e0, caratteristiche &#8230; <a title=\"Berillio\" class=\"read-more\" href=\"https:\/\/chemuza.org\/it\/berillio\/\" aria-label=\"More on Berillio\">Per saperne di pi\u00f9<\/a><\/p>\n","protected":false},"author":1,"featured_media":0,"parent":0,"menu_order":0,"comment_status":"closed","ping_status":"closed","template":"","meta":{"footnotes":""},"yoast_head":"<!-- This site is optimized with the Yoast SEO plugin v21.4 - https:\/\/yoast.com\/wordpress\/plugins\/seo\/ -->\n<title>Berillio - Chemuza<\/title>\n<meta name=\"robots\" content=\"index, follow, max-snippet:-1, max-image-preview:large, max-video-preview:-1\" \/>\n<link rel=\"canonical\" href=\"https:\/\/chemuza.org\/it\/berillio\/\" \/>\n<meta property=\"og:locale\" content=\"it_IT\" \/>\n<meta property=\"og:type\" content=\"article\" \/>\n<meta property=\"og:title\" content=\"Berillio - Chemuza\" \/>\n<meta property=\"og:description\" content=\"Il berillio \u00e8 un elemento naturale presente nel carbone, nel petrolio, nelle rocce, nella polvere vulcanica e nel suolo. \u00c8 il metallo pi\u00f9 leggero della tavola periodica, dopo il litio. Attualmente, la maggior parte di questo minerale viene utilizzata in diverse leghe per realizzare componenti elettronici ed elettrici. Scopri di pi\u00f9 sulle sue propriet\u00e0, caratteristiche ... Per saperne di pi\u00f9\" \/>\n<meta property=\"og:url\" content=\"https:\/\/chemuza.org\/it\/berillio\/\" \/>\n<meta property=\"og:site_name\" content=\"Chemuza\" \/>\n<meta name=\"twitter:card\" content=\"summary_large_image\" \/>\n<meta name=\"twitter:label1\" content=\"Tempo di lettura stimato\" \/>\n\t<meta name=\"twitter:data1\" content=\"3 minuti\" \/>\n<script type=\"application\/ld+json\" class=\"yoast-schema-graph\">{\"@context\":\"https:\/\/schema.org\",\"@graph\":[{\"@type\":\"WebPage\",\"@id\":\"https:\/\/chemuza.org\/it\/berillio\/\",\"url\":\"https:\/\/chemuza.org\/it\/berillio\/\",\"name\":\"Berillio - Chemuza\",\"isPartOf\":{\"@id\":\"https:\/\/chemuza.org\/it\/#website\"},\"datePublished\":\"2023-07-15T15:35:24+00:00\",\"dateModified\":\"2023-07-15T15:35:24+00:00\",\"breadcrumb\":{\"@id\":\"https:\/\/chemuza.org\/it\/berillio\/#breadcrumb\"},\"inLanguage\":\"it-IT\",\"potentialAction\":[{\"@type\":\"ReadAction\",\"target\":[\"https:\/\/chemuza.org\/it\/berillio\/\"]}]},{\"@type\":\"BreadcrumbList\",\"@id\":\"https:\/\/chemuza.org\/it\/berillio\/#breadcrumb\",\"itemListElement\":[{\"@type\":\"ListItem\",\"position\":1,\"name\":\"Casa\",\"item\":\"https:\/\/chemuza.org\/it\/\"},{\"@type\":\"ListItem\",\"position\":2,\"name\":\"Berillio\"}]},{\"@type\":\"WebSite\",\"@id\":\"https:\/\/chemuza.org\/it\/#website\",\"url\":\"https:\/\/chemuza.org\/it\/\",\"name\":\"Chemuza\",\"description\":\"La tua porta d&#039;accesso alla scoperta chimica!\",\"publisher\":{\"@id\":\"https:\/\/chemuza.org\/it\/#organization\"},\"potentialAction\":[{\"@type\":\"SearchAction\",\"target\":{\"@type\":\"EntryPoint\",\"urlTemplate\":\"https:\/\/chemuza.org\/it\/?s={search_term_string}\"},\"query-input\":\"required name=search_term_string\"}],\"inLanguage\":\"it-IT\"},{\"@type\":\"Organization\",\"@id\":\"https:\/\/chemuza.org\/it\/#organization\",\"name\":\"Chemuza\",\"url\":\"https:\/\/chemuza.org\/it\/\",\"logo\":{\"@type\":\"ImageObject\",\"inLanguage\":\"it-IT\",\"@id\":\"https:\/\/chemuza.org\/it\/#\/schema\/logo\/image\/\",\"url\":\"https:\/\/chemuza.org\/it\/wp-content\/uploads\/2023\/10\/chemuza-logo.png\",\"contentUrl\":\"https:\/\/chemuza.org\/it\/wp-content\/uploads\/2023\/10\/chemuza-logo.png\",\"width\":387,\"height\":70,\"caption\":\"Chemuza\"},\"image\":{\"@id\":\"https:\/\/chemuza.org\/it\/#\/schema\/logo\/image\/\"}}]}<\/script>\n<!-- \/ Yoast SEO plugin. -->","yoast_head_json":{"title":"Berillio - Chemuza","robots":{"index":"index","follow":"follow","max-snippet":"max-snippet:-1","max-image-preview":"max-image-preview:large","max-video-preview":"max-video-preview:-1"},"canonical":"https:\/\/chemuza.org\/it\/berillio\/","og_locale":"it_IT","og_type":"article","og_title":"Berillio - Chemuza","og_description":"Il berillio \u00e8 un elemento naturale presente nel carbone, nel petrolio, nelle rocce, nella polvere vulcanica e nel suolo. \u00c8 il metallo pi\u00f9 leggero della tavola periodica, dopo il litio. Attualmente, la maggior parte di questo minerale viene utilizzata in diverse leghe per realizzare componenti elettronici ed elettrici. Scopri di pi\u00f9 sulle sue propriet\u00e0, caratteristiche ... Per saperne di pi\u00f9","og_url":"https:\/\/chemuza.org\/it\/berillio\/","og_site_name":"Chemuza","twitter_card":"summary_large_image","twitter_misc":{"Tempo di lettura stimato":"3 minuti"},"schema":{"@context":"https:\/\/schema.org","@graph":[{"@type":"WebPage","@id":"https:\/\/chemuza.org\/it\/berillio\/","url":"https:\/\/chemuza.org\/it\/berillio\/","name":"Berillio - Chemuza","isPartOf":{"@id":"https:\/\/chemuza.org\/it\/#website"},"datePublished":"2023-07-15T15:35:24+00:00","dateModified":"2023-07-15T15:35:24+00:00","breadcrumb":{"@id":"https:\/\/chemuza.org\/it\/berillio\/#breadcrumb"},"inLanguage":"it-IT","potentialAction":[{"@type":"ReadAction","target":["https:\/\/chemuza.org\/it\/berillio\/"]}]},{"@type":"BreadcrumbList","@id":"https:\/\/chemuza.org\/it\/berillio\/#breadcrumb","itemListElement":[{"@type":"ListItem","position":1,"name":"Casa","item":"https:\/\/chemuza.org\/it\/"},{"@type":"ListItem","position":2,"name":"Berillio"}]},{"@type":"WebSite","@id":"https:\/\/chemuza.org\/it\/#website","url":"https:\/\/chemuza.org\/it\/","name":"Chemuza","description":"La tua porta d&#039;accesso alla scoperta chimica!","publisher":{"@id":"https:\/\/chemuza.org\/it\/#organization"},"potentialAction":[{"@type":"SearchAction","target":{"@type":"EntryPoint","urlTemplate":"https:\/\/chemuza.org\/it\/?s={search_term_string}"},"query-input":"required name=search_term_string"}],"inLanguage":"it-IT"},{"@type":"Organization","@id":"https:\/\/chemuza.org\/it\/#organization","name":"Chemuza","url":"https:\/\/chemuza.org\/it\/","logo":{"@type":"ImageObject","inLanguage":"it-IT","@id":"https:\/\/chemuza.org\/it\/#\/schema\/logo\/image\/","url":"https:\/\/chemuza.org\/it\/wp-content\/uploads\/2023\/10\/chemuza-logo.png","contentUrl":"https:\/\/chemuza.org\/it\/wp-content\/uploads\/2023\/10\/chemuza-logo.png","width":387,"height":70,"caption":"Chemuza"},"image":{"@id":"https:\/\/chemuza.org\/it\/#\/schema\/logo\/image\/"}}]}},"yoast_meta":{"yoast_wpseo_title":"","yoast_wpseo_metadesc":"","yoast_wpseo_canonical":""},"_links":{"self":[{"href":"https:\/\/chemuza.org\/it\/wp-json\/wp\/v2\/pages\/1431"}],"collection":[{"href":"https:\/\/chemuza.org\/it\/wp-json\/wp\/v2\/pages"}],"about":[{"href":"https:\/\/chemuza.org\/it\/wp-json\/wp\/v2\/types\/page"}],"author":[{"embeddable":true,"href":"https:\/\/chemuza.org\/it\/wp-json\/wp\/v2\/users\/1"}],"replies":[{"embeddable":true,"href":"https:\/\/chemuza.org\/it\/wp-json\/wp\/v2\/comments?post=1431"}],"version-history":[{"count":0,"href":"https:\/\/chemuza.org\/it\/wp-json\/wp\/v2\/pages\/1431\/revisions"}],"wp:attachment":[{"href":"https:\/\/chemuza.org\/it\/wp-json\/wp\/v2\/media?parent=1431"}],"curies":[{"name":"wp","href":"https:\/\/api.w.org\/{rel}","templated":true}]}}