{"id":1430,"date":"2023-07-15T16:10:46","date_gmt":"2023-07-15T16:10:46","guid":{"rendered":"https:\/\/chemuza.org\/it\/ossigeno\/"},"modified":"2023-07-15T16:10:46","modified_gmt":"2023-07-15T16:10:46","slug":"ossigeno","status":"publish","type":"page","link":"https:\/\/chemuza.org\/it\/ossigeno\/","title":{"rendered":"Ossigeno"},"content":{"rendered":"<p>L&#8217;ossigeno \u00e8 un elemento vitale ed essenziale per la vita di tutti gli esseri viventi, perch\u00e9 gli organismi aerobici non potrebbero respirare senza il suo aiuto. Inoltre, fa parte di molecole importanti, come proteine, carboidrati, acidi nucleici e lipidi. Scopri quali sono le loro propriet\u00e0, funzioni, caratteristiche e importanza.<\/p>\n<h2> <strong>Cos&#8217;\u00e8 l&#8217;ossigeno?<\/strong><\/h2>\n<p> \u00c8 un elemento gassoso che fa parte del gruppo degli anfigeni o calcogeni, anche della serie chimica dei non metalli della tavola periodica. Una delle sue particolarit\u00e0 \u00e8 che non contiene gusto, odore o colore nel suo stato ordinario. Tuttavia costituisce il 20,9% del volume dell&#8217;atmosfera terrestre e, insieme all&#8217;idrogeno, crea H\u2082O o molecole d&#8217;acqua.<\/p>\n<h3> <strong>Simbolo dell&#8217;ossigeno<\/strong><\/h3>\n<p> <span class=\"content-chemical-element\" style=\"float: left;width: 65px;height: 65px;border: 3px solid #666; display:flex;\n    justify-content: center;align-items: center;margin-right: 15px;\"><span style=\"font-size: 38px;\">O<\/span><\/span> \u00c8 rappresentato dal simbolo O, che deriva dalle parole greche antiche <em>oxys<\/em> , acido, e <em>genos<\/em> , generatore o produttore. Fondamentalmente il significato del nome significa produttore di acidi, perch\u00e9 erroneamente si credeva che tutti gli acidi necessitassero di questo elemento per la loro composizione.<\/p>\n<h2> <strong>Caratteristiche dell&#8217;ossigeno<\/strong><\/h2>\n<p> Oltre allo stato ordinario, l&#8217;ossigeno liquido azzurro si trova nei laboratori, anche in forma solida e con sfumature cristalline bluastre. D&#8217;altra parte, agisce come il miglior agente ossidante tra gli elementi. Altre caratteristiche sono riassunte in:<\/p>\n<ul>\n<li> <strong>Stato ordinario di aggregazione<\/strong> : Gassoso.<\/li>\n<li> <strong>Magnetismo:<\/strong> \u00e8 un elemento paramagnetico che tende ad allineare elettroni o orbitali paralleli a un campo magnetico.<\/li>\n<li> <strong>Propriet\u00e0 organolettiche<\/strong> : Incolore, inodore e insapore nell&#8217;aspetto.<\/li>\n<li> <strong>Reazioni chimiche<\/strong> : La molecola di ossigeno ha un&#8217;elevata reattivit\u00e0 che d\u00e0 luogo a processi di combustione.<\/li>\n<li> <strong>Conduttore elettrico<\/strong> : \u00e8 un cattivo conduttore di calore ed elettricit\u00e0.<\/li>\n<li> <strong>Solubilit\u00e0<\/strong> : ha una solubilit\u00e0 migliore dell&#8217;azoto.<\/li>\n<li> <strong>Elettronegativit\u00e0<\/strong> : dopo il fluoro, ha la migliore elettronegativit\u00e0 tra tutti gli elementi.<\/li>\n<li> <strong>Malleabilit\u00e0<\/strong> : \u00e8 fragile, nel senso che non pu\u00f2 essere appiattito per creare fogli, n\u00e9 allungato per diventare fili.<\/li>\n<li> <strong>Allotropico:<\/strong> esiste in molecole biatomiche, O2 o diossigeno, e molecole triatomiche, O3, chiamate ozono.<\/li>\n<\/ul>\n<h2> <strong>Propriet\u00e0 chimiche e fisiche dell&#8217;ossigeno<\/strong><\/h2>\n<ol>\n<li> <strong>Numero atomico<\/strong> : 8<\/li>\n<li> <strong>Gruppo<\/strong> : 16<\/li>\n<li> <strong>Periodo<\/strong> : 2<\/li>\n<li> <strong>Blocco<\/strong> : pag<\/li>\n<li> <strong>Peso atomico<\/strong> : 15,9994<\/li>\n<li> <strong>Densit\u00e0<\/strong> : 1.429 kg\/m\u00b3<\/li>\n<li> <strong>Stato<\/strong> : Gas<\/li>\n<li> <strong>Ruggine<\/strong> : No<\/li>\n<li> <strong>Stati di ossidazione<\/strong> : -2, -1<\/li>\n<li> <strong>Punto di fusione<\/strong> : -223 (\u00b0C)<\/li>\n<li> <strong>Punto di ebollizione<\/strong> : -183 (\u00b0C)<\/li>\n<li> <strong>Calore specifico<\/strong> : 920 J\/(K-kg)<\/li>\n<li> <strong>Elettronegativit\u00e0<\/strong> : 3,44<\/li>\n<li> <strong>Raggio medio<\/strong> : 60 ore<\/li>\n<li> <strong>Raggio covalente<\/strong> : 73 ore<\/li>\n<li> <strong>Raggio atomico<\/strong> : 60 ore<\/li>\n<li> <strong>Elettroni per strato<\/strong> : 2, 6<\/li>\n<li> <strong>Configurazione elettronica<\/strong> : [He]2s22p4<\/li>\n<\/ol>\n<h2> <strong>Origine dell&#8217;ossigeno<\/strong><\/h2>\n<p> Alla fine del XVIII secolo, lo svedese Carl Wilhelm Scheele esamin\u00f2 le propriet\u00e0 dell&#8217;ossigeno e lo riconobbe come il principale protagonista dell&#8217;aria. Tuttavia present\u00f2 i suoi risultati fino al 1777. Nel frattempo il chimico Joseph Priestley pubblic\u00f2 le sue ricerche nel 1774 ed \u00e8 quindi considerato l&#8217;autore della sua scoperta.<\/p>\n<p> Priestley riscald\u00f2 l&#8217;ossido di mercurio, o HgO, finch\u00e9 non vide il rilascio di un gas, che chiam\u00f2 aria deflogisticata. Osserv\u00f2 anche che aumentava l&#8217;intensit\u00e0 della fiamma. Successivamente, nel 1777, Antoine Lavoisier lo identific\u00f2 come elemento chimico e gli diede il nome di ossigeno.<\/p>\n<h2> <strong>A cosa serve l&#8217;ossigeno?<\/strong><\/h2>\n<p> In campo medico questo elemento viene utilizzato per mantenere in vita i pazienti chirurgici. Allo stesso modo, l\u2019ossigenoterapia viene utilizzata per le persone che soffrono di polmoni, cuore, enfisema, tra gli altri. Inoltre, viene spesso utilizzato come gas respirabile durante le missioni subacquee e spaziali, ad esempio per le mute da sub contenenti bombole di ossigeno.<\/p>\n<p> Un altro utilizzo nell&#8217;industria \u00e8 la produzione di leghe di ferro, ossido di etilene, basi plastiche e materiali tessili. Inoltre, viene utilizzato per bruciare o incenerire l&#8217;acetilene e realizzare torce che tagliano rapidamente i metalli.<\/p>\n<h2> <strong>Importanza dell&#8217;ossigeno per la vita<\/strong><\/h2>\n<p> \u00c8 un composto vitale, perch\u00e9 contiene sostanze biologiche essenziali, come proteine, aminoacidi, zuccheri, utili alla vita sulla terra. Allo stesso modo, la sua composizione comprende diverse molecole fondamentali del metabolismo da cui gli esseri viventi ottengono energia. Ad esempio, la fotosintesi di piante, batteri e altri organismi vegetali.<\/p>\n<h2> <strong>Interazione con altri elementi<\/strong><\/h2>\n<p> Tutti gli elementi chimici formano composti con questo gas, ad eccezione dei gas nobili. Alcuni esempi di composti binari che contengono una maggiore abbondanza di ossigeno sono H\u2082O, acqua, e SiO2, silice. Tra quelli abbondanti in natura ci sono anche i silicati, il marmo, il calcare, il gesso, la bauxite e gli ossidi di ferro.<\/p>\n<h2> <strong>Ottenere ossigeno industriale<\/strong><\/h2>\n<p> Uno dei metodi di produzione \u00e8 la filtrazione con zeolite, una procedura utilizzata per ottenere questo risultato su piccola scala. Implica il passaggio di un flusso di aria pulita e secca attraverso setacci molecolari, che intrappolano l&#8217;azoto e creano aria ad alto contenuto di O.<\/p>\n<p> Il secondo modo per produrlo \u00e8 attraverso l\u2019elettrolisi dell\u2019acqua, un metodo che scompone la molecola d\u2019acqua, H\u2082O. Ci\u00f2 avviene iniettando un dipolo di elettricit\u00e0 che fa s\u00ec che l&#8217;anodo attiri le molecole gassose di O verso un contenitore. Nel frattempo, il catodo fa lo stesso con l&#8217;idrogeno.<\/p>\n<h2> <strong>Saturazione di ossigeno<\/strong><\/h2>\n<p> Questa \u00e8 la quantit\u00e0 di elemento chimico disponibile nel sangue. A quanto pare, l\u2019ossigeno si lega ai globuli rossi quando il cuore inizia a pompare il sangue. Se i livelli sono ottimali, ci\u00f2 garantisce che le cellule ricevano una misura adeguata. Le percentuali di persone sane vanno dal 95 al 100%, altrimenti si parla di ipossiemia.<\/p>\n<p> In sintesi, questo elemento chimico in condizioni ordinarie \u00e8 allo stato gassoso. Fa parte degli anfigeni, i non metalli e si trova con il numero 8. Inoltre \u00e8 un agente ossidante, paramagnetico, inodore, insapore e incolore. Ha eccellente elettronegativit\u00e0, solubilit\u00e0 e due allotropi, diossigeno e ozono.<\/p>\n<h2> Maggiori informazioni sull&#8217;ossigeno<\/h2>\n","protected":false},"excerpt":{"rendered":"<p>L&#8217;ossigeno \u00e8 un elemento vitale ed essenziale per la vita di tutti gli esseri viventi, perch\u00e9 gli organismi aerobici non potrebbero respirare senza il suo aiuto. Inoltre, fa parte di molecole importanti, come proteine, carboidrati, acidi nucleici e lipidi. Scopri quali sono le loro propriet\u00e0, funzioni, caratteristiche e importanza. Cos&#8217;\u00e8 l&#8217;ossigeno? \u00c8 un elemento gassoso &#8230; <a title=\"Ossigeno\" class=\"read-more\" href=\"https:\/\/chemuza.org\/it\/ossigeno\/\" aria-label=\"More on Ossigeno\">Per saperne di pi\u00f9<\/a><\/p>\n","protected":false},"author":1,"featured_media":0,"parent":0,"menu_order":0,"comment_status":"closed","ping_status":"closed","template":"","meta":{"footnotes":""},"yoast_head":"<!-- This site is optimized with the Yoast SEO plugin v21.4 - https:\/\/yoast.com\/wordpress\/plugins\/seo\/ -->\n<title>Ossigeno - Chemuza<\/title>\n<meta name=\"robots\" content=\"index, follow, max-snippet:-1, max-image-preview:large, max-video-preview:-1\" \/>\n<link rel=\"canonical\" href=\"https:\/\/chemuza.org\/it\/ossigeno\/\" \/>\n<meta property=\"og:locale\" content=\"it_IT\" \/>\n<meta property=\"og:type\" content=\"article\" \/>\n<meta property=\"og:title\" content=\"Ossigeno - Chemuza\" \/>\n<meta property=\"og:description\" content=\"L&#8217;ossigeno \u00e8 un elemento vitale ed essenziale per la vita di tutti gli esseri viventi, perch\u00e9 gli organismi aerobici non potrebbero respirare senza il suo aiuto. Inoltre, fa parte di molecole importanti, come proteine, carboidrati, acidi nucleici e lipidi. Scopri quali sono le loro propriet\u00e0, funzioni, caratteristiche e importanza. Cos&#8217;\u00e8 l&#8217;ossigeno? \u00c8 un elemento gassoso ... Per saperne di pi\u00f9\" \/>\n<meta property=\"og:url\" content=\"https:\/\/chemuza.org\/it\/ossigeno\/\" \/>\n<meta property=\"og:site_name\" content=\"Chemuza\" \/>\n<meta name=\"twitter:card\" content=\"summary_large_image\" \/>\n<meta name=\"twitter:label1\" content=\"Tempo di lettura stimato\" \/>\n\t<meta name=\"twitter:data1\" content=\"4 minuti\" \/>\n<script type=\"application\/ld+json\" class=\"yoast-schema-graph\">{\"@context\":\"https:\/\/schema.org\",\"@graph\":[{\"@type\":\"WebPage\",\"@id\":\"https:\/\/chemuza.org\/it\/ossigeno\/\",\"url\":\"https:\/\/chemuza.org\/it\/ossigeno\/\",\"name\":\"Ossigeno - Chemuza\",\"isPartOf\":{\"@id\":\"https:\/\/chemuza.org\/it\/#website\"},\"datePublished\":\"2023-07-15T16:10:46+00:00\",\"dateModified\":\"2023-07-15T16:10:46+00:00\",\"breadcrumb\":{\"@id\":\"https:\/\/chemuza.org\/it\/ossigeno\/#breadcrumb\"},\"inLanguage\":\"it-IT\",\"potentialAction\":[{\"@type\":\"ReadAction\",\"target\":[\"https:\/\/chemuza.org\/it\/ossigeno\/\"]}]},{\"@type\":\"BreadcrumbList\",\"@id\":\"https:\/\/chemuza.org\/it\/ossigeno\/#breadcrumb\",\"itemListElement\":[{\"@type\":\"ListItem\",\"position\":1,\"name\":\"Casa\",\"item\":\"https:\/\/chemuza.org\/it\/\"},{\"@type\":\"ListItem\",\"position\":2,\"name\":\"Ossigeno\"}]},{\"@type\":\"WebSite\",\"@id\":\"https:\/\/chemuza.org\/it\/#website\",\"url\":\"https:\/\/chemuza.org\/it\/\",\"name\":\"Chemuza\",\"description\":\"La tua porta d&#039;accesso alla scoperta chimica!\",\"publisher\":{\"@id\":\"https:\/\/chemuza.org\/it\/#organization\"},\"potentialAction\":[{\"@type\":\"SearchAction\",\"target\":{\"@type\":\"EntryPoint\",\"urlTemplate\":\"https:\/\/chemuza.org\/it\/?s={search_term_string}\"},\"query-input\":\"required name=search_term_string\"}],\"inLanguage\":\"it-IT\"},{\"@type\":\"Organization\",\"@id\":\"https:\/\/chemuza.org\/it\/#organization\",\"name\":\"Chemuza\",\"url\":\"https:\/\/chemuza.org\/it\/\",\"logo\":{\"@type\":\"ImageObject\",\"inLanguage\":\"it-IT\",\"@id\":\"https:\/\/chemuza.org\/it\/#\/schema\/logo\/image\/\",\"url\":\"https:\/\/chemuza.org\/it\/wp-content\/uploads\/2023\/10\/chemuza-logo.png\",\"contentUrl\":\"https:\/\/chemuza.org\/it\/wp-content\/uploads\/2023\/10\/chemuza-logo.png\",\"width\":387,\"height\":70,\"caption\":\"Chemuza\"},\"image\":{\"@id\":\"https:\/\/chemuza.org\/it\/#\/schema\/logo\/image\/\"}}]}<\/script>\n<!-- \/ Yoast SEO plugin. -->","yoast_head_json":{"title":"Ossigeno - Chemuza","robots":{"index":"index","follow":"follow","max-snippet":"max-snippet:-1","max-image-preview":"max-image-preview:large","max-video-preview":"max-video-preview:-1"},"canonical":"https:\/\/chemuza.org\/it\/ossigeno\/","og_locale":"it_IT","og_type":"article","og_title":"Ossigeno - Chemuza","og_description":"L&#8217;ossigeno \u00e8 un elemento vitale ed essenziale per la vita di tutti gli esseri viventi, perch\u00e9 gli organismi aerobici non potrebbero respirare senza il suo aiuto. Inoltre, fa parte di molecole importanti, come proteine, carboidrati, acidi nucleici e lipidi. Scopri quali sono le loro propriet\u00e0, funzioni, caratteristiche e importanza. Cos&#8217;\u00e8 l&#8217;ossigeno? \u00c8 un elemento gassoso ... Per saperne di pi\u00f9","og_url":"https:\/\/chemuza.org\/it\/ossigeno\/","og_site_name":"Chemuza","twitter_card":"summary_large_image","twitter_misc":{"Tempo di lettura stimato":"4 minuti"},"schema":{"@context":"https:\/\/schema.org","@graph":[{"@type":"WebPage","@id":"https:\/\/chemuza.org\/it\/ossigeno\/","url":"https:\/\/chemuza.org\/it\/ossigeno\/","name":"Ossigeno - Chemuza","isPartOf":{"@id":"https:\/\/chemuza.org\/it\/#website"},"datePublished":"2023-07-15T16:10:46+00:00","dateModified":"2023-07-15T16:10:46+00:00","breadcrumb":{"@id":"https:\/\/chemuza.org\/it\/ossigeno\/#breadcrumb"},"inLanguage":"it-IT","potentialAction":[{"@type":"ReadAction","target":["https:\/\/chemuza.org\/it\/ossigeno\/"]}]},{"@type":"BreadcrumbList","@id":"https:\/\/chemuza.org\/it\/ossigeno\/#breadcrumb","itemListElement":[{"@type":"ListItem","position":1,"name":"Casa","item":"https:\/\/chemuza.org\/it\/"},{"@type":"ListItem","position":2,"name":"Ossigeno"}]},{"@type":"WebSite","@id":"https:\/\/chemuza.org\/it\/#website","url":"https:\/\/chemuza.org\/it\/","name":"Chemuza","description":"La tua porta d&#039;accesso alla scoperta chimica!","publisher":{"@id":"https:\/\/chemuza.org\/it\/#organization"},"potentialAction":[{"@type":"SearchAction","target":{"@type":"EntryPoint","urlTemplate":"https:\/\/chemuza.org\/it\/?s={search_term_string}"},"query-input":"required name=search_term_string"}],"inLanguage":"it-IT"},{"@type":"Organization","@id":"https:\/\/chemuza.org\/it\/#organization","name":"Chemuza","url":"https:\/\/chemuza.org\/it\/","logo":{"@type":"ImageObject","inLanguage":"it-IT","@id":"https:\/\/chemuza.org\/it\/#\/schema\/logo\/image\/","url":"https:\/\/chemuza.org\/it\/wp-content\/uploads\/2023\/10\/chemuza-logo.png","contentUrl":"https:\/\/chemuza.org\/it\/wp-content\/uploads\/2023\/10\/chemuza-logo.png","width":387,"height":70,"caption":"Chemuza"},"image":{"@id":"https:\/\/chemuza.org\/it\/#\/schema\/logo\/image\/"}}]}},"yoast_meta":{"yoast_wpseo_title":"","yoast_wpseo_metadesc":"","yoast_wpseo_canonical":""},"_links":{"self":[{"href":"https:\/\/chemuza.org\/it\/wp-json\/wp\/v2\/pages\/1430"}],"collection":[{"href":"https:\/\/chemuza.org\/it\/wp-json\/wp\/v2\/pages"}],"about":[{"href":"https:\/\/chemuza.org\/it\/wp-json\/wp\/v2\/types\/page"}],"author":[{"embeddable":true,"href":"https:\/\/chemuza.org\/it\/wp-json\/wp\/v2\/users\/1"}],"replies":[{"embeddable":true,"href":"https:\/\/chemuza.org\/it\/wp-json\/wp\/v2\/comments?post=1430"}],"version-history":[{"count":0,"href":"https:\/\/chemuza.org\/it\/wp-json\/wp\/v2\/pages\/1430\/revisions"}],"wp:attachment":[{"href":"https:\/\/chemuza.org\/it\/wp-json\/wp\/v2\/media?parent=1430"}],"curies":[{"name":"wp","href":"https:\/\/api.w.org\/{rel}","templated":true}]}}