{"id":1429,"date":"2023-07-15T17:09:51","date_gmt":"2023-07-15T17:09:51","guid":{"rendered":"https:\/\/chemuza.org\/it\/carbonio\/"},"modified":"2023-07-15T17:09:51","modified_gmt":"2023-07-15T17:09:51","slug":"carbonio","status":"publish","type":"page","link":"https:\/\/chemuza.org\/it\/carbonio\/","title":{"rendered":"Carbonio"},"content":{"rendered":"<p>Il carbonio \u00e8 uno degli elementi pi\u00f9 importanti della tavola periodica perch\u00e9 \u00e8 ampiamente utilizzato dall&#8217;uomo. Infatti, ogni volta che inspiri, espiri anidride carbonica. Inoltre, si trova in tutti i gas rilasciati dai motori delle automobili. Scopri di pi\u00f9 su questa sostanza chimica, le sue caratteristiche, propriet\u00e0 e applicazioni.<\/p>\n<h2> <strong>Cos&#8217;\u00e8 il carbonio?<\/strong><\/h2>\n<p> \u00c8 un elemento chimico unico che si trova solitamente in forma solida. A seconda delle sue condizioni di formazione \u00e8 possibile trovarlo in natura in forma cristallina, sotto forma di grafite o di diamante. Poich\u00e9 \u00e8 un materiale duro, \u00e8 impossibile che altri metalli come l&#8217;acciaio o l&#8217;alluminio lo assorbano.<\/p>\n<h3> <strong>Simbolo del carbonio<\/strong><\/h3>\n<p> <span class=\"content-chemical-element\" style=\"float: left; width: 65px; height: 65px; border: 3px solid #666; display: flex; justify-content: center; align-items: center; margin-right: 15px;\"><span style=\"font-size: 38px;\">C<\/span><\/span> Il simbolo carbonio \u00c8 la lettera C e ha un numero atomico 6. Ci\u00f2 significa che nel nucleo di un atomo di questo elemento ci sono 6 protoni e nel guscio elettronico ce ne sono 6. Inoltre, \u00e8 il componente principale di tutti gli idrocarburi come oli e benzine.<\/p>\n<h2> <strong>Caratteristiche del carbonio<\/strong><\/h2>\n<p> Carbonio nella tavola periodica \u00c8 classificato tra i carbonoidi, \u00e8 un conduttore di elettricit\u00e0 ed un elemento metallico. Inoltre \u00e8 solido a temperatura ambiente, ma pu\u00f2 trasformarsi se sottoposto ad una temperatura superiore a 3600\u00b0C e diventare gassoso. Oltre a ci\u00f2, le sue caratteristiche principali sono riassunte come segue:<\/p>\n<ul>\n<li> <strong>Grafite:<\/strong> \u00e8 nera, morbida e opaca e ha la propriet\u00e0 di macchiarsi, motivo per cui viene utilizzata come riempitivo nelle matite per disegnare e scrivere.<\/li>\n<li> <strong>Nanotubi:<\/strong> sono fogli di grafite arrotolati in cilindri e sormontati alle estremit\u00e0 da emisferi di carbonio.<\/li>\n<li> <strong>Diamante:<\/strong> Hanno lo stesso atomo di carbonio, ma con una struttura diversa perch\u00e9 il diamante \u00e8 una pietra dura e trasparente.<\/li>\n<li> <strong>Fucili:<\/strong> \u00c8 un atomo reso elettricamente neutro e univalente.<\/li>\n<li> <strong>Fullereni:<\/strong> sono 60 atomi di carbonio strutturati in modo pentagonale o ettagonale, che conferisce loro un aspetto sferico.<\/li>\n<\/ul>\n<h2> <strong>Propriet\u00e0 chimiche e fisiche del carbonio<\/strong><\/h2>\n<ol>\n<li> <strong>Numero atomico:<\/strong> 6<\/li>\n<li> <strong>Stato di ossidazione:<\/strong> +4<\/li>\n<li> <strong>Valencia:<\/strong> 2, +4,-4<\/li>\n<li> <strong>Elettronegativit\u00e0:<\/strong> 2,5<\/li>\n<li> <strong>Raggio atomico (A):<\/strong> 0,914<\/li>\n<li> <strong>Raggio covalente (A):<\/strong> 0,77<\/li>\n<li> <strong>Raggio ionico (A):<\/strong> 0,15<\/li>\n<li> <strong>Massa atomica:<\/strong> 12.01115<\/li>\n<li> <strong>Colore<\/strong> : Trasparente e Nero<\/li>\n<li> <strong>Condizione:<\/strong> solido.<\/li>\n<li> <strong>Punto di ebollizione:<\/strong> 3825\u00b0C<\/li>\n<li> <strong>Punto di fusione:<\/strong> 3550\u00b0C<\/li>\n<li> <strong>Peso atomico<\/strong> : 12.011<\/li>\n<li> <strong>Neutroni nell&#8217;isotopo:<\/strong> 6<\/li>\n<li> <strong>Protoni:<\/strong> 6<\/li>\n<li> <strong>Elettroni:<\/strong> 6<\/li>\n<li> <strong>Configurazione elettronica:<\/strong> 1s <sup>2<\/sup> 2s <sup>2<\/sup> 2p <sup>2<\/sup><\/li>\n<li> <strong>Potenziale di prima ionizzazione (ev):<\/strong> 11,34<\/li>\n<li> <strong>Densit\u00e0 a 20\u00b0C:<\/strong> 2.267 g\/cm\u00b3 (gr), 3.513 g\/cm <sup>3<\/sup> (id)<\/li>\n<\/ol>\n<h2> <strong>origine del carbonio<\/strong><\/h2>\n<p> Il carbone fu scoperto nella preistoria e nell&#8217;antichit\u00e0 era utile per la produzione mediante combustione incompleta di materiali inorganici. Da parte loro, i fullereni sono stati scoperti come sottoprodotti in alcuni esperimenti condotti con gas molecolari negli anni &#8217;80.<\/p>\n<h2> <strong>A cosa serve il carbonio?<\/strong><\/h2>\n<p> \u00c8 una sostanza chimica fondamentale negli esseri viventi, poich\u00e9 viene manipolata e utilizzata dagli enzimi nel sistema degli organi. Si ritiene che la vita organica sulla terra faccia affidamento sul carbonio, per la formazione di componenti come carboidrati e proteine, nonch\u00e9 per il funzionamento fisiologico dell&#8217;organismo.<\/p>\n<p> Con la cellulosa, che \u00e8 un polimero del carbonio, produciamo fibre come canapa, cotone e lino. Inoltre, esistono polimeri sintetici che vengono utilizzati per realizzare oggetti in plastica. D&#8217;altra parte, la grafite viene utilizzata per produrre lubrificanti e pigmenti che vengono combinati con l&#8217;argilla per realizzare altri oggetti.<\/p>\n<p> Il carbone viene utilizzato anche nella cottura della carne, comunemente nota come barbecue. Il carbone attivo viene utilizzato anche nei filtri per purificare l&#8217;acqua, nelle cappe da cucina e nelle maschere antigas. Infine, in gioielleria viene utilizzato il diamante, che \u00e8 una forma di carbonio. Utile nella parte industriale, viene utilizzato per forare, lucidare e tagliare pietre e metalli.<\/p>\n<h2> <strong>Dove si trova il carbonio?<\/strong><\/h2>\n<p> Si trova distribuito in natura e si ritiene costituisca lo 0,032% della crosta terrestre. Nella sua forma libera si ottiene in grandi giacimenti come il carbone, una forma amorfa dell&#8217;elemento con azoto e idrogeno. D&#8217;altra parte, il carbonio cristallino puro si trova nei diamanti e nella grafite.<\/p>\n<h2> <strong>Cos&#8217;\u00e8 il ciclo del carbonio?<\/strong><\/h2>\n<p> Ci\u00f2 presuppone il percorso naturale attraverso il quale questo elemento circola negli oceani, nell&#8217;atmosfera e nella superficie terrestre attraverso processi geologici, fisici, biologici e chimici. Questo ciclo \u00e8 fondamentale per il nutrimento, il rinnovamento e la sopravvivenza degli esseri e delle materie.<\/p>\n<p> L&#8217;anidride carbonica nell&#8217;atmosfera viene assorbita dalle piante utilizzando la luce solare in un evento chiamato fotosintesi. Centinaia di anni dopo la morte della vegetazione, il carbone viene trasformato in petrolio, gas liquefatto e gas naturale che vengono poi trasformati per uso industriale dall\u2019umanit\u00e0. Alla fine, quando i combustibili vengono utilizzati, il carbonio si trasforma nuovamente e il ciclo continua.<\/p>\n<p> In conclusione, il carbonio \u00e8 uno degli elementi della tavola periodica ed \u00e8 utile agli esseri viventi. Alcune delle sue applicazioni riguardano il campo della gioielleria, della produzione di biancheria, contenitori di plastica, cotone, lubrificanti, matite, tra gli altri.<\/p>\n<h2> Maggiori informazioni sul carbonio<\/h2>\n","protected":false},"excerpt":{"rendered":"<p>Il carbonio \u00e8 uno degli elementi pi\u00f9 importanti della tavola periodica perch\u00e9 \u00e8 ampiamente utilizzato dall&#8217;uomo. Infatti, ogni volta che inspiri, espiri anidride carbonica. Inoltre, si trova in tutti i gas rilasciati dai motori delle automobili. Scopri di pi\u00f9 su questa sostanza chimica, le sue caratteristiche, propriet\u00e0 e applicazioni. Cos&#8217;\u00e8 il carbonio? \u00c8 un elemento &#8230; <a title=\"Carbonio\" class=\"read-more\" href=\"https:\/\/chemuza.org\/it\/carbonio\/\" aria-label=\"More on Carbonio\">Per saperne di pi\u00f9<\/a><\/p>\n","protected":false},"author":1,"featured_media":0,"parent":0,"menu_order":0,"comment_status":"closed","ping_status":"closed","template":"","meta":{"footnotes":""},"yoast_head":"<!-- This site is optimized with the Yoast SEO plugin v21.4 - https:\/\/yoast.com\/wordpress\/plugins\/seo\/ -->\n<title>Carbonio - Chemuza<\/title>\n<meta name=\"robots\" content=\"index, follow, max-snippet:-1, max-image-preview:large, max-video-preview:-1\" \/>\n<link rel=\"canonical\" href=\"https:\/\/chemuza.org\/it\/carbonio\/\" \/>\n<meta property=\"og:locale\" content=\"it_IT\" \/>\n<meta property=\"og:type\" content=\"article\" \/>\n<meta property=\"og:title\" content=\"Carbonio - Chemuza\" \/>\n<meta property=\"og:description\" content=\"Il carbonio \u00e8 uno degli elementi pi\u00f9 importanti della tavola periodica perch\u00e9 \u00e8 ampiamente utilizzato dall&#8217;uomo. Infatti, ogni volta che inspiri, espiri anidride carbonica. Inoltre, si trova in tutti i gas rilasciati dai motori delle automobili. Scopri di pi\u00f9 su questa sostanza chimica, le sue caratteristiche, propriet\u00e0 e applicazioni. Cos&#8217;\u00e8 il carbonio? \u00c8 un elemento ... Per saperne di pi\u00f9\" \/>\n<meta property=\"og:url\" content=\"https:\/\/chemuza.org\/it\/carbonio\/\" \/>\n<meta property=\"og:site_name\" content=\"Chemuza\" \/>\n<meta name=\"twitter:card\" content=\"summary_large_image\" \/>\n<meta name=\"twitter:label1\" content=\"Tempo di lettura stimato\" \/>\n\t<meta name=\"twitter:data1\" content=\"4 minuti\" \/>\n<script type=\"application\/ld+json\" class=\"yoast-schema-graph\">{\"@context\":\"https:\/\/schema.org\",\"@graph\":[{\"@type\":\"WebPage\",\"@id\":\"https:\/\/chemuza.org\/it\/carbonio\/\",\"url\":\"https:\/\/chemuza.org\/it\/carbonio\/\",\"name\":\"Carbonio - Chemuza\",\"isPartOf\":{\"@id\":\"https:\/\/chemuza.org\/it\/#website\"},\"datePublished\":\"2023-07-15T17:09:51+00:00\",\"dateModified\":\"2023-07-15T17:09:51+00:00\",\"breadcrumb\":{\"@id\":\"https:\/\/chemuza.org\/it\/carbonio\/#breadcrumb\"},\"inLanguage\":\"it-IT\",\"potentialAction\":[{\"@type\":\"ReadAction\",\"target\":[\"https:\/\/chemuza.org\/it\/carbonio\/\"]}]},{\"@type\":\"BreadcrumbList\",\"@id\":\"https:\/\/chemuza.org\/it\/carbonio\/#breadcrumb\",\"itemListElement\":[{\"@type\":\"ListItem\",\"position\":1,\"name\":\"Casa\",\"item\":\"https:\/\/chemuza.org\/it\/\"},{\"@type\":\"ListItem\",\"position\":2,\"name\":\"Carbonio\"}]},{\"@type\":\"WebSite\",\"@id\":\"https:\/\/chemuza.org\/it\/#website\",\"url\":\"https:\/\/chemuza.org\/it\/\",\"name\":\"Chemuza\",\"description\":\"La tua porta d&#039;accesso alla scoperta chimica!\",\"publisher\":{\"@id\":\"https:\/\/chemuza.org\/it\/#organization\"},\"potentialAction\":[{\"@type\":\"SearchAction\",\"target\":{\"@type\":\"EntryPoint\",\"urlTemplate\":\"https:\/\/chemuza.org\/it\/?s={search_term_string}\"},\"query-input\":\"required name=search_term_string\"}],\"inLanguage\":\"it-IT\"},{\"@type\":\"Organization\",\"@id\":\"https:\/\/chemuza.org\/it\/#organization\",\"name\":\"Chemuza\",\"url\":\"https:\/\/chemuza.org\/it\/\",\"logo\":{\"@type\":\"ImageObject\",\"inLanguage\":\"it-IT\",\"@id\":\"https:\/\/chemuza.org\/it\/#\/schema\/logo\/image\/\",\"url\":\"https:\/\/chemuza.org\/it\/wp-content\/uploads\/2023\/10\/chemuza-logo.png\",\"contentUrl\":\"https:\/\/chemuza.org\/it\/wp-content\/uploads\/2023\/10\/chemuza-logo.png\",\"width\":387,\"height\":70,\"caption\":\"Chemuza\"},\"image\":{\"@id\":\"https:\/\/chemuza.org\/it\/#\/schema\/logo\/image\/\"}}]}<\/script>\n<!-- \/ Yoast SEO plugin. -->","yoast_head_json":{"title":"Carbonio - Chemuza","robots":{"index":"index","follow":"follow","max-snippet":"max-snippet:-1","max-image-preview":"max-image-preview:large","max-video-preview":"max-video-preview:-1"},"canonical":"https:\/\/chemuza.org\/it\/carbonio\/","og_locale":"it_IT","og_type":"article","og_title":"Carbonio - Chemuza","og_description":"Il carbonio \u00e8 uno degli elementi pi\u00f9 importanti della tavola periodica perch\u00e9 \u00e8 ampiamente utilizzato dall&#8217;uomo. Infatti, ogni volta che inspiri, espiri anidride carbonica. Inoltre, si trova in tutti i gas rilasciati dai motori delle automobili. Scopri di pi\u00f9 su questa sostanza chimica, le sue caratteristiche, propriet\u00e0 e applicazioni. Cos&#8217;\u00e8 il carbonio? \u00c8 un elemento ... Per saperne di pi\u00f9","og_url":"https:\/\/chemuza.org\/it\/carbonio\/","og_site_name":"Chemuza","twitter_card":"summary_large_image","twitter_misc":{"Tempo di lettura stimato":"4 minuti"},"schema":{"@context":"https:\/\/schema.org","@graph":[{"@type":"WebPage","@id":"https:\/\/chemuza.org\/it\/carbonio\/","url":"https:\/\/chemuza.org\/it\/carbonio\/","name":"Carbonio - Chemuza","isPartOf":{"@id":"https:\/\/chemuza.org\/it\/#website"},"datePublished":"2023-07-15T17:09:51+00:00","dateModified":"2023-07-15T17:09:51+00:00","breadcrumb":{"@id":"https:\/\/chemuza.org\/it\/carbonio\/#breadcrumb"},"inLanguage":"it-IT","potentialAction":[{"@type":"ReadAction","target":["https:\/\/chemuza.org\/it\/carbonio\/"]}]},{"@type":"BreadcrumbList","@id":"https:\/\/chemuza.org\/it\/carbonio\/#breadcrumb","itemListElement":[{"@type":"ListItem","position":1,"name":"Casa","item":"https:\/\/chemuza.org\/it\/"},{"@type":"ListItem","position":2,"name":"Carbonio"}]},{"@type":"WebSite","@id":"https:\/\/chemuza.org\/it\/#website","url":"https:\/\/chemuza.org\/it\/","name":"Chemuza","description":"La tua porta d&#039;accesso alla scoperta chimica!","publisher":{"@id":"https:\/\/chemuza.org\/it\/#organization"},"potentialAction":[{"@type":"SearchAction","target":{"@type":"EntryPoint","urlTemplate":"https:\/\/chemuza.org\/it\/?s={search_term_string}"},"query-input":"required name=search_term_string"}],"inLanguage":"it-IT"},{"@type":"Organization","@id":"https:\/\/chemuza.org\/it\/#organization","name":"Chemuza","url":"https:\/\/chemuza.org\/it\/","logo":{"@type":"ImageObject","inLanguage":"it-IT","@id":"https:\/\/chemuza.org\/it\/#\/schema\/logo\/image\/","url":"https:\/\/chemuza.org\/it\/wp-content\/uploads\/2023\/10\/chemuza-logo.png","contentUrl":"https:\/\/chemuza.org\/it\/wp-content\/uploads\/2023\/10\/chemuza-logo.png","width":387,"height":70,"caption":"Chemuza"},"image":{"@id":"https:\/\/chemuza.org\/it\/#\/schema\/logo\/image\/"}}]}},"yoast_meta":{"yoast_wpseo_title":"","yoast_wpseo_metadesc":"","yoast_wpseo_canonical":""},"_links":{"self":[{"href":"https:\/\/chemuza.org\/it\/wp-json\/wp\/v2\/pages\/1429"}],"collection":[{"href":"https:\/\/chemuza.org\/it\/wp-json\/wp\/v2\/pages"}],"about":[{"href":"https:\/\/chemuza.org\/it\/wp-json\/wp\/v2\/types\/page"}],"author":[{"embeddable":true,"href":"https:\/\/chemuza.org\/it\/wp-json\/wp\/v2\/users\/1"}],"replies":[{"embeddable":true,"href":"https:\/\/chemuza.org\/it\/wp-json\/wp\/v2\/comments?post=1429"}],"version-history":[{"count":0,"href":"https:\/\/chemuza.org\/it\/wp-json\/wp\/v2\/pages\/1429\/revisions"}],"wp:attachment":[{"href":"https:\/\/chemuza.org\/it\/wp-json\/wp\/v2\/media?parent=1429"}],"curies":[{"name":"wp","href":"https:\/\/api.w.org\/{rel}","templated":true}]}}