{"id":1428,"date":"2023-07-15T18:27:36","date_gmt":"2023-07-15T18:27:36","guid":{"rendered":"https:\/\/chemuza.org\/it\/sodio\/"},"modified":"2023-07-15T18:27:36","modified_gmt":"2023-07-15T18:27:36","slug":"sodio","status":"publish","type":"page","link":"https:\/\/chemuza.org\/it\/sodio\/","title":{"rendered":"Sodio"},"content":{"rendered":"<p>Uno studio dell&#8217;Osservatorio Europeo Australe ha stabilito che una stella \u00e8 in grado di esplodere se la quantit\u00e0 di sodio nel suo nucleo \u00e8 molto bassa. Non sorprende quindi che questo elemento sia considerato il sesto elemento pi\u00f9 abbondante nella massa planetaria. Inoltre, fino all\u201980% \u00e8 presente in forma ionica nell\u2019oceano. Scopri di pi\u00f9 sulle sue caratteristiche, propriet\u00e0 e applicazioni moderne.<\/p>\n<h2> <strong>Cos&#8217;\u00e8 il sodio?<\/strong><\/h2>\n<p> Fondamentalmente, \u00e8 un metallo alcalino morbido, liscio e burroso, di tonalit\u00e0 argentata e abbondante in natura. L&#8217;esempio pi\u00f9 comune di sodio \u00e8 che lo trovi nel sale da cucina di casa tua. Presenta elevata reattivit\u00e0, poich\u00e9 reagisce spontaneamente con una fiamma giallastra in presenza di acqua, ossigeno, cloro, carbonio e azoto.<\/p>\n<h3> <strong>Simbolo del sodio<\/strong><\/h3>\n<p> <span class=\"content-chemical-element\" style=\"float: left;width: 65px;height: 65px;border: 3px solid #666; display:flex;\n    justify-content: center;align-items: center;margin-right: 15px;\"><span style=\"font-size: 38px;\">Na<\/span><\/span> Il simbolo del sodio \u00e8 Na, che deriva dalla parola natron, dal latino <em>natrium<\/em> e <em>nitron<\/em> in greco, nome etimologico dato al carbonato di sodio. Infatti, nell\u2019Europa medievale, un composto chiamato <em>sodanum<\/em> veniva utilizzato come rimedio contro l\u2019emicrania.<\/p>\n<h2> <strong>Caratteristiche del sodio<\/strong><\/h2>\n<p> Commercialmente \u00e8 il metallo alcalino pi\u00f9 importante, anche se non si trova liberamente in natura. Presenta invece un deficit di durezza, poich\u00e9 contiene 1,2 secondo la scala di Mohs. Altre caratteristiche sono:<\/p>\n<ul>\n<li> <strong>Colore<\/strong> : ha un aspetto bianco argenteo lucido che diventa grigiastro quando interagisce con l&#8217;aria.<\/li>\n<li> <strong>Condizione<\/strong> : \u00e8 solido in condizioni naturali.<\/li>\n<li> <strong>Tipo di metallo:<\/strong> paramagnetico.<\/li>\n<li> <strong>Conduttivit\u00e0<\/strong> : eccellente conduttivit\u00e0 termica ed elettrica.<\/li>\n<li> <strong>Allotropico<\/strong> : non ha questa propriet\u00e0.<\/li>\n<li> <strong>Interazione<\/strong> : Forma violente esplosioni con soluzioni acquose come acqua, neve, ghiaccio, tra gli altri.<\/li>\n<li> <strong>Minerali aggiuntivi:<\/strong> sono circondati da uno strato di cloruro, ossido o carbonato.<\/li>\n<li> <strong>Malleabilit\u00e0:<\/strong> buona.<\/li>\n<li> <strong>Volume:<\/strong> il catione Na+ mantiene il volume e l&#8217;osmolarit\u00e0 del fluido extracellulare.<\/li>\n<\/ul>\n<h2> <strong>Propriet\u00e0 chimiche e fisiche del sodio<\/strong><\/h2>\n<ol>\n<li> <strong>Numero atomico<\/strong> : 11<\/li>\n<li> <strong>Gruppo<\/strong> : 1<\/li>\n<li> <strong>Periodo<\/strong> : 3<\/li>\n<li> <strong>Blocco<\/strong> : s<\/li>\n<li> <strong>Peso atomico<\/strong> : 22.98976928(2)<\/li>\n<li> <strong>Densit\u00e0<\/strong> : 968 kg\/m\u00b3<\/li>\n<li> <strong>Condizione<\/strong> : solido<\/li>\n<li> <strong>Ossido<\/strong> : Na2O<\/li>\n<li> <strong>Stati di ossidazione<\/strong> : +1<\/li>\n<li> <strong>Punto di fusione<\/strong> : 98\u00b0C<\/li>\n<li> <strong>Punto di ebollizione<\/strong> : 883\u00b0C<\/li>\n<li> <strong>Calore specifico<\/strong> : 1230 J\/(K-kg)<\/li>\n<li> <strong>Elettronegativit\u00e0<\/strong> : 0,93<\/li>\n<li> <strong>Raggio medio<\/strong> : 180 ore<\/li>\n<li> <strong>Raggio covalente<\/strong> : 154 pm<\/li>\n<li> <strong>Raggio atomico<\/strong> : 190 pm<\/li>\n<li> <strong>Elettroni per strato<\/strong> : 2, 8, 1<\/li>\n<li> <strong>Configurazione elettronica<\/strong> : [Ne]3s1<\/li>\n<\/ol>\n<h2> <strong>Origine del sodio<\/strong><\/h2>\n<p> Se ti stai chiedendo chi scopr\u00ec il sodio, fu il chimico britannico Sir Humphrey Davy nel 1807. Lo scienziato isol\u00f2 alcuni grammi dell&#8217;elemento utilizzando la soda caustica attraverso l&#8217;elettrolisi. Ha cos\u00ec potuto osservare le loro reazioni chimiche. Successivamente, nel 1814, J\u00f6ns Jakob invent\u00f2 o diede forma all&#8217;espressione Na. Infine, la simbologia riferita al <em>sodio<\/em> \u00e8 stata integrata nel sistema di simboli chimici.<\/p>\n<h2> <strong>A cosa serve il sodio?<\/strong><\/h2>\n<p> \u00c8 presente negli alimenti e in altri processi chimici negli organismi. Ad esempio, il cloruro di sodio nutre molti esseri viventi. Nell&#8217;industria invece esistono prodotti che contengono questo elemento per produrre vetro, olio, carta e metalli.<\/p>\n<p> Allo stesso modo, altri usi sono la produzione di prodotti tessili, chimici, per la pulizia e l\u2019igiene, come deodoranti, detergenti, saponi, antisettici, tra gli altri. In misura minore viene utilizzato nelle leghe metalliche, nelle cure mediche e, curiosamente, in alcuni tipi di formaggi.<\/p>\n<h2> <strong>10 composti del sodio e loro usi<\/strong><\/h2>\n<p> Come elemento chimico, \u00e8 costituito da composti aggiuntivi utilizzati sia a livello industriale che domestico. Ciascuno svolge funzioni specifiche:<\/p>\n<ul>\n<li> <strong>Bicarbonato di sodio<\/strong> : \u00e8 molto utilizzato in casa per combattere il bruciore di stomaco o come antigrasso.<\/li>\n<li> <strong>Carbonato di sodio<\/strong> : utilizzato nella produzione di vetro, saponi e coloranti.<\/li>\n<li> <strong>Poliacrilato di sodio<\/strong> : Utilizzato per assorbire i liquidi contenuti nei prodotti per l&#8217;igiene come pannolini per bambini, salviette umidificate, assorbenti o altro.<\/li>\n<li> <strong>Idrossido di sodio<\/strong> : o soda caustica utilizzata nei prodotti per la pulizia, come detergenti per scarichi, sgrassatori per forno e saponi.<\/li>\n<li> <strong>Citrato di sodio<\/strong> : viene utilizzato per regolare l&#8217;acidit\u00e0 dello stomaco, conservare cibi, bevande e come emulsionante dell&#8217;olio.<\/li>\n<li> <strong>Nitrato di sodio<\/strong> : agisce come conservante alimentare, fertilizzante, additivo per cemento e nel trattamento delle acque reflue.<\/li>\n<li> <strong>Ioduro di sodio<\/strong> : \u00e8 usato nel trattamento dell&#8217;asma, della bronchite e della tiroide, come integratore alimentare e in medicina veterinaria.<\/li>\n<li> <strong>Borace<\/strong> : utilizzato negli ammorbidenti, nei detersivi, nei disinfettanti, nei saponi e nei pesticidi, nonch\u00e9 per produrre smalti, melma, vetro e ceramica.<\/li>\n<li> <strong>Eritorbato di sodio<\/strong> : applicato a tutti i tipi di carne e per conservare le bevande analcoliche.<\/li>\n<li> <strong>Trifosfato di sodio<\/strong> : utilizzato per produrre prodotti disinfettanti come detersivo per bucato o sapone e per addolcire l&#8217;acqua dura.<\/li>\n<\/ul>\n<h2> <strong>Prendi del sodio<\/strong><\/h2>\n<p> Il modo pi\u00f9 economico per estrarlo \u00e8 attraverso l&#8217;elettrolisi del cloruro di sodio, noto anche come processo Downs, che viene elettrolizzato allo stato fuso. Un altro processo \u00e8 Castner-Kellner, anche se questo processo industriale \u00e8 pi\u00f9 costoso del precedente.<\/p>\n<p> In sintesi, il sodio \u00e8 un metallo alcalino che ha un aspetto solido, morbido e argenteo. Inoltre, contiene un&#8217;elevata reattivit\u00e0 e si trova in quantit\u00e0 generose negli oceani sotto forma ionica e in altri composti. Oggi pu\u00f2 essere utilizzato per produrre prodotti per la pulizia, l&#8217;igiene, chimici e tessili.<\/p>\n<h2> Maggiori informazioni sul sodio<\/h2>\n","protected":false},"excerpt":{"rendered":"<p>Uno studio dell&#8217;Osservatorio Europeo Australe ha stabilito che una stella \u00e8 in grado di esplodere se la quantit\u00e0 di sodio nel suo nucleo \u00e8 molto bassa. Non sorprende quindi che questo elemento sia considerato il sesto elemento pi\u00f9 abbondante nella massa planetaria. Inoltre, fino all\u201980% \u00e8 presente in forma ionica nell\u2019oceano. Scopri di pi\u00f9 sulle &#8230; <a title=\"Sodio\" class=\"read-more\" href=\"https:\/\/chemuza.org\/it\/sodio\/\" aria-label=\"More on Sodio\">Per saperne di pi\u00f9<\/a><\/p>\n","protected":false},"author":1,"featured_media":0,"parent":0,"menu_order":0,"comment_status":"closed","ping_status":"closed","template":"","meta":{"footnotes":""},"yoast_head":"<!-- This site is optimized with the Yoast SEO plugin v21.4 - https:\/\/yoast.com\/wordpress\/plugins\/seo\/ -->\n<title>Sodio - Chemuza<\/title>\n<meta name=\"robots\" content=\"index, follow, max-snippet:-1, max-image-preview:large, max-video-preview:-1\" \/>\n<link rel=\"canonical\" href=\"https:\/\/chemuza.org\/it\/sodio\/\" \/>\n<meta property=\"og:locale\" content=\"it_IT\" \/>\n<meta property=\"og:type\" content=\"article\" \/>\n<meta property=\"og:title\" content=\"Sodio - Chemuza\" \/>\n<meta property=\"og:description\" content=\"Uno studio dell&#8217;Osservatorio Europeo Australe ha stabilito che una stella \u00e8 in grado di esplodere se la quantit\u00e0 di sodio nel suo nucleo \u00e8 molto bassa. Non sorprende quindi che questo elemento sia considerato il sesto elemento pi\u00f9 abbondante nella massa planetaria. Inoltre, fino all\u201980% \u00e8 presente in forma ionica nell\u2019oceano. Scopri di pi\u00f9 sulle ... Per saperne di pi\u00f9\" \/>\n<meta property=\"og:url\" content=\"https:\/\/chemuza.org\/it\/sodio\/\" \/>\n<meta property=\"og:site_name\" content=\"Chemuza\" \/>\n<meta name=\"twitter:card\" content=\"summary_large_image\" \/>\n<meta name=\"twitter:label1\" content=\"Tempo di lettura stimato\" \/>\n\t<meta name=\"twitter:data1\" content=\"4 minuti\" \/>\n<script type=\"application\/ld+json\" class=\"yoast-schema-graph\">{\"@context\":\"https:\/\/schema.org\",\"@graph\":[{\"@type\":\"WebPage\",\"@id\":\"https:\/\/chemuza.org\/it\/sodio\/\",\"url\":\"https:\/\/chemuza.org\/it\/sodio\/\",\"name\":\"Sodio - Chemuza\",\"isPartOf\":{\"@id\":\"https:\/\/chemuza.org\/it\/#website\"},\"datePublished\":\"2023-07-15T18:27:36+00:00\",\"dateModified\":\"2023-07-15T18:27:36+00:00\",\"breadcrumb\":{\"@id\":\"https:\/\/chemuza.org\/it\/sodio\/#breadcrumb\"},\"inLanguage\":\"it-IT\",\"potentialAction\":[{\"@type\":\"ReadAction\",\"target\":[\"https:\/\/chemuza.org\/it\/sodio\/\"]}]},{\"@type\":\"BreadcrumbList\",\"@id\":\"https:\/\/chemuza.org\/it\/sodio\/#breadcrumb\",\"itemListElement\":[{\"@type\":\"ListItem\",\"position\":1,\"name\":\"Casa\",\"item\":\"https:\/\/chemuza.org\/it\/\"},{\"@type\":\"ListItem\",\"position\":2,\"name\":\"Sodio\"}]},{\"@type\":\"WebSite\",\"@id\":\"https:\/\/chemuza.org\/it\/#website\",\"url\":\"https:\/\/chemuza.org\/it\/\",\"name\":\"Chemuza\",\"description\":\"La tua porta d&#039;accesso alla scoperta chimica!\",\"publisher\":{\"@id\":\"https:\/\/chemuza.org\/it\/#organization\"},\"potentialAction\":[{\"@type\":\"SearchAction\",\"target\":{\"@type\":\"EntryPoint\",\"urlTemplate\":\"https:\/\/chemuza.org\/it\/?s={search_term_string}\"},\"query-input\":\"required name=search_term_string\"}],\"inLanguage\":\"it-IT\"},{\"@type\":\"Organization\",\"@id\":\"https:\/\/chemuza.org\/it\/#organization\",\"name\":\"Chemuza\",\"url\":\"https:\/\/chemuza.org\/it\/\",\"logo\":{\"@type\":\"ImageObject\",\"inLanguage\":\"it-IT\",\"@id\":\"https:\/\/chemuza.org\/it\/#\/schema\/logo\/image\/\",\"url\":\"https:\/\/chemuza.org\/it\/wp-content\/uploads\/2023\/10\/chemuza-logo.png\",\"contentUrl\":\"https:\/\/chemuza.org\/it\/wp-content\/uploads\/2023\/10\/chemuza-logo.png\",\"width\":387,\"height\":70,\"caption\":\"Chemuza\"},\"image\":{\"@id\":\"https:\/\/chemuza.org\/it\/#\/schema\/logo\/image\/\"}}]}<\/script>\n<!-- \/ Yoast SEO plugin. -->","yoast_head_json":{"title":"Sodio - Chemuza","robots":{"index":"index","follow":"follow","max-snippet":"max-snippet:-1","max-image-preview":"max-image-preview:large","max-video-preview":"max-video-preview:-1"},"canonical":"https:\/\/chemuza.org\/it\/sodio\/","og_locale":"it_IT","og_type":"article","og_title":"Sodio - Chemuza","og_description":"Uno studio dell&#8217;Osservatorio Europeo Australe ha stabilito che una stella \u00e8 in grado di esplodere se la quantit\u00e0 di sodio nel suo nucleo \u00e8 molto bassa. Non sorprende quindi che questo elemento sia considerato il sesto elemento pi\u00f9 abbondante nella massa planetaria. Inoltre, fino all\u201980% \u00e8 presente in forma ionica nell\u2019oceano. Scopri di pi\u00f9 sulle ... Per saperne di pi\u00f9","og_url":"https:\/\/chemuza.org\/it\/sodio\/","og_site_name":"Chemuza","twitter_card":"summary_large_image","twitter_misc":{"Tempo di lettura stimato":"4 minuti"},"schema":{"@context":"https:\/\/schema.org","@graph":[{"@type":"WebPage","@id":"https:\/\/chemuza.org\/it\/sodio\/","url":"https:\/\/chemuza.org\/it\/sodio\/","name":"Sodio - Chemuza","isPartOf":{"@id":"https:\/\/chemuza.org\/it\/#website"},"datePublished":"2023-07-15T18:27:36+00:00","dateModified":"2023-07-15T18:27:36+00:00","breadcrumb":{"@id":"https:\/\/chemuza.org\/it\/sodio\/#breadcrumb"},"inLanguage":"it-IT","potentialAction":[{"@type":"ReadAction","target":["https:\/\/chemuza.org\/it\/sodio\/"]}]},{"@type":"BreadcrumbList","@id":"https:\/\/chemuza.org\/it\/sodio\/#breadcrumb","itemListElement":[{"@type":"ListItem","position":1,"name":"Casa","item":"https:\/\/chemuza.org\/it\/"},{"@type":"ListItem","position":2,"name":"Sodio"}]},{"@type":"WebSite","@id":"https:\/\/chemuza.org\/it\/#website","url":"https:\/\/chemuza.org\/it\/","name":"Chemuza","description":"La tua porta d&#039;accesso alla scoperta chimica!","publisher":{"@id":"https:\/\/chemuza.org\/it\/#organization"},"potentialAction":[{"@type":"SearchAction","target":{"@type":"EntryPoint","urlTemplate":"https:\/\/chemuza.org\/it\/?s={search_term_string}"},"query-input":"required name=search_term_string"}],"inLanguage":"it-IT"},{"@type":"Organization","@id":"https:\/\/chemuza.org\/it\/#organization","name":"Chemuza","url":"https:\/\/chemuza.org\/it\/","logo":{"@type":"ImageObject","inLanguage":"it-IT","@id":"https:\/\/chemuza.org\/it\/#\/schema\/logo\/image\/","url":"https:\/\/chemuza.org\/it\/wp-content\/uploads\/2023\/10\/chemuza-logo.png","contentUrl":"https:\/\/chemuza.org\/it\/wp-content\/uploads\/2023\/10\/chemuza-logo.png","width":387,"height":70,"caption":"Chemuza"},"image":{"@id":"https:\/\/chemuza.org\/it\/#\/schema\/logo\/image\/"}}]}},"yoast_meta":{"yoast_wpseo_title":"","yoast_wpseo_metadesc":"","yoast_wpseo_canonical":""},"_links":{"self":[{"href":"https:\/\/chemuza.org\/it\/wp-json\/wp\/v2\/pages\/1428"}],"collection":[{"href":"https:\/\/chemuza.org\/it\/wp-json\/wp\/v2\/pages"}],"about":[{"href":"https:\/\/chemuza.org\/it\/wp-json\/wp\/v2\/types\/page"}],"author":[{"embeddable":true,"href":"https:\/\/chemuza.org\/it\/wp-json\/wp\/v2\/users\/1"}],"replies":[{"embeddable":true,"href":"https:\/\/chemuza.org\/it\/wp-json\/wp\/v2\/comments?post=1428"}],"version-history":[{"count":0,"href":"https:\/\/chemuza.org\/it\/wp-json\/wp\/v2\/pages\/1428\/revisions"}],"wp:attachment":[{"href":"https:\/\/chemuza.org\/it\/wp-json\/wp\/v2\/media?parent=1428"}],"curies":[{"name":"wp","href":"https:\/\/api.w.org\/{rel}","templated":true}]}}