{"id":1427,"date":"2023-07-15T19:28:04","date_gmt":"2023-07-15T19:28:04","guid":{"rendered":"https:\/\/chemuza.org\/it\/silicio\/"},"modified":"2023-07-15T19:28:04","modified_gmt":"2023-07-15T19:28:04","slug":"silicio","status":"publish","type":"page","link":"https:\/\/chemuza.org\/it\/silicio\/","title":{"rendered":"Silicio"},"content":{"rendered":"<p>Sapevi che il silicio, dopo l&#8217;ossigeno, \u00e8 l&#8217;elemento chimico pi\u00f9 abbondante nella crosta terrestre? Tuttavia non \u00e8 presente allo stato puro. Piuttosto, \u00e8 distribuito sotto forma di sabbia, polvere, pianeti e planetoidi, nonch\u00e9 varie strutture o silicati. Guarda la sua origine, chi lo ha scoperto, quali sono le sue caratteristiche e come lo otteniamo.<\/p>\n<h2> <strong>Cos&#8217;\u00e8 il silicio?<\/strong><\/h2>\n<p> \u00c8 un elemento chimico metalloide o semimetallico, situato nel gruppo 14 della tavola periodica. Si presenta in forma cristallizzata ed amorfa, la prima \u00e8 di colore grigiastro mentre la seconda si presenta sotto forma di polvere brunastra. Contiene poca inerzia, il che significa che \u00e8 relativamente inattivo. Inoltre, la maggior parte degli acidi non lo altera. D&#8217;altra parte \u00e8 presente nella struttura degli esseri viventi sotto forma minerale.<\/p>\n<h3> <strong>Simbolo del silicio<\/strong><\/h3>\n<p> <span class=\"content-chemical-element\" style=\"float: left;width: 65px;height: 65px;border: 3px solid #666; display:flex;\n    justify-content: center;align-items: center;margin-right: 15px;\"><span style=\"font-size: 38px;\">Si<\/span><\/span> La simbologia dell&#8217;elemento chimico silicio \u00e8 Si, simbolo che deriva dalla parola silicis o selce in latino. Il termine significa selce, nome dato a strumenti e armi preistorici realizzati con vari composti dell&#8217;elemento.<\/p>\n<h2> <strong>Caratteristiche del silicio<\/strong><\/h2>\n<p> La sua struttura presenta propriet\u00e0 intermedie, cio\u00e8 tra metalli e non metalli. Generalmente i suoi composti sono tetravalenti, anche se esistono casi bivalenti. Il suo comportamento chimico \u00e8 elettropositivo. Scopri altre funzionalit\u00e0:<\/p>\n<ul>\n<li> <strong>Colore<\/strong> : Presenta un colore brillante metallico grigiastro.<\/li>\n<li> <strong>Stato di aggregazione:<\/strong> solido.<\/li>\n<li> <strong>Aspetto:<\/strong> duro, cristallino, fragile e a forma di ottaedri.<\/li>\n<li> <strong>Forma:<\/strong> Ha due forme allotropiche, quella cristallina metallica e quella in polvere.<\/li>\n<li> <strong>Filo conduttivo:<\/strong> \u00e8 un cattivo conduttore di elettricit\u00e0.<\/li>\n<li> <strong>Durezza<\/strong> : Ha una durezza pari a 7 secondo la scala di Mohs.<\/li>\n<li> <strong>Composti<\/strong> : i suoi composti intermetallici sono utilizzati come elementi di lega in vari metalli.<\/li>\n<li> <strong>Malleabilit\u00e0<\/strong> : non \u00e8 un elemento malleabile.<\/li>\n<li> <strong>Solubilit\u00e0<\/strong> : Leggermente solubile.<\/li>\n<li> <strong>Capacit\u00e0 di trasferimento:<\/strong> Oltre il 95% delle lunghezze d&#8217;onda o dei periodi spaziali della radiazione infrarossa.<\/li>\n<\/ul>\n<h2> <strong>Propriet\u00e0 chimiche e fisiche del silicio<\/strong><\/h2>\n<ol>\n<li> Numero atomico: 14<\/li>\n<li> Gruppo: 14<\/li>\n<li> Periodo: 3<\/li>\n<li> Blocco: pag<\/li>\n<li> Peso atomico: 28.085<\/li>\n<li> Densit\u00e0: 2330 kg\/m\u00b3<\/li>\n<li> Stato solido<\/li>\n<li> Ruggine: anfotero<\/li>\n<li> Stati di ossidazione: +4<\/li>\n<li> Punto di fusione (\u00b0C): 1414<\/li>\n<li> Punto di ebollizione (\u00b0C): 3265<\/li>\n<li> Calore specifico: 700 J\/(K-kg)<\/li>\n<li> Elettronegativit\u00e0: 1.9<\/li>\n<li> Media radiofonica: 120h<\/li>\n<li> Raggio covalente: 231 ore<\/li>\n<li> Raggio atomico: 23:00<\/li>\n<li> Elettroni per guscio: 2, 8, 4<\/li>\n<li> Configurazione elettronica: [Ne]3 s2 3p2<\/li>\n<\/ol>\n<h2> <strong>Origine del silicio<\/strong><\/h2>\n<p> Antoine Lavoisier lo identific\u00f2 per la prima volta nel 1787, ma fu lo svedese J\u00f6ns Jacob Berzelius a scoprire il silicio nel 1823, in forma pura e isolata. Questo chimico produsse silicio amorfo dopo aver riscaldato il potassio metallico con tetrafluoruro di silicio. Tuttavia, nel 1811, questo elemento chimico era gi\u00e0 stato scoperto in forma amorfa e impura. Secondo la storia, questo lavoro fu realizzato dai francesi Gay Lussac e Louis Jacques Th\u00e9nard.<\/p>\n<h2> <strong>A cosa serve il silicio?<\/strong><\/h2>\n<p> L&#8217;essere umano utilizza questo elemento chimico in modo costante e abbondante perch\u00e9 \u00e8 utile ed economico. Ad esempio, una delle funzioni del silicio \u00e8 il suo ruolo nella creazione di mattoni, cemento, smalti, ceramica, tra gli altri prodotti da costruzione. Viene utilizzato anche durante la produzione dell&#8217;acciaio e di diversi tipi di vetro.<\/p>\n<p> Altre applicazioni includono la formazione di un tipo di elemento che costituisce celle solari, transistor, raddrizzatori e altri dispositivi utilizzati nella tecnologia spaziale e nell&#8217;industria elettronica, come i chip. Inoltre, i siliconi vengono utilizzati per creare lubrificanti, giocattoli, pellicole impermeabili e impianti di chirurgia estetica.<\/p>\n<h2> <strong>Come si ottiene il silicio?<\/strong><\/h2>\n<p> Pu\u00f2 essere ottenuto per alluminotermia, da ossido di silicio, mentre viene trattato con acido cloridrico. Un altro modo \u00e8 ridurre la silice con carburo di calcio, o carbonio, in un forno elettrico ad arco riempito con elettrodi di carbonio.<\/p>\n<p> Allo stesso modo, utilizziamo la riduzione del tetracloruro di silicio con l&#8217;elemento idrogeno, per ottenerlo in modo puro. Infine, il silicio iperpuro si ottiene attraverso la riduzione termica del triclorosilano, denominata processo Siemens. L&#8217;ultrapurezza \u00e8 ottenuta grazie all&#8217;atmosfera di idrogeno contenuta in enormi camere a vuoto.<\/p>\n<h2> <strong>Silicio e biologia<\/strong><\/h2>\n<p> Sebbene sia facilmente reperibile sotto forma di silicati, minerali composti da silicio e ossigeno, pochi organismi lo utilizzano direttamente. Infatti, i radiolari, le diatomee e le spugne di vetro utilizzano la silice biogenica per la struttura del loro scheletro. Inoltre, alcune piante hanno bisogno di questo elemento per la loro nutrizione e crescita, come il riso.<\/p>\n<h2> <strong>Effetti del silicio sulla salute<\/strong><\/h2>\n<p> Questo elemento pu\u00f2 avere effetti collaterali sui polmoni e sulla respirazione, che possono causare anche la silicosi. Inoltre, provoca irritazione alla pelle e agli occhi, causando lacrimazione, arrossamento, formazione di croste e prurito. Vari studi collegano il cancro ai polmoni, le malattie renali e le infezioni micobatteriche alla costante esposizione al silicio.<\/p>\n<p> In conclusione, questo elemento chimico di tipo metalloide viene utilizzato nella creazione di prodotti da costruzione, ad esempio mattoni, ceramica, smalti, tra gli altri. Inoltre, viene utilizzato nell&#8217;industria elettronica, spaziale e cosmetica, per produrre lubrificanti, lenti a contatto o protesi mammarie.<\/p>\n","protected":false},"excerpt":{"rendered":"<p>Sapevi che il silicio, dopo l&#8217;ossigeno, \u00e8 l&#8217;elemento chimico pi\u00f9 abbondante nella crosta terrestre? Tuttavia non \u00e8 presente allo stato puro. Piuttosto, \u00e8 distribuito sotto forma di sabbia, polvere, pianeti e planetoidi, nonch\u00e9 varie strutture o silicati. Guarda la sua origine, chi lo ha scoperto, quali sono le sue caratteristiche e come lo otteniamo. Cos&#8217;\u00e8 &#8230; <a title=\"Silicio\" class=\"read-more\" href=\"https:\/\/chemuza.org\/it\/silicio\/\" aria-label=\"More on Silicio\">Per saperne di pi\u00f9<\/a><\/p>\n","protected":false},"author":1,"featured_media":0,"parent":0,"menu_order":0,"comment_status":"closed","ping_status":"closed","template":"","meta":{"footnotes":""},"yoast_head":"<!-- This site is optimized with the Yoast SEO plugin v21.4 - https:\/\/yoast.com\/wordpress\/plugins\/seo\/ -->\n<title>Silicio - Chemuza<\/title>\n<meta name=\"robots\" content=\"index, follow, max-snippet:-1, max-image-preview:large, max-video-preview:-1\" \/>\n<link rel=\"canonical\" href=\"https:\/\/chemuza.org\/it\/silicio\/\" \/>\n<meta property=\"og:locale\" content=\"it_IT\" \/>\n<meta property=\"og:type\" content=\"article\" \/>\n<meta property=\"og:title\" content=\"Silicio - Chemuza\" \/>\n<meta property=\"og:description\" content=\"Sapevi che il silicio, dopo l&#8217;ossigeno, \u00e8 l&#8217;elemento chimico pi\u00f9 abbondante nella crosta terrestre? Tuttavia non \u00e8 presente allo stato puro. Piuttosto, \u00e8 distribuito sotto forma di sabbia, polvere, pianeti e planetoidi, nonch\u00e9 varie strutture o silicati. Guarda la sua origine, chi lo ha scoperto, quali sono le sue caratteristiche e come lo otteniamo. Cos&#8217;\u00e8 ... Per saperne di pi\u00f9\" \/>\n<meta property=\"og:url\" content=\"https:\/\/chemuza.org\/it\/silicio\/\" \/>\n<meta property=\"og:site_name\" content=\"Chemuza\" \/>\n<meta name=\"twitter:card\" content=\"summary_large_image\" \/>\n<meta name=\"twitter:label1\" content=\"Tempo di lettura stimato\" \/>\n\t<meta name=\"twitter:data1\" content=\"4 minuti\" \/>\n<script type=\"application\/ld+json\" class=\"yoast-schema-graph\">{\"@context\":\"https:\/\/schema.org\",\"@graph\":[{\"@type\":\"WebPage\",\"@id\":\"https:\/\/chemuza.org\/it\/silicio\/\",\"url\":\"https:\/\/chemuza.org\/it\/silicio\/\",\"name\":\"Silicio - Chemuza\",\"isPartOf\":{\"@id\":\"https:\/\/chemuza.org\/it\/#website\"},\"datePublished\":\"2023-07-15T19:28:04+00:00\",\"dateModified\":\"2023-07-15T19:28:04+00:00\",\"breadcrumb\":{\"@id\":\"https:\/\/chemuza.org\/it\/silicio\/#breadcrumb\"},\"inLanguage\":\"it-IT\",\"potentialAction\":[{\"@type\":\"ReadAction\",\"target\":[\"https:\/\/chemuza.org\/it\/silicio\/\"]}]},{\"@type\":\"BreadcrumbList\",\"@id\":\"https:\/\/chemuza.org\/it\/silicio\/#breadcrumb\",\"itemListElement\":[{\"@type\":\"ListItem\",\"position\":1,\"name\":\"Casa\",\"item\":\"https:\/\/chemuza.org\/it\/\"},{\"@type\":\"ListItem\",\"position\":2,\"name\":\"Silicio\"}]},{\"@type\":\"WebSite\",\"@id\":\"https:\/\/chemuza.org\/it\/#website\",\"url\":\"https:\/\/chemuza.org\/it\/\",\"name\":\"Chemuza\",\"description\":\"La tua porta d&#039;accesso alla scoperta chimica!\",\"publisher\":{\"@id\":\"https:\/\/chemuza.org\/it\/#organization\"},\"potentialAction\":[{\"@type\":\"SearchAction\",\"target\":{\"@type\":\"EntryPoint\",\"urlTemplate\":\"https:\/\/chemuza.org\/it\/?s={search_term_string}\"},\"query-input\":\"required name=search_term_string\"}],\"inLanguage\":\"it-IT\"},{\"@type\":\"Organization\",\"@id\":\"https:\/\/chemuza.org\/it\/#organization\",\"name\":\"Chemuza\",\"url\":\"https:\/\/chemuza.org\/it\/\",\"logo\":{\"@type\":\"ImageObject\",\"inLanguage\":\"it-IT\",\"@id\":\"https:\/\/chemuza.org\/it\/#\/schema\/logo\/image\/\",\"url\":\"https:\/\/chemuza.org\/it\/wp-content\/uploads\/2023\/10\/chemuza-logo.png\",\"contentUrl\":\"https:\/\/chemuza.org\/it\/wp-content\/uploads\/2023\/10\/chemuza-logo.png\",\"width\":387,\"height\":70,\"caption\":\"Chemuza\"},\"image\":{\"@id\":\"https:\/\/chemuza.org\/it\/#\/schema\/logo\/image\/\"}}]}<\/script>\n<!-- \/ Yoast SEO plugin. -->","yoast_head_json":{"title":"Silicio - Chemuza","robots":{"index":"index","follow":"follow","max-snippet":"max-snippet:-1","max-image-preview":"max-image-preview:large","max-video-preview":"max-video-preview:-1"},"canonical":"https:\/\/chemuza.org\/it\/silicio\/","og_locale":"it_IT","og_type":"article","og_title":"Silicio - Chemuza","og_description":"Sapevi che il silicio, dopo l&#8217;ossigeno, \u00e8 l&#8217;elemento chimico pi\u00f9 abbondante nella crosta terrestre? Tuttavia non \u00e8 presente allo stato puro. Piuttosto, \u00e8 distribuito sotto forma di sabbia, polvere, pianeti e planetoidi, nonch\u00e9 varie strutture o silicati. Guarda la sua origine, chi lo ha scoperto, quali sono le sue caratteristiche e come lo otteniamo. Cos&#8217;\u00e8 ... Per saperne di pi\u00f9","og_url":"https:\/\/chemuza.org\/it\/silicio\/","og_site_name":"Chemuza","twitter_card":"summary_large_image","twitter_misc":{"Tempo di lettura stimato":"4 minuti"},"schema":{"@context":"https:\/\/schema.org","@graph":[{"@type":"WebPage","@id":"https:\/\/chemuza.org\/it\/silicio\/","url":"https:\/\/chemuza.org\/it\/silicio\/","name":"Silicio - Chemuza","isPartOf":{"@id":"https:\/\/chemuza.org\/it\/#website"},"datePublished":"2023-07-15T19:28:04+00:00","dateModified":"2023-07-15T19:28:04+00:00","breadcrumb":{"@id":"https:\/\/chemuza.org\/it\/silicio\/#breadcrumb"},"inLanguage":"it-IT","potentialAction":[{"@type":"ReadAction","target":["https:\/\/chemuza.org\/it\/silicio\/"]}]},{"@type":"BreadcrumbList","@id":"https:\/\/chemuza.org\/it\/silicio\/#breadcrumb","itemListElement":[{"@type":"ListItem","position":1,"name":"Casa","item":"https:\/\/chemuza.org\/it\/"},{"@type":"ListItem","position":2,"name":"Silicio"}]},{"@type":"WebSite","@id":"https:\/\/chemuza.org\/it\/#website","url":"https:\/\/chemuza.org\/it\/","name":"Chemuza","description":"La tua porta d&#039;accesso alla scoperta chimica!","publisher":{"@id":"https:\/\/chemuza.org\/it\/#organization"},"potentialAction":[{"@type":"SearchAction","target":{"@type":"EntryPoint","urlTemplate":"https:\/\/chemuza.org\/it\/?s={search_term_string}"},"query-input":"required name=search_term_string"}],"inLanguage":"it-IT"},{"@type":"Organization","@id":"https:\/\/chemuza.org\/it\/#organization","name":"Chemuza","url":"https:\/\/chemuza.org\/it\/","logo":{"@type":"ImageObject","inLanguage":"it-IT","@id":"https:\/\/chemuza.org\/it\/#\/schema\/logo\/image\/","url":"https:\/\/chemuza.org\/it\/wp-content\/uploads\/2023\/10\/chemuza-logo.png","contentUrl":"https:\/\/chemuza.org\/it\/wp-content\/uploads\/2023\/10\/chemuza-logo.png","width":387,"height":70,"caption":"Chemuza"},"image":{"@id":"https:\/\/chemuza.org\/it\/#\/schema\/logo\/image\/"}}]}},"yoast_meta":{"yoast_wpseo_title":"","yoast_wpseo_metadesc":"","yoast_wpseo_canonical":""},"_links":{"self":[{"href":"https:\/\/chemuza.org\/it\/wp-json\/wp\/v2\/pages\/1427"}],"collection":[{"href":"https:\/\/chemuza.org\/it\/wp-json\/wp\/v2\/pages"}],"about":[{"href":"https:\/\/chemuza.org\/it\/wp-json\/wp\/v2\/types\/page"}],"author":[{"embeddable":true,"href":"https:\/\/chemuza.org\/it\/wp-json\/wp\/v2\/users\/1"}],"replies":[{"embeddable":true,"href":"https:\/\/chemuza.org\/it\/wp-json\/wp\/v2\/comments?post=1427"}],"version-history":[{"count":0,"href":"https:\/\/chemuza.org\/it\/wp-json\/wp\/v2\/pages\/1427\/revisions"}],"wp:attachment":[{"href":"https:\/\/chemuza.org\/it\/wp-json\/wp\/v2\/media?parent=1427"}],"curies":[{"name":"wp","href":"https:\/\/api.w.org\/{rel}","templated":true}]}}