{"id":1425,"date":"2023-07-15T23:05:40","date_gmt":"2023-07-15T23:05:40","guid":{"rendered":"https:\/\/chemuza.org\/it\/ferro\/"},"modified":"2023-07-15T23:05:40","modified_gmt":"2023-07-15T23:05:40","slug":"ferro","status":"publish","type":"page","link":"https:\/\/chemuza.org\/it\/ferro\/","title":{"rendered":"Ferro"},"content":{"rendered":"<p>Il ferro \u00e8 il quarto elemento pi\u00f9 abbondante nella crosta terrestre e la sua proporzione \u00e8 del 5%. In effetti, \u00e8 il secondo metallo pi\u00f9 grande con propriet\u00e0 magnetiche, dietro l\u2019alluminio. Lo contengono anche altri minerali, come l\u2019ossido utilizzato nell\u2019industria siderurgica per produrre leghe. Scopri di pi\u00f9 sulle sue caratteristiche e applicazioni nel mondo moderno.<\/p>\n<h2> <strong>Cos&#8217;\u00e8 il ferro?<\/strong><\/h2>\n<p> \u00c8 un elemento chimico appartenente ai metalli di transizione della tavola periodica. Il ferro \u00e8 un metallo lucido, duttile, tenero, malleabile, ossidabile, magnetico, bianco o grigio-argento. \u00c8 atomicamente firmato con il numero 26 e una massa atomica di 55,84.<\/p>\n<h3> <strong>simbolo del ferro<\/strong><\/h3>\n<p> <span class=\"content-chemical-element\" style=\"float: left;width: 65px;height: 65px;border: 3px solid #666; display:flex;\n    justify-content: center;align-items: center;margin-right: 15px;\"><span style=\"font-size: 38px;\">Fe<\/span><\/span> Il simbolo per identificare il ferro \u00e8 \u201cFe\u201d. Deriva dal nome latino Ferrum, il cui significato in spagnolo \u00e8 metallo. Riceve questo nome per il suo aspetto metallico e resistente, che consente la creazione di diversi oggetti, come armi, strutture e strumenti di lavoro.<\/p>\n<h2> <strong>Caratteristiche del ferro<\/strong><\/h2>\n<p> Appartiene al gruppo 8 e al periodo 4. \u00c8 un elemento pesante che pu\u00f2 fondersi esotermicamente e ha un nucleo solido di circa 30 neutroni, indicando la sua alta energia. Ulteriori informazioni sulle sue caratteristiche sono:<\/p>\n<ul>\n<li> <strong>Allotropico<\/strong> : \u00e8 in grado di modificare la sua composizione molecolare in funzione della temperatura.<\/li>\n<li> <strong>Malleabile:<\/strong> Pu\u00f2 deformarsi senza rompersi, perfetto per produrre lamiere sottili ideali per l&#8217;industria.<\/li>\n<li> <strong>Magnetico:<\/strong> Il suo alto grado di magnetismo non \u00e8 eguagliato da nessun altro materiale e si distingue per la sua attrazione e repulsione con altri elementi.<\/li>\n<li> <strong>Durezza:<\/strong> \u00c8 molto resistente al contatto con altri elementi.<\/li>\n<li> <strong>Colore:<\/strong> Grigio argento lucido.<\/li>\n<li> <strong>Stato:<\/strong> Nella sua forma naturale \u00e8 solido o ferromagnetico.<\/li>\n<li> <strong>Sapore e odore:<\/strong> \u00e8 inodore e ha un sapore metallico.<\/li>\n<li> <strong>Solubilit\u00e0:<\/strong> Non solubile.<\/li>\n<\/ul>\n<h2> <strong>Propriet\u00e0 chimiche e fisiche del ferro<\/strong><\/h2>\n<ol>\n<li> <strong>Numero atomico<\/strong> : 26<\/li>\n<li> <strong>Peso atomico:<\/strong> 55.845 (2)<\/li>\n<li> <strong>Stati di ossidazione:<\/strong> 2, 3<\/li>\n<li> <strong>Elettronegativit\u00e0:<\/strong> 1,83<\/li>\n<li> <strong>Gruppo:<\/strong> 8<\/li>\n<li> <strong>Densit\u00e0:<\/strong> 7,87<\/li>\n<li> <strong>Punto di fusione:<\/strong> 1535 <strong>&nbsp;<\/strong><\/li>\n<li> <strong>Raggio medio:<\/strong> 140 ore<\/li>\n<li> <strong>Periodo:<\/strong> 4.8<\/li>\n<li> <strong>Condizione:<\/strong> solido <strong>&nbsp;<\/strong><\/li>\n<li> <strong>Punto di ebollizione (\u00b0C):<\/strong> 2750<\/li>\n<li> <strong>Raggio covalente:<\/strong> 126 pm<\/li>\n<li> <strong>Blocco:<\/strong> D<\/li>\n<li> <strong>Ossido:<\/strong> anfotero<\/li>\n<li> <strong>Calore specifico:<\/strong> 440 J\/(K-kg)<\/li>\n<li> <strong>Raggio atomico:<\/strong> 156<\/li>\n<li> <strong>Elettroni per guscio:<\/strong> 2,8, 14,2<\/li>\n<li> <strong>Configurazione elettronica:<\/strong> [Ar]3d64s2<\/li>\n<\/ol>\n<h2> <strong>origine del ferro<\/strong><\/h2>\n<p> L&#8217;elemento risale al 5000 a.C., in particolare nelle culture egiziana e sumera. Veniva utilizzato per scopi cerimoniali, ma nel X secolo divenne una materia prima per realizzare oggetti come le spade, grazie alla sua durezza. Quest&#8217;epoca era conosciuta come l&#8217;et\u00e0 del ferro, per le sue applicazioni al lavoro agricolo esteso e allo sviluppo strutturale.<\/p>\n<h2> <strong>A cosa serve il ferro?<\/strong><\/h2>\n<p> Questo metallo \u00e8 abbondante in natura allo stato solido e ha diversi usi e applicazioni nella fabbricazione di strutture, strumenti e oggetti. Inoltre, ha propriet\u00e0 medicinali utilizzate dagli esseri umani per trattare condizioni comuni, come l\u2019anemia.<\/p>\n<p> Questo elemento chimico utilizzato commercialmente viene utilizzato nella formazione di leghe di ferro battuto e acciaio, ottenute combinandosi con il carbonio. Grazie a ci\u00f2 vengono realizzati prodotti contenenti ferro, come lamiere zincate, elettromagneti, oggetti in acciaio, navi, automobili e strutture edili.<\/p>\n<p> Inoltre, poich\u00e9 si trova nel corpo umano insieme all\u2019emoglobina, viene utilizzato in medicina per facilitare il trasporto dell\u2019ossigeno nel sangue. Altre applicazioni di questo elemento sono: la preparazione di inchiostri, vernici e prodotti disinfettanti da loro derivati, come il solfato ferroso.<\/p>\n<h2> <strong>Come otteniamo il ferro<\/strong> ?<\/h2>\n<p> Si trova in natura allo stato solido e fa parte di altri minerali, come ossidi, magnetite, ematite e limonite. Di seguito \u00e8 riportato il processo di produzione del ferro:<\/p>\n<h3> <strong>Triturazione<\/strong><\/h3>\n<p> Consiste nella riduzione dei minerali dell&#8217;elemento, che viene effettuata a secco con macchine rotanti dette macine. Successivamente subisce un processo di macinazione ad umido, al fine di ottenere particelle minime.<\/p>\n<h3> <strong>Classificazione<\/strong><\/h3>\n<p> Non \u00e8 altro che la separazione del prodotto, ottenuta mediante frantumazione e macinazione in pezzature uguali. Una parte viene divisa da un setaccio, che li classifica in base alla loro dimensione, per poi distinguere le particelle fini mentre passano attraverso una rete.<\/p>\n<h3> <strong>Concentrazione<\/strong><\/h3>\n<p> \u00c8 un processo in cui il ferro viene separato dagli altri componenti. Questo avviene mediante flottazione in acqua, che lascia le impurit\u00e0 sul fondo del contenitore. Un altro metodo \u00e8 la separazione magnetica, che separa i rifiuti applicando un campo di forza.<\/p>\n<h3> <strong>granulazione<\/strong><\/h3>\n<p> Si tratta di una tecnica che agglomera l&#8217;intero elemento gi\u00e0 frantumato con acqua per trasformarlo in particelle rotonde, prive di impurit\u00e0. Infine, passano attraverso un processo di cottura in forno finch\u00e9 non si induriscono.<\/p>\n<p> In breve, il ferro \u00e8 un elemento chimico grigio o bianco, lucido, tenero, ossidabile e malleabile che appartiene ai metalli di transizione della tavola periodica. \u00c8 allo stato solido ed \u00e8 applicabile nel campo della medicina, dell&#8217;edilizia e dell&#8217;uso commerciale.<\/p>\n","protected":false},"excerpt":{"rendered":"<p>Il ferro \u00e8 il quarto elemento pi\u00f9 abbondante nella crosta terrestre e la sua proporzione \u00e8 del 5%. In effetti, \u00e8 il secondo metallo pi\u00f9 grande con propriet\u00e0 magnetiche, dietro l\u2019alluminio. Lo contengono anche altri minerali, come l\u2019ossido utilizzato nell\u2019industria siderurgica per produrre leghe. Scopri di pi\u00f9 sulle sue caratteristiche e applicazioni nel mondo moderno. &#8230; <a title=\"Ferro\" class=\"read-more\" href=\"https:\/\/chemuza.org\/it\/ferro\/\" aria-label=\"More on Ferro\">Per saperne di pi\u00f9<\/a><\/p>\n","protected":false},"author":1,"featured_media":0,"parent":0,"menu_order":0,"comment_status":"closed","ping_status":"closed","template":"","meta":{"footnotes":""},"yoast_head":"<!-- This site is optimized with the Yoast SEO plugin v21.4 - https:\/\/yoast.com\/wordpress\/plugins\/seo\/ -->\n<title>Ferro - Chemuza<\/title>\n<meta name=\"robots\" content=\"index, follow, max-snippet:-1, max-image-preview:large, max-video-preview:-1\" \/>\n<link rel=\"canonical\" href=\"https:\/\/chemuza.org\/it\/ferro\/\" \/>\n<meta property=\"og:locale\" content=\"it_IT\" \/>\n<meta property=\"og:type\" content=\"article\" \/>\n<meta property=\"og:title\" content=\"Ferro - Chemuza\" \/>\n<meta property=\"og:description\" content=\"Il ferro \u00e8 il quarto elemento pi\u00f9 abbondante nella crosta terrestre e la sua proporzione \u00e8 del 5%. In effetti, \u00e8 il secondo metallo pi\u00f9 grande con propriet\u00e0 magnetiche, dietro l\u2019alluminio. Lo contengono anche altri minerali, come l\u2019ossido utilizzato nell\u2019industria siderurgica per produrre leghe. Scopri di pi\u00f9 sulle sue caratteristiche e applicazioni nel mondo moderno. ... Per saperne di pi\u00f9\" \/>\n<meta property=\"og:url\" content=\"https:\/\/chemuza.org\/it\/ferro\/\" \/>\n<meta property=\"og:site_name\" content=\"Chemuza\" \/>\n<meta name=\"twitter:card\" content=\"summary_large_image\" \/>\n<meta name=\"twitter:label1\" content=\"Tempo di lettura stimato\" \/>\n\t<meta name=\"twitter:data1\" content=\"4 minuti\" \/>\n<script type=\"application\/ld+json\" class=\"yoast-schema-graph\">{\"@context\":\"https:\/\/schema.org\",\"@graph\":[{\"@type\":\"WebPage\",\"@id\":\"https:\/\/chemuza.org\/it\/ferro\/\",\"url\":\"https:\/\/chemuza.org\/it\/ferro\/\",\"name\":\"Ferro - Chemuza\",\"isPartOf\":{\"@id\":\"https:\/\/chemuza.org\/it\/#website\"},\"datePublished\":\"2023-07-15T23:05:40+00:00\",\"dateModified\":\"2023-07-15T23:05:40+00:00\",\"breadcrumb\":{\"@id\":\"https:\/\/chemuza.org\/it\/ferro\/#breadcrumb\"},\"inLanguage\":\"it-IT\",\"potentialAction\":[{\"@type\":\"ReadAction\",\"target\":[\"https:\/\/chemuza.org\/it\/ferro\/\"]}]},{\"@type\":\"BreadcrumbList\",\"@id\":\"https:\/\/chemuza.org\/it\/ferro\/#breadcrumb\",\"itemListElement\":[{\"@type\":\"ListItem\",\"position\":1,\"name\":\"Casa\",\"item\":\"https:\/\/chemuza.org\/it\/\"},{\"@type\":\"ListItem\",\"position\":2,\"name\":\"Ferro\"}]},{\"@type\":\"WebSite\",\"@id\":\"https:\/\/chemuza.org\/it\/#website\",\"url\":\"https:\/\/chemuza.org\/it\/\",\"name\":\"Chemuza\",\"description\":\"La tua porta d&#039;accesso alla scoperta chimica!\",\"publisher\":{\"@id\":\"https:\/\/chemuza.org\/it\/#organization\"},\"potentialAction\":[{\"@type\":\"SearchAction\",\"target\":{\"@type\":\"EntryPoint\",\"urlTemplate\":\"https:\/\/chemuza.org\/it\/?s={search_term_string}\"},\"query-input\":\"required name=search_term_string\"}],\"inLanguage\":\"it-IT\"},{\"@type\":\"Organization\",\"@id\":\"https:\/\/chemuza.org\/it\/#organization\",\"name\":\"Chemuza\",\"url\":\"https:\/\/chemuza.org\/it\/\",\"logo\":{\"@type\":\"ImageObject\",\"inLanguage\":\"it-IT\",\"@id\":\"https:\/\/chemuza.org\/it\/#\/schema\/logo\/image\/\",\"url\":\"https:\/\/chemuza.org\/it\/wp-content\/uploads\/2023\/10\/chemuza-logo.png\",\"contentUrl\":\"https:\/\/chemuza.org\/it\/wp-content\/uploads\/2023\/10\/chemuza-logo.png\",\"width\":387,\"height\":70,\"caption\":\"Chemuza\"},\"image\":{\"@id\":\"https:\/\/chemuza.org\/it\/#\/schema\/logo\/image\/\"}}]}<\/script>\n<!-- \/ Yoast SEO plugin. -->","yoast_head_json":{"title":"Ferro - Chemuza","robots":{"index":"index","follow":"follow","max-snippet":"max-snippet:-1","max-image-preview":"max-image-preview:large","max-video-preview":"max-video-preview:-1"},"canonical":"https:\/\/chemuza.org\/it\/ferro\/","og_locale":"it_IT","og_type":"article","og_title":"Ferro - Chemuza","og_description":"Il ferro \u00e8 il quarto elemento pi\u00f9 abbondante nella crosta terrestre e la sua proporzione \u00e8 del 5%. In effetti, \u00e8 il secondo metallo pi\u00f9 grande con propriet\u00e0 magnetiche, dietro l\u2019alluminio. Lo contengono anche altri minerali, come l\u2019ossido utilizzato nell\u2019industria siderurgica per produrre leghe. Scopri di pi\u00f9 sulle sue caratteristiche e applicazioni nel mondo moderno. ... Per saperne di pi\u00f9","og_url":"https:\/\/chemuza.org\/it\/ferro\/","og_site_name":"Chemuza","twitter_card":"summary_large_image","twitter_misc":{"Tempo di lettura stimato":"4 minuti"},"schema":{"@context":"https:\/\/schema.org","@graph":[{"@type":"WebPage","@id":"https:\/\/chemuza.org\/it\/ferro\/","url":"https:\/\/chemuza.org\/it\/ferro\/","name":"Ferro - Chemuza","isPartOf":{"@id":"https:\/\/chemuza.org\/it\/#website"},"datePublished":"2023-07-15T23:05:40+00:00","dateModified":"2023-07-15T23:05:40+00:00","breadcrumb":{"@id":"https:\/\/chemuza.org\/it\/ferro\/#breadcrumb"},"inLanguage":"it-IT","potentialAction":[{"@type":"ReadAction","target":["https:\/\/chemuza.org\/it\/ferro\/"]}]},{"@type":"BreadcrumbList","@id":"https:\/\/chemuza.org\/it\/ferro\/#breadcrumb","itemListElement":[{"@type":"ListItem","position":1,"name":"Casa","item":"https:\/\/chemuza.org\/it\/"},{"@type":"ListItem","position":2,"name":"Ferro"}]},{"@type":"WebSite","@id":"https:\/\/chemuza.org\/it\/#website","url":"https:\/\/chemuza.org\/it\/","name":"Chemuza","description":"La tua porta d&#039;accesso alla scoperta chimica!","publisher":{"@id":"https:\/\/chemuza.org\/it\/#organization"},"potentialAction":[{"@type":"SearchAction","target":{"@type":"EntryPoint","urlTemplate":"https:\/\/chemuza.org\/it\/?s={search_term_string}"},"query-input":"required name=search_term_string"}],"inLanguage":"it-IT"},{"@type":"Organization","@id":"https:\/\/chemuza.org\/it\/#organization","name":"Chemuza","url":"https:\/\/chemuza.org\/it\/","logo":{"@type":"ImageObject","inLanguage":"it-IT","@id":"https:\/\/chemuza.org\/it\/#\/schema\/logo\/image\/","url":"https:\/\/chemuza.org\/it\/wp-content\/uploads\/2023\/10\/chemuza-logo.png","contentUrl":"https:\/\/chemuza.org\/it\/wp-content\/uploads\/2023\/10\/chemuza-logo.png","width":387,"height":70,"caption":"Chemuza"},"image":{"@id":"https:\/\/chemuza.org\/it\/#\/schema\/logo\/image\/"}}]}},"yoast_meta":{"yoast_wpseo_title":"","yoast_wpseo_metadesc":"","yoast_wpseo_canonical":""},"_links":{"self":[{"href":"https:\/\/chemuza.org\/it\/wp-json\/wp\/v2\/pages\/1425"}],"collection":[{"href":"https:\/\/chemuza.org\/it\/wp-json\/wp\/v2\/pages"}],"about":[{"href":"https:\/\/chemuza.org\/it\/wp-json\/wp\/v2\/types\/page"}],"author":[{"embeddable":true,"href":"https:\/\/chemuza.org\/it\/wp-json\/wp\/v2\/users\/1"}],"replies":[{"embeddable":true,"href":"https:\/\/chemuza.org\/it\/wp-json\/wp\/v2\/comments?post=1425"}],"version-history":[{"count":0,"href":"https:\/\/chemuza.org\/it\/wp-json\/wp\/v2\/pages\/1425\/revisions"}],"wp:attachment":[{"href":"https:\/\/chemuza.org\/it\/wp-json\/wp\/v2\/media?parent=1425"}],"curies":[{"name":"wp","href":"https:\/\/api.w.org\/{rel}","templated":true}]}}