{"id":1423,"date":"2023-09-02T04:43:49","date_gmt":"2023-09-02T04:43:49","guid":{"rendered":"https:\/\/chemuza.org\/it\/avviso-legale\/"},"modified":"2023-10-27T16:01:57","modified_gmt":"2023-10-27T16:01:57","slug":"avviso-legale","status":"publish","type":"page","link":"https:\/\/chemuza.org\/it\/avviso-legale\/","title":{"rendered":"Avviso legale"},"content":{"rendered":"<p>Questo sito \u00e8 un servizio di comunicazione online pubblicato da appassionati e non \u00e8 legato ad alcuna azienda o societ\u00e0.<\/p>\n<p>L&#8217;obiettivo di chemuza.org \u00e8 fornire contenuti arricchenti attraverso articoli scritti, infografiche accattivanti, video accattivanti e quiz interattivi, che consentano ai lettori di scoprire le meraviglie di questa disciplina scientifica.<\/p>\n<h2>politica sulla riservatezza<\/h2>\n<p>Su chemuza.org, la privacy dei nostri visitatori \u00e8 estremamente importante per noi. Questo documento di politica sulla privacy descrive i tipi di informazioni personali ricevute e raccolte dal dominio e il loro utilizzo.<br \/>\nRaccolta di dati<\/p>\n<h3>1. Commenti<\/h3>\n<p>Le informazioni che raccogliamo dipendono da come l&#8217;utente commenta sul sito, ma generalmente includono l&#8217;indirizzo IP, lo user agent, il referrer e l&#8217;URL del sito del commentatore (oltre ad altre informazioni fornite direttamente dal commentatore come nome, nome utente, indirizzo email ). e il commento stesso).<\/p>\n<h3>2. Modulo di contatto<\/h3>\n<p>Se ci contatti, utilizzeremo il tuo nome e indirizzo email per rispondere alla tua richiesta e non condivideremo queste informazioni con terze parti.<\/p>\n<h3>3. Cookie e web beacon<\/h3>\n<p>Il sito utilizza i cookie per memorizzare informazioni sulle preferenze dei visitatori, registrare informazioni specifiche dell&#8217;utente su quali pagine accedono o visitano, personalizzare il contenuto della pagina Web in base al tipo di browser del visitatore o altre informazioni che il visitatore invia al suo browser.<\/p>\n<p>I cookie ci consentono di personalizzare contenuti ed annunci, fornire funzionalit\u00e0 dei social media e analizzare il nostro traffico. Condividiamo inoltre informazioni sul tuo utilizzo del nostro sito con i nostri social media, partner pubblicitari e di analisi, che potrebbero combinarle con altre informazioni che hai fornito loro o che hanno raccolto dal tuo utilizzo dei loro servizi.<\/p>\n<h3>4. Analisi<\/h3>\n<p>Questo sito web utilizza Google Analytics, un servizio di analisi web fornito da Google Inc. Utilizza &#8220;cookie&#8221;, file di testo memorizzati sul tuo computer che consentono un&#8217;analisi del tuo utilizzo del sito web. Le informazioni generate dal cookie sull&#8217;utilizzo di questo sito web vengono normalmente trasmesse e archiviate su un server di Google negli Stati Uniti.<\/p>\n<p>Tuttavia, se su questo sito \u00e8 attivata l&#8217;anonimizzazione dell&#8217;IP, il vostro indirizzo IP verr\u00e0 preventivamente troncato da Google in qualsiasi Stato aderente all&#8217;accordo sullo Spazio Economico Europeo.<\/p>\n<p>Potete impedire la memorizzazione dei cookie configurando a tale scopo il software del vostro browser. Tieni presente, tuttavia, che in questo caso potresti non essere in grado di utilizzare completamente tutte le funzioni di questo sito web.<\/p>\n<h2>Utilizzo dei dati<\/h2>\n<p>Il sito utilizza i dati raccolti per vari scopi:<\/p>\n<ul>\n<li>Fornitura e mantenimento del servizio<\/li>\n<li>Per informarti delle modifiche al nostro servizio<\/li>\n<li>Per consentirti di partecipare alle funzionalit\u00e0 interattive del nostro Servizio quando scegli di farlo<\/li>\n<li>Fornire assistenza e supporto ai clienti<\/li>\n<li>Fornire analisi o informazioni utili per migliorare il servizio<\/li>\n<li>Monitorare l&#8217;utilizzo del servizio<\/li>\n<li>Rilevare, prevenire e risolvere problemi tecnici<\/li>\n<\/ul>\n<h3>Trasferimento dati<\/h3>\n<p>Le tue informazioni, inclusi i tuoi dati personali, potrebbero essere trasferite e conservate su computer situati al di fuori del tuo stato, provincia, paese o altra giurisdizione governativa dove le leggi sulla protezione dei dati potrebbero differire da quelle della tua giurisdizione.<\/p>\n<p>Il tuo consenso alla presente Informativa sulla privacy seguito dall&#8217;invio di tali informazioni rappresenta il tuo consenso a questo trasferimento.<\/p>\n<h3>La sicurezza dei dati<\/h3>\n<p>La sicurezza delle tue informazioni \u00e8 importante per noi, ma ricorda che nessun metodo di trasmissione su Internet, o metodo di archiviazione elettronica, \u00e8 sicuro al 100%. Sebbene ci sforziamo di utilizzare mezzi commercialmente accettabili per proteggere le tue informazioni personali, non possiamo garantirne l&#8217;assoluta sicurezza.<\/p>\n<h2>Contatta l&#8217;editore<\/h2>\n<p>Se desideri contattare l&#8217;editore per qualsiasi tipo di commento o richiesta, puoi inviare le tue domande qui: <a href=\"https:\/\/chemuza.org\/it\/contatto\/\">Contatta l&#8217;editore<\/a><\/p>\n","protected":false},"excerpt":{"rendered":"<p>Questo sito \u00e8 un servizio di comunicazione online pubblicato da appassionati e non \u00e8 legato ad alcuna azienda o societ\u00e0. L&#8217;obiettivo di chemuza.org \u00e8 fornire contenuti arricchenti attraverso articoli scritti, infografiche accattivanti, video accattivanti e quiz interattivi, che consentano ai lettori di scoprire le meraviglie di questa disciplina scientifica. politica sulla riservatezza Su chemuza.org, la &#8230; <a title=\"Avviso legale\" class=\"read-more\" href=\"https:\/\/chemuza.org\/it\/avviso-legale\/\" aria-label=\"More on Avviso legale\">Per saperne di pi\u00f9<\/a><\/p>\n","protected":false},"author":1,"featured_media":0,"parent":0,"menu_order":0,"comment_status":"closed","ping_status":"closed","template":"","meta":{"footnotes":""},"yoast_head":"<!-- This site is optimized with the Yoast SEO plugin v21.4 - https:\/\/yoast.com\/wordpress\/plugins\/seo\/ -->\n<title>Note legali - Chemuza<\/title>\n<meta name=\"description\" content=\"L&#039;obiettivo di chemuza.org \u00e8 offrire contenuti arricchenti attraverso articoli scritti, infografiche coinvolgenti, video\" \/>\n<meta name=\"robots\" content=\"noindex, nofollow\" \/>\n<meta property=\"og:locale\" content=\"it_IT\" \/>\n<meta property=\"og:type\" content=\"article\" \/>\n<meta property=\"og:title\" content=\"Note legali - Chemuza\" \/>\n<meta property=\"og:description\" content=\"L&#039;obiettivo di chemuza.org \u00e8 offrire contenuti arricchenti attraverso articoli scritti, infografiche coinvolgenti, video\" \/>\n<meta property=\"og:url\" content=\"https:\/\/chemuza.org\/it\/avviso-legale\/\" \/>\n<meta property=\"og:site_name\" content=\"Chemuza\" \/>\n<meta property=\"article:modified_time\" content=\"2023-10-27T16:01:57+00:00\" \/>\n<meta name=\"twitter:card\" content=\"summary_large_image\" \/>\n<meta name=\"twitter:label1\" content=\"Tempo di lettura stimato\" \/>\n\t<meta name=\"twitter:data1\" content=\"3 minuti\" \/>\n<script type=\"application\/ld+json\" class=\"yoast-schema-graph\">{\"@context\":\"https:\/\/schema.org\",\"@graph\":[{\"@type\":\"WebPage\",\"@id\":\"https:\/\/chemuza.org\/it\/avviso-legale\/\",\"url\":\"https:\/\/chemuza.org\/it\/avviso-legale\/\",\"name\":\"Note legali - Chemuza\",\"isPartOf\":{\"@id\":\"https:\/\/chemuza.org\/it\/#website\"},\"datePublished\":\"2023-09-02T04:43:49+00:00\",\"dateModified\":\"2023-10-27T16:01:57+00:00\",\"description\":\"L'obiettivo di chemuza.org \u00e8 offrire contenuti arricchenti attraverso articoli scritti, infografiche coinvolgenti, video\",\"breadcrumb\":{\"@id\":\"https:\/\/chemuza.org\/it\/avviso-legale\/#breadcrumb\"},\"inLanguage\":\"it-IT\",\"potentialAction\":[{\"@type\":\"ReadAction\",\"target\":[\"https:\/\/chemuza.org\/it\/avviso-legale\/\"]}]},{\"@type\":\"BreadcrumbList\",\"@id\":\"https:\/\/chemuza.org\/it\/avviso-legale\/#breadcrumb\",\"itemListElement\":[{\"@type\":\"ListItem\",\"position\":1,\"name\":\"Casa\",\"item\":\"https:\/\/chemuza.org\/it\/\"},{\"@type\":\"ListItem\",\"position\":2,\"name\":\"Avviso legale\"}]},{\"@type\":\"WebSite\",\"@id\":\"https:\/\/chemuza.org\/it\/#website\",\"url\":\"https:\/\/chemuza.org\/it\/\",\"name\":\"Chemuza\",\"description\":\"La tua porta d&#039;accesso alla scoperta chimica!\",\"publisher\":{\"@id\":\"https:\/\/chemuza.org\/it\/#organization\"},\"potentialAction\":[{\"@type\":\"SearchAction\",\"target\":{\"@type\":\"EntryPoint\",\"urlTemplate\":\"https:\/\/chemuza.org\/it\/?s={search_term_string}\"},\"query-input\":\"required name=search_term_string\"}],\"inLanguage\":\"it-IT\"},{\"@type\":\"Organization\",\"@id\":\"https:\/\/chemuza.org\/it\/#organization\",\"name\":\"Chemuza\",\"url\":\"https:\/\/chemuza.org\/it\/\",\"logo\":{\"@type\":\"ImageObject\",\"inLanguage\":\"it-IT\",\"@id\":\"https:\/\/chemuza.org\/it\/#\/schema\/logo\/image\/\",\"url\":\"https:\/\/chemuza.org\/it\/wp-content\/uploads\/2023\/10\/chemuza-logo.png\",\"contentUrl\":\"https:\/\/chemuza.org\/it\/wp-content\/uploads\/2023\/10\/chemuza-logo.png\",\"width\":387,\"height\":70,\"caption\":\"Chemuza\"},\"image\":{\"@id\":\"https:\/\/chemuza.org\/it\/#\/schema\/logo\/image\/\"}}]}<\/script>\n<!-- \/ Yoast SEO plugin. -->","yoast_head_json":{"title":"Note legali - Chemuza","description":"L'obiettivo di chemuza.org \u00e8 offrire contenuti arricchenti attraverso articoli scritti, infografiche coinvolgenti, video","robots":{"index":"noindex","follow":"nofollow"},"og_locale":"it_IT","og_type":"article","og_title":"Note legali - Chemuza","og_description":"L'obiettivo di chemuza.org \u00e8 offrire contenuti arricchenti attraverso articoli scritti, infografiche coinvolgenti, video","og_url":"https:\/\/chemuza.org\/it\/avviso-legale\/","og_site_name":"Chemuza","article_modified_time":"2023-10-27T16:01:57+00:00","twitter_card":"summary_large_image","twitter_misc":{"Tempo di lettura stimato":"3 minuti"},"schema":{"@context":"https:\/\/schema.org","@graph":[{"@type":"WebPage","@id":"https:\/\/chemuza.org\/it\/avviso-legale\/","url":"https:\/\/chemuza.org\/it\/avviso-legale\/","name":"Note legali - Chemuza","isPartOf":{"@id":"https:\/\/chemuza.org\/it\/#website"},"datePublished":"2023-09-02T04:43:49+00:00","dateModified":"2023-10-27T16:01:57+00:00","description":"L'obiettivo di chemuza.org \u00e8 offrire contenuti arricchenti attraverso articoli scritti, infografiche coinvolgenti, video","breadcrumb":{"@id":"https:\/\/chemuza.org\/it\/avviso-legale\/#breadcrumb"},"inLanguage":"it-IT","potentialAction":[{"@type":"ReadAction","target":["https:\/\/chemuza.org\/it\/avviso-legale\/"]}]},{"@type":"BreadcrumbList","@id":"https:\/\/chemuza.org\/it\/avviso-legale\/#breadcrumb","itemListElement":[{"@type":"ListItem","position":1,"name":"Casa","item":"https:\/\/chemuza.org\/it\/"},{"@type":"ListItem","position":2,"name":"Avviso legale"}]},{"@type":"WebSite","@id":"https:\/\/chemuza.org\/it\/#website","url":"https:\/\/chemuza.org\/it\/","name":"Chemuza","description":"La tua porta d&#039;accesso alla scoperta chimica!","publisher":{"@id":"https:\/\/chemuza.org\/it\/#organization"},"potentialAction":[{"@type":"SearchAction","target":{"@type":"EntryPoint","urlTemplate":"https:\/\/chemuza.org\/it\/?s={search_term_string}"},"query-input":"required name=search_term_string"}],"inLanguage":"it-IT"},{"@type":"Organization","@id":"https:\/\/chemuza.org\/it\/#organization","name":"Chemuza","url":"https:\/\/chemuza.org\/it\/","logo":{"@type":"ImageObject","inLanguage":"it-IT","@id":"https:\/\/chemuza.org\/it\/#\/schema\/logo\/image\/","url":"https:\/\/chemuza.org\/it\/wp-content\/uploads\/2023\/10\/chemuza-logo.png","contentUrl":"https:\/\/chemuza.org\/it\/wp-content\/uploads\/2023\/10\/chemuza-logo.png","width":387,"height":70,"caption":"Chemuza"},"image":{"@id":"https:\/\/chemuza.org\/it\/#\/schema\/logo\/image\/"}}]}},"yoast_meta":{"yoast_wpseo_title":"","yoast_wpseo_metadesc":"","yoast_wpseo_canonical":""},"_links":{"self":[{"href":"https:\/\/chemuza.org\/it\/wp-json\/wp\/v2\/pages\/1423"}],"collection":[{"href":"https:\/\/chemuza.org\/it\/wp-json\/wp\/v2\/pages"}],"about":[{"href":"https:\/\/chemuza.org\/it\/wp-json\/wp\/v2\/types\/page"}],"author":[{"embeddable":true,"href":"https:\/\/chemuza.org\/it\/wp-json\/wp\/v2\/users\/1"}],"replies":[{"embeddable":true,"href":"https:\/\/chemuza.org\/it\/wp-json\/wp\/v2\/comments?post=1423"}],"version-history":[{"count":1,"href":"https:\/\/chemuza.org\/it\/wp-json\/wp\/v2\/pages\/1423\/revisions"}],"predecessor-version":[{"id":1563,"href":"https:\/\/chemuza.org\/it\/wp-json\/wp\/v2\/pages\/1423\/revisions\/1563"}],"wp:attachment":[{"href":"https:\/\/chemuza.org\/it\/wp-json\/wp\/v2\/media?parent=1423"}],"curies":[{"name":"wp","href":"https:\/\/api.w.org\/{rel}","templated":true}]}}