{"id":1588,"date":"2023-10-25T13:51:09","date_gmt":"2023-10-25T13:51:09","guid":{"rendered":"https:\/\/chemuza.org\/de\/zustand\/"},"modified":"2023-10-25T13:51:09","modified_gmt":"2023-10-25T13:51:09","slug":"zustand","status":"publish","type":"page","link":"https:\/\/chemuza.org\/de\/zustand\/","title":{"rendered":"Materiezust\u00e4nde im periodensystem"},"content":{"rendered":"<p>Wer hat nicht gesehen, wie Wasser kocht? F\u00fcr viele geht es bei einer Aktion nur darum, die Temperatur zu erh\u00f6hen, f\u00fcr andere ist es jedoch eine Wirkung der <strong>Umwandlung der Materiezust\u00e4nde<\/strong> . Obwohl diese Modifikation magisch erscheint, ist sie eine der Phasen, in denen ein bekannter Gegenstand gefunden werden kann. Werfen Sie im Folgenden einen genauen Blick auf dieses Ph\u00e4nomen und notieren Sie einige interessante Daten.<\/p>\n<h2> Welche Zust\u00e4nde gibt es?<\/h2>\n<p> Die Phasen, in denen ein bekanntes Element vorkommt, nennt man <strong>Aggregatszust\u00e4nde der Materie<\/strong> oder Aggregatzust\u00e4nde. Seine Variation kann von der Art, der Intensit\u00e4t und einigen externen Faktoren wie Temperatur oder Druck abh\u00e4ngen. Unter den bisher bekannten k\u00f6nnen wir nennen:<\/p>\n<h3> Fester Zustand<\/h3>\n<p> Es handelt sich um einen <strong>Aggregatzustand, in dem Materie aufgrund einer Kraft, die es den Molek\u00fclen erm\u00f6glicht, sich gegenseitig anzuziehen, eine Form und ein Volumen annimmt<\/strong> , wodurch die kinetische Energie \u00fcberwiegt. In dieser Phase sind die Atome miteinander verflochten, wodurch sie in der Lage sind, Kr\u00e4ften ohne erkennbaren Schaden zu widerstehen. Einige seiner Hauptmerkmale sind:<\/p>\n<ul>\n<li> <strong>Es handelt sich um ein starres Material<\/strong> : Im Allgemeinen ist Material im festen Zustand starr, das hei\u00dft, es widersteht Verformung, Rissbildung, Biegung und Verdrehung.<\/li>\n<li> <strong>H\u00e4rte:<\/strong> Feststoffe haben die physikalische Festigkeit vor der Einwirkung anderer Elemente im gleichen Zustand, zum Beispiel Diamant.<\/li>\n<li> <strong>Zerbrechlichkeit<\/strong> : Sie k\u00f6nnen in kleinere St\u00fccke zerbrechen.<\/li>\n<li> <strong>Sie haben eine festgelegte Form<\/strong> : Diese haben eine festgelegte Form, das hei\u00dft, sie flie\u00dfen nicht wie andere Zust\u00e4nde. Einige K\u00f6rper k\u00f6nnen jedoch aufgrund ihrer Formbarkeit deformiert werden.<\/li>\n<\/ul>\n<p> Ein <strong>Beispiel f\u00fcr einen festen Materiezustand<\/strong> ist Eis, bei dem es sich um fl\u00fcssiges Wasser handelt, das auf den Gefrierpunkt gebracht wird. Dar\u00fcber hinaus enthalten Steine Elemente von Kalzium und Knochen nehmen Kalzium aus der Nahrung auf.<\/p>\n<h3> fl\u00fcssiger Aggregatzustand<\/h3>\n<p> Der <strong>fl\u00fcssige Aggregatzustand kann als Zwischenphase zwischen dem festen und gasf\u00f6rmigen Zustand definiert werden<\/strong> . Es zeichnet sich dadurch aus, dass seine Partikel dispergiert sind, um die Flie\u00dff\u00e4higkeit zu bewahren, aber zusammen, um den Zusammenhalt aufrechtzuerhalten. Einige der bemerkenswertesten Merkmale dieser Phase sind:<\/p>\n<ul>\n<li> <strong>Da es keine Form hat<\/strong> , nimmt es die Form des Beh\u00e4lters an, in dem es enthalten ist. Beispielsweise hat eine Tasse Wasser die Form einer Tasse.<\/li>\n<li> <strong>Sie sind fl\u00fcssig<\/strong> und k\u00f6nnen daher durch sehr kleine Oberfl\u00e4chen und von einem Beh\u00e4lter in einen anderen gelangen. Sie sind formlos und k\u00f6nnen rutschen, rutschen und sich bewegen.<\/li>\n<li> <strong>Es kann viskos sein<\/strong> . Dabei handelt es sich um den Str\u00f6mungs- und Verformungswiderstand, den es aufgrund der inneren Kraft der Partikel haben kann, die ihre Verformung beim Fallen verlangsamt. Ein Beispiel f\u00fcr Viskosit\u00e4t ist \u00d6l oder Pech.<\/li>\n<li> <strong>Es verf\u00fcgt \u00fcber eine Oberfl\u00e4chenspannung<\/strong> , die sich auf den Widerstand bezieht, den Fl\u00fcssigkeiten bieten, indem sie ihre Oberfl\u00e4che pro Fl\u00e4cheneinheit vergr\u00f6\u00dfern. Dadurch k\u00f6nnen sie bestimmte Gegenst\u00e4nde nicht durchdringen und bestimmte Insekten k\u00f6nnen darauf laufen.<\/li>\n<\/ul>\n<p> Andererseits sollten Sie wissen, dass Fl\u00fcssigkeiten, mit Ausnahme von Wasser, nicht sehr komprimierbar sind und sich bei K\u00e4lte zusammenziehen. Einige <strong>Beispiele f\u00fcr den fl\u00fcssigen Aggregatzustand<\/strong> sind unter anderem Wasser, Quecksilber, Benzin, Schwefels\u00e4ure.<\/p>\n<h3> Gaszustand<\/h3>\n<p> Hierbei handelt es sich um einen Aggregatzustand der Materie <strong>, in dem die Materiemolek\u00fcle nicht vereint sind<\/strong> , also ausgedehnt sind und nur eine geringe Anziehungskraft haben. Sie zeichnen sich vor allem dadurch aus, dass sie keine definierte Form haben und erst dann freigesetzt werden, wenn der Beh\u00e4lter, der sie enth\u00e4lt, gef\u00fcllt ist. Weitere Highlights sind:<\/p>\n<ul>\n<li> Aufgrund des geringen Einflusses, den die Gasteilchen aufeinander haben, <strong>nehmen sie nur eine sehr geringe Wirkkraft ein<\/strong> . Sie haben daher kein definiertes Volumen im Raum.<\/li>\n<li> Sie verf\u00fcgen \u00fcber eine <strong>hohe Kompressionsf\u00e4higkeit<\/strong> , weshalb sie bei industriellen Behandlungen leicht transportiert werden k\u00f6nnen.<\/li>\n<li> <strong>Ihre physikalischen Eigenschaften k\u00f6nnen erheblich variieren<\/strong> . Einige, wie Luft, haben weder Farbe noch Aroma, aber Gase aus Kohlenwasserstoffen haben einen unangenehmen, stechenden Geruch.<\/li>\n<\/ul>\n<p> Ein <strong>Beispiel f\u00fcr den gasf\u00f6rmigen Aggregatzustand<\/strong> ist Wasserdampf, der beim Sieden einer Fl\u00fcssigkeit beobachtet werden kann. Dar\u00fcber hinaus ist die Luft, die wir atmen, eine Mischung aus Sauerstoff, Wasserstoff und Stickstoff, ohne Geruch oder Farbe.<\/p>\n<h3> Plasma oder Plasmazustand<\/h3>\n<p> Die <strong>Mischung aus positiven Kernen und freien Elektronen, die Elektrizit\u00e4t leiten k\u00f6nnen,<\/strong> wird als Aggregatzustand der Plasmamaterie bezeichnet. Mit anderen Worten: Wir k\u00f6nnen sagen, dass es ein ionisiertes Gas ist und daher aus jeder Art geladener Teilchen bestehen kann. Diese k\u00f6nnen ein elektrisches Feld erzeugen und werden von magnetischen Feldern beeinflusst.<\/p>\n<p> Das beste <strong>Beispiel f\u00fcr den Plasmazustand der Materie<\/strong> ist das Nordlicht, wo der Sonnenwind aus hochenergetischen geladenen Teilchen besteht. Wenn diese mit der Atmosph\u00e4re kollidieren, ionisieren sie diese und es entsteht die Lichtshow.<\/p>\n<h2> Ver\u00e4nderungen der Materiezust\u00e4nde<\/h2>\n<p> <strong>Alle Materie kann umgewandelt werden,<\/strong> wenn sie \u00e4u\u00dferen und inneren Kr\u00e4ften ausgesetzt wird, ihre chemischen Eigenschaften werden jedoch nicht ver\u00e4ndert. Ein Beispiel hierf\u00fcr ist Wasser, das beim Sieden von einer Fl\u00fcssigkeit in ein Gas \u00fcbergeht, aber die gleichen Molek\u00fcle beh\u00e4lt. Einige Transformationsmethoden sind:<\/p>\n<ul>\n<li> <strong>Verdunstung<\/strong> : Dabei wird der Masse einer Fl\u00fcssigkeit W\u00e4rmeenergie hinzugef\u00fcgt, sodass diese zu einem Gas wird.<\/li>\n<li> <strong>Sieden<\/strong> : Hierbei handelt es sich um den Prozess, bei dem einem fl\u00fcssigen K\u00f6rper W\u00e4rmeenergie zugef\u00fchrt wird, um ihn in Gas umzuwandeln. Dies geschieht, wenn der Siedepunkt erreicht ist, wobei die Temperatur des Dampfes dem Druck entspricht, der die Fl\u00fcssigkeit umgibt, wodurch diese in ein Gas umgewandelt wird.<\/li>\n<li> <strong>Kondensation:<\/strong> bezieht sich auf den Prozess, bei dem W\u00e4rme entzogen wird, um Gas in Fl\u00fcssigkeit umzuwandeln. Bei <strong>der Verfl\u00fcssigung erh\u00f6ht sich bei niedrigen Temperaturen der Druck,<\/strong> um die gleiche \u00c4nderung zu erreichen.<\/li>\n<li> <strong>Gefrieren<\/strong> : Dies ist der Prozess, bei dem die Fl\u00fcssigkeit bei sehr niedriger Temperatur, dem Gefrierpunkt, in einen Feststoff umgewandelt wird.<\/li>\n<li> <strong>Fusion<\/strong> : Dabei handelt es sich um einen Prozess, bei dem ein Feststoff durch W\u00e4rmeeinwirkung in eine Fl\u00fcssigkeit umgewandelt wird. <strong>Unter Sublimation<\/strong> versteht man die Umwandlung eines Feststoffs in einen Gaszustand, ohne den fl\u00fcssigen Zustand zu durchlaufen.<\/li>\n<\/ul>\n<p> Zusammenfassend l\u00e4sst sich sagen, dass sich die <strong>Zust\u00e4nde der Materie im Periodensystem<\/strong> darauf beziehen, wie Elemente verf\u00fcgbar sind. Diese k\u00f6nnen Modifikationen unterzogen werden, die ihren Einsatz in jedem Bereich der Industrie oder des t\u00e4glichen Lebens erm\u00f6glichen.<\/p>\n","protected":false},"excerpt":{"rendered":"<p>Wer hat nicht gesehen, wie Wasser kocht? F\u00fcr viele geht es bei einer Aktion nur darum, die Temperatur zu erh\u00f6hen, f\u00fcr andere ist es jedoch eine Wirkung der Umwandlung der Materiezust\u00e4nde . Obwohl diese Modifikation magisch erscheint, ist sie eine der Phasen, in denen ein bekannter Gegenstand gefunden werden kann. Werfen Sie im Folgenden einen &#8230; <a title=\"Materiezust\u00e4nde im periodensystem\" class=\"read-more\" href=\"https:\/\/chemuza.org\/de\/zustand\/\" aria-label=\"Mehr zu Materiezust\u00e4nde im periodensystem\">Mehr lesen<\/a><\/p>\n","protected":false},"author":1,"featured_media":0,"parent":0,"menu_order":0,"comment_status":"closed","ping_status":"closed","template":"","meta":{"footnotes":""},"class_list":["post-1588","page","type-page","status-publish"],"yoast_head":"<!-- This site is optimized with the Yoast SEO plugin v21.4 - https:\/\/yoast.com\/wordpress\/plugins\/seo\/ -->\n<title>Materiezust\u00e4nde im Periodensystem - Chemuza<\/title>\n<meta name=\"robots\" content=\"index, follow, max-snippet:-1, max-image-preview:large, max-video-preview:-1\" \/>\n<link rel=\"canonical\" href=\"https:\/\/chemuza.org\/de\/zustand\/\" \/>\n<meta property=\"og:locale\" content=\"de_DE\" \/>\n<meta property=\"og:type\" content=\"article\" \/>\n<meta property=\"og:title\" content=\"Materiezust\u00e4nde im Periodensystem - Chemuza\" \/>\n<meta property=\"og:description\" content=\"Wer hat nicht gesehen, wie Wasser kocht? F\u00fcr viele geht es bei einer Aktion nur darum, die Temperatur zu erh\u00f6hen, f\u00fcr andere ist es jedoch eine Wirkung der Umwandlung der Materiezust\u00e4nde . Obwohl diese Modifikation magisch erscheint, ist sie eine der Phasen, in denen ein bekannter Gegenstand gefunden werden kann. Werfen Sie im Folgenden einen ... Mehr lesen\" \/>\n<meta property=\"og:url\" content=\"https:\/\/chemuza.org\/de\/zustand\/\" \/>\n<meta property=\"og:site_name\" content=\"Chemuza\" \/>\n<meta name=\"twitter:card\" content=\"summary_large_image\" \/>\n<meta name=\"twitter:label1\" content=\"Gesch\u00e4tzte Lesezeit\" \/>\n\t<meta name=\"twitter:data1\" content=\"5\u00a0Minuten\" \/>\n<script type=\"application\/ld+json\" class=\"yoast-schema-graph\">{\"@context\":\"https:\/\/schema.org\",\"@graph\":[{\"@type\":\"WebPage\",\"@id\":\"https:\/\/chemuza.org\/de\/zustand\/\",\"url\":\"https:\/\/chemuza.org\/de\/zustand\/\",\"name\":\"Materiezust\u00e4nde im Periodensystem - Chemuza\",\"isPartOf\":{\"@id\":\"https:\/\/chemuza.org\/de\/#website\"},\"datePublished\":\"2023-10-25T13:51:09+00:00\",\"dateModified\":\"2023-10-25T13:51:09+00:00\",\"breadcrumb\":{\"@id\":\"https:\/\/chemuza.org\/de\/zustand\/#breadcrumb\"},\"inLanguage\":\"de\",\"potentialAction\":[{\"@type\":\"ReadAction\",\"target\":[\"https:\/\/chemuza.org\/de\/zustand\/\"]}]},{\"@type\":\"BreadcrumbList\",\"@id\":\"https:\/\/chemuza.org\/de\/zustand\/#breadcrumb\",\"itemListElement\":[{\"@type\":\"ListItem\",\"position\":1,\"name\":\"Heim\",\"item\":\"https:\/\/chemuza.org\/de\/\"},{\"@type\":\"ListItem\",\"position\":2,\"name\":\"Materiezust\u00e4nde im periodensystem\"}]},{\"@type\":\"WebSite\",\"@id\":\"https:\/\/chemuza.org\/de\/#website\",\"url\":\"https:\/\/chemuza.org\/de\/\",\"name\":\"Chemuza\",\"description\":\"Ihr Tor zur chemischen Entdeckung\",\"publisher\":{\"@id\":\"https:\/\/chemuza.org\/de\/#organization\"},\"potentialAction\":[{\"@type\":\"SearchAction\",\"target\":{\"@type\":\"EntryPoint\",\"urlTemplate\":\"https:\/\/chemuza.org\/de\/?s={search_term_string}\"},\"query-input\":\"required name=search_term_string\"}],\"inLanguage\":\"de\"},{\"@type\":\"Organization\",\"@id\":\"https:\/\/chemuza.org\/de\/#organization\",\"name\":\"Chemuza\",\"url\":\"https:\/\/chemuza.org\/de\/\",\"logo\":{\"@type\":\"ImageObject\",\"inLanguage\":\"de\",\"@id\":\"https:\/\/chemuza.org\/de\/#\/schema\/logo\/image\/\",\"url\":\"https:\/\/chemuza.org\/de\/wp-content\/uploads\/2023\/10\/chemuza-logo.png\",\"contentUrl\":\"https:\/\/chemuza.org\/de\/wp-content\/uploads\/2023\/10\/chemuza-logo.png\",\"width\":387,\"height\":70,\"caption\":\"Chemuza\"},\"image\":{\"@id\":\"https:\/\/chemuza.org\/de\/#\/schema\/logo\/image\/\"}}]}<\/script>\n<!-- \/ Yoast SEO plugin. -->","yoast_head_json":{"title":"Materiezust\u00e4nde im Periodensystem - Chemuza","robots":{"index":"index","follow":"follow","max-snippet":"max-snippet:-1","max-image-preview":"max-image-preview:large","max-video-preview":"max-video-preview:-1"},"canonical":"https:\/\/chemuza.org\/de\/zustand\/","og_locale":"de_DE","og_type":"article","og_title":"Materiezust\u00e4nde im Periodensystem - Chemuza","og_description":"Wer hat nicht gesehen, wie Wasser kocht? F\u00fcr viele geht es bei einer Aktion nur darum, die Temperatur zu erh\u00f6hen, f\u00fcr andere ist es jedoch eine Wirkung der Umwandlung der Materiezust\u00e4nde . Obwohl diese Modifikation magisch erscheint, ist sie eine der Phasen, in denen ein bekannter Gegenstand gefunden werden kann. Werfen Sie im Folgenden einen ... Mehr lesen","og_url":"https:\/\/chemuza.org\/de\/zustand\/","og_site_name":"Chemuza","twitter_card":"summary_large_image","twitter_misc":{"Gesch\u00e4tzte Lesezeit":"5\u00a0Minuten"},"schema":{"@context":"https:\/\/schema.org","@graph":[{"@type":"WebPage","@id":"https:\/\/chemuza.org\/de\/zustand\/","url":"https:\/\/chemuza.org\/de\/zustand\/","name":"Materiezust\u00e4nde im Periodensystem - Chemuza","isPartOf":{"@id":"https:\/\/chemuza.org\/de\/#website"},"datePublished":"2023-10-25T13:51:09+00:00","dateModified":"2023-10-25T13:51:09+00:00","breadcrumb":{"@id":"https:\/\/chemuza.org\/de\/zustand\/#breadcrumb"},"inLanguage":"de","potentialAction":[{"@type":"ReadAction","target":["https:\/\/chemuza.org\/de\/zustand\/"]}]},{"@type":"BreadcrumbList","@id":"https:\/\/chemuza.org\/de\/zustand\/#breadcrumb","itemListElement":[{"@type":"ListItem","position":1,"name":"Heim","item":"https:\/\/chemuza.org\/de\/"},{"@type":"ListItem","position":2,"name":"Materiezust\u00e4nde im periodensystem"}]},{"@type":"WebSite","@id":"https:\/\/chemuza.org\/de\/#website","url":"https:\/\/chemuza.org\/de\/","name":"Chemuza","description":"Ihr Tor zur chemischen Entdeckung","publisher":{"@id":"https:\/\/chemuza.org\/de\/#organization"},"potentialAction":[{"@type":"SearchAction","target":{"@type":"EntryPoint","urlTemplate":"https:\/\/chemuza.org\/de\/?s={search_term_string}"},"query-input":"required name=search_term_string"}],"inLanguage":"de"},{"@type":"Organization","@id":"https:\/\/chemuza.org\/de\/#organization","name":"Chemuza","url":"https:\/\/chemuza.org\/de\/","logo":{"@type":"ImageObject","inLanguage":"de","@id":"https:\/\/chemuza.org\/de\/#\/schema\/logo\/image\/","url":"https:\/\/chemuza.org\/de\/wp-content\/uploads\/2023\/10\/chemuza-logo.png","contentUrl":"https:\/\/chemuza.org\/de\/wp-content\/uploads\/2023\/10\/chemuza-logo.png","width":387,"height":70,"caption":"Chemuza"},"image":{"@id":"https:\/\/chemuza.org\/de\/#\/schema\/logo\/image\/"}}]}},"yoast_meta":{"yoast_wpseo_title":"","yoast_wpseo_metadesc":"","yoast_wpseo_canonical":""},"_links":{"self":[{"href":"https:\/\/chemuza.org\/de\/wp-json\/wp\/v2\/pages\/1588","targetHints":{"allow":["GET"]}}],"collection":[{"href":"https:\/\/chemuza.org\/de\/wp-json\/wp\/v2\/pages"}],"about":[{"href":"https:\/\/chemuza.org\/de\/wp-json\/wp\/v2\/types\/page"}],"author":[{"embeddable":true,"href":"https:\/\/chemuza.org\/de\/wp-json\/wp\/v2\/users\/1"}],"replies":[{"embeddable":true,"href":"https:\/\/chemuza.org\/de\/wp-json\/wp\/v2\/comments?post=1588"}],"version-history":[{"count":1,"href":"https:\/\/chemuza.org\/de\/wp-json\/wp\/v2\/pages\/1588\/revisions"}],"predecessor-version":[{"id":1653,"href":"https:\/\/chemuza.org\/de\/wp-json\/wp\/v2\/pages\/1588\/revisions\/1653"}],"wp:attachment":[{"href":"https:\/\/chemuza.org\/de\/wp-json\/wp\/v2\/media?parent=1588"}],"curies":[{"name":"wp","href":"https:\/\/api.w.org\/{rel}","templated":true}]}}