{"id":1587,"date":"2023-10-25T13:51:09","date_gmt":"2023-10-25T13:51:09","guid":{"rendered":"https:\/\/chemuza.org\/de\/keine-metalle\/"},"modified":"2023-10-25T13:51:09","modified_gmt":"2023-10-25T13:51:09","slug":"keine-metalle","status":"publish","type":"page","link":"https:\/\/chemuza.org\/de\/keine-metalle\/","title":{"rendered":"Nichtmetalle des periodensystems"},"content":{"rendered":"<p>Eine der Gruppen, die in einem Periodensystem zu finden sind, sind die <strong>nichtmetallischen Elemente<\/strong> . Diese weisen gegen\u00fcber Metallen antagonistische Eigenschaften und Eigenschaften auf und sind daher eindeutig identifizierbar. Erfahren Sie in diesem Artikel mehr \u00fcber diese Gruppe chemischer Strukturen, die f\u00fcr das Leben von gro\u00dfer Bedeutung sind, und heben Sie einige ihrer bemerkenswertesten Anwendungen hervor.<\/p>\n<h2> Was sind nichtmetallische Elemente?<\/h2>\n<p> Als nichtmetallische Elemente werden <strong>solche definiert, die nicht in der Lage sind, elektrischen Strom oder W\u00e4rme zu \u00fcbertragen<\/strong> . Es umfasst eine von drei Kategorien chemischer Elemente, die nach ihren Bindungs- und Ionisierungseigenschaften klassifiziert werden. In diesem Abschnitt des Periodensystems befinden sich lebenswichtige Stoffe, zum Beispiel Sauerstoff, Kohlenstoff und Wasserstoff.<\/p>\n<p> Sie befinden sich im Periodensystem rechts \u00fcber den Gruppen 14 bis 17 und sind im Vergleich zu den Metallelementen sehr zahlreich. Es hat spezifische Eigenschaften, sie bilden kovalente Bindungen, um zwischen sich Molek\u00fcle zu bilden, und <strong>sie kommen in fl\u00fcssigem, festem, gasf\u00f6rmigem Zustand und bei Raumtemperatur vor<\/strong> . Sie sind sehr schwache Elemente und k\u00f6nnen daher nicht umgewandelt, transformiert oder gedehnt werden.<\/p>\n<h2> Haupteigenschaften<\/h2>\n<p> Von den bekannten chemischen Elementen <strong>geh\u00f6ren nur 25 zur Kategorie der Nichtmetalle<\/strong> . Diese haben eine ganz andere Chemie als ihre Gegenspieler, die Metalle, und obwohl ihre Zahl gering ist, sind sie lebenswichtig. Weitere Eigenschaften nichtmetallischer Elemente lassen sich wie folgt zusammenfassen:<\/p>\n<ul>\n<li> <strong>Ihr Aussehen variiert erheblich<\/strong> . Es ist zu beachten, dass es sich nicht um gl\u00e4nzende Elemente handelt und weder W\u00e4rme noch Strom leitet. Dar\u00fcber hinaus ist sein Schmelzpunkt bis auf wenige Ausnahmen niedrig. Diamant ist beispielsweise eine Form von Kohlenstoff, der bei hohen Temperaturen schmilzt.<\/li>\n<li> <strong>Sie unterscheiden sich in ihren Eigenschaften und in ihrem Aggregatzustand<\/strong> . Sie k\u00f6nnen im kristallinen festen Zustand vorliegen, sie k\u00f6nnen amorph, fl\u00fcssig oder gasf\u00f6rmig sein. Je nach Konfiguration kann es unterschiedliche Erscheinungsformen und Eigenschaften haben.<\/li>\n<li> <strong>Sie sind weder formbar noch duktil, grundlegende Eigenschaften von Metallen<\/strong> . Dar\u00fcber hinaus haben sie keinen Glanz und k\u00f6nnen nicht poliert werden, sondern haben eine Farbe, die je nach Art des Gegenstands und dem Zustand, in dem er sich befindet, variiert.<\/li>\n<li> <strong>Die meisten von ihnen sind Lebewesen<\/strong> . Ein Beispiel hierf\u00fcr sind Sauerstoff, Stickstoff, Phosphor, Schwefel, Kohlenstoff und andere, die als Spurenelemente gelten, wie Fluor, Arsen oder Silizium.<\/li>\n<li> <strong>Sie leiten keinen Strom<\/strong> , da sie sich lange vor dieser Aktion chemisch zersetzen oder neu zusammensetzen. In Verbindung mit Wasser ergeben sie saure Substanzen und laden sich bei Ionisierung negativ auf. Sie bilden Molek\u00fcle aus zwei oder mehr Atomen.<\/li>\n<\/ul>\n<h2> Eigenschaften von Nichtmetallen<\/h2>\n<p> <strong>Nichtmetallische Elemente haben ganz andere Eigenschaften<\/strong> als metallische Elemente, obwohl es Verbindungen gibt, die mittlere Eigenschaften haben. Einige der am h\u00e4ufigsten verwendeten Funktionen sind jedoch:<\/p>\n<ul>\n<li> <strong>Chemie:<\/strong> Im chemischen Bereich erhalten diese Elemente, wenn sie ionisiert werden, negative Ladungen und haben Molek\u00fcle, die aus zwei Atomen bestehen. Dar\u00fcber hinaus verbinden sie sich mit Sauerstoff zu nichtmetallischen Oxiden und ihre Atome haben in ihrer letzten Schale 4, 5, 6 oder 7 Elektronen.<\/li>\n<li> <strong>Physik<\/strong> : Unter den physikalischen Eigenschaften von Nichtmetallen ist hervorzuheben, dass sie in Feststoffen wie Schwefel und Kohlenstoff, Fl\u00fcssigkeiten wie Brom und Gasen wie Sauerstoff oder Wasserstoff vorkommen. Au\u00dferdem gl\u00e4nzen sie nicht und sind bis auf wenige Ausnahmen nicht leitf\u00e4hig.<\/li>\n<\/ul>\n<p> Andererseits sollten Sie wissen, dass <strong>es sich um zerbrechliche Elemente handelt<\/strong> , die leicht verloren gehen und nicht korrodieren. Sie kommen in unbegrenzter Menge in der Erdkruste und in der Atmosph\u00e4re vor und bilden insbesondere diatonische Teilchen, beispielsweise Sauerstoff in Form von O2.<\/p>\n<h2> Arten von Elementen Nichtmetalle<\/h2>\n<p> Die <strong>nichtmetallischen Elemente des Periodensystems<\/strong> haben sehr spezifische Eigenschaften. Eine davon ist die Art und Weise, wie sie klassifiziert werden, bzw. die h\u00e4ufigsten Typen, in denen sie zu finden sind. Diese sind wie folgt aufgef\u00fchrt:<\/p>\n<ul>\n<li> <strong>Halogene<\/strong> : Sie zeichnen sich dadurch aus, dass sie giftig, stark oxidierend und elektronegativ sind, ein metallisches Aussehen haben und einen sehr stechenden Geruch haben. Dies sind Fluor, Chlor, Brom, Jod, Astatin und Tenesum.<\/li>\n<li> <strong>Edelgase<\/strong> : Sie werden Inertgase genannt und verdanken ihren Namen ihrer geringen chemischen Reaktivit\u00e4t. Es handelt sich um einatomige Gase, die in gro\u00dfen Mengen f\u00fcr den industriellen Einsatz hergestellt werden. Ein Beispiel hierf\u00fcr sind Helium, Neon, Radon, Argon, Xenon und Oganeson.<\/li>\n<li> <strong>Andere Nichtmetalle<\/strong> : Bezieht sich auf Sauerstoff, Kohlenstoff, Wasserstoff, Schwefel, Stickstoff, Selen und Phosphor. Sie zeichnen sich durch ihre spezifischen und sehr vielf\u00e4ltigen Eigenschaften aus, weshalb sie in verschiedenen Bereichen eingesetzt werden.<\/li>\n<\/ul>\n<h2> Die h\u00e4ufigsten Verwendungszwecke und Anwendungen<\/h2>\n<p> Nichtmetallische Elemente sind ebenso wie Metalle im t\u00e4glichen Leben jedes Menschen vorhanden, entweder einzeln oder in Kombination. Zu den bemerkenswertesten Nutzungsformen geh\u00f6ren:<\/p>\n<ul>\n<li> <strong>Sauerstoff kommt in der Atmosph\u00e4re vor<\/strong> und ist lebenswichtig, da er die Atmung erm\u00f6glicht. Ozon, eine Form von Sauerstoff, bildet eine Schicht, die die Erde vor den ultravioletten Strahlen der Sonne sch\u00fctzt.<\/li>\n<li> Sie werden in <strong>der Stahlproduktion<\/strong> zur Herstellung von Legierungen und in der chemischen Industrie als Katalysatoren oder bei der Herstellung von S\u00e4uren eingesetzt.<\/li>\n<li> Gl\u00fchlampen enthalten Stickstoff, Argon, Neon und Quecksilber, die als Beleuchtung dienen, ohne viel elektrische Energie zu verbrauchen.<\/li>\n<li> Es wird unter anderem <strong>in der pharmakologischen Industrie<\/strong> zur Behandlung von Krebs, in der Nuklearmedizin und bei der Herstellung von antiseptischen und desinfizierenden Produkten eingesetzt.<\/li>\n<li> Es wird bei der <strong>Herstellung und Anreicherung von Lebensmitteln<\/strong> verwendet. Auch bei der Herstellung von D\u00fcngemitteln und D\u00fcngemitteln, bei der \u00d6lraffinierung und bei der Herstellung verschiedener Materialien des t\u00e4glichen Bedarfs, beispielsweise Streichh\u00f6lzer.<\/li>\n<\/ul>\n<p> Zusammenfassend sind <strong>nichtmetallische Elemente<\/strong> diejenigen, die den Metallen entgegenwirken und sich dadurch auszeichnen, dass sie f\u00fcr das t\u00e4gliche Leben unerl\u00e4sslich sind. Es gibt sehr spezifische Typen und kann in verschiedenen Zust\u00e4nden hergestellt werden. Seine Pr\u00e4senz verbessert die industrielle Produktion.<\/p>\n","protected":false},"excerpt":{"rendered":"<p>Eine der Gruppen, die in einem Periodensystem zu finden sind, sind die nichtmetallischen Elemente . Diese weisen gegen\u00fcber Metallen antagonistische Eigenschaften und Eigenschaften auf und sind daher eindeutig identifizierbar. Erfahren Sie in diesem Artikel mehr \u00fcber diese Gruppe chemischer Strukturen, die f\u00fcr das Leben von gro\u00dfer Bedeutung sind, und heben Sie einige ihrer bemerkenswertesten Anwendungen &#8230; <a title=\"Nichtmetalle des periodensystems\" class=\"read-more\" href=\"https:\/\/chemuza.org\/de\/keine-metalle\/\" aria-label=\"Mehr zu Nichtmetalle des periodensystems\">Mehr lesen<\/a><\/p>\n","protected":false},"author":1,"featured_media":0,"parent":0,"menu_order":0,"comment_status":"closed","ping_status":"closed","template":"","meta":{"footnotes":""},"class_list":["post-1587","page","type-page","status-publish"],"yoast_head":"<!-- This site is optimized with the Yoast SEO plugin v21.4 - https:\/\/yoast.com\/wordpress\/plugins\/seo\/ -->\n<title>Nichtmetalle des Periodensystems - Chemuza<\/title>\n<meta name=\"robots\" content=\"index, follow, max-snippet:-1, max-image-preview:large, max-video-preview:-1\" \/>\n<link rel=\"canonical\" href=\"https:\/\/chemuza.org\/de\/keine-metalle\/\" \/>\n<meta property=\"og:locale\" content=\"de_DE\" \/>\n<meta property=\"og:type\" content=\"article\" \/>\n<meta property=\"og:title\" content=\"Nichtmetalle des Periodensystems - Chemuza\" \/>\n<meta property=\"og:description\" content=\"Eine der Gruppen, die in einem Periodensystem zu finden sind, sind die nichtmetallischen Elemente . Diese weisen gegen\u00fcber Metallen antagonistische Eigenschaften und Eigenschaften auf und sind daher eindeutig identifizierbar. Erfahren Sie in diesem Artikel mehr \u00fcber diese Gruppe chemischer Strukturen, die f\u00fcr das Leben von gro\u00dfer Bedeutung sind, und heben Sie einige ihrer bemerkenswertesten Anwendungen ... Mehr lesen\" \/>\n<meta property=\"og:url\" content=\"https:\/\/chemuza.org\/de\/keine-metalle\/\" \/>\n<meta property=\"og:site_name\" content=\"Chemuza\" \/>\n<meta name=\"twitter:card\" content=\"summary_large_image\" \/>\n<meta name=\"twitter:label1\" content=\"Gesch\u00e4tzte Lesezeit\" \/>\n\t<meta name=\"twitter:data1\" content=\"5\u00a0Minuten\" \/>\n<script type=\"application\/ld+json\" class=\"yoast-schema-graph\">{\"@context\":\"https:\/\/schema.org\",\"@graph\":[{\"@type\":\"WebPage\",\"@id\":\"https:\/\/chemuza.org\/de\/keine-metalle\/\",\"url\":\"https:\/\/chemuza.org\/de\/keine-metalle\/\",\"name\":\"Nichtmetalle des Periodensystems - Chemuza\",\"isPartOf\":{\"@id\":\"https:\/\/chemuza.org\/de\/#website\"},\"datePublished\":\"2023-10-25T13:51:09+00:00\",\"dateModified\":\"2023-10-25T13:51:09+00:00\",\"breadcrumb\":{\"@id\":\"https:\/\/chemuza.org\/de\/keine-metalle\/#breadcrumb\"},\"inLanguage\":\"de\",\"potentialAction\":[{\"@type\":\"ReadAction\",\"target\":[\"https:\/\/chemuza.org\/de\/keine-metalle\/\"]}]},{\"@type\":\"BreadcrumbList\",\"@id\":\"https:\/\/chemuza.org\/de\/keine-metalle\/#breadcrumb\",\"itemListElement\":[{\"@type\":\"ListItem\",\"position\":1,\"name\":\"Heim\",\"item\":\"https:\/\/chemuza.org\/de\/\"},{\"@type\":\"ListItem\",\"position\":2,\"name\":\"Nichtmetalle des periodensystems\"}]},{\"@type\":\"WebSite\",\"@id\":\"https:\/\/chemuza.org\/de\/#website\",\"url\":\"https:\/\/chemuza.org\/de\/\",\"name\":\"Chemuza\",\"description\":\"Ihr Tor zur chemischen Entdeckung\",\"publisher\":{\"@id\":\"https:\/\/chemuza.org\/de\/#organization\"},\"potentialAction\":[{\"@type\":\"SearchAction\",\"target\":{\"@type\":\"EntryPoint\",\"urlTemplate\":\"https:\/\/chemuza.org\/de\/?s={search_term_string}\"},\"query-input\":\"required name=search_term_string\"}],\"inLanguage\":\"de\"},{\"@type\":\"Organization\",\"@id\":\"https:\/\/chemuza.org\/de\/#organization\",\"name\":\"Chemuza\",\"url\":\"https:\/\/chemuza.org\/de\/\",\"logo\":{\"@type\":\"ImageObject\",\"inLanguage\":\"de\",\"@id\":\"https:\/\/chemuza.org\/de\/#\/schema\/logo\/image\/\",\"url\":\"https:\/\/chemuza.org\/de\/wp-content\/uploads\/2023\/10\/chemuza-logo.png\",\"contentUrl\":\"https:\/\/chemuza.org\/de\/wp-content\/uploads\/2023\/10\/chemuza-logo.png\",\"width\":387,\"height\":70,\"caption\":\"Chemuza\"},\"image\":{\"@id\":\"https:\/\/chemuza.org\/de\/#\/schema\/logo\/image\/\"}}]}<\/script>\n<!-- \/ Yoast SEO plugin. -->","yoast_head_json":{"title":"Nichtmetalle des Periodensystems - Chemuza","robots":{"index":"index","follow":"follow","max-snippet":"max-snippet:-1","max-image-preview":"max-image-preview:large","max-video-preview":"max-video-preview:-1"},"canonical":"https:\/\/chemuza.org\/de\/keine-metalle\/","og_locale":"de_DE","og_type":"article","og_title":"Nichtmetalle des Periodensystems - Chemuza","og_description":"Eine der Gruppen, die in einem Periodensystem zu finden sind, sind die nichtmetallischen Elemente . Diese weisen gegen\u00fcber Metallen antagonistische Eigenschaften und Eigenschaften auf und sind daher eindeutig identifizierbar. Erfahren Sie in diesem Artikel mehr \u00fcber diese Gruppe chemischer Strukturen, die f\u00fcr das Leben von gro\u00dfer Bedeutung sind, und heben Sie einige ihrer bemerkenswertesten Anwendungen ... Mehr lesen","og_url":"https:\/\/chemuza.org\/de\/keine-metalle\/","og_site_name":"Chemuza","twitter_card":"summary_large_image","twitter_misc":{"Gesch\u00e4tzte Lesezeit":"5\u00a0Minuten"},"schema":{"@context":"https:\/\/schema.org","@graph":[{"@type":"WebPage","@id":"https:\/\/chemuza.org\/de\/keine-metalle\/","url":"https:\/\/chemuza.org\/de\/keine-metalle\/","name":"Nichtmetalle des Periodensystems - Chemuza","isPartOf":{"@id":"https:\/\/chemuza.org\/de\/#website"},"datePublished":"2023-10-25T13:51:09+00:00","dateModified":"2023-10-25T13:51:09+00:00","breadcrumb":{"@id":"https:\/\/chemuza.org\/de\/keine-metalle\/#breadcrumb"},"inLanguage":"de","potentialAction":[{"@type":"ReadAction","target":["https:\/\/chemuza.org\/de\/keine-metalle\/"]}]},{"@type":"BreadcrumbList","@id":"https:\/\/chemuza.org\/de\/keine-metalle\/#breadcrumb","itemListElement":[{"@type":"ListItem","position":1,"name":"Heim","item":"https:\/\/chemuza.org\/de\/"},{"@type":"ListItem","position":2,"name":"Nichtmetalle des periodensystems"}]},{"@type":"WebSite","@id":"https:\/\/chemuza.org\/de\/#website","url":"https:\/\/chemuza.org\/de\/","name":"Chemuza","description":"Ihr Tor zur chemischen Entdeckung","publisher":{"@id":"https:\/\/chemuza.org\/de\/#organization"},"potentialAction":[{"@type":"SearchAction","target":{"@type":"EntryPoint","urlTemplate":"https:\/\/chemuza.org\/de\/?s={search_term_string}"},"query-input":"required name=search_term_string"}],"inLanguage":"de"},{"@type":"Organization","@id":"https:\/\/chemuza.org\/de\/#organization","name":"Chemuza","url":"https:\/\/chemuza.org\/de\/","logo":{"@type":"ImageObject","inLanguage":"de","@id":"https:\/\/chemuza.org\/de\/#\/schema\/logo\/image\/","url":"https:\/\/chemuza.org\/de\/wp-content\/uploads\/2023\/10\/chemuza-logo.png","contentUrl":"https:\/\/chemuza.org\/de\/wp-content\/uploads\/2023\/10\/chemuza-logo.png","width":387,"height":70,"caption":"Chemuza"},"image":{"@id":"https:\/\/chemuza.org\/de\/#\/schema\/logo\/image\/"}}]}},"yoast_meta":{"yoast_wpseo_title":"","yoast_wpseo_metadesc":"","yoast_wpseo_canonical":""},"_links":{"self":[{"href":"https:\/\/chemuza.org\/de\/wp-json\/wp\/v2\/pages\/1587","targetHints":{"allow":["GET"]}}],"collection":[{"href":"https:\/\/chemuza.org\/de\/wp-json\/wp\/v2\/pages"}],"about":[{"href":"https:\/\/chemuza.org\/de\/wp-json\/wp\/v2\/types\/page"}],"author":[{"embeddable":true,"href":"https:\/\/chemuza.org\/de\/wp-json\/wp\/v2\/users\/1"}],"replies":[{"embeddable":true,"href":"https:\/\/chemuza.org\/de\/wp-json\/wp\/v2\/comments?post=1587"}],"version-history":[{"count":1,"href":"https:\/\/chemuza.org\/de\/wp-json\/wp\/v2\/pages\/1587\/revisions"}],"predecessor-version":[{"id":1660,"href":"https:\/\/chemuza.org\/de\/wp-json\/wp\/v2\/pages\/1587\/revisions\/1660"}],"wp:attachment":[{"href":"https:\/\/chemuza.org\/de\/wp-json\/wp\/v2\/media?parent=1587"}],"curies":[{"name":"wp","href":"https:\/\/api.w.org\/{rel}","templated":true}]}}