{"id":1586,"date":"2023-10-25T13:51:09","date_gmt":"2023-10-25T13:51:09","guid":{"rendered":"https:\/\/chemuza.org\/de\/metalle\/"},"modified":"2023-10-25T13:51:09","modified_gmt":"2023-10-25T13:51:09","slug":"metalle","status":"publish","type":"page","link":"https:\/\/chemuza.org\/de\/metalle\/","title":{"rendered":"Metalle des periodensystems"},"content":{"rendered":"<p>Das Periodensystem ist eine Organisationsform, die nat\u00fcrliche chemische Elemente nach ihren physikalischen Eigenschaften klassifiziert darstellt. <strong>Eine der wichtigsten Gruppen sind die Metalle<\/strong> , die sich in der Mitte und auf der linken Seite der Tabelle befinden und sich in ihren Eigenschaften sehr \u00e4hneln. Schauen Sie sich dann diese Elemente sowie deren Arten und Funktionen genauer an.<\/p>\n<h2> Was sind Metalle?<\/h2>\n<p> Im Bereich der Chemie <strong>sind Metalle aus der Erde gewonnene oder durch Legierungen hergestellte Elemente<\/strong> , die sich vor allem dadurch auszeichnen, dass sie hervorragende W\u00e4rme- und Stromleiter sind. Dar\u00fcber hinaus haben sie eine hohe Dichte, sind mit Ausnahme von Quecksilber bei Raumtemperatur fest und ihre Salze bilden beim Aufl\u00f6sen Ionen mit einer positiven elektrischen Ladung.<\/p>\n<p> Man kann sagen, dass <strong>es eines der am h\u00e4ufigsten vorkommenden Elemente auf der Erde<\/strong> und daher das zahlreichste im Periodensystem ist. Dar\u00fcber hinaus liegen sie in einem Zustand h\u00f6chster Reinheit vor, obwohl viele davon mit Bodenmineralien vermischt sind und daher von Menschenhand gewonnen werden m\u00fcssen. Sie sind undurchsichtig, haben eine kristalline Struktur und k\u00f6nnen nach dem Polieren poliert werden, um das Licht zu reflektieren.<\/p>\n<h2> Hauptarten von Metallen<\/h2>\n<p> Das Periodensystem ist in horizontale Zeilen, sogenannte Perioden, und vertikale Spalten, sogenannte Gruppen, unterteilt. Anhand dieser Gruppierungen l\u00e4sst sich erkennen, dass die Elemente, die zur gleichen Menge geh\u00f6ren, \u00e4hnliche Eigenschaften haben. <strong>Bei Metallen k\u00f6nnen jedoch folgende Arten auftreten<\/strong> :<\/p>\n<ul>\n<li> <strong>\u00dcbergangsweise<\/strong> : Sie fallen in die sogenannte Gruppe D und sind am zahlreichsten. Sie sind bekannt f\u00fcr ihre H\u00e4rte, hohe elektrische Leitf\u00e4higkeit und ihren hohen Schmelzpunkt.<\/li>\n<li> <strong>Alkalisch<\/strong> : Die <strong>Alkalimetalle<\/strong> sind diejenigen der Gruppe I des Periodensystems, Francium, C\u00e4sium, Rubidium, Kalium, Natrium und Lithium. Sie zeichnen sich dadurch aus, dass sie sehr reaktionsfreudig, weich, hell und hervorragend leitend sind und niemals reiner Natur sind.<\/li>\n<li> <strong>Erdalkalimetalle<\/strong> : Dies sind Metalle der Gruppe II des Periodensystems, n\u00e4mlich Barium, Strontium, Calcium, Magnesium, Beryllium und Radium. Es hat eine geringere chemische Reaktivit\u00e4t, aber eine gr\u00f6\u00dfere H\u00e4rte. Sie sind hervorragende Leiter, haben eine geringe Dichte und einen geringen Glanz.<\/li>\n<li> <strong>Lanthaniden<\/strong> : Auch als \u201eSeltene Erden\u201c bekannt, befinden sie sich in der Periode VI des Periodensystems und sind zusammen mit den Aktiniden Teil der inneren \u00dcbergangselemente. Sie haben magnetisches und spektrales Verhalten.<\/li>\n<li> <strong>Aktinide<\/strong> : Dabei handelt es sich um <strong>radioaktive Schwermetalle<\/strong> , weshalb man sie in der Natur nur selten leicht findet, zum Beispiel Uran, Aktinium und Neptunium. Sie geh\u00f6ren zu den Seltenen Erden und vervollst\u00e4ndigen die inneren \u00dcbergangselemente.<\/li>\n<li> <strong>Transactinide<\/strong> : Bezieht sich auf die sogenannten superschweren Elemente, da sie hinsichtlich der Ordnungszahl die schwersten Actiniden \u00fcbertreffen. Wir k\u00f6nnen es im Labor sehen, sie sind radioaktiv und haben eine schnelle Zerfallszeit.<\/li>\n<\/ul>\n<p> Alle diese Elemente kommen in der Natur vor, es ist jedoch sehr unwahrscheinlich, dass sie in reinem Zustand vorkommen. Beispielsweise kommt Eisen, das am h\u00e4ufigsten vorkommende Metall, in H\u00e4matit, Magnetit und Oxid vor, sodass eine Reduktionsmethode angewendet werden muss.<\/p>\n<h2> Eigenschaften von Metallen<\/h2>\n<p> Metalle sind seit jeher in menschlichen Aktivit\u00e4ten pr\u00e4sent, insbesondere bei der Herstellung von Werkzeugen, die das Leben einfacher machen. Sie verf\u00fcgen \u00fcber Eigenschaften, die ihren Einsatz in verschiedenen Bereichen der Branche erm\u00f6glichen. <strong>Die Eigenschaften, die diese Vielseitigkeit erm\u00f6glichen,<\/strong> sind:<\/p>\n<h3> k\u00f6rperlich<\/h3>\n<p> Zu den <strong>physikalischen Eigenschaften von Metallen<\/strong> z\u00e4hlen:<\/p>\n<ul>\n<li> <strong>Formbarkeit:<\/strong> Es hat die F\u00e4higkeit, unter Druck die gew\u00fcnschte Form anzunehmen.<\/li>\n<li> <strong>Leitf\u00e4higkeit:<\/strong> Sie sind hervorragende W\u00e4rme- und Stromleiter, da sie den Elektronenfluss durch sie erm\u00f6glichen.<\/li>\n<li> <strong>Duktilit\u00e4t:<\/strong> Es handelt sich um eine Dehnf\u00e4higkeit, die es erm\u00f6glicht, durch Krafteinwirkung ausreichend gedehnt zu werden, bis es zu einem Faden oder Faden wird.<\/li>\n<li> <strong>Z\u00e4higkeit:<\/strong> Bezieht sich auf den Widerstand, den es einer pl\u00f6tzlichen Krafteinwirkung oder einem Schlag entgegensetzt, wodurch eine Verformung oder ein Bruch verhindert wird.<\/li>\n<\/ul>\n<h3> chemisch<\/h3>\n<p> Einige seiner bemerkenswertesten <strong>chemischen Eigenschaften<\/strong> , die in verschiedenen Industrien genutzt werden, sind:<\/p>\n<ul>\n<li> <strong>F\u00e4higkeit zur Herstellung von Legierungen<\/strong> : Es kann mit anderen Elementen gemischt werden, um neue Strukturen zu bilden.<\/li>\n<li> In Gegenwart von Sauerstoff <strong>reagieren sie als Oxid<\/strong> .<\/li>\n<li> Im letzten Energieniveau k\u00f6nnen je nach Ordnungszahl 1, 2 oder 3 Elektronen vorhanden sein. Diese Eigenschaft erm\u00f6glicht die <strong>Bildung von Kationen<\/strong> , bei denen es sich um Reduktionsmittel handelt.<\/li>\n<li> Sie reagieren mit Wasser und Salzen unter Bildung von S\u00e4uren.<\/li>\n<\/ul>\n<h3> mechanisch<\/h3>\n<p> Auch wenn es mit der Physik zusammenh\u00e4ngt, sind die <strong>mechanischen Eigenschaften von Metallen<\/strong> auf die Festigkeit ausgerichtet. Diese sind wie folgt zusammengefasst:<\/p>\n<ul>\n<li> <strong>Z\u00e4higkeit:<\/strong> Sie haben die F\u00e4higkeit, \u00e4u\u00dferen Kr\u00e4ften zu widerstehen, ohne zu zerbrechen.<\/li>\n<li> <strong>Plastizit\u00e4t:<\/strong> bezieht sich auf die F\u00e4higkeit, die Form beizubehalten, nachdem es durch \u00e4u\u00dfere Kr\u00e4fte ver\u00e4ndert wurde.<\/li>\n<li> <strong>Zerbrechlichkeit<\/strong> : Zeigt an, wie leicht ein Metall brechen kann, wenn es einem bestimmten \u00e4u\u00dferen Druck ausgesetzt wird.<\/li>\n<li> <strong>Steifigkeit:<\/strong> Es ist die Widerstandsf\u00e4higkeit eines Metalls, sich unter Spannung zu verformen, einer inneren Kraft, die im dritten Newtonschen Gesetz beschrieben wird.<\/li>\n<\/ul>\n<p> Es gibt eine F\u00e4higkeit, die als <strong>magnetische Eigenschaft<\/strong> bekannt ist, das hei\u00dft, sie haben eine Anziehungs- oder Absto\u00dfungskraft gegen\u00fcber anderen Metallen. Ein Beispiel sind Nickel, Eisen, Kobalt und deren Legierungen.<\/p>\n<h2> Funktionen und Verwendung von Metallen<\/h2>\n<p> Metalle werden in allen Bereichen des modernen Lebens verwendet und ihr Ursprung reicht bis in die Anf\u00e4nge der Menschheit zur\u00fcck. Daher ist es m\u00f6glich, sie von der einfachen Dekoration bis hin zur medizinischen Industrie zu verwenden. Einige seiner wichtigsten Anwendungen sind:<\/p>\n<ul>\n<li> <strong>In der Automobilindustrie<\/strong> f\u00fcr den Bau von Autos, Flugzeugen, Z\u00fcgen, Motorr\u00e4dern und Fahrr\u00e4dern.<\/li>\n<li> <strong>Herstellung von Werkzeugen und Gebrauchsgegenst\u00e4nden aller Art<\/strong> mit dem Ziel, die Lebensqualit\u00e4t der Menschen zu verbessern. Zum Beispiel bei der Herstellung von Computern, Telefonen und zivilen Baukonstruktionen.<\/li>\n<li> Es wird zur <strong>Herstellung von Elementen f\u00fcr die Elektrizit\u00e4tserzeugung<\/strong> und zum Transport elektrischer Energie verwendet.<\/li>\n<li> Es ist <strong>im landwirtschaftlichen Bereich wichtig f\u00fcr die Herstellung von D\u00fcngemitteln<\/strong> und erh\u00f6ht die Kapazit\u00e4t des Bodens.<\/li>\n<li> <strong>In der Medizin<\/strong> hat es beispielsweise heilende, antibakterielle Eigenschaften und ist teilweise an Stoffwechselprozessen beteiligt.<\/li>\n<\/ul>\n<p> Zusammenfassend sind <strong>Metalle<\/strong> nat\u00fcrliche Elemente, deren Eigenschaften und Eigenschaften sich an alle Arten von Funktionen anpassen. Es gibt verschiedene Arten, die chemische Reaktionen auf Laborebene erleichtern und deren Umwandlung zur Verbesserung der Lebensqualit\u00e4t erm\u00f6glichen.<\/p>\n","protected":false},"excerpt":{"rendered":"<p>Das Periodensystem ist eine Organisationsform, die nat\u00fcrliche chemische Elemente nach ihren physikalischen Eigenschaften klassifiziert darstellt. Eine der wichtigsten Gruppen sind die Metalle , die sich in der Mitte und auf der linken Seite der Tabelle befinden und sich in ihren Eigenschaften sehr \u00e4hneln. Schauen Sie sich dann diese Elemente sowie deren Arten und Funktionen genauer &#8230; <a title=\"Metalle des periodensystems\" class=\"read-more\" href=\"https:\/\/chemuza.org\/de\/metalle\/\" aria-label=\"Mehr zu Metalle des periodensystems\">Mehr lesen<\/a><\/p>\n","protected":false},"author":1,"featured_media":0,"parent":0,"menu_order":0,"comment_status":"closed","ping_status":"closed","template":"","meta":{"footnotes":""},"class_list":["post-1586","page","type-page","status-publish"],"yoast_head":"<!-- This site is optimized with the Yoast SEO plugin v21.4 - https:\/\/yoast.com\/wordpress\/plugins\/seo\/ -->\n<title>Metalle des Periodensystems - Chemuza<\/title>\n<meta name=\"robots\" content=\"index, follow, max-snippet:-1, max-image-preview:large, max-video-preview:-1\" \/>\n<link rel=\"canonical\" href=\"https:\/\/chemuza.org\/de\/metalle\/\" \/>\n<meta property=\"og:locale\" content=\"de_DE\" \/>\n<meta property=\"og:type\" content=\"article\" \/>\n<meta property=\"og:title\" content=\"Metalle des Periodensystems - Chemuza\" \/>\n<meta property=\"og:description\" content=\"Das Periodensystem ist eine Organisationsform, die nat\u00fcrliche chemische Elemente nach ihren physikalischen Eigenschaften klassifiziert darstellt. Eine der wichtigsten Gruppen sind die Metalle , die sich in der Mitte und auf der linken Seite der Tabelle befinden und sich in ihren Eigenschaften sehr \u00e4hneln. Schauen Sie sich dann diese Elemente sowie deren Arten und Funktionen genauer ... Mehr lesen\" \/>\n<meta property=\"og:url\" content=\"https:\/\/chemuza.org\/de\/metalle\/\" \/>\n<meta property=\"og:site_name\" content=\"Chemuza\" \/>\n<meta name=\"twitter:card\" content=\"summary_large_image\" \/>\n<meta name=\"twitter:label1\" content=\"Gesch\u00e4tzte Lesezeit\" \/>\n\t<meta name=\"twitter:data1\" content=\"5\u00a0Minuten\" \/>\n<script type=\"application\/ld+json\" class=\"yoast-schema-graph\">{\"@context\":\"https:\/\/schema.org\",\"@graph\":[{\"@type\":\"WebPage\",\"@id\":\"https:\/\/chemuza.org\/de\/metalle\/\",\"url\":\"https:\/\/chemuza.org\/de\/metalle\/\",\"name\":\"Metalle des Periodensystems - Chemuza\",\"isPartOf\":{\"@id\":\"https:\/\/chemuza.org\/de\/#website\"},\"datePublished\":\"2023-10-25T13:51:09+00:00\",\"dateModified\":\"2023-10-25T13:51:09+00:00\",\"breadcrumb\":{\"@id\":\"https:\/\/chemuza.org\/de\/metalle\/#breadcrumb\"},\"inLanguage\":\"de\",\"potentialAction\":[{\"@type\":\"ReadAction\",\"target\":[\"https:\/\/chemuza.org\/de\/metalle\/\"]}]},{\"@type\":\"BreadcrumbList\",\"@id\":\"https:\/\/chemuza.org\/de\/metalle\/#breadcrumb\",\"itemListElement\":[{\"@type\":\"ListItem\",\"position\":1,\"name\":\"Heim\",\"item\":\"https:\/\/chemuza.org\/de\/\"},{\"@type\":\"ListItem\",\"position\":2,\"name\":\"Metalle des periodensystems\"}]},{\"@type\":\"WebSite\",\"@id\":\"https:\/\/chemuza.org\/de\/#website\",\"url\":\"https:\/\/chemuza.org\/de\/\",\"name\":\"Chemuza\",\"description\":\"Ihr Tor zur chemischen Entdeckung\",\"publisher\":{\"@id\":\"https:\/\/chemuza.org\/de\/#organization\"},\"potentialAction\":[{\"@type\":\"SearchAction\",\"target\":{\"@type\":\"EntryPoint\",\"urlTemplate\":\"https:\/\/chemuza.org\/de\/?s={search_term_string}\"},\"query-input\":\"required name=search_term_string\"}],\"inLanguage\":\"de\"},{\"@type\":\"Organization\",\"@id\":\"https:\/\/chemuza.org\/de\/#organization\",\"name\":\"Chemuza\",\"url\":\"https:\/\/chemuza.org\/de\/\",\"logo\":{\"@type\":\"ImageObject\",\"inLanguage\":\"de\",\"@id\":\"https:\/\/chemuza.org\/de\/#\/schema\/logo\/image\/\",\"url\":\"https:\/\/chemuza.org\/de\/wp-content\/uploads\/2023\/10\/chemuza-logo.png\",\"contentUrl\":\"https:\/\/chemuza.org\/de\/wp-content\/uploads\/2023\/10\/chemuza-logo.png\",\"width\":387,\"height\":70,\"caption\":\"Chemuza\"},\"image\":{\"@id\":\"https:\/\/chemuza.org\/de\/#\/schema\/logo\/image\/\"}}]}<\/script>\n<!-- \/ Yoast SEO plugin. -->","yoast_head_json":{"title":"Metalle des Periodensystems - Chemuza","robots":{"index":"index","follow":"follow","max-snippet":"max-snippet:-1","max-image-preview":"max-image-preview:large","max-video-preview":"max-video-preview:-1"},"canonical":"https:\/\/chemuza.org\/de\/metalle\/","og_locale":"de_DE","og_type":"article","og_title":"Metalle des Periodensystems - Chemuza","og_description":"Das Periodensystem ist eine Organisationsform, die nat\u00fcrliche chemische Elemente nach ihren physikalischen Eigenschaften klassifiziert darstellt. Eine der wichtigsten Gruppen sind die Metalle , die sich in der Mitte und auf der linken Seite der Tabelle befinden und sich in ihren Eigenschaften sehr \u00e4hneln. Schauen Sie sich dann diese Elemente sowie deren Arten und Funktionen genauer ... Mehr lesen","og_url":"https:\/\/chemuza.org\/de\/metalle\/","og_site_name":"Chemuza","twitter_card":"summary_large_image","twitter_misc":{"Gesch\u00e4tzte Lesezeit":"5\u00a0Minuten"},"schema":{"@context":"https:\/\/schema.org","@graph":[{"@type":"WebPage","@id":"https:\/\/chemuza.org\/de\/metalle\/","url":"https:\/\/chemuza.org\/de\/metalle\/","name":"Metalle des Periodensystems - Chemuza","isPartOf":{"@id":"https:\/\/chemuza.org\/de\/#website"},"datePublished":"2023-10-25T13:51:09+00:00","dateModified":"2023-10-25T13:51:09+00:00","breadcrumb":{"@id":"https:\/\/chemuza.org\/de\/metalle\/#breadcrumb"},"inLanguage":"de","potentialAction":[{"@type":"ReadAction","target":["https:\/\/chemuza.org\/de\/metalle\/"]}]},{"@type":"BreadcrumbList","@id":"https:\/\/chemuza.org\/de\/metalle\/#breadcrumb","itemListElement":[{"@type":"ListItem","position":1,"name":"Heim","item":"https:\/\/chemuza.org\/de\/"},{"@type":"ListItem","position":2,"name":"Metalle des periodensystems"}]},{"@type":"WebSite","@id":"https:\/\/chemuza.org\/de\/#website","url":"https:\/\/chemuza.org\/de\/","name":"Chemuza","description":"Ihr Tor zur chemischen Entdeckung","publisher":{"@id":"https:\/\/chemuza.org\/de\/#organization"},"potentialAction":[{"@type":"SearchAction","target":{"@type":"EntryPoint","urlTemplate":"https:\/\/chemuza.org\/de\/?s={search_term_string}"},"query-input":"required name=search_term_string"}],"inLanguage":"de"},{"@type":"Organization","@id":"https:\/\/chemuza.org\/de\/#organization","name":"Chemuza","url":"https:\/\/chemuza.org\/de\/","logo":{"@type":"ImageObject","inLanguage":"de","@id":"https:\/\/chemuza.org\/de\/#\/schema\/logo\/image\/","url":"https:\/\/chemuza.org\/de\/wp-content\/uploads\/2023\/10\/chemuza-logo.png","contentUrl":"https:\/\/chemuza.org\/de\/wp-content\/uploads\/2023\/10\/chemuza-logo.png","width":387,"height":70,"caption":"Chemuza"},"image":{"@id":"https:\/\/chemuza.org\/de\/#\/schema\/logo\/image\/"}}]}},"yoast_meta":{"yoast_wpseo_title":"","yoast_wpseo_metadesc":"","yoast_wpseo_canonical":""},"_links":{"self":[{"href":"https:\/\/chemuza.org\/de\/wp-json\/wp\/v2\/pages\/1586","targetHints":{"allow":["GET"]}}],"collection":[{"href":"https:\/\/chemuza.org\/de\/wp-json\/wp\/v2\/pages"}],"about":[{"href":"https:\/\/chemuza.org\/de\/wp-json\/wp\/v2\/types\/page"}],"author":[{"embeddable":true,"href":"https:\/\/chemuza.org\/de\/wp-json\/wp\/v2\/users\/1"}],"replies":[{"embeddable":true,"href":"https:\/\/chemuza.org\/de\/wp-json\/wp\/v2\/comments?post=1586"}],"version-history":[{"count":1,"href":"https:\/\/chemuza.org\/de\/wp-json\/wp\/v2\/pages\/1586\/revisions"}],"predecessor-version":[{"id":1656,"href":"https:\/\/chemuza.org\/de\/wp-json\/wp\/v2\/pages\/1586\/revisions\/1656"}],"wp:attachment":[{"href":"https:\/\/chemuza.org\/de\/wp-json\/wp\/v2\/media?parent=1586"}],"curies":[{"name":"wp","href":"https:\/\/api.w.org\/{rel}","templated":true}]}}