{"id":1585,"date":"2023-10-25T13:51:10","date_gmt":"2023-10-25T13:51:10","guid":{"rendered":"https:\/\/chemuza.org\/de\/foiemorio\/"},"modified":"2023-10-25T13:51:10","modified_gmt":"2023-10-25T13:51:10","slug":"foiemorio","status":"publish","type":"page","link":"https:\/\/chemuza.org\/de\/foiemorio\/","title":{"rendered":"Livermorium"},"content":{"rendered":"<p>Livermorio ist ein synthetisches Element radioaktiver Natur, das in der Umwelt nicht vorhanden ist. Es besteht aus 4 Isotopen, die einen kurzfristigen Alpha-Zerfall aufweisen. Der 293 Lv ist mit einer Dauer von 53 Millisekunden einer der stabilsten. Da es relativ neu ist, sind seine n\u00fctzlichen Anwendungen unbekannt. Dennoch verraten wir Ihnen die wichtigsten Eigenschaften und weitere interessante Informationen.<\/p>\n<h2> <strong>Was ist Livermorium?<\/strong><\/h2>\n<p> Es ist ein chemisches Element im Periodensystem der P-Blockmetalle mit der Ordnungszahl 116. Fr\u00fcher war es als Ununhexium bekannt, es ist radioaktiv und transaktinid, da es eine Ordnungszahl gr\u00f6\u00dfer als 92 und \u00e4hnliche Eigenschaften wie Metalle aufweist. Es wird angenommen, dass sein nat\u00fcrlicher Zustand fest ist und seine Isotope so instabil sind, dass eine gr\u00fcndliche Analyse sich als nahezu unm\u00f6glich erweist.<\/p>\n<h3> <strong>Symbol von Livermorium<\/strong><\/h3>\n<p> <span class=\"content-chemical-element\" style=\"float: left;width: 65px;height: 65px;border: 3px solid #666; display:flex;\n    justify-content: center;align-items: center;margin-right: 15px;\"><span style=\"font-size: 38px;\">Lv<\/span><\/span> erhielt diesen Namen, nachdem es im Lawrence Livermore National Laboratory in Kalifornien entdeckt wurde. Zuerst hie\u00df es Ununhexium, aber einige Chemiker schlugen vor, dass es zu Ehren von G. Flyrov den Namen Flerovio erhielt, weil bei seiner Gewinnung einige seiner Atome zerfallen und sich in dieses Element verwandeln. Im Jahr 2011 wurde schlie\u00dflich der Name Livermorio best\u00e4tigt.<\/p>\n<h2> <strong>Funktionen von Livemorio<\/strong><\/h2>\n<p> Das Element Livermorium befindet sich in Gruppe 16, Periode 7 des Periodensystems. Es handelt sich von Natur aus um ein Transactinid, das instabil und radioaktiv ist und Alpha-, Beta- und Gammastrahlen aussendet, weshalb es sich schnell zersetzt. Dar\u00fcber hinaus ist es sehr schwer und wird als Metall eingestuft. Weitere Merkmale dieses Elements sind:<\/p>\n<ul>\n<li> <strong>Zustand<\/strong> : Vermutlich solide.<\/li>\n<li> <strong>Farbe<\/strong> : Keine Daten.<\/li>\n<li> <strong>Geschmack und Geruch<\/strong> : Nicht bestimmt.<\/li>\n<li> <strong>Toxizit\u00e4t<\/strong> : Hoch angesichts der emittierten Strahlung.<\/li>\n<li> <strong>Radioaktivit\u00e4t<\/strong> : Hoch, bei seinem Zerfall entstehen Gamma-, Beta- und Alphastrahlen.<\/li>\n<li> <strong>Zusammensetzung<\/strong> : Der Kern besteht aus 116 Elektronen und Protonen sowie 177 Neutronen.<\/li>\n<li> <strong>L\u00f6slichkeit<\/strong> : Nicht festgestellt.<\/li>\n<li> <strong>Struktur<\/strong> : Keine Daten.<\/li>\n<li> <strong>Isotope<\/strong> : Es hat 4, instabile, mit Atommassen von 290 bis 293.<\/li>\n<\/ul>\n<h2> <strong>Chemische und physikalische Eigenschaften von Livermorium<\/strong><\/h2>\n<ol>\n<li> <strong>Ordnungszahl<\/strong> : 116<\/li>\n<li> <strong>Zeitraum<\/strong> : 7<\/li>\n<li> <strong>Blockieren<\/strong> \ud83d\ude1b<\/li>\n<li> <strong>Gruppe<\/strong> : 16<\/li>\n<li> <strong>Atomradius:<\/strong> 183 Uhr<\/li>\n<li> <strong>Elektronegativit\u00e4t:<\/strong> 1,61<\/li>\n<li> <strong>Dichte:<\/strong> 12,9 g\/cm\u00b3<\/li>\n<li> <strong>Oxidationsstufe<\/strong> : 2,2, 4<\/li>\n<li> <strong>Kovalenter Radius (\u00c5):<\/strong> 175<\/li>\n<li> <strong>Durchschnittlicher Radius:<\/strong> unbekannt <strong>.<\/strong><\/li>\n<li> <strong>Atommasse (g\/mol):<\/strong> 291u<\/li>\n<li> <strong>Schmelzpunkt:<\/strong> 364\u2013507 \u00b0C<\/li>\n<li> <strong>Siedepunkt:<\/strong> 762-862<strong> <\/strong>\u00b0C<\/li>\n<li> <strong>Elektronen pro Schicht<\/strong> : 2, 8, 18, 32, 32, 18, 6<\/li>\n<li> <strong>Elektronische Konfiguration:<\/strong> [Rn] 5f14 6d10 7s2 7p4<\/li>\n<li> <strong>Erstes Ionisierungspotential<\/strong> (eV): 723,6 kJ\/mol<\/li>\n<li> <strong>W\u00e4rmeleitf\u00e4higkeit:<\/strong> Nicht berechnet.<\/li>\n<\/ol>\n<h2> <strong>Herkunft von<\/strong><strong><\/strong> <strong>Livermorium<\/strong><\/h2>\n<p> Das Element wurde im Jahr 2000 im Lawrence National Laboratory in Kalifornien entdeckt. Dort beschossen Wissenschaftler das Isotop Californium 248 in einem Zyklotron mit Calcium-48-Ionen. Dabei wurden 4 kurzlebige Neutronen gewonnen, deren Zerfall bei 292 Lv etwas l\u00e4nger dauert. Anschlie\u00dfend, zwei Sekunden sp\u00e4ter, zerf\u00e4llt das Element in andere schwere Atome, Flerovio 288, weshalb wir uns \u00fcberlegt haben, ihm diesen Namen zu geben.<\/p>\n<h2> <strong>Wof\u00fcr wird Livermorio angewendet?<\/strong><\/h2>\n<p> Das chemische Element Livermorium ist sehr instabil, kurzlebig und schwer zu erhalten, sodass es heute nur wenige praktische Anwendungen gibt. Die wenigen gewonnenen Proben werden in wissenschaftlichen Einrichtungen analysiert.<\/p>\n<h2> <strong>Auswirkungen von Livermorio auf die Gesundheit<\/strong><\/h2>\n<p> Da die Eigenschaften von Livermorium radioaktiv und synthetisch sind, m\u00fcssen beim Umgang damit Sicherheitsvorkehrungen getroffen werden. Es ist wahrscheinlich, dass Analysen seine Toxizit\u00e4t feststellen werden, daher sollte es nicht im Alltag, sondern nur in speziellen Nuklearanlagen verwendet werden.<\/p>\n<h2> <strong>Interessante Fakten \u00fcber Livermorio<\/strong><\/h2>\n<p> Dieses Element wurde im Juli 2000 von einer Gruppe von Wissenschaftlern des Lawrence Livermore National Laboratory geschaffen. An der Entdeckung waren Chemiker des Dubna Nuclear Research Institute beteiligt. Dort stellten sie fest, dass der Beschuss von 248 Californium mit Calcium-48-Ionen zur Bildung von Livermorium durch Alpha-Zerfall f\u00fchrte. Kennen Sie weitere relevante Daten:<\/p>\n<ul>\n<li> Aufgrund seiner Position im Periodensystem wird gesch\u00e4tzt, dass es bei Raumtemperatur ein fest erscheinendes Metall ist, das \u00e4hnliche Vorteile wie Polonium aufweist.<\/li>\n<li> Es teilt wahrscheinlich Eigenschaften mit Schwefel, Sauerstoff, Tellur und Selen.<\/li>\n<li> Aufgrund der st\u00e4ndig durchgef\u00fchrten Untersuchungen wird erwartet, dass das Element eine Oxidationsstufe von +2,+4 aufweist, ohne +6 zu erreichen.<\/li>\n<li> Es wird gesch\u00e4tzt, dass es einen niedrigen Siedepunkt und einen hohen Schmelzpunkt hat.<\/li>\n<li> Das Element n\u00e4hert sich der Kernstabilit\u00e4t, da seine zerfallenden Atome Strahlung aussenden, was darauf hindeutet, dass es bei der Erzeugung dieser Art von Energie n\u00fctzlich sein k\u00f6nnte.<\/li>\n<\/ul>\n<p> Kurz gesagt, dieses Element ist v\u00f6llig k\u00fcnstlich und radioaktiv. Seine Herstellung ist nur in einem Beschleuniger oder Zyklotron f\u00fcr Teilchen superschwerer Elemente m\u00f6glich. Die entstehenden Atome sterben innerhalb von Sekunden ab, sodass die Einsatzm\u00f6glichkeiten von Livermorium sehr begrenzt sind.<\/p>\n","protected":false},"excerpt":{"rendered":"<p>Livermorio ist ein synthetisches Element radioaktiver Natur, das in der Umwelt nicht vorhanden ist. Es besteht aus 4 Isotopen, die einen kurzfristigen Alpha-Zerfall aufweisen. Der 293 Lv ist mit einer Dauer von 53 Millisekunden einer der stabilsten. Da es relativ neu ist, sind seine n\u00fctzlichen Anwendungen unbekannt. Dennoch verraten wir Ihnen die wichtigsten Eigenschaften und &#8230; <a title=\"Livermorium\" class=\"read-more\" href=\"https:\/\/chemuza.org\/de\/foiemorio\/\" aria-label=\"Mehr zu Livermorium\">Mehr lesen<\/a><\/p>\n","protected":false},"author":1,"featured_media":0,"parent":0,"menu_order":0,"comment_status":"closed","ping_status":"closed","template":"","meta":{"footnotes":""},"class_list":["post-1585","page","type-page","status-publish"],"yoast_head":"<!-- This site is optimized with the Yoast SEO plugin v21.4 - https:\/\/yoast.com\/wordpress\/plugins\/seo\/ -->\n<title>Livermorium - Chemuza<\/title>\n<meta name=\"robots\" content=\"index, follow, max-snippet:-1, max-image-preview:large, max-video-preview:-1\" \/>\n<link rel=\"canonical\" href=\"https:\/\/chemuza.org\/de\/foiemorio\/\" \/>\n<meta property=\"og:locale\" content=\"de_DE\" \/>\n<meta property=\"og:type\" content=\"article\" \/>\n<meta property=\"og:title\" content=\"Livermorium - Chemuza\" \/>\n<meta property=\"og:description\" content=\"Livermorio ist ein synthetisches Element radioaktiver Natur, das in der Umwelt nicht vorhanden ist. Es besteht aus 4 Isotopen, die einen kurzfristigen Alpha-Zerfall aufweisen. Der 293 Lv ist mit einer Dauer von 53 Millisekunden einer der stabilsten. Da es relativ neu ist, sind seine n\u00fctzlichen Anwendungen unbekannt. Dennoch verraten wir Ihnen die wichtigsten Eigenschaften und ... Mehr lesen\" \/>\n<meta property=\"og:url\" content=\"https:\/\/chemuza.org\/de\/foiemorio\/\" \/>\n<meta property=\"og:site_name\" content=\"Chemuza\" \/>\n<meta name=\"twitter:card\" content=\"summary_large_image\" \/>\n<meta name=\"twitter:label1\" content=\"Gesch\u00e4tzte Lesezeit\" \/>\n\t<meta name=\"twitter:data1\" content=\"3\u00a0Minuten\" \/>\n<script type=\"application\/ld+json\" class=\"yoast-schema-graph\">{\"@context\":\"https:\/\/schema.org\",\"@graph\":[{\"@type\":\"WebPage\",\"@id\":\"https:\/\/chemuza.org\/de\/foiemorio\/\",\"url\":\"https:\/\/chemuza.org\/de\/foiemorio\/\",\"name\":\"Livermorium - Chemuza\",\"isPartOf\":{\"@id\":\"https:\/\/chemuza.org\/de\/#website\"},\"datePublished\":\"2023-10-25T13:51:10+00:00\",\"dateModified\":\"2023-10-25T13:51:10+00:00\",\"breadcrumb\":{\"@id\":\"https:\/\/chemuza.org\/de\/foiemorio\/#breadcrumb\"},\"inLanguage\":\"de\",\"potentialAction\":[{\"@type\":\"ReadAction\",\"target\":[\"https:\/\/chemuza.org\/de\/foiemorio\/\"]}]},{\"@type\":\"BreadcrumbList\",\"@id\":\"https:\/\/chemuza.org\/de\/foiemorio\/#breadcrumb\",\"itemListElement\":[{\"@type\":\"ListItem\",\"position\":1,\"name\":\"Heim\",\"item\":\"https:\/\/chemuza.org\/de\/\"},{\"@type\":\"ListItem\",\"position\":2,\"name\":\"Livermorium\"}]},{\"@type\":\"WebSite\",\"@id\":\"https:\/\/chemuza.org\/de\/#website\",\"url\":\"https:\/\/chemuza.org\/de\/\",\"name\":\"Chemuza\",\"description\":\"Ihr Tor zur chemischen Entdeckung\",\"publisher\":{\"@id\":\"https:\/\/chemuza.org\/de\/#organization\"},\"potentialAction\":[{\"@type\":\"SearchAction\",\"target\":{\"@type\":\"EntryPoint\",\"urlTemplate\":\"https:\/\/chemuza.org\/de\/?s={search_term_string}\"},\"query-input\":\"required name=search_term_string\"}],\"inLanguage\":\"de\"},{\"@type\":\"Organization\",\"@id\":\"https:\/\/chemuza.org\/de\/#organization\",\"name\":\"Chemuza\",\"url\":\"https:\/\/chemuza.org\/de\/\",\"logo\":{\"@type\":\"ImageObject\",\"inLanguage\":\"de\",\"@id\":\"https:\/\/chemuza.org\/de\/#\/schema\/logo\/image\/\",\"url\":\"https:\/\/chemuza.org\/de\/wp-content\/uploads\/2023\/10\/chemuza-logo.png\",\"contentUrl\":\"https:\/\/chemuza.org\/de\/wp-content\/uploads\/2023\/10\/chemuza-logo.png\",\"width\":387,\"height\":70,\"caption\":\"Chemuza\"},\"image\":{\"@id\":\"https:\/\/chemuza.org\/de\/#\/schema\/logo\/image\/\"}}]}<\/script>\n<!-- \/ Yoast SEO plugin. -->","yoast_head_json":{"title":"Livermorium - Chemuza","robots":{"index":"index","follow":"follow","max-snippet":"max-snippet:-1","max-image-preview":"max-image-preview:large","max-video-preview":"max-video-preview:-1"},"canonical":"https:\/\/chemuza.org\/de\/foiemorio\/","og_locale":"de_DE","og_type":"article","og_title":"Livermorium - Chemuza","og_description":"Livermorio ist ein synthetisches Element radioaktiver Natur, das in der Umwelt nicht vorhanden ist. Es besteht aus 4 Isotopen, die einen kurzfristigen Alpha-Zerfall aufweisen. Der 293 Lv ist mit einer Dauer von 53 Millisekunden einer der stabilsten. Da es relativ neu ist, sind seine n\u00fctzlichen Anwendungen unbekannt. Dennoch verraten wir Ihnen die wichtigsten Eigenschaften und ... Mehr lesen","og_url":"https:\/\/chemuza.org\/de\/foiemorio\/","og_site_name":"Chemuza","twitter_card":"summary_large_image","twitter_misc":{"Gesch\u00e4tzte Lesezeit":"3\u00a0Minuten"},"schema":{"@context":"https:\/\/schema.org","@graph":[{"@type":"WebPage","@id":"https:\/\/chemuza.org\/de\/foiemorio\/","url":"https:\/\/chemuza.org\/de\/foiemorio\/","name":"Livermorium - Chemuza","isPartOf":{"@id":"https:\/\/chemuza.org\/de\/#website"},"datePublished":"2023-10-25T13:51:10+00:00","dateModified":"2023-10-25T13:51:10+00:00","breadcrumb":{"@id":"https:\/\/chemuza.org\/de\/foiemorio\/#breadcrumb"},"inLanguage":"de","potentialAction":[{"@type":"ReadAction","target":["https:\/\/chemuza.org\/de\/foiemorio\/"]}]},{"@type":"BreadcrumbList","@id":"https:\/\/chemuza.org\/de\/foiemorio\/#breadcrumb","itemListElement":[{"@type":"ListItem","position":1,"name":"Heim","item":"https:\/\/chemuza.org\/de\/"},{"@type":"ListItem","position":2,"name":"Livermorium"}]},{"@type":"WebSite","@id":"https:\/\/chemuza.org\/de\/#website","url":"https:\/\/chemuza.org\/de\/","name":"Chemuza","description":"Ihr Tor zur chemischen Entdeckung","publisher":{"@id":"https:\/\/chemuza.org\/de\/#organization"},"potentialAction":[{"@type":"SearchAction","target":{"@type":"EntryPoint","urlTemplate":"https:\/\/chemuza.org\/de\/?s={search_term_string}"},"query-input":"required name=search_term_string"}],"inLanguage":"de"},{"@type":"Organization","@id":"https:\/\/chemuza.org\/de\/#organization","name":"Chemuza","url":"https:\/\/chemuza.org\/de\/","logo":{"@type":"ImageObject","inLanguage":"de","@id":"https:\/\/chemuza.org\/de\/#\/schema\/logo\/image\/","url":"https:\/\/chemuza.org\/de\/wp-content\/uploads\/2023\/10\/chemuza-logo.png","contentUrl":"https:\/\/chemuza.org\/de\/wp-content\/uploads\/2023\/10\/chemuza-logo.png","width":387,"height":70,"caption":"Chemuza"},"image":{"@id":"https:\/\/chemuza.org\/de\/#\/schema\/logo\/image\/"}}]}},"yoast_meta":{"yoast_wpseo_title":"","yoast_wpseo_metadesc":"","yoast_wpseo_canonical":""},"_links":{"self":[{"href":"https:\/\/chemuza.org\/de\/wp-json\/wp\/v2\/pages\/1585","targetHints":{"allow":["GET"]}}],"collection":[{"href":"https:\/\/chemuza.org\/de\/wp-json\/wp\/v2\/pages"}],"about":[{"href":"https:\/\/chemuza.org\/de\/wp-json\/wp\/v2\/types\/page"}],"author":[{"embeddable":true,"href":"https:\/\/chemuza.org\/de\/wp-json\/wp\/v2\/users\/1"}],"replies":[{"embeddable":true,"href":"https:\/\/chemuza.org\/de\/wp-json\/wp\/v2\/comments?post=1585"}],"version-history":[{"count":1,"href":"https:\/\/chemuza.org\/de\/wp-json\/wp\/v2\/pages\/1585\/revisions"}],"predecessor-version":[{"id":1650,"href":"https:\/\/chemuza.org\/de\/wp-json\/wp\/v2\/pages\/1585\/revisions\/1650"}],"wp:attachment":[{"href":"https:\/\/chemuza.org\/de\/wp-json\/wp\/v2\/media?parent=1585"}],"curies":[{"name":"wp","href":"https:\/\/api.w.org\/{rel}","templated":true}]}}