{"id":1584,"date":"2023-10-25T13:51:23","date_gmt":"2023-10-25T13:51:23","guid":{"rendered":"https:\/\/chemuza.org\/de\/flerovium\/"},"modified":"2023-10-25T13:51:23","modified_gmt":"2023-10-25T13:51:23","slug":"flerovium","status":"publish","type":"page","link":"https:\/\/chemuza.org\/de\/flerovium\/","title":{"rendered":"Flerovium"},"content":{"rendered":"<p>Flerovium ist ein radioaktives, synthetisches Element, das in der Erdkruste nicht vorkommt. Seine Herstellung ist k\u00fcnstlich und selten, da nur wenige Atome des Elements gewonnen werden. Es wird gesch\u00e4tzt, dass es aus 7 Isotopen mit Massenzahlen zwischen 286 und 289 besteht, die jedoch instabil und kurzlebig sind. Entdecken Sie weitere interessante Funktionen und Daten.<\/p>\n<h2> <strong>Was ist Flerovium?<\/strong><\/h2>\n<p> Als chemisches Element kommt es im Periodensystem unter der Ordnungszahl 114 in P-Block-Metallen vor. Es handelt sich um ein hochradioaktives Transactinid-Element, das nur in Speziallabors erzeugt wird. Dar\u00fcber hinaus ist von seinen 7 Isotopen nur 289Fl mit einer Halbwertszeit von 2,6 Sekunden etwas stabiler. Dar\u00fcber hinaus wird angenommen, dass sich in seinem Kern ein Isomer oder Molek\u00fcl befindet, das 66 Sekunden dauert, was das l\u00e4ngste dieser k\u00fcnstlichen Elemente ist.<\/p>\n<h3> <strong>Symbol von Flerovium<\/strong><\/h3>\n<p> <span class=\"content-chemical-element\" style=\"float: left;width: 65px;height: 65px;border: 3px solid #666; display:flex;\n    justify-content: center;align-items: center;margin-right: 15px;\"><span style=\"font-size: 38px;\">Fl<\/span><\/span> Es ist nach Georgi Flerov, Kernphysiker und Gr\u00fcnder des Flerov-Labors in Dubna, benannt. Vor seinem offiziellen Namen war es in Anlehnung an seine Ordnungszahl 114 als Ununquadio bekannt.<\/p>\n<h2> <strong>Eigenschaften von Flerovium<\/strong><\/h2>\n<p> Das chemische Element Flerovium befindet sich in der Gruppe 17 unter dem Symbol Fl des Periodensystems. Es gilt als das schwerste seiner Serie unterhalb des Bleis. Dar\u00fcber hinaus wird gesch\u00e4tzt, dass es bei Raumtemperatur ein Metall mit 7 bekannten Isotopen ist. Weitere Flerovium-Funktionen:<\/p>\n<ul>\n<li> <strong>Zustand<\/strong> : Solide.<\/li>\n<li> <strong>Farbe<\/strong> : Unbekannt.<\/li>\n<li> <strong>Geschmack und Geruch<\/strong> : Nicht bestimmt.<\/li>\n<li> <strong>Toxizit\u00e4t<\/strong> : Hoch, da es radioaktiver Natur ist.<\/li>\n<li> <strong>Zusammensetzung<\/strong> : Bestehend aus 114 Elektronen und Protonen.<\/li>\n<li> <strong>L\u00f6slichkeit<\/strong> : Keine Daten.<\/li>\n<li> <strong>Struktur<\/strong> : Unbekannt.<\/li>\n<li> <strong>Chemische Reaktivit\u00e4t<\/strong> : Es befindet sich noch in der Studienphase.<\/li>\n<\/ul>\n<h2> <strong>Chemische und physikalische Eigenschaften von Flerovium<\/strong><\/h2>\n<ol>\n<li> <strong>Ordnungszahl<\/strong> : 114<\/li>\n<li> <strong>Zeitraum<\/strong> : 7<\/li>\n<li> <strong>Block<\/strong> : P<\/li>\n<li> <strong>Gruppe<\/strong> : 14<\/li>\n<li> <strong>Oxidationsstufe<\/strong> : 2, 4<\/li>\n<li> <strong>Kovalenter Radius (\u00c5):<\/strong> 142 Uhr<\/li>\n<li> <strong>Durchschnittlicher Radius:<\/strong> Unbekannt. <strong>&nbsp;<\/strong><\/li>\n<li> <strong>Atommasse (g\/mol):<\/strong> 287 u<\/li>\n<li> <strong>Dichte:<\/strong> 14 g\/cm\u00b3<\/li>\n<li> <strong>Schmelzpunkt:<\/strong> 67\u00b0C<\/li>\n<li> <strong>Atomradius:<\/strong> Keine Daten.<\/li>\n<li> <strong>Siedepunkt:<\/strong> 147\u00b0C<\/li>\n<li> <strong>Erstes Ionisierungspotential<\/strong> (eV): 820 kJ\/mol<\/li>\n<li> <strong>Zweites Ionisationspotential:<\/strong> 1620<\/li>\n<li> <strong>Elektronische Konfiguration:<\/strong> [Rn] 5f14 6d10 7s2 7p2<\/li>\n<li> <strong>Elektronen pro Schicht:<\/strong> 2, 8, 18, 32, 32, 18, 4<\/li>\n<li> <strong>Elektronegativit\u00e4t:<\/strong> Unbekannt <strong>.<\/strong><\/li>\n<li> <strong>W\u00e4rmeleitf\u00e4higkeit:<\/strong> Nicht berechnet.<\/li>\n<\/ol>\n<h2> <strong>Ursprung von Flerovium<\/strong><\/h2>\n<p> Dieses Element wurde 1998 am Gemeinsamen Forschungsinstitut Russlands entdeckt. Experten bombardierten das Isotop 244 Pu mit Calcium-48-Ionen, wodurch ein einzelnes Atom des Elements namens 289 Fl entstand, das in weniger als 10 Sekunden zerfiel. Die Schlussfolgerungen des Experiments wurden ver\u00f6ffentlicht, die beobachtete Zerfallsphase wiederholte sich jedoch nicht in gleicher Weise. Es wird vermutet, dass dies auf das Kernisomer zur\u00fcckzuf\u00fchren ist, das bestimmte Ver\u00e4nderungen verursacht.<\/p>\n<p> Um weitere Isotope zu erzeugen, verwendeten dieselben Wissenschaftler dann Plutonium 242 mit dem Element Ca 48. Es wurden zwei weitere Isotope erhalten, die mit einer Geschwindigkeit von 10 MeV oder Elektronenvolt zerfielen und dabei Alphastrahlung emittierten. Schlie\u00dflich wurde seine Entdeckung im Juni 1999 durch die Wiederholung des ersten Verfahrens best\u00e4tigt, bei dem es gelang, zwei zus\u00e4tzliche Atome mit einer durchschnittlichen Dauer von 2,6 Sekunden zu erhalten.<\/p>\n<h2> <strong>Wof\u00fcr wird Flerovio angewendet?<\/strong><\/h2>\n<p> Die Anwendungen von Flerovium befinden sich aufgrund seiner kurzen Lebensdauer in der Umwelt noch in der Analysephase. Es wird vermutet, dass es aufgrund seiner \u00c4hnlichkeit mit Blei Verbindungen bilden kann, dies war jedoch aufgrund seiner Instabilit\u00e4t schwer zu \u00fcberpr\u00fcfen. Die wenigen gewonnenen Proben sind daher wissenschaftlichen Zwecken vorbehalten.<\/p>\n<h2> <strong>Wo befindet sich das Flerovio<\/strong> ?<\/h2>\n<p> Das Element Flerovium ist radioaktiver und k\u00fcnstlicher Natur, das hei\u00dft, es kommt in der Natur nicht vor. Daher wird es vom Menschen durch Beschuss schwerer Kerne anderer Elemente in einem Teilchenbeschleuniger hergestellt und kommt nur in spezialisierten Strahlungslabors vor.<\/p>\n<h2> <strong>Kuriose Fakten \u00fcber das Flerovio<\/strong><\/h2>\n<p> Auffallend ist die Instabilit\u00e4t des Elements, da alle produzierten Mengen in weniger als einer Minute zerfallen. Es ist stark radioaktiv, da seine Isotope beim Zerfall Alphateilchen aussenden. Weitere interessante Daten sind wie folgt zusammengefasst:<\/p>\n<ul>\n<li> Aufgrund seiner atomaren Zusammensetzung wird es als Superschwermetall eingestuft.<\/li>\n<li> Bisher wurden 7 Isotope erkannt, die alle nur von kurzer Dauer waren.<\/li>\n<li> Nur eines seiner Isotope \u00fcberlebt das Leben 19 Sekunden lang.<\/li>\n<li> Bei Raumtemperatur um die 20 \u00b0C geht es in den gasf\u00f6rmigen Zustand \u00fcber und bleibt dieser auch.<\/li>\n<li> Seine Eigenschaften \u00e4hneln denen anderer Edelgase wie Copernicium.<\/li>\n<\/ul>\n<p> Zusammenfassend l\u00e4sst sich sagen, dass dieses Element superschwer, radioaktiv und in der Umwelt sehr instabil ist. Aufgrund seines schweren Kerns und seiner F\u00e4higkeit, in einen gasf\u00f6rmigen Zustand \u00fcberzugehen, wird es in die Metallreihe eingeordnet. Derzeit ist der Einsatz von Flerovio auf die wissenschaftliche Forschung beschr\u00e4nkt, da es sich noch in der Analysephase befindet.<\/p>\n","protected":false},"excerpt":{"rendered":"<p>Flerovium ist ein radioaktives, synthetisches Element, das in der Erdkruste nicht vorkommt. Seine Herstellung ist k\u00fcnstlich und selten, da nur wenige Atome des Elements gewonnen werden. Es wird gesch\u00e4tzt, dass es aus 7 Isotopen mit Massenzahlen zwischen 286 und 289 besteht, die jedoch instabil und kurzlebig sind. Entdecken Sie weitere interessante Funktionen und Daten. Was &#8230; <a title=\"Flerovium\" class=\"read-more\" href=\"https:\/\/chemuza.org\/de\/flerovium\/\" aria-label=\"Mehr zu Flerovium\">Mehr lesen<\/a><\/p>\n","protected":false},"author":1,"featured_media":0,"parent":0,"menu_order":0,"comment_status":"closed","ping_status":"closed","template":"","meta":{"footnotes":""},"class_list":["post-1584","page","type-page","status-publish"],"yoast_head":"<!-- This site is optimized with the Yoast SEO plugin v21.4 - https:\/\/yoast.com\/wordpress\/plugins\/seo\/ -->\n<title>Flerovium - Chemuza<\/title>\n<meta name=\"robots\" content=\"index, follow, max-snippet:-1, max-image-preview:large, max-video-preview:-1\" \/>\n<link rel=\"canonical\" href=\"https:\/\/chemuza.org\/de\/flerovium\/\" \/>\n<meta property=\"og:locale\" content=\"de_DE\" \/>\n<meta property=\"og:type\" content=\"article\" \/>\n<meta property=\"og:title\" content=\"Flerovium - Chemuza\" \/>\n<meta property=\"og:description\" content=\"Flerovium ist ein radioaktives, synthetisches Element, das in der Erdkruste nicht vorkommt. Seine Herstellung ist k\u00fcnstlich und selten, da nur wenige Atome des Elements gewonnen werden. Es wird gesch\u00e4tzt, dass es aus 7 Isotopen mit Massenzahlen zwischen 286 und 289 besteht, die jedoch instabil und kurzlebig sind. Entdecken Sie weitere interessante Funktionen und Daten. Was ... Mehr lesen\" \/>\n<meta property=\"og:url\" content=\"https:\/\/chemuza.org\/de\/flerovium\/\" \/>\n<meta property=\"og:site_name\" content=\"Chemuza\" \/>\n<meta name=\"twitter:card\" content=\"summary_large_image\" \/>\n<meta name=\"twitter:label1\" content=\"Gesch\u00e4tzte Lesezeit\" \/>\n\t<meta name=\"twitter:data1\" content=\"3\u00a0Minuten\" \/>\n<script type=\"application\/ld+json\" class=\"yoast-schema-graph\">{\"@context\":\"https:\/\/schema.org\",\"@graph\":[{\"@type\":\"WebPage\",\"@id\":\"https:\/\/chemuza.org\/de\/flerovium\/\",\"url\":\"https:\/\/chemuza.org\/de\/flerovium\/\",\"name\":\"Flerovium - Chemuza\",\"isPartOf\":{\"@id\":\"https:\/\/chemuza.org\/de\/#website\"},\"datePublished\":\"2023-10-25T13:51:23+00:00\",\"dateModified\":\"2023-10-25T13:51:23+00:00\",\"breadcrumb\":{\"@id\":\"https:\/\/chemuza.org\/de\/flerovium\/#breadcrumb\"},\"inLanguage\":\"de\",\"potentialAction\":[{\"@type\":\"ReadAction\",\"target\":[\"https:\/\/chemuza.org\/de\/flerovium\/\"]}]},{\"@type\":\"BreadcrumbList\",\"@id\":\"https:\/\/chemuza.org\/de\/flerovium\/#breadcrumb\",\"itemListElement\":[{\"@type\":\"ListItem\",\"position\":1,\"name\":\"Heim\",\"item\":\"https:\/\/chemuza.org\/de\/\"},{\"@type\":\"ListItem\",\"position\":2,\"name\":\"Flerovium\"}]},{\"@type\":\"WebSite\",\"@id\":\"https:\/\/chemuza.org\/de\/#website\",\"url\":\"https:\/\/chemuza.org\/de\/\",\"name\":\"Chemuza\",\"description\":\"Ihr Tor zur chemischen Entdeckung\",\"publisher\":{\"@id\":\"https:\/\/chemuza.org\/de\/#organization\"},\"potentialAction\":[{\"@type\":\"SearchAction\",\"target\":{\"@type\":\"EntryPoint\",\"urlTemplate\":\"https:\/\/chemuza.org\/de\/?s={search_term_string}\"},\"query-input\":\"required name=search_term_string\"}],\"inLanguage\":\"de\"},{\"@type\":\"Organization\",\"@id\":\"https:\/\/chemuza.org\/de\/#organization\",\"name\":\"Chemuza\",\"url\":\"https:\/\/chemuza.org\/de\/\",\"logo\":{\"@type\":\"ImageObject\",\"inLanguage\":\"de\",\"@id\":\"https:\/\/chemuza.org\/de\/#\/schema\/logo\/image\/\",\"url\":\"https:\/\/chemuza.org\/de\/wp-content\/uploads\/2023\/10\/chemuza-logo.png\",\"contentUrl\":\"https:\/\/chemuza.org\/de\/wp-content\/uploads\/2023\/10\/chemuza-logo.png\",\"width\":387,\"height\":70,\"caption\":\"Chemuza\"},\"image\":{\"@id\":\"https:\/\/chemuza.org\/de\/#\/schema\/logo\/image\/\"}}]}<\/script>\n<!-- \/ Yoast SEO plugin. -->","yoast_head_json":{"title":"Flerovium - Chemuza","robots":{"index":"index","follow":"follow","max-snippet":"max-snippet:-1","max-image-preview":"max-image-preview:large","max-video-preview":"max-video-preview:-1"},"canonical":"https:\/\/chemuza.org\/de\/flerovium\/","og_locale":"de_DE","og_type":"article","og_title":"Flerovium - Chemuza","og_description":"Flerovium ist ein radioaktives, synthetisches Element, das in der Erdkruste nicht vorkommt. Seine Herstellung ist k\u00fcnstlich und selten, da nur wenige Atome des Elements gewonnen werden. Es wird gesch\u00e4tzt, dass es aus 7 Isotopen mit Massenzahlen zwischen 286 und 289 besteht, die jedoch instabil und kurzlebig sind. Entdecken Sie weitere interessante Funktionen und Daten. Was ... Mehr lesen","og_url":"https:\/\/chemuza.org\/de\/flerovium\/","og_site_name":"Chemuza","twitter_card":"summary_large_image","twitter_misc":{"Gesch\u00e4tzte Lesezeit":"3\u00a0Minuten"},"schema":{"@context":"https:\/\/schema.org","@graph":[{"@type":"WebPage","@id":"https:\/\/chemuza.org\/de\/flerovium\/","url":"https:\/\/chemuza.org\/de\/flerovium\/","name":"Flerovium - Chemuza","isPartOf":{"@id":"https:\/\/chemuza.org\/de\/#website"},"datePublished":"2023-10-25T13:51:23+00:00","dateModified":"2023-10-25T13:51:23+00:00","breadcrumb":{"@id":"https:\/\/chemuza.org\/de\/flerovium\/#breadcrumb"},"inLanguage":"de","potentialAction":[{"@type":"ReadAction","target":["https:\/\/chemuza.org\/de\/flerovium\/"]}]},{"@type":"BreadcrumbList","@id":"https:\/\/chemuza.org\/de\/flerovium\/#breadcrumb","itemListElement":[{"@type":"ListItem","position":1,"name":"Heim","item":"https:\/\/chemuza.org\/de\/"},{"@type":"ListItem","position":2,"name":"Flerovium"}]},{"@type":"WebSite","@id":"https:\/\/chemuza.org\/de\/#website","url":"https:\/\/chemuza.org\/de\/","name":"Chemuza","description":"Ihr Tor zur chemischen Entdeckung","publisher":{"@id":"https:\/\/chemuza.org\/de\/#organization"},"potentialAction":[{"@type":"SearchAction","target":{"@type":"EntryPoint","urlTemplate":"https:\/\/chemuza.org\/de\/?s={search_term_string}"},"query-input":"required name=search_term_string"}],"inLanguage":"de"},{"@type":"Organization","@id":"https:\/\/chemuza.org\/de\/#organization","name":"Chemuza","url":"https:\/\/chemuza.org\/de\/","logo":{"@type":"ImageObject","inLanguage":"de","@id":"https:\/\/chemuza.org\/de\/#\/schema\/logo\/image\/","url":"https:\/\/chemuza.org\/de\/wp-content\/uploads\/2023\/10\/chemuza-logo.png","contentUrl":"https:\/\/chemuza.org\/de\/wp-content\/uploads\/2023\/10\/chemuza-logo.png","width":387,"height":70,"caption":"Chemuza"},"image":{"@id":"https:\/\/chemuza.org\/de\/#\/schema\/logo\/image\/"}}]}},"yoast_meta":{"yoast_wpseo_title":"","yoast_wpseo_metadesc":"","yoast_wpseo_canonical":""},"_links":{"self":[{"href":"https:\/\/chemuza.org\/de\/wp-json\/wp\/v2\/pages\/1584","targetHints":{"allow":["GET"]}}],"collection":[{"href":"https:\/\/chemuza.org\/de\/wp-json\/wp\/v2\/pages"}],"about":[{"href":"https:\/\/chemuza.org\/de\/wp-json\/wp\/v2\/types\/page"}],"author":[{"embeddable":true,"href":"https:\/\/chemuza.org\/de\/wp-json\/wp\/v2\/users\/1"}],"replies":[{"embeddable":true,"href":"https:\/\/chemuza.org\/de\/wp-json\/wp\/v2\/comments?post=1584"}],"version-history":[{"count":1,"href":"https:\/\/chemuza.org\/de\/wp-json\/wp\/v2\/pages\/1584\/revisions"}],"predecessor-version":[{"id":1628,"href":"https:\/\/chemuza.org\/de\/wp-json\/wp\/v2\/pages\/1584\/revisions\/1628"}],"wp:attachment":[{"href":"https:\/\/chemuza.org\/de\/wp-json\/wp\/v2\/media?parent=1584"}],"curies":[{"name":"wp","href":"https:\/\/api.w.org\/{rel}","templated":true}]}}