{"id":1583,"date":"2023-10-25T13:51:22","date_gmt":"2023-10-25T13:51:22","guid":{"rendered":"https:\/\/chemuza.org\/de\/kopernikus\/"},"modified":"2023-10-25T13:51:22","modified_gmt":"2023-10-25T13:51:22","slug":"kopernikus","status":"publish","type":"page","link":"https:\/\/chemuza.org\/de\/kopernikus\/","title":{"rendered":"Kopernikus"},"content":{"rendered":"<p>Der Kopernikus<strong> <\/strong>Es handelt sich um ein schweres und hochradioaktives Element, das in der Erdkruste nicht auf seine Art vorkommt. Daher wird es in Forschungslaboren synthetisch hergestellt, um seinen Nutzen zu entdecken. Hier erfahren Sie, was derzeit \u00fcber seine Eigenschaften, Herkunft und Eigenschaften bekannt ist.<\/p>\n<h2> <strong>Was ist Kopernikus?<\/strong><\/h2>\n<p> Ununbium, wie Copernicium fr\u00fcher genannt wurde, geh\u00f6rt zu den \u00dcbergangsmetallen und hat wahrscheinlich eine metallische, wei\u00dfe, graue oder silberne Farbe. Derzeit sind nur 8 Isotope bekannt, von denen 4 eine kurze durchschnittliche Lebensdauer haben. Am stabilsten ist 285 Copernicium mit einer Halbwertszeit von 29 Sekunden. In dieser Zeit zerf\u00e4llt es in Darmstadtium <sup>281<\/sup> und erzeugt Alphateilchen.<\/p>\n<h3> <strong>Kopernikus-Symbol<\/strong><\/h3>\n<p> <span class=\"content-chemical-element\" style=\"float: left;width: 65px;height: 65px;border: 3px solid #666; display:flex;\n    justify-content: center;align-items: center;margin-right: 15px;\"><span style=\"font-size: 38px;\">Cn<\/span><\/span> befindet sich in der 12. Gruppe des Periodensystems mit der Ordnungszahl 112 und einer Atommasse von 285, im Block d und in der Periode 7. Im Vergleich zu Wasserstoff ist es 277-mal schwerer und d\u00fcrfte damit das schwerste Metall \u00fcberhaupt sein die chemischen Elemente im Periodensystem.<\/p>\n<h2> <strong>Eigenschaften von Copernicium<\/strong><\/h2>\n<p> Es hat hohe Schmelz- und Siedetemperaturen und kann daher schwanken, bis es verschwindet. Die elektronische Konfiguration bestimmt, dass es sich um Periode 7, Gruppe 12 handelt. Weitere Merkmale von Copernicus sind:<\/p>\n<ul>\n<li> <strong>Radioaktivit\u00e4t:<\/strong> Hochradioaktives synthetisches Material.<\/li>\n<li> <strong>Isotope:<\/strong> Es gibt keine stabilen Isotope.<\/li>\n<li> <strong>Leitf\u00e4higkeit:<\/strong> Es ist ein guter Leiter f\u00fcr Strom und W\u00e4rme.<\/li>\n<li> <strong>Aussehen:<\/strong> Unbekannt, vermutlich metallisch mit Wei\u00dft\u00f6nen.<\/li>\n<li> <strong>Kristallstruktur:<\/strong> Kompakt sechseckig.<\/li>\n<\/ul>\n<h2> <strong>Chemische und physikalische Eigenschaften von Copernicium<\/strong><\/h2>\n<ol>\n<li> <strong>Ordnungszahl<\/strong> : 112<\/li>\n<li> <strong>Atomradius:<\/strong> vorhergesagt 147<\/li>\n<li> <strong>Kovalenter Strahl:<\/strong> vorhergesagt<strong> <\/strong>122<\/li>\n<li> <strong>Oxidationsstufe:<\/strong> 4,2<\/li>\n<li> <strong>Phase in STP:<\/strong> Fl\u00fcssigkeit<\/li>\n<li> <strong>Dichte:<\/strong> 14,0 g\/cm\u00b3<\/li>\n<li> <strong>Nat\u00fcrliches Vorkommen:<\/strong> Fest<\/li>\n<li> <strong>Tripelpunkt:<\/strong> 283 K, 25 kPa erwartet<\/li>\n<li> <strong>Elektronische Konfiguration:<\/strong> [Rn] 5f <sup>14<\/sup> 6d <sup>10<\/sup> 7s <sup>2<\/sup><\/li>\n<li> <strong>Ionisierungsenergie:<\/strong> Gesch\u00e4tzte 1\u00b0 1155 Kj\/mol., 2\u00b0 2170 Kj\/mol., 3\u00b0 3160 Kj\/mol.<\/li>\n<\/ol>\n<h2> <strong>Ursprung von Copernicium<\/strong><\/h2>\n<p> Es wurde am 9. Februar 1996 am GSI (Schwerionenforschungszentrum) in Darmstadt dank der Physiker Victor Ninov und Sigurd Hofmann erstellt. Das Experiment bestand darin, Zink <sup>70<\/sup> aus beschleunigten Kernen mit Blei <sup>208<\/sup> in einem Teilchenbeschleuniger zu beschie\u00dfen. Sp\u00e4ter, im Mai 2000, wurde das Experiment erfolgreich wiederholt, um ein weiteres 277 Copernicium-Atom zu synthetisieren.<\/p>\n<p> In den Jahren 2004 und 2013 wurden weitere Tests am Wissenschaftlichen Forschungsinstitut Japans durchgef\u00fchrt. Dazu wurde der Schwermetallsuchaufbau mit gasgef\u00fclltem Backspacer genutzt, um drei Atome zu synthetisieren und so den von der GSI gemeldeten Zerfall zu best\u00e4tigen. Die Gruppe der International Union of Pure and Applied Chemistry (IUPAC) untersuchte die Entdeckungsbehauptungen der GSI-Teams, kam jedoch zu dem Schluss, dass es nicht gen\u00fcgend Beweise gab, um sie zu st\u00fctzen.<\/p>\n<p> Zwischen 2001 und 2005 untersuchte das GSI-Team jedoch die Reaktion von Cm <sup>248<\/sup> und Hs <sup>269<\/sup> und best\u00e4tigte die Zerfallsdaten von Hassium und Rutherfordium. Allerdings wird es bis 2009 dauern, bis dieses Superschwergewicht offiziell als Element 112 anerkannt wird.<\/p>\n<h2> <strong>Wof\u00fcr wird Copernicium verwendet?<\/strong><\/h2>\n<p> Heutzutage ist der Nutzen dieses synthetischen Elements praktisch gleich Null, das hei\u00dft, es hat keine Anwendung oder keinen Nutzen, es ist nur eine wissenschaftliche Komponente f\u00fcr die Forschung. Zuk\u00fcnftige Verwendungen sind jedoch aufgrund laufender Versuche nicht ausgeschlossen.<\/p>\n<h2> <strong>Herkunft des Namens Kopernikus<\/strong><\/h2>\n<p> Im Jahr 2009 schlugen sie zu Ehren des Astronomen und Wissenschaftlers Nikolaus Kopernikus den Namen Copernicio vor, der von der IUPAC genehmigt und zum offiziellen Namen erkl\u00e4rt wurde.<\/p>\n<h2> <strong>Copernicium erhalten<\/strong><\/h2>\n<p> Das Copernicium-Periodensystem wird mit einem Schwerionenbeschleuniger mit einer L\u00e4nge von etwa 100 Metern hergestellt. Dort werden <sup>70<\/sup> Zinkionen zwei Wochen lang mit <sup>208<\/sup> Bleikernen beschossen, was zur Fusion eines Copernicium <sup>277-<\/sup> Atoms f\u00fchrt.<\/p>\n<h2> <strong>Kopernikus und Gesundheit<\/strong><\/h2>\n<p> Da es ein instabiles Metall ist, bewegen sich seine Atome schnell und seine Zersetzung erfolgt schnell. Es gibt also keinen Grund, die m\u00f6glichen Auswirkungen auf den menschlichen K\u00f6rper zu untersuchen. Es kann jedoch nicht ausgeschlossen werden, dass der Kontakt, den Sie mit einer Person haben, gesundheitssch\u00e4dlich ist, da er nur von kurzer Dauer ist und keine unerw\u00fcnschten Symptome hervorrufen kann.<\/p>\n<p> Zusammenfassend l\u00e4sst sich sagen, dass das Symbol f\u00fcr Copernicium Cn ist und obwohl es ein synthetisches Element ist, wird es als superschwer bezeichnet. Es geh\u00f6rt zu den \u00dcbergangsmetallen und gilt als graues, wei\u00dfes oder metallisches Silber. Dar\u00fcber hinaus findet es nur Anwendung f\u00fcr wissenschaftliche Forschung.<\/p>\n","protected":false},"excerpt":{"rendered":"<p>Der Kopernikus Es handelt sich um ein schweres und hochradioaktives Element, das in der Erdkruste nicht auf seine Art vorkommt. Daher wird es in Forschungslaboren synthetisch hergestellt, um seinen Nutzen zu entdecken. Hier erfahren Sie, was derzeit \u00fcber seine Eigenschaften, Herkunft und Eigenschaften bekannt ist. Was ist Kopernikus? Ununbium, wie Copernicium fr\u00fcher genannt wurde, geh\u00f6rt &#8230; <a title=\"Kopernikus\" class=\"read-more\" href=\"https:\/\/chemuza.org\/de\/kopernikus\/\" aria-label=\"Mehr zu Kopernikus\">Mehr lesen<\/a><\/p>\n","protected":false},"author":1,"featured_media":0,"parent":0,"menu_order":0,"comment_status":"closed","ping_status":"closed","template":"","meta":{"footnotes":""},"class_list":["post-1583","page","type-page","status-publish"],"yoast_head":"<!-- This site is optimized with the Yoast SEO plugin v21.4 - https:\/\/yoast.com\/wordpress\/plugins\/seo\/ -->\n<title>Kopernikus \u2013 Chemuza<\/title>\n<meta name=\"robots\" content=\"index, follow, max-snippet:-1, max-image-preview:large, max-video-preview:-1\" \/>\n<link rel=\"canonical\" href=\"https:\/\/chemuza.org\/de\/kopernikus\/\" \/>\n<meta property=\"og:locale\" content=\"de_DE\" \/>\n<meta property=\"og:type\" content=\"article\" \/>\n<meta property=\"og:title\" content=\"Kopernikus \u2013 Chemuza\" \/>\n<meta property=\"og:description\" content=\"Der Kopernikus Es handelt sich um ein schweres und hochradioaktives Element, das in der Erdkruste nicht auf seine Art vorkommt. Daher wird es in Forschungslaboren synthetisch hergestellt, um seinen Nutzen zu entdecken. Hier erfahren Sie, was derzeit \u00fcber seine Eigenschaften, Herkunft und Eigenschaften bekannt ist. Was ist Kopernikus? Ununbium, wie Copernicium fr\u00fcher genannt wurde, geh\u00f6rt ... Mehr lesen\" \/>\n<meta property=\"og:url\" content=\"https:\/\/chemuza.org\/de\/kopernikus\/\" \/>\n<meta property=\"og:site_name\" content=\"Chemuza\" \/>\n<meta name=\"twitter:card\" content=\"summary_large_image\" \/>\n<meta name=\"twitter:label1\" content=\"Gesch\u00e4tzte Lesezeit\" \/>\n\t<meta name=\"twitter:data1\" content=\"3\u00a0Minuten\" \/>\n<script type=\"application\/ld+json\" class=\"yoast-schema-graph\">{\"@context\":\"https:\/\/schema.org\",\"@graph\":[{\"@type\":\"WebPage\",\"@id\":\"https:\/\/chemuza.org\/de\/kopernikus\/\",\"url\":\"https:\/\/chemuza.org\/de\/kopernikus\/\",\"name\":\"Kopernikus \u2013 Chemuza\",\"isPartOf\":{\"@id\":\"https:\/\/chemuza.org\/de\/#website\"},\"datePublished\":\"2023-10-25T13:51:22+00:00\",\"dateModified\":\"2023-10-25T13:51:22+00:00\",\"breadcrumb\":{\"@id\":\"https:\/\/chemuza.org\/de\/kopernikus\/#breadcrumb\"},\"inLanguage\":\"de\",\"potentialAction\":[{\"@type\":\"ReadAction\",\"target\":[\"https:\/\/chemuza.org\/de\/kopernikus\/\"]}]},{\"@type\":\"BreadcrumbList\",\"@id\":\"https:\/\/chemuza.org\/de\/kopernikus\/#breadcrumb\",\"itemListElement\":[{\"@type\":\"ListItem\",\"position\":1,\"name\":\"Heim\",\"item\":\"https:\/\/chemuza.org\/de\/\"},{\"@type\":\"ListItem\",\"position\":2,\"name\":\"Kopernikus\"}]},{\"@type\":\"WebSite\",\"@id\":\"https:\/\/chemuza.org\/de\/#website\",\"url\":\"https:\/\/chemuza.org\/de\/\",\"name\":\"Chemuza\",\"description\":\"Ihr Tor zur chemischen Entdeckung\",\"publisher\":{\"@id\":\"https:\/\/chemuza.org\/de\/#organization\"},\"potentialAction\":[{\"@type\":\"SearchAction\",\"target\":{\"@type\":\"EntryPoint\",\"urlTemplate\":\"https:\/\/chemuza.org\/de\/?s={search_term_string}\"},\"query-input\":\"required name=search_term_string\"}],\"inLanguage\":\"de\"},{\"@type\":\"Organization\",\"@id\":\"https:\/\/chemuza.org\/de\/#organization\",\"name\":\"Chemuza\",\"url\":\"https:\/\/chemuza.org\/de\/\",\"logo\":{\"@type\":\"ImageObject\",\"inLanguage\":\"de\",\"@id\":\"https:\/\/chemuza.org\/de\/#\/schema\/logo\/image\/\",\"url\":\"https:\/\/chemuza.org\/de\/wp-content\/uploads\/2023\/10\/chemuza-logo.png\",\"contentUrl\":\"https:\/\/chemuza.org\/de\/wp-content\/uploads\/2023\/10\/chemuza-logo.png\",\"width\":387,\"height\":70,\"caption\":\"Chemuza\"},\"image\":{\"@id\":\"https:\/\/chemuza.org\/de\/#\/schema\/logo\/image\/\"}}]}<\/script>\n<!-- \/ Yoast SEO plugin. -->","yoast_head_json":{"title":"Kopernikus \u2013 Chemuza","robots":{"index":"index","follow":"follow","max-snippet":"max-snippet:-1","max-image-preview":"max-image-preview:large","max-video-preview":"max-video-preview:-1"},"canonical":"https:\/\/chemuza.org\/de\/kopernikus\/","og_locale":"de_DE","og_type":"article","og_title":"Kopernikus \u2013 Chemuza","og_description":"Der Kopernikus Es handelt sich um ein schweres und hochradioaktives Element, das in der Erdkruste nicht auf seine Art vorkommt. Daher wird es in Forschungslaboren synthetisch hergestellt, um seinen Nutzen zu entdecken. Hier erfahren Sie, was derzeit \u00fcber seine Eigenschaften, Herkunft und Eigenschaften bekannt ist. Was ist Kopernikus? Ununbium, wie Copernicium fr\u00fcher genannt wurde, geh\u00f6rt ... Mehr lesen","og_url":"https:\/\/chemuza.org\/de\/kopernikus\/","og_site_name":"Chemuza","twitter_card":"summary_large_image","twitter_misc":{"Gesch\u00e4tzte Lesezeit":"3\u00a0Minuten"},"schema":{"@context":"https:\/\/schema.org","@graph":[{"@type":"WebPage","@id":"https:\/\/chemuza.org\/de\/kopernikus\/","url":"https:\/\/chemuza.org\/de\/kopernikus\/","name":"Kopernikus \u2013 Chemuza","isPartOf":{"@id":"https:\/\/chemuza.org\/de\/#website"},"datePublished":"2023-10-25T13:51:22+00:00","dateModified":"2023-10-25T13:51:22+00:00","breadcrumb":{"@id":"https:\/\/chemuza.org\/de\/kopernikus\/#breadcrumb"},"inLanguage":"de","potentialAction":[{"@type":"ReadAction","target":["https:\/\/chemuza.org\/de\/kopernikus\/"]}]},{"@type":"BreadcrumbList","@id":"https:\/\/chemuza.org\/de\/kopernikus\/#breadcrumb","itemListElement":[{"@type":"ListItem","position":1,"name":"Heim","item":"https:\/\/chemuza.org\/de\/"},{"@type":"ListItem","position":2,"name":"Kopernikus"}]},{"@type":"WebSite","@id":"https:\/\/chemuza.org\/de\/#website","url":"https:\/\/chemuza.org\/de\/","name":"Chemuza","description":"Ihr Tor zur chemischen Entdeckung","publisher":{"@id":"https:\/\/chemuza.org\/de\/#organization"},"potentialAction":[{"@type":"SearchAction","target":{"@type":"EntryPoint","urlTemplate":"https:\/\/chemuza.org\/de\/?s={search_term_string}"},"query-input":"required name=search_term_string"}],"inLanguage":"de"},{"@type":"Organization","@id":"https:\/\/chemuza.org\/de\/#organization","name":"Chemuza","url":"https:\/\/chemuza.org\/de\/","logo":{"@type":"ImageObject","inLanguage":"de","@id":"https:\/\/chemuza.org\/de\/#\/schema\/logo\/image\/","url":"https:\/\/chemuza.org\/de\/wp-content\/uploads\/2023\/10\/chemuza-logo.png","contentUrl":"https:\/\/chemuza.org\/de\/wp-content\/uploads\/2023\/10\/chemuza-logo.png","width":387,"height":70,"caption":"Chemuza"},"image":{"@id":"https:\/\/chemuza.org\/de\/#\/schema\/logo\/image\/"}}]}},"yoast_meta":{"yoast_wpseo_title":"","yoast_wpseo_metadesc":"","yoast_wpseo_canonical":""},"_links":{"self":[{"href":"https:\/\/chemuza.org\/de\/wp-json\/wp\/v2\/pages\/1583","targetHints":{"allow":["GET"]}}],"collection":[{"href":"https:\/\/chemuza.org\/de\/wp-json\/wp\/v2\/pages"}],"about":[{"href":"https:\/\/chemuza.org\/de\/wp-json\/wp\/v2\/types\/page"}],"author":[{"embeddable":true,"href":"https:\/\/chemuza.org\/de\/wp-json\/wp\/v2\/users\/1"}],"replies":[{"embeddable":true,"href":"https:\/\/chemuza.org\/de\/wp-json\/wp\/v2\/comments?post=1583"}],"version-history":[{"count":1,"href":"https:\/\/chemuza.org\/de\/wp-json\/wp\/v2\/pages\/1583\/revisions"}],"predecessor-version":[{"id":1646,"href":"https:\/\/chemuza.org\/de\/wp-json\/wp\/v2\/pages\/1583\/revisions\/1646"}],"wp:attachment":[{"href":"https:\/\/chemuza.org\/de\/wp-json\/wp\/v2\/media?parent=1583"}],"curies":[{"name":"wp","href":"https:\/\/api.w.org\/{rel}","templated":true}]}}