{"id":1582,"date":"2023-10-25T13:51:22","date_gmt":"2023-10-25T13:51:22","guid":{"rendered":"https:\/\/chemuza.org\/de\/darmstadtio\/"},"modified":"2023-10-25T13:51:22","modified_gmt":"2023-10-25T13:51:22","slug":"darmstadtio","status":"publish","type":"page","link":"https:\/\/chemuza.org\/de\/darmstadtio\/","title":{"rendered":"Darmstadtium"},"content":{"rendered":"<p>Es handelt sich um ein chemisches Element, das in der Natur nicht vorkommt, sondern nur im Labor synthetisch hergestellt wird. Aus diesem Grund gibt es nur wenige Studien zu diesem Element, das in die Liste der seltenen Metalle aufgenommen wird. Hier finden Sie jedoch n\u00fctzliche Informationen dar\u00fcber, was bisher \u00fcber das Darmstadtio bekannt ist.<\/p>\n<h2> <strong>Was ist Darmstadtium?<\/strong><\/h2>\n<p> Das chemische Element Darmstadtium, fr\u00fcher Ununnilium genannt, ist ein besonders schwerer Bestandteil und geh\u00f6rt zur Gruppe der Transactiniden, die mit dem Metall Lawrencium beginnt. Dar\u00fcber hinaus ist es radioaktiv und geh\u00f6rt zur gleichen Gruppe wie Platin, Palladium und Nickel. Es enth\u00e4lt 15 Isotope mit Massenzahlen zwischen 267 und 281, von denen das letzte eine Halbwertszeit von 4 Minuten hat. Da es zur Gruppe 10 geh\u00f6rt, wird seine Farbe wahrscheinlich wei\u00df, grau oder silbern sein.<\/p>\n<h3> <strong>Symbol von Darmstadtium<\/strong><\/h3>\n<p> <span class=\"content-chemical-element\" style=\"float: left;width: 65px;height: 65px;border: 3px solid #666; display:flex;\n    justify-content: center;align-items: center;margin-right: 15px;\"><span style=\"font-size: 38px;\">Ds<\/span><\/span> Es befindet sich in Gruppe 10 des Periodensystems, Periode 7, mit der Ordnungszahl 110 und seiner Atommasse von 281. Die wenigen bisher synthetisierten Atome zerfallen schnell. Es gilt daher als instabiles und kurzlebiges Element. Dar\u00fcber hinaus setzen die meisten seiner Isotope Alphateilchen frei, also nackte Kerne des Elements Helium.<\/p>\n<h2> <strong>Merkmale von Darmstadt<\/strong><\/h2>\n<p> Es ist stark radioaktiv und sollte bei Raumtemperatur fest sein. Es bietet zwei M\u00f6glichkeiten des Zerfalls, die erste durch spontane Spaltung und die andere durch Alpha-Zerfall. Weitere Merkmale des Darmstadtio sind:<\/p>\n<ul>\n<li> <strong>Leitf\u00e4higkeit:<\/strong> Es ist ein guter W\u00e4rme- und Stromleiter.<\/li>\n<li> <strong>Aussehen:<\/strong> Metallisch.<\/li>\n<li> <strong>Gew\u00f6hnlicher Zustand:<\/strong> M\u00f6glicherweise solide.<\/li>\n<li> <strong>Siede- und Schmelzpunkt<\/strong> : Hoch.<\/li>\n<\/ul>\n<h2> <strong>Chemische und physikalische Eigenschaften von Darmstadtium<\/strong><\/h2>\n<ol>\n<li> <strong>Elektronische Konfiguration:<\/strong> [Rn] 7s <sup>2<\/sup> 5f <sup>14<\/sup> 6d <sup>8<\/sup><\/li>\n<li> <strong>Oxidationsstufen:<\/strong> 0, +2, +4, +6, +8<\/li>\n<li> <strong>Dichte:<\/strong> Ungef\u00e4hr 34,8 g\/cm <sup>3<\/sup><\/li>\n<li> <strong>Ionisierungsenergie:<\/strong> 1\u00b0: 960 kJ. 2. Platz: 1890 kJ und 3. Platz: 3030 kJ<\/li>\n<li> <strong>Ordnungszahl<\/strong> : 110<\/li>\n<li> <strong>Kovalenter Radius:<\/strong> 128<\/li>\n<li> <strong>Atomradius:<\/strong> 132<\/li>\n<\/ol>\n<h2> <strong>Herkunft von Darmstadtio<\/strong><\/h2>\n<p> Seine Entdeckung war Gegenstand verschiedener Laborversuche. Tats\u00e4chlich wurden am Gemeinsamen Institut f\u00fcr Kernforschung in Russland und Darmstadt in Deutschland Experimente gestartet, aber keines war positiv. In einem weiteren gescheiterten Experiment erhielten Albert Ghiorso und andere Wissenschaftler das Isotop 267, indem sie Wismut mit Kobalt beschossen. Ein weiterer Test fand 1994 mit einem Team von Wissenschaftlern unter der Leitung von Vladimir Utyonkov und Yuri Oganessian statt. Sie stellten das Isotop 267 her, indem sie Plutonium mit Schwefel beschossen, ohne Erfolg.<\/p>\n<p> Dann, im November 1994, schufen die Wissenschaftler S. Hofmann, G. M\u00fcnzenberg und P. Armbruster in einem Labor in Darmstadt, Deutschland, Darmstadtium, indem sie das Isotop Blei-208 mit beschleunigten Ionen von Nickel-62 bombardierten. Das Ergebnis war ein Darsmtadtio 269-Atom mit einer Halbwertszeit von etwa 0,17 Millisekunden.<\/p>\n<p> Die Entdeckung des Elements wurde Ununnilium genannt, was eins, eins null, gleich 100 bedeutet. Der Name wurde jedoch zu Ehren der Stadt Darmstadt in Darmstadion ge\u00e4ndert. Im Jahr 2003 best\u00e4tigte dann die International Union of Pure and Applied Chemistry diesen Namen.<\/p>\n<h2> <strong>Wof\u00fcr wird Darmstadtium verwendet?<\/strong><\/h2>\n<p> Derzeit sind keine Anwendungen oder Dienstprogramme f\u00fcr den kommerziellen oder menschlichen Gebrauch bekannt. Seine Verwendung ist auf den Bereich der wissenschaftlichen Forschung beschr\u00e4nkt, die auf den wenigen im Labor hergestellten Atomen basiert.<\/p>\n<h2> <strong>Kristallstruktur von Darmstadtium<\/strong><\/h2>\n<p> Da es nur m\u00f6glich ist, ein Darmstadtiumatom pro Woche zu erzeugen oder zu synthetisieren, ist es schwierig, genug davon zu haben, um einen Kristall herzustellen. Ohne zu vergessen, dass das Isotop mit der h\u00f6chsten Stabilit\u00e4t Ds 281 ist, dessen Halbwertszeit 12,7 Sekunden betr\u00e4gt. Um seine Kristallstruktur zu bestimmen, f\u00fchrten Wissenschaftler Berechnungen durch, um der Realit\u00e4t n\u00e4her zu kommen.<\/p>\n<p> Somit wurde best\u00e4tigt, dass es eine kubisch-raumzentrierte Form hat, im Gegensatz zu den leichteren Metallen derselben Klasse wie Platin, Palladium und Nickel, die eine kubisch-fl\u00e4chenzentrierte Struktur haben.<\/p>\n<h2> <strong>Wie wird Darmstadtium gewonnen?<\/strong><\/h2>\n<p> Darmstadtium kommt in der Natur nicht nat\u00fcrlich vor, es wird nur im Labor durch Beschuss des Isotops Blei-208 mit Nickel-62-Ionen gewonnen.<\/p>\n<h2> <strong>Wer hat Darmstadtium entdeckt?<\/strong><\/h2>\n<p> Nach mehreren Versuchen wurde es 1994 in der Stadt Gesellschaft f\u00fcr Schwerionenforschung in Deutschland den Physikern Peter Armbruster, Sigurd Hofmann und Gottfried M\u00fcnzenberg zugeschrieben.<\/p>\n<h2> <strong>Gesundheitliche Auswirkungen von Darmstadtium<\/strong><\/h2>\n<p> Derzeit gibt es keinen Grund, ihre m\u00f6glichen Auswirkungen auf den menschlichen K\u00f6rper zu untersuchen. Dies ist auf die Instabilit\u00e4t des Metalls zur\u00fcckzuf\u00fchren, das sich in gro\u00dfen Mengen dennoch schnell zersetzen w\u00fcrde.<\/p>\n<p> Zusammenfassend l\u00e4sst sich sagen, dass Darmstadtium zur Gruppe der im Labor hergestellten synthetischen Elemente geh\u00f6rt und zu den \u00dcbergangsmetallen des Periodensystems geh\u00f6rt. Bisher ist kein praktischer Nutzen bekannt, weshalb es in der wissenschaftlichen Forschung eingesetzt wird.<\/p>\n","protected":false},"excerpt":{"rendered":"<p>Es handelt sich um ein chemisches Element, das in der Natur nicht vorkommt, sondern nur im Labor synthetisch hergestellt wird. Aus diesem Grund gibt es nur wenige Studien zu diesem Element, das in die Liste der seltenen Metalle aufgenommen wird. Hier finden Sie jedoch n\u00fctzliche Informationen dar\u00fcber, was bisher \u00fcber das Darmstadtio bekannt ist. Was &#8230; <a title=\"Darmstadtium\" class=\"read-more\" href=\"https:\/\/chemuza.org\/de\/darmstadtio\/\" aria-label=\"Mehr zu Darmstadtium\">Mehr lesen<\/a><\/p>\n","protected":false},"author":1,"featured_media":0,"parent":0,"menu_order":0,"comment_status":"closed","ping_status":"closed","template":"","meta":{"footnotes":""},"class_list":["post-1582","page","type-page","status-publish"],"yoast_head":"<!-- This site is optimized with the Yoast SEO plugin v21.4 - https:\/\/yoast.com\/wordpress\/plugins\/seo\/ -->\n<title>Darmstadtium - Chemuza<\/title>\n<meta name=\"robots\" content=\"index, follow, max-snippet:-1, max-image-preview:large, max-video-preview:-1\" \/>\n<link rel=\"canonical\" href=\"https:\/\/chemuza.org\/de\/darmstadtio\/\" \/>\n<meta property=\"og:locale\" content=\"de_DE\" \/>\n<meta property=\"og:type\" content=\"article\" \/>\n<meta property=\"og:title\" content=\"Darmstadtium - Chemuza\" \/>\n<meta property=\"og:description\" content=\"Es handelt sich um ein chemisches Element, das in der Natur nicht vorkommt, sondern nur im Labor synthetisch hergestellt wird. Aus diesem Grund gibt es nur wenige Studien zu diesem Element, das in die Liste der seltenen Metalle aufgenommen wird. Hier finden Sie jedoch n\u00fctzliche Informationen dar\u00fcber, was bisher \u00fcber das Darmstadtio bekannt ist. Was ... Mehr lesen\" \/>\n<meta property=\"og:url\" content=\"https:\/\/chemuza.org\/de\/darmstadtio\/\" \/>\n<meta property=\"og:site_name\" content=\"Chemuza\" \/>\n<meta name=\"twitter:card\" content=\"summary_large_image\" \/>\n<meta name=\"twitter:label1\" content=\"Gesch\u00e4tzte Lesezeit\" \/>\n\t<meta name=\"twitter:data1\" content=\"4\u00a0Minuten\" \/>\n<script type=\"application\/ld+json\" class=\"yoast-schema-graph\">{\"@context\":\"https:\/\/schema.org\",\"@graph\":[{\"@type\":\"WebPage\",\"@id\":\"https:\/\/chemuza.org\/de\/darmstadtio\/\",\"url\":\"https:\/\/chemuza.org\/de\/darmstadtio\/\",\"name\":\"Darmstadtium - Chemuza\",\"isPartOf\":{\"@id\":\"https:\/\/chemuza.org\/de\/#website\"},\"datePublished\":\"2023-10-25T13:51:22+00:00\",\"dateModified\":\"2023-10-25T13:51:22+00:00\",\"breadcrumb\":{\"@id\":\"https:\/\/chemuza.org\/de\/darmstadtio\/#breadcrumb\"},\"inLanguage\":\"de\",\"potentialAction\":[{\"@type\":\"ReadAction\",\"target\":[\"https:\/\/chemuza.org\/de\/darmstadtio\/\"]}]},{\"@type\":\"BreadcrumbList\",\"@id\":\"https:\/\/chemuza.org\/de\/darmstadtio\/#breadcrumb\",\"itemListElement\":[{\"@type\":\"ListItem\",\"position\":1,\"name\":\"Heim\",\"item\":\"https:\/\/chemuza.org\/de\/\"},{\"@type\":\"ListItem\",\"position\":2,\"name\":\"Darmstadtium\"}]},{\"@type\":\"WebSite\",\"@id\":\"https:\/\/chemuza.org\/de\/#website\",\"url\":\"https:\/\/chemuza.org\/de\/\",\"name\":\"Chemuza\",\"description\":\"Ihr Tor zur chemischen Entdeckung\",\"publisher\":{\"@id\":\"https:\/\/chemuza.org\/de\/#organization\"},\"potentialAction\":[{\"@type\":\"SearchAction\",\"target\":{\"@type\":\"EntryPoint\",\"urlTemplate\":\"https:\/\/chemuza.org\/de\/?s={search_term_string}\"},\"query-input\":\"required name=search_term_string\"}],\"inLanguage\":\"de\"},{\"@type\":\"Organization\",\"@id\":\"https:\/\/chemuza.org\/de\/#organization\",\"name\":\"Chemuza\",\"url\":\"https:\/\/chemuza.org\/de\/\",\"logo\":{\"@type\":\"ImageObject\",\"inLanguage\":\"de\",\"@id\":\"https:\/\/chemuza.org\/de\/#\/schema\/logo\/image\/\",\"url\":\"https:\/\/chemuza.org\/de\/wp-content\/uploads\/2023\/10\/chemuza-logo.png\",\"contentUrl\":\"https:\/\/chemuza.org\/de\/wp-content\/uploads\/2023\/10\/chemuza-logo.png\",\"width\":387,\"height\":70,\"caption\":\"Chemuza\"},\"image\":{\"@id\":\"https:\/\/chemuza.org\/de\/#\/schema\/logo\/image\/\"}}]}<\/script>\n<!-- \/ Yoast SEO plugin. -->","yoast_head_json":{"title":"Darmstadtium - Chemuza","robots":{"index":"index","follow":"follow","max-snippet":"max-snippet:-1","max-image-preview":"max-image-preview:large","max-video-preview":"max-video-preview:-1"},"canonical":"https:\/\/chemuza.org\/de\/darmstadtio\/","og_locale":"de_DE","og_type":"article","og_title":"Darmstadtium - Chemuza","og_description":"Es handelt sich um ein chemisches Element, das in der Natur nicht vorkommt, sondern nur im Labor synthetisch hergestellt wird. Aus diesem Grund gibt es nur wenige Studien zu diesem Element, das in die Liste der seltenen Metalle aufgenommen wird. Hier finden Sie jedoch n\u00fctzliche Informationen dar\u00fcber, was bisher \u00fcber das Darmstadtio bekannt ist. Was ... Mehr lesen","og_url":"https:\/\/chemuza.org\/de\/darmstadtio\/","og_site_name":"Chemuza","twitter_card":"summary_large_image","twitter_misc":{"Gesch\u00e4tzte Lesezeit":"4\u00a0Minuten"},"schema":{"@context":"https:\/\/schema.org","@graph":[{"@type":"WebPage","@id":"https:\/\/chemuza.org\/de\/darmstadtio\/","url":"https:\/\/chemuza.org\/de\/darmstadtio\/","name":"Darmstadtium - Chemuza","isPartOf":{"@id":"https:\/\/chemuza.org\/de\/#website"},"datePublished":"2023-10-25T13:51:22+00:00","dateModified":"2023-10-25T13:51:22+00:00","breadcrumb":{"@id":"https:\/\/chemuza.org\/de\/darmstadtio\/#breadcrumb"},"inLanguage":"de","potentialAction":[{"@type":"ReadAction","target":["https:\/\/chemuza.org\/de\/darmstadtio\/"]}]},{"@type":"BreadcrumbList","@id":"https:\/\/chemuza.org\/de\/darmstadtio\/#breadcrumb","itemListElement":[{"@type":"ListItem","position":1,"name":"Heim","item":"https:\/\/chemuza.org\/de\/"},{"@type":"ListItem","position":2,"name":"Darmstadtium"}]},{"@type":"WebSite","@id":"https:\/\/chemuza.org\/de\/#website","url":"https:\/\/chemuza.org\/de\/","name":"Chemuza","description":"Ihr Tor zur chemischen Entdeckung","publisher":{"@id":"https:\/\/chemuza.org\/de\/#organization"},"potentialAction":[{"@type":"SearchAction","target":{"@type":"EntryPoint","urlTemplate":"https:\/\/chemuza.org\/de\/?s={search_term_string}"},"query-input":"required name=search_term_string"}],"inLanguage":"de"},{"@type":"Organization","@id":"https:\/\/chemuza.org\/de\/#organization","name":"Chemuza","url":"https:\/\/chemuza.org\/de\/","logo":{"@type":"ImageObject","inLanguage":"de","@id":"https:\/\/chemuza.org\/de\/#\/schema\/logo\/image\/","url":"https:\/\/chemuza.org\/de\/wp-content\/uploads\/2023\/10\/chemuza-logo.png","contentUrl":"https:\/\/chemuza.org\/de\/wp-content\/uploads\/2023\/10\/chemuza-logo.png","width":387,"height":70,"caption":"Chemuza"},"image":{"@id":"https:\/\/chemuza.org\/de\/#\/schema\/logo\/image\/"}}]}},"yoast_meta":{"yoast_wpseo_title":"","yoast_wpseo_metadesc":"","yoast_wpseo_canonical":""},"_links":{"self":[{"href":"https:\/\/chemuza.org\/de\/wp-json\/wp\/v2\/pages\/1582","targetHints":{"allow":["GET"]}}],"collection":[{"href":"https:\/\/chemuza.org\/de\/wp-json\/wp\/v2\/pages"}],"about":[{"href":"https:\/\/chemuza.org\/de\/wp-json\/wp\/v2\/types\/page"}],"author":[{"embeddable":true,"href":"https:\/\/chemuza.org\/de\/wp-json\/wp\/v2\/users\/1"}],"replies":[{"embeddable":true,"href":"https:\/\/chemuza.org\/de\/wp-json\/wp\/v2\/comments?post=1582"}],"version-history":[{"count":1,"href":"https:\/\/chemuza.org\/de\/wp-json\/wp\/v2\/pages\/1582\/revisions"}],"predecessor-version":[{"id":1618,"href":"https:\/\/chemuza.org\/de\/wp-json\/wp\/v2\/pages\/1582\/revisions\/1618"}],"wp:attachment":[{"href":"https:\/\/chemuza.org\/de\/wp-json\/wp\/v2\/media?parent=1582"}],"curies":[{"name":"wp","href":"https:\/\/api.w.org\/{rel}","templated":true}]}}