{"id":1580,"date":"2023-10-25T13:51:21","date_gmt":"2023-10-25T13:51:21","guid":{"rendered":"https:\/\/chemuza.org\/de\/hassio\/"},"modified":"2023-10-25T13:51:21","modified_gmt":"2023-10-25T13:51:21","slug":"hassio","status":"publish","type":"page","link":"https:\/\/chemuza.org\/de\/hassio\/","title":{"rendered":"Hassio"},"content":{"rendered":"<p>Hassium ist ein vom Menschen k\u00fcnstlich hergestelltes synthetisches Element. Alle seine Isotope sind instabil und kurzlebig, was zur Entstehung einiger Atome f\u00fchrte. Es wird angenommen, dass es Transactinid-Eigenschaften besitzt, basierend auf dem Verhalten anderer Elemente in seiner Gruppe oder \u00dcbergangsmetallen. Obwohl alle Funktionen und Anwendungen unbekannt sind, verraten wir Ihnen hier alles, was bisher bekannt ist.<\/p>\n<h2> <strong>Was ist Hassium?<\/strong><\/h2>\n<p> Es handelt sich um ein radioaktives chemisches Element, das im Periodensystem in der Gruppe der \u00dcbergangsmetalle angesiedelt ist. Unter der Ordnungszahl 108 ist es transaktinidischen Ursprungs, das hei\u00dft, es verh\u00e4lt sich sowohl wie ein Metall als auch wie ein Aktinid. Da seine Isotope in weniger als 269 Hs schnell zerfallen, sind sein nat\u00fcrlicher Zustand und m\u00f6gliche Anwendungen unbekannt.<\/p>\n<h3> <strong>Hassium-Symbol<\/strong><\/h3>\n<p> <span class=\"content-chemical-element\" style=\"float: left;width: 65px;height: 65px;border: 3px solid #666; display:flex;\n    justify-content: center;align-items: center;margin-right: 15px;\"><span style=\"font-size: 38px;\">Hs<\/span><\/span> erhielt diesen Namen zu Ehren des Bundeslandes Hessen, da es von Physikern dieses Landes entdeckt wurde. Dieser Name kommt vom lateinischen Hassias. Vor seinem offiziellen Namen gab es Kontroversen um seine Identifizierung, da er vor\u00fcbergehend Unniloctio hie\u00df. Die IUPAC schlug 1994 vor, ihn Hahnio zu nennen, bis 1997 festgelegt wurde, dass er Hassio hei\u00dfen w\u00fcrde.<\/p>\n<h2> <strong>Eigenschaften von Hassium<\/strong><\/h2>\n<p> Das Element Hassium befindet sich in Gruppe 8, Block D des Periodensystems. Seine Atommasse betr\u00e4gt 269 und seine Lebensdauer ist extrem kurz, was eine vollst\u00e4ndige Analyse erschwert. Es ist radioaktiv und k\u00fcnstlich, weshalb nur wenige Proben hergestellt wurden. Weitere Merkmale von Hassio sind:<\/p>\n<ul>\n<li> <strong>Zustand<\/strong> : Es wird angenommen, dass es sich um einen metallischen Feststoff handelt.<\/li>\n<li> <strong>Farbe<\/strong> : Bei Raumtemperatur wei\u00df oder grausilberlich.<\/li>\n<li> <strong>Geschmack und Geruch<\/strong> : Nicht bestimmt.<\/li>\n<li> <strong>Zusammensetzung:<\/strong> Es besteht aus 108 Protonen und Elektronen <strong>.<\/strong><\/li>\n<li> <strong>Toxizit\u00e4t<\/strong> : Es wird angenommen, dass sie aufgrund ihrer radioaktiven Natur hoch ist.<\/li>\n<li> <strong>Radioaktivit\u00e4t<\/strong> : Hoch.<\/li>\n<li> <strong>Struktur<\/strong> : Es wird gesch\u00e4tzt, dass es nach der Kristallisation sechseckig ist.<\/li>\n<li> <strong>L\u00f6slichkeit<\/strong> : Nicht berechnet.<\/li>\n<\/ul>\n<h2> <strong>Chemische und physikalische Eigenschaften von Hassium<\/strong><\/h2>\n<ol>\n<li> <strong>Ordnungszahl<\/strong> : 108<\/li>\n<li> <strong>Zeitraum<\/strong> : 7<\/li>\n<li> <strong>Block<\/strong> : D<\/li>\n<li> <strong>Gruppe<\/strong> : 8<\/li>\n<li> <strong>Oxidationsstufe<\/strong> : 8<\/li>\n<li> <strong>Kovalenter Radius (\u00c5):<\/strong> 134.<\/li>\n<li> <strong>Durchschnittlicher Radius:<\/strong> unbekannt. <strong>&nbsp;<\/strong><\/li>\n<li> <strong>Atommasse (g\/mol):<\/strong> 269 u<\/li>\n<li> <strong>Dichte:<\/strong> 41 g\/cm\u00b3, erwartet.<\/li>\n<li> <strong>Schmelzpunkt:<\/strong> Nicht berechnet.<\/li>\n<li> <strong>Atomradius:<\/strong> Unbekannt.<\/li>\n<li> <strong>Elektronische Konfiguration:<\/strong> [Rn] 5f14 6d6 7s2<\/li>\n<li> <strong>Elektronen pro Schicht:<\/strong> 2, 8, 16, 32, 32, 16, 2<\/li>\n<li> <strong>Erstes Ionisationspotential:<\/strong> (eV) 750<\/li>\n<li> <strong>Siedepunkt:<\/strong> Nicht angegeben.<\/li>\n<li> <strong>Elektronegativit\u00e4t:<\/strong> Nicht berechnet.<\/li>\n<li> <strong>W\u00e4rmeleitf\u00e4higkeit:<\/strong> Keine Daten.<\/li>\n<\/ol>\n<h2> <strong>Herkunft von Hassium<\/strong><\/h2>\n<p> Das chemische Element Hassium wurde 1984 am Deutschen Forschungszentrum Gesellschaft f\u00fcr Schwerionenforschung geschaffen und synthetisiert. Das Isotop 265 Hs entstand in einer chemischen Reaktion, indem Blei-208 mit Strahlen aus Eisen-58-Projektilen beschossen wurde. Dabei wurde ein Atom des kurzlebigen Elements gewonnen.<\/p>\n<h2> <strong>Wof\u00fcr wird Hassium verwendet?<\/strong><\/h2>\n<p> Die Verwendung von Hassium ist derzeit unbekannt, da seine Isotope in der Umwelt schnell zerfallen. Es wurden nur wenige Atome des Elements gewonnen, die zu Forschungszwecken in speziellen Bestrahlungsanlagen analysiert werden.<\/p>\n<h2> <strong>Holen Sie sich Hassium<\/strong><\/h2>\n<p> Da es sich um ein v\u00f6llig k\u00fcnstliches Element handelt, wird es im Labor durch Beschuss von Blei-208-Isotopen mit Eisen-58-Ionen hergestellt. Der Prozess wird in einem Linearbeschleuniger durchgef\u00fchrt, bis die Atome des Elements isoliert sind, aber nach einigen Sekunden zerfallen.<\/p>\n<h2> <strong>Auswirkungen von Hassium auf die Gesundheit<\/strong><\/h2>\n<p> Obwohl dieses Element in der Umwelt nicht nat\u00fcrlich vorkommt, stellt es aufgrund seiner radioaktiven Natur dennoch ein Gesundheitsrisiko dar. Aus diesem Grund wird empfohlen, in den Labors, in denen es synthetisiert wird, mit \u00e4u\u00dferster Sicherheit und mit spezieller Bestrahlungsausr\u00fcstung umzugehen.<\/p>\n<h2> <strong>Kuriose Fakten \u00fcber Hassium<\/strong><\/h2>\n<p> Das Element Hassium wurde erstmals 1978 am Joint Institute for Nuclear Research in Dubna synthetisiert. Die Daten waren jedoch erst f\u00fcnf Jahre sp\u00e4ter schl\u00fcssig, als es 1984 in einem deutschen Forschungszentrum erfolgreich hergestellt wurde. Bei seiner Entdeckung wurden drei seiner Isotope erkannt, n\u00e4mlich 270 Hs, 264 Hs und 263 Hs. Weitere Daten zum Element sind:<\/p>\n<ul>\n<li> Name: Vor seinem offiziellen Namen hie\u00df es Element 108, Unniloctium und Eka-Osmium. Erst 1992 wurde die Arbeit des deutschen Wissenschaftlerteams anerkannt und es wurde vorgeschlagen, es Hassio zu nennen.<\/li>\n<li> Physisches Erscheinungsbild: Es wird gesch\u00e4tzt, dass es sich bei Raumtemperatur um ein festes Metall handelt. Wissenschaftler glauben, dass, wenn etwas mehr produziert w\u00fcrde, es metallisch gl\u00e4nzend, schwerer und dichter als Osmium w\u00e4re.<\/li>\n<li> Eigenschaften: Kann mit Luft unter Bildung fl\u00fcchtiger Verbindungen reagieren. Den periodischen Gesetzen zufolge ist es das schwerste Element seiner Gruppe und es wird angenommen, dass es einen hohen Schmelzpunkt hat.<\/li>\n<li> Klassifizierung: Es geh\u00f6rt zur Gruppe der \u00dcbergangsmetalle und weist \u00e4hnliche Vorteile wie Osmium auf. Sein Oxidationszustand wird auf 8 gesch\u00e4tzt, stabil.<\/li>\n<\/ul>\n<p> Zusammenfassend l\u00e4sst sich sagen, dass dieses Transactinid-Element, das von Natur aus synthetisch ist, aufgrund seiner kurzen Lebensdauer in kleinen Mengen produziert wird. Die Eigenschaften von Hassium werden immer noch in gro\u00dfen Labors untersucht, die mit der besten Technologie ausgestattet sind, um es in verschiedenen Bereichen einsetzen zu k\u00f6nnen.<\/p>\n","protected":false},"excerpt":{"rendered":"<p>Hassium ist ein vom Menschen k\u00fcnstlich hergestelltes synthetisches Element. Alle seine Isotope sind instabil und kurzlebig, was zur Entstehung einiger Atome f\u00fchrte. Es wird angenommen, dass es Transactinid-Eigenschaften besitzt, basierend auf dem Verhalten anderer Elemente in seiner Gruppe oder \u00dcbergangsmetallen. Obwohl alle Funktionen und Anwendungen unbekannt sind, verraten wir Ihnen hier alles, was bisher bekannt &#8230; <a title=\"Hassio\" class=\"read-more\" href=\"https:\/\/chemuza.org\/de\/hassio\/\" aria-label=\"Mehr zu Hassio\">Mehr lesen<\/a><\/p>\n","protected":false},"author":1,"featured_media":0,"parent":0,"menu_order":0,"comment_status":"closed","ping_status":"closed","template":"","meta":{"footnotes":""},"class_list":["post-1580","page","type-page","status-publish"],"yoast_head":"<!-- This site is optimized with the Yoast SEO plugin v21.4 - https:\/\/yoast.com\/wordpress\/plugins\/seo\/ -->\n<title>Hassio - Chemuza<\/title>\n<meta name=\"robots\" content=\"index, follow, max-snippet:-1, max-image-preview:large, max-video-preview:-1\" \/>\n<link rel=\"canonical\" href=\"https:\/\/chemuza.org\/de\/hassio\/\" \/>\n<meta property=\"og:locale\" content=\"de_DE\" \/>\n<meta property=\"og:type\" content=\"article\" \/>\n<meta property=\"og:title\" content=\"Hassio - Chemuza\" \/>\n<meta property=\"og:description\" content=\"Hassium ist ein vom Menschen k\u00fcnstlich hergestelltes synthetisches Element. Alle seine Isotope sind instabil und kurzlebig, was zur Entstehung einiger Atome f\u00fchrte. Es wird angenommen, dass es Transactinid-Eigenschaften besitzt, basierend auf dem Verhalten anderer Elemente in seiner Gruppe oder \u00dcbergangsmetallen. Obwohl alle Funktionen und Anwendungen unbekannt sind, verraten wir Ihnen hier alles, was bisher bekannt ... Mehr lesen\" \/>\n<meta property=\"og:url\" content=\"https:\/\/chemuza.org\/de\/hassio\/\" \/>\n<meta property=\"og:site_name\" content=\"Chemuza\" \/>\n<meta name=\"twitter:card\" content=\"summary_large_image\" \/>\n<meta name=\"twitter:label1\" content=\"Gesch\u00e4tzte Lesezeit\" \/>\n\t<meta name=\"twitter:data1\" content=\"4\u00a0Minuten\" \/>\n<script type=\"application\/ld+json\" class=\"yoast-schema-graph\">{\"@context\":\"https:\/\/schema.org\",\"@graph\":[{\"@type\":\"WebPage\",\"@id\":\"https:\/\/chemuza.org\/de\/hassio\/\",\"url\":\"https:\/\/chemuza.org\/de\/hassio\/\",\"name\":\"Hassio - Chemuza\",\"isPartOf\":{\"@id\":\"https:\/\/chemuza.org\/de\/#website\"},\"datePublished\":\"2023-10-25T13:51:21+00:00\",\"dateModified\":\"2023-10-25T13:51:21+00:00\",\"breadcrumb\":{\"@id\":\"https:\/\/chemuza.org\/de\/hassio\/#breadcrumb\"},\"inLanguage\":\"de\",\"potentialAction\":[{\"@type\":\"ReadAction\",\"target\":[\"https:\/\/chemuza.org\/de\/hassio\/\"]}]},{\"@type\":\"BreadcrumbList\",\"@id\":\"https:\/\/chemuza.org\/de\/hassio\/#breadcrumb\",\"itemListElement\":[{\"@type\":\"ListItem\",\"position\":1,\"name\":\"Heim\",\"item\":\"https:\/\/chemuza.org\/de\/\"},{\"@type\":\"ListItem\",\"position\":2,\"name\":\"Hassio\"}]},{\"@type\":\"WebSite\",\"@id\":\"https:\/\/chemuza.org\/de\/#website\",\"url\":\"https:\/\/chemuza.org\/de\/\",\"name\":\"Chemuza\",\"description\":\"Ihr Tor zur chemischen Entdeckung\",\"publisher\":{\"@id\":\"https:\/\/chemuza.org\/de\/#organization\"},\"potentialAction\":[{\"@type\":\"SearchAction\",\"target\":{\"@type\":\"EntryPoint\",\"urlTemplate\":\"https:\/\/chemuza.org\/de\/?s={search_term_string}\"},\"query-input\":\"required name=search_term_string\"}],\"inLanguage\":\"de\"},{\"@type\":\"Organization\",\"@id\":\"https:\/\/chemuza.org\/de\/#organization\",\"name\":\"Chemuza\",\"url\":\"https:\/\/chemuza.org\/de\/\",\"logo\":{\"@type\":\"ImageObject\",\"inLanguage\":\"de\",\"@id\":\"https:\/\/chemuza.org\/de\/#\/schema\/logo\/image\/\",\"url\":\"https:\/\/chemuza.org\/de\/wp-content\/uploads\/2023\/10\/chemuza-logo.png\",\"contentUrl\":\"https:\/\/chemuza.org\/de\/wp-content\/uploads\/2023\/10\/chemuza-logo.png\",\"width\":387,\"height\":70,\"caption\":\"Chemuza\"},\"image\":{\"@id\":\"https:\/\/chemuza.org\/de\/#\/schema\/logo\/image\/\"}}]}<\/script>\n<!-- \/ Yoast SEO plugin. -->","yoast_head_json":{"title":"Hassio - Chemuza","robots":{"index":"index","follow":"follow","max-snippet":"max-snippet:-1","max-image-preview":"max-image-preview:large","max-video-preview":"max-video-preview:-1"},"canonical":"https:\/\/chemuza.org\/de\/hassio\/","og_locale":"de_DE","og_type":"article","og_title":"Hassio - Chemuza","og_description":"Hassium ist ein vom Menschen k\u00fcnstlich hergestelltes synthetisches Element. Alle seine Isotope sind instabil und kurzlebig, was zur Entstehung einiger Atome f\u00fchrte. Es wird angenommen, dass es Transactinid-Eigenschaften besitzt, basierend auf dem Verhalten anderer Elemente in seiner Gruppe oder \u00dcbergangsmetallen. Obwohl alle Funktionen und Anwendungen unbekannt sind, verraten wir Ihnen hier alles, was bisher bekannt ... Mehr lesen","og_url":"https:\/\/chemuza.org\/de\/hassio\/","og_site_name":"Chemuza","twitter_card":"summary_large_image","twitter_misc":{"Gesch\u00e4tzte Lesezeit":"4\u00a0Minuten"},"schema":{"@context":"https:\/\/schema.org","@graph":[{"@type":"WebPage","@id":"https:\/\/chemuza.org\/de\/hassio\/","url":"https:\/\/chemuza.org\/de\/hassio\/","name":"Hassio - Chemuza","isPartOf":{"@id":"https:\/\/chemuza.org\/de\/#website"},"datePublished":"2023-10-25T13:51:21+00:00","dateModified":"2023-10-25T13:51:21+00:00","breadcrumb":{"@id":"https:\/\/chemuza.org\/de\/hassio\/#breadcrumb"},"inLanguage":"de","potentialAction":[{"@type":"ReadAction","target":["https:\/\/chemuza.org\/de\/hassio\/"]}]},{"@type":"BreadcrumbList","@id":"https:\/\/chemuza.org\/de\/hassio\/#breadcrumb","itemListElement":[{"@type":"ListItem","position":1,"name":"Heim","item":"https:\/\/chemuza.org\/de\/"},{"@type":"ListItem","position":2,"name":"Hassio"}]},{"@type":"WebSite","@id":"https:\/\/chemuza.org\/de\/#website","url":"https:\/\/chemuza.org\/de\/","name":"Chemuza","description":"Ihr Tor zur chemischen Entdeckung","publisher":{"@id":"https:\/\/chemuza.org\/de\/#organization"},"potentialAction":[{"@type":"SearchAction","target":{"@type":"EntryPoint","urlTemplate":"https:\/\/chemuza.org\/de\/?s={search_term_string}"},"query-input":"required name=search_term_string"}],"inLanguage":"de"},{"@type":"Organization","@id":"https:\/\/chemuza.org\/de\/#organization","name":"Chemuza","url":"https:\/\/chemuza.org\/de\/","logo":{"@type":"ImageObject","inLanguage":"de","@id":"https:\/\/chemuza.org\/de\/#\/schema\/logo\/image\/","url":"https:\/\/chemuza.org\/de\/wp-content\/uploads\/2023\/10\/chemuza-logo.png","contentUrl":"https:\/\/chemuza.org\/de\/wp-content\/uploads\/2023\/10\/chemuza-logo.png","width":387,"height":70,"caption":"Chemuza"},"image":{"@id":"https:\/\/chemuza.org\/de\/#\/schema\/logo\/image\/"}}]}},"yoast_meta":{"yoast_wpseo_title":"","yoast_wpseo_metadesc":"","yoast_wpseo_canonical":""},"_links":{"self":[{"href":"https:\/\/chemuza.org\/de\/wp-json\/wp\/v2\/pages\/1580","targetHints":{"allow":["GET"]}}],"collection":[{"href":"https:\/\/chemuza.org\/de\/wp-json\/wp\/v2\/pages"}],"about":[{"href":"https:\/\/chemuza.org\/de\/wp-json\/wp\/v2\/types\/page"}],"author":[{"embeddable":true,"href":"https:\/\/chemuza.org\/de\/wp-json\/wp\/v2\/users\/1"}],"replies":[{"embeddable":true,"href":"https:\/\/chemuza.org\/de\/wp-json\/wp\/v2\/comments?post=1580"}],"version-history":[{"count":1,"href":"https:\/\/chemuza.org\/de\/wp-json\/wp\/v2\/pages\/1580\/revisions"}],"predecessor-version":[{"id":1637,"href":"https:\/\/chemuza.org\/de\/wp-json\/wp\/v2\/pages\/1580\/revisions\/1637"}],"wp:attachment":[{"href":"https:\/\/chemuza.org\/de\/wp-json\/wp\/v2\/media?parent=1580"}],"curies":[{"name":"wp","href":"https:\/\/api.w.org\/{rel}","templated":true}]}}