{"id":1579,"date":"2023-10-25T13:51:21","date_gmt":"2023-10-25T13:51:21","guid":{"rendered":"https:\/\/chemuza.org\/de\/bohrium\/"},"modified":"2023-10-25T13:51:21","modified_gmt":"2023-10-25T13:51:21","slug":"bohrium","status":"publish","type":"page","link":"https:\/\/chemuza.org\/de\/bohrium\/","title":{"rendered":"Bohrio"},"content":{"rendered":"<p>Bor ist ein k\u00fcnstliches Element im Periodensystem, das in der Natur nicht nat\u00fcrlich vorkommt. Es ist ein weiteres Metall mit geringer Produktion und wird nur synthetisch im Labor hergestellt. Erfahren Sie etwas mehr \u00fcber seine Entdeckung, Eigenschaften und Eigenschaften.<\/p>\n<h2> <strong>Was ist Bohrio?<\/strong><\/h2>\n<p> Das Periodensystem Bohrio, fr\u00fcher Unnilseptio oder Nielsbohrio genannt, ist ein synthetisches, radioaktives, metallisches chemisches Element. Dar\u00fcber hinaus kann es in seinem nat\u00fcrlichen Zustand fest sein und wie alle Metalle der \u00dcbergangsmetallgruppe wei\u00df, grau oder silbern sein.<\/p>\n<p> Derzeit sind 10 Isotope bekannt, das stabilste davon ist Bohrium <sup>270<\/sup> mit einer Halbwertszeit von einer Minute. Dar\u00fcber hinaus verf\u00fcgt sein Kern \u00fcber eine hohe Konzentration an Protonen und Neutronen, was ihn \u00e4u\u00dferst leistungsstark macht.<\/p>\n<h2> <strong>Bohrium-Symbol<\/strong><\/h2>\n<p> <span class=\"content-chemical-element\" style=\"float: left;width: 65px;height: 65px;border: 3px solid #666; display:flex;\n    justify-content: center;align-items: center;margin-right: 15px;\"><span style=\"font-size: 38px;\">Bh<\/span><\/span> Es befindet sich in Gruppe 7 des Periodensystems mit der Ordnungszahl 107 und hat eine Atommasse von 262. Es geh\u00f6rt zum Block d, Periode 7, der \u00dcbergangsmetalle. Es kann die gleichen Eigenschaften wie Rhenium haben, da es sich in einer nahegelegenen Position befindet.<\/p>\n<h2> <strong>Eigenschaften von Bohrium<\/strong><\/h2>\n<p> Das chemische Element Bohrium gilt wie alle Elemente der Gruppe 7 als guter W\u00e4rme- und Stromleiter. Dar\u00fcber hinaus weist es hohe Schmelz- und Siedepunkte sowie eine extreme H\u00e4rte auf. Entdecken Sie die weiteren Eigenschaften dieses Elements:<\/p>\n<ul>\n<li> <strong>Zustand:<\/strong> Unbekannt, k\u00f6nnte aber solide sein.<\/li>\n<li> <strong>Aussehen:<\/strong> Unbekannt, m\u00f6glicherweise metallisch, wei\u00df, silbern oder grau.<\/li>\n<li> <strong>Kristallstruktur:<\/strong> Kompakt sechseckig.<\/li>\n<\/ul>\n<h2> <strong>Chemische und physikalische Eigenschaften von Bohrium<\/strong><\/h2>\n<ol>\n<li> <strong>Ordnungszahl<\/strong> : 107<\/li>\n<li> <strong>Atomradius:<\/strong> erwartet 128<\/li>\n<li> <strong>Dichte:<\/strong> 37,1 g\/cm\u00b3<\/li>\n<li> <strong>Kovalenter Radius:<\/strong> 141<\/li>\n<li> <strong>Nat\u00fcrliches Vorkommen:<\/strong> synthetisch<\/li>\n<li> <strong>Elektronische Konfiguration:<\/strong> [Rn] 5f <sup>14<\/sup> 6d <sup>5<\/sup> 7s <sup>2<\/sup><\/li>\n<li> <strong>Ionisierungsenergien:<\/strong> 1\u00b0: 740 kJ\/mol. 2. Platz: 1690 kJ\/mol und 3. Platz: 2570 Kj\/mol.<\/li>\n<li> <strong>Oxidationsstufen:<\/strong> +3, +4, +5, +7<\/li>\n<\/ol>\n<h2> <strong>Ursprung von Bohrium<\/strong><\/h2>\n<p> 1976 berichtete ein sowjetisches Forscherteam unter der Leitung des russischen Kernphysikers Juri Oganessjan erstmals dar\u00fcber. Durch Beschuss der Wismut-209- und Blei-208-Ziele mit beschleunigten Kernen aus Chrom 54 und Mangan 55. Sie beobachteten unterschiedliche Aktivit\u00e4tsniveaus, wobei eines eine Halbwertszeit von 1 oder 2 Millisekunden und das andere eine Lebensdauer von etwa 5 Sekunden hatte. .<\/p>\n<p> W\u00e4hrend des Experiments war die Intensit\u00e4t konstant und es wurde vermutet, dass das erste das Isotop Bohrium <sup>261<\/sup> und das zweite Dubnium 257 war. Sp\u00e4ter wurde es in Dubnium 258 ge\u00e4ndert, das eine kurze Halbwertszeit von mehr als 257 hat. Allerdings ist die H\u00e4lfte -Das im Atom 262 beobachtete Leben war k\u00fcrzer als bei der Entdeckung 1981 in Darmstadt.<\/p>\n<p> Im Jahr 1981 beschoss eine deutsche Forschungsgruppe unter der Leitung der Physiker Gottfried M\u00fcnzenberg und Peter Armbruster vom Helmholtz-Zentrum f\u00fcr Schwerionenforschung (GSI) in Darmstadt ein Ziel des Elements Wismut 209 mit beschleunigten Kernen aus Chrom 54, um 5 Atome zu erzeugen von Bohrium <sup>262<\/sup> . Die Task Force der International Union of Pure and Applied Chemistry (IUPAC) w\u00fcrdigte 1992 die Zusammenarbeit des GSI-Teams als offizieller Entdecker.<\/p>\n<h2> <strong>Wof\u00fcr wird Bohrio verwendet?<\/strong><\/h2>\n<p> Dieses Element ist im Vergleich zu anderen Metallen etwas ganz Besonderes, da Bohrium keine Anwendungen hat. Mit anderen Worten: Es hat keinen Nutzen in der Wissenschaft, Industrie oder im Alltag.<\/p>\n<h2> <strong>Herkunft des Namens Bohrio<\/strong><\/h2>\n<p> Er erh\u00e4lt diesen Namen zu Ehren des d\u00e4nischen Physikers Niels Bohr, Gewinner des Nobelpreises f\u00fcr Physik im Jahr 1922. Seine Arbeit konzentrierte sich auf Studien und Beitr\u00e4ge zum Verst\u00e4ndnis der Quantenmechanik und der Struktur des Atoms.<\/p>\n<h2> <strong>Technik zur Identifizierung von Bohrium<\/strong><\/h2>\n<p> Um ein neues Bohrium-Isotop zu identifizieren, ist es notwendig, eine genetische Korrelation mit anderen bekannten Isotopen \u00fcber eine radioaktive Zerfallskette durchzuf\u00fchren, die durch spontane Spaltung unterbrochen wird. Um diese Zerfallsanalyse durchf\u00fchren zu k\u00f6nnen, m\u00fcssen stabilere Isotope erzeugt werden, also solche, die eine ungerade Anzahl an Neutronen und Protonen enthalten.<\/p>\n<h2> <strong>Auswirkungen von Bohrium auf die Gesundheit<\/strong><\/h2>\n<p> Dieses Element ist instabil und zerf\u00e4llt daher schnell, wenn es mit anderen Metallen vermischt wird. Daher wurden die m\u00f6glichen Auswirkungen auf den K\u00f6rper nicht untersucht.<\/p>\n<h2> <strong>Auswirkungen von Bohrium auf die Umwelt<\/strong><\/h2>\n<p> Die m\u00f6glichen Auswirkungen auf die Umwelt sind noch nicht bekannt, da es in der Natur nicht vorkommt und seine Halbwertszeit mit etwa 0,44 Sekunden kurz ist. Da es jedoch reaktive Eigenschaften aufweist, m\u00fcssen seine Einsatzm\u00f6glichkeiten noch best\u00e4tigt werden.<\/p>\n<p> Zusammenfassend l\u00e4sst sich sagen, dass es sich um ein synthetisches Element des Periodensystems handelt, das im Labor hergestellt wurde und zur Gruppe 7 der \u00dcbergangsmetalle geh\u00f6rt. Da die Halbwertszeit kurz ist, besteht kein Nutzen bzw. keine Anwendung.<\/p>\n","protected":false},"excerpt":{"rendered":"<p>Bor ist ein k\u00fcnstliches Element im Periodensystem, das in der Natur nicht nat\u00fcrlich vorkommt. Es ist ein weiteres Metall mit geringer Produktion und wird nur synthetisch im Labor hergestellt. Erfahren Sie etwas mehr \u00fcber seine Entdeckung, Eigenschaften und Eigenschaften. Was ist Bohrio? Das Periodensystem Bohrio, fr\u00fcher Unnilseptio oder Nielsbohrio genannt, ist ein synthetisches, radioaktives, metallisches &#8230; <a title=\"Bohrio\" class=\"read-more\" href=\"https:\/\/chemuza.org\/de\/bohrium\/\" aria-label=\"Mehr zu Bohrio\">Mehr lesen<\/a><\/p>\n","protected":false},"author":1,"featured_media":0,"parent":0,"menu_order":0,"comment_status":"closed","ping_status":"closed","template":"","meta":{"footnotes":""},"class_list":["post-1579","page","type-page","status-publish"],"yoast_head":"<!-- This site is optimized with the Yoast SEO plugin v21.4 - https:\/\/yoast.com\/wordpress\/plugins\/seo\/ -->\n<title>Bohrio - Chemuza<\/title>\n<meta name=\"robots\" content=\"index, follow, max-snippet:-1, max-image-preview:large, max-video-preview:-1\" \/>\n<link rel=\"canonical\" href=\"https:\/\/chemuza.org\/de\/bohrium\/\" \/>\n<meta property=\"og:locale\" content=\"de_DE\" \/>\n<meta property=\"og:type\" content=\"article\" \/>\n<meta property=\"og:title\" content=\"Bohrio - Chemuza\" \/>\n<meta property=\"og:description\" content=\"Bor ist ein k\u00fcnstliches Element im Periodensystem, das in der Natur nicht nat\u00fcrlich vorkommt. Es ist ein weiteres Metall mit geringer Produktion und wird nur synthetisch im Labor hergestellt. Erfahren Sie etwas mehr \u00fcber seine Entdeckung, Eigenschaften und Eigenschaften. Was ist Bohrio? Das Periodensystem Bohrio, fr\u00fcher Unnilseptio oder Nielsbohrio genannt, ist ein synthetisches, radioaktives, metallisches ... Mehr lesen\" \/>\n<meta property=\"og:url\" content=\"https:\/\/chemuza.org\/de\/bohrium\/\" \/>\n<meta property=\"og:site_name\" content=\"Chemuza\" \/>\n<meta name=\"twitter:card\" content=\"summary_large_image\" \/>\n<meta name=\"twitter:label1\" content=\"Gesch\u00e4tzte Lesezeit\" \/>\n\t<meta name=\"twitter:data1\" content=\"3\u00a0Minuten\" \/>\n<script type=\"application\/ld+json\" class=\"yoast-schema-graph\">{\"@context\":\"https:\/\/schema.org\",\"@graph\":[{\"@type\":\"WebPage\",\"@id\":\"https:\/\/chemuza.org\/de\/bohrium\/\",\"url\":\"https:\/\/chemuza.org\/de\/bohrium\/\",\"name\":\"Bohrio - Chemuza\",\"isPartOf\":{\"@id\":\"https:\/\/chemuza.org\/de\/#website\"},\"datePublished\":\"2023-10-25T13:51:21+00:00\",\"dateModified\":\"2023-10-25T13:51:21+00:00\",\"breadcrumb\":{\"@id\":\"https:\/\/chemuza.org\/de\/bohrium\/#breadcrumb\"},\"inLanguage\":\"de\",\"potentialAction\":[{\"@type\":\"ReadAction\",\"target\":[\"https:\/\/chemuza.org\/de\/bohrium\/\"]}]},{\"@type\":\"BreadcrumbList\",\"@id\":\"https:\/\/chemuza.org\/de\/bohrium\/#breadcrumb\",\"itemListElement\":[{\"@type\":\"ListItem\",\"position\":1,\"name\":\"Heim\",\"item\":\"https:\/\/chemuza.org\/de\/\"},{\"@type\":\"ListItem\",\"position\":2,\"name\":\"Bohrio\"}]},{\"@type\":\"WebSite\",\"@id\":\"https:\/\/chemuza.org\/de\/#website\",\"url\":\"https:\/\/chemuza.org\/de\/\",\"name\":\"Chemuza\",\"description\":\"Ihr Tor zur chemischen Entdeckung\",\"publisher\":{\"@id\":\"https:\/\/chemuza.org\/de\/#organization\"},\"potentialAction\":[{\"@type\":\"SearchAction\",\"target\":{\"@type\":\"EntryPoint\",\"urlTemplate\":\"https:\/\/chemuza.org\/de\/?s={search_term_string}\"},\"query-input\":\"required name=search_term_string\"}],\"inLanguage\":\"de\"},{\"@type\":\"Organization\",\"@id\":\"https:\/\/chemuza.org\/de\/#organization\",\"name\":\"Chemuza\",\"url\":\"https:\/\/chemuza.org\/de\/\",\"logo\":{\"@type\":\"ImageObject\",\"inLanguage\":\"de\",\"@id\":\"https:\/\/chemuza.org\/de\/#\/schema\/logo\/image\/\",\"url\":\"https:\/\/chemuza.org\/de\/wp-content\/uploads\/2023\/10\/chemuza-logo.png\",\"contentUrl\":\"https:\/\/chemuza.org\/de\/wp-content\/uploads\/2023\/10\/chemuza-logo.png\",\"width\":387,\"height\":70,\"caption\":\"Chemuza\"},\"image\":{\"@id\":\"https:\/\/chemuza.org\/de\/#\/schema\/logo\/image\/\"}}]}<\/script>\n<!-- \/ Yoast SEO plugin. -->","yoast_head_json":{"title":"Bohrio - Chemuza","robots":{"index":"index","follow":"follow","max-snippet":"max-snippet:-1","max-image-preview":"max-image-preview:large","max-video-preview":"max-video-preview:-1"},"canonical":"https:\/\/chemuza.org\/de\/bohrium\/","og_locale":"de_DE","og_type":"article","og_title":"Bohrio - Chemuza","og_description":"Bor ist ein k\u00fcnstliches Element im Periodensystem, das in der Natur nicht nat\u00fcrlich vorkommt. Es ist ein weiteres Metall mit geringer Produktion und wird nur synthetisch im Labor hergestellt. Erfahren Sie etwas mehr \u00fcber seine Entdeckung, Eigenschaften und Eigenschaften. Was ist Bohrio? Das Periodensystem Bohrio, fr\u00fcher Unnilseptio oder Nielsbohrio genannt, ist ein synthetisches, radioaktives, metallisches ... Mehr lesen","og_url":"https:\/\/chemuza.org\/de\/bohrium\/","og_site_name":"Chemuza","twitter_card":"summary_large_image","twitter_misc":{"Gesch\u00e4tzte Lesezeit":"3\u00a0Minuten"},"schema":{"@context":"https:\/\/schema.org","@graph":[{"@type":"WebPage","@id":"https:\/\/chemuza.org\/de\/bohrium\/","url":"https:\/\/chemuza.org\/de\/bohrium\/","name":"Bohrio - Chemuza","isPartOf":{"@id":"https:\/\/chemuza.org\/de\/#website"},"datePublished":"2023-10-25T13:51:21+00:00","dateModified":"2023-10-25T13:51:21+00:00","breadcrumb":{"@id":"https:\/\/chemuza.org\/de\/bohrium\/#breadcrumb"},"inLanguage":"de","potentialAction":[{"@type":"ReadAction","target":["https:\/\/chemuza.org\/de\/bohrium\/"]}]},{"@type":"BreadcrumbList","@id":"https:\/\/chemuza.org\/de\/bohrium\/#breadcrumb","itemListElement":[{"@type":"ListItem","position":1,"name":"Heim","item":"https:\/\/chemuza.org\/de\/"},{"@type":"ListItem","position":2,"name":"Bohrio"}]},{"@type":"WebSite","@id":"https:\/\/chemuza.org\/de\/#website","url":"https:\/\/chemuza.org\/de\/","name":"Chemuza","description":"Ihr Tor zur chemischen Entdeckung","publisher":{"@id":"https:\/\/chemuza.org\/de\/#organization"},"potentialAction":[{"@type":"SearchAction","target":{"@type":"EntryPoint","urlTemplate":"https:\/\/chemuza.org\/de\/?s={search_term_string}"},"query-input":"required name=search_term_string"}],"inLanguage":"de"},{"@type":"Organization","@id":"https:\/\/chemuza.org\/de\/#organization","name":"Chemuza","url":"https:\/\/chemuza.org\/de\/","logo":{"@type":"ImageObject","inLanguage":"de","@id":"https:\/\/chemuza.org\/de\/#\/schema\/logo\/image\/","url":"https:\/\/chemuza.org\/de\/wp-content\/uploads\/2023\/10\/chemuza-logo.png","contentUrl":"https:\/\/chemuza.org\/de\/wp-content\/uploads\/2023\/10\/chemuza-logo.png","width":387,"height":70,"caption":"Chemuza"},"image":{"@id":"https:\/\/chemuza.org\/de\/#\/schema\/logo\/image\/"}}]}},"yoast_meta":{"yoast_wpseo_title":"","yoast_wpseo_metadesc":"","yoast_wpseo_canonical":""},"_links":{"self":[{"href":"https:\/\/chemuza.org\/de\/wp-json\/wp\/v2\/pages\/1579","targetHints":{"allow":["GET"]}}],"collection":[{"href":"https:\/\/chemuza.org\/de\/wp-json\/wp\/v2\/pages"}],"about":[{"href":"https:\/\/chemuza.org\/de\/wp-json\/wp\/v2\/types\/page"}],"author":[{"embeddable":true,"href":"https:\/\/chemuza.org\/de\/wp-json\/wp\/v2\/users\/1"}],"replies":[{"embeddable":true,"href":"https:\/\/chemuza.org\/de\/wp-json\/wp\/v2\/comments?post=1579"}],"version-history":[{"count":1,"href":"https:\/\/chemuza.org\/de\/wp-json\/wp\/v2\/pages\/1579\/revisions"}],"predecessor-version":[{"id":1610,"href":"https:\/\/chemuza.org\/de\/wp-json\/wp\/v2\/pages\/1579\/revisions\/1610"}],"wp:attachment":[{"href":"https:\/\/chemuza.org\/de\/wp-json\/wp\/v2\/media?parent=1579"}],"curies":[{"name":"wp","href":"https:\/\/api.w.org\/{rel}","templated":true}]}}