{"id":1578,"date":"2023-07-13T08:49:46","date_gmt":"2023-07-13T08:49:46","guid":{"rendered":"https:\/\/chemuza.org\/de\/zeitform\/"},"modified":"2023-07-13T08:49:46","modified_gmt":"2023-07-13T08:49:46","slug":"zeitform","status":"publish","type":"page","link":"https:\/\/chemuza.org\/de\/zeitform\/","title":{"rendered":"Tenesus"},"content":{"rendered":"<p>Wussten Sie, dass dieses Element fr\u00fcher <em>Ephelium<\/em> mit dem chemischen Symbol <em>Ef<\/em> genannt wurde? Dar\u00fcber hinaus wurde es von den Beh\u00f6rden der International Union of Pure and Applied Chemistry IUPAC als <em>Ununseptium<\/em> anerkannt. Tats\u00e4chlich ist es aufgrund seiner j\u00fcngsten Entdeckung im 21. Jahrhundert ein wenig bekanntes Metall hinsichtlich seiner Anwendungen. In jedem Fall hinterlassen wir Ihnen die wichtigsten Daten \u00fcber Teneso wie Merkmale, Eigenschaften und Herkunft.<\/p>\n<h2> <strong>Was ist Teneso?<\/strong><\/h2>\n<p> Dies ist das synthetische Element 117, Teil der chemischen Reihe Halogen, superschwer, radioaktiv, Transactinid, Metall und das vorletzte der Periode 7 des Periodensystems. Dar\u00fcber hinaus verf\u00fcgt es \u00fcber eine durchschnittliche Lebensdauer von wenigen Millisekunden, eine dunkle Farbe und ein solides Erscheinungsbild.<\/p>\n<h3> <strong>Symbol von Teneso<\/strong><\/h3>\n<p> <span class=\"content-chemical-element\" style=\"float: left; width: 65px; height: 65px; border: 3px solid #666; display: flex; justify-content: center; align-items: center; margin-right: 15px;\"><span style=\"font-size: 38px;\">Ts<\/span><\/span> Die Initialen des chemischen Elements Teneso sind eine Abk\u00fcrzung seines Namens, der den Bundesstaat Tennessee in den Vereinigten Staaten ehrt. Seine Entdecker schlugen diese Symbologie vor, weil sich dort das Oak Ridge National Laboratory befindet, der Ort, an dem das mit der Nummer 117 gekennzeichnete Metall entstand.<\/p>\n<h2> <strong>Eigenschaften des Teneso<\/strong><\/h2>\n<p> Im Grunde handelt es sich bei den Eigenschaften und Merkmalen von Teneso um Vorhersagen von Wissenschaftlern, die dem periodischen Trend folgen, diese Daten zu kennen. Andererseits sind die bisher synthetisierten Isotope <sup>293<\/sup> Ts und <sup>294<\/sup> Ts. Dar\u00fcber hinaus wurden nur wenige Atome des Elements erzeugt. Entdecken Sie unten seine Hauptqualit\u00e4ten:<\/p>\n<ul>\n<li> <strong>Zustand<\/strong> : Laut Wissenschaftlern ist es solide.<\/li>\n<li> <strong>Aussehen<\/strong> : Sein Aussehen und seine Farbe sind unbekannt, es wird jedoch angenommen, dass es eine dunkle Farbe hat.<\/li>\n<li> <strong>Radioaktivit\u00e4t<\/strong> : Es ist ein radioaktives Element.<\/li>\n<li> <strong>Kernstabilit\u00e4t<\/strong> : Dieses Element hat stabile Isotope, obwohl Elemente mit h\u00f6heren Ordnungszahlen keine Stabilit\u00e4t aufweisen.<\/li>\n<li> <strong>Gewicht<\/strong> : Es ist das zweite superschwere Element, das k\u00fcnstlich hergestellt wurde, da es 40 % schwerer als Blei ist.<\/li>\n<li> <strong>Metallische Eigenschaften<\/strong> : Wissenschaftler sagen voraus, dass es halbmetallische Eigenschaften hat.<\/li>\n<li> <strong>Halbwertszeit<\/strong> : Die f\u00fcr den Zerfall erforderliche Zeit betr\u00e4gt einige Millisekunden, wie beim Isotop <sup>294<\/sup> Ts, dessen Halbwertszeit 78 Millisekunden betr\u00e4gt.<\/li>\n<li> <strong>Isotope<\/strong> : Zu den bekannten Isotopen geh\u00f6ren <sup>291<\/sup> Ts, <sup>292<\/sup> Ts, <sup>293<\/sup> Ts und <sup>294<\/sup> Ts, wobei letzteres das stabilste ist.<\/li>\n<\/ul>\n<h2> <strong>Chemische und physikalische Eigenschaften von Teneso<\/strong><\/h2>\n<ol>\n<li> <strong>Ordnungszahl<\/strong> : 117<\/li>\n<li> <strong>Rust<\/strong> : Unbekannt<\/li>\n<li> <strong>Dichte (g\/ml)<\/strong> : Keine Daten<\/li>\n<li> <strong>Kovalenter Radius (\u00c5)<\/strong> : 165 Uhr<\/li>\n<li> <strong>Atomvolumen<\/strong> : Keine Daten<\/li>\n<li> <strong>Atomradius (\u00c5)<\/strong> : Keine Daten<\/li>\n<li> <strong>Spezifische W\u00e4rme<\/strong> : Keine Daten<\/li>\n<li> <strong>Atommasse (g\/mol)<\/strong> : 294 u<\/li>\n<li> <strong>Schallgeschwindigkeit<\/strong> : Keine Daten<\/li>\n<li> <strong>Elektronegativit\u00e4t<\/strong> : Keine Daten<\/li>\n<li> <strong>Fusionsenthalpie<\/strong> : Keine Daten<\/li>\n<li> <strong>Elektronische Konfiguration<\/strong> : [Rn] 5f <sup>14<\/sup> 6d <sup>10<\/sup> 7s <sup>2<\/sup> 7p <sup>5<\/sup><\/li>\n<li> <strong>Erste Ionisierungsenergie (eV)<\/strong> : 742,9 kJ\/mol<\/li>\n<li> <strong>Elektronenniveau<\/strong> : 2, 8, 18, 32, 32, 18 und 7<\/li>\n<li> <strong>Oxidationsstufen<\/strong> : \u22121, +1, +3, +5<\/li>\n<li> <strong>Schmelzpunkt<\/strong> : 300 \u2013 500 \u00b0C (573 \u2013 773 K)<\/li>\n<li> <strong>Siedepunkt<\/strong> : 550\u00b0C (823K)<\/li>\n<\/ol>\n<h2> <strong>Herkunft von<\/strong> <strong>Teneso<\/strong><\/h2>\n<p> Tenesos Entdeckung ist etwas umstritten, da sie das Ergebnis der Zusammenarbeit zweier wissenschaftlicher Gruppen, der Amerikaner und der Russen, war. Anfang 2010 ver\u00f6ffentlichten das Joint Institute for Nuclear Research in Dubna (Russland) und das Oak Ridge National Laboratory in Tennessee (USA) eine Erkl\u00e4rung, in der sie die Entdeckung der \u00d6ffentlichkeit bekannt gaben. Andererseits wird Teneso durch Kernfusion des Isotops <sup>249<\/sup> Bk mit <sup>48<\/sup> Ca-Ionen gewonnen.<\/p>\n<h2> <strong>Wof\u00fcr wird Teneso verwendet?<\/strong><\/h2>\n<p> Angesichts seiner j\u00fcngsten Entdeckung ist es noch fr\u00fch, seine Anwendungsm\u00f6glichkeiten zu kennen, weshalb es nicht in der kommerziellen, medizinischen, metallurgischen oder chemischen Industrie eingesetzt wird. Auch weil seine Herstellung schwierig und selten ist. Die Verwendung von Teneso ist jedoch auf wissenschaftliche Forschungszwecke beschr\u00e4nkt.<\/p>\n<h2> <strong>Benennung von Teneso<\/strong><\/h2>\n<p> Nach Mendelejews Nomenklatur, die f\u00fcr unentdeckte Elemente verwendet wurde, war dieses Element als <em>Eka-Astatin<\/em> oder <em>Dvi-Jod<\/em> zu erkennen. Allerdings ver\u00f6ffentlichte die IUPAC 1979 eine Reihe von Vorschl\u00e4gen, deren Terminologie sich aus <em>Ununseptio<\/em> und dem Symbol <em>Uus<\/em> ergab.<\/p>\n<p> Dies war eine vor\u00fcbergehende M\u00f6glichkeit, auf das Element zu verweisen, bis ihm ein dauerhafter Name zugewiesen wurde. Dar\u00fcber hinaus ist durch die <em>systematische Benennung von Elementen<\/em> diese Kombination entstanden, die in der lateinischen Sprache w\u00f6rtlich \u201eeins, eins, sieben\u201c bedeutet. Diese Empfehlungen wurden jedoch von Wissenschaftlern ignoriert, die sie als 117 bezeichneten.<\/p>\n<p> Andererseits gew\u00e4hrten die IUPAC-Beh\u00f6rden ihren Entdeckern das Recht, es als Hommage an ORNL <em>Tennessine<\/em> zu nennen, \u00fcbersetzt als <em>Tenesino<\/em> oder <em>T\u00e9neso<\/em> . Sp\u00e4ter \u00fcbernahm die IUPAC dank RAC, RSEQ, Fund\u00e9u und RAE den Namen, dessen \u00dcbersetzung <em>Teneso<\/em> lautet.<\/p>\n<h2> <strong>Welche gesundheitlichen Auswirkungen hat Teneso?<\/strong><\/h2>\n<p> Derzeit wurden keine gesundheitssch\u00e4dlichen Auswirkungen von Teneso beobachtet. Da es sich jedoch um ein radioaktives Halogen handelt, sollten bei der Verwendung in Labortests alle erforderlichen Sicherheitsma\u00dfnahmen getroffen werden.<\/p>\n<h2> <strong>Auswirkungen von Teneso auf die Umwelt<\/strong><\/h2>\n<p> Aufgrund der geringen Produktion von Metall 117 wurden derzeit keine sch\u00e4dlichen Auswirkungen auf die Umwelt beobachtet. Es ist jedoch ausreichend reaktiv, um der Natur nicht ausgesetzt zu werden.<\/p>\n<p> Zusammenfassend l\u00e4sst sich sagen, dass Teneso ein k\u00fcnstliches, halogeniertes, radioaktives, metallisches, superschweres, festes, dunkel gef\u00e4rbtes chemisches Element ist. Dar\u00fcber hinaus hat es eine durchschnittliche Lebensdauer von wenigen Millisekunden sowie stabile und instabile Isotope. Andererseits gibt es keine anerkannten Anwendungen, da seine Entdeckung neu ist.<\/p>\n","protected":false},"excerpt":{"rendered":"<p>Wussten Sie, dass dieses Element fr\u00fcher Ephelium mit dem chemischen Symbol Ef genannt wurde? Dar\u00fcber hinaus wurde es von den Beh\u00f6rden der International Union of Pure and Applied Chemistry IUPAC als Ununseptium anerkannt. Tats\u00e4chlich ist es aufgrund seiner j\u00fcngsten Entdeckung im 21. Jahrhundert ein wenig bekanntes Metall hinsichtlich seiner Anwendungen. In jedem Fall hinterlassen wir &#8230; <a title=\"Tenesus\" class=\"read-more\" href=\"https:\/\/chemuza.org\/de\/zeitform\/\" aria-label=\"Mehr zu Tenesus\">Mehr lesen<\/a><\/p>\n","protected":false},"author":1,"featured_media":0,"parent":0,"menu_order":0,"comment_status":"closed","ping_status":"closed","template":"","meta":{"footnotes":""},"class_list":["post-1578","page","type-page","status-publish"],"yoast_head":"<!-- This site is optimized with the Yoast SEO plugin v21.4 - https:\/\/yoast.com\/wordpress\/plugins\/seo\/ -->\n<title>Tenesus - Chemuza<\/title>\n<meta name=\"robots\" content=\"index, follow, max-snippet:-1, max-image-preview:large, max-video-preview:-1\" \/>\n<link rel=\"canonical\" href=\"https:\/\/chemuza.org\/de\/zeitform\/\" \/>\n<meta property=\"og:locale\" content=\"de_DE\" \/>\n<meta property=\"og:type\" content=\"article\" \/>\n<meta property=\"og:title\" content=\"Tenesus - Chemuza\" \/>\n<meta property=\"og:description\" content=\"Wussten Sie, dass dieses Element fr\u00fcher Ephelium mit dem chemischen Symbol Ef genannt wurde? Dar\u00fcber hinaus wurde es von den Beh\u00f6rden der International Union of Pure and Applied Chemistry IUPAC als Ununseptium anerkannt. Tats\u00e4chlich ist es aufgrund seiner j\u00fcngsten Entdeckung im 21. Jahrhundert ein wenig bekanntes Metall hinsichtlich seiner Anwendungen. In jedem Fall hinterlassen wir ... Mehr lesen\" \/>\n<meta property=\"og:url\" content=\"https:\/\/chemuza.org\/de\/zeitform\/\" \/>\n<meta property=\"og:site_name\" content=\"Chemuza\" \/>\n<meta name=\"twitter:card\" content=\"summary_large_image\" \/>\n<meta name=\"twitter:label1\" content=\"Gesch\u00e4tzte Lesezeit\" \/>\n\t<meta name=\"twitter:data1\" content=\"4\u00a0Minuten\" \/>\n<script type=\"application\/ld+json\" class=\"yoast-schema-graph\">{\"@context\":\"https:\/\/schema.org\",\"@graph\":[{\"@type\":\"WebPage\",\"@id\":\"https:\/\/chemuza.org\/de\/zeitform\/\",\"url\":\"https:\/\/chemuza.org\/de\/zeitform\/\",\"name\":\"Tenesus - Chemuza\",\"isPartOf\":{\"@id\":\"https:\/\/chemuza.org\/de\/#website\"},\"datePublished\":\"2023-07-13T08:49:46+00:00\",\"dateModified\":\"2023-07-13T08:49:46+00:00\",\"breadcrumb\":{\"@id\":\"https:\/\/chemuza.org\/de\/zeitform\/#breadcrumb\"},\"inLanguage\":\"de\",\"potentialAction\":[{\"@type\":\"ReadAction\",\"target\":[\"https:\/\/chemuza.org\/de\/zeitform\/\"]}]},{\"@type\":\"BreadcrumbList\",\"@id\":\"https:\/\/chemuza.org\/de\/zeitform\/#breadcrumb\",\"itemListElement\":[{\"@type\":\"ListItem\",\"position\":1,\"name\":\"Heim\",\"item\":\"https:\/\/chemuza.org\/de\/\"},{\"@type\":\"ListItem\",\"position\":2,\"name\":\"Tenesus\"}]},{\"@type\":\"WebSite\",\"@id\":\"https:\/\/chemuza.org\/de\/#website\",\"url\":\"https:\/\/chemuza.org\/de\/\",\"name\":\"Chemuza\",\"description\":\"Ihr Tor zur chemischen Entdeckung\",\"publisher\":{\"@id\":\"https:\/\/chemuza.org\/de\/#organization\"},\"potentialAction\":[{\"@type\":\"SearchAction\",\"target\":{\"@type\":\"EntryPoint\",\"urlTemplate\":\"https:\/\/chemuza.org\/de\/?s={search_term_string}\"},\"query-input\":\"required name=search_term_string\"}],\"inLanguage\":\"de\"},{\"@type\":\"Organization\",\"@id\":\"https:\/\/chemuza.org\/de\/#organization\",\"name\":\"Chemuza\",\"url\":\"https:\/\/chemuza.org\/de\/\",\"logo\":{\"@type\":\"ImageObject\",\"inLanguage\":\"de\",\"@id\":\"https:\/\/chemuza.org\/de\/#\/schema\/logo\/image\/\",\"url\":\"https:\/\/chemuza.org\/de\/wp-content\/uploads\/2023\/10\/chemuza-logo.png\",\"contentUrl\":\"https:\/\/chemuza.org\/de\/wp-content\/uploads\/2023\/10\/chemuza-logo.png\",\"width\":387,\"height\":70,\"caption\":\"Chemuza\"},\"image\":{\"@id\":\"https:\/\/chemuza.org\/de\/#\/schema\/logo\/image\/\"}}]}<\/script>\n<!-- \/ Yoast SEO plugin. -->","yoast_head_json":{"title":"Tenesus - Chemuza","robots":{"index":"index","follow":"follow","max-snippet":"max-snippet:-1","max-image-preview":"max-image-preview:large","max-video-preview":"max-video-preview:-1"},"canonical":"https:\/\/chemuza.org\/de\/zeitform\/","og_locale":"de_DE","og_type":"article","og_title":"Tenesus - Chemuza","og_description":"Wussten Sie, dass dieses Element fr\u00fcher Ephelium mit dem chemischen Symbol Ef genannt wurde? Dar\u00fcber hinaus wurde es von den Beh\u00f6rden der International Union of Pure and Applied Chemistry IUPAC als Ununseptium anerkannt. Tats\u00e4chlich ist es aufgrund seiner j\u00fcngsten Entdeckung im 21. Jahrhundert ein wenig bekanntes Metall hinsichtlich seiner Anwendungen. In jedem Fall hinterlassen wir ... Mehr lesen","og_url":"https:\/\/chemuza.org\/de\/zeitform\/","og_site_name":"Chemuza","twitter_card":"summary_large_image","twitter_misc":{"Gesch\u00e4tzte Lesezeit":"4\u00a0Minuten"},"schema":{"@context":"https:\/\/schema.org","@graph":[{"@type":"WebPage","@id":"https:\/\/chemuza.org\/de\/zeitform\/","url":"https:\/\/chemuza.org\/de\/zeitform\/","name":"Tenesus - Chemuza","isPartOf":{"@id":"https:\/\/chemuza.org\/de\/#website"},"datePublished":"2023-07-13T08:49:46+00:00","dateModified":"2023-07-13T08:49:46+00:00","breadcrumb":{"@id":"https:\/\/chemuza.org\/de\/zeitform\/#breadcrumb"},"inLanguage":"de","potentialAction":[{"@type":"ReadAction","target":["https:\/\/chemuza.org\/de\/zeitform\/"]}]},{"@type":"BreadcrumbList","@id":"https:\/\/chemuza.org\/de\/zeitform\/#breadcrumb","itemListElement":[{"@type":"ListItem","position":1,"name":"Heim","item":"https:\/\/chemuza.org\/de\/"},{"@type":"ListItem","position":2,"name":"Tenesus"}]},{"@type":"WebSite","@id":"https:\/\/chemuza.org\/de\/#website","url":"https:\/\/chemuza.org\/de\/","name":"Chemuza","description":"Ihr Tor zur chemischen Entdeckung","publisher":{"@id":"https:\/\/chemuza.org\/de\/#organization"},"potentialAction":[{"@type":"SearchAction","target":{"@type":"EntryPoint","urlTemplate":"https:\/\/chemuza.org\/de\/?s={search_term_string}"},"query-input":"required name=search_term_string"}],"inLanguage":"de"},{"@type":"Organization","@id":"https:\/\/chemuza.org\/de\/#organization","name":"Chemuza","url":"https:\/\/chemuza.org\/de\/","logo":{"@type":"ImageObject","inLanguage":"de","@id":"https:\/\/chemuza.org\/de\/#\/schema\/logo\/image\/","url":"https:\/\/chemuza.org\/de\/wp-content\/uploads\/2023\/10\/chemuza-logo.png","contentUrl":"https:\/\/chemuza.org\/de\/wp-content\/uploads\/2023\/10\/chemuza-logo.png","width":387,"height":70,"caption":"Chemuza"},"image":{"@id":"https:\/\/chemuza.org\/de\/#\/schema\/logo\/image\/"}}]}},"yoast_meta":{"yoast_wpseo_title":"","yoast_wpseo_metadesc":"","yoast_wpseo_canonical":""},"_links":{"self":[{"href":"https:\/\/chemuza.org\/de\/wp-json\/wp\/v2\/pages\/1578","targetHints":{"allow":["GET"]}}],"collection":[{"href":"https:\/\/chemuza.org\/de\/wp-json\/wp\/v2\/pages"}],"about":[{"href":"https:\/\/chemuza.org\/de\/wp-json\/wp\/v2\/types\/page"}],"author":[{"embeddable":true,"href":"https:\/\/chemuza.org\/de\/wp-json\/wp\/v2\/users\/1"}],"replies":[{"embeddable":true,"href":"https:\/\/chemuza.org\/de\/wp-json\/wp\/v2\/comments?post=1578"}],"version-history":[{"count":0,"href":"https:\/\/chemuza.org\/de\/wp-json\/wp\/v2\/pages\/1578\/revisions"}],"wp:attachment":[{"href":"https:\/\/chemuza.org\/de\/wp-json\/wp\/v2\/media?parent=1578"}],"curies":[{"name":"wp","href":"https:\/\/api.w.org\/{rel}","templated":true}]}}