{"id":1577,"date":"2023-07-13T09:15:14","date_gmt":"2023-07-13T09:15:14","guid":{"rendered":"https:\/\/chemuza.org\/de\/rontgen\/"},"modified":"2023-07-13T09:15:14","modified_gmt":"2023-07-13T09:15:14","slug":"rontgen","status":"publish","type":"page","link":"https:\/\/chemuza.org\/de\/rontgen\/","title":{"rendered":"R\u00f6ntgen"},"content":{"rendered":"<p>Es geh\u00f6rt zu den sogenannten Metallen, die in der Natur nicht vorkommen, da es in wissenschaftlichen Labors k\u00fcnstlich hergestellt wird. Au\u00dferdem werden nur wenige Atome des Elements erhalten. Gleichzeitig ist seine Halbwertszeit sehr kurz. Entdecken Sie in diesem Artikel die Eigenschaften, Verwendungszwecke und Eigenschaften von R\u00f6ntgenium.<\/p>\n<h2> <strong>Was ist R\u00f6ntgen?<\/strong><\/h2>\n<p> Das Element R\u00f6ntgen ist Teil der chemischen Reihe der \u00dcbergangsmetalle, die sich im zentralen Bereich des Periodensystems befindet, genauer gesagt in Gruppe 11, Periode 7 und Block d. Daher sollte es \u00e4hnliche Eigenschaften wie andere \u00dcbergangsmetallelemente aufweisen. Beispielsweise d\u00fcrfte es eine hohe H\u00e4rte sowie eine gute elektrische und thermische Leitf\u00e4higkeit aufweisen. Dar\u00fcber hinaus wird erwartet, dass seine Schmelz- und Siedepunkte hoch sind. Dar\u00fcber hinaus wird angenommen, dass es im Normalzustand fest ist, auch wenn es unbekannt ist.<\/p>\n<h3> <strong>R\u00f6ntgensymbol<\/strong><\/h3>\n<p> <span class=\"content-chemical-element\" style=\"float: left;width: 65px;height: 65px;border: 3px solid #666; display:flex;\n    justify-content: center;align-items: center;margin-right: 15px;\"><span style=\"font-size: 38px;\">Rg<\/span><\/span> Das chemische Symbol f\u00fcr das Element R\u00f6ntgen ist eine Abk\u00fcrzung seines Namens, der zu Ehren des deutschen Physikers Wilhelm Conrad R\u00f6ntgen vergeben wurde. Er erh\u00e4lt diese Auszeichnung, weil er f\u00fcr die Entdeckung der Wellenl\u00e4ngen der elektromagnetischen Strahlung verantwortlich ist, also f\u00fcr die Entdeckung der R\u00f6ntgenstrahlung. Eine Zeit lang war er als Unununio bekannt, dessen Symbologie gem\u00e4\u00df der <em>systematischen Bezeichnung der Elemente<\/em> Uuu war.<\/p>\n<h2> <strong>Eigenschaften von R\u00f6ntgenium<\/strong><\/h2>\n<p> Es wird gesch\u00e4tzt, dass das <em>d-Orbital<\/em> in seiner elektronischen Konfiguration teilweise mit Elektronen gef\u00fcllt ist, ebenso wie die \u00fcbrigen \u00dcbergangsmetalle. Andererseits werden seine Radioisotope durch Kernreaktionen erzeugt, obwohl keine direkt synthetisiert werden. Dar\u00fcber hinaus betr\u00e4gt seine Atommasse 282 amu. Weitere Funktionen sind:<\/p>\n<ul>\n<li> <strong>Status<\/strong> : Unbekannt, aber Wissenschaftler gehen davon aus, dass es sich in einem gew\u00f6hnlichen festen Zustand befindet.<\/li>\n<li> <strong>Aussehen<\/strong> : Vermutlich silbern, wei\u00df oder grau.<\/li>\n<li> <strong>Radioaktivit\u00e4t<\/strong> : Es weist eine hohe Radioaktivit\u00e4t auf.<\/li>\n<li> <strong>Kernstabilit\u00e4t<\/strong> : Dies ist ein sehr instabiles Element.<\/li>\n<li> <strong>H\u00e4rte<\/strong> : Obwohl die Mineralh\u00e4rte nicht bekannt ist, wird angenommen, dass sie hoch ist.<\/li>\n<li> <strong>Metallische Eigenschaften<\/strong> : Es ist wahrscheinlich metallisch.<\/li>\n<li> <strong>Halbwertszeit<\/strong> : Variiert je nach Isotop, einige dauern Sekunden und andere Millisekunden, aber keine \u00fcberschreitet 26 Sekunden.<\/li>\n<li> <strong>Isotope<\/strong> : Es sind nur 7 Isotope des Elements bekannt, deren Atommassen zwischen 272 und 282 liegen, wobei <sup>272<\/sup> Rg das stabilste von allen ist.<\/li>\n<\/ul>\n<h2> <strong>Chemische und physikalische Eigenschaften von R\u00f6ntgenium<\/strong><\/h2>\n<ol>\n<li> <strong>Ordnungszahl<\/strong> : 111<\/li>\n<li> <strong>Kovalenter Radius (\u00c5)<\/strong> : 121 Uhr<\/li>\n<li> <strong>Rust<\/strong> : Unbekannt<\/li>\n<li> <strong>Schmelzpunkt<\/strong> : Unbekannt<\/li>\n<li> <strong>Dichte (g\/ml)<\/strong> : Keine Daten <strong>&nbsp;<\/strong><\/li>\n<li> <strong>Fusionsenthalpie<\/strong> : Keine Daten<\/li>\n<li> <strong>Elektronegativit\u00e4t<\/strong> : Keine Daten<\/li>\n<li> <strong>Atomradius (\u00c5)<\/strong> : Keine Daten<\/li>\n<li> <strong>Spezifische W\u00e4rme<\/strong> : Keine Daten<\/li>\n<li> <strong>Schallgeschwindigkeit<\/strong> : Keine Daten<\/li>\n<li> <strong>Atomvolumen<\/strong> : Keine Daten<\/li>\n<li> <strong>Atommasse (g\/mol)<\/strong> : 282 u<\/li>\n<li> <strong>Siedepunkt<\/strong> : Unbekannt<\/li>\n<li> <strong>Elektronen pro Ebene<\/strong> : 2, 8, 18, 32, 32, 17, 2<\/li>\n<li> <strong>Elektronische Konfiguration<\/strong> : [Rn] 5f <sup>14<\/sup> 6d <sup>10<\/sup> 7s <sup>1<\/sup><\/li>\n<li> <strong>Erste Ionisierungsenergie (eV)<\/strong> : Keine Daten<\/li>\n<li> <strong>Oxidationsstufen<\/strong> : \u22121, +1, +3, +5<\/li>\n<\/ol>\n<h2> <strong>Herkunft von R\u00f6ntgen<\/strong><\/h2>\n<p> Das chemische Element wurde im Jahr 1994 durch das wissenschaftliche Forschungszentrum GSI (Gesellschaft f\u00fcr Schwerionenforschung) in Darmstadt entdeckt. Diese Arbeit wurde auch von den deutschen Wissenschaftlern Gottfried M\u00fcnzenberg und Peter Armbruster durchgef\u00fchrt. Tats\u00e4chlich gelang es ihnen dank einer Reihe von Untersuchungen mit Hilfe eines GSI-Linearbeschleunigers, drei Atome des Isotops <sup>272<\/sup> Rg zu bilden.<\/p>\n<p> Nach seiner Entdeckung wurde das chemische Element in zahlreichen unabh\u00e4ngigen Experimenten verwendet. Anschlie\u00dfend gab die GSI bekannt, dass die International Union of Pure and Applied Chemistry, also IUPAC, ihre Aufnahme in das Periodensystem mit der Ordnungszahl 111 best\u00e4tigt und genehmigt habe.<\/p>\n<h2> <strong>Wof\u00fcr wird R\u00f6ntgen verwendet?<\/strong><\/h2>\n<p> Heutzutage sind kommerzielle, h\u00e4usliche, medizinische, chemische oder metallurgische Anwendungen von R\u00f6ntgen nicht bekannt, da typischerweise nur wenige Atome des Elements produziert werden. Es ist jedoch f\u00fcr wissenschaftliche Studien und Forschung n\u00fctzlich.<\/p>\n<h2> <strong>Gewinnung von R\u00f6ntgenium<\/strong><\/h2>\n<p> Informationen zum Element R\u00f6ntgen zufolge wird es durch Kernfusion gewonnen, die durch den Beschuss einer Wismutschicht mit Nickelionen erfolgt. Das Ergebnis ist sein Zerfall in Bruchteilen von Sekunden, genauer gesagt 15 Millisekunden, und er kann nur durch akribische Analysemethoden identifiziert werden.<\/p>\n<h2> <strong>Hat R\u00f6ntgen sch\u00e4dliche Auswirkungen auf die Gesundheit?<\/strong><\/h2>\n<p> Dieses Element ist so instabil, dass jede erzeugte Menge zu schnell in andere Elemente zerf\u00e4llt. Es besteht daher kein zwingender Anlass, m\u00f6gliche sch\u00e4dliche Auswirkungen auf den Menschen zu untersuchen. Allerdings weist es eine hohe Radioaktivit\u00e4t auf und muss daher in wissenschaftlichen Zentren sicher gehandhabt werden.<\/p>\n<p> Kurz gesagt, das Element R\u00f6ntgen geh\u00f6rt zu den \u00dcbergangsmetallen, weshalb Wissenschaftler davon ausgehen, dass sie \u00e4hnliche Eigenschaften wie diese chemische Gruppe aufweisen. Zum Beispiel gute thermische und elektrische Leitf\u00e4higkeit, hohe H\u00e4rte sowie hohe Siede- und Schmelzpunkte. Es hat keinen kommerziellen Nutzen, da seine Anwendungen f\u00fcr die wissenschaftliche Forschung bestimmt sind.<\/p>\n","protected":false},"excerpt":{"rendered":"<p>Es geh\u00f6rt zu den sogenannten Metallen, die in der Natur nicht vorkommen, da es in wissenschaftlichen Labors k\u00fcnstlich hergestellt wird. Au\u00dferdem werden nur wenige Atome des Elements erhalten. Gleichzeitig ist seine Halbwertszeit sehr kurz. Entdecken Sie in diesem Artikel die Eigenschaften, Verwendungszwecke und Eigenschaften von R\u00f6ntgenium. Was ist R\u00f6ntgen? Das Element R\u00f6ntgen ist Teil der &#8230; <a title=\"R\u00f6ntgen\" class=\"read-more\" href=\"https:\/\/chemuza.org\/de\/rontgen\/\" aria-label=\"Mehr zu R\u00f6ntgen\">Mehr lesen<\/a><\/p>\n","protected":false},"author":1,"featured_media":0,"parent":0,"menu_order":0,"comment_status":"closed","ping_status":"closed","template":"","meta":{"footnotes":""},"class_list":["post-1577","page","type-page","status-publish"],"yoast_head":"<!-- This site is optimized with the Yoast SEO plugin v21.4 - https:\/\/yoast.com\/wordpress\/plugins\/seo\/ -->\n<title>R\u00f6ntgenium - Chemuza<\/title>\n<meta name=\"robots\" content=\"index, follow, max-snippet:-1, max-image-preview:large, max-video-preview:-1\" \/>\n<link rel=\"canonical\" href=\"https:\/\/chemuza.org\/de\/rontgen\/\" \/>\n<meta property=\"og:locale\" content=\"de_DE\" \/>\n<meta property=\"og:type\" content=\"article\" \/>\n<meta property=\"og:title\" content=\"R\u00f6ntgenium - Chemuza\" \/>\n<meta property=\"og:description\" content=\"Es geh\u00f6rt zu den sogenannten Metallen, die in der Natur nicht vorkommen, da es in wissenschaftlichen Labors k\u00fcnstlich hergestellt wird. Au\u00dferdem werden nur wenige Atome des Elements erhalten. Gleichzeitig ist seine Halbwertszeit sehr kurz. Entdecken Sie in diesem Artikel die Eigenschaften, Verwendungszwecke und Eigenschaften von R\u00f6ntgenium. Was ist R\u00f6ntgen? Das Element R\u00f6ntgen ist Teil der ... Mehr lesen\" \/>\n<meta property=\"og:url\" content=\"https:\/\/chemuza.org\/de\/rontgen\/\" \/>\n<meta property=\"og:site_name\" content=\"Chemuza\" \/>\n<meta name=\"twitter:card\" content=\"summary_large_image\" \/>\n<meta name=\"twitter:label1\" content=\"Gesch\u00e4tzte Lesezeit\" \/>\n\t<meta name=\"twitter:data1\" content=\"4\u00a0Minuten\" \/>\n<script type=\"application\/ld+json\" class=\"yoast-schema-graph\">{\"@context\":\"https:\/\/schema.org\",\"@graph\":[{\"@type\":\"WebPage\",\"@id\":\"https:\/\/chemuza.org\/de\/rontgen\/\",\"url\":\"https:\/\/chemuza.org\/de\/rontgen\/\",\"name\":\"R\u00f6ntgenium - Chemuza\",\"isPartOf\":{\"@id\":\"https:\/\/chemuza.org\/de\/#website\"},\"datePublished\":\"2023-07-13T09:15:14+00:00\",\"dateModified\":\"2023-07-13T09:15:14+00:00\",\"breadcrumb\":{\"@id\":\"https:\/\/chemuza.org\/de\/rontgen\/#breadcrumb\"},\"inLanguage\":\"de\",\"potentialAction\":[{\"@type\":\"ReadAction\",\"target\":[\"https:\/\/chemuza.org\/de\/rontgen\/\"]}]},{\"@type\":\"BreadcrumbList\",\"@id\":\"https:\/\/chemuza.org\/de\/rontgen\/#breadcrumb\",\"itemListElement\":[{\"@type\":\"ListItem\",\"position\":1,\"name\":\"Heim\",\"item\":\"https:\/\/chemuza.org\/de\/\"},{\"@type\":\"ListItem\",\"position\":2,\"name\":\"R\u00f6ntgen\"}]},{\"@type\":\"WebSite\",\"@id\":\"https:\/\/chemuza.org\/de\/#website\",\"url\":\"https:\/\/chemuza.org\/de\/\",\"name\":\"Chemuza\",\"description\":\"Ihr Tor zur chemischen Entdeckung\",\"publisher\":{\"@id\":\"https:\/\/chemuza.org\/de\/#organization\"},\"potentialAction\":[{\"@type\":\"SearchAction\",\"target\":{\"@type\":\"EntryPoint\",\"urlTemplate\":\"https:\/\/chemuza.org\/de\/?s={search_term_string}\"},\"query-input\":\"required name=search_term_string\"}],\"inLanguage\":\"de\"},{\"@type\":\"Organization\",\"@id\":\"https:\/\/chemuza.org\/de\/#organization\",\"name\":\"Chemuza\",\"url\":\"https:\/\/chemuza.org\/de\/\",\"logo\":{\"@type\":\"ImageObject\",\"inLanguage\":\"de\",\"@id\":\"https:\/\/chemuza.org\/de\/#\/schema\/logo\/image\/\",\"url\":\"https:\/\/chemuza.org\/de\/wp-content\/uploads\/2023\/10\/chemuza-logo.png\",\"contentUrl\":\"https:\/\/chemuza.org\/de\/wp-content\/uploads\/2023\/10\/chemuza-logo.png\",\"width\":387,\"height\":70,\"caption\":\"Chemuza\"},\"image\":{\"@id\":\"https:\/\/chemuza.org\/de\/#\/schema\/logo\/image\/\"}}]}<\/script>\n<!-- \/ Yoast SEO plugin. -->","yoast_head_json":{"title":"R\u00f6ntgenium - Chemuza","robots":{"index":"index","follow":"follow","max-snippet":"max-snippet:-1","max-image-preview":"max-image-preview:large","max-video-preview":"max-video-preview:-1"},"canonical":"https:\/\/chemuza.org\/de\/rontgen\/","og_locale":"de_DE","og_type":"article","og_title":"R\u00f6ntgenium - Chemuza","og_description":"Es geh\u00f6rt zu den sogenannten Metallen, die in der Natur nicht vorkommen, da es in wissenschaftlichen Labors k\u00fcnstlich hergestellt wird. Au\u00dferdem werden nur wenige Atome des Elements erhalten. Gleichzeitig ist seine Halbwertszeit sehr kurz. Entdecken Sie in diesem Artikel die Eigenschaften, Verwendungszwecke und Eigenschaften von R\u00f6ntgenium. Was ist R\u00f6ntgen? Das Element R\u00f6ntgen ist Teil der ... Mehr lesen","og_url":"https:\/\/chemuza.org\/de\/rontgen\/","og_site_name":"Chemuza","twitter_card":"summary_large_image","twitter_misc":{"Gesch\u00e4tzte Lesezeit":"4\u00a0Minuten"},"schema":{"@context":"https:\/\/schema.org","@graph":[{"@type":"WebPage","@id":"https:\/\/chemuza.org\/de\/rontgen\/","url":"https:\/\/chemuza.org\/de\/rontgen\/","name":"R\u00f6ntgenium - Chemuza","isPartOf":{"@id":"https:\/\/chemuza.org\/de\/#website"},"datePublished":"2023-07-13T09:15:14+00:00","dateModified":"2023-07-13T09:15:14+00:00","breadcrumb":{"@id":"https:\/\/chemuza.org\/de\/rontgen\/#breadcrumb"},"inLanguage":"de","potentialAction":[{"@type":"ReadAction","target":["https:\/\/chemuza.org\/de\/rontgen\/"]}]},{"@type":"BreadcrumbList","@id":"https:\/\/chemuza.org\/de\/rontgen\/#breadcrumb","itemListElement":[{"@type":"ListItem","position":1,"name":"Heim","item":"https:\/\/chemuza.org\/de\/"},{"@type":"ListItem","position":2,"name":"R\u00f6ntgen"}]},{"@type":"WebSite","@id":"https:\/\/chemuza.org\/de\/#website","url":"https:\/\/chemuza.org\/de\/","name":"Chemuza","description":"Ihr Tor zur chemischen Entdeckung","publisher":{"@id":"https:\/\/chemuza.org\/de\/#organization"},"potentialAction":[{"@type":"SearchAction","target":{"@type":"EntryPoint","urlTemplate":"https:\/\/chemuza.org\/de\/?s={search_term_string}"},"query-input":"required name=search_term_string"}],"inLanguage":"de"},{"@type":"Organization","@id":"https:\/\/chemuza.org\/de\/#organization","name":"Chemuza","url":"https:\/\/chemuza.org\/de\/","logo":{"@type":"ImageObject","inLanguage":"de","@id":"https:\/\/chemuza.org\/de\/#\/schema\/logo\/image\/","url":"https:\/\/chemuza.org\/de\/wp-content\/uploads\/2023\/10\/chemuza-logo.png","contentUrl":"https:\/\/chemuza.org\/de\/wp-content\/uploads\/2023\/10\/chemuza-logo.png","width":387,"height":70,"caption":"Chemuza"},"image":{"@id":"https:\/\/chemuza.org\/de\/#\/schema\/logo\/image\/"}}]}},"yoast_meta":{"yoast_wpseo_title":"","yoast_wpseo_metadesc":"","yoast_wpseo_canonical":""},"_links":{"self":[{"href":"https:\/\/chemuza.org\/de\/wp-json\/wp\/v2\/pages\/1577","targetHints":{"allow":["GET"]}}],"collection":[{"href":"https:\/\/chemuza.org\/de\/wp-json\/wp\/v2\/pages"}],"about":[{"href":"https:\/\/chemuza.org\/de\/wp-json\/wp\/v2\/types\/page"}],"author":[{"embeddable":true,"href":"https:\/\/chemuza.org\/de\/wp-json\/wp\/v2\/users\/1"}],"replies":[{"embeddable":true,"href":"https:\/\/chemuza.org\/de\/wp-json\/wp\/v2\/comments?post=1577"}],"version-history":[{"count":0,"href":"https:\/\/chemuza.org\/de\/wp-json\/wp\/v2\/pages\/1577\/revisions"}],"wp:attachment":[{"href":"https:\/\/chemuza.org\/de\/wp-json\/wp\/v2\/media?parent=1577"}],"curies":[{"name":"wp","href":"https:\/\/api.w.org\/{rel}","templated":true}]}}