{"id":1575,"date":"2023-10-25T13:51:04","date_gmt":"2023-10-25T13:51:04","guid":{"rendered":"https:\/\/chemuza.org\/de\/nihonium\/"},"modified":"2023-10-25T13:51:04","modified_gmt":"2023-10-25T13:51:04","slug":"nihonium","status":"publish","type":"page","link":"https:\/\/chemuza.org\/de\/nihonium\/","title":{"rendered":"Nihonium"},"content":{"rendered":"<p>Wussten Sie, dass sich dieser Name auf einen geografischen Standort bezieht? Es erinnert tats\u00e4chlich an Japan und ist das erste Element, das auf dem asiatischen Kontinent entdeckt wurde. Andererseits entspricht es auch den aktuellsten Metallen im Periodensystem, und \u00fcber dieses chemische Element ist noch sehr wenig bekannt. Auf jeden Fall verraten wir Ihnen hier die wichtigsten Eigenschaften und Eigenschaften von Nihonium.<\/p>\n<h2> <strong>Was ist Nihonium?<\/strong><\/h2>\n<p> Das Element Nihonium ist ein Transactinid, Transuran, eine k\u00fcnstlich hergestellte Chemikalie, die hoch radioaktiv ist und eine sehr kurze Halbwertszeit hat. Es befindet sich unter den p-Block-Metallen in Periode 7 und Gruppe 13 oder der chemischen Reihe von Bor. Es handelt sich um ein festes Metall, das nach wissenschaftlichen Sch\u00e4tzungen \u00e4hnliche Eigenschaften wie Gallium, Aluminium, Thallium und Indium aufweisen kann. Andere Studien deuten jedoch darauf hin, dass es \u00dcbergangsmetallen \u00e4hnlicher ist.<\/p>\n<h3> <strong>Nihonium-Symbol<\/strong><\/h3>\n<p> <span class=\"content-chemical-element\" style=\"float: left;width: 65px;height: 65px;border: 3px solid #666; display:flex;\n    justify-content: center;align-items: center;margin-right: 15px;\"><span style=\"font-size: 38px;\">Nh<\/span><\/span> Das Symbol f\u00fcr das chemische Element ist eine Abk\u00fcrzung seines Namens, der vom japanischen Wort <em>Nihon<\/em> f\u00fcr Japan stammt. Zuvor empfahl die IUPAC jedoch, es vorl\u00e4ufig <em>Ununtrio<\/em> zu nennen, dessen Akronym Uut war. Dieser Name kommt aus dem Lateinischen und bedeutet eins, eins, drei, was 113 bedeutet.<\/p>\n<h2> <strong>Eigenschaften von Nihonium<\/strong><\/h2>\n<p> Dieses Element hat 113 Elektronen in seiner H\u00fclle und ebenso viele Protonen in seinem Kern. Dar\u00fcber hinaus hat es ein Atomgewicht von 286 amu, schmilzt bei 427 \u00b0C und siedet bei 1.127 \u00b0C. Seine Reduktions- und Oxidationsprozesse wurden jedoch noch nicht gemessen. Die anderen Eigenschaften von Nihonium sind:<\/p>\n<ul>\n<li> <strong>Status<\/strong> : Es wird angenommen, dass es bei Raumtemperatur ein festes Material ist.<\/li>\n<li> <strong>Aussehen<\/strong> : Aussehen unbekannt, es wird jedoch angenommen, dass es silbern, grau oder wei\u00df ist.<\/li>\n<li> <strong>Kernstabilit\u00e4t<\/strong> : Es weist eine gewisse Instabilit\u00e4t auf, es wird jedoch angenommen, dass innerhalb des Elements ein Prozess stattfindet, der Stabilit\u00e4tsinsel genannt wird.<\/li>\n<li> <strong>Radioaktivit\u00e4t<\/strong> : Es ist sehr radioaktiv.<\/li>\n<li> <strong>Gewicht<\/strong> : Es wird als superschwer eingestuft.<\/li>\n<li> <strong>Metallische Eigenschaften<\/strong> : Es handelt sich wahrscheinlich um ein metallisches Element, andere Analysen deuten darauf hin, dass es sich um ein \u00dcbergangsmetall handelt.<\/li>\n<li> <strong>Halbwertszeit<\/strong> : Die Halbwertszeit ist zu kurz und liegt zwischen 0,34 Millisekunden und 20 Sekunden.<\/li>\n<li> <strong>Isotope<\/strong> : Derzeit sind 6 Isotope des Elements bekannt, mit Atommassen von 278 bis 286, wobei <sup>286<\/sup> Nh das stabilste von allen ist.<\/li>\n<\/ul>\n<h2> <strong>Chemische und physikalische Eigenschaften von Nihonium<\/strong><\/h2>\n<ol>\n<li> <strong>Ordnungszahl<\/strong> : 113 <strong>&nbsp;<\/strong><\/li>\n<li> <strong>Dichte (g\/ml)<\/strong> : 16 kg\/m\u00b3<\/li>\n<li> <strong>Rost<\/strong> : Unbekannt<\/li>\n<li> <strong>Kovalenter Radius (\u00c5)<\/strong> : 136 Uhr<\/li>\n<li> <strong>Oxidationsstufen<\/strong> : +1, +3, +5<\/li>\n<li> <strong>Erste Ionisierungsenergie (eV)<\/strong> : 710 kJ\/mol<\/li>\n<li> <strong>Atomradius (\u00c5)<\/strong> : Keine Daten <strong>&nbsp;<\/strong><\/li>\n<li> <strong>Elektronische Konfiguration<\/strong> : [Rn] 5f <sup>14<\/sup> 6d <sup>10<\/sup> 7s <sup>2<\/sup> 7p <sup>1<\/sup> <strong>&nbsp;<\/strong><\/li>\n<li> <strong>Siedepunkt<\/strong> : 1127 \u00b0C (1400 K)<\/li>\n<li> <strong>Elektronen pro Ebene<\/strong> : 2, 8, 18, 32, 32, 18, 3<\/li>\n<li> <strong>Verdampfungsenthalpie<\/strong> : 130 kJ\/mol<\/li>\n<li> <strong>Elektronegativit\u00e4t<\/strong> : Keine Daten <strong>&nbsp;<\/strong><\/li>\n<li> <strong>Schmelzpunkt<\/strong> : 427\u00b0C (700K)<\/li>\n<li> <strong>Spezifische W\u00e4rme<\/strong> : Keine Daten<\/li>\n<li> <strong>Atommasse (g\/mol)<\/strong> : 286 u<\/li>\n<li> <strong>Fusionsenthalpie<\/strong> : Keine Daten<\/li>\n<\/ol>\n<h2> <strong>Ursprung von Nihonium<\/strong><\/h2>\n<p> Seine Entdeckung war nicht unumstritten, da zun\u00e4chst eine Gruppe amerikanischer Forscher des FFRDC-Zentrums die Urheberschaft beanspruchte. Ihre Arbeit wurde zwischen 2003 und 2004 in Zusammenarbeit mit einem Team russischer Chemiker durchgef\u00fchrt. Dies gelang auch japanischen Wissenschaftlern des RIKEN-Labors, denen es Ende 2015 gelang, das Element zu synthetisieren.<\/p>\n<p> Laut der Nihonium-Geschichte konnten japanische Wissenschaftler als Ergebnis von Experimenten zur Erzeugung von RIKEN-Radioisotopen eine Kette von sechs aufeinanderfolgenden Alpha-Zerf\u00e4llen bilden. Dar\u00fcber hinaus konnten sie es durch Zerf\u00e4lle in bekannte Nuklide eindeutig identifizieren. Die Forschung wurde am RIKEN Institute Nishina <em>Center for Accelerator-based Science<\/em> durchgef\u00fchrt. Die Ergebnisse wurden sp\u00e4ter in der japanischen Ausgabe des <em>Journal of Physical Society<\/em> ver\u00f6ffentlicht.<\/p>\n<h2> <strong>Wof\u00fcr wird Nihonium verwendet?<\/strong><\/h2>\n<p> Heutzutage gibt es keine Verwendung oder Anwendung von Nihonium auf kommerzieller, h\u00e4uslicher oder industrieller Ebene, da es sich um ein Element handelt, dessen Halbwertszeit auf wenige Millisekunden oder Sekunden reduziert ist. Dar\u00fcber hinaus ist es instabil und stark radioaktiv, sodass sein Nutzen nur der wissenschaftlichen Forschung vorbehalten ist.<\/p>\n<h2> <strong>Herkunft des Namens Nihonio<\/strong><\/h2>\n<p> Nach Mendelejews Nomenklatur f\u00fcr unbenannte Elemente sollte es als <em>dvi-indium<\/em> oder <em>eka-thallium<\/em> bezeichnet werden. Nach IUPAC-Vorschl\u00e4gen aus dem Jahr 1979 nannten sie es jedoch <em>Ununtrio<\/em> , und so wurde es identifiziert, bis ein offizieller Name gefunden wurde.<\/p>\n<p> Die wissenschaftlichen Medien ignorierten diese Vorschl\u00e4ge jedoch und nannten es tats\u00e4chlich <em>Element 113<\/em> oder einfach 113. Es war auch als <em>Tusfrano<\/em> oder <em>Trustano<\/em> bekannt. Sp\u00e4ter wurde der Name <em>Nihonium<\/em> f\u00fcr das Element im November 2016 als klare Hommage an das japanische Land gesetzlich genehmigt.<\/p>\n<p> Zusammenfassend ist Nihonium ein k\u00fcnstliches, transuranisches, transactinidisches, radioaktives, superschweres chemisches Element mit einer sehr kurzen und instabilen Halbwertszeit. Wissenschaftlichen Studien zufolge handelt es sich um einen metallisch gef\u00e4rbten Feststoff mit \u00e4hnlichen Eigenschaften wie die Borgruppe. Es gibt nur Anwendungen f\u00fcr Forschungszwecke.<\/p>\n","protected":false},"excerpt":{"rendered":"<p>Wussten Sie, dass sich dieser Name auf einen geografischen Standort bezieht? Es erinnert tats\u00e4chlich an Japan und ist das erste Element, das auf dem asiatischen Kontinent entdeckt wurde. Andererseits entspricht es auch den aktuellsten Metallen im Periodensystem, und \u00fcber dieses chemische Element ist noch sehr wenig bekannt. Auf jeden Fall verraten wir Ihnen hier die &#8230; <a title=\"Nihonium\" class=\"read-more\" href=\"https:\/\/chemuza.org\/de\/nihonium\/\" aria-label=\"Mehr zu Nihonium\">Mehr lesen<\/a><\/p>\n","protected":false},"author":1,"featured_media":0,"parent":0,"menu_order":0,"comment_status":"closed","ping_status":"closed","template":"","meta":{"footnotes":""},"class_list":["post-1575","page","type-page","status-publish"],"yoast_head":"<!-- This site is optimized with the Yoast SEO plugin v21.4 - https:\/\/yoast.com\/wordpress\/plugins\/seo\/ -->\n<title>Nihonium - Chemuza<\/title>\n<meta name=\"robots\" content=\"index, follow, max-snippet:-1, max-image-preview:large, max-video-preview:-1\" \/>\n<link rel=\"canonical\" href=\"https:\/\/chemuza.org\/de\/nihonium\/\" \/>\n<meta property=\"og:locale\" content=\"de_DE\" \/>\n<meta property=\"og:type\" content=\"article\" \/>\n<meta property=\"og:title\" content=\"Nihonium - Chemuza\" \/>\n<meta property=\"og:description\" content=\"Wussten Sie, dass sich dieser Name auf einen geografischen Standort bezieht? Es erinnert tats\u00e4chlich an Japan und ist das erste Element, das auf dem asiatischen Kontinent entdeckt wurde. Andererseits entspricht es auch den aktuellsten Metallen im Periodensystem, und \u00fcber dieses chemische Element ist noch sehr wenig bekannt. Auf jeden Fall verraten wir Ihnen hier die ... Mehr lesen\" \/>\n<meta property=\"og:url\" content=\"https:\/\/chemuza.org\/de\/nihonium\/\" \/>\n<meta property=\"og:site_name\" content=\"Chemuza\" \/>\n<meta name=\"twitter:card\" content=\"summary_large_image\" \/>\n<meta name=\"twitter:label1\" content=\"Gesch\u00e4tzte Lesezeit\" \/>\n\t<meta name=\"twitter:data1\" content=\"4\u00a0Minuten\" \/>\n<script type=\"application\/ld+json\" class=\"yoast-schema-graph\">{\"@context\":\"https:\/\/schema.org\",\"@graph\":[{\"@type\":\"WebPage\",\"@id\":\"https:\/\/chemuza.org\/de\/nihonium\/\",\"url\":\"https:\/\/chemuza.org\/de\/nihonium\/\",\"name\":\"Nihonium - Chemuza\",\"isPartOf\":{\"@id\":\"https:\/\/chemuza.org\/de\/#website\"},\"datePublished\":\"2023-10-25T13:51:04+00:00\",\"dateModified\":\"2023-10-25T13:51:04+00:00\",\"breadcrumb\":{\"@id\":\"https:\/\/chemuza.org\/de\/nihonium\/#breadcrumb\"},\"inLanguage\":\"de\",\"potentialAction\":[{\"@type\":\"ReadAction\",\"target\":[\"https:\/\/chemuza.org\/de\/nihonium\/\"]}]},{\"@type\":\"BreadcrumbList\",\"@id\":\"https:\/\/chemuza.org\/de\/nihonium\/#breadcrumb\",\"itemListElement\":[{\"@type\":\"ListItem\",\"position\":1,\"name\":\"Heim\",\"item\":\"https:\/\/chemuza.org\/de\/\"},{\"@type\":\"ListItem\",\"position\":2,\"name\":\"Nihonium\"}]},{\"@type\":\"WebSite\",\"@id\":\"https:\/\/chemuza.org\/de\/#website\",\"url\":\"https:\/\/chemuza.org\/de\/\",\"name\":\"Chemuza\",\"description\":\"Ihr Tor zur chemischen Entdeckung\",\"publisher\":{\"@id\":\"https:\/\/chemuza.org\/de\/#organization\"},\"potentialAction\":[{\"@type\":\"SearchAction\",\"target\":{\"@type\":\"EntryPoint\",\"urlTemplate\":\"https:\/\/chemuza.org\/de\/?s={search_term_string}\"},\"query-input\":\"required name=search_term_string\"}],\"inLanguage\":\"de\"},{\"@type\":\"Organization\",\"@id\":\"https:\/\/chemuza.org\/de\/#organization\",\"name\":\"Chemuza\",\"url\":\"https:\/\/chemuza.org\/de\/\",\"logo\":{\"@type\":\"ImageObject\",\"inLanguage\":\"de\",\"@id\":\"https:\/\/chemuza.org\/de\/#\/schema\/logo\/image\/\",\"url\":\"https:\/\/chemuza.org\/de\/wp-content\/uploads\/2023\/10\/chemuza-logo.png\",\"contentUrl\":\"https:\/\/chemuza.org\/de\/wp-content\/uploads\/2023\/10\/chemuza-logo.png\",\"width\":387,\"height\":70,\"caption\":\"Chemuza\"},\"image\":{\"@id\":\"https:\/\/chemuza.org\/de\/#\/schema\/logo\/image\/\"}}]}<\/script>\n<!-- \/ Yoast SEO plugin. -->","yoast_head_json":{"title":"Nihonium - Chemuza","robots":{"index":"index","follow":"follow","max-snippet":"max-snippet:-1","max-image-preview":"max-image-preview:large","max-video-preview":"max-video-preview:-1"},"canonical":"https:\/\/chemuza.org\/de\/nihonium\/","og_locale":"de_DE","og_type":"article","og_title":"Nihonium - Chemuza","og_description":"Wussten Sie, dass sich dieser Name auf einen geografischen Standort bezieht? Es erinnert tats\u00e4chlich an Japan und ist das erste Element, das auf dem asiatischen Kontinent entdeckt wurde. Andererseits entspricht es auch den aktuellsten Metallen im Periodensystem, und \u00fcber dieses chemische Element ist noch sehr wenig bekannt. Auf jeden Fall verraten wir Ihnen hier die ... Mehr lesen","og_url":"https:\/\/chemuza.org\/de\/nihonium\/","og_site_name":"Chemuza","twitter_card":"summary_large_image","twitter_misc":{"Gesch\u00e4tzte Lesezeit":"4\u00a0Minuten"},"schema":{"@context":"https:\/\/schema.org","@graph":[{"@type":"WebPage","@id":"https:\/\/chemuza.org\/de\/nihonium\/","url":"https:\/\/chemuza.org\/de\/nihonium\/","name":"Nihonium - Chemuza","isPartOf":{"@id":"https:\/\/chemuza.org\/de\/#website"},"datePublished":"2023-10-25T13:51:04+00:00","dateModified":"2023-10-25T13:51:04+00:00","breadcrumb":{"@id":"https:\/\/chemuza.org\/de\/nihonium\/#breadcrumb"},"inLanguage":"de","potentialAction":[{"@type":"ReadAction","target":["https:\/\/chemuza.org\/de\/nihonium\/"]}]},{"@type":"BreadcrumbList","@id":"https:\/\/chemuza.org\/de\/nihonium\/#breadcrumb","itemListElement":[{"@type":"ListItem","position":1,"name":"Heim","item":"https:\/\/chemuza.org\/de\/"},{"@type":"ListItem","position":2,"name":"Nihonium"}]},{"@type":"WebSite","@id":"https:\/\/chemuza.org\/de\/#website","url":"https:\/\/chemuza.org\/de\/","name":"Chemuza","description":"Ihr Tor zur chemischen Entdeckung","publisher":{"@id":"https:\/\/chemuza.org\/de\/#organization"},"potentialAction":[{"@type":"SearchAction","target":{"@type":"EntryPoint","urlTemplate":"https:\/\/chemuza.org\/de\/?s={search_term_string}"},"query-input":"required name=search_term_string"}],"inLanguage":"de"},{"@type":"Organization","@id":"https:\/\/chemuza.org\/de\/#organization","name":"Chemuza","url":"https:\/\/chemuza.org\/de\/","logo":{"@type":"ImageObject","inLanguage":"de","@id":"https:\/\/chemuza.org\/de\/#\/schema\/logo\/image\/","url":"https:\/\/chemuza.org\/de\/wp-content\/uploads\/2023\/10\/chemuza-logo.png","contentUrl":"https:\/\/chemuza.org\/de\/wp-content\/uploads\/2023\/10\/chemuza-logo.png","width":387,"height":70,"caption":"Chemuza"},"image":{"@id":"https:\/\/chemuza.org\/de\/#\/schema\/logo\/image\/"}}]}},"yoast_meta":{"yoast_wpseo_title":"","yoast_wpseo_metadesc":"","yoast_wpseo_canonical":""},"_links":{"self":[{"href":"https:\/\/chemuza.org\/de\/wp-json\/wp\/v2\/pages\/1575","targetHints":{"allow":["GET"]}}],"collection":[{"href":"https:\/\/chemuza.org\/de\/wp-json\/wp\/v2\/pages"}],"about":[{"href":"https:\/\/chemuza.org\/de\/wp-json\/wp\/v2\/types\/page"}],"author":[{"embeddable":true,"href":"https:\/\/chemuza.org\/de\/wp-json\/wp\/v2\/users\/1"}],"replies":[{"embeddable":true,"href":"https:\/\/chemuza.org\/de\/wp-json\/wp\/v2\/comments?post=1575"}],"version-history":[{"count":1,"href":"https:\/\/chemuza.org\/de\/wp-json\/wp\/v2\/pages\/1575\/revisions"}],"predecessor-version":[{"id":1662,"href":"https:\/\/chemuza.org\/de\/wp-json\/wp\/v2\/pages\/1575\/revisions\/1662"}],"wp:attachment":[{"href":"https:\/\/chemuza.org\/de\/wp-json\/wp\/v2\/media?parent=1575"}],"curies":[{"name":"wp","href":"https:\/\/api.w.org\/{rel}","templated":true}]}}