{"id":1574,"date":"2023-10-25T13:51:04","date_gmt":"2023-10-25T13:51:04","guid":{"rendered":"https:\/\/chemuza.org\/de\/moskauer\/"},"modified":"2023-10-25T13:51:04","modified_gmt":"2023-10-25T13:51:04","slug":"moskauer","status":"publish","type":"page","link":"https:\/\/chemuza.org\/de\/moskauer\/","title":{"rendered":"Moskau"},"content":{"rendered":"<p>Muscovium ist ein superschweres, synthetisches Element, das in der Erdkruste nicht vorkommt und erst k\u00fcrzlich entdeckt wurde. Es f\u00e4llt in die Kategorie der transuranischen Elemente, da es eine Ordnungszahl von mehr als 92 hat. Es wird in einem Teilchenbeschleuniger gewonnen, wobei nur wenige Proben schnell zerfallen. Erfahren Sie jetzt mehr \u00fcber seine Eigenschaften und Eigenschaften.<\/p>\n<h2> <strong>Was ist Moscovium?<\/strong><\/h2>\n<p> Es ist ein relativ neues chemisches Element, das in P-Block-Metallen mit der Ordnungszahl 115 vorkommt. Es ist radioaktiver und synthetischer Natur und fr\u00fcher als Unumpentium bekannt. Dar\u00fcber hinaus besteht es aus einer schweren Atomzusammensetzung, \u00e4hnlich wie Nihonium und Flerovium. Es hat 4 Isotope, von 287 bis 290, wobei 289 mit 184 Neutronen das stabilste ist und einige Sekunden lang lebt.<\/p>\n<h3> <strong>Symbol von Moskau<\/strong><\/h3>\n<p> <span class=\"content-chemical-element\" style=\"float: left; width: 65px; height: 65px; border: 3px solid #666; display: flex; justify-content: center; align-items: center; margin-right: 15px;\"><span style=\"font-size: 38px;\">Mc<\/span><\/span> erh\u00e4lt diesen Namen zu Ehren der russischen Hauptstadt Moskau, da er in Dubna im Kernspaltungslabor entdeckt wurde. Dort wurden Experimente durchgef\u00fchrt, die darin bestanden, nur 4 Atome des Elements zu synthetisieren, das sie zun\u00e4chst Unumpentio nannten, weil es im Kern aus 115 Protonen bestand. Das Wort kommt vom lateinischen unos und dem griechischen pente, was F\u00fcnf oder F\u00fcnfeck bedeutet.<\/p>\n<h2> <strong>Eigenschaften von Moscovium<\/strong><\/h2>\n<p> Das Element Muscovium hat eine Atommasse von 288 und geh\u00f6rt zur Gruppe 15 des Periodensystems. Es ist stark radioaktiv und lebt nur wenige Minuten in der Luft. In seinem Kern sind nur 4 Isotope bekannt, da er sehr kurzlebig ist. Es ist ein schweres und instabiles Metall, das in der Natur nicht vorkommt. Die weiteren Merkmale des Moscovium sind:<\/p>\n<ul>\n<li> <strong>Zustand<\/strong> : Vermutlich solide und metallisch.<\/li>\n<li> <strong>Farbe:<\/strong> Grau mit Wei\u00df- und Silbert\u00f6nen.<\/li>\n<li> <strong>Radioaktivit\u00e4t<\/strong> : Hoch.<\/li>\n<li> <strong>L\u00f6slichkeit<\/strong> : Nicht angegeben.<\/li>\n<li> <strong>Reaktivit\u00e4t:<\/strong> Aufgrund seiner radioaktiven Natur wird davon ausgegangen, dass es hoch ist.<\/li>\n<li> <strong>Kristallstruktur<\/strong> : Nicht festgestellt.<\/li>\n<li> <strong>Zusammensetzung<\/strong> : Schwer, da es 115 Elektronen und Protonen sowie 175 Neutronen hat.<\/li>\n<li> <strong>Isotope<\/strong> : Es gibt vier, aber instabil und kurzlebig.<\/li>\n<\/ul>\n<h2> <strong>Chemische und physikalische Eigenschaften von Moscovium<\/strong><\/h2>\n<ol>\n<li> <strong>Ordnungszahl<\/strong> : 115<\/li>\n<li> <strong>Gruppe<\/strong> : 15<\/li>\n<li> <strong>Zeitraum<\/strong> : 7<\/li>\n<li> <strong>Blockieren<\/strong> \ud83d\ude1b<\/li>\n<li> <strong>Dichte (g\/ml)<\/strong> : Nicht berechnet.<\/li>\n<li> <strong>Oxidationsstufen<\/strong> : 1,3<\/li>\n<li> <strong>Atommasse (g\/mol)<\/strong> : 288 u<\/li>\n<li> <strong>Normaler Zustand<\/strong> : Solide.<\/li>\n<li> <strong>Kovalenter Radius<\/strong> : 162<\/li>\n<li> <strong>Spezifische W\u00e4rme<\/strong> : Keine Daten <strong>&nbsp;<\/strong><\/li>\n<li> <strong>Elektronegativit\u00e4t<\/strong> : Keine Daten.<\/li>\n<li> <strong>Schmelzpunkt<\/strong> : Unbekannt.<\/li>\n<li> <strong>Elektronen pro Ebene<\/strong> : 2, 8, 18, 32, 32, 18, 5.<\/li>\n<li> <strong>Siedepunkt<\/strong> : Nicht berechnet.<\/li>\n<li> <strong>Erstes Ionisationspotential (eV)<\/strong> : Unbekannt.<\/li>\n<li> <strong>Schallgeschwindigkeit<\/strong> : Keine Angabe.<\/li>\n<li> <strong>Elektronische Konfiguration<\/strong> : [Rn] 5f14 6d10 7s2 7p3<\/li>\n<\/ol>\n<h2> <strong>Ursprung von Moskau<\/strong><\/h2>\n<p> Das Element Moscovium wurde 2004 am Zentralen Kernforschungsinstitut in Dubna, Russland, entdeckt. Die verantwortlichen Wissenschaftler bombardierten das Isotop Americium 243 mit Calcium 48, um Atome des Elements zu erzeugen. Das Ergebnis waren vier Partikel, die durch die Emission von Alpha-Tropfen im Nihonium in etwa 100 Millisekunden zerfielen.<\/p>\n<p> Anschlie\u00dfend, im Jahr 2013, best\u00e4tigte ein anderes Team schwedischer Forscher die Existenz des Elements durch ein photonisches Experiment, also einen Prozess, bei dem ein oder mehrere Elektronen freigesetzt werden. Schlie\u00dflich genehmigte die Union of Pure and Applied Chemistry im Dezember 2016 seine chemische Natur und seine Aufnahme in das Periodensystem zusammen mit anderen Elementen.<\/p>\n<h2> <strong>Wof\u00fcr wird Moscovium verwendet?<\/strong><\/h2>\n<p> Die Verwendungsm\u00f6glichkeiten f\u00fcr Moscovium sind gleich null, da es sich um ein praktisch neues Element handelt. Da bei seiner Herstellung nur 4 Atome entstehen, die schnell zerfallen, sind seine Anwendungen der wissenschaftlichen Forschung vorbehalten. Dar\u00fcber hinaus kann es zur Herstellung anderer synthetischer Verbindungen wie Nihonium verwendet werden.<\/p>\n<h2> <strong>Moscovium erhalten<\/strong><\/h2>\n<p> Das chemische Element Muscovium wird in speziellen Strahlenlaboren durch Beschuss von Americium-Isotopen mit Calcium-48-Ionen hergestellt. Das Verfahren wird in einem Zyklotron oder Teilchenbeschleuniger mit einem speziellen Gasabscheider durchgef\u00fchrt. Dabei entstehen 4 instabile Isotope, die zerfallen und das synthetische Metall entstehen.<\/p>\n<h2> <strong>Wo befindet sich das Moscovium?<\/strong><\/h2>\n<p> Da es durch Beschuss von Americium mit Calciumionen gewonnen wird, befinden sich die wenigen vorhandenen Proben in speziellen Bestrahlungsanlagen. Seine Atome haben eine sehr kurze Lebensdauer, daher war es unm\u00f6glich, sie vollst\u00e4ndig zu untersuchen.<\/p>\n<h2> <strong>Sch\u00e4dliche Auswirkungen auf Gesundheit und Umwelt<\/strong><\/h2>\n<p> Dieses Element ist hoch radioaktiv und es wird davon ausgegangen, dass bei der Handhabung in Laboratorien strenge Sicherheitsma\u00dfnahmen eingehalten werden m\u00fcssen, um m\u00f6gliche Sch\u00e4den zu vermeiden. Da es jedoch synthetisch ist und es nur wenige Proben gibt, ist es unwahrscheinlich, dass es die Gesundheit oder die nat\u00fcrliche Umwelt sch\u00e4digt.<\/p>\n<p> Zusammenfassend l\u00e4sst sich sagen, dass das chemische Element Muscovium aufgrund seiner schweren atomaren Zusammensetzung transuranischer Natur ist. Aufgrund seiner j\u00fcngsten Entdeckung ist es weiterhin Gegenstand von Studien. Da es synthetisch ist und sich schnell zersetzt, sind seine Anwendungen im t\u00e4glichen Leben, in der Chemie und in der Industrie unbekannt.<\/p>\n","protected":false},"excerpt":{"rendered":"<p>Muscovium ist ein superschweres, synthetisches Element, das in der Erdkruste nicht vorkommt und erst k\u00fcrzlich entdeckt wurde. Es f\u00e4llt in die Kategorie der transuranischen Elemente, da es eine Ordnungszahl von mehr als 92 hat. Es wird in einem Teilchenbeschleuniger gewonnen, wobei nur wenige Proben schnell zerfallen. Erfahren Sie jetzt mehr \u00fcber seine Eigenschaften und Eigenschaften. &#8230; <a title=\"Moskau\" class=\"read-more\" href=\"https:\/\/chemuza.org\/de\/moskauer\/\" aria-label=\"Mehr zu Moskau\">Mehr lesen<\/a><\/p>\n","protected":false},"author":1,"featured_media":0,"parent":0,"menu_order":0,"comment_status":"closed","ping_status":"closed","template":"","meta":{"footnotes":""},"class_list":["post-1574","page","type-page","status-publish"],"yoast_head":"<!-- This site is optimized with the Yoast SEO plugin v21.4 - https:\/\/yoast.com\/wordpress\/plugins\/seo\/ -->\n<title>Moskau - Chemuza<\/title>\n<meta name=\"robots\" content=\"index, follow, max-snippet:-1, max-image-preview:large, max-video-preview:-1\" \/>\n<link rel=\"canonical\" href=\"https:\/\/chemuza.org\/de\/moskauer\/\" \/>\n<meta property=\"og:locale\" content=\"de_DE\" \/>\n<meta property=\"og:type\" content=\"article\" \/>\n<meta property=\"og:title\" content=\"Moskau - Chemuza\" \/>\n<meta property=\"og:description\" content=\"Muscovium ist ein superschweres, synthetisches Element, das in der Erdkruste nicht vorkommt und erst k\u00fcrzlich entdeckt wurde. Es f\u00e4llt in die Kategorie der transuranischen Elemente, da es eine Ordnungszahl von mehr als 92 hat. Es wird in einem Teilchenbeschleuniger gewonnen, wobei nur wenige Proben schnell zerfallen. Erfahren Sie jetzt mehr \u00fcber seine Eigenschaften und Eigenschaften. ... Mehr lesen\" \/>\n<meta property=\"og:url\" content=\"https:\/\/chemuza.org\/de\/moskauer\/\" \/>\n<meta property=\"og:site_name\" content=\"Chemuza\" \/>\n<meta name=\"twitter:card\" content=\"summary_large_image\" \/>\n<meta name=\"twitter:label1\" content=\"Gesch\u00e4tzte Lesezeit\" \/>\n\t<meta name=\"twitter:data1\" content=\"4\u00a0Minuten\" \/>\n<script type=\"application\/ld+json\" class=\"yoast-schema-graph\">{\"@context\":\"https:\/\/schema.org\",\"@graph\":[{\"@type\":\"WebPage\",\"@id\":\"https:\/\/chemuza.org\/de\/moskauer\/\",\"url\":\"https:\/\/chemuza.org\/de\/moskauer\/\",\"name\":\"Moskau - Chemuza\",\"isPartOf\":{\"@id\":\"https:\/\/chemuza.org\/de\/#website\"},\"datePublished\":\"2023-10-25T13:51:04+00:00\",\"dateModified\":\"2023-10-25T13:51:04+00:00\",\"breadcrumb\":{\"@id\":\"https:\/\/chemuza.org\/de\/moskauer\/#breadcrumb\"},\"inLanguage\":\"de\",\"potentialAction\":[{\"@type\":\"ReadAction\",\"target\":[\"https:\/\/chemuza.org\/de\/moskauer\/\"]}]},{\"@type\":\"BreadcrumbList\",\"@id\":\"https:\/\/chemuza.org\/de\/moskauer\/#breadcrumb\",\"itemListElement\":[{\"@type\":\"ListItem\",\"position\":1,\"name\":\"Heim\",\"item\":\"https:\/\/chemuza.org\/de\/\"},{\"@type\":\"ListItem\",\"position\":2,\"name\":\"Moskau\"}]},{\"@type\":\"WebSite\",\"@id\":\"https:\/\/chemuza.org\/de\/#website\",\"url\":\"https:\/\/chemuza.org\/de\/\",\"name\":\"Chemuza\",\"description\":\"Ihr Tor zur chemischen Entdeckung\",\"publisher\":{\"@id\":\"https:\/\/chemuza.org\/de\/#organization\"},\"potentialAction\":[{\"@type\":\"SearchAction\",\"target\":{\"@type\":\"EntryPoint\",\"urlTemplate\":\"https:\/\/chemuza.org\/de\/?s={search_term_string}\"},\"query-input\":\"required name=search_term_string\"}],\"inLanguage\":\"de\"},{\"@type\":\"Organization\",\"@id\":\"https:\/\/chemuza.org\/de\/#organization\",\"name\":\"Chemuza\",\"url\":\"https:\/\/chemuza.org\/de\/\",\"logo\":{\"@type\":\"ImageObject\",\"inLanguage\":\"de\",\"@id\":\"https:\/\/chemuza.org\/de\/#\/schema\/logo\/image\/\",\"url\":\"https:\/\/chemuza.org\/de\/wp-content\/uploads\/2023\/10\/chemuza-logo.png\",\"contentUrl\":\"https:\/\/chemuza.org\/de\/wp-content\/uploads\/2023\/10\/chemuza-logo.png\",\"width\":387,\"height\":70,\"caption\":\"Chemuza\"},\"image\":{\"@id\":\"https:\/\/chemuza.org\/de\/#\/schema\/logo\/image\/\"}}]}<\/script>\n<!-- \/ Yoast SEO plugin. -->","yoast_head_json":{"title":"Moskau - Chemuza","robots":{"index":"index","follow":"follow","max-snippet":"max-snippet:-1","max-image-preview":"max-image-preview:large","max-video-preview":"max-video-preview:-1"},"canonical":"https:\/\/chemuza.org\/de\/moskauer\/","og_locale":"de_DE","og_type":"article","og_title":"Moskau - Chemuza","og_description":"Muscovium ist ein superschweres, synthetisches Element, das in der Erdkruste nicht vorkommt und erst k\u00fcrzlich entdeckt wurde. Es f\u00e4llt in die Kategorie der transuranischen Elemente, da es eine Ordnungszahl von mehr als 92 hat. Es wird in einem Teilchenbeschleuniger gewonnen, wobei nur wenige Proben schnell zerfallen. Erfahren Sie jetzt mehr \u00fcber seine Eigenschaften und Eigenschaften. ... Mehr lesen","og_url":"https:\/\/chemuza.org\/de\/moskauer\/","og_site_name":"Chemuza","twitter_card":"summary_large_image","twitter_misc":{"Gesch\u00e4tzte Lesezeit":"4\u00a0Minuten"},"schema":{"@context":"https:\/\/schema.org","@graph":[{"@type":"WebPage","@id":"https:\/\/chemuza.org\/de\/moskauer\/","url":"https:\/\/chemuza.org\/de\/moskauer\/","name":"Moskau - Chemuza","isPartOf":{"@id":"https:\/\/chemuza.org\/de\/#website"},"datePublished":"2023-10-25T13:51:04+00:00","dateModified":"2023-10-25T13:51:04+00:00","breadcrumb":{"@id":"https:\/\/chemuza.org\/de\/moskauer\/#breadcrumb"},"inLanguage":"de","potentialAction":[{"@type":"ReadAction","target":["https:\/\/chemuza.org\/de\/moskauer\/"]}]},{"@type":"BreadcrumbList","@id":"https:\/\/chemuza.org\/de\/moskauer\/#breadcrumb","itemListElement":[{"@type":"ListItem","position":1,"name":"Heim","item":"https:\/\/chemuza.org\/de\/"},{"@type":"ListItem","position":2,"name":"Moskau"}]},{"@type":"WebSite","@id":"https:\/\/chemuza.org\/de\/#website","url":"https:\/\/chemuza.org\/de\/","name":"Chemuza","description":"Ihr Tor zur chemischen Entdeckung","publisher":{"@id":"https:\/\/chemuza.org\/de\/#organization"},"potentialAction":[{"@type":"SearchAction","target":{"@type":"EntryPoint","urlTemplate":"https:\/\/chemuza.org\/de\/?s={search_term_string}"},"query-input":"required name=search_term_string"}],"inLanguage":"de"},{"@type":"Organization","@id":"https:\/\/chemuza.org\/de\/#organization","name":"Chemuza","url":"https:\/\/chemuza.org\/de\/","logo":{"@type":"ImageObject","inLanguage":"de","@id":"https:\/\/chemuza.org\/de\/#\/schema\/logo\/image\/","url":"https:\/\/chemuza.org\/de\/wp-content\/uploads\/2023\/10\/chemuza-logo.png","contentUrl":"https:\/\/chemuza.org\/de\/wp-content\/uploads\/2023\/10\/chemuza-logo.png","width":387,"height":70,"caption":"Chemuza"},"image":{"@id":"https:\/\/chemuza.org\/de\/#\/schema\/logo\/image\/"}}]}},"yoast_meta":{"yoast_wpseo_title":"","yoast_wpseo_metadesc":"","yoast_wpseo_canonical":""},"_links":{"self":[{"href":"https:\/\/chemuza.org\/de\/wp-json\/wp\/v2\/pages\/1574","targetHints":{"allow":["GET"]}}],"collection":[{"href":"https:\/\/chemuza.org\/de\/wp-json\/wp\/v2\/pages"}],"about":[{"href":"https:\/\/chemuza.org\/de\/wp-json\/wp\/v2\/types\/page"}],"author":[{"embeddable":true,"href":"https:\/\/chemuza.org\/de\/wp-json\/wp\/v2\/users\/1"}],"replies":[{"embeddable":true,"href":"https:\/\/chemuza.org\/de\/wp-json\/wp\/v2\/comments?post=1574"}],"version-history":[{"count":1,"href":"https:\/\/chemuza.org\/de\/wp-json\/wp\/v2\/pages\/1574\/revisions"}],"predecessor-version":[{"id":1657,"href":"https:\/\/chemuza.org\/de\/wp-json\/wp\/v2\/pages\/1574\/revisions\/1657"}],"wp:attachment":[{"href":"https:\/\/chemuza.org\/de\/wp-json\/wp\/v2\/media?parent=1574"}],"curies":[{"name":"wp","href":"https:\/\/api.w.org\/{rel}","templated":true}]}}