{"id":1573,"date":"2023-07-13T11:28:39","date_gmt":"2023-07-13T11:28:39","guid":{"rendered":"https:\/\/chemuza.org\/de\/seborgium\/"},"modified":"2023-07-13T11:28:39","modified_gmt":"2023-07-13T11:28:39","slug":"seborgium","status":"publish","type":"page","link":"https:\/\/chemuza.org\/de\/seborgium\/","title":{"rendered":"Seaborgio"},"content":{"rendered":"<p>Es handelt sich um ein Element, das in der Natur nicht vorkommt, sondern k\u00fcnstlich hergestellt wird. Um es zu erreichen, m\u00fcssen sie tats\u00e4chlich andere Elemente bombardieren, die bereitwillig Atomteilchen aufnehmen. Dar\u00fcber hinaus weist es einige \u00c4hnlichkeiten mit Wolfram auf. Erfahren Sie unten, wer Seaborgium entdeckt hat, welche Eigenschaften es hat und woher sein Name stammt.<\/p>\n<h2> <strong>Was ist Seaborgium?<\/strong><\/h2>\n<p> Es ist das Element mit der Ordnungszahl 106, es ist Transactinid, synthetisch, transuranisch, radioaktiv und geh\u00f6rt zur chemischen Reihe der \u00dcbergangsmetalle. Dar\u00fcber hinaus ist es laut Wissenschaftlern wahrscheinlich fest, metallisch und silbrig, gr\u00e4ulich oder wei\u00df gef\u00e4rbt.<\/p>\n<h3> <strong>Seaborgium-Symbol<\/strong><\/h3>\n<p> <span class=\"content-chemical-element\" style=\"float: left;width: 65px;height: 65px;border: 3px solid #666; display:flex;\n    justify-content: center;align-items: center;margin-right: 15px;\"><span style=\"font-size: 38px;\">Sg<\/span><\/span> Symbology ist das vom Namen abgeleitete Akronym, das dem Chemiker Glenn Seaborg dank seiner direkten Beteiligung an der Entdeckung vieler Aktinidenelemente gewidmet wurde.<\/p>\n<h2> <strong>Eigenschaften des Seaborgiums<\/strong><\/h2>\n<p> Zu den Eigenschaften von Seaborgium geh\u00f6ren eine Atommasse von 269 amu, 106 Elektronen im Kern und eine kovalente Bindung. \u00dcber ihre Schmelz- und Siedepunkte ist jedoch wenig bekannt. Erfahren Sie unten mehr \u00fcber den Artikel:<\/p>\n<ul>\n<li> <strong>Zustand<\/strong> : Sein gew\u00f6hnlicher Aggregatzustand wird als fest angenommen.<\/li>\n<li> <strong>Aussehen<\/strong> : Obwohl unbekannt, hat es wahrscheinlich einen wei\u00dfen, silbernen oder grauen Unterton.<\/li>\n<li> <strong>Radioaktivit\u00e4t<\/strong> : Es ist ein sehr radioaktives Element.<\/li>\n<li> <strong>Kernstabilit\u00e4t<\/strong> : Er ist instabil, sein Kern zerf\u00e4llt und kann Protonen und Neutronen nicht zusammenhalten.<\/li>\n<li> <strong>Position<\/strong> : Aufgrund seiner Position im Periodensystem wird erwartet, dass es \u00e4hnliche Eigenschaften wie Wolfram aufweist.<\/li>\n<li> <strong>Metallische Eigenschaften<\/strong> : Kann metallisch sein.<\/li>\n<li> <strong>Halbwertszeit<\/strong> : Seine Halbwertszeit ist sehr kurz, beispielsweise lebt das Isotop <sup>271<\/sup> Sg etwa 2,4 Minuten.<\/li>\n<li> <strong>Isotope<\/strong> : Heute sind 12 Isotope bekannt, darunter <sup>259<\/sup> Sg, <sup>260<\/sup> Sg, <sup>263<\/sup> Sg und <sup>271<\/sup> Sg, wobei letzteres das stabilste von allen ist.<\/li>\n<\/ul>\n<h2> <strong>Chemische und physikalische Eigenschaften von Seaborgium<\/strong><\/h2>\n<ol>\n<li> <strong>Ordnungszahl<\/strong> : 106<\/li>\n<li> <strong>Rust<\/strong> : Unbekannt<\/li>\n<li> <strong>Oxidationsstufen<\/strong> : +6<\/li>\n<li> <strong>Dichte (g\/ml)<\/strong> : 35.000 g\/cm\u00b3<\/li>\n<li> <strong>Kovalenter Radius (\u00c5)<\/strong> : 143 Uhr<\/li>\n<li> <strong>Atomradius (\u00c5)<\/strong> : Keine Daten<\/li>\n<li> <strong>Siedepunkt<\/strong> : Keine Daten<\/li>\n<li> <strong>Spezifische W\u00e4rme<\/strong> : Keine Daten<\/li>\n<li> <strong>Atommasse (g\/mol)<\/strong> : 269 u<\/li>\n<li> <strong>Schallgeschwindigkeit<\/strong> : Keine Daten<\/li>\n<li> <strong>Elektronegativit\u00e4t<\/strong> : Keine Daten<\/li>\n<li> <strong>Atomvolumen<\/strong> : Keine Daten<\/li>\n<li> <strong>Elektronische Konfiguration<\/strong> : [Rn] 7s <sup>2<\/sup> 5f <sup>14<\/sup> 6d <sup>4<\/sup><\/li>\n<li> <strong>Elektronen pro Ebene<\/strong> : 2, 8, 18, 32, 32, 12, 2<\/li>\n<li> <strong>Schmelzpunkt<\/strong> : Keine Daten<\/li>\n<li> <strong>Fusionsenthalpie<\/strong> : Keine Daten<\/li>\n<li> <strong>Erste Ionisierungsenergie (eV)<\/strong> : 730 kJ\/mol<\/li>\n<\/ol>\n<h2> <strong>Ursprung von Seaborgium<\/strong><\/h2>\n<p> Das Element Seaborgium wurde gleichzeitig von zwei verschiedenen wissenschaftlichen Gruppen entdeckt. Das erste Team bestand im Juni 1974 aus amerikanischen Forschern unter der Leitung von Albert Ghiorso vom Lawrence Berkeley Laboratory der University of California. Dort entstand das Isotop <sup>263<\/sup> Sg, das eine Halbwertszeit von 0 hat. 0,48 Sekunden.<\/p>\n<p> Die andere Gruppe bestand ebenfalls aus Chemikern unter der Leitung von Georgii Flerov, der ihre Entdeckung im September 1974 machte. Au\u00dferdem produzierten sie das Isotop <sup>259<\/sup> Sg mit einer Halbwertszeit von 0,48 Sekunden im Joint Institute for Nuclear Research in Dubna. Russland. .<\/p>\n<p> Die Entdeckung l\u00f6ste verschiedene Kontroversen hinsichtlich ihrer Anerkennung aus. Andererseits wurde best\u00e4tigt, dass das amerikanische Team dem Element einen Namen geben w\u00fcrde. Im Jahr 1992 entschied jedoch ein internationales Komitee, dass die beiden Laboratorien Berkeley und Dubna sich die Anerkennung f\u00fcr die Entdeckung teilen sollten.<\/p>\n<h2> <strong>Wof\u00fcr wird Seaborgium verwendet?<\/strong><\/h2>\n<p> Derzeit gibt es nicht viele Verwendungsm\u00f6glichkeiten f\u00fcr Seaborgium. Aufgrund seines reaktiven Zustands ist es f\u00fcr Organismen sehr giftig und spielt daher keine biologische Rolle. Aufgrund seiner sehr kurzen Halbwertszeit bleibt ihm jedoch keine Zeit f\u00fcr eine kommerzielle Anwendung. Im wissenschaftlichen Bereich wird es jedoch im Allgemeinen f\u00fcr Forschungs-, Experimentier- und Fertigungszwecke verwendet.<\/p>\n<h2> <strong>Seaborgium erhalten<\/strong><\/h2>\n<p> Die erste Methode stammte von den Russen, die Bleiisotope mit hochenergetischen Chromionen bombardierten. Bei den Nordamerikanern hingegen kollidierten die Californium-Ionen mit den Sauerstoff-Ionen. Das Ergebnis war, dass beide Wissenschaftlergruppen erfolgreich waren und Isotope von Seaborgium produzierten. Die gebr\u00e4uchlichste Methode zur Herstellung besteht jedoch darin, den zweiten Test durch Beschuss des <sup>249<\/sup> Cf mit <sup>18<\/sup> O durchzuf\u00fchren.<\/p>\n<h2> <strong>Name von Seaborgium<\/strong><\/h2>\n<p> Es kam zu Kontroversen dar\u00fcber, wer es entdeckte, daher genehmigte die IUPAC vor\u00fcbergehend den Namen Unnilhexio, dessen Symbol Unh war, in \u00dcbereinstimmung mit <em>der systematischen Benennung von Elementen<\/em> . Dann schlug ein IUPAC-Komitee 1994 vor, Element 106 Rutherfordium zu nennen.<\/p>\n<p> Dar\u00fcber hinaus wurde die Regel eingef\u00fchrt, dass kein Gegenstand nach einer lebenden Person benannt werden darf. Diese Entscheidung wurde von der American Chemical Society heftig kritisiert. Infolgedessen wurde der Name Seaborgio im Rahmen einer Konvention mit den Elementen 104 bis 108 international anerkannt.<\/p>\n<p> Zusammenfassend ist Seaborgium ein k\u00fcnstliches, transactinidisches, radioaktives, transuranisches chemisches Element. Dar\u00fcber hinaus sagen Wissenschaftler voraus, dass es sich um einen Feststoff mit metallischem Aussehen, grau, wei\u00df oder silbern, handelt. Es gibt keine kommerziellen Anwendungen, wohl aber Anwendungen in der wissenschaftlichen Forschung.<\/p>\n","protected":false},"excerpt":{"rendered":"<p>Es handelt sich um ein Element, das in der Natur nicht vorkommt, sondern k\u00fcnstlich hergestellt wird. Um es zu erreichen, m\u00fcssen sie tats\u00e4chlich andere Elemente bombardieren, die bereitwillig Atomteilchen aufnehmen. Dar\u00fcber hinaus weist es einige \u00c4hnlichkeiten mit Wolfram auf. Erfahren Sie unten, wer Seaborgium entdeckt hat, welche Eigenschaften es hat und woher sein Name stammt. &#8230; <a title=\"Seaborgio\" class=\"read-more\" href=\"https:\/\/chemuza.org\/de\/seborgium\/\" aria-label=\"Mehr zu Seaborgio\">Mehr lesen<\/a><\/p>\n","protected":false},"author":1,"featured_media":0,"parent":0,"menu_order":0,"comment_status":"closed","ping_status":"closed","template":"","meta":{"footnotes":""},"class_list":["post-1573","page","type-page","status-publish"],"yoast_head":"<!-- This site is optimized with the Yoast SEO plugin v21.4 - https:\/\/yoast.com\/wordpress\/plugins\/seo\/ -->\n<title>Seaborgio - Chemuza<\/title>\n<meta name=\"robots\" content=\"index, follow, max-snippet:-1, max-image-preview:large, max-video-preview:-1\" \/>\n<link rel=\"canonical\" href=\"https:\/\/chemuza.org\/de\/seborgium\/\" \/>\n<meta property=\"og:locale\" content=\"de_DE\" \/>\n<meta property=\"og:type\" content=\"article\" \/>\n<meta property=\"og:title\" content=\"Seaborgio - Chemuza\" \/>\n<meta property=\"og:description\" content=\"Es handelt sich um ein Element, das in der Natur nicht vorkommt, sondern k\u00fcnstlich hergestellt wird. Um es zu erreichen, m\u00fcssen sie tats\u00e4chlich andere Elemente bombardieren, die bereitwillig Atomteilchen aufnehmen. Dar\u00fcber hinaus weist es einige \u00c4hnlichkeiten mit Wolfram auf. Erfahren Sie unten, wer Seaborgium entdeckt hat, welche Eigenschaften es hat und woher sein Name stammt. ... Mehr lesen\" \/>\n<meta property=\"og:url\" content=\"https:\/\/chemuza.org\/de\/seborgium\/\" \/>\n<meta property=\"og:site_name\" content=\"Chemuza\" \/>\n<meta name=\"twitter:card\" content=\"summary_large_image\" \/>\n<meta name=\"twitter:label1\" content=\"Gesch\u00e4tzte Lesezeit\" \/>\n\t<meta name=\"twitter:data1\" content=\"4\u00a0Minuten\" \/>\n<script type=\"application\/ld+json\" class=\"yoast-schema-graph\">{\"@context\":\"https:\/\/schema.org\",\"@graph\":[{\"@type\":\"WebPage\",\"@id\":\"https:\/\/chemuza.org\/de\/seborgium\/\",\"url\":\"https:\/\/chemuza.org\/de\/seborgium\/\",\"name\":\"Seaborgio - Chemuza\",\"isPartOf\":{\"@id\":\"https:\/\/chemuza.org\/de\/#website\"},\"datePublished\":\"2023-07-13T11:28:39+00:00\",\"dateModified\":\"2023-07-13T11:28:39+00:00\",\"breadcrumb\":{\"@id\":\"https:\/\/chemuza.org\/de\/seborgium\/#breadcrumb\"},\"inLanguage\":\"de\",\"potentialAction\":[{\"@type\":\"ReadAction\",\"target\":[\"https:\/\/chemuza.org\/de\/seborgium\/\"]}]},{\"@type\":\"BreadcrumbList\",\"@id\":\"https:\/\/chemuza.org\/de\/seborgium\/#breadcrumb\",\"itemListElement\":[{\"@type\":\"ListItem\",\"position\":1,\"name\":\"Heim\",\"item\":\"https:\/\/chemuza.org\/de\/\"},{\"@type\":\"ListItem\",\"position\":2,\"name\":\"Seaborgio\"}]},{\"@type\":\"WebSite\",\"@id\":\"https:\/\/chemuza.org\/de\/#website\",\"url\":\"https:\/\/chemuza.org\/de\/\",\"name\":\"Chemuza\",\"description\":\"Ihr Tor zur chemischen Entdeckung\",\"publisher\":{\"@id\":\"https:\/\/chemuza.org\/de\/#organization\"},\"potentialAction\":[{\"@type\":\"SearchAction\",\"target\":{\"@type\":\"EntryPoint\",\"urlTemplate\":\"https:\/\/chemuza.org\/de\/?s={search_term_string}\"},\"query-input\":\"required name=search_term_string\"}],\"inLanguage\":\"de\"},{\"@type\":\"Organization\",\"@id\":\"https:\/\/chemuza.org\/de\/#organization\",\"name\":\"Chemuza\",\"url\":\"https:\/\/chemuza.org\/de\/\",\"logo\":{\"@type\":\"ImageObject\",\"inLanguage\":\"de\",\"@id\":\"https:\/\/chemuza.org\/de\/#\/schema\/logo\/image\/\",\"url\":\"https:\/\/chemuza.org\/de\/wp-content\/uploads\/2023\/10\/chemuza-logo.png\",\"contentUrl\":\"https:\/\/chemuza.org\/de\/wp-content\/uploads\/2023\/10\/chemuza-logo.png\",\"width\":387,\"height\":70,\"caption\":\"Chemuza\"},\"image\":{\"@id\":\"https:\/\/chemuza.org\/de\/#\/schema\/logo\/image\/\"}}]}<\/script>\n<!-- \/ Yoast SEO plugin. -->","yoast_head_json":{"title":"Seaborgio - Chemuza","robots":{"index":"index","follow":"follow","max-snippet":"max-snippet:-1","max-image-preview":"max-image-preview:large","max-video-preview":"max-video-preview:-1"},"canonical":"https:\/\/chemuza.org\/de\/seborgium\/","og_locale":"de_DE","og_type":"article","og_title":"Seaborgio - Chemuza","og_description":"Es handelt sich um ein Element, das in der Natur nicht vorkommt, sondern k\u00fcnstlich hergestellt wird. Um es zu erreichen, m\u00fcssen sie tats\u00e4chlich andere Elemente bombardieren, die bereitwillig Atomteilchen aufnehmen. Dar\u00fcber hinaus weist es einige \u00c4hnlichkeiten mit Wolfram auf. Erfahren Sie unten, wer Seaborgium entdeckt hat, welche Eigenschaften es hat und woher sein Name stammt. ... Mehr lesen","og_url":"https:\/\/chemuza.org\/de\/seborgium\/","og_site_name":"Chemuza","twitter_card":"summary_large_image","twitter_misc":{"Gesch\u00e4tzte Lesezeit":"4\u00a0Minuten"},"schema":{"@context":"https:\/\/schema.org","@graph":[{"@type":"WebPage","@id":"https:\/\/chemuza.org\/de\/seborgium\/","url":"https:\/\/chemuza.org\/de\/seborgium\/","name":"Seaborgio - Chemuza","isPartOf":{"@id":"https:\/\/chemuza.org\/de\/#website"},"datePublished":"2023-07-13T11:28:39+00:00","dateModified":"2023-07-13T11:28:39+00:00","breadcrumb":{"@id":"https:\/\/chemuza.org\/de\/seborgium\/#breadcrumb"},"inLanguage":"de","potentialAction":[{"@type":"ReadAction","target":["https:\/\/chemuza.org\/de\/seborgium\/"]}]},{"@type":"BreadcrumbList","@id":"https:\/\/chemuza.org\/de\/seborgium\/#breadcrumb","itemListElement":[{"@type":"ListItem","position":1,"name":"Heim","item":"https:\/\/chemuza.org\/de\/"},{"@type":"ListItem","position":2,"name":"Seaborgio"}]},{"@type":"WebSite","@id":"https:\/\/chemuza.org\/de\/#website","url":"https:\/\/chemuza.org\/de\/","name":"Chemuza","description":"Ihr Tor zur chemischen Entdeckung","publisher":{"@id":"https:\/\/chemuza.org\/de\/#organization"},"potentialAction":[{"@type":"SearchAction","target":{"@type":"EntryPoint","urlTemplate":"https:\/\/chemuza.org\/de\/?s={search_term_string}"},"query-input":"required name=search_term_string"}],"inLanguage":"de"},{"@type":"Organization","@id":"https:\/\/chemuza.org\/de\/#organization","name":"Chemuza","url":"https:\/\/chemuza.org\/de\/","logo":{"@type":"ImageObject","inLanguage":"de","@id":"https:\/\/chemuza.org\/de\/#\/schema\/logo\/image\/","url":"https:\/\/chemuza.org\/de\/wp-content\/uploads\/2023\/10\/chemuza-logo.png","contentUrl":"https:\/\/chemuza.org\/de\/wp-content\/uploads\/2023\/10\/chemuza-logo.png","width":387,"height":70,"caption":"Chemuza"},"image":{"@id":"https:\/\/chemuza.org\/de\/#\/schema\/logo\/image\/"}}]}},"yoast_meta":{"yoast_wpseo_title":"","yoast_wpseo_metadesc":"","yoast_wpseo_canonical":""},"_links":{"self":[{"href":"https:\/\/chemuza.org\/de\/wp-json\/wp\/v2\/pages\/1573","targetHints":{"allow":["GET"]}}],"collection":[{"href":"https:\/\/chemuza.org\/de\/wp-json\/wp\/v2\/pages"}],"about":[{"href":"https:\/\/chemuza.org\/de\/wp-json\/wp\/v2\/types\/page"}],"author":[{"embeddable":true,"href":"https:\/\/chemuza.org\/de\/wp-json\/wp\/v2\/users\/1"}],"replies":[{"embeddable":true,"href":"https:\/\/chemuza.org\/de\/wp-json\/wp\/v2\/comments?post=1573"}],"version-history":[{"count":0,"href":"https:\/\/chemuza.org\/de\/wp-json\/wp\/v2\/pages\/1573\/revisions"}],"wp:attachment":[{"href":"https:\/\/chemuza.org\/de\/wp-json\/wp\/v2\/media?parent=1573"}],"curies":[{"name":"wp","href":"https:\/\/api.w.org\/{rel}","templated":true}]}}