{"id":1571,"date":"2023-10-25T13:51:05","date_gmt":"2023-10-25T13:51:05","guid":{"rendered":"https:\/\/chemuza.org\/de\/mendelevium\/"},"modified":"2023-10-25T13:51:05","modified_gmt":"2023-10-25T13:51:05","slug":"mendelevium","status":"publish","type":"page","link":"https:\/\/chemuza.org\/de\/mendelevium\/","title":{"rendered":"Mendelevion"},"content":{"rendered":"<p>Das Mendelevion<strong> <\/strong>Es handelt sich um ein chemisches Element, das in der Natur nicht vorkommt, weshalb seine Produktion selten ist. Au\u00dferhalb des Labors hat es keinen Nutzen, es wird nur in der wissenschaftlichen Forschung eingesetzt. Erfahren Sie alles \u00fcber dieses Element des Periodensystems.<\/p>\n<h2> <strong>Was ist Mendelevion?<\/strong><\/h2>\n<p> Das Aussehen des chemischen Elements Mendelevium ist unbekannt, es ist wahrscheinlich, dass seine Farbe wei\u00df, grau oder silbern ist. Es geh\u00f6rt zur Gruppe der Aktiniden der Periode 7 und reicht von Actinium bis Lawrencium. Diese werden zusammen mit der Lanthanoidgruppe als interne \u00dcbergangselemente bezeichnet. Sein nat\u00fcrlicher Zustand ist unbekannt.<\/p>\n<h3> <strong>Mendelevianisches Symbol<\/strong><\/h3>\n<p> <span class=\"content-chemical-element\" style=\"float: left;width: 65px;height: 65px;border: 3px solid #666; display:flex;\n    justify-content: center;align-items: center;margin-right: 15px;\"><span style=\"font-size: 38px;\">H<\/span><\/span> kommt in der Tabla Periodica mit der Ordnungszahl 101 und der Ordnungszahl 258 vor. Es besteht aus 16 stabilen Isotopen, von 245 bis 260. Das Isotop mit mehr als 259 Lebensjahren ist 51 Tage alt. Als n\u00e4chstes kommen der 260 Md, der 31,8 Tage alt ist, und der 259 Mendelevio mit nur 96 Minuten Lebensdauer.<\/p>\n<h2> <strong>Eigenschaften von Mendelevium<\/strong><\/h2>\n<p> Das Element Mendelevium ist ein radioaktives synthetisches Metall und liegt bei Raumtemperatur im festen Zustand vor. Es erreicht einen hohen Fusionsgrad, da es etwa 1.521 Grad erreichen kann. Dar\u00fcber hinaus hat es nur die Oxidationsstufe 3, obwohl es sich auch bei Oxidation 2 als stabil erwiesen hat. Einige der bemerkenswerten Eigenschaften dieses Metalls sind:<\/p>\n<ul>\n<li> <strong>L\u00f6slichkeit:<\/strong> Beim Eintauchen in eine w\u00e4ssrige L\u00f6sung oxidiert es.<\/li>\n<li> <strong>Glanz:<\/strong> metallisch.<\/li>\n<li> <strong>Kristallstruktur:<\/strong> Kubisch zentriert.<\/li>\n<li> <strong>Zustand:<\/strong> Es ist in seinem nat\u00fcrlichen Zustand solide.<\/li>\n<\/ul>\n<h2> <strong>Chemische und physikalische Eigenschaften von Mendelevium<\/strong><\/h2>\n<ol>\n<li> <strong>Ordnungszahl<\/strong> : 101<\/li>\n<li> <strong>Zeitraum:<\/strong> 7<\/li>\n<li> <strong>Block:<\/strong> f<\/li>\n<li> <strong>Schmelzpunkt:<\/strong> 1100 K<\/li>\n<li> <strong>Siedepunkt:<\/strong> Unbekannt.<\/li>\n<li> <strong>Elektronische Konfiguration:<\/strong> [Rn] 5f <sup>13<\/sup> 7s <sup>2<\/sup><\/li>\n<li> <strong>Dichte:<\/strong> ca. 10,3<\/li>\n<li> <strong>Elektronegativit\u00e4t:<\/strong> 1,3<\/li>\n<\/ol>\n<h2> <strong>Ursprung von Mendelevium<\/strong><\/h2>\n<p> Es belegt neben den chemischen Elementen Californium, Fermium, Curium und Einsteinium den neunten Platz unter den in der Aktinidengruppe entdeckten Transuranidenelementen. Es wurde erstmals vom Nuklearwissenschaftler Albert Ghiorso und den Chemikern Stanley G. Thompson, Bernard G. Harvey, Gregory R. Choppin und Glenn T. Seaborg identifiziert.<\/p>\n<p> Im Jahr 1955 bombardierte diese Gruppe von Wissenschaftlern an der University of California das Isotop 2530 Einsteinium mit Heliumionen in einem etwa 60 Zoll gro\u00dfen Teilchenbeschleuniger namens Zyklotron. Damals stellten sie das Isotop 256 Mendelevium mit einer Lebensdauer von 76 Minuten her. Sp\u00e4ter wurde das Isotop 258 von etwa 55 Tagen auch durch Beschuss des Isotops Einsteinium mit Heliumionen gewonnen, mit dem die physikalischen und chemischen Eigenschaften des Elements untersucht wurden.<\/p>\n<h2> <strong>Wof\u00fcr wird Mendelevium verwendet?<\/strong><\/h2>\n<p> F\u00fcr Mendelevium sind keine Verwendungen bekannt, da dieses Element in seiner nat\u00fcrlichen Form sehr selten, radioaktiv und giftig ist. Es ist daher nicht m\u00f6glich, es in vermarktungsf\u00e4higen Mengen herzustellen. Derzeit wird es nur in wissenschaftlichen Forschungsanwendungen eingesetzt. Unabh\u00e4ngig davon wurde das Isotop 256 verwendet, um seine chemischen Eigenschaften in w\u00e4ssriger L\u00f6sung vollst\u00e4ndig zu verstehen. Es wird angenommen, dass es im Laufe der Zeit wie andere Aktinidmetalle zur Energiegewinnung und f\u00fcr technologische Anwendungen verwendet werden kann.<\/p>\n<h2> <strong>Herkunft des Namens Mendelevius<\/strong><\/h2>\n<p> Fr\u00fcher war es als Unnilunio bekannt, wurde aber zu Ehren von Dmitri Mendelejew, dem russischen Chemiker, der das Periodensystem entwickelte, in Mendelevium ge\u00e4ndert. Da die Entdeckung mitten im Kalten Krieg zwischen den Vereinigten Staaten und Russland stattfand, musste die nordamerikanische Regierung um Erlaubnis gebeten werden, den Namen des neu entdeckten Metalls zu ver\u00f6ffentlichen. Dieser Antrag wurde erst 1955 angenommen, als die IUPAC die Bezeichnung unter dem Symbol Mv akzeptierte, das sp\u00e4ter 1957 in Md ge\u00e4ndert wurde.<\/p>\n<h3> <strong>Auswirkungen von Mendelevium auf Gesundheit und Umwelt<\/strong><\/h3>\n<p> Da Mendelevium in der Natur nicht nat\u00fcrlich vorkommt und es keine Hinweise auf sein Vorkommen in der Erdkruste gibt, wird davon ausgegangen, dass es keine Grundlage f\u00fcr die Behauptung gibt, dass es kontraproduktive Auswirkungen auf die Umwelt hat. Bei unsachgem\u00e4\u00dfer Handhabung kann es jedoch gesundheitssch\u00e4dlich sein, da es sich um ein radioaktives Element handelt.<\/p>\n<h2> <strong>Mendelevium-Toxizit\u00e4t<\/strong><\/h2>\n<p> Obwohl nur sehr wenige Menschen mit diesem Element in direkten Kontakt kommen, hat die Internationale Strahlenschutzkommission bestimmte j\u00e4hrliche Expositionsgrenzwerte f\u00fcr das stabilere Isotop festgelegt. Im Fall des Isotops 258 Mendelevium liegt die Inhalationsgrenze bei 6.000 Becquerel und die Aufnahmegrenze bei 9 x 10 <sup>5<\/sup> bq.<\/p>\n<p> Kurz gesagt, Mendelevium kommt in der Natur und in der Erdkruste selten vor. Es wurde k\u00fcnstlich hergestellt, allerdings in kleinen Mengen. Obwohl keine gesundheitssch\u00e4dlichen Auswirkungen bekannt sind, muss es ordnungsgem\u00e4\u00df gehandhabt werden, da es stark radioaktiv ist.<\/p>\n","protected":false},"excerpt":{"rendered":"<p>Das Mendelevion Es handelt sich um ein chemisches Element, das in der Natur nicht vorkommt, weshalb seine Produktion selten ist. Au\u00dferhalb des Labors hat es keinen Nutzen, es wird nur in der wissenschaftlichen Forschung eingesetzt. Erfahren Sie alles \u00fcber dieses Element des Periodensystems. Was ist Mendelevion? Das Aussehen des chemischen Elements Mendelevium ist unbekannt, es &#8230; <a title=\"Mendelevion\" class=\"read-more\" href=\"https:\/\/chemuza.org\/de\/mendelevium\/\" aria-label=\"Mehr zu Mendelevion\">Mehr lesen<\/a><\/p>\n","protected":false},"author":1,"featured_media":0,"parent":0,"menu_order":0,"comment_status":"closed","ping_status":"closed","template":"","meta":{"footnotes":""},"class_list":["post-1571","page","type-page","status-publish"],"yoast_head":"<!-- This site is optimized with the Yoast SEO plugin v21.4 - https:\/\/yoast.com\/wordpress\/plugins\/seo\/ -->\n<title>Mendelevion - Chemuza<\/title>\n<meta name=\"robots\" content=\"index, follow, max-snippet:-1, max-image-preview:large, max-video-preview:-1\" \/>\n<link rel=\"canonical\" href=\"https:\/\/chemuza.org\/de\/mendelevium\/\" \/>\n<meta property=\"og:locale\" content=\"de_DE\" \/>\n<meta property=\"og:type\" content=\"article\" \/>\n<meta property=\"og:title\" content=\"Mendelevion - Chemuza\" \/>\n<meta property=\"og:description\" content=\"Das Mendelevion Es handelt sich um ein chemisches Element, das in der Natur nicht vorkommt, weshalb seine Produktion selten ist. Au\u00dferhalb des Labors hat es keinen Nutzen, es wird nur in der wissenschaftlichen Forschung eingesetzt. Erfahren Sie alles \u00fcber dieses Element des Periodensystems. Was ist Mendelevion? Das Aussehen des chemischen Elements Mendelevium ist unbekannt, es ... Mehr lesen\" \/>\n<meta property=\"og:url\" content=\"https:\/\/chemuza.org\/de\/mendelevium\/\" \/>\n<meta property=\"og:site_name\" content=\"Chemuza\" \/>\n<meta name=\"twitter:card\" content=\"summary_large_image\" \/>\n<meta name=\"twitter:label1\" content=\"Gesch\u00e4tzte Lesezeit\" \/>\n\t<meta name=\"twitter:data1\" content=\"3\u00a0Minuten\" \/>\n<script type=\"application\/ld+json\" class=\"yoast-schema-graph\">{\"@context\":\"https:\/\/schema.org\",\"@graph\":[{\"@type\":\"WebPage\",\"@id\":\"https:\/\/chemuza.org\/de\/mendelevium\/\",\"url\":\"https:\/\/chemuza.org\/de\/mendelevium\/\",\"name\":\"Mendelevion - Chemuza\",\"isPartOf\":{\"@id\":\"https:\/\/chemuza.org\/de\/#website\"},\"datePublished\":\"2023-10-25T13:51:05+00:00\",\"dateModified\":\"2023-10-25T13:51:05+00:00\",\"breadcrumb\":{\"@id\":\"https:\/\/chemuza.org\/de\/mendelevium\/#breadcrumb\"},\"inLanguage\":\"de\",\"potentialAction\":[{\"@type\":\"ReadAction\",\"target\":[\"https:\/\/chemuza.org\/de\/mendelevium\/\"]}]},{\"@type\":\"BreadcrumbList\",\"@id\":\"https:\/\/chemuza.org\/de\/mendelevium\/#breadcrumb\",\"itemListElement\":[{\"@type\":\"ListItem\",\"position\":1,\"name\":\"Heim\",\"item\":\"https:\/\/chemuza.org\/de\/\"},{\"@type\":\"ListItem\",\"position\":2,\"name\":\"Mendelevion\"}]},{\"@type\":\"WebSite\",\"@id\":\"https:\/\/chemuza.org\/de\/#website\",\"url\":\"https:\/\/chemuza.org\/de\/\",\"name\":\"Chemuza\",\"description\":\"Ihr Tor zur chemischen Entdeckung\",\"publisher\":{\"@id\":\"https:\/\/chemuza.org\/de\/#organization\"},\"potentialAction\":[{\"@type\":\"SearchAction\",\"target\":{\"@type\":\"EntryPoint\",\"urlTemplate\":\"https:\/\/chemuza.org\/de\/?s={search_term_string}\"},\"query-input\":\"required name=search_term_string\"}],\"inLanguage\":\"de\"},{\"@type\":\"Organization\",\"@id\":\"https:\/\/chemuza.org\/de\/#organization\",\"name\":\"Chemuza\",\"url\":\"https:\/\/chemuza.org\/de\/\",\"logo\":{\"@type\":\"ImageObject\",\"inLanguage\":\"de\",\"@id\":\"https:\/\/chemuza.org\/de\/#\/schema\/logo\/image\/\",\"url\":\"https:\/\/chemuza.org\/de\/wp-content\/uploads\/2023\/10\/chemuza-logo.png\",\"contentUrl\":\"https:\/\/chemuza.org\/de\/wp-content\/uploads\/2023\/10\/chemuza-logo.png\",\"width\":387,\"height\":70,\"caption\":\"Chemuza\"},\"image\":{\"@id\":\"https:\/\/chemuza.org\/de\/#\/schema\/logo\/image\/\"}}]}<\/script>\n<!-- \/ Yoast SEO plugin. -->","yoast_head_json":{"title":"Mendelevion - Chemuza","robots":{"index":"index","follow":"follow","max-snippet":"max-snippet:-1","max-image-preview":"max-image-preview:large","max-video-preview":"max-video-preview:-1"},"canonical":"https:\/\/chemuza.org\/de\/mendelevium\/","og_locale":"de_DE","og_type":"article","og_title":"Mendelevion - Chemuza","og_description":"Das Mendelevion Es handelt sich um ein chemisches Element, das in der Natur nicht vorkommt, weshalb seine Produktion selten ist. Au\u00dferhalb des Labors hat es keinen Nutzen, es wird nur in der wissenschaftlichen Forschung eingesetzt. Erfahren Sie alles \u00fcber dieses Element des Periodensystems. Was ist Mendelevion? Das Aussehen des chemischen Elements Mendelevium ist unbekannt, es ... Mehr lesen","og_url":"https:\/\/chemuza.org\/de\/mendelevium\/","og_site_name":"Chemuza","twitter_card":"summary_large_image","twitter_misc":{"Gesch\u00e4tzte Lesezeit":"3\u00a0Minuten"},"schema":{"@context":"https:\/\/schema.org","@graph":[{"@type":"WebPage","@id":"https:\/\/chemuza.org\/de\/mendelevium\/","url":"https:\/\/chemuza.org\/de\/mendelevium\/","name":"Mendelevion - Chemuza","isPartOf":{"@id":"https:\/\/chemuza.org\/de\/#website"},"datePublished":"2023-10-25T13:51:05+00:00","dateModified":"2023-10-25T13:51:05+00:00","breadcrumb":{"@id":"https:\/\/chemuza.org\/de\/mendelevium\/#breadcrumb"},"inLanguage":"de","potentialAction":[{"@type":"ReadAction","target":["https:\/\/chemuza.org\/de\/mendelevium\/"]}]},{"@type":"BreadcrumbList","@id":"https:\/\/chemuza.org\/de\/mendelevium\/#breadcrumb","itemListElement":[{"@type":"ListItem","position":1,"name":"Heim","item":"https:\/\/chemuza.org\/de\/"},{"@type":"ListItem","position":2,"name":"Mendelevion"}]},{"@type":"WebSite","@id":"https:\/\/chemuza.org\/de\/#website","url":"https:\/\/chemuza.org\/de\/","name":"Chemuza","description":"Ihr Tor zur chemischen Entdeckung","publisher":{"@id":"https:\/\/chemuza.org\/de\/#organization"},"potentialAction":[{"@type":"SearchAction","target":{"@type":"EntryPoint","urlTemplate":"https:\/\/chemuza.org\/de\/?s={search_term_string}"},"query-input":"required name=search_term_string"}],"inLanguage":"de"},{"@type":"Organization","@id":"https:\/\/chemuza.org\/de\/#organization","name":"Chemuza","url":"https:\/\/chemuza.org\/de\/","logo":{"@type":"ImageObject","inLanguage":"de","@id":"https:\/\/chemuza.org\/de\/#\/schema\/logo\/image\/","url":"https:\/\/chemuza.org\/de\/wp-content\/uploads\/2023\/10\/chemuza-logo.png","contentUrl":"https:\/\/chemuza.org\/de\/wp-content\/uploads\/2023\/10\/chemuza-logo.png","width":387,"height":70,"caption":"Chemuza"},"image":{"@id":"https:\/\/chemuza.org\/de\/#\/schema\/logo\/image\/"}}]}},"yoast_meta":{"yoast_wpseo_title":"","yoast_wpseo_metadesc":"","yoast_wpseo_canonical":""},"_links":{"self":[{"href":"https:\/\/chemuza.org\/de\/wp-json\/wp\/v2\/pages\/1571","targetHints":{"allow":["GET"]}}],"collection":[{"href":"https:\/\/chemuza.org\/de\/wp-json\/wp\/v2\/pages"}],"about":[{"href":"https:\/\/chemuza.org\/de\/wp-json\/wp\/v2\/types\/page"}],"author":[{"embeddable":true,"href":"https:\/\/chemuza.org\/de\/wp-json\/wp\/v2\/users\/1"}],"replies":[{"embeddable":true,"href":"https:\/\/chemuza.org\/de\/wp-json\/wp\/v2\/comments?post=1571"}],"version-history":[{"count":1,"href":"https:\/\/chemuza.org\/de\/wp-json\/wp\/v2\/pages\/1571\/revisions"}],"predecessor-version":[{"id":1655,"href":"https:\/\/chemuza.org\/de\/wp-json\/wp\/v2\/pages\/1571\/revisions\/1655"}],"wp:attachment":[{"href":"https:\/\/chemuza.org\/de\/wp-json\/wp\/v2\/media?parent=1571"}],"curies":[{"name":"wp","href":"https:\/\/api.w.org\/{rel}","templated":true}]}}