{"id":1570,"date":"2023-10-25T13:51:05","date_gmt":"2023-10-25T13:51:05","guid":{"rendered":"https:\/\/chemuza.org\/de\/neptunium\/"},"modified":"2023-10-25T13:51:05","modified_gmt":"2023-10-25T13:51:05","slug":"neptunium","status":"publish","type":"page","link":"https:\/\/chemuza.org\/de\/neptunium\/","title":{"rendered":"Neptunium"},"content":{"rendered":"<p>Derzeit sind rund 25 Isotope von Neptunium bekannt, die teilweise aus der Natur stammen. Der Gro\u00dfteil davon wird jedoch synthetisch im Labor hergestellt. Da es sich um ein spaltbares Element handelt, war es f\u00fcr die Raumfahrtindustrie und das Milit\u00e4r n\u00fctzlich. Hier finden Sie alle relevanten Informationen zu diesem chemischen Element.<\/p>\n<h2> <strong>Was ist Neptunium?<\/strong><\/h2>\n<p> Das chemische Element Neptunium ist ein transuranisches Element des Periodensystems, das in der Familie der Aktiniden an vierter Stelle steht. Seine Farbe ist silberwei\u00df, es hat chemische \u00c4hnlichkeiten mit Uran und bildet bin\u00e4re Verbindungen mit Kohlenstoff, Wasserstoff, Sauerstoff, Phosphor, Halogenen und Schwefel. Dar\u00fcber hinaus weist es unterschiedliche Oxidationsgrade auf, von +3 bis +7, wobei +5 am stabilsten ist.<\/p>\n<h3> <strong>Neptunium-Symbol<\/strong><\/h3>\n<p> <span class=\"content-chemical-element\" style=\"float: left;width: 65px;height: 65px;border: 3px solid #666; display:flex;\n    justify-content: center;align-items: center;margin-right: 15px;\"><span style=\"font-size: 38px;\">Np<\/span><\/span> Es befindet sich in Gruppe 3, Periode 7 des Periodensystems mit der Ordnungszahl 93 und einer Atommasse von 237. Es hat 24 Radioisotope, das stabilste ist Neptunium 237, das eine Halbwertszeit von 2,14 Millionen Jahren hat . Sein Name bezieht sich auf den Planeten und Gott des Meeres, laut antiken mythologischen Geschichten aus Rom.<\/p>\n<h2> <strong>Eigenschaften von Neptunium<\/strong><\/h2>\n<p> Es ist eines der reaktivsten Metalle, seine Ionen unterliegen der Hydrolyse und der Bildung von Koordinationsverbindungen. Bei normaler Temperatur und an der Luft oxidiert es an der Oberfl\u00e4che, die Oxidation nimmt jedoch mit steigender Temperatur zu. Sein Siedepunkt liegt \u00fcber 3000 Grad und im fl\u00fcssigen Zustand ist seine Temperatur h\u00f6her. Die anderen Eigenschaften von Neptunium sind:<\/p>\n<ul>\n<li> <strong>Chemische Reaktion:<\/strong> Es reagiert mit Sauerstoff und ist in der Lage, durch Zersetzung von Wasserdampf, auch mit S\u00e4uren, Wasserstoff freizusetzen.<\/li>\n<li> <strong>Glanz:<\/strong> metallisch.<\/li>\n<li> <strong>Zustand:<\/strong> Solide in seinem nat\u00fcrlichen Zustand.<\/li>\n<li> <strong>Struktur:<\/strong> orthorhombisch, tetragonal und kubisch.<\/li>\n<li> <strong>Schmelzpunkt:<\/strong> Relativ niedrig, Schmelzpunkt ca. 639 \u00b0C.<\/li>\n<\/ul>\n<h2> <strong>Chemische und physikalische Eigenschaften von Neptunium<\/strong><\/h2>\n<ol>\n<li> <strong>Ordnungszahl<\/strong> : 93<\/li>\n<li> <strong>Zeitraum:<\/strong> 7<\/li>\n<li> <strong>Block:<\/strong> f<\/li>\n<li> <strong>Durchschnittlicher Radius:<\/strong> 175<\/li>\n<li> <strong>Schmelzpunkt:<\/strong> 910 K<\/li>\n<li> <strong>Dichte:<\/strong> 20250 kg\/ <sup>m3<\/sup><\/li>\n<li> <strong>Elektronegativit\u00e4t:<\/strong> 1,36<\/li>\n<li> <strong>Schmelzenthalpie:<\/strong> 5,19 Kj\/mol<\/li>\n<li> <strong>Siedepunkt:<\/strong> 4273 K<\/li>\n<li> <strong>W\u00e4rmeleitf\u00e4higkeit:<\/strong> 6,3 W<\/li>\n<li> <strong>Elektronische Konfiguration:<\/strong> [Rn] 5f <sup>4<\/sup> 6d <sup>1<\/sup> 7s <sup>2<\/sup><\/li>\n<\/ol>\n<h2> <strong>Ursprung von Neptunium<\/strong><\/h2>\n<p> Die Entdeckung von Neptunium hatte H\u00f6hen und Tiefen und einer der gescheiterten Versuche erfolgte 1934 durch Enrico Fermi. Der Wissenschaftler behauptete f\u00e4lschlicherweise, das Element 93 entdeckt zu haben, und stellte damit die Hypothese auf, dass Uran mit Neutronen beschossen wurde.<\/p>\n<p> Dann, im Jahr 1938, behaupteten die Chemikerin Yvette Cauchois und die Physikerin Horia Hulubei, das Element in einer nat\u00fcrlichen Mineralprobe gefunden zu haben, doch das war eine falsche Information. Dann, im Jahr 1940, gelang es dem Chemiker Edwin Mattison McMillan und dem Physiker Philip Hauge Abelson zum ersten Mal, Uran mit hoher Geschwindigkeit mit Deuteronen zu bombardieren. Dazu verwendeten sie eine Maschine namens Zyklotron, um Neutronen abzubremsen und auf ein <sup>Uran-238-Target zu lenken.<\/sup><\/p>\n<h2> <strong>Wof\u00fcr wird Neptunium verwendet?<\/strong><\/h2>\n<p> Da es sich um ein spaltbares Metall handelt, wird es als Brennstoff f\u00fcr Atomwaffen sowie in der Milit\u00e4r- und Raumfahrtindustrie verwendet. Dar\u00fcber hinaus wird es in Physik- und Chemiestudien verwendet, aber aufgrund seiner Reaktivit\u00e4t und Gefahren ist der Einsatz von Neptunium nicht so umfangreich. Seine Hauptanwendungen sind hier zusammengefasst:<\/p>\n<h3> <strong>Industrie<\/strong><\/h3>\n<p> Wissenschaftler nutzen Neptunium 237 zur Herstellung von Plutonium 238, das zur Erzeugung von Kernenergie f\u00fcr die Raumfahrtindustrie verwendet wird. Es ist auch bei der Herstellung von Raumf\u00e4hren, Leuchtt\u00fcrmen und f\u00fcr den Antrieb von Satelliten n\u00fctzlich. Es wird sogar in der Kernphysikforschung verwendet, um ein Ger\u00e4t zu entwickeln, mit dem hochenergetische Neutronen nachgewiesen werden k\u00f6nnen.<\/p>\n<p> Obwohl man nicht sagen kann, dass mit Neptunium eine Atomwaffe hergestellt wurde, ist es wahr, dass im Jahr 2002 die erste Kernmasse mit diesem Metall und Uranschichten erzeugt wurde. Dies zeigt deutlich, dass dieses Element zur Herstellung von Bomben verwendet wird.<\/p>\n<h2> <strong>Wie wird Neptunium gewonnen?<\/strong><\/h2>\n<p> Das Element Neptunium f\u00e4llt in gro\u00dfen Mengen als Nebenprodukt bei der Herstellung von 239 Plutonium an. Um es in metallischer Form zu erhalten, muss Neptuniumtrifluorid mit Bariumdampf bei etwa 1,20 Grad Celsius reduziert werden.<\/p>\n<h2> <strong>Neptunium und Gesundheit<\/strong><\/h2>\n<p> Da es gef\u00e4hrlich und reaktiv ist, kann es zu t\u00f6dlichen Sch\u00e4den f\u00fchren, indem es sich im Verdauungstrakt, in der Leber und in den Knochen ansammelt und dort Krebs verursacht. Tats\u00e4chlich ist es aufgrund seiner Toxizit\u00e4t in der Lage, Schutzausr\u00fcstungen wie Handschuhe zu durchdringen, daher muss bei der Handhabung sehr vorsichtig vorgegangen werden.<\/p>\n<p> Zusammenfassend l\u00e4sst sich sagen, dass das Symbol f\u00fcr Neptunium Np ist und ein transuranisches Element im Periodensystem mit silberwei\u00dfer Farbe ist. Es wird nur in der Nuklear- und Raumfahrtindustrie verwendet, wird aber aufgrund seiner Reaktivit\u00e4t nicht im t\u00e4glichen Leben verwendet, da es schwere Gesundheitssch\u00e4den verursachen k\u00f6nnte.<\/p>\n","protected":false},"excerpt":{"rendered":"<p>Derzeit sind rund 25 Isotope von Neptunium bekannt, die teilweise aus der Natur stammen. Der Gro\u00dfteil davon wird jedoch synthetisch im Labor hergestellt. Da es sich um ein spaltbares Element handelt, war es f\u00fcr die Raumfahrtindustrie und das Milit\u00e4r n\u00fctzlich. Hier finden Sie alle relevanten Informationen zu diesem chemischen Element. Was ist Neptunium? Das chemische &#8230; <a title=\"Neptunium\" class=\"read-more\" href=\"https:\/\/chemuza.org\/de\/neptunium\/\" aria-label=\"Mehr zu Neptunium\">Mehr lesen<\/a><\/p>\n","protected":false},"author":1,"featured_media":0,"parent":0,"menu_order":0,"comment_status":"closed","ping_status":"closed","template":"","meta":{"footnotes":""},"class_list":["post-1570","page","type-page","status-publish"],"yoast_head":"<!-- This site is optimized with the Yoast SEO plugin v21.4 - https:\/\/yoast.com\/wordpress\/plugins\/seo\/ -->\n<title>Neptunium - Chemuza<\/title>\n<meta name=\"robots\" content=\"index, follow, max-snippet:-1, max-image-preview:large, max-video-preview:-1\" \/>\n<link rel=\"canonical\" href=\"https:\/\/chemuza.org\/de\/neptunium\/\" \/>\n<meta property=\"og:locale\" content=\"de_DE\" \/>\n<meta property=\"og:type\" content=\"article\" \/>\n<meta property=\"og:title\" content=\"Neptunium - Chemuza\" \/>\n<meta property=\"og:description\" content=\"Derzeit sind rund 25 Isotope von Neptunium bekannt, die teilweise aus der Natur stammen. Der Gro\u00dfteil davon wird jedoch synthetisch im Labor hergestellt. Da es sich um ein spaltbares Element handelt, war es f\u00fcr die Raumfahrtindustrie und das Milit\u00e4r n\u00fctzlich. Hier finden Sie alle relevanten Informationen zu diesem chemischen Element. Was ist Neptunium? Das chemische ... Mehr lesen\" \/>\n<meta property=\"og:url\" content=\"https:\/\/chemuza.org\/de\/neptunium\/\" \/>\n<meta property=\"og:site_name\" content=\"Chemuza\" \/>\n<meta name=\"twitter:card\" content=\"summary_large_image\" \/>\n<meta name=\"twitter:label1\" content=\"Gesch\u00e4tzte Lesezeit\" \/>\n\t<meta name=\"twitter:data1\" content=\"4\u00a0Minuten\" \/>\n<script type=\"application\/ld+json\" class=\"yoast-schema-graph\">{\"@context\":\"https:\/\/schema.org\",\"@graph\":[{\"@type\":\"WebPage\",\"@id\":\"https:\/\/chemuza.org\/de\/neptunium\/\",\"url\":\"https:\/\/chemuza.org\/de\/neptunium\/\",\"name\":\"Neptunium - Chemuza\",\"isPartOf\":{\"@id\":\"https:\/\/chemuza.org\/de\/#website\"},\"datePublished\":\"2023-10-25T13:51:05+00:00\",\"dateModified\":\"2023-10-25T13:51:05+00:00\",\"breadcrumb\":{\"@id\":\"https:\/\/chemuza.org\/de\/neptunium\/#breadcrumb\"},\"inLanguage\":\"de\",\"potentialAction\":[{\"@type\":\"ReadAction\",\"target\":[\"https:\/\/chemuza.org\/de\/neptunium\/\"]}]},{\"@type\":\"BreadcrumbList\",\"@id\":\"https:\/\/chemuza.org\/de\/neptunium\/#breadcrumb\",\"itemListElement\":[{\"@type\":\"ListItem\",\"position\":1,\"name\":\"Heim\",\"item\":\"https:\/\/chemuza.org\/de\/\"},{\"@type\":\"ListItem\",\"position\":2,\"name\":\"Neptunium\"}]},{\"@type\":\"WebSite\",\"@id\":\"https:\/\/chemuza.org\/de\/#website\",\"url\":\"https:\/\/chemuza.org\/de\/\",\"name\":\"Chemuza\",\"description\":\"Ihr Tor zur chemischen Entdeckung\",\"publisher\":{\"@id\":\"https:\/\/chemuza.org\/de\/#organization\"},\"potentialAction\":[{\"@type\":\"SearchAction\",\"target\":{\"@type\":\"EntryPoint\",\"urlTemplate\":\"https:\/\/chemuza.org\/de\/?s={search_term_string}\"},\"query-input\":\"required name=search_term_string\"}],\"inLanguage\":\"de\"},{\"@type\":\"Organization\",\"@id\":\"https:\/\/chemuza.org\/de\/#organization\",\"name\":\"Chemuza\",\"url\":\"https:\/\/chemuza.org\/de\/\",\"logo\":{\"@type\":\"ImageObject\",\"inLanguage\":\"de\",\"@id\":\"https:\/\/chemuza.org\/de\/#\/schema\/logo\/image\/\",\"url\":\"https:\/\/chemuza.org\/de\/wp-content\/uploads\/2023\/10\/chemuza-logo.png\",\"contentUrl\":\"https:\/\/chemuza.org\/de\/wp-content\/uploads\/2023\/10\/chemuza-logo.png\",\"width\":387,\"height\":70,\"caption\":\"Chemuza\"},\"image\":{\"@id\":\"https:\/\/chemuza.org\/de\/#\/schema\/logo\/image\/\"}}]}<\/script>\n<!-- \/ Yoast SEO plugin. -->","yoast_head_json":{"title":"Neptunium - Chemuza","robots":{"index":"index","follow":"follow","max-snippet":"max-snippet:-1","max-image-preview":"max-image-preview:large","max-video-preview":"max-video-preview:-1"},"canonical":"https:\/\/chemuza.org\/de\/neptunium\/","og_locale":"de_DE","og_type":"article","og_title":"Neptunium - Chemuza","og_description":"Derzeit sind rund 25 Isotope von Neptunium bekannt, die teilweise aus der Natur stammen. Der Gro\u00dfteil davon wird jedoch synthetisch im Labor hergestellt. Da es sich um ein spaltbares Element handelt, war es f\u00fcr die Raumfahrtindustrie und das Milit\u00e4r n\u00fctzlich. Hier finden Sie alle relevanten Informationen zu diesem chemischen Element. Was ist Neptunium? Das chemische ... Mehr lesen","og_url":"https:\/\/chemuza.org\/de\/neptunium\/","og_site_name":"Chemuza","twitter_card":"summary_large_image","twitter_misc":{"Gesch\u00e4tzte Lesezeit":"4\u00a0Minuten"},"schema":{"@context":"https:\/\/schema.org","@graph":[{"@type":"WebPage","@id":"https:\/\/chemuza.org\/de\/neptunium\/","url":"https:\/\/chemuza.org\/de\/neptunium\/","name":"Neptunium - Chemuza","isPartOf":{"@id":"https:\/\/chemuza.org\/de\/#website"},"datePublished":"2023-10-25T13:51:05+00:00","dateModified":"2023-10-25T13:51:05+00:00","breadcrumb":{"@id":"https:\/\/chemuza.org\/de\/neptunium\/#breadcrumb"},"inLanguage":"de","potentialAction":[{"@type":"ReadAction","target":["https:\/\/chemuza.org\/de\/neptunium\/"]}]},{"@type":"BreadcrumbList","@id":"https:\/\/chemuza.org\/de\/neptunium\/#breadcrumb","itemListElement":[{"@type":"ListItem","position":1,"name":"Heim","item":"https:\/\/chemuza.org\/de\/"},{"@type":"ListItem","position":2,"name":"Neptunium"}]},{"@type":"WebSite","@id":"https:\/\/chemuza.org\/de\/#website","url":"https:\/\/chemuza.org\/de\/","name":"Chemuza","description":"Ihr Tor zur chemischen Entdeckung","publisher":{"@id":"https:\/\/chemuza.org\/de\/#organization"},"potentialAction":[{"@type":"SearchAction","target":{"@type":"EntryPoint","urlTemplate":"https:\/\/chemuza.org\/de\/?s={search_term_string}"},"query-input":"required name=search_term_string"}],"inLanguage":"de"},{"@type":"Organization","@id":"https:\/\/chemuza.org\/de\/#organization","name":"Chemuza","url":"https:\/\/chemuza.org\/de\/","logo":{"@type":"ImageObject","inLanguage":"de","@id":"https:\/\/chemuza.org\/de\/#\/schema\/logo\/image\/","url":"https:\/\/chemuza.org\/de\/wp-content\/uploads\/2023\/10\/chemuza-logo.png","contentUrl":"https:\/\/chemuza.org\/de\/wp-content\/uploads\/2023\/10\/chemuza-logo.png","width":387,"height":70,"caption":"Chemuza"},"image":{"@id":"https:\/\/chemuza.org\/de\/#\/schema\/logo\/image\/"}}]}},"yoast_meta":{"yoast_wpseo_title":"","yoast_wpseo_metadesc":"","yoast_wpseo_canonical":""},"_links":{"self":[{"href":"https:\/\/chemuza.org\/de\/wp-json\/wp\/v2\/pages\/1570","targetHints":{"allow":["GET"]}}],"collection":[{"href":"https:\/\/chemuza.org\/de\/wp-json\/wp\/v2\/pages"}],"about":[{"href":"https:\/\/chemuza.org\/de\/wp-json\/wp\/v2\/types\/page"}],"author":[{"embeddable":true,"href":"https:\/\/chemuza.org\/de\/wp-json\/wp\/v2\/users\/1"}],"replies":[{"embeddable":true,"href":"https:\/\/chemuza.org\/de\/wp-json\/wp\/v2\/comments?post=1570"}],"version-history":[{"count":1,"href":"https:\/\/chemuza.org\/de\/wp-json\/wp\/v2\/pages\/1570\/revisions"}],"predecessor-version":[{"id":1659,"href":"https:\/\/chemuza.org\/de\/wp-json\/wp\/v2\/pages\/1570\/revisions\/1659"}],"wp:attachment":[{"href":"https:\/\/chemuza.org\/de\/wp-json\/wp\/v2\/media?parent=1570"}],"curies":[{"name":"wp","href":"https:\/\/api.w.org\/{rel}","templated":true}]}}