{"id":1569,"date":"2023-07-13T13:07:32","date_gmt":"2023-07-13T13:07:32","guid":{"rendered":"https:\/\/chemuza.org\/de\/protaktinium\/"},"modified":"2023-07-13T13:07:32","modified_gmt":"2023-07-13T13:07:32","slug":"protaktinium","status":"publish","type":"page","link":"https:\/\/chemuza.org\/de\/protaktinium\/","title":{"rendered":"Protaktinium"},"content":{"rendered":"<p>Protactinium ist eines der seltensten chemischen Elemente in der Natur. In der Erdkruste kommt es in einer Menge von etwa 0,00001 Teilen pro Milliarde vor. Es ist auch in Pechblende mit etwa 0,1 Teilen pro Million erh\u00e4ltlich. Dies macht es zu einem Material von gro\u00dfem monet\u00e4ren Wert, obwohl nur wenige Anwendungen bekannt sind. Erfahren Sie mehr \u00fcber dieses seltene Metall wie seinen Ursprung und seinen Platz im Periodensystem.<\/p>\n<h2> <strong>Was ist Protaktinium?<\/strong><\/h2>\n<p> Das Periodensystem Protactinium ist ein metallisches chemisches Element und geh\u00f6rt zur Gruppe der Aktiniden. Es hat eine silberne Farbe mit einem intensiven metallischen Glanz und sogar einigen Goldt\u00f6nen. Es liegt an dritter Stelle unter den Aktiniden und an erster Stelle, wo Elektronen vorkommen. Allerdings \u00e4hnelt sein Verhalten in w\u00e4ssriger L\u00f6sung dem von Niob und Tantal.<\/p>\n<h3> <strong>Protactinium-Symbol<\/strong><\/h3>\n<p> <span class=\"content-chemical-element\" style=\"float: left;width: 65px;height: 65px;border: 3px solid #666; display:flex;\n    justify-content: center;align-items: center;margin-right: 15px;\"><span style=\"font-size: 38px;\">Pa<\/span><\/span> Es befindet sich in der Gruppe 3 des Periodensystems mit der Ordnungszahl 91 und einer Atommasse von 200,59. Es enth\u00e4lt 29 Radioisotope, das stabilste ist 231 Pa mit einer Halbwertszeit von etwa 32.760 Jahren, 233 Pa mit einer Halbwertszeit von 26.967 Tagen und 230 Pa mit einer Halbwertszeit von nur 17,4 Tagen . Der Rest hat eine Lebensdauer von weniger als 1,6 Tagen und andere erreichen nur 1,8 Sekunden.<\/p>\n<h2> <strong>Eigenschaften von Protactinium<\/strong><\/h2>\n<p> Hey<strong> <\/strong>Das Protactinium-Element ist duktil und formbar und l\u00e4uft mit der Zeit nicht an, wenn es der Luft bei Raumtemperatur ausgesetzt wird. Seine thermische und elektrische Duktilit\u00e4t und sein W\u00e4rmeausdehnungsverm\u00f6gen \u00e4hneln denen von Thorium und Uran. Zu den bemerkenswertesten Merkmalen geh\u00f6ren:<\/p>\n<ul>\n<li> <strong>Magnetismus:<\/strong> Bei Raumtemperatur ist es paramagnetisch, bei Abk\u00fchlung auf 182 K ist es jedoch ferromagnetisch.<\/li>\n<li> <strong>Chemische Reaktivit\u00e4t:<\/strong> Reagiert leicht mit Wasserdampf, anorganischen S\u00e4uren und Sauerstoff unter Bildung verschiedener Verbindungen.<\/li>\n<li> <strong>Glanz:<\/strong> metallisch.<\/li>\n<li> <strong>Kristallstruktur:<\/strong> orthorhombisch, tetragonal.<\/li>\n<li> <strong>Zustand:<\/strong> Es ist in seinem nat\u00fcrlichen Zustand solide.<\/li>\n<\/ul>\n<h2> <strong>Chemische und physikalische Eigenschaften von Protactinium<\/strong><\/h2>\n<ol>\n<li> <strong>Ordnungszahl<\/strong> : 91<\/li>\n<li> <strong>Zeitraum:<\/strong> 7<\/li>\n<li> <strong>Block:<\/strong> f<\/li>\n<li> <strong>Kovalenter Radius:<\/strong> 200<\/li>\n<li> <strong>Atomradius:<\/strong> 163<\/li>\n<li> <strong>Durchschnittlicher Radius:<\/strong> 180<\/li>\n<li> <strong>Elektronegativit\u00e4t:<\/strong> 1,5<\/li>\n<li> <strong>Dichte:<\/strong> 15370 kg\/ <sup>m3<\/sup><\/li>\n<li> <strong>Schmelzpunkt:<\/strong> 2113K<\/li>\n<li> <strong>Siedepunkt:<\/strong> 4300 K<\/li>\n<li> <strong>Schmelzenthalpie:<\/strong> 15 Kj\/mol<\/li>\n<li> <strong>Spezifische W\u00e4rme:<\/strong> 120 J<\/li>\n<li> <strong>Dampfdruck:<\/strong> 5,1 x 10 <sup>-5<\/sup> Pa bei 2200 K<\/li>\n<li> <strong>Elektronische Konfiguration:<\/strong> [Rn] 7s <sup>2<\/sup> 5f <sup>2<\/sup> 6d <sup>1<\/sup><\/li>\n<li> <strong>W\u00e4rmeleitf\u00e4higkeit:<\/strong> 5,29 x 10 <sup>6<\/sup> m <sup>-1<\/sup> S\/m<\/li>\n<li> <strong>Verdampfungsenthalpie:<\/strong> 470 kJ\/mol<\/li>\n<\/ol>\n<h2> <strong>Ursprung von Protaktinium<\/strong><\/h2>\n<p> Im Jahr 1871 sagte der russische Erfinder und Chemiker Dmitri Mendelejew etwas voraus, das die ganze Welt in Erstaunen versetzen w\u00fcrde. Er sagte, es m\u00fcsse ein neues Element im Periodensystem geben und es m\u00fcsse eine Verbindung zwischen Uran und Thorium herstellen. Dann, im Jahr 1900, best\u00e4tigte der englische Chemiker William Crookes Mendeleevs Worte, indem er Protactinium nahm und es als radioaktives Element isolierte, das von Uran gebildet wurde, obwohl er es zu diesem Zeitpunkt nicht identifizieren konnte.<\/p>\n<p> Sp\u00e4ter, im Jahr 1913, fanden die Chemiker Oswald Helmuth Gohring und Kasimir Fajans, die die Zerfallskette von Uran-238 untersuchten, das Isotop 234 mPa mit einer Halbwertszeit von 1,17 Minuten. Aus diesem Grund gaben sie ihm den Namen Brevium, was kurzes oder kurzes Leben bedeutet.<\/p>\n<p> Schlie\u00dflich wurde der Name 1918 in Protactinium ge\u00e4ndert, als die Wissenschaftler Lise Meitner, John Cranston, Otto Hahn und Frederick Soddy unabh\u00e4ngig voneinander das Element Pa 231 mit einer Lebensdauer von etwa 32.000 Jahren entdeckten. Dann, im Jahr 1949, beschlossen sie, den Namen auf Protactinio zu verk\u00fcrzen.<\/p>\n<h2> <strong>Wof\u00fcr wird Protactinium verwendet?<\/strong><\/h2>\n<p> Da dieses Element sehr selten ist, ist es schwierig und teuer, es in seiner nat\u00fcrlichen Form zu gewinnen. Dieser Faktor f\u00fchrt dazu, dass au\u00dfer in der wissenschaftlichen Forschung bisher keine Anwendungen bekannt sind. Dar\u00fcber hinaus ist es aufgrund seiner hohen Toxizit\u00e4t gef\u00e4hrlich f\u00fcr den menschlichen Umgang.<\/p>\n<p> In der Vergangenheit wurde versucht, das Isotop 231 Pa zur Herstellung von Atomwaffen zu nutzen, weil man glaubte, dass es solchen Reaktionen standhalten k\u00f6nne. Einige Untersuchungen ergaben jedoch, dass es zu Kritikalit\u00e4t oder einer Kettenreaktion kommen k\u00f6nnte, weshalb auf weitere Experimente verzichtet wurde.<\/p>\n<h2> <strong>Ursprung des Namens Protactinium<\/strong><\/h2>\n<p> Sein Name leitet sich vom Wort actinium und dem griechischen Begriff protos ab. Durch die Verbindung dieser beiden Begriffe bedeutet es \u201eVater von Actnium\u201c. Es wird so genannt, weil es aus dem Alpha-Zerfall von Protactinium stammt.<\/p>\n<h3> <strong>Gesundheitliche Auswirkungen von Protactinium<\/strong><\/h3>\n<p> Im Allgemeinen ist Protactinium gesundheitsgef\u00e4hrdend, da es Krebs und Tod verursachen kann. Aus diesem Grund m\u00fcssen Sie f\u00fcr die Handhabung ein wasserdichtes Handschuhfach verwenden, also eine Kabine, in der mit gef\u00e4hrlichen Gegenst\u00e4nden umgegangen wird. Dar\u00fcber hinaus kann es \u00fcber Wasser, Atemluft und Nahrung in den K\u00f6rper gelangen. Selbst kleine Fraktionen dieses Elements, die in die Lunge eingeatmet werden, k\u00f6nnen in den Blutkreislauf und in andere Organe wie das Skelett, die Leber und die Nieren gelangen.<\/p>\n<p> Kurz gesagt, das Symbol von Protactinium ist Pa und es ist ein chemisches Element im Periodensystem und geh\u00f6rt aufgrund seiner geringen Menge in der Natur zu den seltenen Metallen. Seine Farbe ist silbern mit metallischem Glanz und seine Anwendungen sind bis heute unbekannt.<\/p>\n","protected":false},"excerpt":{"rendered":"<p>Protactinium ist eines der seltensten chemischen Elemente in der Natur. In der Erdkruste kommt es in einer Menge von etwa 0,00001 Teilen pro Milliarde vor. Es ist auch in Pechblende mit etwa 0,1 Teilen pro Million erh\u00e4ltlich. Dies macht es zu einem Material von gro\u00dfem monet\u00e4ren Wert, obwohl nur wenige Anwendungen bekannt sind. Erfahren Sie &#8230; <a title=\"Protaktinium\" class=\"read-more\" href=\"https:\/\/chemuza.org\/de\/protaktinium\/\" aria-label=\"Mehr zu Protaktinium\">Mehr lesen<\/a><\/p>\n","protected":false},"author":1,"featured_media":0,"parent":0,"menu_order":0,"comment_status":"closed","ping_status":"closed","template":"","meta":{"footnotes":""},"class_list":["post-1569","page","type-page","status-publish"],"yoast_head":"<!-- This site is optimized with the Yoast SEO plugin v21.4 - https:\/\/yoast.com\/wordpress\/plugins\/seo\/ -->\n<title>Protaktinium - Chemuza<\/title>\n<meta name=\"robots\" content=\"index, follow, max-snippet:-1, max-image-preview:large, max-video-preview:-1\" \/>\n<link rel=\"canonical\" href=\"https:\/\/chemuza.org\/de\/protaktinium\/\" \/>\n<meta property=\"og:locale\" content=\"de_DE\" \/>\n<meta property=\"og:type\" content=\"article\" \/>\n<meta property=\"og:title\" content=\"Protaktinium - Chemuza\" \/>\n<meta property=\"og:description\" content=\"Protactinium ist eines der seltensten chemischen Elemente in der Natur. In der Erdkruste kommt es in einer Menge von etwa 0,00001 Teilen pro Milliarde vor. Es ist auch in Pechblende mit etwa 0,1 Teilen pro Million erh\u00e4ltlich. Dies macht es zu einem Material von gro\u00dfem monet\u00e4ren Wert, obwohl nur wenige Anwendungen bekannt sind. Erfahren Sie ... Mehr lesen\" \/>\n<meta property=\"og:url\" content=\"https:\/\/chemuza.org\/de\/protaktinium\/\" \/>\n<meta property=\"og:site_name\" content=\"Chemuza\" \/>\n<meta name=\"twitter:card\" content=\"summary_large_image\" \/>\n<meta name=\"twitter:label1\" content=\"Gesch\u00e4tzte Lesezeit\" \/>\n\t<meta name=\"twitter:data1\" content=\"4\u00a0Minuten\" \/>\n<script type=\"application\/ld+json\" class=\"yoast-schema-graph\">{\"@context\":\"https:\/\/schema.org\",\"@graph\":[{\"@type\":\"WebPage\",\"@id\":\"https:\/\/chemuza.org\/de\/protaktinium\/\",\"url\":\"https:\/\/chemuza.org\/de\/protaktinium\/\",\"name\":\"Protaktinium - Chemuza\",\"isPartOf\":{\"@id\":\"https:\/\/chemuza.org\/de\/#website\"},\"datePublished\":\"2023-07-13T13:07:32+00:00\",\"dateModified\":\"2023-07-13T13:07:32+00:00\",\"breadcrumb\":{\"@id\":\"https:\/\/chemuza.org\/de\/protaktinium\/#breadcrumb\"},\"inLanguage\":\"de\",\"potentialAction\":[{\"@type\":\"ReadAction\",\"target\":[\"https:\/\/chemuza.org\/de\/protaktinium\/\"]}]},{\"@type\":\"BreadcrumbList\",\"@id\":\"https:\/\/chemuza.org\/de\/protaktinium\/#breadcrumb\",\"itemListElement\":[{\"@type\":\"ListItem\",\"position\":1,\"name\":\"Heim\",\"item\":\"https:\/\/chemuza.org\/de\/\"},{\"@type\":\"ListItem\",\"position\":2,\"name\":\"Protaktinium\"}]},{\"@type\":\"WebSite\",\"@id\":\"https:\/\/chemuza.org\/de\/#website\",\"url\":\"https:\/\/chemuza.org\/de\/\",\"name\":\"Chemuza\",\"description\":\"Ihr Tor zur chemischen Entdeckung\",\"publisher\":{\"@id\":\"https:\/\/chemuza.org\/de\/#organization\"},\"potentialAction\":[{\"@type\":\"SearchAction\",\"target\":{\"@type\":\"EntryPoint\",\"urlTemplate\":\"https:\/\/chemuza.org\/de\/?s={search_term_string}\"},\"query-input\":\"required name=search_term_string\"}],\"inLanguage\":\"de\"},{\"@type\":\"Organization\",\"@id\":\"https:\/\/chemuza.org\/de\/#organization\",\"name\":\"Chemuza\",\"url\":\"https:\/\/chemuza.org\/de\/\",\"logo\":{\"@type\":\"ImageObject\",\"inLanguage\":\"de\",\"@id\":\"https:\/\/chemuza.org\/de\/#\/schema\/logo\/image\/\",\"url\":\"https:\/\/chemuza.org\/de\/wp-content\/uploads\/2023\/10\/chemuza-logo.png\",\"contentUrl\":\"https:\/\/chemuza.org\/de\/wp-content\/uploads\/2023\/10\/chemuza-logo.png\",\"width\":387,\"height\":70,\"caption\":\"Chemuza\"},\"image\":{\"@id\":\"https:\/\/chemuza.org\/de\/#\/schema\/logo\/image\/\"}}]}<\/script>\n<!-- \/ Yoast SEO plugin. -->","yoast_head_json":{"title":"Protaktinium - Chemuza","robots":{"index":"index","follow":"follow","max-snippet":"max-snippet:-1","max-image-preview":"max-image-preview:large","max-video-preview":"max-video-preview:-1"},"canonical":"https:\/\/chemuza.org\/de\/protaktinium\/","og_locale":"de_DE","og_type":"article","og_title":"Protaktinium - Chemuza","og_description":"Protactinium ist eines der seltensten chemischen Elemente in der Natur. In der Erdkruste kommt es in einer Menge von etwa 0,00001 Teilen pro Milliarde vor. Es ist auch in Pechblende mit etwa 0,1 Teilen pro Million erh\u00e4ltlich. Dies macht es zu einem Material von gro\u00dfem monet\u00e4ren Wert, obwohl nur wenige Anwendungen bekannt sind. Erfahren Sie ... Mehr lesen","og_url":"https:\/\/chemuza.org\/de\/protaktinium\/","og_site_name":"Chemuza","twitter_card":"summary_large_image","twitter_misc":{"Gesch\u00e4tzte Lesezeit":"4\u00a0Minuten"},"schema":{"@context":"https:\/\/schema.org","@graph":[{"@type":"WebPage","@id":"https:\/\/chemuza.org\/de\/protaktinium\/","url":"https:\/\/chemuza.org\/de\/protaktinium\/","name":"Protaktinium - Chemuza","isPartOf":{"@id":"https:\/\/chemuza.org\/de\/#website"},"datePublished":"2023-07-13T13:07:32+00:00","dateModified":"2023-07-13T13:07:32+00:00","breadcrumb":{"@id":"https:\/\/chemuza.org\/de\/protaktinium\/#breadcrumb"},"inLanguage":"de","potentialAction":[{"@type":"ReadAction","target":["https:\/\/chemuza.org\/de\/protaktinium\/"]}]},{"@type":"BreadcrumbList","@id":"https:\/\/chemuza.org\/de\/protaktinium\/#breadcrumb","itemListElement":[{"@type":"ListItem","position":1,"name":"Heim","item":"https:\/\/chemuza.org\/de\/"},{"@type":"ListItem","position":2,"name":"Protaktinium"}]},{"@type":"WebSite","@id":"https:\/\/chemuza.org\/de\/#website","url":"https:\/\/chemuza.org\/de\/","name":"Chemuza","description":"Ihr Tor zur chemischen Entdeckung","publisher":{"@id":"https:\/\/chemuza.org\/de\/#organization"},"potentialAction":[{"@type":"SearchAction","target":{"@type":"EntryPoint","urlTemplate":"https:\/\/chemuza.org\/de\/?s={search_term_string}"},"query-input":"required name=search_term_string"}],"inLanguage":"de"},{"@type":"Organization","@id":"https:\/\/chemuza.org\/de\/#organization","name":"Chemuza","url":"https:\/\/chemuza.org\/de\/","logo":{"@type":"ImageObject","inLanguage":"de","@id":"https:\/\/chemuza.org\/de\/#\/schema\/logo\/image\/","url":"https:\/\/chemuza.org\/de\/wp-content\/uploads\/2023\/10\/chemuza-logo.png","contentUrl":"https:\/\/chemuza.org\/de\/wp-content\/uploads\/2023\/10\/chemuza-logo.png","width":387,"height":70,"caption":"Chemuza"},"image":{"@id":"https:\/\/chemuza.org\/de\/#\/schema\/logo\/image\/"}}]}},"yoast_meta":{"yoast_wpseo_title":"","yoast_wpseo_metadesc":"","yoast_wpseo_canonical":""},"_links":{"self":[{"href":"https:\/\/chemuza.org\/de\/wp-json\/wp\/v2\/pages\/1569","targetHints":{"allow":["GET"]}}],"collection":[{"href":"https:\/\/chemuza.org\/de\/wp-json\/wp\/v2\/pages"}],"about":[{"href":"https:\/\/chemuza.org\/de\/wp-json\/wp\/v2\/types\/page"}],"author":[{"embeddable":true,"href":"https:\/\/chemuza.org\/de\/wp-json\/wp\/v2\/users\/1"}],"replies":[{"embeddable":true,"href":"https:\/\/chemuza.org\/de\/wp-json\/wp\/v2\/comments?post=1569"}],"version-history":[{"count":0,"href":"https:\/\/chemuza.org\/de\/wp-json\/wp\/v2\/pages\/1569\/revisions"}],"wp:attachment":[{"href":"https:\/\/chemuza.org\/de\/wp-json\/wp\/v2\/media?parent=1569"}],"curies":[{"name":"wp","href":"https:\/\/api.w.org\/{rel}","templated":true}]}}