{"id":1568,"date":"2023-10-25T13:51:20","date_gmt":"2023-10-25T13:51:20","guid":{"rendered":"https:\/\/chemuza.org\/de\/dubnium\/"},"modified":"2023-10-25T13:51:20","modified_gmt":"2023-10-25T13:51:20","slug":"dubnium","status":"publish","type":"page","link":"https:\/\/chemuza.org\/de\/dubnium\/","title":{"rendered":"Dubnium"},"content":{"rendered":"<p>Dubnium ist ein radioaktives synthetisches Element, das in der Erdkruste nicht vorkommt. Da es eine durchschnittliche Lebensdauer von 34 Sekunden hat, sind seine Auswirkungen auf Mensch und Umwelt unbekannt. Dar\u00fcber hinaus ist es in Gegenwart anderer Elemente sehr instabil, was die Bildung von Verbindungen verhindert. Entdecken Sie in diesem Artikel seine Eigenschaften, seine Eigenschaften und warum seine Entdeckung Kontroversen ausl\u00f6ste.<\/p>\n<h2> <strong>Was ist Dubnium?<\/strong><\/h2>\n<p> Es ist ein chemisches Element mit der Ordnungszahl 105, das zu den \u00dcbergangsmetallen des Periodensystems geh\u00f6rt. Es ist ein Transactinid-Element, das hei\u00dft, es verf\u00fcgt sowohl \u00fcber metallische als auch \u00fcber Actinid-Eigenschaften. Es enth\u00e4lt 12 instabile Isotope, darunter 2.568 dB, es ist mit einer Lebensdauer von 25 Stunden das stabilste.<\/p>\n<h3> <strong>Dubnium-Symbol<\/strong><\/h3>\n<p> <span class=\"content-chemical-element\" style=\"float: left;width: 65px;height: 65px;border: 3px solid #666; display:flex;\n    justify-content: center;align-items: center;margin-right: 15px;\"><span style=\"font-size: 38px;\">Db<\/span><\/span> Es erh\u00e4lt diesen Namen, weil seine chemischen Eigenschaften am Zentralen Kernforschungsinstitut in Dubna, Russland, festgestellt wurden. Als sein Name entdeckt wurde, l\u00f6ste er Kontroversen aus, da die Gruppe sowjetischer Wissenschaftler ihn Nielsbohrio nennen wollte und die Amerikaner den Titel Hahnio w\u00e4hlten.<\/p>\n<h2> <strong>Eigenschaften von Dubnium<\/strong><\/h2>\n<p> Das chemische Element Dubnium befindet sich in Gruppe D und Gruppe 5 des Periodensystems. Es handelt sich um ein \u00dcbergangsmetall mit \u00e4hnlichen Eigenschaften wie Tantal. Dar\u00fcber hinaus zerfallen seine Isotope innerhalb von Sekunden und emittieren Alphateilchen mit ausreichend Energie. Es ist sehr schwer und radioaktiv. Weitere Funktionen sind:<\/p>\n<ul>\n<li> <strong>Zustand<\/strong> : Vermutlich solide und schwer.<\/li>\n<li> <strong>Farbe<\/strong> : Silberwei\u00df.<\/li>\n<li> <strong>Geschmack und Geruch<\/strong> : Aufgrund der geringen Pr\u00e4senz konnten diese Eigenschaften nicht \u00fcberpr\u00fcft werden.<\/li>\n<li> <strong>Toxizit\u00e4t<\/strong> : Hoch, da es radioaktiv ist und Alphateilchen emittiert.<\/li>\n<li> <strong>Reaktivit\u00e4t<\/strong> : M\u00e4\u00dfig.<\/li>\n<li> <strong>Struktur<\/strong> : Es hat eine zentrierte Kristallstruktur.<\/li>\n<li> <strong>Zusammensetzung<\/strong> : Bestehend aus 105 Protonen und Elektronen mit 7 hohen Energieniveaus sowie 163 Neutronen.<\/li>\n<li> <strong>L\u00f6slichkeit<\/strong> : Nicht mit Sicherheit bekannt.<\/li>\n<\/ul>\n<h2> <strong>Chemische und physikalische Eigenschaften von Dubnium<\/strong><\/h2>\n<ol>\n<li> <strong>Ordnungszahl<\/strong> : 105<\/li>\n<li> <strong>Zeitraum<\/strong> : 7<\/li>\n<li> <strong>Blockieren<\/strong> \ud83d\ude00<\/li>\n<li> <strong>Gruppe<\/strong> : 5<\/li>\n<li> <strong>Schmelzpunkt:<\/strong> 3000\u00b0C<\/li>\n<li> <strong>Atomradius:<\/strong> 139h<\/li>\n<li> <strong>Oxidationsstufe<\/strong> : 5, 4, 3<\/li>\n<li> <strong>Kovalenter Radius (\u00c5):<\/strong> 149<strong> <\/strong>Nachmittag<\/li>\n<li> <strong>Durchschnittlicher Radius:<\/strong> Unbekannt.<\/li>\n<li> <strong>Atommasse (g\/mol):<\/strong> 262 u<\/li>\n<li> <strong>Dichte:<\/strong> 29300 kg\/m\u00b3<\/li>\n<li> <strong>Siedepunkt:<\/strong> 5700\u00b0C<\/li>\n<li> <strong>Elektronische Konfiguration:<\/strong> [Rn] 5f14 6d3 7s2<\/li>\n<li> <strong>Erstes Ionisationspotential<\/strong> (eV): Nicht angegeben <strong>.<\/strong><\/li>\n<li> <strong>Elektronen pro Schicht:<\/strong> 2, 8, 18, 32, 32, 11, 2<\/li>\n<li> <strong>Elektronegativit\u00e4t:<\/strong> Unbekannt.<\/li>\n<li> <strong>W\u00e4rmeleitf\u00e4higkeit:<\/strong> Nicht berechnet.<\/li>\n<\/ol>\n<h2> <strong>Herkunft von Dubnium<\/strong><\/h2>\n<p> Das Element Dubnium wurde zwischen 1967 und 1970 von Albert Ghiorso und Georgii Flerov entdeckt. Die Veranstaltung fand am Zentralen Kernforschungsinstitut in Dubna, Russland, statt. Dort beschossen Wissenschaftler ein Isotop von Americium 243 mit Neon22-Ionen. Das Ergebnis war die Emission von Alpha-Aktivit\u00e4t von etwa 9,40 und 9,60 MeV oder Megaelektronenvolt. Sie best\u00e4tigten, dass diese Variationen von den Isotopen des Elements herr\u00fchren.<\/p>\n<p> Als das Element entdeckt wurde, kam es zu Kontroversen \u00fcber seinen Namen, da Amerikaner und Russen unterschiedliche Vorstellungen hatten. Die International Union of Pure Chemistry gab ihm jedoch 1997 offiziell den Namen Dubnium.<\/p>\n<h2> <strong>Wof\u00fcr wird Dubnium verwendet?<\/strong><\/h2>\n<p> Die Einsatzm\u00f6glichkeiten von Dubnium sind begrenzt, da nur wenige Anteile in der Umwelt verf\u00fcgbar sind. Seine Isotope sind so instabil, dass die wenigen durchgef\u00fchrten Analysen f\u00fcr experimentelle wissenschaftliche Forschung gedacht waren.<\/p>\n<h2> <strong>Wo kommt Dubnium vor?<\/strong><\/h2>\n<p> Die seltenen Proben dieses auf dem Planeten synthetisierten Elements befinden sich in wissenschaftlichen Infrastrukturen, die auf Strahlung spezialisiert sind. An diesen Orten werden Kernkollisionen mit Teilchenbeschleunigern durchgef\u00fchrt, um deren Isotope zu analysieren. Sie alle zerfallen schnell in andere leichte Elemente und setzen dort Energie frei.<\/p>\n<h2> <strong>Dubnium erhalten<\/strong><\/h2>\n<p> Es wird durch Beschuss des Isotops Californium 249 mit Stickstoff-15-Ionen gewonnen, was eine minimale Probe ergibt. Dar\u00fcber hinaus besteht eine andere Methode darin, Calcium 48 zu verwenden, um mehr Isotope des Elements zu erhalten und es l\u00e4nger zu synthetisieren.<\/p>\n<h2> <strong>Auswirkungen von Dubnium auf die Gesundheit<\/strong><\/h2>\n<p> Aufgrund der Instabilit\u00e4t des Elements und der Tatsache, dass es innerhalb von Sekunden zerf\u00e4llt, ist es unwahrscheinlich, dass es die menschliche Gesundheit beeintr\u00e4chtigt oder ein Schadstoff in der Natur ist. Die einzige zu ber\u00fccksichtigende Vorsichtsma\u00dfnahme ist die Verwendung spezieller Ger\u00e4te beim Umgang mit Ihren radioaktiven Proben im Labor.<\/p>\n<h2> <strong>Fakten zum Dubniumelement<\/strong><\/h2>\n<p> Vor dem Streit um seinen Namen hie\u00df das Element Eka-Tantal, da es \u00e4hnliche Eigenschaften aufweist. Die wenigen durchgef\u00fchrten Studien gehen von minimalen Spuren aus. Weitere interessante Daten sind:<\/p>\n<ul>\n<li> Das sowjetische Team nannte ihn Mitte der 1970er Jahre Nielsbohrio, Symbol Ns, nach dem Wissenschaftler Niels Bohr.<\/li>\n<li> Die American Chemical Society nannte es Hahnio zu Ehren des deutschen Wissenschaftlers Otto Hahn.<\/li>\n<li> Im April 1970 best\u00e4tigten Chemiker alle chemischen Eigenschaften des Elements, indem sie seine verschiedenen Zersetzungsarten untersuchten.<\/li>\n<li> Untersuchungen der Atome dieses Elements haben gezeigt, dass Stickstoffkerne 4 Neutronen emittieren, die in nur 2 Sekunden zerfallen.<\/li>\n<\/ul>\n<p> Schlie\u00dflich handelt es sich bei diesem Element um ein \u00dcbergangsmetall mit aktinischen Eigenschaften, weshalb es Transaktinid genannt wird. Es gibt nur wenige Anwendungen von Dubnium, da es immer noch Gegenstand von Analysen ist, um alle seine Eigenschaften genau zu kennen.<\/p>\n","protected":false},"excerpt":{"rendered":"<p>Dubnium ist ein radioaktives synthetisches Element, das in der Erdkruste nicht vorkommt. Da es eine durchschnittliche Lebensdauer von 34 Sekunden hat, sind seine Auswirkungen auf Mensch und Umwelt unbekannt. Dar\u00fcber hinaus ist es in Gegenwart anderer Elemente sehr instabil, was die Bildung von Verbindungen verhindert. Entdecken Sie in diesem Artikel seine Eigenschaften, seine Eigenschaften und &#8230; <a title=\"Dubnium\" class=\"read-more\" href=\"https:\/\/chemuza.org\/de\/dubnium\/\" aria-label=\"Mehr zu Dubnium\">Mehr lesen<\/a><\/p>\n","protected":false},"author":1,"featured_media":0,"parent":0,"menu_order":0,"comment_status":"closed","ping_status":"closed","template":"","meta":{"footnotes":""},"class_list":["post-1568","page","type-page","status-publish"],"yoast_head":"<!-- This site is optimized with the Yoast SEO plugin v21.4 - https:\/\/yoast.com\/wordpress\/plugins\/seo\/ -->\n<title>Dubnium - Chemuza<\/title>\n<meta name=\"robots\" content=\"index, follow, max-snippet:-1, max-image-preview:large, max-video-preview:-1\" \/>\n<link rel=\"canonical\" href=\"https:\/\/chemuza.org\/de\/dubnium\/\" \/>\n<meta property=\"og:locale\" content=\"de_DE\" \/>\n<meta property=\"og:type\" content=\"article\" \/>\n<meta property=\"og:title\" content=\"Dubnium - Chemuza\" \/>\n<meta property=\"og:description\" content=\"Dubnium ist ein radioaktives synthetisches Element, das in der Erdkruste nicht vorkommt. Da es eine durchschnittliche Lebensdauer von 34 Sekunden hat, sind seine Auswirkungen auf Mensch und Umwelt unbekannt. Dar\u00fcber hinaus ist es in Gegenwart anderer Elemente sehr instabil, was die Bildung von Verbindungen verhindert. Entdecken Sie in diesem Artikel seine Eigenschaften, seine Eigenschaften und ... Mehr lesen\" \/>\n<meta property=\"og:url\" content=\"https:\/\/chemuza.org\/de\/dubnium\/\" \/>\n<meta property=\"og:site_name\" content=\"Chemuza\" \/>\n<meta name=\"twitter:card\" content=\"summary_large_image\" \/>\n<meta name=\"twitter:label1\" content=\"Gesch\u00e4tzte Lesezeit\" \/>\n\t<meta name=\"twitter:data1\" content=\"4\u00a0Minuten\" \/>\n<script type=\"application\/ld+json\" class=\"yoast-schema-graph\">{\"@context\":\"https:\/\/schema.org\",\"@graph\":[{\"@type\":\"WebPage\",\"@id\":\"https:\/\/chemuza.org\/de\/dubnium\/\",\"url\":\"https:\/\/chemuza.org\/de\/dubnium\/\",\"name\":\"Dubnium - Chemuza\",\"isPartOf\":{\"@id\":\"https:\/\/chemuza.org\/de\/#website\"},\"datePublished\":\"2023-10-25T13:51:20+00:00\",\"dateModified\":\"2023-10-25T13:51:20+00:00\",\"breadcrumb\":{\"@id\":\"https:\/\/chemuza.org\/de\/dubnium\/#breadcrumb\"},\"inLanguage\":\"de\",\"potentialAction\":[{\"@type\":\"ReadAction\",\"target\":[\"https:\/\/chemuza.org\/de\/dubnium\/\"]}]},{\"@type\":\"BreadcrumbList\",\"@id\":\"https:\/\/chemuza.org\/de\/dubnium\/#breadcrumb\",\"itemListElement\":[{\"@type\":\"ListItem\",\"position\":1,\"name\":\"Heim\",\"item\":\"https:\/\/chemuza.org\/de\/\"},{\"@type\":\"ListItem\",\"position\":2,\"name\":\"Dubnium\"}]},{\"@type\":\"WebSite\",\"@id\":\"https:\/\/chemuza.org\/de\/#website\",\"url\":\"https:\/\/chemuza.org\/de\/\",\"name\":\"Chemuza\",\"description\":\"Ihr Tor zur chemischen Entdeckung\",\"publisher\":{\"@id\":\"https:\/\/chemuza.org\/de\/#organization\"},\"potentialAction\":[{\"@type\":\"SearchAction\",\"target\":{\"@type\":\"EntryPoint\",\"urlTemplate\":\"https:\/\/chemuza.org\/de\/?s={search_term_string}\"},\"query-input\":\"required name=search_term_string\"}],\"inLanguage\":\"de\"},{\"@type\":\"Organization\",\"@id\":\"https:\/\/chemuza.org\/de\/#organization\",\"name\":\"Chemuza\",\"url\":\"https:\/\/chemuza.org\/de\/\",\"logo\":{\"@type\":\"ImageObject\",\"inLanguage\":\"de\",\"@id\":\"https:\/\/chemuza.org\/de\/#\/schema\/logo\/image\/\",\"url\":\"https:\/\/chemuza.org\/de\/wp-content\/uploads\/2023\/10\/chemuza-logo.png\",\"contentUrl\":\"https:\/\/chemuza.org\/de\/wp-content\/uploads\/2023\/10\/chemuza-logo.png\",\"width\":387,\"height\":70,\"caption\":\"Chemuza\"},\"image\":{\"@id\":\"https:\/\/chemuza.org\/de\/#\/schema\/logo\/image\/\"}}]}<\/script>\n<!-- \/ Yoast SEO plugin. -->","yoast_head_json":{"title":"Dubnium - Chemuza","robots":{"index":"index","follow":"follow","max-snippet":"max-snippet:-1","max-image-preview":"max-image-preview:large","max-video-preview":"max-video-preview:-1"},"canonical":"https:\/\/chemuza.org\/de\/dubnium\/","og_locale":"de_DE","og_type":"article","og_title":"Dubnium - Chemuza","og_description":"Dubnium ist ein radioaktives synthetisches Element, das in der Erdkruste nicht vorkommt. Da es eine durchschnittliche Lebensdauer von 34 Sekunden hat, sind seine Auswirkungen auf Mensch und Umwelt unbekannt. Dar\u00fcber hinaus ist es in Gegenwart anderer Elemente sehr instabil, was die Bildung von Verbindungen verhindert. Entdecken Sie in diesem Artikel seine Eigenschaften, seine Eigenschaften und ... Mehr lesen","og_url":"https:\/\/chemuza.org\/de\/dubnium\/","og_site_name":"Chemuza","twitter_card":"summary_large_image","twitter_misc":{"Gesch\u00e4tzte Lesezeit":"4\u00a0Minuten"},"schema":{"@context":"https:\/\/schema.org","@graph":[{"@type":"WebPage","@id":"https:\/\/chemuza.org\/de\/dubnium\/","url":"https:\/\/chemuza.org\/de\/dubnium\/","name":"Dubnium - Chemuza","isPartOf":{"@id":"https:\/\/chemuza.org\/de\/#website"},"datePublished":"2023-10-25T13:51:20+00:00","dateModified":"2023-10-25T13:51:20+00:00","breadcrumb":{"@id":"https:\/\/chemuza.org\/de\/dubnium\/#breadcrumb"},"inLanguage":"de","potentialAction":[{"@type":"ReadAction","target":["https:\/\/chemuza.org\/de\/dubnium\/"]}]},{"@type":"BreadcrumbList","@id":"https:\/\/chemuza.org\/de\/dubnium\/#breadcrumb","itemListElement":[{"@type":"ListItem","position":1,"name":"Heim","item":"https:\/\/chemuza.org\/de\/"},{"@type":"ListItem","position":2,"name":"Dubnium"}]},{"@type":"WebSite","@id":"https:\/\/chemuza.org\/de\/#website","url":"https:\/\/chemuza.org\/de\/","name":"Chemuza","description":"Ihr Tor zur chemischen Entdeckung","publisher":{"@id":"https:\/\/chemuza.org\/de\/#organization"},"potentialAction":[{"@type":"SearchAction","target":{"@type":"EntryPoint","urlTemplate":"https:\/\/chemuza.org\/de\/?s={search_term_string}"},"query-input":"required name=search_term_string"}],"inLanguage":"de"},{"@type":"Organization","@id":"https:\/\/chemuza.org\/de\/#organization","name":"Chemuza","url":"https:\/\/chemuza.org\/de\/","logo":{"@type":"ImageObject","inLanguage":"de","@id":"https:\/\/chemuza.org\/de\/#\/schema\/logo\/image\/","url":"https:\/\/chemuza.org\/de\/wp-content\/uploads\/2023\/10\/chemuza-logo.png","contentUrl":"https:\/\/chemuza.org\/de\/wp-content\/uploads\/2023\/10\/chemuza-logo.png","width":387,"height":70,"caption":"Chemuza"},"image":{"@id":"https:\/\/chemuza.org\/de\/#\/schema\/logo\/image\/"}}]}},"yoast_meta":{"yoast_wpseo_title":"","yoast_wpseo_metadesc":"","yoast_wpseo_canonical":""},"_links":{"self":[{"href":"https:\/\/chemuza.org\/de\/wp-json\/wp\/v2\/pages\/1568","targetHints":{"allow":["GET"]}}],"collection":[{"href":"https:\/\/chemuza.org\/de\/wp-json\/wp\/v2\/pages"}],"about":[{"href":"https:\/\/chemuza.org\/de\/wp-json\/wp\/v2\/types\/page"}],"author":[{"embeddable":true,"href":"https:\/\/chemuza.org\/de\/wp-json\/wp\/v2\/users\/1"}],"replies":[{"embeddable":true,"href":"https:\/\/chemuza.org\/de\/wp-json\/wp\/v2\/comments?post=1568"}],"version-history":[{"count":1,"href":"https:\/\/chemuza.org\/de\/wp-json\/wp\/v2\/pages\/1568\/revisions"}],"predecessor-version":[{"id":1620,"href":"https:\/\/chemuza.org\/de\/wp-json\/wp\/v2\/pages\/1568\/revisions\/1620"}],"wp:attachment":[{"href":"https:\/\/chemuza.org\/de\/wp-json\/wp\/v2\/media?parent=1568"}],"curies":[{"name":"wp","href":"https:\/\/api.w.org\/{rel}","templated":true}]}}