{"id":1567,"date":"2023-07-13T14:10:29","date_gmt":"2023-07-13T14:10:29","guid":{"rendered":"https:\/\/chemuza.org\/de\/rutherfordio\/"},"modified":"2023-07-13T14:10:29","modified_gmt":"2023-07-13T14:10:29","slug":"rutherfordio","status":"publish","type":"page","link":"https:\/\/chemuza.org\/de\/rutherfordio\/","title":{"rendered":"Rutherfordium"},"content":{"rendered":"<p>Es ist ein synthetisches Element des Periodensystems, das in der Natur nicht nat\u00fcrlich vorkommt. Es kann nur im Labor durch nuklearen Beschuss von Kohlenstoff-12-Kernen und dem Element Kalifornien 249 erzeugt werden. Erfahren Sie seine Eigenschaften, Eigenschaften und ob es heute n\u00fctzlich ist.<\/p>\n<h2> <strong>Was ist Rutherfordium?<\/strong><\/h2>\n<p> Rutherfordium hie\u00df fr\u00fcher Kurchatovioy und ist das zweite Element der 66 \u00dcbergangsmetalle im Periodensystem. Es gibt keine Isotope nat\u00fcrlichen Ursprungs, aber 12 Isotope wurden im Labor synthetisiert und die stabilsten sind <sup>261<\/sup> Rf, <sup>265<\/sup> Rf und <sup>263<\/sup> Rf, die eine Halbwertszeit von 10 Minuten haben. Sein Aussehen ist metallisch und silbrig, wei\u00df oder grau. Unter den Transactinid-Elementen ist es das erste und weist m\u00f6glicherweise einige \u00c4hnlichkeiten mit Hafnium auf.<\/p>\n<h3> <strong>Rutherfordium-Symbol<\/strong><\/h3>\n<p> <span class=\"content-chemical-element\" style=\"float: left;width: 65px;height: 65px;border: 3px solid #666; display:flex;\n    justify-content: center;align-items: center;margin-right: 15px;\"><span style=\"font-size: 38px;\">Rf<\/span><\/span> Es befindet sich in Gruppe 4 des Periodensystems mit der Ordnungszahl 104 und einer Atommasse von 261. Es geh\u00f6rt zu Block d und Periode 7 und unterliegt als Element dem radioaktiven Zerfall von Protonen, Betas, Alphas und spontaner Spaltung.<\/p>\n<h2> <strong>Eigenschaften von Rutherfordium<\/strong><\/h2>\n<p> Es weist eine hohe Reaktivit\u00e4t, eine hohe H\u00e4rte auf und ist ein guter W\u00e4rme- und Stromleiter. Dar\u00fcber hinaus sind seine Siede- und Schmelzpunkte hoch. Weitere Funktionen sind:<\/p>\n<ul>\n<li> <strong>Isotope<\/strong> : Alle sind synthetisch und radioaktiv.<\/li>\n<li> <strong>Gew\u00f6hnlicher Zustand:<\/strong> M\u00f6glicherweise solide.<\/li>\n<li> <strong>Aussehen<\/strong> : Es handelt sich um einen radioaktiven Kunststoff, der bei Umgebungsdruck und -temperatur fest ist.<\/li>\n<li> <strong>Kristallstruktur<\/strong> : Kompakt sechseckig wie Hafnium.<\/li>\n<li> <strong>Toxizit\u00e4t<\/strong> : Aufgrund seiner Reaktivit\u00e4t ist es gesundheitssch\u00e4dlich.<\/li>\n<\/ul>\n<h2> <strong>Chemische und physikalische Eigenschaften von Rutherfordium<\/strong><\/h2>\n<ol>\n<li> <strong>Ordnungszahl<\/strong> : 104<\/li>\n<li> <strong>Oxidationszahlen:<\/strong> +3, +4<\/li>\n<li> <strong>Dichte:<\/strong> gesch\u00e4tzt auf 23.000<\/li>\n<li> <strong>Neutronen:<\/strong> 157<\/li>\n<li> <strong>Elektronen:<\/strong> 104<\/li>\n<li> <strong>Protonen:<\/strong> 104<\/li>\n<li> <strong>Schmelzpunkt:<\/strong> 2100\u00b0C<\/li>\n<li> <strong>Siedepunkt:<\/strong> 5500\u00b0C<\/li>\n<li> <strong>Ionisierungsenergie:<\/strong> gesch\u00e4tzt auf 490<\/li>\n<li> <strong>Elektronische Konfiguration:<\/strong> Wahrscheinlich [Rn] 5f <sup>14<\/sup> 6d <sup>2<\/sup> 7s <sup>2<\/sup><\/li>\n<\/ol>\n<h2> <strong>Ursprung von Rutherfordium<\/strong><\/h2>\n<p> Die Entdeckung dieses Metalls war, wie auch andere, Gegenstand von Kontroversen. Im Jahr 1964 wurde es erstmals in Dubna, Russland, synthetisiert, als einige Wissenschaftler damit begannen, Plutonium 242 mit Neon-22-Ionen zu beschie\u00dfen. Sp\u00e4ter berichteten sie, dass in einem Spezialglas Spuren der Kernspaltung gefunden worden seien, was darauf hindeutete, dass es sich um ein neues Element handelte. Es wurde als <sup>260<\/sup> Rf-Isotop mit einer minimalen Lebensdauer von etwa 0,3 Sekunden identifiziert, die sp\u00e4ter auf 0,15 erh\u00f6ht wurde.<\/p>\n<h2> <strong>Wof\u00fcr wird Rutherfordium verwendet?<\/strong><\/h2>\n<p> Heutzutage hat dieses synthetische Element keine Verwendung mehr, sodass seine Verwendung auf die wissenschaftliche Forschung im Labor beschr\u00e4nkt ist. Dar\u00fcber hinaus ist sehr wenig dar\u00fcber bekannt, da es in der Natur nicht vorkommt und seine synthetischen Isotope sehr kurze Halbwertszeiten haben. Es werden jedoch weiterhin Studien zu Isotopen durchgef\u00fchrt, um deren Ausdehnung und Vermischung mit anderen Metallen zu untersuchen und so deren Verhalten zu bestimmen.<\/p>\n<h2> <strong>Herkunft des Namens Rutherford<\/strong><\/h2>\n<p> Zun\u00e4chst sorgte der Name f\u00fcr Kontroversen, da die Sowjets, die ihn in Dubna synthetisierten, vorschlugen, ihn zu Ehren von Igor Wassiljewitsch Kurtschatow Dubnio zu nennen. Stattdessen schlugen die Amerikaner Rutherfordium zu Ehren von Ernest Rutherford vor, dem ber\u00fchmten Kernphysiker und Vater der Kernphysik. Schlie\u00dflich erhielt er f\u00fcr das Jahr 1997 den Titel Rutherfordio.<\/p>\n<h2> <strong>Wie Rutherfordium gewonnen wird<\/strong><\/h2>\n<p> Dieses Element kommt in der Natur nicht nat\u00fcrlich vor, sondern wird nur im Labor durch Beschuss von Plutonium mit Neonionen, die auf 113 bis 115 MeV beschleunigt werden, gewonnen. Aus diesem Grund gilt es als synthetisches Element mit noch unbekannten Eigenschaften.<\/p>\n<h2> <strong>Wer hat Rutherfordium entdeckt?<\/strong><\/h2>\n<p> Im Jahr 1969 gaben die Forscher Nurmia, Kay Eskola, Albert Ghiorso und Pl Eskola an der University of California in Berkeley die Entstehung von zwei Isotopen des Elements 104 bekannt, die sich von dem in Dubna gefundenen unterscheiden. Sie synthetisierten das Element, indem sie bei bestimmten Hochenergiekollisionen Kohlenstoff-12 und Kalifornien-249 hinzuf\u00fcgten. Dieses Experiment ergab ein erstes Isotop mit einer Halbwertszeit von 4,5 Sekunden und das zweite ein Isotop mit einer Halbwertszeit von 3 bis 4 Sekunden.<\/p>\n<h2> <strong>Auswirkungen von Rutherfordium auf die Umwelt und die Gesundheit<\/strong><\/h2>\n<p> Da seine Lebensdauer sehr kurz ist und seine Isotope sehr instabil sind, ist es schwierig, seine m\u00f6glichen Auswirkungen auf die Umwelt oder den menschlichen K\u00f6rper genau zu bestimmen. Selbst jede gebildete Menge zersetzt sich schnell mit anderen Elementen. Bei Laborexperimenten werden jedoch bei der Handhabung die notwendigen Vorsichtsma\u00dfnahmen getroffen.<\/p>\n<p> Zusammenfassend l\u00e4sst sich sagen, dass es sich um ein k\u00fcnstliches Element handelt, das in wissenschaftlichen Forschungslabors geschaffen wurde. Es kommt in der Natur nicht vor und die Bildung von Isotopen ist mit gro\u00dfer Instabilit\u00e4t und kurzer Lebensdauer verbunden. Daher sind die Anwendungen von Rutherfordium noch unbekannt, obwohl noch Experimente durchgef\u00fchrt werden.<\/p>\n","protected":false},"excerpt":{"rendered":"<p>Es ist ein synthetisches Element des Periodensystems, das in der Natur nicht nat\u00fcrlich vorkommt. Es kann nur im Labor durch nuklearen Beschuss von Kohlenstoff-12-Kernen und dem Element Kalifornien 249 erzeugt werden. Erfahren Sie seine Eigenschaften, Eigenschaften und ob es heute n\u00fctzlich ist. Was ist Rutherfordium? Rutherfordium hie\u00df fr\u00fcher Kurchatovioy und ist das zweite Element der &#8230; <a title=\"Rutherfordium\" class=\"read-more\" href=\"https:\/\/chemuza.org\/de\/rutherfordio\/\" aria-label=\"Mehr zu Rutherfordium\">Mehr lesen<\/a><\/p>\n","protected":false},"author":1,"featured_media":0,"parent":0,"menu_order":0,"comment_status":"closed","ping_status":"closed","template":"","meta":{"footnotes":""},"class_list":["post-1567","page","type-page","status-publish"],"yoast_head":"<!-- This site is optimized with the Yoast SEO plugin v21.4 - https:\/\/yoast.com\/wordpress\/plugins\/seo\/ -->\n<title>Rutherfordium - Chemuza<\/title>\n<meta name=\"robots\" content=\"index, follow, max-snippet:-1, max-image-preview:large, max-video-preview:-1\" \/>\n<link rel=\"canonical\" href=\"https:\/\/chemuza.org\/de\/rutherfordio\/\" \/>\n<meta property=\"og:locale\" content=\"de_DE\" \/>\n<meta property=\"og:type\" content=\"article\" \/>\n<meta property=\"og:title\" content=\"Rutherfordium - Chemuza\" \/>\n<meta property=\"og:description\" content=\"Es ist ein synthetisches Element des Periodensystems, das in der Natur nicht nat\u00fcrlich vorkommt. Es kann nur im Labor durch nuklearen Beschuss von Kohlenstoff-12-Kernen und dem Element Kalifornien 249 erzeugt werden. Erfahren Sie seine Eigenschaften, Eigenschaften und ob es heute n\u00fctzlich ist. Was ist Rutherfordium? Rutherfordium hie\u00df fr\u00fcher Kurchatovioy und ist das zweite Element der ... Mehr lesen\" \/>\n<meta property=\"og:url\" content=\"https:\/\/chemuza.org\/de\/rutherfordio\/\" \/>\n<meta property=\"og:site_name\" content=\"Chemuza\" \/>\n<meta name=\"twitter:card\" content=\"summary_large_image\" \/>\n<meta name=\"twitter:label1\" content=\"Gesch\u00e4tzte Lesezeit\" \/>\n\t<meta name=\"twitter:data1\" content=\"4\u00a0Minuten\" \/>\n<script type=\"application\/ld+json\" class=\"yoast-schema-graph\">{\"@context\":\"https:\/\/schema.org\",\"@graph\":[{\"@type\":\"WebPage\",\"@id\":\"https:\/\/chemuza.org\/de\/rutherfordio\/\",\"url\":\"https:\/\/chemuza.org\/de\/rutherfordio\/\",\"name\":\"Rutherfordium - Chemuza\",\"isPartOf\":{\"@id\":\"https:\/\/chemuza.org\/de\/#website\"},\"datePublished\":\"2023-07-13T14:10:29+00:00\",\"dateModified\":\"2023-07-13T14:10:29+00:00\",\"breadcrumb\":{\"@id\":\"https:\/\/chemuza.org\/de\/rutherfordio\/#breadcrumb\"},\"inLanguage\":\"de\",\"potentialAction\":[{\"@type\":\"ReadAction\",\"target\":[\"https:\/\/chemuza.org\/de\/rutherfordio\/\"]}]},{\"@type\":\"BreadcrumbList\",\"@id\":\"https:\/\/chemuza.org\/de\/rutherfordio\/#breadcrumb\",\"itemListElement\":[{\"@type\":\"ListItem\",\"position\":1,\"name\":\"Heim\",\"item\":\"https:\/\/chemuza.org\/de\/\"},{\"@type\":\"ListItem\",\"position\":2,\"name\":\"Rutherfordium\"}]},{\"@type\":\"WebSite\",\"@id\":\"https:\/\/chemuza.org\/de\/#website\",\"url\":\"https:\/\/chemuza.org\/de\/\",\"name\":\"Chemuza\",\"description\":\"Ihr Tor zur chemischen Entdeckung\",\"publisher\":{\"@id\":\"https:\/\/chemuza.org\/de\/#organization\"},\"potentialAction\":[{\"@type\":\"SearchAction\",\"target\":{\"@type\":\"EntryPoint\",\"urlTemplate\":\"https:\/\/chemuza.org\/de\/?s={search_term_string}\"},\"query-input\":\"required name=search_term_string\"}],\"inLanguage\":\"de\"},{\"@type\":\"Organization\",\"@id\":\"https:\/\/chemuza.org\/de\/#organization\",\"name\":\"Chemuza\",\"url\":\"https:\/\/chemuza.org\/de\/\",\"logo\":{\"@type\":\"ImageObject\",\"inLanguage\":\"de\",\"@id\":\"https:\/\/chemuza.org\/de\/#\/schema\/logo\/image\/\",\"url\":\"https:\/\/chemuza.org\/de\/wp-content\/uploads\/2023\/10\/chemuza-logo.png\",\"contentUrl\":\"https:\/\/chemuza.org\/de\/wp-content\/uploads\/2023\/10\/chemuza-logo.png\",\"width\":387,\"height\":70,\"caption\":\"Chemuza\"},\"image\":{\"@id\":\"https:\/\/chemuza.org\/de\/#\/schema\/logo\/image\/\"}}]}<\/script>\n<!-- \/ Yoast SEO plugin. -->","yoast_head_json":{"title":"Rutherfordium - Chemuza","robots":{"index":"index","follow":"follow","max-snippet":"max-snippet:-1","max-image-preview":"max-image-preview:large","max-video-preview":"max-video-preview:-1"},"canonical":"https:\/\/chemuza.org\/de\/rutherfordio\/","og_locale":"de_DE","og_type":"article","og_title":"Rutherfordium - Chemuza","og_description":"Es ist ein synthetisches Element des Periodensystems, das in der Natur nicht nat\u00fcrlich vorkommt. Es kann nur im Labor durch nuklearen Beschuss von Kohlenstoff-12-Kernen und dem Element Kalifornien 249 erzeugt werden. Erfahren Sie seine Eigenschaften, Eigenschaften und ob es heute n\u00fctzlich ist. Was ist Rutherfordium? Rutherfordium hie\u00df fr\u00fcher Kurchatovioy und ist das zweite Element der ... Mehr lesen","og_url":"https:\/\/chemuza.org\/de\/rutherfordio\/","og_site_name":"Chemuza","twitter_card":"summary_large_image","twitter_misc":{"Gesch\u00e4tzte Lesezeit":"4\u00a0Minuten"},"schema":{"@context":"https:\/\/schema.org","@graph":[{"@type":"WebPage","@id":"https:\/\/chemuza.org\/de\/rutherfordio\/","url":"https:\/\/chemuza.org\/de\/rutherfordio\/","name":"Rutherfordium - Chemuza","isPartOf":{"@id":"https:\/\/chemuza.org\/de\/#website"},"datePublished":"2023-07-13T14:10:29+00:00","dateModified":"2023-07-13T14:10:29+00:00","breadcrumb":{"@id":"https:\/\/chemuza.org\/de\/rutherfordio\/#breadcrumb"},"inLanguage":"de","potentialAction":[{"@type":"ReadAction","target":["https:\/\/chemuza.org\/de\/rutherfordio\/"]}]},{"@type":"BreadcrumbList","@id":"https:\/\/chemuza.org\/de\/rutherfordio\/#breadcrumb","itemListElement":[{"@type":"ListItem","position":1,"name":"Heim","item":"https:\/\/chemuza.org\/de\/"},{"@type":"ListItem","position":2,"name":"Rutherfordium"}]},{"@type":"WebSite","@id":"https:\/\/chemuza.org\/de\/#website","url":"https:\/\/chemuza.org\/de\/","name":"Chemuza","description":"Ihr Tor zur chemischen Entdeckung","publisher":{"@id":"https:\/\/chemuza.org\/de\/#organization"},"potentialAction":[{"@type":"SearchAction","target":{"@type":"EntryPoint","urlTemplate":"https:\/\/chemuza.org\/de\/?s={search_term_string}"},"query-input":"required name=search_term_string"}],"inLanguage":"de"},{"@type":"Organization","@id":"https:\/\/chemuza.org\/de\/#organization","name":"Chemuza","url":"https:\/\/chemuza.org\/de\/","logo":{"@type":"ImageObject","inLanguage":"de","@id":"https:\/\/chemuza.org\/de\/#\/schema\/logo\/image\/","url":"https:\/\/chemuza.org\/de\/wp-content\/uploads\/2023\/10\/chemuza-logo.png","contentUrl":"https:\/\/chemuza.org\/de\/wp-content\/uploads\/2023\/10\/chemuza-logo.png","width":387,"height":70,"caption":"Chemuza"},"image":{"@id":"https:\/\/chemuza.org\/de\/#\/schema\/logo\/image\/"}}]}},"yoast_meta":{"yoast_wpseo_title":"","yoast_wpseo_metadesc":"","yoast_wpseo_canonical":""},"_links":{"self":[{"href":"https:\/\/chemuza.org\/de\/wp-json\/wp\/v2\/pages\/1567","targetHints":{"allow":["GET"]}}],"collection":[{"href":"https:\/\/chemuza.org\/de\/wp-json\/wp\/v2\/pages"}],"about":[{"href":"https:\/\/chemuza.org\/de\/wp-json\/wp\/v2\/types\/page"}],"author":[{"embeddable":true,"href":"https:\/\/chemuza.org\/de\/wp-json\/wp\/v2\/users\/1"}],"replies":[{"embeddable":true,"href":"https:\/\/chemuza.org\/de\/wp-json\/wp\/v2\/comments?post=1567"}],"version-history":[{"count":0,"href":"https:\/\/chemuza.org\/de\/wp-json\/wp\/v2\/pages\/1567\/revisions"}],"wp:attachment":[{"href":"https:\/\/chemuza.org\/de\/wp-json\/wp\/v2\/media?parent=1567"}],"curies":[{"name":"wp","href":"https:\/\/api.w.org\/{rel}","templated":true}]}}