{"id":1566,"date":"2023-10-25T13:51:20","date_gmt":"2023-10-25T13:51:20","guid":{"rendered":"https:\/\/chemuza.org\/de\/laurent\/"},"modified":"2023-10-25T13:51:20","modified_gmt":"2023-10-25T13:51:20","slug":"laurent","status":"publish","type":"page","link":"https:\/\/chemuza.org\/de\/laurent\/","title":{"rendered":"Laurence"},"content":{"rendered":"<p>Laurentium ist ein synthetisches Element, das in der Erdkruste nicht vorkommt und instabil ist, sodass es in Gegenwart anderer Verbindungen zerf\u00e4llt. Es zeichnet sich durch eine hohe Radioaktivit\u00e4t aus, weshalb es im Alltag nur wenige Anwendungen findet. Dar\u00fcber hinaus sind seine gesundheitlichen Auswirkungen nicht mit Sicherheit bekannt. Dennoch k\u00f6nnen wir mehr erfahren, indem wir seine Eigenschaften, Merkmale und Wege zu seiner Gewinnung beschreiben.<\/p>\n<h2> <strong>Was ist Laurencio?<\/strong><\/h2>\n<p> Als radioaktives chemisches Element geh\u00f6rt es zur Aktinidengruppe des Periodensystems. Es ist synthetisch, das hei\u00dft, es kommt in der Umwelt nicht nat\u00fcrlich vor. Dar\u00fcber hinaus hat es ein metallisches Aussehen und ist das schwerste seiner Gruppe. Es besteht aus 10 Isotopen, die alle radioaktiv sind und in der Umwelt in weniger als 3 Minuten zerfallen, mit Ausnahme von 266Lr, das in 11 Stunden zerf\u00e4llt.<\/p>\n<h3> <strong>Laurentius-Symbol<\/strong><\/h3>\n<p> <span class=\"content-chemical-element\" style=\"float: left;width: 65px;height: 65px;border: 3px solid #666; display:flex;\n    justify-content: center;align-items: center;margin-right: 15px;\"><span style=\"font-size: 38px;\">Lr<\/span><\/span> Es hei\u00dft so, weil es im Lawrence Radiation Laboratory der University of California entdeckt wurde. Urspr\u00fcnglich wurde ihm das Symbol Lw zugewiesen, doch 1997 best\u00e4tigte die International Union of Chemistry seinen Namen, Laurencio, mit dem Symbol Lr.<\/p>\n<h2> <strong>Eigenschaften von Laurencio<\/strong><\/h2>\n<p> Das Element Laurentium befindet sich in Gruppe 3, Block D des Periodensystems. Es tr\u00e4gt die Ordnungszahl 103 und weist ein \u00e4hnliches radioaktives Verhalten wie Lutetium auf. Es hat \u00fcbergangsmetallische Eigenschaften und ist aufgrund seiner atomaren Zusammensetzung sehr schwer. Dadurch ist es das einzige Element, das ein Atom in ein Ion umwandeln kann, wodurch seine Elektronen leicht extrahiert werden k\u00f6nnen. Weitere Funktionen sind:<\/p>\n<ul>\n<li> <strong>Zustand<\/strong> : Fest, kann jedoch in die fl\u00fcssige und gasf\u00f6rmige Phase \u00fcbergehen.<\/li>\n<li> <strong>Farbe<\/strong> : Grauwei\u00df mit Silbert\u00f6nen.<\/li>\n<li> <strong>Geschmack und Geruch<\/strong> : Es ist geruchlos und es gibt keinen Hinweis auf seinen Geschmack.<\/li>\n<li> <strong>Zusammensetzung:<\/strong> Bestehend aus 103 Protonen und Elektronen, davon 157 Neutronen.<\/li>\n<li> <strong>Reaktivit\u00e4t:<\/strong> Hoch, zerf\u00e4llt leicht in Luft und Wasser.<\/li>\n<li> <strong>Radioaktivit\u00e4t<\/strong> : Hoch, weshalb es nur f\u00fcr nukleare Zwecke verwendet wird.<\/li>\n<li> <strong>L\u00f6slichkeit<\/strong> : Es ist in Wasser und anderen Verbindungen l\u00f6slich.<\/li>\n<li> <strong>H\u00e4rte<\/strong> : Es ist hart und widerstandsf\u00e4hig.<\/li>\n<li> <strong>Leitf\u00e4higkeit<\/strong> : M\u00e4\u00dfig.<\/li>\n<\/ul>\n<h2> <strong>Chemische und physikalische Eigenschaften von Laurentium<\/strong><\/h2>\n<ol>\n<li> <strong>Ordnungszahl<\/strong> : 103<\/li>\n<li> <strong>Zeitraum<\/strong> : 7<\/li>\n<li> <strong>Blockieren<\/strong> \ud83d\ude00<\/li>\n<li> <strong>Gruppe<\/strong> : 3<\/li>\n<li> <strong>Oxidationsstufe<\/strong> : 3<\/li>\n<li> <strong>Elektronegativit\u00e4t:<\/strong> 1,3<\/li>\n<li> <strong>Dichte: 293K<\/strong><\/li>\n<li> <strong>Schmelzpunkt:<\/strong> 1627\u00b0C<\/li>\n<li> <strong>Atomradius:<\/strong> Unbekannt<\/li>\n<li> <strong>Durchschnittlicher Radius:<\/strong> unbekannt<\/li>\n<li> <strong>Atommasse (g\/mol):<\/strong> 262 u<\/li>\n<li> <strong>Elektronische Konfiguration:<\/strong> [Rn]5f14 7s27 p1<\/li>\n<li> <strong>Erstes Ionisierungspotential<\/strong> (eV): 443,8 kJ\/mol<\/li>\n<li> <strong>Siedepunkt:<\/strong> Nicht berechnet<strong> <\/strong><\/li>\n<li><strong>Elektronen pro Schale:<\/strong> 2,8,18,32, 32, 8, 3<\/li>\n<li> <strong>W\u00e4rmeleitf\u00e4higkeit:<\/strong> 0,1 W\/cmK<\/li>\n<\/ol>\n<h2> <strong>Herkunft von Laurencio<\/strong><\/h2>\n<p> Es wurde 1961 von Albert Ghiorso am Lawrence Radiation Laboratory in Kalifornien entdeckt. Dieser Wissenschaftler und seine Kollegen bombardierten eine Kombination von California-Isotopen mit Borionen, um Isotope des Elements zu erhalten. Das Ergebnis war ein Atom des Elements Lr 256 mit einem Kern aus 103 Elektronen und Protonen. Dar\u00fcber hinaus best\u00e4tigten diese Studien die kurze Lebensdauer fast aller seiner Isotope, da sie sich innerhalb von drei Minuten zersetzen.<\/p>\n<h2> <strong>Wozu dient Laurencio?<\/strong><\/h2>\n<p> Die Einsatzm\u00f6glichkeiten von Laurentium sind begrenzt, da es ein radioaktives Element ist und in der Natur selten vorkommt. Die wenigen vorhandenen Proben werden in spezialisierten Kernforschungslaboren bearbeitet. Da sein Isotop 266 Alphastrahlung aussendet, wird es in wissenschaftlichen Studien zur Energieerzeugung verwendet.<\/p>\n<h2> <strong>Erhalt des Laurencio<\/strong><\/h2>\n<p> Das chemische Element Laurentium wird ausschlie\u00dflich k\u00fcnstlich gewonnen und kommt nur in minimalen Mengen vor. Der Prozess besteht darin, Californium-Isotope mit Borionen und einem Linearbeschleuniger zu bombardieren. W\u00e4hrend des Verfahrens werden Teile des Elements isoliert, die alle radioaktiv und instabil sind und schnell zerfallen.<\/p>\n<h2> <strong>Laurentium und seine Position im Periodensystem<\/strong><\/h2>\n<p> Gruppe drei des Periodensystems darf nur aus 4 Elementen bestehen: Scandium, Yttrium, Lanthan und Lutetium. Die Einbeziehung von Laurentium ist unklar, aber es ist m\u00f6glich, dass dies auf seine k\u00fcnstliche Herstellung, seine kurze Lebensdauer und seine schwere Atomzusammensetzung zur\u00fcckzuf\u00fchren ist, Aspekte, die auch mit den bereits erw\u00e4hnten Elementen gemeinsam sind. Dar\u00fcber hinaus sind sie alle stark, gl\u00e4nzend, elektrisch leitf\u00e4hig und reaktiv und finden nur wenige Anwendungen im chemischen und industriellen Bereich.<\/p>\n<h2> <strong>Auswirkungen von Laurentium auf die Gesundheit<\/strong><\/h2>\n<p> Da dieses Element radioaktive Eigenschaften hat und in minimalen Mengen produziert wird, sind keine gesundheitssch\u00e4dlichen Auswirkungen bekannt. Daher muss es mit Vorsicht verwendet werden, da seine Isotope instabil sind und es vermutlich Teil eines Atomprojekts w\u00e4hrend des Zweiten Weltkriegs im Jahr 1939 war.<\/p>\n<p> Zusammenfassend l\u00e4sst sich sagen, dass dieses chemische Element aufgrund seines Kerns aus 103 Protonen und Elektronen das schwerste der Actiniden ist. Aufgrund seiner hohen Radioaktivit\u00e4t ist der Einsatz von Laurentium im experimentellen Nuklearbereich auf minimale Anteile beschr\u00e4nkt. Dar\u00fcber hinaus besteht es aus 10 Isotopen, wobei 266 das stabilste von allen ist.<\/p>\n","protected":false},"excerpt":{"rendered":"<p>Laurentium ist ein synthetisches Element, das in der Erdkruste nicht vorkommt und instabil ist, sodass es in Gegenwart anderer Verbindungen zerf\u00e4llt. Es zeichnet sich durch eine hohe Radioaktivit\u00e4t aus, weshalb es im Alltag nur wenige Anwendungen findet. Dar\u00fcber hinaus sind seine gesundheitlichen Auswirkungen nicht mit Sicherheit bekannt. Dennoch k\u00f6nnen wir mehr erfahren, indem wir seine &#8230; <a title=\"Laurence\" class=\"read-more\" href=\"https:\/\/chemuza.org\/de\/laurent\/\" aria-label=\"Mehr zu Laurence\">Mehr lesen<\/a><\/p>\n","protected":false},"author":1,"featured_media":0,"parent":0,"menu_order":0,"comment_status":"closed","ping_status":"closed","template":"","meta":{"footnotes":""},"class_list":["post-1566","page","type-page","status-publish"],"yoast_head":"<!-- This site is optimized with the Yoast SEO plugin v21.4 - https:\/\/yoast.com\/wordpress\/plugins\/seo\/ -->\n<title>Laurence - Chemuza<\/title>\n<meta name=\"robots\" content=\"index, follow, max-snippet:-1, max-image-preview:large, max-video-preview:-1\" \/>\n<link rel=\"canonical\" href=\"https:\/\/chemuza.org\/de\/laurent\/\" \/>\n<meta property=\"og:locale\" content=\"de_DE\" \/>\n<meta property=\"og:type\" content=\"article\" \/>\n<meta property=\"og:title\" content=\"Laurence - Chemuza\" \/>\n<meta property=\"og:description\" content=\"Laurentium ist ein synthetisches Element, das in der Erdkruste nicht vorkommt und instabil ist, sodass es in Gegenwart anderer Verbindungen zerf\u00e4llt. Es zeichnet sich durch eine hohe Radioaktivit\u00e4t aus, weshalb es im Alltag nur wenige Anwendungen findet. Dar\u00fcber hinaus sind seine gesundheitlichen Auswirkungen nicht mit Sicherheit bekannt. Dennoch k\u00f6nnen wir mehr erfahren, indem wir seine ... Mehr lesen\" \/>\n<meta property=\"og:url\" content=\"https:\/\/chemuza.org\/de\/laurent\/\" \/>\n<meta property=\"og:site_name\" content=\"Chemuza\" \/>\n<meta name=\"twitter:card\" content=\"summary_large_image\" \/>\n<meta name=\"twitter:label1\" content=\"Gesch\u00e4tzte Lesezeit\" \/>\n\t<meta name=\"twitter:data1\" content=\"4\u00a0Minuten\" \/>\n<script type=\"application\/ld+json\" class=\"yoast-schema-graph\">{\"@context\":\"https:\/\/schema.org\",\"@graph\":[{\"@type\":\"WebPage\",\"@id\":\"https:\/\/chemuza.org\/de\/laurent\/\",\"url\":\"https:\/\/chemuza.org\/de\/laurent\/\",\"name\":\"Laurence - Chemuza\",\"isPartOf\":{\"@id\":\"https:\/\/chemuza.org\/de\/#website\"},\"datePublished\":\"2023-10-25T13:51:20+00:00\",\"dateModified\":\"2023-10-25T13:51:20+00:00\",\"breadcrumb\":{\"@id\":\"https:\/\/chemuza.org\/de\/laurent\/#breadcrumb\"},\"inLanguage\":\"de\",\"potentialAction\":[{\"@type\":\"ReadAction\",\"target\":[\"https:\/\/chemuza.org\/de\/laurent\/\"]}]},{\"@type\":\"BreadcrumbList\",\"@id\":\"https:\/\/chemuza.org\/de\/laurent\/#breadcrumb\",\"itemListElement\":[{\"@type\":\"ListItem\",\"position\":1,\"name\":\"Heim\",\"item\":\"https:\/\/chemuza.org\/de\/\"},{\"@type\":\"ListItem\",\"position\":2,\"name\":\"Laurence\"}]},{\"@type\":\"WebSite\",\"@id\":\"https:\/\/chemuza.org\/de\/#website\",\"url\":\"https:\/\/chemuza.org\/de\/\",\"name\":\"Chemuza\",\"description\":\"Ihr Tor zur chemischen Entdeckung\",\"publisher\":{\"@id\":\"https:\/\/chemuza.org\/de\/#organization\"},\"potentialAction\":[{\"@type\":\"SearchAction\",\"target\":{\"@type\":\"EntryPoint\",\"urlTemplate\":\"https:\/\/chemuza.org\/de\/?s={search_term_string}\"},\"query-input\":\"required name=search_term_string\"}],\"inLanguage\":\"de\"},{\"@type\":\"Organization\",\"@id\":\"https:\/\/chemuza.org\/de\/#organization\",\"name\":\"Chemuza\",\"url\":\"https:\/\/chemuza.org\/de\/\",\"logo\":{\"@type\":\"ImageObject\",\"inLanguage\":\"de\",\"@id\":\"https:\/\/chemuza.org\/de\/#\/schema\/logo\/image\/\",\"url\":\"https:\/\/chemuza.org\/de\/wp-content\/uploads\/2023\/10\/chemuza-logo.png\",\"contentUrl\":\"https:\/\/chemuza.org\/de\/wp-content\/uploads\/2023\/10\/chemuza-logo.png\",\"width\":387,\"height\":70,\"caption\":\"Chemuza\"},\"image\":{\"@id\":\"https:\/\/chemuza.org\/de\/#\/schema\/logo\/image\/\"}}]}<\/script>\n<!-- \/ Yoast SEO plugin. -->","yoast_head_json":{"title":"Laurence - Chemuza","robots":{"index":"index","follow":"follow","max-snippet":"max-snippet:-1","max-image-preview":"max-image-preview:large","max-video-preview":"max-video-preview:-1"},"canonical":"https:\/\/chemuza.org\/de\/laurent\/","og_locale":"de_DE","og_type":"article","og_title":"Laurence - Chemuza","og_description":"Laurentium ist ein synthetisches Element, das in der Erdkruste nicht vorkommt und instabil ist, sodass es in Gegenwart anderer Verbindungen zerf\u00e4llt. Es zeichnet sich durch eine hohe Radioaktivit\u00e4t aus, weshalb es im Alltag nur wenige Anwendungen findet. Dar\u00fcber hinaus sind seine gesundheitlichen Auswirkungen nicht mit Sicherheit bekannt. Dennoch k\u00f6nnen wir mehr erfahren, indem wir seine ... Mehr lesen","og_url":"https:\/\/chemuza.org\/de\/laurent\/","og_site_name":"Chemuza","twitter_card":"summary_large_image","twitter_misc":{"Gesch\u00e4tzte Lesezeit":"4\u00a0Minuten"},"schema":{"@context":"https:\/\/schema.org","@graph":[{"@type":"WebPage","@id":"https:\/\/chemuza.org\/de\/laurent\/","url":"https:\/\/chemuza.org\/de\/laurent\/","name":"Laurence - Chemuza","isPartOf":{"@id":"https:\/\/chemuza.org\/de\/#website"},"datePublished":"2023-10-25T13:51:20+00:00","dateModified":"2023-10-25T13:51:20+00:00","breadcrumb":{"@id":"https:\/\/chemuza.org\/de\/laurent\/#breadcrumb"},"inLanguage":"de","potentialAction":[{"@type":"ReadAction","target":["https:\/\/chemuza.org\/de\/laurent\/"]}]},{"@type":"BreadcrumbList","@id":"https:\/\/chemuza.org\/de\/laurent\/#breadcrumb","itemListElement":[{"@type":"ListItem","position":1,"name":"Heim","item":"https:\/\/chemuza.org\/de\/"},{"@type":"ListItem","position":2,"name":"Laurence"}]},{"@type":"WebSite","@id":"https:\/\/chemuza.org\/de\/#website","url":"https:\/\/chemuza.org\/de\/","name":"Chemuza","description":"Ihr Tor zur chemischen Entdeckung","publisher":{"@id":"https:\/\/chemuza.org\/de\/#organization"},"potentialAction":[{"@type":"SearchAction","target":{"@type":"EntryPoint","urlTemplate":"https:\/\/chemuza.org\/de\/?s={search_term_string}"},"query-input":"required name=search_term_string"}],"inLanguage":"de"},{"@type":"Organization","@id":"https:\/\/chemuza.org\/de\/#organization","name":"Chemuza","url":"https:\/\/chemuza.org\/de\/","logo":{"@type":"ImageObject","inLanguage":"de","@id":"https:\/\/chemuza.org\/de\/#\/schema\/logo\/image\/","url":"https:\/\/chemuza.org\/de\/wp-content\/uploads\/2023\/10\/chemuza-logo.png","contentUrl":"https:\/\/chemuza.org\/de\/wp-content\/uploads\/2023\/10\/chemuza-logo.png","width":387,"height":70,"caption":"Chemuza"},"image":{"@id":"https:\/\/chemuza.org\/de\/#\/schema\/logo\/image\/"}}]}},"yoast_meta":{"yoast_wpseo_title":"","yoast_wpseo_metadesc":"","yoast_wpseo_canonical":""},"_links":{"self":[{"href":"https:\/\/chemuza.org\/de\/wp-json\/wp\/v2\/pages\/1566","targetHints":{"allow":["GET"]}}],"collection":[{"href":"https:\/\/chemuza.org\/de\/wp-json\/wp\/v2\/pages"}],"about":[{"href":"https:\/\/chemuza.org\/de\/wp-json\/wp\/v2\/types\/page"}],"author":[{"embeddable":true,"href":"https:\/\/chemuza.org\/de\/wp-json\/wp\/v2\/users\/1"}],"replies":[{"embeddable":true,"href":"https:\/\/chemuza.org\/de\/wp-json\/wp\/v2\/comments?post=1566"}],"version-history":[{"count":1,"href":"https:\/\/chemuza.org\/de\/wp-json\/wp\/v2\/pages\/1566\/revisions"}],"predecessor-version":[{"id":1648,"href":"https:\/\/chemuza.org\/de\/wp-json\/wp\/v2\/pages\/1566\/revisions\/1648"}],"wp:attachment":[{"href":"https:\/\/chemuza.org\/de\/wp-json\/wp\/v2\/media?parent=1566"}],"curies":[{"name":"wp","href":"https:\/\/api.w.org\/{rel}","templated":true}]}}