{"id":1564,"date":"2023-10-25T13:51:24","date_gmt":"2023-10-25T13:51:24","guid":{"rendered":"https:\/\/chemuza.org\/de\/einsteinium\/"},"modified":"2023-10-25T13:51:24","modified_gmt":"2023-10-25T13:51:24","slug":"einsteinium","status":"publish","type":"page","link":"https:\/\/chemuza.org\/de\/einsteinium\/","title":{"rendered":"Einsteinium"},"content":{"rendered":"<p>Einsteinium ist ein radioaktives Element, das auf der Erde nicht nat\u00fcrlich vorkommt. Es wird k\u00fcnstlich durch nukleare Verfahren hergestellt, wobei mikroskopisch kleine Portionen gewonnen werden. Dar\u00fcber hinaus zerf\u00e4llt es in der Natur schnell, sodass seine F\u00e4higkeit, Verbindungen zu bilden, unbekannt ist. Erfahren Sie jetzt mehr \u00fcber seine Eigenschaften, seinen Ursprung und seine wenigen Anwendungen.<\/p>\n<h2> <strong>Was ist Einsteinium?<\/strong><\/h2>\n<p> Es handelt sich um ein Aktinid synthetischer Natur, das im Periodensystem mit der Ordnungszahl 99 gekennzeichnet ist. Es besteht aus einer soliden metallisch-grauen Optik mit Wei\u00dft\u00f6nen und verf\u00fcgt \u00fcber Strahlungseigenschaften. Dar\u00fcber hinaus besteht es aus 16 Isotopen und drei Isomeren, also Molek\u00fclen mit der gleichen Anzahl an Atomen. Isotope und Isomere unterscheiden sich in ihrer Atommasse und ihrer Lebensdauer in der Umwelt.<\/p>\n<h3> <strong>Einsteinium-Symbol<\/strong><\/h3>\n<p> Diesen Namen erhielt <span class=\"content-chemical-element\" style=\"float: left;width: 65px;height: 65px;border: 3px solid #666; display:flex;\n    justify-content: center;align-items: center;margin-right: 15px;\"><span style=\"font-size: 38px;\">es<\/span><\/span> zu Ehren des Wissenschaftlers Albert Einstein, obwohl er an seiner Entdeckung nicht beteiligt war. Es wurde 1952 von einer Gruppe Chemiker unter der Leitung von Albert Ghiorso in den \u00dcberresten einer Atomexplosion im Pazifik entdeckt.<\/p>\n<h2> <strong>Eigenschaften von Einsteinium<\/strong><\/h2>\n<p> Das Element Einsteinium ist synthetisch und wird daher nur durch Transmutation oder Beschuss stabilerer Kerne, die mit schnellen Teilchen ausgestattet sind, gewonnen. Dar\u00fcber hinaus ist es ein zweiwertiges Metall, da es \u00fcber zwei Bindungselektronen verf\u00fcgt und nicht \u00fcber drei wie andere Actiniden. Die anderen physikalischen Eigenschaften dieses Elements befinden sich in Periode 7 des Periodensystems und sind:<\/p>\n<ul>\n<li> <strong>Zustand<\/strong> : Solides Metall.<\/li>\n<li> <strong>Farbe<\/strong> : Helles Silbergrau mit Wei\u00dft\u00f6nen.<\/li>\n<li> <strong>Geschmack und Geruch<\/strong> : Es ist geruchlos und weist keinen besonderen Geschmack auf.<\/li>\n<li> <strong>Radioaktivit\u00e4t:<\/strong> Hoch und weist Selbstbestrahlungseigenschaften auf.<\/li>\n<li> <strong>Reaktivit\u00e4t<\/strong> : Hoch, reagiert heftig mit Sauerstoff, S\u00e4uren und Wasserdampf.<\/li>\n<li> <strong>Struktur<\/strong> : Unbekannt.<\/li>\n<li> <strong>Zusammensetzung<\/strong> : Bestehend aus 99 Elektronen und Protonen.<\/li>\n<\/ul>\n<h2> <strong>Chemische und physikalische Eigenschaften von Einsteinium<\/strong><\/h2>\n<ol>\n<li> <strong>Ordnungszahl<\/strong> : 99<\/li>\n<li> <strong>Zeitraum<\/strong> : 7<\/li>\n<li> <strong>Block<\/strong> : F<\/li>\n<li> <strong>Gruppe<\/strong> : 3<\/li>\n<li> <strong>Elektronegativit\u00e4t:<\/strong> 1,3<\/li>\n<li> <strong>Schmelzpunkt:<\/strong> 860\u00b0C<\/li>\n<li> <strong>Atomradius:<\/strong> 14:03 Uhr<\/li>\n<li> <strong>Ionenradius:<\/strong> 0,98<\/li>\n<li> <strong>Atommasse (g\/mol):<\/strong> 252 u<\/li>\n<li> <strong>Dichte:<\/strong> 8,84 kg\/m3<\/li>\n<li> <strong>Durchschnittlicher Radius:<\/strong> unbekannt<\/li>\n<li> <strong>Oxidationsstufe<\/strong> : 2, 3, 4<\/li>\n<li> <strong>Kovalenter Radius (\u00c5):<\/strong> unbekannt <strong>&nbsp;<\/strong><\/li>\n<li> <strong>Elektronische Konfiguration:<\/strong> [Rn] 5f11 7s2<\/li>\n<li> <strong>Erstes Ionisierungspotential<\/strong> (eV): 619 kJ\/mol<\/li>\n<li> <strong>Siedepunkt:<\/strong> 996<strong> <\/strong>\u00b0C<\/li>\n<li> <strong>Elektronen pro Schicht:<\/strong> 2, 8, 18, 32, 29, 8, 2<\/li>\n<li> <strong>W\u00e4rmeleitf\u00e4higkeit:<\/strong> Unbekannt.<\/li>\n<\/ol>\n<h2> <strong>Ursprung von Einsteinium<\/strong><\/h2>\n<p> Es wurde 1952 entdeckt, nachdem eine 10-Megatonnen-Atombombe im S\u00fcdpazifik explodierte. Bei der Analyse des Abfalls fanden Albert Ghiorso und sein Team das Isotop 253Es, das sie isolierten, seine Eigenschaften \u00fcberpr\u00fcften und es als transuranisches Element klassifizierten, da es mehr als 92 Elektronen und Protonen in seinem Kern enth\u00e4lt.<\/p>\n<h2> <strong>Wof\u00fcr wird Einsteinium verwendet?<\/strong><\/h2>\n<p> Die Einsatzm\u00f6glichkeiten von Einsteinium liegen angesichts der bislang verf\u00fcgbaren Minimalmengen praktisch bei null. Seine einzige bekannte Verwendung ist die Produktion des chemischen Elements Mendelevium, dank der Stabilit\u00e4t seines Isotops 253Es. Da es nur wenige Proben gibt, werden sie f\u00fcr die wissenschaftliche Grundlagenforschung verwendet.<\/p>\n<h2> <strong>Wie bekomme ich Einsteinium?<\/strong><\/h2>\n<p> Einsteinium wird durch Bestrahlung von 1 Kilogramm Pu239, einem Isotop von Plutonium, in einem Pu242-Erzeugungsreaktor gewonnen. Dieses Isotop wird in Kreise aus pulverisiertem Plutonium und Aluminiumoxid eingebracht. Anschlie\u00dfend werden sie auf St\u00e4bchen gesteckt und bestrahlt. Die St\u00e4be werden dann in einen Hochfluss-Isotopenreaktor gegeben, um die Trennung zwischen dem Element und Kalifornien zu erm\u00f6glichen.<\/p>\n<h2> <strong>Aktuelle Studien zu Einsteinium<\/strong><\/h2>\n<p> Obwohl nur wenige reine Proben verf\u00fcgbar sind, wurden neue Aspekte seines Verhaltens entdeckt. Zun\u00e4chst zeigte eine R\u00f6ntgenanalyse, dass seine Bindung lang ist und es schafft, zwei Atome zusammenzuhalten, eine Wirkung, die ihn von anderen Aktiniden unterscheidet. Dar\u00fcber hinaus erm\u00f6glicht es ihm auch, mit anderen Objekten in der N\u00e4he zu kommunizieren. Eine weitere Entdeckung ist, dass es bei Lichteinwirkung aufleuchtet und sein Aussehen anders als seine Gruppe ver\u00e4ndert.<\/p>\n<h2> <strong>Auswirkungen von Einsteinium auf die Gesundheit<\/strong><\/h2>\n<p> Aufgrund seiner radioaktiven Eigenschaften geh\u00f6rt dieses Element zur chemischen Reihe der Aktiniden. Es ist nicht sicher, welche gesundheitssch\u00e4dlichen Auswirkungen es aufgrund seiner geringen Pr\u00e4senz in der Umwelt haben k\u00f6nnte. Da es jedoch radioaktive Partikel abgibt, empfiehlt es sich, beim Umgang mit seinen Proben im Labor eine besondere Schutzausr\u00fcstung zu tragen.<\/p>\n<h2> <strong>3 kuriose Fakten \u00fcber Einsteinium<\/strong><\/h2>\n<p> Als dieses Element entdeckt wurde, wurde es Athenium genannt, nach der Hauptstadt Griechenlands, Athen. Sp\u00e4ter wurde es zu Ehren Einsteins in Einstein umbenannt. Weitere interessante Daten sind:<\/p>\n<ul>\n<li> Das Element reagiert mit Wasserdampf und Sauerstoff, widersteht jedoch dem Angriff durch Alkalimetalle.<\/li>\n<li> Seine schnelle Zersetzung erlaubt keine vollst\u00e4ndige Analyse.<\/li>\n<li> Sein Isotop 253 hat die l\u00e4ngste Lebensdauer, etwa 20 Stunden.<\/li>\n<\/ul>\n<p> Zusammenfassend l\u00e4sst sich sagen, dass es sich bei dem chemischen Element um ein hochradioaktives synthetisches Metall handelt, das nur durch Kernbestrahlung von Proben eines Plutoniumisotops gewonnen wird. Es befindet sich noch in der Analysephase in gro\u00dfen Nuklearlabors, die mit speziellen Bestrahlungsger\u00e4ten ausgestattet sind, um andere praktische Anwendungen zu entdecken.<\/p>\n","protected":false},"excerpt":{"rendered":"<p>Einsteinium ist ein radioaktives Element, das auf der Erde nicht nat\u00fcrlich vorkommt. Es wird k\u00fcnstlich durch nukleare Verfahren hergestellt, wobei mikroskopisch kleine Portionen gewonnen werden. Dar\u00fcber hinaus zerf\u00e4llt es in der Natur schnell, sodass seine F\u00e4higkeit, Verbindungen zu bilden, unbekannt ist. Erfahren Sie jetzt mehr \u00fcber seine Eigenschaften, seinen Ursprung und seine wenigen Anwendungen. Was &#8230; <a title=\"Einsteinium\" class=\"read-more\" href=\"https:\/\/chemuza.org\/de\/einsteinium\/\" aria-label=\"Mehr zu Einsteinium\">Mehr lesen<\/a><\/p>\n","protected":false},"author":1,"featured_media":0,"parent":0,"menu_order":0,"comment_status":"closed","ping_status":"closed","template":"","meta":{"footnotes":""},"class_list":["post-1564","page","type-page","status-publish"],"yoast_head":"<!-- This site is optimized with the Yoast SEO plugin v21.4 - https:\/\/yoast.com\/wordpress\/plugins\/seo\/ -->\n<title>Einsteinium - Chemuza<\/title>\n<meta name=\"robots\" content=\"index, follow, max-snippet:-1, max-image-preview:large, max-video-preview:-1\" \/>\n<link rel=\"canonical\" href=\"https:\/\/chemuza.org\/de\/einsteinium\/\" \/>\n<meta property=\"og:locale\" content=\"de_DE\" \/>\n<meta property=\"og:type\" content=\"article\" \/>\n<meta property=\"og:title\" content=\"Einsteinium - Chemuza\" \/>\n<meta property=\"og:description\" content=\"Einsteinium ist ein radioaktives Element, das auf der Erde nicht nat\u00fcrlich vorkommt. Es wird k\u00fcnstlich durch nukleare Verfahren hergestellt, wobei mikroskopisch kleine Portionen gewonnen werden. Dar\u00fcber hinaus zerf\u00e4llt es in der Natur schnell, sodass seine F\u00e4higkeit, Verbindungen zu bilden, unbekannt ist. Erfahren Sie jetzt mehr \u00fcber seine Eigenschaften, seinen Ursprung und seine wenigen Anwendungen. Was ... Mehr lesen\" \/>\n<meta property=\"og:url\" content=\"https:\/\/chemuza.org\/de\/einsteinium\/\" \/>\n<meta property=\"og:site_name\" content=\"Chemuza\" \/>\n<meta name=\"twitter:card\" content=\"summary_large_image\" \/>\n<meta name=\"twitter:label1\" content=\"Gesch\u00e4tzte Lesezeit\" \/>\n\t<meta name=\"twitter:data1\" content=\"4\u00a0Minuten\" \/>\n<script type=\"application\/ld+json\" class=\"yoast-schema-graph\">{\"@context\":\"https:\/\/schema.org\",\"@graph\":[{\"@type\":\"WebPage\",\"@id\":\"https:\/\/chemuza.org\/de\/einsteinium\/\",\"url\":\"https:\/\/chemuza.org\/de\/einsteinium\/\",\"name\":\"Einsteinium - Chemuza\",\"isPartOf\":{\"@id\":\"https:\/\/chemuza.org\/de\/#website\"},\"datePublished\":\"2023-10-25T13:51:24+00:00\",\"dateModified\":\"2023-10-25T13:51:24+00:00\",\"breadcrumb\":{\"@id\":\"https:\/\/chemuza.org\/de\/einsteinium\/#breadcrumb\"},\"inLanguage\":\"de\",\"potentialAction\":[{\"@type\":\"ReadAction\",\"target\":[\"https:\/\/chemuza.org\/de\/einsteinium\/\"]}]},{\"@type\":\"BreadcrumbList\",\"@id\":\"https:\/\/chemuza.org\/de\/einsteinium\/#breadcrumb\",\"itemListElement\":[{\"@type\":\"ListItem\",\"position\":1,\"name\":\"Heim\",\"item\":\"https:\/\/chemuza.org\/de\/\"},{\"@type\":\"ListItem\",\"position\":2,\"name\":\"Einsteinium\"}]},{\"@type\":\"WebSite\",\"@id\":\"https:\/\/chemuza.org\/de\/#website\",\"url\":\"https:\/\/chemuza.org\/de\/\",\"name\":\"Chemuza\",\"description\":\"Ihr Tor zur chemischen Entdeckung\",\"publisher\":{\"@id\":\"https:\/\/chemuza.org\/de\/#organization\"},\"potentialAction\":[{\"@type\":\"SearchAction\",\"target\":{\"@type\":\"EntryPoint\",\"urlTemplate\":\"https:\/\/chemuza.org\/de\/?s={search_term_string}\"},\"query-input\":\"required name=search_term_string\"}],\"inLanguage\":\"de\"},{\"@type\":\"Organization\",\"@id\":\"https:\/\/chemuza.org\/de\/#organization\",\"name\":\"Chemuza\",\"url\":\"https:\/\/chemuza.org\/de\/\",\"logo\":{\"@type\":\"ImageObject\",\"inLanguage\":\"de\",\"@id\":\"https:\/\/chemuza.org\/de\/#\/schema\/logo\/image\/\",\"url\":\"https:\/\/chemuza.org\/de\/wp-content\/uploads\/2023\/10\/chemuza-logo.png\",\"contentUrl\":\"https:\/\/chemuza.org\/de\/wp-content\/uploads\/2023\/10\/chemuza-logo.png\",\"width\":387,\"height\":70,\"caption\":\"Chemuza\"},\"image\":{\"@id\":\"https:\/\/chemuza.org\/de\/#\/schema\/logo\/image\/\"}}]}<\/script>\n<!-- \/ Yoast SEO plugin. -->","yoast_head_json":{"title":"Einsteinium - Chemuza","robots":{"index":"index","follow":"follow","max-snippet":"max-snippet:-1","max-image-preview":"max-image-preview:large","max-video-preview":"max-video-preview:-1"},"canonical":"https:\/\/chemuza.org\/de\/einsteinium\/","og_locale":"de_DE","og_type":"article","og_title":"Einsteinium - Chemuza","og_description":"Einsteinium ist ein radioaktives Element, das auf der Erde nicht nat\u00fcrlich vorkommt. Es wird k\u00fcnstlich durch nukleare Verfahren hergestellt, wobei mikroskopisch kleine Portionen gewonnen werden. Dar\u00fcber hinaus zerf\u00e4llt es in der Natur schnell, sodass seine F\u00e4higkeit, Verbindungen zu bilden, unbekannt ist. Erfahren Sie jetzt mehr \u00fcber seine Eigenschaften, seinen Ursprung und seine wenigen Anwendungen. Was ... Mehr lesen","og_url":"https:\/\/chemuza.org\/de\/einsteinium\/","og_site_name":"Chemuza","twitter_card":"summary_large_image","twitter_misc":{"Gesch\u00e4tzte Lesezeit":"4\u00a0Minuten"},"schema":{"@context":"https:\/\/schema.org","@graph":[{"@type":"WebPage","@id":"https:\/\/chemuza.org\/de\/einsteinium\/","url":"https:\/\/chemuza.org\/de\/einsteinium\/","name":"Einsteinium - Chemuza","isPartOf":{"@id":"https:\/\/chemuza.org\/de\/#website"},"datePublished":"2023-10-25T13:51:24+00:00","dateModified":"2023-10-25T13:51:24+00:00","breadcrumb":{"@id":"https:\/\/chemuza.org\/de\/einsteinium\/#breadcrumb"},"inLanguage":"de","potentialAction":[{"@type":"ReadAction","target":["https:\/\/chemuza.org\/de\/einsteinium\/"]}]},{"@type":"BreadcrumbList","@id":"https:\/\/chemuza.org\/de\/einsteinium\/#breadcrumb","itemListElement":[{"@type":"ListItem","position":1,"name":"Heim","item":"https:\/\/chemuza.org\/de\/"},{"@type":"ListItem","position":2,"name":"Einsteinium"}]},{"@type":"WebSite","@id":"https:\/\/chemuza.org\/de\/#website","url":"https:\/\/chemuza.org\/de\/","name":"Chemuza","description":"Ihr Tor zur chemischen Entdeckung","publisher":{"@id":"https:\/\/chemuza.org\/de\/#organization"},"potentialAction":[{"@type":"SearchAction","target":{"@type":"EntryPoint","urlTemplate":"https:\/\/chemuza.org\/de\/?s={search_term_string}"},"query-input":"required name=search_term_string"}],"inLanguage":"de"},{"@type":"Organization","@id":"https:\/\/chemuza.org\/de\/#organization","name":"Chemuza","url":"https:\/\/chemuza.org\/de\/","logo":{"@type":"ImageObject","inLanguage":"de","@id":"https:\/\/chemuza.org\/de\/#\/schema\/logo\/image\/","url":"https:\/\/chemuza.org\/de\/wp-content\/uploads\/2023\/10\/chemuza-logo.png","contentUrl":"https:\/\/chemuza.org\/de\/wp-content\/uploads\/2023\/10\/chemuza-logo.png","width":387,"height":70,"caption":"Chemuza"},"image":{"@id":"https:\/\/chemuza.org\/de\/#\/schema\/logo\/image\/"}}]}},"yoast_meta":{"yoast_wpseo_title":"","yoast_wpseo_metadesc":"","yoast_wpseo_canonical":""},"_links":{"self":[{"href":"https:\/\/chemuza.org\/de\/wp-json\/wp\/v2\/pages\/1564","targetHints":{"allow":["GET"]}}],"collection":[{"href":"https:\/\/chemuza.org\/de\/wp-json\/wp\/v2\/pages"}],"about":[{"href":"https:\/\/chemuza.org\/de\/wp-json\/wp\/v2\/types\/page"}],"author":[{"embeddable":true,"href":"https:\/\/chemuza.org\/de\/wp-json\/wp\/v2\/users\/1"}],"replies":[{"embeddable":true,"href":"https:\/\/chemuza.org\/de\/wp-json\/wp\/v2\/comments?post=1564"}],"version-history":[{"count":1,"href":"https:\/\/chemuza.org\/de\/wp-json\/wp\/v2\/pages\/1564\/revisions"}],"predecessor-version":[{"id":1622,"href":"https:\/\/chemuza.org\/de\/wp-json\/wp\/v2\/pages\/1564\/revisions\/1622"}],"wp:attachment":[{"href":"https:\/\/chemuza.org\/de\/wp-json\/wp\/v2\/media?parent=1564"}],"curies":[{"name":"wp","href":"https:\/\/api.w.org\/{rel}","templated":true}]}}