{"id":1563,"date":"2023-10-25T13:51:25","date_gmt":"2023-10-25T13:51:25","guid":{"rendered":"https:\/\/chemuza.org\/de\/kalifornisch\/"},"modified":"2023-10-25T13:51:25","modified_gmt":"2023-10-25T13:51:25","slug":"kalifornisch","status":"publish","type":"page","link":"https:\/\/chemuza.org\/de\/kalifornisch\/","title":{"rendered":"Kalifornien"},"content":{"rendered":"<p>Es ist das sechste chemische Element des transuranischen Periodensystems, das synthetisiert wird. Dar\u00fcber hinaus enth\u00e4lt es die zweith\u00f6chste Atommasse aller produzierten Elemente. Ebenso ist es das schwerste, was es in der Natur gibt. Schauen wir uns also an, welche Eigenschaften, Merkmale und Verwendungsm\u00f6glichkeiten Californio hat.<\/p>\n<h2> <strong>Was ist Kalifornien?<\/strong><\/h2>\n<p> Das Element Californium ist ein dreiwertiges, k\u00fcnstliches, formbares Metall, enth\u00e4lt eine hohe Radioaktivit\u00e4t und geh\u00f6rt zur chemischen Gruppe der Aktiniden. Dar\u00fcber hinaus hat es eine silberwei\u00dfe Farbe, zwei Kristallformen und reagiert beim Erhitzen. Dar\u00fcber hinaus wird angenommen, dass die Eigenschaften von Californium eine gewisse \u00c4hnlichkeit mit anderen Aktiniden mit einer Valenz von +3 aufweisen.<\/p>\n<h3> <strong>Kalifornien-Symbol<\/strong><\/h3>\n<p> <span class=\"content-chemical-element\" style=\"float: left;width: 65px;height: 65px;border: 3px solid #666; display:flex;\n    justify-content: center;align-items: center;margin-right: 15px;\"><span style=\"font-size: 38px;\">Sein<\/span><\/span> chemisches Symbol ist eine abgek\u00fcrzte Form des Namens, der zu Ehren des Bundesstaates Kalifornien benannt wurde. Auch von der Universit\u00e4t, die diesen Titel tr\u00e4gt. Der Geschichte zufolge verstie\u00df dieser Name gegen eine Vereinbarung zur Benennung der Elemente mit den Nummern 95 bis 97. Forscher hoben diese Vereinbarung jedoch auf und nannten ihn Californio.<\/p>\n<h2> <strong>Merkmale von Kalifornien<\/strong><\/h2>\n<p> Es ist nur dann in Wasser l\u00f6slich, wenn es in Form des California-III-Kations vorliegt. Andererseits scheiterten Versuche einer Redoxreaktion des +3-Ions. Es f\u00e4llt jedoch aus, wenn es als Hydroxid, Fluorid oder Oxalat vorliegt. Entdecken Sie die weiteren Eigenschaften des chemischen Elements:<\/p>\n<ul>\n<li> <strong>Chemische Reaktivit\u00e4t<\/strong> : Reagiert beim Erhitzen mit einer Mischung aus Stickstoff, Wasserstoff, Chalkogen und Minerals\u00e4uren.<\/li>\n<li> <strong>Zustand<\/strong> : Die gew\u00f6hnliche Form ist solide.<\/li>\n<li> <strong>Aussehen<\/strong> : Es hat eine silberwei\u00dfe Farbe, w\u00e4hrend seine Verbindungen ein gelbes, gr\u00fcnes, violettes oder braunes Aussehen haben k\u00f6nnen.<\/li>\n<li> <strong>Radioaktivit\u00e4t<\/strong> : Es ist so radioaktiv, dass es eine Gefahr f\u00fcr den Menschen darstellt.<\/li>\n<li> <strong>Entwicklungen<\/strong> : Bei Kontakt mit Luft bei Raumtemperatur verliert es allm\u00e4hlich seinen Glanz.<\/li>\n<li> <strong>Formbarkeit<\/strong> : Es ist so formbar, dass es leicht mit einem Messer oder Rasiermesser geschnitten werden kann.<\/li>\n<li> <strong>Magnetische Ordnung<\/strong> : Bei \u2212220\u00b0 C ist es ferromagnetisch, zwischen \u2212225,1\u00b0 C und \u2212207,1\u00b0 C ist es antiferromagnetisch, w\u00e4hrend es oberhalb von \u2212110\u00b0 C paramagnetisch ist.<\/li>\n<li> <strong>Kristallstruktur<\/strong> : Bei atmosph\u00e4rischem Druck weist es zwei Formen auf: kompakt doppelsechseckig und fl\u00e4chenzentriert kubisch.<\/li>\n<li> <strong>Isotope<\/strong> : Es werden 20 existierende Radioisotope mit Massenzahlen zwischen 237 und 256 vorgestellt, von denen die meisten eine durchschnittliche Lebensdauer von weniger als einem Jahr haben.<\/li>\n<\/ul>\n<h2> <strong>Chemische und physikalische Eigenschaften von Californio<\/strong><\/h2>\n<ol>\n<li> <strong>Ordnungszahl<\/strong> : 98<\/li>\n<li> <strong>Rust<\/strong> : Unbekannt<\/li>\n<li> <strong>Ionenradius (\u00c5)<\/strong> : 0,98<\/li>\n<li> <strong>Atomradius (\u00c5)<\/strong> : 186 Uhr<\/li>\n<li> <strong>Spezifische W\u00e4rme<\/strong> : Keine Daten<\/li>\n<li> <strong>Atommasse (g\/mol)<\/strong> : 251 u<\/li>\n<li> <strong>Schallgeschwindigkeit<\/strong> : Keine Daten<\/li>\n<li> <strong>Atomvolumen<\/strong> : Keine Daten<\/li>\n<li> <strong>Schmelzpunkt<\/strong> : 900\u00b0C (1173K)<\/li>\n<li> <strong>Fusionsenthalpie<\/strong> : Keine Daten<\/li>\n<li> <strong>Oxidationsstufen<\/strong> : +2, +3, +4<\/li>\n<li> <strong>Dichte (g\/ml)<\/strong> : 15.100 kg\/m\u00b3<\/li>\n<li> <strong>Elektronische Konfiguration<\/strong> : [Rn]5f <sup>10<\/sup> 7s <sup>2<\/sup><\/li>\n<li> <strong>Elektronen pro Ebene<\/strong> : 2,8,18,32,28,8,2<\/li>\n<li> <strong>Siedepunkt<\/strong> : 1470 \u00b0C (1743 K)<\/li>\n<li> <strong>Erstes Ionisierungspotential (eV)<\/strong> : 608 kJ\/mol<\/li>\n<li> <strong>Elektronegativit\u00e4t<\/strong> : 1,3 (Pauling-Skala)<\/li>\n<\/ol>\n<h2> <strong>Ursprung Kaliforniens<\/strong><\/h2>\n<p> Der Geschichte zufolge war seine Entdeckung das Ergebnis gemeinsamer Bem\u00fchungen der Chemiker Kenneth Street, Stanley G. Thompson, Albert Ghiorso und Glenn T. Seaborg. Diese Wissenschaftler synthetisierten das Element erstmals am 9. Februar 1950 an der University of California. Allerdings gaben sie ihre Entdeckung erst am 17. M\u00e4rz 1950 bekannt.<\/p>\n<p> Um es herzustellen, bombardierten sie eine Probe mit <sup>242<\/sup> cm Durchmesser mit 35 MeV Alphateilchen. Zus\u00e4tzlich verwendeten sie ein Zyklotron mit einem Durchmesser von 1500 mm. So erhielten sie das Isotop <sup>245<\/sup> Cf und es entstanden etwa 5.000 Atome des Elements, die 44 Minuten lang bestehen blieben.<\/p>\n<h2> <strong>Wof\u00fcr wird Californio verwendet?<\/strong><\/h2>\n<p> Zu den Anwendungen des Elements Californium geh\u00f6rt seine N\u00fctzlichkeit bei der Messung der Luftfeuchtigkeit und der Bestimmung von Wasserschichten in \u00d6l. Weitere Verwendungsm\u00f6glichkeiten von Metall sind:<\/p>\n<ul>\n<li> <sup>252<\/sup> Cf wird als Neutronenquelle f\u00fcr bestimmte Kernreaktoren verwendet.<\/li>\n<li> Wird als tragbare Neutronenquelle in der Aktivierungsanalyse verwendet, um unter anderem Metalle, Gold und Silber zu finden.<\/li>\n<li> Es wird zur Behandlung von Hirntumoren und bestimmten Arten von Geb\u00e4rmutterhalskrebs eingesetzt.<\/li>\n<li> In der Zement- und Kohleindustrie wird es f\u00fcr Kohlenstoffanalysatoren und Sch\u00fcttg\u00fcter verwendet.<\/li>\n<li> Es ist n\u00fctzlich bei der Erkennung von Materialien wie Kernbrennstabscannern.<\/li>\n<li> Es ist von Vorteil f\u00fcr Waffenkomponenten, die Materialkorrosion erkennen.<\/li>\n<li> Er besch\u00e4ftigt sich mit der Neutronenradiographie von Flugzeugen.<\/li>\n<li> Mit seiner Hilfe entstehen weitere transuranische Elemente wie Lawrencio oder Oganeson.<\/li>\n<\/ul>\n<h2> <strong>Auswirkungen von Californio auf den Menschen<\/strong><\/h2>\n<p> Aufgrund seiner hohen Radioaktivit\u00e4t emittiert es sehr starke Neutronen, die gesundheitssch\u00e4dlich sind. Dar\u00fcber hinaus reichert es sich im Skelettsystem an und wird so starker Strahlung ausgesetzt, dass es die Produktion roter Blutk\u00f6rperchen st\u00f6rt. Ebenso kommt es durch Gammastrahlen zu Sch\u00e4den am \u00e4u\u00dferen Gewebe. Schlie\u00dflich kann es das genetische Material sch\u00e4digen und Krebs verursachen.<\/p>\n<p> Zusammenfassend kennen Sie jetzt das Element Californium, ein Aktinidmetall, k\u00fcnstlich und sehr radioaktiv. Dar\u00fcber hinaus ist es formbar, fest, hat eine silberwei\u00dfe Farbe und 20 bekannte Isotope. Es wird auch in der wissenschaftlichen Forschung, zur Feuchtigkeitsmessung, im Goldabbau und in der Erd\u00f6lindustrie eingesetzt.<\/p>\n","protected":false},"excerpt":{"rendered":"<p>Es ist das sechste chemische Element des transuranischen Periodensystems, das synthetisiert wird. Dar\u00fcber hinaus enth\u00e4lt es die zweith\u00f6chste Atommasse aller produzierten Elemente. Ebenso ist es das schwerste, was es in der Natur gibt. Schauen wir uns also an, welche Eigenschaften, Merkmale und Verwendungsm\u00f6glichkeiten Californio hat. Was ist Kalifornien? Das Element Californium ist ein dreiwertiges, k\u00fcnstliches, &#8230; <a title=\"Kalifornien\" class=\"read-more\" href=\"https:\/\/chemuza.org\/de\/kalifornisch\/\" aria-label=\"Mehr zu Kalifornien\">Mehr lesen<\/a><\/p>\n","protected":false},"author":1,"featured_media":0,"parent":0,"menu_order":0,"comment_status":"closed","ping_status":"closed","template":"","meta":{"footnotes":""},"class_list":["post-1563","page","type-page","status-publish"],"yoast_head":"<!-- This site is optimized with the Yoast SEO plugin v21.4 - https:\/\/yoast.com\/wordpress\/plugins\/seo\/ -->\n<title>Kalifornien \u2013 Chemuza<\/title>\n<meta name=\"robots\" content=\"index, follow, max-snippet:-1, max-image-preview:large, max-video-preview:-1\" \/>\n<link rel=\"canonical\" href=\"https:\/\/chemuza.org\/de\/kalifornisch\/\" \/>\n<meta property=\"og:locale\" content=\"de_DE\" \/>\n<meta property=\"og:type\" content=\"article\" \/>\n<meta property=\"og:title\" content=\"Kalifornien \u2013 Chemuza\" \/>\n<meta property=\"og:description\" content=\"Es ist das sechste chemische Element des transuranischen Periodensystems, das synthetisiert wird. Dar\u00fcber hinaus enth\u00e4lt es die zweith\u00f6chste Atommasse aller produzierten Elemente. Ebenso ist es das schwerste, was es in der Natur gibt. Schauen wir uns also an, welche Eigenschaften, Merkmale und Verwendungsm\u00f6glichkeiten Californio hat. Was ist Kalifornien? Das Element Californium ist ein dreiwertiges, k\u00fcnstliches, ... Mehr lesen\" \/>\n<meta property=\"og:url\" content=\"https:\/\/chemuza.org\/de\/kalifornisch\/\" \/>\n<meta property=\"og:site_name\" content=\"Chemuza\" \/>\n<meta name=\"twitter:card\" content=\"summary_large_image\" \/>\n<meta name=\"twitter:label1\" content=\"Gesch\u00e4tzte Lesezeit\" \/>\n\t<meta name=\"twitter:data1\" content=\"4\u00a0Minuten\" \/>\n<script type=\"application\/ld+json\" class=\"yoast-schema-graph\">{\"@context\":\"https:\/\/schema.org\",\"@graph\":[{\"@type\":\"WebPage\",\"@id\":\"https:\/\/chemuza.org\/de\/kalifornisch\/\",\"url\":\"https:\/\/chemuza.org\/de\/kalifornisch\/\",\"name\":\"Kalifornien \u2013 Chemuza\",\"isPartOf\":{\"@id\":\"https:\/\/chemuza.org\/de\/#website\"},\"datePublished\":\"2023-10-25T13:51:25+00:00\",\"dateModified\":\"2023-10-25T13:51:25+00:00\",\"breadcrumb\":{\"@id\":\"https:\/\/chemuza.org\/de\/kalifornisch\/#breadcrumb\"},\"inLanguage\":\"de\",\"potentialAction\":[{\"@type\":\"ReadAction\",\"target\":[\"https:\/\/chemuza.org\/de\/kalifornisch\/\"]}]},{\"@type\":\"BreadcrumbList\",\"@id\":\"https:\/\/chemuza.org\/de\/kalifornisch\/#breadcrumb\",\"itemListElement\":[{\"@type\":\"ListItem\",\"position\":1,\"name\":\"Heim\",\"item\":\"https:\/\/chemuza.org\/de\/\"},{\"@type\":\"ListItem\",\"position\":2,\"name\":\"Kalifornien\"}]},{\"@type\":\"WebSite\",\"@id\":\"https:\/\/chemuza.org\/de\/#website\",\"url\":\"https:\/\/chemuza.org\/de\/\",\"name\":\"Chemuza\",\"description\":\"Ihr Tor zur chemischen Entdeckung\",\"publisher\":{\"@id\":\"https:\/\/chemuza.org\/de\/#organization\"},\"potentialAction\":[{\"@type\":\"SearchAction\",\"target\":{\"@type\":\"EntryPoint\",\"urlTemplate\":\"https:\/\/chemuza.org\/de\/?s={search_term_string}\"},\"query-input\":\"required name=search_term_string\"}],\"inLanguage\":\"de\"},{\"@type\":\"Organization\",\"@id\":\"https:\/\/chemuza.org\/de\/#organization\",\"name\":\"Chemuza\",\"url\":\"https:\/\/chemuza.org\/de\/\",\"logo\":{\"@type\":\"ImageObject\",\"inLanguage\":\"de\",\"@id\":\"https:\/\/chemuza.org\/de\/#\/schema\/logo\/image\/\",\"url\":\"https:\/\/chemuza.org\/de\/wp-content\/uploads\/2023\/10\/chemuza-logo.png\",\"contentUrl\":\"https:\/\/chemuza.org\/de\/wp-content\/uploads\/2023\/10\/chemuza-logo.png\",\"width\":387,\"height\":70,\"caption\":\"Chemuza\"},\"image\":{\"@id\":\"https:\/\/chemuza.org\/de\/#\/schema\/logo\/image\/\"}}]}<\/script>\n<!-- \/ Yoast SEO plugin. -->","yoast_head_json":{"title":"Kalifornien \u2013 Chemuza","robots":{"index":"index","follow":"follow","max-snippet":"max-snippet:-1","max-image-preview":"max-image-preview:large","max-video-preview":"max-video-preview:-1"},"canonical":"https:\/\/chemuza.org\/de\/kalifornisch\/","og_locale":"de_DE","og_type":"article","og_title":"Kalifornien \u2013 Chemuza","og_description":"Es ist das sechste chemische Element des transuranischen Periodensystems, das synthetisiert wird. Dar\u00fcber hinaus enth\u00e4lt es die zweith\u00f6chste Atommasse aller produzierten Elemente. Ebenso ist es das schwerste, was es in der Natur gibt. Schauen wir uns also an, welche Eigenschaften, Merkmale und Verwendungsm\u00f6glichkeiten Californio hat. Was ist Kalifornien? Das Element Californium ist ein dreiwertiges, k\u00fcnstliches, ... Mehr lesen","og_url":"https:\/\/chemuza.org\/de\/kalifornisch\/","og_site_name":"Chemuza","twitter_card":"summary_large_image","twitter_misc":{"Gesch\u00e4tzte Lesezeit":"4\u00a0Minuten"},"schema":{"@context":"https:\/\/schema.org","@graph":[{"@type":"WebPage","@id":"https:\/\/chemuza.org\/de\/kalifornisch\/","url":"https:\/\/chemuza.org\/de\/kalifornisch\/","name":"Kalifornien \u2013 Chemuza","isPartOf":{"@id":"https:\/\/chemuza.org\/de\/#website"},"datePublished":"2023-10-25T13:51:25+00:00","dateModified":"2023-10-25T13:51:25+00:00","breadcrumb":{"@id":"https:\/\/chemuza.org\/de\/kalifornisch\/#breadcrumb"},"inLanguage":"de","potentialAction":[{"@type":"ReadAction","target":["https:\/\/chemuza.org\/de\/kalifornisch\/"]}]},{"@type":"BreadcrumbList","@id":"https:\/\/chemuza.org\/de\/kalifornisch\/#breadcrumb","itemListElement":[{"@type":"ListItem","position":1,"name":"Heim","item":"https:\/\/chemuza.org\/de\/"},{"@type":"ListItem","position":2,"name":"Kalifornien"}]},{"@type":"WebSite","@id":"https:\/\/chemuza.org\/de\/#website","url":"https:\/\/chemuza.org\/de\/","name":"Chemuza","description":"Ihr Tor zur chemischen Entdeckung","publisher":{"@id":"https:\/\/chemuza.org\/de\/#organization"},"potentialAction":[{"@type":"SearchAction","target":{"@type":"EntryPoint","urlTemplate":"https:\/\/chemuza.org\/de\/?s={search_term_string}"},"query-input":"required name=search_term_string"}],"inLanguage":"de"},{"@type":"Organization","@id":"https:\/\/chemuza.org\/de\/#organization","name":"Chemuza","url":"https:\/\/chemuza.org\/de\/","logo":{"@type":"ImageObject","inLanguage":"de","@id":"https:\/\/chemuza.org\/de\/#\/schema\/logo\/image\/","url":"https:\/\/chemuza.org\/de\/wp-content\/uploads\/2023\/10\/chemuza-logo.png","contentUrl":"https:\/\/chemuza.org\/de\/wp-content\/uploads\/2023\/10\/chemuza-logo.png","width":387,"height":70,"caption":"Chemuza"},"image":{"@id":"https:\/\/chemuza.org\/de\/#\/schema\/logo\/image\/"}}]}},"yoast_meta":{"yoast_wpseo_title":"","yoast_wpseo_metadesc":"","yoast_wpseo_canonical":""},"_links":{"self":[{"href":"https:\/\/chemuza.org\/de\/wp-json\/wp\/v2\/pages\/1563","targetHints":{"allow":["GET"]}}],"collection":[{"href":"https:\/\/chemuza.org\/de\/wp-json\/wp\/v2\/pages"}],"about":[{"href":"https:\/\/chemuza.org\/de\/wp-json\/wp\/v2\/types\/page"}],"author":[{"embeddable":true,"href":"https:\/\/chemuza.org\/de\/wp-json\/wp\/v2\/users\/1"}],"replies":[{"embeddable":true,"href":"https:\/\/chemuza.org\/de\/wp-json\/wp\/v2\/comments?post=1563"}],"version-history":[{"count":1,"href":"https:\/\/chemuza.org\/de\/wp-json\/wp\/v2\/pages\/1563\/revisions"}],"predecessor-version":[{"id":1641,"href":"https:\/\/chemuza.org\/de\/wp-json\/wp\/v2\/pages\/1563\/revisions\/1641"}],"wp:attachment":[{"href":"https:\/\/chemuza.org\/de\/wp-json\/wp\/v2\/media?parent=1563"}],"curies":[{"name":"wp","href":"https:\/\/api.w.org\/{rel}","templated":true}]}}