{"id":1562,"date":"2023-07-13T16:20:11","date_gmt":"2023-07-13T16:20:11","guid":{"rendered":"https:\/\/chemuza.org\/de\/berkelium\/"},"modified":"2023-07-13T16:20:11","modified_gmt":"2023-07-13T16:20:11","slug":"berkelium","status":"publish","type":"page","link":"https:\/\/chemuza.org\/de\/berkelium\/","title":{"rendered":"Berkelium"},"content":{"rendered":"<p>Es ist das achtzehnte Mitglied der chemischen Reihe der Actiniden. Dar\u00fcber hinaus geh\u00f6rt es zur Gruppe der Transurane. Das Element Berkelium hingegen kommt in der Erdkruste nicht vor, da es keine stabilen Isotope hat. Informieren Sie sich \u00fcber die Merkmale und Eigenschaften.<\/p>\n<h2> <strong>Was ist Berkelium?<\/strong><\/h2>\n<p> Es ist das chemische Element mit der Ordnungszahl 97, ein Aktinid, fest, synthetisch, metallisch, hoch radioaktiv, zerbrechlich und weich. Dar\u00fcber hinaus hat es eine silberwei\u00dfe Farbe. Dar\u00fcber hinaus neigt es zur Rostbildung, da es bei hohen Temperaturen in Gegenwart von Luft oxidiert.<\/p>\n<h2> <strong>Symbol von Berkelium<\/strong><\/h2>\n<p> <span class=\"content-chemical-element\" style=\"float: left;width: 65px;height: 65px;border: 3px solid #666; display:flex;\n    justify-content: center;align-items: center;margin-right: 15px;\"><span style=\"font-size: 38px;\">Bk<\/span><\/span> ist eine Abk\u00fcrzung seines Namens. Obwohl zun\u00e4chst vermutet wurde, dass es nach dem Entdecker Glen Seaborg benannt sei, beschloss die IUPAC, Berkelium ihm zuzuordnen. Er erh\u00e4lt diesen Spitznamen zu Ehren der Universit\u00e4t und der Stadt Berkeley, wo er erhalten wurde. Dieser Titel wiederum geht auf den irischen Philosophen George Barkeley zur\u00fcck.<\/p>\n<h2> <strong>Eigenschaften von Berkelium<\/strong><\/h2>\n<p> Einige seiner Eigenschaften weisen eine gewisse \u00c4hnlichkeit mit denen von Terbium auf. Au\u00dferdem schmilzt es bei 986 \u00b0C, wird von Magnetfeldern angezogen und wiegt 14,78 g\/cm\u00b3. Dies gelang jedoch nicht auf elementare Weise. Weitere Funktionen sind:<\/p>\n<ul>\n<li> <strong>Chemische Reaktivit\u00e4t<\/strong> : In Gegenwart von Luft oder Sauerstoff bei hohen Temperaturen oxidiert es schnell.<\/li>\n<li> <strong>Zustand<\/strong> : Es ist in seiner nat\u00fcrlichen Form massiv.<\/li>\n<li> <strong>Aussehen<\/strong> : Es hat ein silbrig-wei\u00dfes metallisches Aussehen.<\/li>\n<li> <strong>Radioaktivit\u00e4t<\/strong> : Weist hohe Radioaktivit\u00e4t auf.<\/li>\n<li> <strong>Polarisierbarkeit:<\/strong> 22,7 \u00c5 <sup>3<\/sup><\/li>\n<li> <strong>L\u00f6slichkeit<\/strong> : Es ist mit Minerals\u00e4uren sehr gut l\u00f6slich.<\/li>\n<li> <strong>Magnetische Ordnung<\/strong> : Zeigt paramagnetische Eigenschaften.<\/li>\n<li> <strong>Kristallstruktur<\/strong> : Es enth\u00e4lt zwei kristalline Formen, eine kompakte doppelte sechseckige und eine weitere fl\u00e4chenzentrierte kubische.<\/li>\n<li> <strong>Isotope<\/strong> : Es sind 14 Isotope bekannt, deren Atommassen zwischen 238 und 251 variieren.<\/li>\n<\/ul>\n<h2> <strong>Chemische und physikalische Eigenschaften von Berkelium<\/strong><\/h2>\n<ol>\n<li> <strong>Ordnungszahl<\/strong> : 97 <strong>&nbsp;<\/strong><\/li>\n<li> <strong>Rust<\/strong> : Unbekannt<\/li>\n<li> <strong>Ionenradius (\u00c5)<\/strong> : 0,97 <strong>&nbsp;<\/strong><\/li>\n<li> <strong>Atomradius (\u00c5)<\/strong> : 1,7 <strong>&nbsp;<\/strong><\/li>\n<li> <strong>Atommasse (g\/mol)<\/strong> : 247 u<\/li>\n<li> <strong>Schallgeschwindigkeit<\/strong> : Keine Daten<\/li>\n<li> <strong>Spezifische W\u00e4rme<\/strong> : Keine Daten <strong>&nbsp;<\/strong><\/li>\n<li> <strong>Siedepunkt<\/strong> : 2627 \u00b0C<\/li>\n<li> <strong>Elektronegativit\u00e4t<\/strong> : 1,3 (Pauling-Skala)<\/li>\n<li> <strong>Elektronen pro Ebene<\/strong> : 2, 8, 18, 32, 26, 9, 2<\/li>\n<li> <strong>Atomvolumen<\/strong> : 16,7 cm\u00b3\/mol<\/li>\n<li> <strong>Oxidationsstufen<\/strong> : +2, +3, +4<\/li>\n<li> <strong>Erstes Ionisierungspotential (eV)<\/strong> : 601 kJ\/mol<\/li>\n<li> <strong>Elektronische Konfiguration<\/strong> : [Rn] 5f <sup>8<\/sup> 6d <sup>1<\/sup> 7s <sup>2<\/sup><\/li>\n<li> <strong>Verdampfungsenthalpie<\/strong> : 310 kJ\/mol<\/li>\n<li> <strong>Schmelzpunkt<\/strong> : 1050\u00b0C (1219K)<\/li>\n<li> <strong>Dichte (g\/ml)<\/strong> : 14790 kg\/m\u00b3<\/li>\n<\/ol>\n<h2> <strong>Herkunft von Berkelium<\/strong><\/h2>\n<p> Wenn Sie nicht wissen, wer Berkelium entdeckt hat: Es waren die Wissenschaftler Glen Seaborg, Al Ghiorso und Stanley G. Thompson. Diese Entdeckung erfolgte im Jahr 1949 an der University of Berkeley, Kalifornien. Zur Synthese bombardierten sie Am <sup>241<\/sup> mithilfe eines Zyklotrons mit hochtechnologischen Alphateilchen.<\/p>\n<p> Unmittelbar nach der Bestrahlung l\u00f6ste sich das Material ordnungsgem\u00e4\u00df auf. Anschlie\u00dfend lie\u00dfen sie es durch eine Ionenaustauscherharzs\u00e4ule laufen und verwendeten Ammoniumcitrat als Elutionsmittell\u00f6sung. Sie erhielten so ein Isotop, dessen durchschnittliche Lebensdauer 4,5 Stunden betrug.<\/p>\n<h2> <strong>Wof\u00fcr wird Berkelium verwendet?<\/strong><\/h2>\n<p> F\u00fcr das chemische Element Berkelium gibt es keine kommerziellen Anwendungen. Obwohl nur sehr geringe Mengen gewonnen werden, wird es h\u00e4ufig f\u00fcr wissenschaftliche Forschungen verwendet. Entdecken Sie seine interessanten Einsatzm\u00f6glichkeiten:<\/p>\n<h3> <strong>Gewinnung schwererer Elemente<\/strong><\/h3>\n<p> Eines seiner Isotope, <sup>249<\/sup> Bk, hat eine durchschnittliche Lebensdauer von 314 Tagen und kann in Spuren gewonnen werden. Daher wird es zur Synthese schwererer Elemente verwendet, indem deren Atome mit geladenen Teilchen beschossen werden. Das Oak Ridge National Laboratory in den USA und das Atomic Reactor Research Institute in Russland nutzen es h\u00e4ufig.<\/p>\n<h3> <strong>Physikalisch-chemische Studien<\/strong><\/h3>\n<p> Laut wissenschaftlicher Forschung erm\u00f6glicht es pr\u00e4zise Extrapolationen \u00fcber die Eigenschaften, Eigenschaften und Verhaltensweisen anderer Aktinidenelemente. Denn die schwereren sind schwer zu bekommen, haben eine kurze Lebensdauer und sind radioaktiv.<\/p>\n<h2> <strong>Berkelium erhalten<\/strong><\/h2>\n<p> Im Jahr 1969 wurde die erste Probe des Elements hergestellt, die durch Reduktion von Fluorid oder BkF <sub>3<\/sub> mit Lithium bei 1026,85 \u00b0C gewonnen wurde. Um d\u00fcnne Schichten herzustellen, reduzieren wir heute hingegen das Oxid BkO <sub>2<\/sub> mit Lanthan. goldmetallisches Thorium.<\/p>\n<h2> <strong>Ist Berkelium gesundheitssch\u00e4dlich?<\/strong><\/h2>\n<p> Wenn es seine intensive Radioaktivit\u00e4t in die Umwelt abgibt, schadet es allen Lebewesen, ob Tieren, Pflanzen oder Menschen. Es reichert sich sogar in der gesamten Nahrungskette an und wird von einer Generation zur n\u00e4chsten weitergegeben. Seine Strahlung sch\u00e4digt daher das Erbgut aller Arten. Dar\u00fcber hinaus kann eine l\u00e4ngere Exposition krebserregend sein. Dar\u00fcber hinaus f\u00fchrt es unter anderem zu Unfruchtbarkeit, St\u00f6rungen des Immunsystems, Fehlgeburten, Leuk\u00e4mie und Missbildungen.<\/p>\n<h2> <strong>Neue Oxidationsstufe von Berkelium<\/strong><\/h2>\n<p> Im Jahr 2018 entdeckte eine Forschergruppe die Oxidationsstufe +5 von Berkelium. Die Entdeckung erfolgte durch die Bildung eines Nitratkomplexes mit Bk <sup>5+<\/sup> durch die Entfernung von zwei Stickstoffdioxidmolek\u00fclen. Dar\u00fcber hinaus wurde best\u00e4tigt, dass es eine h\u00f6here Stabilit\u00e4t aufweist.<\/p>\n<p> Zusammenfassend l\u00e4sst sich sagen, dass Berkelium ein aktinisches, synthetisches, radioaktives, metallisches, weiches und spr\u00f6des Element ist. Es hat einen silbrig-wei\u00dfen Farbton, Oxidation in Gegenwart von Luft oder Sauerstoff, zwei Kristallformen und paramagnetische Eigenschaften. Die Verwendung erfolgt ausschlie\u00dflich zu wissenschaftlichen Zwecken.<\/p>\n","protected":false},"excerpt":{"rendered":"<p>Es ist das achtzehnte Mitglied der chemischen Reihe der Actiniden. Dar\u00fcber hinaus geh\u00f6rt es zur Gruppe der Transurane. Das Element Berkelium hingegen kommt in der Erdkruste nicht vor, da es keine stabilen Isotope hat. Informieren Sie sich \u00fcber die Merkmale und Eigenschaften. Was ist Berkelium? Es ist das chemische Element mit der Ordnungszahl 97, ein &#8230; <a title=\"Berkelium\" class=\"read-more\" href=\"https:\/\/chemuza.org\/de\/berkelium\/\" aria-label=\"Mehr zu Berkelium\">Mehr lesen<\/a><\/p>\n","protected":false},"author":1,"featured_media":0,"parent":0,"menu_order":0,"comment_status":"closed","ping_status":"closed","template":"","meta":{"footnotes":""},"class_list":["post-1562","page","type-page","status-publish"],"yoast_head":"<!-- This site is optimized with the Yoast SEO plugin v21.4 - https:\/\/yoast.com\/wordpress\/plugins\/seo\/ -->\n<title>Berkelium - Chemuza<\/title>\n<meta name=\"robots\" content=\"index, follow, max-snippet:-1, max-image-preview:large, max-video-preview:-1\" \/>\n<link rel=\"canonical\" href=\"https:\/\/chemuza.org\/de\/berkelium\/\" \/>\n<meta property=\"og:locale\" content=\"de_DE\" \/>\n<meta property=\"og:type\" content=\"article\" \/>\n<meta property=\"og:title\" content=\"Berkelium - Chemuza\" \/>\n<meta property=\"og:description\" content=\"Es ist das achtzehnte Mitglied der chemischen Reihe der Actiniden. Dar\u00fcber hinaus geh\u00f6rt es zur Gruppe der Transurane. Das Element Berkelium hingegen kommt in der Erdkruste nicht vor, da es keine stabilen Isotope hat. Informieren Sie sich \u00fcber die Merkmale und Eigenschaften. Was ist Berkelium? Es ist das chemische Element mit der Ordnungszahl 97, ein ... Mehr lesen\" \/>\n<meta property=\"og:url\" content=\"https:\/\/chemuza.org\/de\/berkelium\/\" \/>\n<meta property=\"og:site_name\" content=\"Chemuza\" \/>\n<meta name=\"twitter:card\" content=\"summary_large_image\" \/>\n<meta name=\"twitter:label1\" content=\"Gesch\u00e4tzte Lesezeit\" \/>\n\t<meta name=\"twitter:data1\" content=\"4\u00a0Minuten\" \/>\n<script type=\"application\/ld+json\" class=\"yoast-schema-graph\">{\"@context\":\"https:\/\/schema.org\",\"@graph\":[{\"@type\":\"WebPage\",\"@id\":\"https:\/\/chemuza.org\/de\/berkelium\/\",\"url\":\"https:\/\/chemuza.org\/de\/berkelium\/\",\"name\":\"Berkelium - Chemuza\",\"isPartOf\":{\"@id\":\"https:\/\/chemuza.org\/de\/#website\"},\"datePublished\":\"2023-07-13T16:20:11+00:00\",\"dateModified\":\"2023-07-13T16:20:11+00:00\",\"breadcrumb\":{\"@id\":\"https:\/\/chemuza.org\/de\/berkelium\/#breadcrumb\"},\"inLanguage\":\"de\",\"potentialAction\":[{\"@type\":\"ReadAction\",\"target\":[\"https:\/\/chemuza.org\/de\/berkelium\/\"]}]},{\"@type\":\"BreadcrumbList\",\"@id\":\"https:\/\/chemuza.org\/de\/berkelium\/#breadcrumb\",\"itemListElement\":[{\"@type\":\"ListItem\",\"position\":1,\"name\":\"Heim\",\"item\":\"https:\/\/chemuza.org\/de\/\"},{\"@type\":\"ListItem\",\"position\":2,\"name\":\"Berkelium\"}]},{\"@type\":\"WebSite\",\"@id\":\"https:\/\/chemuza.org\/de\/#website\",\"url\":\"https:\/\/chemuza.org\/de\/\",\"name\":\"Chemuza\",\"description\":\"Ihr Tor zur chemischen Entdeckung\",\"publisher\":{\"@id\":\"https:\/\/chemuza.org\/de\/#organization\"},\"potentialAction\":[{\"@type\":\"SearchAction\",\"target\":{\"@type\":\"EntryPoint\",\"urlTemplate\":\"https:\/\/chemuza.org\/de\/?s={search_term_string}\"},\"query-input\":\"required name=search_term_string\"}],\"inLanguage\":\"de\"},{\"@type\":\"Organization\",\"@id\":\"https:\/\/chemuza.org\/de\/#organization\",\"name\":\"Chemuza\",\"url\":\"https:\/\/chemuza.org\/de\/\",\"logo\":{\"@type\":\"ImageObject\",\"inLanguage\":\"de\",\"@id\":\"https:\/\/chemuza.org\/de\/#\/schema\/logo\/image\/\",\"url\":\"https:\/\/chemuza.org\/de\/wp-content\/uploads\/2023\/10\/chemuza-logo.png\",\"contentUrl\":\"https:\/\/chemuza.org\/de\/wp-content\/uploads\/2023\/10\/chemuza-logo.png\",\"width\":387,\"height\":70,\"caption\":\"Chemuza\"},\"image\":{\"@id\":\"https:\/\/chemuza.org\/de\/#\/schema\/logo\/image\/\"}}]}<\/script>\n<!-- \/ Yoast SEO plugin. -->","yoast_head_json":{"title":"Berkelium - Chemuza","robots":{"index":"index","follow":"follow","max-snippet":"max-snippet:-1","max-image-preview":"max-image-preview:large","max-video-preview":"max-video-preview:-1"},"canonical":"https:\/\/chemuza.org\/de\/berkelium\/","og_locale":"de_DE","og_type":"article","og_title":"Berkelium - Chemuza","og_description":"Es ist das achtzehnte Mitglied der chemischen Reihe der Actiniden. Dar\u00fcber hinaus geh\u00f6rt es zur Gruppe der Transurane. Das Element Berkelium hingegen kommt in der Erdkruste nicht vor, da es keine stabilen Isotope hat. Informieren Sie sich \u00fcber die Merkmale und Eigenschaften. Was ist Berkelium? Es ist das chemische Element mit der Ordnungszahl 97, ein ... Mehr lesen","og_url":"https:\/\/chemuza.org\/de\/berkelium\/","og_site_name":"Chemuza","twitter_card":"summary_large_image","twitter_misc":{"Gesch\u00e4tzte Lesezeit":"4\u00a0Minuten"},"schema":{"@context":"https:\/\/schema.org","@graph":[{"@type":"WebPage","@id":"https:\/\/chemuza.org\/de\/berkelium\/","url":"https:\/\/chemuza.org\/de\/berkelium\/","name":"Berkelium - Chemuza","isPartOf":{"@id":"https:\/\/chemuza.org\/de\/#website"},"datePublished":"2023-07-13T16:20:11+00:00","dateModified":"2023-07-13T16:20:11+00:00","breadcrumb":{"@id":"https:\/\/chemuza.org\/de\/berkelium\/#breadcrumb"},"inLanguage":"de","potentialAction":[{"@type":"ReadAction","target":["https:\/\/chemuza.org\/de\/berkelium\/"]}]},{"@type":"BreadcrumbList","@id":"https:\/\/chemuza.org\/de\/berkelium\/#breadcrumb","itemListElement":[{"@type":"ListItem","position":1,"name":"Heim","item":"https:\/\/chemuza.org\/de\/"},{"@type":"ListItem","position":2,"name":"Berkelium"}]},{"@type":"WebSite","@id":"https:\/\/chemuza.org\/de\/#website","url":"https:\/\/chemuza.org\/de\/","name":"Chemuza","description":"Ihr Tor zur chemischen Entdeckung","publisher":{"@id":"https:\/\/chemuza.org\/de\/#organization"},"potentialAction":[{"@type":"SearchAction","target":{"@type":"EntryPoint","urlTemplate":"https:\/\/chemuza.org\/de\/?s={search_term_string}"},"query-input":"required name=search_term_string"}],"inLanguage":"de"},{"@type":"Organization","@id":"https:\/\/chemuza.org\/de\/#organization","name":"Chemuza","url":"https:\/\/chemuza.org\/de\/","logo":{"@type":"ImageObject","inLanguage":"de","@id":"https:\/\/chemuza.org\/de\/#\/schema\/logo\/image\/","url":"https:\/\/chemuza.org\/de\/wp-content\/uploads\/2023\/10\/chemuza-logo.png","contentUrl":"https:\/\/chemuza.org\/de\/wp-content\/uploads\/2023\/10\/chemuza-logo.png","width":387,"height":70,"caption":"Chemuza"},"image":{"@id":"https:\/\/chemuza.org\/de\/#\/schema\/logo\/image\/"}}]}},"yoast_meta":{"yoast_wpseo_title":"","yoast_wpseo_metadesc":"","yoast_wpseo_canonical":""},"_links":{"self":[{"href":"https:\/\/chemuza.org\/de\/wp-json\/wp\/v2\/pages\/1562","targetHints":{"allow":["GET"]}}],"collection":[{"href":"https:\/\/chemuza.org\/de\/wp-json\/wp\/v2\/pages"}],"about":[{"href":"https:\/\/chemuza.org\/de\/wp-json\/wp\/v2\/types\/page"}],"author":[{"embeddable":true,"href":"https:\/\/chemuza.org\/de\/wp-json\/wp\/v2\/users\/1"}],"replies":[{"embeddable":true,"href":"https:\/\/chemuza.org\/de\/wp-json\/wp\/v2\/comments?post=1562"}],"version-history":[{"count":0,"href":"https:\/\/chemuza.org\/de\/wp-json\/wp\/v2\/pages\/1562\/revisions"}],"wp:attachment":[{"href":"https:\/\/chemuza.org\/de\/wp-json\/wp\/v2\/media?parent=1562"}],"curies":[{"name":"wp","href":"https:\/\/api.w.org\/{rel}","templated":true}]}}