{"id":1561,"date":"2023-07-13T16:50:51","date_gmt":"2023-07-13T16:50:51","guid":{"rendered":"https:\/\/chemuza.org\/de\/curium\/"},"modified":"2023-07-13T16:50:51","modified_gmt":"2023-07-13T16:50:51","slug":"curium","status":"publish","type":"page","link":"https:\/\/chemuza.org\/de\/curium\/","title":{"rendered":"Curium"},"content":{"rendered":"<p>Das chemische Element Curium kommt nicht in der Erdkruste vor, sondern wird k\u00fcnstlich hergestellt. Es hat \u00e4hnliche Eigenschaften wie Uran, Americium, Plutonium und Gadolinium. Im Gegensatz dazu wird sein Isotop <sup>244<\/sup> Cm im Allgemeinen als potenzielle Quelle thermoelektrischer Kraft verwendet. In diesem Abschnitt erfahren Sie unter anderem, was Curio ist, welche Eigenschaften es hat, wer es entdeckt hat.<\/p>\n<h2> <strong>Was ist Curio?<\/strong><\/h2>\n<p> Das Element Curium ist ein synthetisches, hochradioaktives, transuranisches, elektropositives, formbares und in Gegenwart von Luft oxidierbares Metall. Dar\u00fcber hinaus enth\u00e4lt es ein gl\u00e4nzendes silbernes Aussehen, ist gesundheitsgef\u00e4hrdend, geh\u00f6rt zur chemischen Reihe der Aktiniden und hat die Ordnungszahl 96. Die Eigenschaften von Curium wiederum sind denen der seltenen Erden so \u00e4hnlich, dass es typisch ist k\u00f6nnte leicht verwechselt werden.<\/p>\n<h3> <strong>Symbol der Neugier<\/strong><\/h3>\n<p> <span class=\"content-chemical-element\" style=\"float: left;width: 65px;height: 65px;border: 3px solid #666; display:flex;\n    justify-content: center;align-items: center;margin-right: 15px;\"><span style=\"font-size: 38px;\">Cm<\/span><\/span> Das Symbol Curium ist die Abk\u00fcrzung seines Namens, der zu Ehren der Chemikerin Marie Curie und ihres Mannes, des Physikers Pierre Curie, entstand. Beide Wissenschaftler waren gro\u00dfe Pioniere in der Entwicklung, dem Wissen und dem Verst\u00e4ndnis der Arbeit zur Radioaktivit\u00e4t. Au\u00dferdem entdeckten sie radioaktive chemische Elemente.<\/p>\n<h2> <strong>Merkmale der Neugier<\/strong><\/h2>\n<p> Es enth\u00e4lt eine Atommasse von 247 amu, einen Schmelzpunkt von 1340 bei 40 \u00b0C und eine relative Dichte von 13,5 kg\/m\u00b3. Es bildet im Allgemeinen tripopositive Ionen, entsteht in metallischer Form durch Reduktion von Trifluorid und seine Isotope sind Alphateilchen-Emitter. Sehen Sie sich unten weitere Curio-Funktionen an:<\/p>\n<ul>\n<li> <strong>Chemische Reaktivit\u00e4t<\/strong> : Es ist ein Element, das mit S\u00e4uren, Sauerstoff und Wasserdampf reagiert.<\/li>\n<li> <strong>Zustand<\/strong> : Obwohl es nicht in seinem nat\u00fcrlichen Zustand ist, ist seine Form solide.<\/li>\n<li> <strong>Aussehen<\/strong> : Es hat einen metallischen, silbrigen und gl\u00e4nzenden Farbton, w\u00e4hrend seine Verbindungen eine gelbe oder gelbgr\u00fcne Farbe haben.<\/li>\n<li> <strong>Radioaktivit\u00e4t<\/strong> : Es ist ein hochradioaktives Metall.<\/li>\n<li> <strong>Ver\u00e4nderungen<\/strong> : Sein silberner Glanz verblasst an der Luft, leuchtet im Dunkeln und l\u00f6st sich in gew\u00f6hnlichen Minerals\u00e4uren auf.<\/li>\n<li> <strong>Kristallstruktur<\/strong> : Es hat eine kompakte sechseckige Form.<\/li>\n<li> <strong>Polarisierbarkeit<\/strong> : Sie betr\u00e4gt 23 \u00c5 <sup>3<\/sup><\/li>\n<li> <strong>Isotope<\/strong> Derzeit sind 14 existierende Isotope dieses Elements bekannt.<\/li>\n<\/ul>\n<h2> <strong>Chemische und physikalische Eigenschaften von Curium<\/strong><\/h2>\n<ol>\n<li> <strong>Ordnungszahl<\/strong> : 96<\/li>\n<li> <strong>Oxid<\/strong> : Amphoter<\/li>\n<li> <strong>Oxidationsstufen<\/strong> : +3, 4<\/li>\n<li> <strong>Dichte (g\/ml)<\/strong> : 13.510 kg\/m\u00b3<\/li>\n<li> <strong>Ionenradius (\u00c5)<\/strong> : 0,98<\/li>\n<li> <strong>Erstes Ionisierungspotential (eV)<\/strong> : 581 kJ\/mol<\/li>\n<li> <strong>Atomradius (\u00c5)<\/strong> : 1,74<\/li>\n<li> <strong>Siedepunkt<\/strong> : 3110 \u00b0C (3383 K)<\/li>\n<li> <strong>Spezifische W\u00e4rme<\/strong> : Keine Daten<\/li>\n<li> <strong>Atommasse (g\/mol)<\/strong> : 247 u<\/li>\n<li> <strong>Schallgeschwindigkeit<\/strong> : Keine Daten<\/li>\n<li> <strong>Schmelzenthalpie<\/strong> : 15 kJ\/mol<\/li>\n<li> <strong>Elektronische Konfiguration<\/strong> : [Rn] 5f <sup>7<\/sup> 6d <sup>1<\/sup> 7s <sup>2<\/sup><\/li>\n<li> <strong>Elektronen pro Ebene<\/strong> : 2, 8, 18, 32, 25, 9, 2.<\/li>\n<li> <strong>Atomvolumen<\/strong> : 18,28 cm\u00b3\/mol<\/li>\n<li> <strong>Schmelzpunkt<\/strong> : 1340 \u00b0C (1613 K)<\/li>\n<li> <strong>Elektronegativit\u00e4t<\/strong> : 1,3 (Pauling-Skala)<\/li>\n<\/ol>\n<h2> <strong>Ursprung der Neugier<\/strong><\/h2>\n<p> Wenn Sie sich fragen, wer Curio entdeckt hat: Es waren die amerikanischen Wissenschaftler Glenn Seaborg, Albert Ghiorso und Ralph A. James. Es war 1944 an der University of Berkeley, Kalifornien, USA. Andere Untersuchungen deuten jedoch darauf hin, dass Chemiker dieses Element an der University of Chicago in Illinois synthetisierten.<\/p>\n<p> Seine Herstellung erfolgte durch Beschuss von Plutonium mit Alphateilchen oder Heliumionen, entweder synthetisch oder k\u00fcnstlich. Wir befinden uns also in der Gegenwart eines vom Menschen geschaffenen Elements, da es in der Natur nicht vorhanden ist.<\/p>\n<h2> <strong>Wozu dient das Curio?<\/strong><\/h2>\n<p> Heute wird Curium wie die Actinidenelemente haupts\u00e4chlich f\u00fcr wissenschaftliche Forschungs- und Entwicklungszwecke verwendet. Es gibt jedoch keine nennenswerten kommerziellen Anwendungen. Heutzutage haben sich einige seiner Isotope als sehr n\u00fctzlich erwiesen. Entdecken Sie weitere Apps:<\/p>\n<ul>\n<li> Mit seiner Hilfe werden andere Aktiniden gewonnen.<\/li>\n<li> Die <sup>244<\/sup> cm werden zur Erzeugung von W\u00e4rmeenergie genutzt.<\/li>\n<li> Das <sup>244-<\/sup> Cm-Isotop wird in unbemannten Raumsonden und als Abschirmung f\u00fcr Satelliten verwendet.<\/li>\n<li> Mit der <sup>242<\/sup> Cm wird der Mondboden mit Alphateilchen bombardiert und so Informationen \u00fcber die Art und Menge der vorhandenen Elemente gewonnen.<\/li>\n<li> <sup>242<\/sup> cm\u00b3 werden im Allgemeinen als Brennstoff verwendet, da sie eine hohe Energieabgabe enthalten.<\/li>\n<\/ul>\n<h2> <strong>Welche gesundheitlichen Auswirkungen hat Curio?<\/strong><\/h2>\n<p> Im Allgemeinen werden Dosen des Elements, die durch den Verzehr von Wasser, Nahrung oder Inhalation in den K\u00f6rper gelangen, innerhalb weniger Tage wieder ausgeschieden. Nach der Einnahme gelangen nur 0,05 % in den Blutkreislauf. Davon werden jedoch 45 % in der Leber abgelagert, 45 % in den Knochen und die restlichen 10 % werden ausgeschieden. Zweifellos stellt es eine gro\u00dfe Gefahr f\u00fcr die Gesundheit dar, da es zur Entstehung von Knochentumoren und Krebs f\u00fchren kann.<\/p>\n<p> Zusammenfassend ist Curio ein synthetisches Element, sehr radioaktiv, formbar, elektropositiv und mit silbernem Glanz. Dar\u00fcber hinaus oxidiert es bei Kontakt mit Luft, reagiert mit Minerals\u00e4uren und enth\u00e4lt 14 bekannte Isotope. Es gibt keine kommerziellen Anwendungen, aber es gibt wissenschaftliche Entwicklungen, wie zum Beispiel die Erzeugung von W\u00e4rmeenergie.<\/p>\n","protected":false},"excerpt":{"rendered":"<p>Das chemische Element Curium kommt nicht in der Erdkruste vor, sondern wird k\u00fcnstlich hergestellt. Es hat \u00e4hnliche Eigenschaften wie Uran, Americium, Plutonium und Gadolinium. Im Gegensatz dazu wird sein Isotop 244 Cm im Allgemeinen als potenzielle Quelle thermoelektrischer Kraft verwendet. In diesem Abschnitt erfahren Sie unter anderem, was Curio ist, welche Eigenschaften es hat, wer &#8230; <a title=\"Curium\" class=\"read-more\" href=\"https:\/\/chemuza.org\/de\/curium\/\" aria-label=\"Mehr zu Curium\">Mehr lesen<\/a><\/p>\n","protected":false},"author":1,"featured_media":0,"parent":0,"menu_order":0,"comment_status":"closed","ping_status":"closed","template":"","meta":{"footnotes":""},"class_list":["post-1561","page","type-page","status-publish"],"yoast_head":"<!-- This site is optimized with the Yoast SEO plugin v21.4 - https:\/\/yoast.com\/wordpress\/plugins\/seo\/ -->\n<title>Curium - Chemuza<\/title>\n<meta name=\"robots\" content=\"index, follow, max-snippet:-1, max-image-preview:large, max-video-preview:-1\" \/>\n<link rel=\"canonical\" href=\"https:\/\/chemuza.org\/de\/curium\/\" \/>\n<meta property=\"og:locale\" content=\"de_DE\" \/>\n<meta property=\"og:type\" content=\"article\" \/>\n<meta property=\"og:title\" content=\"Curium - Chemuza\" \/>\n<meta property=\"og:description\" content=\"Das chemische Element Curium kommt nicht in der Erdkruste vor, sondern wird k\u00fcnstlich hergestellt. Es hat \u00e4hnliche Eigenschaften wie Uran, Americium, Plutonium und Gadolinium. Im Gegensatz dazu wird sein Isotop 244 Cm im Allgemeinen als potenzielle Quelle thermoelektrischer Kraft verwendet. In diesem Abschnitt erfahren Sie unter anderem, was Curio ist, welche Eigenschaften es hat, wer ... Mehr lesen\" \/>\n<meta property=\"og:url\" content=\"https:\/\/chemuza.org\/de\/curium\/\" \/>\n<meta property=\"og:site_name\" content=\"Chemuza\" \/>\n<meta name=\"twitter:card\" content=\"summary_large_image\" \/>\n<meta name=\"twitter:label1\" content=\"Gesch\u00e4tzte Lesezeit\" \/>\n\t<meta name=\"twitter:data1\" content=\"4\u00a0Minuten\" \/>\n<script type=\"application\/ld+json\" class=\"yoast-schema-graph\">{\"@context\":\"https:\/\/schema.org\",\"@graph\":[{\"@type\":\"WebPage\",\"@id\":\"https:\/\/chemuza.org\/de\/curium\/\",\"url\":\"https:\/\/chemuza.org\/de\/curium\/\",\"name\":\"Curium - Chemuza\",\"isPartOf\":{\"@id\":\"https:\/\/chemuza.org\/de\/#website\"},\"datePublished\":\"2023-07-13T16:50:51+00:00\",\"dateModified\":\"2023-07-13T16:50:51+00:00\",\"breadcrumb\":{\"@id\":\"https:\/\/chemuza.org\/de\/curium\/#breadcrumb\"},\"inLanguage\":\"de\",\"potentialAction\":[{\"@type\":\"ReadAction\",\"target\":[\"https:\/\/chemuza.org\/de\/curium\/\"]}]},{\"@type\":\"BreadcrumbList\",\"@id\":\"https:\/\/chemuza.org\/de\/curium\/#breadcrumb\",\"itemListElement\":[{\"@type\":\"ListItem\",\"position\":1,\"name\":\"Heim\",\"item\":\"https:\/\/chemuza.org\/de\/\"},{\"@type\":\"ListItem\",\"position\":2,\"name\":\"Curium\"}]},{\"@type\":\"WebSite\",\"@id\":\"https:\/\/chemuza.org\/de\/#website\",\"url\":\"https:\/\/chemuza.org\/de\/\",\"name\":\"Chemuza\",\"description\":\"Ihr Tor zur chemischen Entdeckung\",\"publisher\":{\"@id\":\"https:\/\/chemuza.org\/de\/#organization\"},\"potentialAction\":[{\"@type\":\"SearchAction\",\"target\":{\"@type\":\"EntryPoint\",\"urlTemplate\":\"https:\/\/chemuza.org\/de\/?s={search_term_string}\"},\"query-input\":\"required name=search_term_string\"}],\"inLanguage\":\"de\"},{\"@type\":\"Organization\",\"@id\":\"https:\/\/chemuza.org\/de\/#organization\",\"name\":\"Chemuza\",\"url\":\"https:\/\/chemuza.org\/de\/\",\"logo\":{\"@type\":\"ImageObject\",\"inLanguage\":\"de\",\"@id\":\"https:\/\/chemuza.org\/de\/#\/schema\/logo\/image\/\",\"url\":\"https:\/\/chemuza.org\/de\/wp-content\/uploads\/2023\/10\/chemuza-logo.png\",\"contentUrl\":\"https:\/\/chemuza.org\/de\/wp-content\/uploads\/2023\/10\/chemuza-logo.png\",\"width\":387,\"height\":70,\"caption\":\"Chemuza\"},\"image\":{\"@id\":\"https:\/\/chemuza.org\/de\/#\/schema\/logo\/image\/\"}}]}<\/script>\n<!-- \/ Yoast SEO plugin. -->","yoast_head_json":{"title":"Curium - Chemuza","robots":{"index":"index","follow":"follow","max-snippet":"max-snippet:-1","max-image-preview":"max-image-preview:large","max-video-preview":"max-video-preview:-1"},"canonical":"https:\/\/chemuza.org\/de\/curium\/","og_locale":"de_DE","og_type":"article","og_title":"Curium - Chemuza","og_description":"Das chemische Element Curium kommt nicht in der Erdkruste vor, sondern wird k\u00fcnstlich hergestellt. Es hat \u00e4hnliche Eigenschaften wie Uran, Americium, Plutonium und Gadolinium. Im Gegensatz dazu wird sein Isotop 244 Cm im Allgemeinen als potenzielle Quelle thermoelektrischer Kraft verwendet. In diesem Abschnitt erfahren Sie unter anderem, was Curio ist, welche Eigenschaften es hat, wer ... Mehr lesen","og_url":"https:\/\/chemuza.org\/de\/curium\/","og_site_name":"Chemuza","twitter_card":"summary_large_image","twitter_misc":{"Gesch\u00e4tzte Lesezeit":"4\u00a0Minuten"},"schema":{"@context":"https:\/\/schema.org","@graph":[{"@type":"WebPage","@id":"https:\/\/chemuza.org\/de\/curium\/","url":"https:\/\/chemuza.org\/de\/curium\/","name":"Curium - Chemuza","isPartOf":{"@id":"https:\/\/chemuza.org\/de\/#website"},"datePublished":"2023-07-13T16:50:51+00:00","dateModified":"2023-07-13T16:50:51+00:00","breadcrumb":{"@id":"https:\/\/chemuza.org\/de\/curium\/#breadcrumb"},"inLanguage":"de","potentialAction":[{"@type":"ReadAction","target":["https:\/\/chemuza.org\/de\/curium\/"]}]},{"@type":"BreadcrumbList","@id":"https:\/\/chemuza.org\/de\/curium\/#breadcrumb","itemListElement":[{"@type":"ListItem","position":1,"name":"Heim","item":"https:\/\/chemuza.org\/de\/"},{"@type":"ListItem","position":2,"name":"Curium"}]},{"@type":"WebSite","@id":"https:\/\/chemuza.org\/de\/#website","url":"https:\/\/chemuza.org\/de\/","name":"Chemuza","description":"Ihr Tor zur chemischen Entdeckung","publisher":{"@id":"https:\/\/chemuza.org\/de\/#organization"},"potentialAction":[{"@type":"SearchAction","target":{"@type":"EntryPoint","urlTemplate":"https:\/\/chemuza.org\/de\/?s={search_term_string}"},"query-input":"required name=search_term_string"}],"inLanguage":"de"},{"@type":"Organization","@id":"https:\/\/chemuza.org\/de\/#organization","name":"Chemuza","url":"https:\/\/chemuza.org\/de\/","logo":{"@type":"ImageObject","inLanguage":"de","@id":"https:\/\/chemuza.org\/de\/#\/schema\/logo\/image\/","url":"https:\/\/chemuza.org\/de\/wp-content\/uploads\/2023\/10\/chemuza-logo.png","contentUrl":"https:\/\/chemuza.org\/de\/wp-content\/uploads\/2023\/10\/chemuza-logo.png","width":387,"height":70,"caption":"Chemuza"},"image":{"@id":"https:\/\/chemuza.org\/de\/#\/schema\/logo\/image\/"}}]}},"yoast_meta":{"yoast_wpseo_title":"","yoast_wpseo_metadesc":"","yoast_wpseo_canonical":""},"_links":{"self":[{"href":"https:\/\/chemuza.org\/de\/wp-json\/wp\/v2\/pages\/1561","targetHints":{"allow":["GET"]}}],"collection":[{"href":"https:\/\/chemuza.org\/de\/wp-json\/wp\/v2\/pages"}],"about":[{"href":"https:\/\/chemuza.org\/de\/wp-json\/wp\/v2\/types\/page"}],"author":[{"embeddable":true,"href":"https:\/\/chemuza.org\/de\/wp-json\/wp\/v2\/users\/1"}],"replies":[{"embeddable":true,"href":"https:\/\/chemuza.org\/de\/wp-json\/wp\/v2\/comments?post=1561"}],"version-history":[{"count":0,"href":"https:\/\/chemuza.org\/de\/wp-json\/wp\/v2\/pages\/1561\/revisions"}],"wp:attachment":[{"href":"https:\/\/chemuza.org\/de\/wp-json\/wp\/v2\/media?parent=1561"}],"curies":[{"name":"wp","href":"https:\/\/api.w.org\/{rel}","templated":true}]}}