{"id":1559,"date":"2023-07-13T17:53:42","date_gmt":"2023-07-13T17:53:42","guid":{"rendered":"https:\/\/chemuza.org\/de\/plutonium\/"},"modified":"2023-07-13T17:53:42","modified_gmt":"2023-07-13T17:53:42","slug":"plutonium","status":"publish","type":"page","link":"https:\/\/chemuza.org\/de\/plutonium\/","title":{"rendered":"Plutonium"},"content":{"rendered":"<p>Als chemisches Element kommt es auf der Erde sehr selten vor, weshalb es vor allem f\u00fcr seinen k\u00fcnstlichen Ursprung bekannt ist. Die h\u00e4ufigsten Einsatzgebiete sind die Herstellung von Kernbrennstoffen oder Kernwaffenunternehmen. Es geh\u00f6rt zur Kategorie der Aktinidmetalle und alle seine Isotope sind radioaktiv. Weitere Informationen zu Plutonium wie Eigenschaften, Herkunft und Eigenschaften finden Sie hier.<\/p>\n<h2> <strong>Was ist Plutonium?<\/strong><\/h2>\n<p> Es ist ein transuranisches chemisches Element, das hei\u00dft, es geht \u00fcber Uran hinaus. Seine Farbe ist silbergrau, aber wenn es der Luft ausgesetzt wird, ist es dunkel und wenn es oxidiert wird, bildet es eine undurchsichtige gelbe Schicht, die auch als gr\u00fcnes Plutonium bekannt ist. Normalerweise hat es 6 allotrope Zust\u00e4nde und 4 Oxidationsstufen. Dar\u00fcber hinaus kann es mit Stickstoff, Kohlenstoff, Silizium und Halogenen reagieren.<\/p>\n<h3> <strong>Plutonium-Symbol<\/strong><\/h3>\n<p> <span class=\"content-chemical-element\" style=\"float: left;width: 65px;height: 65px;border: 3px solid #666; display:flex;\n    justify-content: center;align-items: center;margin-right: 15px;\"><span style=\"font-size: 38px;\">Pu<\/span><\/span> hat die Ordnungszahl 94 und die Atommasse 244. Es gibt 16 stabile Atomvarianten, also reaktive Isotope. Plutonium-239 ist aufgrund seiner spaltbaren Eigenschaften chemisch von gr\u00f6\u00dferem Interesse, kann aber auch Neutronen einfangen und so h\u00f6here Isotope erzeugen.<\/p>\n<h2> <strong>Eigenschaften von Plutonium<\/strong><\/h2>\n<p> Plutonium l\u00f6st sich leicht in Perchlors\u00e4ure und Jodwasserstoffs\u00e4ure. Aufgrund der Energie, die es beim Alpha-Zerfall freisetzt, ist es in der Lage, viel W\u00e4rme abzugeben. Bei Raumtemperatur ist es ein hartes, spr\u00f6des Element, \u00e4hnlich wie Gusseisen. Die anderen Eigenschaften von Plutonium sind:<\/p>\n<ul>\n<li> <strong>Leitf\u00e4higkeit:<\/strong> Es ist kein guter W\u00e4rme- und Stromleiter.<\/li>\n<li> <strong>L\u00f6slichkeit:<\/strong> L\u00f6st sich in S\u00e4uren und reagiert mit K\u00f6nigswasser.<\/li>\n<li> <strong>Spezifischer Widerstand:<\/strong> Hoch bei Raumtemperatur und noch h\u00f6her bei niedrigen Temperaturen.<\/li>\n<li> <strong>Allotropie:<\/strong> Es gibt 6 Allotrope mit \u00e4hnlichen Energieniveaus.<\/li>\n<li> <strong>Helligkeit:<\/strong> Strahlt kraftvoll.<\/li>\n<li> <strong>Struktur:<\/strong> Monoklin.<\/li>\n<\/ul>\n<h2> <strong>Chemische und physikalische Eigenschaften von Plutonium<\/strong><\/h2>\n<ol>\n<li> <strong>Ordnungszahl<\/strong> : 94<\/li>\n<li> <strong>Zeitraum:<\/strong> 7<\/li>\n<li> <strong>Block:<\/strong> f<\/li>\n<li> <strong>Kovalenter Radius:<\/strong> 187+-1<\/li>\n<li> <strong>Atomradius:<\/strong> 159<\/li>\n<li> <strong>Durchschnittlicher Radius:<\/strong> 135<\/li>\n<li> <strong>Dichte:<\/strong> 19816 kg\/m\u00b3<\/li>\n<li> <strong>Schmelzpunkt:<\/strong> 912,5 K<\/li>\n<li> <strong>Spezifische W\u00e4rme:<\/strong> 35,5 J<\/li>\n<li> <strong>Elastizit\u00e4tsmodul:<\/strong> 96 GPa<\/li>\n<li> <strong>Siedepunkt:<\/strong> 3505 K<\/li>\n<li> <strong>Elektronegativit\u00e4t:<\/strong> 1,28<\/li>\n<li> <strong>Schallgeschwindigkeit:<\/strong> 2.260 m\/s bei 293,15 K<\/li>\n<li> <strong>Dampfdruck:<\/strong> 10,00 Pa bei 2926 K<\/li>\n<li> <strong>Elektronische Konfiguration:<\/strong> [Rn] 5f <sup>6<\/sup> 7s <sup>2<\/sup><\/li>\n<li> <strong>Verdampfungsenthalpie:<\/strong> 333,5 kJ\/mol<\/li>\n<li> <strong>Schmelzenthalpie:<\/strong> 2,82 Kj\/mol<\/li>\n<li> <strong>W\u00e4rmeleitf\u00e4higkeit:<\/strong> 6,74 W<\/li>\n<li> <strong>Schermodul:<\/strong> 43 GPa<\/li>\n<\/ol>\n<h2> <strong>Ursprung von Plutonium<\/strong><\/h2>\n<p> Im Jahr 1934 gaben der italienische Physiker Enrico Fermi und mehrere Wissenschaftler der Universit\u00e4t Rom bekannt, dass sie das Element 94 entdeckt hatten, das sie Hesperium nannten. Es bestand aus einer Mischung aus Krypton, Barium und anderen Elementen, aber ohne die Entdeckung der Kernspaltung waren die Experimente nicht schl\u00fcssig.<\/p>\n<p> Sp\u00e4ter, am 14. Dezember 1940, wurde Plutonium 238 zum ersten Mal isoliert und im folgenden Jahr dank Edwin McMillan, AC Wahl, Glenn T. Seaborg und JW Kennedy chemisch erkannt. Diese Wissenschaftler bombardierten das Element Uran mit Deuterium in einem Teilchenbeschleuniger namens Cycloton, einem Wasserstoffisotop, dessen Kern ein Proton und ein Neutron enth\u00e4lt.<\/p>\n<p> Durch die Bombardierung entstand das Element Neptunium 238, das durch Betaemission mit einer kurzen Lebensdauer von zwei Tagen zerf\u00e4llt. Dann schlug Edwin McMillan vor, dem Element 94 den Namen Pluto zu geben, weil es der Planet war, der ihm folgte. Glenn Seaborg schlug sp\u00e4ter vor, es Plutio zu nennen, und nannte es dann Plutonium.<\/p>\n<h2> <strong>Wof\u00fcr wird Plutonium verwendet?<\/strong><\/h2>\n<p> Seine wichtigsten Verwendungszwecke h\u00e4ngen weitgehend von zwei seiner Eigenschaften ab, n\u00e4mlich der W\u00e4rmeenergie, die dieses Element dazu bringt, eine gro\u00dfe W\u00e4rmemenge abzugeben. Der zweite Aspekt ist die elektrische Energie in Raumfahrzeugen und Sonden. Hier sind einige der Anwendungen dieses Elements:<\/p>\n<h3> <strong>Industrie<\/strong><\/h3>\n<p> Die F\u00e4higkeit dieses Elements des Periodensystems, W\u00e4rme zu erzeugen, macht es ideal f\u00fcr den Einsatz in thermoelektrischen Generatoranwendungen. Diese Transformatoren haben die F\u00e4higkeit, W\u00e4rme in Strom umzuwandeln. Es wird auch als Brennstoff bei der Herstellung von Atombomben und Kernkraftwerken verwendet. Das hierf\u00fcr verwendete Isotop ist Plutonium 239, das einer Kernspaltung unterliegt.<\/p>\n<h3> <strong>Medizin<\/strong><\/h3>\n<p> Die erzeugte Energie erm\u00f6glicht die Verwendung von Plutonium zur Herstellung k\u00fcnstlicher Herzschrittmacher, die Menschen mit Herzerkrankungen ben\u00f6tigen. Das f\u00fcr diesen Zweck am h\u00e4ufigsten verwendete Isotop ist Plutonium-238, da es eine Strahlungsart aussendet, die f\u00fcr die menschliche Gesundheit ungef\u00e4hrlich ist.<\/p>\n<p> Zusammenfassend l\u00e4sst sich sagen, dass Plutonium ein chemisches Element ist, das zu den Aktiniden geh\u00f6rt, eine silberne Farbe hat und unterschiedliche Kristallstrukturen aufweist. Dar\u00fcber hinaus wird es zur Herstellung von Atomwaffen und Kernbrennstoff verwendet. Es wird synthetisch hergestellt und ist in der Natur selten. Dar\u00fcber hinaus ist es giftig und radioaktiv; Bei Verschlucken oder Einatmen kann es zu Erkrankungen oder zum Tod kommen.<\/p>\n","protected":false},"excerpt":{"rendered":"<p>Als chemisches Element kommt es auf der Erde sehr selten vor, weshalb es vor allem f\u00fcr seinen k\u00fcnstlichen Ursprung bekannt ist. Die h\u00e4ufigsten Einsatzgebiete sind die Herstellung von Kernbrennstoffen oder Kernwaffenunternehmen. Es geh\u00f6rt zur Kategorie der Aktinidmetalle und alle seine Isotope sind radioaktiv. Weitere Informationen zu Plutonium wie Eigenschaften, Herkunft und Eigenschaften finden Sie hier. &#8230; <a title=\"Plutonium\" class=\"read-more\" href=\"https:\/\/chemuza.org\/de\/plutonium\/\" aria-label=\"Mehr zu Plutonium\">Mehr lesen<\/a><\/p>\n","protected":false},"author":1,"featured_media":0,"parent":0,"menu_order":0,"comment_status":"closed","ping_status":"closed","template":"","meta":{"footnotes":""},"class_list":["post-1559","page","type-page","status-publish"],"yoast_head":"<!-- This site is optimized with the Yoast SEO plugin v21.4 - https:\/\/yoast.com\/wordpress\/plugins\/seo\/ -->\n<title>Plutonium - Chemuza<\/title>\n<meta name=\"robots\" content=\"index, follow, max-snippet:-1, max-image-preview:large, max-video-preview:-1\" \/>\n<link rel=\"canonical\" href=\"https:\/\/chemuza.org\/de\/plutonium\/\" \/>\n<meta property=\"og:locale\" content=\"de_DE\" \/>\n<meta property=\"og:type\" content=\"article\" \/>\n<meta property=\"og:title\" content=\"Plutonium - Chemuza\" \/>\n<meta property=\"og:description\" content=\"Als chemisches Element kommt es auf der Erde sehr selten vor, weshalb es vor allem f\u00fcr seinen k\u00fcnstlichen Ursprung bekannt ist. Die h\u00e4ufigsten Einsatzgebiete sind die Herstellung von Kernbrennstoffen oder Kernwaffenunternehmen. Es geh\u00f6rt zur Kategorie der Aktinidmetalle und alle seine Isotope sind radioaktiv. Weitere Informationen zu Plutonium wie Eigenschaften, Herkunft und Eigenschaften finden Sie hier. ... Mehr lesen\" \/>\n<meta property=\"og:url\" content=\"https:\/\/chemuza.org\/de\/plutonium\/\" \/>\n<meta property=\"og:site_name\" content=\"Chemuza\" \/>\n<meta name=\"twitter:card\" content=\"summary_large_image\" \/>\n<meta name=\"twitter:label1\" content=\"Gesch\u00e4tzte Lesezeit\" \/>\n\t<meta name=\"twitter:data1\" content=\"3\u00a0Minuten\" \/>\n<script type=\"application\/ld+json\" class=\"yoast-schema-graph\">{\"@context\":\"https:\/\/schema.org\",\"@graph\":[{\"@type\":\"WebPage\",\"@id\":\"https:\/\/chemuza.org\/de\/plutonium\/\",\"url\":\"https:\/\/chemuza.org\/de\/plutonium\/\",\"name\":\"Plutonium - Chemuza\",\"isPartOf\":{\"@id\":\"https:\/\/chemuza.org\/de\/#website\"},\"datePublished\":\"2023-07-13T17:53:42+00:00\",\"dateModified\":\"2023-07-13T17:53:42+00:00\",\"breadcrumb\":{\"@id\":\"https:\/\/chemuza.org\/de\/plutonium\/#breadcrumb\"},\"inLanguage\":\"de\",\"potentialAction\":[{\"@type\":\"ReadAction\",\"target\":[\"https:\/\/chemuza.org\/de\/plutonium\/\"]}]},{\"@type\":\"BreadcrumbList\",\"@id\":\"https:\/\/chemuza.org\/de\/plutonium\/#breadcrumb\",\"itemListElement\":[{\"@type\":\"ListItem\",\"position\":1,\"name\":\"Heim\",\"item\":\"https:\/\/chemuza.org\/de\/\"},{\"@type\":\"ListItem\",\"position\":2,\"name\":\"Plutonium\"}]},{\"@type\":\"WebSite\",\"@id\":\"https:\/\/chemuza.org\/de\/#website\",\"url\":\"https:\/\/chemuza.org\/de\/\",\"name\":\"Chemuza\",\"description\":\"Ihr Tor zur chemischen Entdeckung\",\"publisher\":{\"@id\":\"https:\/\/chemuza.org\/de\/#organization\"},\"potentialAction\":[{\"@type\":\"SearchAction\",\"target\":{\"@type\":\"EntryPoint\",\"urlTemplate\":\"https:\/\/chemuza.org\/de\/?s={search_term_string}\"},\"query-input\":\"required name=search_term_string\"}],\"inLanguage\":\"de\"},{\"@type\":\"Organization\",\"@id\":\"https:\/\/chemuza.org\/de\/#organization\",\"name\":\"Chemuza\",\"url\":\"https:\/\/chemuza.org\/de\/\",\"logo\":{\"@type\":\"ImageObject\",\"inLanguage\":\"de\",\"@id\":\"https:\/\/chemuza.org\/de\/#\/schema\/logo\/image\/\",\"url\":\"https:\/\/chemuza.org\/de\/wp-content\/uploads\/2023\/10\/chemuza-logo.png\",\"contentUrl\":\"https:\/\/chemuza.org\/de\/wp-content\/uploads\/2023\/10\/chemuza-logo.png\",\"width\":387,\"height\":70,\"caption\":\"Chemuza\"},\"image\":{\"@id\":\"https:\/\/chemuza.org\/de\/#\/schema\/logo\/image\/\"}}]}<\/script>\n<!-- \/ Yoast SEO plugin. -->","yoast_head_json":{"title":"Plutonium - Chemuza","robots":{"index":"index","follow":"follow","max-snippet":"max-snippet:-1","max-image-preview":"max-image-preview:large","max-video-preview":"max-video-preview:-1"},"canonical":"https:\/\/chemuza.org\/de\/plutonium\/","og_locale":"de_DE","og_type":"article","og_title":"Plutonium - Chemuza","og_description":"Als chemisches Element kommt es auf der Erde sehr selten vor, weshalb es vor allem f\u00fcr seinen k\u00fcnstlichen Ursprung bekannt ist. Die h\u00e4ufigsten Einsatzgebiete sind die Herstellung von Kernbrennstoffen oder Kernwaffenunternehmen. Es geh\u00f6rt zur Kategorie der Aktinidmetalle und alle seine Isotope sind radioaktiv. Weitere Informationen zu Plutonium wie Eigenschaften, Herkunft und Eigenschaften finden Sie hier. ... Mehr lesen","og_url":"https:\/\/chemuza.org\/de\/plutonium\/","og_site_name":"Chemuza","twitter_card":"summary_large_image","twitter_misc":{"Gesch\u00e4tzte Lesezeit":"3\u00a0Minuten"},"schema":{"@context":"https:\/\/schema.org","@graph":[{"@type":"WebPage","@id":"https:\/\/chemuza.org\/de\/plutonium\/","url":"https:\/\/chemuza.org\/de\/plutonium\/","name":"Plutonium - Chemuza","isPartOf":{"@id":"https:\/\/chemuza.org\/de\/#website"},"datePublished":"2023-07-13T17:53:42+00:00","dateModified":"2023-07-13T17:53:42+00:00","breadcrumb":{"@id":"https:\/\/chemuza.org\/de\/plutonium\/#breadcrumb"},"inLanguage":"de","potentialAction":[{"@type":"ReadAction","target":["https:\/\/chemuza.org\/de\/plutonium\/"]}]},{"@type":"BreadcrumbList","@id":"https:\/\/chemuza.org\/de\/plutonium\/#breadcrumb","itemListElement":[{"@type":"ListItem","position":1,"name":"Heim","item":"https:\/\/chemuza.org\/de\/"},{"@type":"ListItem","position":2,"name":"Plutonium"}]},{"@type":"WebSite","@id":"https:\/\/chemuza.org\/de\/#website","url":"https:\/\/chemuza.org\/de\/","name":"Chemuza","description":"Ihr Tor zur chemischen Entdeckung","publisher":{"@id":"https:\/\/chemuza.org\/de\/#organization"},"potentialAction":[{"@type":"SearchAction","target":{"@type":"EntryPoint","urlTemplate":"https:\/\/chemuza.org\/de\/?s={search_term_string}"},"query-input":"required name=search_term_string"}],"inLanguage":"de"},{"@type":"Organization","@id":"https:\/\/chemuza.org\/de\/#organization","name":"Chemuza","url":"https:\/\/chemuza.org\/de\/","logo":{"@type":"ImageObject","inLanguage":"de","@id":"https:\/\/chemuza.org\/de\/#\/schema\/logo\/image\/","url":"https:\/\/chemuza.org\/de\/wp-content\/uploads\/2023\/10\/chemuza-logo.png","contentUrl":"https:\/\/chemuza.org\/de\/wp-content\/uploads\/2023\/10\/chemuza-logo.png","width":387,"height":70,"caption":"Chemuza"},"image":{"@id":"https:\/\/chemuza.org\/de\/#\/schema\/logo\/image\/"}}]}},"yoast_meta":{"yoast_wpseo_title":"","yoast_wpseo_metadesc":"","yoast_wpseo_canonical":""},"_links":{"self":[{"href":"https:\/\/chemuza.org\/de\/wp-json\/wp\/v2\/pages\/1559","targetHints":{"allow":["GET"]}}],"collection":[{"href":"https:\/\/chemuza.org\/de\/wp-json\/wp\/v2\/pages"}],"about":[{"href":"https:\/\/chemuza.org\/de\/wp-json\/wp\/v2\/types\/page"}],"author":[{"embeddable":true,"href":"https:\/\/chemuza.org\/de\/wp-json\/wp\/v2\/users\/1"}],"replies":[{"embeddable":true,"href":"https:\/\/chemuza.org\/de\/wp-json\/wp\/v2\/comments?post=1559"}],"version-history":[{"count":0,"href":"https:\/\/chemuza.org\/de\/wp-json\/wp\/v2\/pages\/1559\/revisions"}],"wp:attachment":[{"href":"https:\/\/chemuza.org\/de\/wp-json\/wp\/v2\/media?parent=1559"}],"curies":[{"name":"wp","href":"https:\/\/api.w.org\/{rel}","templated":true}]}}