{"id":1557,"date":"2023-07-13T19:10:45","date_gmt":"2023-07-13T19:10:45","guid":{"rendered":"https:\/\/chemuza.org\/de\/quecksilber\/"},"modified":"2023-07-13T19:10:45","modified_gmt":"2023-07-13T19:10:45","slug":"quecksilber","status":"publish","type":"page","link":"https:\/\/chemuza.org\/de\/quecksilber\/","title":{"rendered":"Quecksilber"},"content":{"rendered":"<p>Es kommt in Kohlevorkommen auf der ganzen Welt vor und kommt nur sehr selten auf der Erdoberfl\u00e4che vor, wo es in Form von Oxiden und Salzen vorkommt. Die Rede ist von Quecksilber, das in der chemischen Produktion, f\u00fcr elektrische Anwendungen, in der Medizin und im t\u00e4glichen Leben verwendet wird. Erfahren Sie alles, was Sie \u00fcber dieses chemische Element wissen m\u00fcssen.<\/p>\n<h2> <strong>Was ist Merkur?<\/strong><\/h2>\n<p> Es ist ein chemisches Element in der Kategorie der \u00dcbergangsmetalle im Periodensystem. Auch bekannt als Hydrargiro oder fl\u00fcssiges Silber und als Quecksilber. Die Farbe ist gl\u00e4nzend silbern mit Perlmuttt\u00f6nen. Die Oxidationsstufen einiger seiner Verbindungen liegen zwischen +2 und +1 im Fall von Quecksilberchlorid und Quecksilberchlorid. Andere sind die Salze von Quecksilbernitrat, Quecksilberperchlorat und Dimethylquecksilber, einer Verbindung, deren Atome an Stickstoff- oder Kohlenstoffpartikel gebunden sind.<\/p>\n<h3> <strong>Merkur-Symbol<\/strong><\/h3>\n<p> <span class=\"content-chemical-element\" style=\"float: left;width: 65px;height: 65px;border: 3px solid #666; display:flex;\n    justify-content: center;align-items: center;margin-right: 15px;\"><span style=\"font-size: 38px;\">Hg<\/span><\/span> Es befindet sich in der 12. Gruppe des Periodensystems mit der Ordnungszahl 80 und einer Masse von 200,59. Es gibt 7 Varianten oder Isotope, von denen einige reaktiv sind und eine lange Zerfallszeit von 46 Tagen bis etwa 444 Jahren haben.<\/p>\n<h2> <strong>Eigenschaften von Quecksilber<\/strong><\/h2>\n<p> In fester Form ist es weich und korrodiert in gem\u00e4\u00dfigten Umgebungen nicht. Wenn es jedoch l\u00e4ngere Zeit feuchter Luft ausgesetzt ist, wird es mit einer d\u00fcnnen Rostschicht bedeckt. Obwohl es kein W\u00e4rmeleiter ist, ist es ein Stromleiter. Kennen Sie die anderen Eigenschaften von Metall:<\/p>\n<ul>\n<li> <strong>L\u00f6slichkeit:<\/strong> Es ist in Wasser unl\u00f6slich und in Salpeters\u00e4ure l\u00f6slich.<\/li>\n<li> <strong>Status:<\/strong> Fl\u00fcssig.<\/li>\n<li> <strong>Chemische Reaktivit\u00e4t:<\/strong> Geringe Reaktivit\u00e4t.<\/li>\n<li> <strong>Glanz:<\/strong> metallisch.<\/li>\n<li> <strong>Struktur:<\/strong> sechseckig, rhomboedrisch.<\/li>\n<li> <strong>Siedepunkt:<\/strong> Niedrig.<\/li>\n<\/ul>\n<h2> <strong>Chemische und physikalische Eigenschaften von Quecksilber<\/strong><\/h2>\n<ol>\n<li> <strong>Ordnungszahl<\/strong> : 80<\/li>\n<li> <strong>Zeitraum:<\/strong> 6<\/li>\n<li> <strong>Block:<\/strong> d<\/li>\n<li> <strong>Kovalenter Radius:<\/strong> 149<\/li>\n<li> <strong>Atomradius:<\/strong> 171<\/li>\n<li> <strong>Durchschnittlicher Radius:<\/strong> 150<\/li>\n<li> <strong>Schmelzpunkt:<\/strong> 234,32 K<\/li>\n<li> <strong>Elektronegativit\u00e4t:<\/strong> 2,00<\/li>\n<li> <strong>Verdampfungsenthalpie:<\/strong> 59.229 kJ\/mol<\/li>\n<li> <strong>Schmelzenthalpie:<\/strong> 2,295 Kj\/mol<\/li>\n<li> <strong>Elektronische Konfiguration:<\/strong> [Xe] 4f <sup>14<\/sup> 5d <sup>10<\/sup> 6s <sup>2<\/sup><\/li>\n<li> <strong>Schallgeschwindigkeit:<\/strong> 1407 m\/s bei 293,15 K<\/li>\n<li> <strong>Siedepunkt:<\/strong> 629,88 K<\/li>\n<li> <strong>W\u00e4rmeleitf\u00e4higkeit:<\/strong> 8,34 W<\/li>\n<li> <strong>Dichte:<\/strong> 13534 kg\/m\u00b3<\/li>\n<li> <strong>Spezifische W\u00e4rme:<\/strong> 140 J<\/li>\n<li> <strong>Dampfdruck:<\/strong> 0,0002 Pa bei 234 K<\/li>\n<\/ol>\n<h2> <strong>Ursprung von Merkur<\/strong><\/h2>\n<p> Der Name leitet sich vom lateinischen Wort <em>hydrargyrum ab,<\/em> was silbriges Wasser bedeutet. Tats\u00e4chlich ist dies angemessen, da es sich um eine Fl\u00fcssigkeit wie Wasser handelt und wie Silber gl\u00e4nzt, sodass es auch mit dem Planeten Merkur in Verbindung gebracht wird.<\/p>\n<p> Was sein Alter betrifft, so findet man es in bestimmten \u00e4gyptischen Gr\u00e4bern aus dem Jahr 1.500 v. Chr. und in anderen Teotihuacanas aus dem Jahr 1.800. Seine Eigenschaften wurden von den Menschen sehr gesch\u00e4tzt, da es als einheimisches, urspr\u00fcngliches und reines Element galt, aus dem andere geboren wurden. Aus diesem Grund galt es als ein Metall, das das Leben verl\u00e4ngern kann.<\/p>\n<h2> <strong>Wozu dient Merkur?<\/strong><\/h2>\n<p> Es wird bei der Herstellung von Industriechemikalien oder f\u00fcr elektrische Anwendungen verwendet. Ebenso werden aus diesem Metall Quecksilberthermometer hergestellt, die im Bereich der Krankenhausgesundheit weit verbreitet sind. Hier sind einige seiner anderen Anwendungen:<\/p>\n<h3> <strong>Medizin<\/strong><\/h3>\n<p> Quecksilberverbindungen sind im medizinischen Bereich n\u00fctzlich, obwohl sie f\u00fcr den Menschen ein toxisches Element sind. Heutzutage wird es jedoch als Rohstoff f\u00fcr die Herstellung von Zahnamalgam verwendet. Dar\u00fcber hinaus ist die Verbindung Merbromin als topisches Antiseptikum bei kleineren Schnitten oder Kratzern wirksam.<\/p>\n<p> Andererseits gibt es Medikamente mit niedrig dosierten Quecksilberverbindungen, etwa Antiseptika, Abf\u00fchrmittel, Augentropfen, Nasensprays, Dermatitis-Cremes, Antidepressiva und zur Behandlung von Syphilis.<\/p>\n<h3> <strong>Branchen<\/strong><\/h3>\n<p> Quecksilberbarometer, Elektroden, Fl\u00fcssigkeitsschalter und Quecksilberdampflampen geh\u00f6ren zu den \u00fcblichen industriellen Anwendungen dieses Metalls. Dar\u00fcber hinaus wird es als Katalysator in Batterien, Pestiziden und Pigmenten in Wachsen und Farben verwendet. Quecksilberfulminat wird als Z\u00fcnder f\u00fcr Sprengstoffe und bei der Herstellung von Natronlauge und Gold verwendet. Ebenso dient es in fl\u00fcssiger Form als K\u00fchlmittel in Kernreaktoren.<\/p>\n<p> Dar\u00fcber hinaus wird es zur Konservierung von Holz, f\u00fcr Silberspiegel und in Spezialfarben verwendet, um das Anhaften von Organismen am Schiffsrumpf zu verhindern. Dar\u00fcber hinaus k\u00f6nnen Spuren von Quecksilber in Alltagsgegenst\u00e4nden wie Taschenrechnern, K\u00fcchenwaagen und Lampen an Kinderschuhen gefunden werden.<\/p>\n<h2> <strong>Quecksilbertoxizit\u00e4t<\/strong><\/h2>\n<p> Die h\u00e4ufigste toxische Form von Quecksilber entsteht, wenn es in die Umwelt gelangt und in Methylquecksilber umgewandelt wird. Dann reichert es sich in Meereslebewesen wie Schalentieren und Fischen an. Daher k\u00f6nnen Menschen, die kontaminierten Fisch essen, durch diese Lebensmittel vergiftet werden. Auch Arbeitnehmer, die bei bestimmten industriellen Prozessen, bei denen Quecksilber verwendet wird, die D\u00e4mpfe einatmen, sind gef\u00e4hrdet.<\/p>\n<p> Zusammenfassend l\u00e4sst sich sagen, dass Quecksilber ein \u00dcbergangsmetall ist, das in der Erdkruste selten vorkommt. Es ist viel schwerer als Wasser, hat eine gl\u00e4nzende silberne Farbe und wird h\u00e4ufig in der Industrie und Medizin verwendet. F\u00fcr den Menschen ist es jedoch ein hochgiftiges Element.<\/p>\n","protected":false},"excerpt":{"rendered":"<p>Es kommt in Kohlevorkommen auf der ganzen Welt vor und kommt nur sehr selten auf der Erdoberfl\u00e4che vor, wo es in Form von Oxiden und Salzen vorkommt. Die Rede ist von Quecksilber, das in der chemischen Produktion, f\u00fcr elektrische Anwendungen, in der Medizin und im t\u00e4glichen Leben verwendet wird. Erfahren Sie alles, was Sie \u00fcber &#8230; <a title=\"Quecksilber\" class=\"read-more\" href=\"https:\/\/chemuza.org\/de\/quecksilber\/\" aria-label=\"Mehr zu Quecksilber\">Mehr lesen<\/a><\/p>\n","protected":false},"author":1,"featured_media":0,"parent":0,"menu_order":0,"comment_status":"closed","ping_status":"closed","template":"","meta":{"footnotes":""},"class_list":["post-1557","page","type-page","status-publish"],"yoast_head":"<!-- This site is optimized with the Yoast SEO plugin v21.4 - https:\/\/yoast.com\/wordpress\/plugins\/seo\/ -->\n<title>Quecksilber - Chemuza<\/title>\n<meta name=\"robots\" content=\"index, follow, max-snippet:-1, max-image-preview:large, max-video-preview:-1\" \/>\n<link rel=\"canonical\" href=\"https:\/\/chemuza.org\/de\/quecksilber\/\" \/>\n<meta property=\"og:locale\" content=\"de_DE\" \/>\n<meta property=\"og:type\" content=\"article\" \/>\n<meta property=\"og:title\" content=\"Quecksilber - Chemuza\" \/>\n<meta property=\"og:description\" content=\"Es kommt in Kohlevorkommen auf der ganzen Welt vor und kommt nur sehr selten auf der Erdoberfl\u00e4che vor, wo es in Form von Oxiden und Salzen vorkommt. Die Rede ist von Quecksilber, das in der chemischen Produktion, f\u00fcr elektrische Anwendungen, in der Medizin und im t\u00e4glichen Leben verwendet wird. Erfahren Sie alles, was Sie \u00fcber ... Mehr lesen\" \/>\n<meta property=\"og:url\" content=\"https:\/\/chemuza.org\/de\/quecksilber\/\" \/>\n<meta property=\"og:site_name\" content=\"Chemuza\" \/>\n<meta name=\"twitter:card\" content=\"summary_large_image\" \/>\n<meta name=\"twitter:label1\" content=\"Gesch\u00e4tzte Lesezeit\" \/>\n\t<meta name=\"twitter:data1\" content=\"4\u00a0Minuten\" \/>\n<script type=\"application\/ld+json\" class=\"yoast-schema-graph\">{\"@context\":\"https:\/\/schema.org\",\"@graph\":[{\"@type\":\"WebPage\",\"@id\":\"https:\/\/chemuza.org\/de\/quecksilber\/\",\"url\":\"https:\/\/chemuza.org\/de\/quecksilber\/\",\"name\":\"Quecksilber - Chemuza\",\"isPartOf\":{\"@id\":\"https:\/\/chemuza.org\/de\/#website\"},\"datePublished\":\"2023-07-13T19:10:45+00:00\",\"dateModified\":\"2023-07-13T19:10:45+00:00\",\"breadcrumb\":{\"@id\":\"https:\/\/chemuza.org\/de\/quecksilber\/#breadcrumb\"},\"inLanguage\":\"de\",\"potentialAction\":[{\"@type\":\"ReadAction\",\"target\":[\"https:\/\/chemuza.org\/de\/quecksilber\/\"]}]},{\"@type\":\"BreadcrumbList\",\"@id\":\"https:\/\/chemuza.org\/de\/quecksilber\/#breadcrumb\",\"itemListElement\":[{\"@type\":\"ListItem\",\"position\":1,\"name\":\"Heim\",\"item\":\"https:\/\/chemuza.org\/de\/\"},{\"@type\":\"ListItem\",\"position\":2,\"name\":\"Quecksilber\"}]},{\"@type\":\"WebSite\",\"@id\":\"https:\/\/chemuza.org\/de\/#website\",\"url\":\"https:\/\/chemuza.org\/de\/\",\"name\":\"Chemuza\",\"description\":\"Ihr Tor zur chemischen Entdeckung\",\"publisher\":{\"@id\":\"https:\/\/chemuza.org\/de\/#organization\"},\"potentialAction\":[{\"@type\":\"SearchAction\",\"target\":{\"@type\":\"EntryPoint\",\"urlTemplate\":\"https:\/\/chemuza.org\/de\/?s={search_term_string}\"},\"query-input\":\"required name=search_term_string\"}],\"inLanguage\":\"de\"},{\"@type\":\"Organization\",\"@id\":\"https:\/\/chemuza.org\/de\/#organization\",\"name\":\"Chemuza\",\"url\":\"https:\/\/chemuza.org\/de\/\",\"logo\":{\"@type\":\"ImageObject\",\"inLanguage\":\"de\",\"@id\":\"https:\/\/chemuza.org\/de\/#\/schema\/logo\/image\/\",\"url\":\"https:\/\/chemuza.org\/de\/wp-content\/uploads\/2023\/10\/chemuza-logo.png\",\"contentUrl\":\"https:\/\/chemuza.org\/de\/wp-content\/uploads\/2023\/10\/chemuza-logo.png\",\"width\":387,\"height\":70,\"caption\":\"Chemuza\"},\"image\":{\"@id\":\"https:\/\/chemuza.org\/de\/#\/schema\/logo\/image\/\"}}]}<\/script>\n<!-- \/ Yoast SEO plugin. -->","yoast_head_json":{"title":"Quecksilber - Chemuza","robots":{"index":"index","follow":"follow","max-snippet":"max-snippet:-1","max-image-preview":"max-image-preview:large","max-video-preview":"max-video-preview:-1"},"canonical":"https:\/\/chemuza.org\/de\/quecksilber\/","og_locale":"de_DE","og_type":"article","og_title":"Quecksilber - Chemuza","og_description":"Es kommt in Kohlevorkommen auf der ganzen Welt vor und kommt nur sehr selten auf der Erdoberfl\u00e4che vor, wo es in Form von Oxiden und Salzen vorkommt. Die Rede ist von Quecksilber, das in der chemischen Produktion, f\u00fcr elektrische Anwendungen, in der Medizin und im t\u00e4glichen Leben verwendet wird. Erfahren Sie alles, was Sie \u00fcber ... Mehr lesen","og_url":"https:\/\/chemuza.org\/de\/quecksilber\/","og_site_name":"Chemuza","twitter_card":"summary_large_image","twitter_misc":{"Gesch\u00e4tzte Lesezeit":"4\u00a0Minuten"},"schema":{"@context":"https:\/\/schema.org","@graph":[{"@type":"WebPage","@id":"https:\/\/chemuza.org\/de\/quecksilber\/","url":"https:\/\/chemuza.org\/de\/quecksilber\/","name":"Quecksilber - Chemuza","isPartOf":{"@id":"https:\/\/chemuza.org\/de\/#website"},"datePublished":"2023-07-13T19:10:45+00:00","dateModified":"2023-07-13T19:10:45+00:00","breadcrumb":{"@id":"https:\/\/chemuza.org\/de\/quecksilber\/#breadcrumb"},"inLanguage":"de","potentialAction":[{"@type":"ReadAction","target":["https:\/\/chemuza.org\/de\/quecksilber\/"]}]},{"@type":"BreadcrumbList","@id":"https:\/\/chemuza.org\/de\/quecksilber\/#breadcrumb","itemListElement":[{"@type":"ListItem","position":1,"name":"Heim","item":"https:\/\/chemuza.org\/de\/"},{"@type":"ListItem","position":2,"name":"Quecksilber"}]},{"@type":"WebSite","@id":"https:\/\/chemuza.org\/de\/#website","url":"https:\/\/chemuza.org\/de\/","name":"Chemuza","description":"Ihr Tor zur chemischen Entdeckung","publisher":{"@id":"https:\/\/chemuza.org\/de\/#organization"},"potentialAction":[{"@type":"SearchAction","target":{"@type":"EntryPoint","urlTemplate":"https:\/\/chemuza.org\/de\/?s={search_term_string}"},"query-input":"required name=search_term_string"}],"inLanguage":"de"},{"@type":"Organization","@id":"https:\/\/chemuza.org\/de\/#organization","name":"Chemuza","url":"https:\/\/chemuza.org\/de\/","logo":{"@type":"ImageObject","inLanguage":"de","@id":"https:\/\/chemuza.org\/de\/#\/schema\/logo\/image\/","url":"https:\/\/chemuza.org\/de\/wp-content\/uploads\/2023\/10\/chemuza-logo.png","contentUrl":"https:\/\/chemuza.org\/de\/wp-content\/uploads\/2023\/10\/chemuza-logo.png","width":387,"height":70,"caption":"Chemuza"},"image":{"@id":"https:\/\/chemuza.org\/de\/#\/schema\/logo\/image\/"}}]}},"yoast_meta":{"yoast_wpseo_title":"","yoast_wpseo_metadesc":"","yoast_wpseo_canonical":""},"_links":{"self":[{"href":"https:\/\/chemuza.org\/de\/wp-json\/wp\/v2\/pages\/1557","targetHints":{"allow":["GET"]}}],"collection":[{"href":"https:\/\/chemuza.org\/de\/wp-json\/wp\/v2\/pages"}],"about":[{"href":"https:\/\/chemuza.org\/de\/wp-json\/wp\/v2\/types\/page"}],"author":[{"embeddable":true,"href":"https:\/\/chemuza.org\/de\/wp-json\/wp\/v2\/users\/1"}],"replies":[{"embeddable":true,"href":"https:\/\/chemuza.org\/de\/wp-json\/wp\/v2\/comments?post=1557"}],"version-history":[{"count":0,"href":"https:\/\/chemuza.org\/de\/wp-json\/wp\/v2\/pages\/1557\/revisions"}],"wp:attachment":[{"href":"https:\/\/chemuza.org\/de\/wp-json\/wp\/v2\/media?parent=1557"}],"curies":[{"name":"wp","href":"https:\/\/api.w.org\/{rel}","templated":true}]}}