{"id":1555,"date":"2023-07-13T19:49:27","date_gmt":"2023-07-13T19:49:27","guid":{"rendered":"https:\/\/chemuza.org\/de\/radio\/"},"modified":"2023-07-13T19:49:27","modified_gmt":"2023-07-13T19:49:27","slug":"radio","status":"publish","type":"page","link":"https:\/\/chemuza.org\/de\/radio\/","title":{"rendered":"Radio"},"content":{"rendered":"<p>Das chemische Element Radium kommt in geringen Anteilen in Gesteinen und B\u00f6den vor und ist ein Produkt der radioaktiven Zersetzung von Uran und Thorium. Es bewegt sich durch Luft und Wasser, kommt dort mit Pflanzen und Tieren in Kontakt und setzt den Menschen diesem Metall aus. Zu seinen Merkmalen geh\u00f6rt seine hohe Radioaktivit\u00e4t, aufgeteilt in 13 Isotope. Erfahren Sie mehr \u00fcber dieses Element, seinen Ursprung, seine Gewinnung und seine Verwendung f\u00fcr den Menschen.<\/p>\n<h2> <strong>Was ist Radius?<\/strong><\/h2>\n<p> Es ist ein Erdalkalimetall, das im Periodensystem mit der Nummer 88 gekennzeichnet ist. Obwohl sie wei\u00df sind, verf\u00e4rben sie sich bei Kontakt mit Luft schwarz. Es zeichnet sich dadurch aus, dass es ein weiches Metall ist, brennbar und sehr radioaktiv, st\u00e4rker als Uran. Es besteht aus 13 Isotopen, von denen Ra-226 das stabilste ist und aus dem das Element Radon entsteht.<\/p>\n<h3> <strong>Radiussymbol<\/strong><\/h3>\n<p> <span class=\"content-chemical-element\" style=\"float: left;width: 65px;height: 65px;border: 3px solid #666; display:flex;\n    justify-content: center;align-items: center;margin-right: 15px;\"><span style=\"font-size: 38px;\">Ra<\/span><\/span> Sein Name kommt vom lateinischen radius, was Blitz bedeutet. Es erhielt diesen Namen wegen der starken Radioaktivit\u00e4t, die seine Entdecker beobachteten. Curie-Wissenschaftler stellten einen radioaktiven Barium\u00fcbergang her, der eine leuchtend rote Flamme mit nie zuvor gesehenen Spektrallinien reflektierte.<\/p>\n<h2> <strong>Radiofunktionen<\/strong><\/h2>\n<p> Es ist das schwerste Erdalkali dieser Gruppe, das auf drei Arten Strahlung aussendet. Seine Beta-, Alpha- und Gammastrahlen bilden Verbindungen, die bei hohen Temperaturen bestehen bleiben. Weitere Merkmale dieses Elements sind:<\/p>\n<ul>\n<li> <strong>Zustand<\/strong> : Gl\u00e4nzender, weicher metallischer Feststoff.<\/li>\n<li> <strong>Farbe<\/strong> : Hellwei\u00df, wird aber an der Luft schwarz.<\/li>\n<li> <strong>Geschmack und Geruch<\/strong> : Es ist geruchlos und ohne charakteristischen Geschmack.<\/li>\n<li> <strong>Toxizit\u00e4t<\/strong> : M\u00e4\u00dfig, aber in gro\u00dfen Mengen hat es erhebliche Auswirkungen auf den Menschen.<\/li>\n<li> <strong>Reaktivit\u00e4t<\/strong> : Hoch, reagiert schnell mit Wasser unter Bildung von Hydroxiden. Dar\u00fcber hinaus ist es in Gegenwart von Barium explosiv.<\/li>\n<li> <strong>Struktur<\/strong> : Kubisch, auf den ganzen K\u00f6rper zentriert.<\/li>\n<li> <strong>L\u00f6slichkeit<\/strong> : Es ist in Wasser l\u00f6slich, aber die Salze, die es bildet, sind schwer l\u00f6slich.<\/li>\n<li> <strong>Zusammensetzung:<\/strong> Es besteht aus 88 Elektronen und Protonen, mit 138 Neutronen im Kern.<\/li>\n<\/ul>\n<h2> <strong>Chemische und physikalische Eigenschaften von Radium<\/strong><\/h2>\n<ol>\n<li> <strong>Ordnungszahl<\/strong> : 88<\/li>\n<li> <strong>Zeitraum<\/strong> : 7<\/li>\n<li> <strong>Block<\/strong> : S<\/li>\n<li> <strong>Gruppe<\/strong> : 2<\/li>\n<li> <strong>Oxidationsstufe<\/strong> : 2<\/li>\n<li> <strong>Dichte:<\/strong> 5500 kg\/m <sup>3<\/sup><\/li>\n<li> <strong>Schmelzpunkt:<\/strong> 700\u00b0C<\/li>\n<li> <strong>Atomradius:<\/strong> 215 Uhr<\/li>\n<li> <strong>Elektronegativit\u00e4t:<\/strong> 0,9<\/li>\n<li> <strong>Spezifische W\u00e4rme:<\/strong> 94 J \/ (K kg)<\/li>\n<li> <strong>Kovalenter Radius (\u00c5):<\/strong> 221<strong> <\/strong>Nachmittag<\/li>\n<li> <strong>Siedepunkt:<\/strong> 1737\u00b0C<\/li>\n<li> <strong>Elektronische Konfiguration:<\/strong> [Rn] 7s2<\/li>\n<li> <strong>Atommasse (g\/mol):<\/strong> 226,0254 u<\/li>\n<li> <strong>Erstes Ionisierungspotential<\/strong> (eV): 509,3 kJ\/mol<\/li>\n<li> <strong>Elektronen pro Schale:<\/strong> 2, 8, 18, 32, 18, 8, 2<\/li>\n<li> <strong>W\u00e4rmeleitf\u00e4higkeit:<\/strong> 18,6 W\/(Km)<\/li>\n<\/ol>\n<h2> <strong>Ray Original<\/strong><\/h2>\n<p> Radium wurde 1898 vom Ehepaar Marie und Pierre Curie in Nordb\u00f6hmen entdeckt. Als das Paar das Mineral Uraninit untersuchte, stie\u00df es auf radioaktives Material. Dann f\u00fchrten sie eine Kombination mit Barium durch, was zu leuchtend roten Strahlen f\u00fchrte. Im Jahr 1910 isolierte Marie Curie das Element durch Elektrolyse von reinem Chlorid und erhielt eine Probe des reinen Metalls.<\/p>\n<h2> <strong>Wozu dient Radio?<\/strong><\/h2>\n<p> Aufgrund seiner hohen Radioaktivit\u00e4t wird der Einsatz von Radium reduziert. Fr\u00fcher wurde es in lumineszierenden Uhrenfarben verwendet, aber aufgrund seiner negativen Auswirkungen auf die Gesundheit der Arbeiter wurde darauf verzichtet. Nach jahrelanger Forschung zum richtigen Umgang mit dem Element wird es jedoch im physikalischen Bereich zusammen mit Beryllium bei der Entstehung von Neutronen und deren Emissionen eingesetzt.<\/p>\n<p> Dar\u00fcber hinaus wird Radiumchlorid in der Medizin zur Strahlentherapie bei Krebs eingesetzt. Es wird verwendet, um b\u00f6sartige Zellen schrittweise auszurotten. Dar\u00fcber hinaus wird es h\u00e4ufig zur Herstellung von Kristallen verwendet, um ihnen eine leuchtend gr\u00fcne Farbe zu verleihen, die im Dunkeln reflektiert.<\/p>\n<h2> <strong>Wie erhalte ich den Radius?<\/strong><\/h2>\n<p> Es wird durch die Zersetzung der Mineralien Uran und Thorium gewonnen. Durch eine W\u00e4sche wird das Metall extrahiert, wodurch das Element Bromid gewonnen werden kann. Dann wird es isoliert, bis eine reine Probe erhalten wird.<\/p>\n<p> Eine weitere M\u00f6glichkeit, es zu erhalten, ist die gel\u00f6ste Elektrolyse von reinem Radiochlorid in einer Kathode oder Elektrode mit reduziertem Quecksilber. W\u00e4hrend des Prozesses wird ein Amalgam gewonnen, das in einer Wasserstoffatmosph\u00e4re destilliert wird, wodurch eine reine Probe des Metalls entsteht.<\/p>\n<h2> <strong>Welche Auswirkungen hat Radium auf die Gesundheit?<\/strong><\/h2>\n<p> Dieses Element ist in minimalen Mengen in der Umwelt vorhanden, was keine gesundheitssch\u00e4dlichen Auswirkungen hat. Eine l\u00e4ngere Exposition f\u00fchrt jedoch zu Krebs, An\u00e4mie, grauem Star, Zahnbr\u00fcchen und sogar zum Tod. Die Auswirkungen treten erst nach einiger Zeit auf, da sich Gammastrahlung allm\u00e4hlich in der Luft ausbreitet.<\/p>\n<p> Zusammenfassend l\u00e4sst sich sagen, dass dieses Erdalkalimetall ein hochradioaktives Element ist, das in minimalen Anteilen in der Erdkruste vorkommt. Aufgrund der Strahlung, die es aussendet, wird es in niedrigen Dosen als Strahlentherapie gegen Krebs eingesetzt, bis die Tumore beseitigt sind.<\/p>\n","protected":false},"excerpt":{"rendered":"<p>Das chemische Element Radium kommt in geringen Anteilen in Gesteinen und B\u00f6den vor und ist ein Produkt der radioaktiven Zersetzung von Uran und Thorium. Es bewegt sich durch Luft und Wasser, kommt dort mit Pflanzen und Tieren in Kontakt und setzt den Menschen diesem Metall aus. Zu seinen Merkmalen geh\u00f6rt seine hohe Radioaktivit\u00e4t, aufgeteilt in &#8230; <a title=\"Radio\" class=\"read-more\" href=\"https:\/\/chemuza.org\/de\/radio\/\" aria-label=\"Mehr zu Radio\">Mehr lesen<\/a><\/p>\n","protected":false},"author":1,"featured_media":0,"parent":0,"menu_order":0,"comment_status":"closed","ping_status":"closed","template":"","meta":{"footnotes":""},"class_list":["post-1555","page","type-page","status-publish"],"yoast_head":"<!-- This site is optimized with the Yoast SEO plugin v21.4 - https:\/\/yoast.com\/wordpress\/plugins\/seo\/ -->\n<title>Radio - Chemuza<\/title>\n<meta name=\"robots\" content=\"index, follow, max-snippet:-1, max-image-preview:large, max-video-preview:-1\" \/>\n<link rel=\"canonical\" href=\"https:\/\/chemuza.org\/de\/radio\/\" \/>\n<meta property=\"og:locale\" content=\"de_DE\" \/>\n<meta property=\"og:type\" content=\"article\" \/>\n<meta property=\"og:title\" content=\"Radio - Chemuza\" \/>\n<meta property=\"og:description\" content=\"Das chemische Element Radium kommt in geringen Anteilen in Gesteinen und B\u00f6den vor und ist ein Produkt der radioaktiven Zersetzung von Uran und Thorium. Es bewegt sich durch Luft und Wasser, kommt dort mit Pflanzen und Tieren in Kontakt und setzt den Menschen diesem Metall aus. Zu seinen Merkmalen geh\u00f6rt seine hohe Radioaktivit\u00e4t, aufgeteilt in ... Mehr lesen\" \/>\n<meta property=\"og:url\" content=\"https:\/\/chemuza.org\/de\/radio\/\" \/>\n<meta property=\"og:site_name\" content=\"Chemuza\" \/>\n<meta name=\"twitter:card\" content=\"summary_large_image\" \/>\n<meta name=\"twitter:label1\" content=\"Gesch\u00e4tzte Lesezeit\" \/>\n\t<meta name=\"twitter:data1\" content=\"4\u00a0Minuten\" \/>\n<script type=\"application\/ld+json\" class=\"yoast-schema-graph\">{\"@context\":\"https:\/\/schema.org\",\"@graph\":[{\"@type\":\"WebPage\",\"@id\":\"https:\/\/chemuza.org\/de\/radio\/\",\"url\":\"https:\/\/chemuza.org\/de\/radio\/\",\"name\":\"Radio - Chemuza\",\"isPartOf\":{\"@id\":\"https:\/\/chemuza.org\/de\/#website\"},\"datePublished\":\"2023-07-13T19:49:27+00:00\",\"dateModified\":\"2023-07-13T19:49:27+00:00\",\"breadcrumb\":{\"@id\":\"https:\/\/chemuza.org\/de\/radio\/#breadcrumb\"},\"inLanguage\":\"de\",\"potentialAction\":[{\"@type\":\"ReadAction\",\"target\":[\"https:\/\/chemuza.org\/de\/radio\/\"]}]},{\"@type\":\"BreadcrumbList\",\"@id\":\"https:\/\/chemuza.org\/de\/radio\/#breadcrumb\",\"itemListElement\":[{\"@type\":\"ListItem\",\"position\":1,\"name\":\"Heim\",\"item\":\"https:\/\/chemuza.org\/de\/\"},{\"@type\":\"ListItem\",\"position\":2,\"name\":\"Radio\"}]},{\"@type\":\"WebSite\",\"@id\":\"https:\/\/chemuza.org\/de\/#website\",\"url\":\"https:\/\/chemuza.org\/de\/\",\"name\":\"Chemuza\",\"description\":\"Ihr Tor zur chemischen Entdeckung\",\"publisher\":{\"@id\":\"https:\/\/chemuza.org\/de\/#organization\"},\"potentialAction\":[{\"@type\":\"SearchAction\",\"target\":{\"@type\":\"EntryPoint\",\"urlTemplate\":\"https:\/\/chemuza.org\/de\/?s={search_term_string}\"},\"query-input\":\"required name=search_term_string\"}],\"inLanguage\":\"de\"},{\"@type\":\"Organization\",\"@id\":\"https:\/\/chemuza.org\/de\/#organization\",\"name\":\"Chemuza\",\"url\":\"https:\/\/chemuza.org\/de\/\",\"logo\":{\"@type\":\"ImageObject\",\"inLanguage\":\"de\",\"@id\":\"https:\/\/chemuza.org\/de\/#\/schema\/logo\/image\/\",\"url\":\"https:\/\/chemuza.org\/de\/wp-content\/uploads\/2023\/10\/chemuza-logo.png\",\"contentUrl\":\"https:\/\/chemuza.org\/de\/wp-content\/uploads\/2023\/10\/chemuza-logo.png\",\"width\":387,\"height\":70,\"caption\":\"Chemuza\"},\"image\":{\"@id\":\"https:\/\/chemuza.org\/de\/#\/schema\/logo\/image\/\"}}]}<\/script>\n<!-- \/ Yoast SEO plugin. -->","yoast_head_json":{"title":"Radio - Chemuza","robots":{"index":"index","follow":"follow","max-snippet":"max-snippet:-1","max-image-preview":"max-image-preview:large","max-video-preview":"max-video-preview:-1"},"canonical":"https:\/\/chemuza.org\/de\/radio\/","og_locale":"de_DE","og_type":"article","og_title":"Radio - Chemuza","og_description":"Das chemische Element Radium kommt in geringen Anteilen in Gesteinen und B\u00f6den vor und ist ein Produkt der radioaktiven Zersetzung von Uran und Thorium. Es bewegt sich durch Luft und Wasser, kommt dort mit Pflanzen und Tieren in Kontakt und setzt den Menschen diesem Metall aus. Zu seinen Merkmalen geh\u00f6rt seine hohe Radioaktivit\u00e4t, aufgeteilt in ... Mehr lesen","og_url":"https:\/\/chemuza.org\/de\/radio\/","og_site_name":"Chemuza","twitter_card":"summary_large_image","twitter_misc":{"Gesch\u00e4tzte Lesezeit":"4\u00a0Minuten"},"schema":{"@context":"https:\/\/schema.org","@graph":[{"@type":"WebPage","@id":"https:\/\/chemuza.org\/de\/radio\/","url":"https:\/\/chemuza.org\/de\/radio\/","name":"Radio - Chemuza","isPartOf":{"@id":"https:\/\/chemuza.org\/de\/#website"},"datePublished":"2023-07-13T19:49:27+00:00","dateModified":"2023-07-13T19:49:27+00:00","breadcrumb":{"@id":"https:\/\/chemuza.org\/de\/radio\/#breadcrumb"},"inLanguage":"de","potentialAction":[{"@type":"ReadAction","target":["https:\/\/chemuza.org\/de\/radio\/"]}]},{"@type":"BreadcrumbList","@id":"https:\/\/chemuza.org\/de\/radio\/#breadcrumb","itemListElement":[{"@type":"ListItem","position":1,"name":"Heim","item":"https:\/\/chemuza.org\/de\/"},{"@type":"ListItem","position":2,"name":"Radio"}]},{"@type":"WebSite","@id":"https:\/\/chemuza.org\/de\/#website","url":"https:\/\/chemuza.org\/de\/","name":"Chemuza","description":"Ihr Tor zur chemischen Entdeckung","publisher":{"@id":"https:\/\/chemuza.org\/de\/#organization"},"potentialAction":[{"@type":"SearchAction","target":{"@type":"EntryPoint","urlTemplate":"https:\/\/chemuza.org\/de\/?s={search_term_string}"},"query-input":"required name=search_term_string"}],"inLanguage":"de"},{"@type":"Organization","@id":"https:\/\/chemuza.org\/de\/#organization","name":"Chemuza","url":"https:\/\/chemuza.org\/de\/","logo":{"@type":"ImageObject","inLanguage":"de","@id":"https:\/\/chemuza.org\/de\/#\/schema\/logo\/image\/","url":"https:\/\/chemuza.org\/de\/wp-content\/uploads\/2023\/10\/chemuza-logo.png","contentUrl":"https:\/\/chemuza.org\/de\/wp-content\/uploads\/2023\/10\/chemuza-logo.png","width":387,"height":70,"caption":"Chemuza"},"image":{"@id":"https:\/\/chemuza.org\/de\/#\/schema\/logo\/image\/"}}]}},"yoast_meta":{"yoast_wpseo_title":"","yoast_wpseo_metadesc":"","yoast_wpseo_canonical":""},"_links":{"self":[{"href":"https:\/\/chemuza.org\/de\/wp-json\/wp\/v2\/pages\/1555","targetHints":{"allow":["GET"]}}],"collection":[{"href":"https:\/\/chemuza.org\/de\/wp-json\/wp\/v2\/pages"}],"about":[{"href":"https:\/\/chemuza.org\/de\/wp-json\/wp\/v2\/types\/page"}],"author":[{"embeddable":true,"href":"https:\/\/chemuza.org\/de\/wp-json\/wp\/v2\/users\/1"}],"replies":[{"embeddable":true,"href":"https:\/\/chemuza.org\/de\/wp-json\/wp\/v2\/comments?post=1555"}],"version-history":[{"count":0,"href":"https:\/\/chemuza.org\/de\/wp-json\/wp\/v2\/pages\/1555\/revisions"}],"wp:attachment":[{"href":"https:\/\/chemuza.org\/de\/wp-json\/wp\/v2\/media?parent=1555"}],"curies":[{"name":"wp","href":"https:\/\/api.w.org\/{rel}","templated":true}]}}