{"id":1554,"date":"2023-10-25T13:51:26","date_gmt":"2023-10-25T13:51:26","guid":{"rendered":"https:\/\/chemuza.org\/de\/francium\/"},"modified":"2023-10-25T13:51:26","modified_gmt":"2023-10-25T13:51:26","slug":"francium","status":"publish","type":"page","link":"https:\/\/chemuza.org\/de\/francium\/","title":{"rendered":"Francium"},"content":{"rendered":"<p>Wussten Sie, dass Francium das letzte in der Natur entdeckte Element ist? Dar\u00fcber hinaus ist es das am zweith\u00e4ufigsten vorkommende chemische Element in der Erdkruste. Andererseits weist es die niedrigste Elektronegativit\u00e4t von allen auf. Erfahren Sie mehr \u00fcber diese chemische Verbindung und ihren Nutzen f\u00fcr den Menschen.<\/p>\n<h2> <strong>Was ist Francium?<\/strong><\/h2>\n<p> Das chemische Element Francium ist ein Metall, das zur Alkaligruppe geh\u00f6rt und sich in der siebten Reihe oder Periode des Periodensystems und in der <em>s-<\/em> Gruppe befindet. Es weist eine hohe Radioaktivit\u00e4t und chemische Reaktivit\u00e4t auf. Dar\u00fcber hinaus weist es eine extreme Instabilit\u00e4t auf, nur ein Elektron in seiner Valenzschale, die h\u00f6chste \u00e4quivalente Masse und die niedrigste Elektronegativit\u00e4t.<\/p>\n<h3> <strong>Francium-Symbol<\/strong><\/h3>\n<p> <span class=\"content-chemical-element\" style=\"float: left;width: 65px;height: 65px;border: 3px solid #666; display:flex;\n    justify-content: center;align-items: center;margin-right: 15px;\"><span style=\"font-size: 38px;\">En<\/span><\/span> Die Abk\u00fcrzung des chemischen Elements, also das Symbol Francium, kommt vom lateinischen Wort <em>Francium<\/em> . Seinen Namen verdankt es Frankreich, dem Land, in dem es entdeckt wurde. Allerdings hatte sein Entdecker es urspr\u00fcnglich <em>als Actinium K<\/em> und <em>Catio<\/em> bezeichnet. Dar\u00fcber hinaus war es fr\u00fcher als <em>Eka-C\u00e4sium<\/em> , <em>Moldauisch<\/em> oder <em>Virginianisch<\/em> bekannt. Ebenso wurde die Symbologie des Gesetzes zugewiesen, sp\u00e4ter jedoch durch die aktuelle Symbologie ersetzt.<\/p>\n<h2> <strong>Eigenschaften von Francium<\/strong><\/h2>\n<p> \u200bZu den Eigenschaften von Francium geh\u00f6rt eine atomare Zusammensetzung von 136 Neutronen, 87 Protonen und 87 Elektronen. Andererseits erfolgt die Kopr\u00e4zipitation durch Wechselwirkung mit Wolframkiesels\u00e4ure, Perchlors\u00e4ure und mehreren C\u00e4siumsalzen, ohne dass ein anderes Metall vorhanden ist. Erfahren Sie mehr \u00fcber die anderen Eigenschaften des Elements:<\/p>\n<ul>\n<li> <strong>Chemische Reaktivit\u00e4t<\/strong> : Seine Reaktivit\u00e4t ist sehr hoch.<\/li>\n<li> <strong>Schmelzen und Sieden<\/strong> : Bei 27 \u00b0C geht es vom festen in den fl\u00fcssigen Zustand \u00fcber, bei einer Temperatur von 667 \u00b0C geht es vom fl\u00fcssigen in den gasf\u00f6rmigen Zustand \u00fcber.<\/li>\n<li> <strong>Radioaktivit\u00e4t<\/strong> : Es ist so stark radioaktiv, dass es in der N\u00e4he eines Wasserk\u00f6rpers zu gef\u00e4hrlichen und heftigen Explosionen kommen kann.<\/li>\n<li> <strong>Zustand<\/strong> : Sein gew\u00f6hnlicher Zustand ist bei Raumtemperatur fl\u00fcssig.<\/li>\n<li> <strong>L\u00f6slichkeit<\/strong> : Die meisten seiner Salze sind in Wasser l\u00f6slich.<\/li>\n<li> <strong>\u00c4nderungen<\/strong> : Nach dem Zerfall erzeugt dieses Element Radius, Astat und Radon.<\/li>\n<li> <strong>Magnetische Ordnung<\/strong> : Es ist ein paramagnetisches Metall.<\/li>\n<li> <strong>Instabilit\u00e4t<\/strong> : Es kommt nur in radioaktiven Formen vor, die eine Lebensdauer von etwa 21 Minuten haben.<\/li>\n<li> <strong>Kristallstruktur<\/strong> : Es ist ein zentrierter kubischer K\u00f6rper.<\/li>\n<li> <strong>Isotope<\/strong> : Es sind 34 Isotope bekannt, von denen 32 synthetisch sind und alle zerfallen. Die <sup>223<\/sup> Fr und <sup>221<\/sup> Fr sind in der Natur.<\/li>\n<\/ul>\n<h2> <strong>Chemische und physikalische Eigenschaften von Francium<\/strong><\/h2>\n<ol>\n<li> <strong>Ordnungszahl<\/strong> : 87<\/li>\n<li> <strong>Oxid<\/strong> : Starke Base<\/li>\n<li> <strong>Oxidationsstufen<\/strong> : +1<\/li>\n<li> <strong>Dichte (g\/ml)<\/strong> : 1870 kg\/m <sup>3<\/sup><\/li>\n<li> <strong>Kovalenter Radius (\u00c5)<\/strong> : 260 Uhr<\/li>\n<li> <strong>Spezifische W\u00e4rme<\/strong> : Nicht vorhanden<\/li>\n<li> <strong>Atommasse (g\/mol)<\/strong> : 223 u<\/li>\n<li> <strong>Schmelzpunkt<\/strong> : 27\u00b0C (300K)<\/li>\n<li> <strong>Elektronische Konfiguration<\/strong> : [Rn]7s <sup>1<\/sup><\/li>\n<li> <strong>Elektronen pro Ebene<\/strong> : 2, 8, 18, 32, 18, 8, 1<\/li>\n<li> <strong>Verdampfungsenthalpie<\/strong> : 65 kJ\/mol<\/li>\n<li> <strong>Erstes Ionisierungspotential (eV)<\/strong> : 380 kJ\/mol<\/li>\n<li> <strong>Atomradius (\u00c5)<\/strong> : 270 pm (Bohr-Radius)<\/li>\n<li> <strong>Siedepunkt<\/strong> : 677\u00b0C (950K)<\/li>\n<li> <strong>Fusionsenthalpie<\/strong> : 2 kJ\/mol<\/li>\n<li> <strong>Schallgeschwindigkeit<\/strong> : Nicht vorhanden<\/li>\n<li> <strong>Elektronegativit\u00e4t<\/strong> : 0,7 (Pauling-Skala)<\/li>\n<\/ol>\n<h2> <strong>Herkunft von Francium<\/strong><\/h2>\n<p> Wenn Sie sich fragen, wer Francium entdeckt hat: Es war die Franz\u00f6sin Marguerite Perey im Jahr 1939. Im Jahr 1870 vermuteten jedoch viele Chemiker, dass vor C\u00e4sium ein Alkalimetall existierte. Au\u00dferdem erhielt das vermeintliche Element den Namen <em>Eka-C\u00e4sium<\/em> und die Ordnungszahl 87. Sp\u00e4ter, zwischen 1870 und 1937, wurden viele Versuche unternommen, es zu entdecken und zu isolieren, aber das Ergebnis war erfolglos. als unvollst\u00e4ndig oder fehlerhaft befunden.<\/p>\n<p> Erst der franz\u00f6sische Physiker Perey beobachtete eine Inkompatibilit\u00e4t der Zerfallsenergie innerhalb einer Probe von Actinium-227. Er war es, der wahrscheinliche Quellen der Ver\u00e4nderung ausschloss und zu dem Schluss kam, dass es sich um <em>Eka-C\u00e4sium<\/em> handelte, das neue Alkalimetall. Allerdings musste er der wissenschaftlichen Gemeinschaft beweisen, dass das Kunstst\u00fcck ihm geh\u00f6rte, da die Chemiker Horia Hulubei und Yvette Cauchois f\u00fcr seine Entdeckung sorgten. Marguerite Perey erhielt jedoch den Titel einer Entdeckerin und gab dem Element einen Namen.<\/p>\n<h2> <strong>Wof\u00fcr wird Francium verwendet?<\/strong><\/h2>\n<p> F\u00fcr Francium gibt es keine kommerzielle Nutzung, da es in der Natur ein sehr seltenes Material ist und eine hohe nukleare Instabilit\u00e4t aufweist. Im wissenschaftlichen Bereich wird es jedoch f\u00fcr Forschungsarbeiten wie Chemie, Biologie oder Atomstruktur verwendet.<\/p>\n<p> Die F\u00e4higkeit, das Element Francium zu synthetisieren, einzufangen und abzuk\u00fchlen, macht es zum Protagonisten spezieller Spektroskopieexperimente. Dies f\u00fchrt zu einem besseren Verst\u00e4ndnis der Kopplungskonstanten zwischen subatomaren Teilchen sowie der Energieniveaus.<\/p>\n<p> Andererseits zeigen Studien zum von <sup>210<\/sup> Fr-Ionen emittierten Licht spezifische Ergebnisse von \u00dcberg\u00e4ngen zwischen atomaren Energieniveaus. Dar\u00fcber hinaus wurde best\u00e4tigt, dass die aus diesen Experimenten gewonnenen Daten denen \u00e4hneln, die von der Quantentheorie vorhergesagt wurden.<\/p>\n<p> Zusammenfassend ist Francium ein Alkalimetall, superradioaktiv und instabil. Dar\u00fcber hinaus hat es unter anderen chemischen Elementen das gr\u00f6\u00dfte Gewicht bzw. die gr\u00f6\u00dfte \u00e4quivalente Masse. Andererseits weist es die niedrigste Elektronegativit\u00e4t auf und hat keine kommerziellen Anwendungen, wird aber f\u00fcr wissenschaftliche Studien verwendet.<\/p>\n","protected":false},"excerpt":{"rendered":"<p>Wussten Sie, dass Francium das letzte in der Natur entdeckte Element ist? Dar\u00fcber hinaus ist es das am zweith\u00e4ufigsten vorkommende chemische Element in der Erdkruste. Andererseits weist es die niedrigste Elektronegativit\u00e4t von allen auf. Erfahren Sie mehr \u00fcber diese chemische Verbindung und ihren Nutzen f\u00fcr den Menschen. Was ist Francium? Das chemische Element Francium ist &#8230; <a title=\"Francium\" class=\"read-more\" href=\"https:\/\/chemuza.org\/de\/francium\/\" aria-label=\"Mehr zu Francium\">Mehr lesen<\/a><\/p>\n","protected":false},"author":1,"featured_media":0,"parent":0,"menu_order":0,"comment_status":"closed","ping_status":"closed","template":"","meta":{"footnotes":""},"class_list":["post-1554","page","type-page","status-publish"],"yoast_head":"<!-- This site is optimized with the Yoast SEO plugin v21.4 - https:\/\/yoast.com\/wordpress\/plugins\/seo\/ -->\n<title>Francium - Chemuza<\/title>\n<meta name=\"robots\" content=\"index, follow, max-snippet:-1, max-image-preview:large, max-video-preview:-1\" \/>\n<link rel=\"canonical\" href=\"https:\/\/chemuza.org\/de\/francium\/\" \/>\n<meta property=\"og:locale\" content=\"de_DE\" \/>\n<meta property=\"og:type\" content=\"article\" \/>\n<meta property=\"og:title\" content=\"Francium - Chemuza\" \/>\n<meta property=\"og:description\" content=\"Wussten Sie, dass Francium das letzte in der Natur entdeckte Element ist? Dar\u00fcber hinaus ist es das am zweith\u00e4ufigsten vorkommende chemische Element in der Erdkruste. Andererseits weist es die niedrigste Elektronegativit\u00e4t von allen auf. Erfahren Sie mehr \u00fcber diese chemische Verbindung und ihren Nutzen f\u00fcr den Menschen. Was ist Francium? Das chemische Element Francium ist ... Mehr lesen\" \/>\n<meta property=\"og:url\" content=\"https:\/\/chemuza.org\/de\/francium\/\" \/>\n<meta property=\"og:site_name\" content=\"Chemuza\" \/>\n<meta name=\"twitter:card\" content=\"summary_large_image\" \/>\n<meta name=\"twitter:label1\" content=\"Gesch\u00e4tzte Lesezeit\" \/>\n\t<meta name=\"twitter:data1\" content=\"4\u00a0Minuten\" \/>\n<script type=\"application\/ld+json\" class=\"yoast-schema-graph\">{\"@context\":\"https:\/\/schema.org\",\"@graph\":[{\"@type\":\"WebPage\",\"@id\":\"https:\/\/chemuza.org\/de\/francium\/\",\"url\":\"https:\/\/chemuza.org\/de\/francium\/\",\"name\":\"Francium - Chemuza\",\"isPartOf\":{\"@id\":\"https:\/\/chemuza.org\/de\/#website\"},\"datePublished\":\"2023-10-25T13:51:26+00:00\",\"dateModified\":\"2023-10-25T13:51:26+00:00\",\"breadcrumb\":{\"@id\":\"https:\/\/chemuza.org\/de\/francium\/#breadcrumb\"},\"inLanguage\":\"de\",\"potentialAction\":[{\"@type\":\"ReadAction\",\"target\":[\"https:\/\/chemuza.org\/de\/francium\/\"]}]},{\"@type\":\"BreadcrumbList\",\"@id\":\"https:\/\/chemuza.org\/de\/francium\/#breadcrumb\",\"itemListElement\":[{\"@type\":\"ListItem\",\"position\":1,\"name\":\"Heim\",\"item\":\"https:\/\/chemuza.org\/de\/\"},{\"@type\":\"ListItem\",\"position\":2,\"name\":\"Francium\"}]},{\"@type\":\"WebSite\",\"@id\":\"https:\/\/chemuza.org\/de\/#website\",\"url\":\"https:\/\/chemuza.org\/de\/\",\"name\":\"Chemuza\",\"description\":\"Ihr Tor zur chemischen Entdeckung\",\"publisher\":{\"@id\":\"https:\/\/chemuza.org\/de\/#organization\"},\"potentialAction\":[{\"@type\":\"SearchAction\",\"target\":{\"@type\":\"EntryPoint\",\"urlTemplate\":\"https:\/\/chemuza.org\/de\/?s={search_term_string}\"},\"query-input\":\"required name=search_term_string\"}],\"inLanguage\":\"de\"},{\"@type\":\"Organization\",\"@id\":\"https:\/\/chemuza.org\/de\/#organization\",\"name\":\"Chemuza\",\"url\":\"https:\/\/chemuza.org\/de\/\",\"logo\":{\"@type\":\"ImageObject\",\"inLanguage\":\"de\",\"@id\":\"https:\/\/chemuza.org\/de\/#\/schema\/logo\/image\/\",\"url\":\"https:\/\/chemuza.org\/de\/wp-content\/uploads\/2023\/10\/chemuza-logo.png\",\"contentUrl\":\"https:\/\/chemuza.org\/de\/wp-content\/uploads\/2023\/10\/chemuza-logo.png\",\"width\":387,\"height\":70,\"caption\":\"Chemuza\"},\"image\":{\"@id\":\"https:\/\/chemuza.org\/de\/#\/schema\/logo\/image\/\"}}]}<\/script>\n<!-- \/ Yoast SEO plugin. -->","yoast_head_json":{"title":"Francium - Chemuza","robots":{"index":"index","follow":"follow","max-snippet":"max-snippet:-1","max-image-preview":"max-image-preview:large","max-video-preview":"max-video-preview:-1"},"canonical":"https:\/\/chemuza.org\/de\/francium\/","og_locale":"de_DE","og_type":"article","og_title":"Francium - Chemuza","og_description":"Wussten Sie, dass Francium das letzte in der Natur entdeckte Element ist? Dar\u00fcber hinaus ist es das am zweith\u00e4ufigsten vorkommende chemische Element in der Erdkruste. Andererseits weist es die niedrigste Elektronegativit\u00e4t von allen auf. Erfahren Sie mehr \u00fcber diese chemische Verbindung und ihren Nutzen f\u00fcr den Menschen. Was ist Francium? Das chemische Element Francium ist ... Mehr lesen","og_url":"https:\/\/chemuza.org\/de\/francium\/","og_site_name":"Chemuza","twitter_card":"summary_large_image","twitter_misc":{"Gesch\u00e4tzte Lesezeit":"4\u00a0Minuten"},"schema":{"@context":"https:\/\/schema.org","@graph":[{"@type":"WebPage","@id":"https:\/\/chemuza.org\/de\/francium\/","url":"https:\/\/chemuza.org\/de\/francium\/","name":"Francium - Chemuza","isPartOf":{"@id":"https:\/\/chemuza.org\/de\/#website"},"datePublished":"2023-10-25T13:51:26+00:00","dateModified":"2023-10-25T13:51:26+00:00","breadcrumb":{"@id":"https:\/\/chemuza.org\/de\/francium\/#breadcrumb"},"inLanguage":"de","potentialAction":[{"@type":"ReadAction","target":["https:\/\/chemuza.org\/de\/francium\/"]}]},{"@type":"BreadcrumbList","@id":"https:\/\/chemuza.org\/de\/francium\/#breadcrumb","itemListElement":[{"@type":"ListItem","position":1,"name":"Heim","item":"https:\/\/chemuza.org\/de\/"},{"@type":"ListItem","position":2,"name":"Francium"}]},{"@type":"WebSite","@id":"https:\/\/chemuza.org\/de\/#website","url":"https:\/\/chemuza.org\/de\/","name":"Chemuza","description":"Ihr Tor zur chemischen Entdeckung","publisher":{"@id":"https:\/\/chemuza.org\/de\/#organization"},"potentialAction":[{"@type":"SearchAction","target":{"@type":"EntryPoint","urlTemplate":"https:\/\/chemuza.org\/de\/?s={search_term_string}"},"query-input":"required name=search_term_string"}],"inLanguage":"de"},{"@type":"Organization","@id":"https:\/\/chemuza.org\/de\/#organization","name":"Chemuza","url":"https:\/\/chemuza.org\/de\/","logo":{"@type":"ImageObject","inLanguage":"de","@id":"https:\/\/chemuza.org\/de\/#\/schema\/logo\/image\/","url":"https:\/\/chemuza.org\/de\/wp-content\/uploads\/2023\/10\/chemuza-logo.png","contentUrl":"https:\/\/chemuza.org\/de\/wp-content\/uploads\/2023\/10\/chemuza-logo.png","width":387,"height":70,"caption":"Chemuza"},"image":{"@id":"https:\/\/chemuza.org\/de\/#\/schema\/logo\/image\/"}}]}},"yoast_meta":{"yoast_wpseo_title":"","yoast_wpseo_metadesc":"","yoast_wpseo_canonical":""},"_links":{"self":[{"href":"https:\/\/chemuza.org\/de\/wp-json\/wp\/v2\/pages\/1554","targetHints":{"allow":["GET"]}}],"collection":[{"href":"https:\/\/chemuza.org\/de\/wp-json\/wp\/v2\/pages"}],"about":[{"href":"https:\/\/chemuza.org\/de\/wp-json\/wp\/v2\/types\/page"}],"author":[{"embeddable":true,"href":"https:\/\/chemuza.org\/de\/wp-json\/wp\/v2\/users\/1"}],"replies":[{"embeddable":true,"href":"https:\/\/chemuza.org\/de\/wp-json\/wp\/v2\/comments?post=1554"}],"version-history":[{"count":1,"href":"https:\/\/chemuza.org\/de\/wp-json\/wp\/v2\/pages\/1554\/revisions"}],"predecessor-version":[{"id":1630,"href":"https:\/\/chemuza.org\/de\/wp-json\/wp\/v2\/pages\/1554\/revisions\/1630"}],"wp:attachment":[{"href":"https:\/\/chemuza.org\/de\/wp-json\/wp\/v2\/media?parent=1554"}],"curies":[{"name":"wp","href":"https:\/\/api.w.org\/{rel}","templated":true}]}}