{"id":1553,"date":"2023-07-13T20:51:31","date_gmt":"2023-07-13T20:51:31","guid":{"rendered":"https:\/\/chemuza.org\/de\/radon\/"},"modified":"2023-07-13T20:51:31","modified_gmt":"2023-07-13T20:51:31","slug":"radon","status":"publish","type":"page","link":"https:\/\/chemuza.org\/de\/radon\/","title":{"rendered":"Radon"},"content":{"rendered":"<p>Radon ist ein Erdgas, das bei der radioaktiven Zersetzung von Uran in Wasser, Boden und Gestein entsteht. Im Freien ist es in minimalen Konzentrationen vorhanden, kann sich jedoch in schlecht bel\u00fcfteten Bereichen wie Bergwerken und H\u00e4usern in gro\u00dfen Mengen ansammeln, was das Risiko erh\u00f6ht, an Lungenkrebs zu erkranken. Dar\u00fcber hinaus verf\u00fcgt es \u00fcber einzigartige Funktionen und Anwendungen, wie Sie weiter unten sehen werden.<\/p>\n<h2> <strong>Was ist Radon?<\/strong><\/h2>\n<p> Es ist ein chemisches Element, das zur Familie der Edelgase des Periodensystems geh\u00f6rt. Es ist ein geschmackloses, geruchloses und farbloses Gas, aber wenn es fest wird, verf\u00e4rbt es sich r\u00f6tlich. Dar\u00fcber hinaus ist es unter den Elementen seiner Gruppe das radioaktivste und macht etwa 50 % der Strahlung in der Umwelt aus. Seine Atommasse betr\u00e4gt 222, was darauf hinweist, dass sein Kern mit 136 Elektronen stabil ist.<\/p>\n<h3> <strong>Radon-Symbol<\/strong><\/h3>\n<p> <span class=\"content-chemical-element\" style=\"float: left;width: 65px;height: 65px;border: 3px solid #666; display:flex;\n    justify-content: center;align-items: center;margin-right: 15px;\"><span style=\"font-size: 38px;\">Rn<\/span><\/span> wird so genannt, weil es durch den Zerfall des 226Ra-Isotops von Radium gewonnen wurde, das vom lateinischen Radius stammt. Allerdings hie\u00df es damals Niton, lateinisch niteo oder brillant, weil es in festem Zustand goldenes Licht reflektiert.<\/p>\n<h2> <strong>Eigenschaften von Radon<\/strong><\/h2>\n<p> Das Element Radon ist ein Edelgas mit der Ordnungszahl 86, es ist unsichtbar und befindet sich im Block P des Periodensystems. Es besteht aus 35 hochradioaktiven Isotopen mit minimalen Halbwertszeiten. Dar\u00fcber hinaus ist es das schwerste Edelgas und l\u00f6st sich in geringen Anteilen schnell in der Luft. Weitere Funktionen sind:<\/p>\n<ul>\n<li> <strong>Zustand<\/strong> : Gasf\u00f6rmig.<\/li>\n<li> <strong>Farbe<\/strong> : In gasf\u00f6rmiger Form ist es farblos, aber wenn es feste Verbindungen bildet, ist es rot.<\/li>\n<li> <strong>Geschmack und Geruch<\/strong> : Geschmacks- und geruchlos.<\/li>\n<li> <strong>Toxizit\u00e4t<\/strong> : Hoch, das Einatmen gro\u00dfer Mengen verursacht aufgrund der emittierten Strahlung Lungenkrebs.<\/li>\n<li> <strong>Reaktivit\u00e4t<\/strong> : Niedrig, da es sich um ein Inertgas handelt.<\/li>\n<li> <strong>Struktur<\/strong> : Wenn es fest wird, ist es kubisch und auf den K\u00f6rperfl\u00e4chen zentriert.<\/li>\n<li> <strong>L\u00f6slichkeit<\/strong> : Hoch, in gasf\u00f6rmiger Form bewegt es sich schnell durch Wasser, bis es den Boden erreicht.<\/li>\n<li> <strong>Zusammensetzung von Radon<\/strong> : Es besteht aus 86 Protonen und Elektronen, darunter 136 Neutronen.<\/li>\n<\/ul>\n<h2> <strong>Chemische und physikalische Eigenschaften von Radon<\/strong><\/h2>\n<ol>\n<li> <strong>Ordnungszahl<\/strong> : 86<\/li>\n<li> <strong>Zeitraum<\/strong> : 6<\/li>\n<li> <strong>Block<\/strong> : P<\/li>\n<li> <strong>Gruppe<\/strong> : 18<\/li>\n<li> <strong>Oxidationsstufe<\/strong> : 0<\/li>\n<li> <strong>Dichte:<\/strong> 9,73 kg\/m <sup>3<\/sup><\/li>\n<li> <strong>Schmelzpunkt:<\/strong> -71<strong> <\/strong>\u00b0C<\/li>\n<li> <strong>Atomradius:<\/strong> 120h<\/li>\n<li> <strong>Elektronegativit\u00e4t:<\/strong> -2,06<\/li>\n<li> <strong>Spezifische W\u00e4rme:<\/strong> 94 J \/ (K kg)<\/li>\n<li> <strong>Kovalenter Radius (\u00c5):<\/strong> 145h<\/li>\n<li> <strong>Atommasse (g\/mol):<\/strong> 222 u<\/li>\n<li> <strong>Elektronische Konfiguration:<\/strong> [Xe] 4f14 5d10 6s2 6p6<\/li>\n<li> <strong>Elektronen pro Schale:<\/strong> 2, 8, 18, 32, 18, 8<\/li>\n<li> <strong>Erstes Ionisationspotential<\/strong> (eV): 1037<\/li>\n<li> <strong>W\u00e4rmeleitf\u00e4higkeit:<\/strong> 0,00364 W\/(Km)<\/li>\n<li> <strong>Siedepunkt:<\/strong> -62\u00b0C<\/li>\n<\/ol>\n<h2> <strong>Herkunft von Radon<\/strong><\/h2>\n<p> Das chemische Element Radon wurde 1900 vom Wissenschaftler Friedrich Ernst Dorn entdeckt. In diesem Jahr bemerkte Dorn, dass bei einigen Tests mit Radium ein radioaktives Gas austrat, das er Radium-Emanation nannte. Zuvor, im Jahr 1899, hatten die Chemiker Marie und Pierre Curie beobachtet, dass es einen Monat dauerte, bis gasf\u00f6rmige Radiumemissionen verschwanden. Schlie\u00dflich zeigte Robert Owens 1901, dass solche Emanationen auf die Anwesenheit eines anderen Elements hinweisen, das sie wegen seiner N\u00e4he zu Radium Radon nannten.<\/p>\n<h2> <strong>Wof\u00fcr wird Radon verwendet?<\/strong><\/h2>\n<p> Obwohl es nur wenige Anwendungen gibt, wird Radongas im medizinischen Bereich zur Bestrahlungsbehandlung von Arthritis und Krebs eingesetzt. Zur St\u00e4rkung des Immunsystems werden Patienten geringen Strahlungskonzentrationen ausgesetzt. Dar\u00fcber hinaus findet Radon auch im geologischen Bereich Anwendung, wenn es als Geothermie- oder Temperaturgradientenmesser tief in der Erdkruste eingesetzt wird. Dadurch ist es m\u00f6glich, tektonische St\u00f6rungen oder Erdbeben zu erkennen und die atmosph\u00e4rische Stabilit\u00e4t zu \u00fcberpr\u00fcfen.<\/p>\n<p> Ebenso wird es als Lufttracer verwendet, um das Vorhandensein anderer Gase zu \u00fcberpr\u00fcfen und so deren Gewicht und Reinheit zu bestimmen.<\/p>\n<h2> <strong>Gesundheitliche Auswirkungen von Radon<\/strong><\/h2>\n<p> Dieses Gas entweicht frei vom Boden und gelangt in die Luft, wo es in kleine radioaktive Partikel zerf\u00e4llt. Beim Einatmen bleiben sie in den Atemwegen h\u00e4ngen und verursachen Lungenkrebs. Dar\u00fcber hinaus beeinflusst es DNA und RNA und verursacht irreparable Zellsch\u00e4den, indem es die nat\u00fcrlichen Stoffwechselprozesse der Zellen beeintr\u00e4chtigt.<\/p>\n<h2> <strong>Wo kommt Radon vor?<\/strong><\/h2>\n<p> Es entsteht auf nat\u00fcrliche Weise durch den Zerfall von Radium 226, das in Gesteinen vorhanden ist. Die gr\u00f6\u00dfte Konzentration findet im Untergrund statt, in einer maximalen Tiefe von 1 Meter, von wo aus es durch Poren in die Atmosph\u00e4re gelangt. Dar\u00fcber hinaus kommt es in sandigen B\u00f6den in h\u00f6heren Anteilen vor als in tonigen oder kompakten B\u00f6den.<\/p>\n<p> Zusammenfassend l\u00e4sst sich sagen, dass das chemische Element Radon ein Edelgas ist, das keinen besonderen Geschmack, Geruch oder Farbe hat. Es bewegt sich schnell in Wasser und Luft und ist eines der radioaktivsten und schwersten Edelgase im Periodensystem. Wenn es in gro\u00dfen Mengen eingeatmet wird, verursacht es Lungenkrebs und im Laufe der Jahre sichtbare schwere Zellsch\u00e4den.<\/p>\n","protected":false},"excerpt":{"rendered":"<p>Radon ist ein Erdgas, das bei der radioaktiven Zersetzung von Uran in Wasser, Boden und Gestein entsteht. Im Freien ist es in minimalen Konzentrationen vorhanden, kann sich jedoch in schlecht bel\u00fcfteten Bereichen wie Bergwerken und H\u00e4usern in gro\u00dfen Mengen ansammeln, was das Risiko erh\u00f6ht, an Lungenkrebs zu erkranken. Dar\u00fcber hinaus verf\u00fcgt es \u00fcber einzigartige Funktionen &#8230; <a title=\"Radon\" class=\"read-more\" href=\"https:\/\/chemuza.org\/de\/radon\/\" aria-label=\"Mehr zu Radon\">Mehr lesen<\/a><\/p>\n","protected":false},"author":1,"featured_media":0,"parent":0,"menu_order":0,"comment_status":"closed","ping_status":"closed","template":"","meta":{"footnotes":""},"class_list":["post-1553","page","type-page","status-publish"],"yoast_head":"<!-- This site is optimized with the Yoast SEO plugin v21.4 - https:\/\/yoast.com\/wordpress\/plugins\/seo\/ -->\n<title>Radon - Chemuza<\/title>\n<meta name=\"robots\" content=\"index, follow, max-snippet:-1, max-image-preview:large, max-video-preview:-1\" \/>\n<link rel=\"canonical\" href=\"https:\/\/chemuza.org\/de\/radon\/\" \/>\n<meta property=\"og:locale\" content=\"de_DE\" \/>\n<meta property=\"og:type\" content=\"article\" \/>\n<meta property=\"og:title\" content=\"Radon - Chemuza\" \/>\n<meta property=\"og:description\" content=\"Radon ist ein Erdgas, das bei der radioaktiven Zersetzung von Uran in Wasser, Boden und Gestein entsteht. Im Freien ist es in minimalen Konzentrationen vorhanden, kann sich jedoch in schlecht bel\u00fcfteten Bereichen wie Bergwerken und H\u00e4usern in gro\u00dfen Mengen ansammeln, was das Risiko erh\u00f6ht, an Lungenkrebs zu erkranken. Dar\u00fcber hinaus verf\u00fcgt es \u00fcber einzigartige Funktionen ... Mehr lesen\" \/>\n<meta property=\"og:url\" content=\"https:\/\/chemuza.org\/de\/radon\/\" \/>\n<meta property=\"og:site_name\" content=\"Chemuza\" \/>\n<meta name=\"twitter:card\" content=\"summary_large_image\" \/>\n<meta name=\"twitter:label1\" content=\"Gesch\u00e4tzte Lesezeit\" \/>\n\t<meta name=\"twitter:data1\" content=\"4\u00a0Minuten\" \/>\n<script type=\"application\/ld+json\" class=\"yoast-schema-graph\">{\"@context\":\"https:\/\/schema.org\",\"@graph\":[{\"@type\":\"WebPage\",\"@id\":\"https:\/\/chemuza.org\/de\/radon\/\",\"url\":\"https:\/\/chemuza.org\/de\/radon\/\",\"name\":\"Radon - Chemuza\",\"isPartOf\":{\"@id\":\"https:\/\/chemuza.org\/de\/#website\"},\"datePublished\":\"2023-07-13T20:51:31+00:00\",\"dateModified\":\"2023-07-13T20:51:31+00:00\",\"breadcrumb\":{\"@id\":\"https:\/\/chemuza.org\/de\/radon\/#breadcrumb\"},\"inLanguage\":\"de\",\"potentialAction\":[{\"@type\":\"ReadAction\",\"target\":[\"https:\/\/chemuza.org\/de\/radon\/\"]}]},{\"@type\":\"BreadcrumbList\",\"@id\":\"https:\/\/chemuza.org\/de\/radon\/#breadcrumb\",\"itemListElement\":[{\"@type\":\"ListItem\",\"position\":1,\"name\":\"Heim\",\"item\":\"https:\/\/chemuza.org\/de\/\"},{\"@type\":\"ListItem\",\"position\":2,\"name\":\"Radon\"}]},{\"@type\":\"WebSite\",\"@id\":\"https:\/\/chemuza.org\/de\/#website\",\"url\":\"https:\/\/chemuza.org\/de\/\",\"name\":\"Chemuza\",\"description\":\"Ihr Tor zur chemischen Entdeckung\",\"publisher\":{\"@id\":\"https:\/\/chemuza.org\/de\/#organization\"},\"potentialAction\":[{\"@type\":\"SearchAction\",\"target\":{\"@type\":\"EntryPoint\",\"urlTemplate\":\"https:\/\/chemuza.org\/de\/?s={search_term_string}\"},\"query-input\":\"required name=search_term_string\"}],\"inLanguage\":\"de\"},{\"@type\":\"Organization\",\"@id\":\"https:\/\/chemuza.org\/de\/#organization\",\"name\":\"Chemuza\",\"url\":\"https:\/\/chemuza.org\/de\/\",\"logo\":{\"@type\":\"ImageObject\",\"inLanguage\":\"de\",\"@id\":\"https:\/\/chemuza.org\/de\/#\/schema\/logo\/image\/\",\"url\":\"https:\/\/chemuza.org\/de\/wp-content\/uploads\/2023\/10\/chemuza-logo.png\",\"contentUrl\":\"https:\/\/chemuza.org\/de\/wp-content\/uploads\/2023\/10\/chemuza-logo.png\",\"width\":387,\"height\":70,\"caption\":\"Chemuza\"},\"image\":{\"@id\":\"https:\/\/chemuza.org\/de\/#\/schema\/logo\/image\/\"}}]}<\/script>\n<!-- \/ Yoast SEO plugin. -->","yoast_head_json":{"title":"Radon - Chemuza","robots":{"index":"index","follow":"follow","max-snippet":"max-snippet:-1","max-image-preview":"max-image-preview:large","max-video-preview":"max-video-preview:-1"},"canonical":"https:\/\/chemuza.org\/de\/radon\/","og_locale":"de_DE","og_type":"article","og_title":"Radon - Chemuza","og_description":"Radon ist ein Erdgas, das bei der radioaktiven Zersetzung von Uran in Wasser, Boden und Gestein entsteht. Im Freien ist es in minimalen Konzentrationen vorhanden, kann sich jedoch in schlecht bel\u00fcfteten Bereichen wie Bergwerken und H\u00e4usern in gro\u00dfen Mengen ansammeln, was das Risiko erh\u00f6ht, an Lungenkrebs zu erkranken. Dar\u00fcber hinaus verf\u00fcgt es \u00fcber einzigartige Funktionen ... Mehr lesen","og_url":"https:\/\/chemuza.org\/de\/radon\/","og_site_name":"Chemuza","twitter_card":"summary_large_image","twitter_misc":{"Gesch\u00e4tzte Lesezeit":"4\u00a0Minuten"},"schema":{"@context":"https:\/\/schema.org","@graph":[{"@type":"WebPage","@id":"https:\/\/chemuza.org\/de\/radon\/","url":"https:\/\/chemuza.org\/de\/radon\/","name":"Radon - Chemuza","isPartOf":{"@id":"https:\/\/chemuza.org\/de\/#website"},"datePublished":"2023-07-13T20:51:31+00:00","dateModified":"2023-07-13T20:51:31+00:00","breadcrumb":{"@id":"https:\/\/chemuza.org\/de\/radon\/#breadcrumb"},"inLanguage":"de","potentialAction":[{"@type":"ReadAction","target":["https:\/\/chemuza.org\/de\/radon\/"]}]},{"@type":"BreadcrumbList","@id":"https:\/\/chemuza.org\/de\/radon\/#breadcrumb","itemListElement":[{"@type":"ListItem","position":1,"name":"Heim","item":"https:\/\/chemuza.org\/de\/"},{"@type":"ListItem","position":2,"name":"Radon"}]},{"@type":"WebSite","@id":"https:\/\/chemuza.org\/de\/#website","url":"https:\/\/chemuza.org\/de\/","name":"Chemuza","description":"Ihr Tor zur chemischen Entdeckung","publisher":{"@id":"https:\/\/chemuza.org\/de\/#organization"},"potentialAction":[{"@type":"SearchAction","target":{"@type":"EntryPoint","urlTemplate":"https:\/\/chemuza.org\/de\/?s={search_term_string}"},"query-input":"required name=search_term_string"}],"inLanguage":"de"},{"@type":"Organization","@id":"https:\/\/chemuza.org\/de\/#organization","name":"Chemuza","url":"https:\/\/chemuza.org\/de\/","logo":{"@type":"ImageObject","inLanguage":"de","@id":"https:\/\/chemuza.org\/de\/#\/schema\/logo\/image\/","url":"https:\/\/chemuza.org\/de\/wp-content\/uploads\/2023\/10\/chemuza-logo.png","contentUrl":"https:\/\/chemuza.org\/de\/wp-content\/uploads\/2023\/10\/chemuza-logo.png","width":387,"height":70,"caption":"Chemuza"},"image":{"@id":"https:\/\/chemuza.org\/de\/#\/schema\/logo\/image\/"}}]}},"yoast_meta":{"yoast_wpseo_title":"","yoast_wpseo_metadesc":"","yoast_wpseo_canonical":""},"_links":{"self":[{"href":"https:\/\/chemuza.org\/de\/wp-json\/wp\/v2\/pages\/1553","targetHints":{"allow":["GET"]}}],"collection":[{"href":"https:\/\/chemuza.org\/de\/wp-json\/wp\/v2\/pages"}],"about":[{"href":"https:\/\/chemuza.org\/de\/wp-json\/wp\/v2\/types\/page"}],"author":[{"embeddable":true,"href":"https:\/\/chemuza.org\/de\/wp-json\/wp\/v2\/users\/1"}],"replies":[{"embeddable":true,"href":"https:\/\/chemuza.org\/de\/wp-json\/wp\/v2\/comments?post=1553"}],"version-history":[{"count":0,"href":"https:\/\/chemuza.org\/de\/wp-json\/wp\/v2\/pages\/1553\/revisions"}],"wp:attachment":[{"href":"https:\/\/chemuza.org\/de\/wp-json\/wp\/v2\/media?parent=1553"}],"curies":[{"name":"wp","href":"https:\/\/api.w.org\/{rel}","templated":true}]}}