{"id":1552,"date":"2023-07-13T21:13:29","date_gmt":"2023-07-13T21:13:29","guid":{"rendered":"https:\/\/chemuza.org\/de\/ein-status\/"},"modified":"2023-07-13T21:13:29","modified_gmt":"2023-07-13T21:13:29","slug":"ein-status","status":"publish","type":"page","link":"https:\/\/chemuza.org\/de\/ein-status\/","title":{"rendered":"Astatin"},"content":{"rendered":"<p>Das chemische Element Astat ist in der Natur generell sehr selten, da die Gesamtmenge in der Erdkruste 30 Gramm nicht \u00fcberschreitet. Andererseits ist seine Halbwertszeit sehr kurz, da es eine Halbwertszeit von weniger als 8 Stunden hat. Erfahren Sie mehr dar\u00fcber, was Astatus ist, wer es entdeckt hat und welche Verwendung es bietet.<\/p>\n<h2> <strong>Was ist Status?<\/strong><\/h2>\n<p> Es ist auch als Astat bekannt und ein Halbmetall oder Metalloid, das zur chemischen Reihe der Halogene geh\u00f6rt. Es weist eine hohe Radioaktivit\u00e4t, metallisches Verhalten und ein gl\u00e4nzendes Aussehen auf. Ebenso ist es selten und instabil sowie das am wenigsten elektronegative, aber schwerste seiner Gruppe. Es kann in der Natur vorkommen oder k\u00fcnstlich hergestellt werden.<\/p>\n<h3> <strong>Astatin-Symbol<\/strong><\/h3>\n<p> <span class=\"content-chemical-element\" style=\"float: left;width: 65px;height: 65px;border: 3px solid #666; display:flex;\n    justify-content: center;align-items: center;margin-right: 15px;\"><span style=\"font-size: 38px;\">Das<\/span><\/span> chemische Symbol ist eine Abk\u00fcrzung seines Namens, der vom griechischen Wort \u201e <em>astatos\u201c<\/em> stammt und <em>\u201einstabil\u201c<\/em> bedeutet. Dieser Ausdruck ist sehr passend, da hierf\u00fcr kein stabiles Isotop bekannt ist. Dar\u00fcber hinaus hatte der Chemiker Dmitri Mendelejew seine Existenz bereits vorhergesagt und ihm den Namen <em>Eka-Jod<\/em> gegeben.<\/p>\n<h2> <strong>Eigenschaften von Astat<\/strong><\/h2>\n<p> Derzeit sind alle Merkmale des Astatus mit Sicherheit unbekannt. Einige haben jedoch festgestellt, dass seine chemische Zusammensetzung der von Jod \u00e4hnelt. Weitere Vorteile dieses Metalls:<\/p>\n<ul>\n<li> <strong>Chemische Modifikationen<\/strong> : In L\u00f6sung wird es durch Brom oxidiert, durch Schwefeldioxid reduziert und starke Oxidationsmittel bilden das Astatation.<\/li>\n<li> <strong>Leitf\u00e4higkeit<\/strong> : Es ist ein Halbleiterelement.<\/li>\n<li> <strong>Aussehen<\/strong> : Zeigt ein dunkles, gl\u00e4nzendes und gl\u00e4nzendes Aussehen.<\/li>\n<li> <strong>Zustand<\/strong> : Der gew\u00f6hnliche Aggregatzustand ist solide.<\/li>\n<li> <strong>Schmelzpunkt<\/strong> : Sein Schmelzpunkt ist h\u00f6her oder h\u00f6her als der von Jod.<\/li>\n<li> <strong>Oxidationsstufen<\/strong> : Sie weisen Copr\u00e4zipitationseigenschaften auf, die denen von freiem Jod, Jodidionen und Jodationen \u00e4hneln.<\/li>\n<li> <strong>Radioaktivit\u00e4t<\/strong> : Es weist eine so hohe Radioaktivit\u00e4t auf, dass Labore bei seiner Herstellung hohe Sicherheitsma\u00dfnahmen und technische Vorsichtsma\u00dfnahmen erfordern.<\/li>\n<li> <strong>Halbwertszeit<\/strong> : Die durchschnittliche Lebensdauer betr\u00e4gt etwa 7,2 Stunden, variiert jedoch je nach Isotop.<\/li>\n<li> <strong>Metallisches Verhalten<\/strong> : Im Gegensatz zu leichteren Halogenen bildet es in w\u00e4ssrigen L\u00f6sungen stabile einatomige Kationen.<\/li>\n<\/ul>\n<h2> <strong>Chemische und physikalische Eigenschaften von Astat<\/strong><\/h2>\n<ol>\n<li> <strong>Ordnungszahl<\/strong> : 85<\/li>\n<li> <strong>Rust<\/strong> : Unbekannt<\/li>\n<li> <strong>Dichte (g\/ml)<\/strong> : Nicht vorhanden<\/li>\n<li> <strong>Kovalenter Radius (\u00c5)<\/strong> : 127 Uhr<\/li>\n<li> <strong>Atomradius (\u00c5)<\/strong> : 145 Uhr<\/li>\n<li> <strong>Siedepunkt<\/strong> : 337\u00b0C<\/li>\n<li> <strong>Spezifische W\u00e4rme<\/strong> : Nicht vorhanden<\/li>\n<li> <strong>Atommasse (g\/mol)<\/strong> : 210 u<\/li>\n<li> <strong>Schallgeschwindigkeit<\/strong> : Nicht vorhanden<\/li>\n<li> <strong>Schmelzpunkt<\/strong> : 302\u00b0C (575K)<\/li>\n<li> <strong>Fusionsenthalpie<\/strong> : 114 kJ\/mol<\/li>\n<li> <strong>Oxidationsstufen<\/strong> : \u00b11, 3, 5, 7<\/li>\n<li> <strong>Elektronische Konfiguration<\/strong> : [Xe]4f <sup>14<\/sup> 5d <sup>10<\/sup> 6s <sup>2<\/sup> 6p <sup>5<\/sup><\/li>\n<li> <strong>Elektronen pro Ebene<\/strong> : 2, 8, 18, 32, 18, 7<\/li>\n<li> <strong>Verdampfungsenthalpie<\/strong> : Nicht vorhanden<\/li>\n<li> <strong>Erstes Ionisierungspotential (eV)<\/strong> : 920 kJ\/mol<\/li>\n<li> <strong>Elektronegativit\u00e4t<\/strong> : 2,2 (Pauling-Skala)<\/li>\n<\/ol>\n<h2> <strong>Herkunft von Astat<\/strong><\/h2>\n<p> Laut der Geschichte von Astatus fand die erste Entdeckung bzw. Synthese im Jahr 1940 statt. Die Urheber dieser Arbeit waren die Amerikaner Dale R. Corson, Emilio Segr\u00e8 und Kenneth R. Mackenzie von der University of Berkeley , Kalifornien. .<\/p>\n<p> Diese drei mit Alphateilchen oder Heliumkernen ausger\u00fcsteten Wissenschaftler beschossen eine Schicht des Elements Wismut. Sp\u00e4ter, im Jahr 1964, analysierte McLaughlin eine Probe k\u00fcnstlich hergestellter radioaktiver Isotope. Dar\u00fcber hinaus war dieser Wissenschaftler der erste, der zwei Spektrallinien im ultravioletten Bereich sichtbar machte.<\/p>\n<h2> <strong>Wof\u00fcr wird der Astus verwendet?<\/strong><\/h2>\n<p> Bisher wurden keine kommerziellen Anwendungen von Astat entdeckt, da auf dem Planeten Erde nur wenige Mengen dieses Elements vorkommen. Es wird jedoch h\u00e4ufig als potenzielle Behandlung von Krebs eingesetzt, da es ein Element ist, das Isotope enth\u00e4lt, die f\u00fcr die Herstellung von Radiopharmazeutika von Interesse sind.<\/p>\n<p> Dar\u00fcber hinaus weisen Experten darauf hin, dass die Eigenschaften von Astatin bei theoretischen Bewertungen einen praktischen experimentellen Wert haben. Diese werden verwendet, um die atomaren und chemischen Eigenschaften anderer Elemente, beispielsweise superschwerer Elemente, vorherzusagen.<\/p>\n<h2> <strong>Astat-Isotope<\/strong><\/h2>\n<p> Es ist ein Element, das 41 radioaktive Isotope enth\u00e4lt, von denen 25 durch k\u00fcnstliche Kerntransmutationsreaktionen hergestellt wurden. Die l\u00e4ngste Lebensdauer betr\u00e4gt <sup>210<\/sup> At mit einer Lebensdauer von 8,1 Stunden.<\/p>\n<p> Im Gegenteil, am wenigsten haltbar ist <sup>213<\/sup> At, dessen Halbwertszeit 125 Nanosekunden erreicht. Dar\u00fcber hinaus kommen die Isotope <sup>215<\/sup> At, <sup>218<\/sup> At und <sup>219<\/sup> At in geringen Mengen in Uran- und Thoriummineralien vor.<\/p>\n<h2> <strong>Gesundheitliche Auswirkungen von Astat<\/strong><\/h2>\n<p> Es hat keine Auswirkungen auf die menschliche Gesundheit als solches, da seine Menge in der Erdkruste begrenzt ist und auch seine Lebensdauer kurz ist. Labore, die Studien und Forschungen durchf\u00fchren, erfordern jedoch besondere Vorsichtsma\u00dfnahmen und Handhabungstechniken, da es ein Halogen enth\u00e4lt, das sich in der Schilddr\u00fcse ansammeln kann.<\/p>\n<p> Zusammenfassend ist Astat ein halogeniertes Metalloid, das eine hohe Radioaktivit\u00e4t, ein dunkles Aussehen, eine durchschnittliche Lebensdauer von 7,2 Stunden und eine jod\u00e4hnliche Zusammensetzung aufweist. Es ist instabil, das am wenigsten elektronegative seiner Gruppe und ein Halbleiter. Obwohl es keine kommerziellen Anwendungen enth\u00e4lt, wird es in recherchierenden und wissenschaftlichen Arbeiten eingesetzt.<\/p>\n","protected":false},"excerpt":{"rendered":"<p>Das chemische Element Astat ist in der Natur generell sehr selten, da die Gesamtmenge in der Erdkruste 30 Gramm nicht \u00fcberschreitet. Andererseits ist seine Halbwertszeit sehr kurz, da es eine Halbwertszeit von weniger als 8 Stunden hat. Erfahren Sie mehr dar\u00fcber, was Astatus ist, wer es entdeckt hat und welche Verwendung es bietet. Was ist &#8230; <a title=\"Astatin\" class=\"read-more\" href=\"https:\/\/chemuza.org\/de\/ein-status\/\" aria-label=\"Mehr zu Astatin\">Mehr lesen<\/a><\/p>\n","protected":false},"author":1,"featured_media":0,"parent":0,"menu_order":0,"comment_status":"closed","ping_status":"closed","template":"","meta":{"footnotes":""},"class_list":["post-1552","page","type-page","status-publish"],"yoast_head":"<!-- This site is optimized with the Yoast SEO plugin v21.4 - https:\/\/yoast.com\/wordpress\/plugins\/seo\/ -->\n<title>Astatin - Chemuza<\/title>\n<meta name=\"robots\" content=\"index, follow, max-snippet:-1, max-image-preview:large, max-video-preview:-1\" \/>\n<link rel=\"canonical\" href=\"https:\/\/chemuza.org\/de\/ein-status\/\" \/>\n<meta property=\"og:locale\" content=\"de_DE\" \/>\n<meta property=\"og:type\" content=\"article\" \/>\n<meta property=\"og:title\" content=\"Astatin - Chemuza\" \/>\n<meta property=\"og:description\" content=\"Das chemische Element Astat ist in der Natur generell sehr selten, da die Gesamtmenge in der Erdkruste 30 Gramm nicht \u00fcberschreitet. Andererseits ist seine Halbwertszeit sehr kurz, da es eine Halbwertszeit von weniger als 8 Stunden hat. Erfahren Sie mehr dar\u00fcber, was Astatus ist, wer es entdeckt hat und welche Verwendung es bietet. Was ist ... Mehr lesen\" \/>\n<meta property=\"og:url\" content=\"https:\/\/chemuza.org\/de\/ein-status\/\" \/>\n<meta property=\"og:site_name\" content=\"Chemuza\" \/>\n<meta name=\"twitter:card\" content=\"summary_large_image\" \/>\n<meta name=\"twitter:label1\" content=\"Gesch\u00e4tzte Lesezeit\" \/>\n\t<meta name=\"twitter:data1\" content=\"4\u00a0Minuten\" \/>\n<script type=\"application\/ld+json\" class=\"yoast-schema-graph\">{\"@context\":\"https:\/\/schema.org\",\"@graph\":[{\"@type\":\"WebPage\",\"@id\":\"https:\/\/chemuza.org\/de\/ein-status\/\",\"url\":\"https:\/\/chemuza.org\/de\/ein-status\/\",\"name\":\"Astatin - Chemuza\",\"isPartOf\":{\"@id\":\"https:\/\/chemuza.org\/de\/#website\"},\"datePublished\":\"2023-07-13T21:13:29+00:00\",\"dateModified\":\"2023-07-13T21:13:29+00:00\",\"breadcrumb\":{\"@id\":\"https:\/\/chemuza.org\/de\/ein-status\/#breadcrumb\"},\"inLanguage\":\"de\",\"potentialAction\":[{\"@type\":\"ReadAction\",\"target\":[\"https:\/\/chemuza.org\/de\/ein-status\/\"]}]},{\"@type\":\"BreadcrumbList\",\"@id\":\"https:\/\/chemuza.org\/de\/ein-status\/#breadcrumb\",\"itemListElement\":[{\"@type\":\"ListItem\",\"position\":1,\"name\":\"Heim\",\"item\":\"https:\/\/chemuza.org\/de\/\"},{\"@type\":\"ListItem\",\"position\":2,\"name\":\"Astatin\"}]},{\"@type\":\"WebSite\",\"@id\":\"https:\/\/chemuza.org\/de\/#website\",\"url\":\"https:\/\/chemuza.org\/de\/\",\"name\":\"Chemuza\",\"description\":\"Ihr Tor zur chemischen Entdeckung\",\"publisher\":{\"@id\":\"https:\/\/chemuza.org\/de\/#organization\"},\"potentialAction\":[{\"@type\":\"SearchAction\",\"target\":{\"@type\":\"EntryPoint\",\"urlTemplate\":\"https:\/\/chemuza.org\/de\/?s={search_term_string}\"},\"query-input\":\"required name=search_term_string\"}],\"inLanguage\":\"de\"},{\"@type\":\"Organization\",\"@id\":\"https:\/\/chemuza.org\/de\/#organization\",\"name\":\"Chemuza\",\"url\":\"https:\/\/chemuza.org\/de\/\",\"logo\":{\"@type\":\"ImageObject\",\"inLanguage\":\"de\",\"@id\":\"https:\/\/chemuza.org\/de\/#\/schema\/logo\/image\/\",\"url\":\"https:\/\/chemuza.org\/de\/wp-content\/uploads\/2023\/10\/chemuza-logo.png\",\"contentUrl\":\"https:\/\/chemuza.org\/de\/wp-content\/uploads\/2023\/10\/chemuza-logo.png\",\"width\":387,\"height\":70,\"caption\":\"Chemuza\"},\"image\":{\"@id\":\"https:\/\/chemuza.org\/de\/#\/schema\/logo\/image\/\"}}]}<\/script>\n<!-- \/ Yoast SEO plugin. -->","yoast_head_json":{"title":"Astatin - Chemuza","robots":{"index":"index","follow":"follow","max-snippet":"max-snippet:-1","max-image-preview":"max-image-preview:large","max-video-preview":"max-video-preview:-1"},"canonical":"https:\/\/chemuza.org\/de\/ein-status\/","og_locale":"de_DE","og_type":"article","og_title":"Astatin - Chemuza","og_description":"Das chemische Element Astat ist in der Natur generell sehr selten, da die Gesamtmenge in der Erdkruste 30 Gramm nicht \u00fcberschreitet. Andererseits ist seine Halbwertszeit sehr kurz, da es eine Halbwertszeit von weniger als 8 Stunden hat. Erfahren Sie mehr dar\u00fcber, was Astatus ist, wer es entdeckt hat und welche Verwendung es bietet. Was ist ... Mehr lesen","og_url":"https:\/\/chemuza.org\/de\/ein-status\/","og_site_name":"Chemuza","twitter_card":"summary_large_image","twitter_misc":{"Gesch\u00e4tzte Lesezeit":"4\u00a0Minuten"},"schema":{"@context":"https:\/\/schema.org","@graph":[{"@type":"WebPage","@id":"https:\/\/chemuza.org\/de\/ein-status\/","url":"https:\/\/chemuza.org\/de\/ein-status\/","name":"Astatin - Chemuza","isPartOf":{"@id":"https:\/\/chemuza.org\/de\/#website"},"datePublished":"2023-07-13T21:13:29+00:00","dateModified":"2023-07-13T21:13:29+00:00","breadcrumb":{"@id":"https:\/\/chemuza.org\/de\/ein-status\/#breadcrumb"},"inLanguage":"de","potentialAction":[{"@type":"ReadAction","target":["https:\/\/chemuza.org\/de\/ein-status\/"]}]},{"@type":"BreadcrumbList","@id":"https:\/\/chemuza.org\/de\/ein-status\/#breadcrumb","itemListElement":[{"@type":"ListItem","position":1,"name":"Heim","item":"https:\/\/chemuza.org\/de\/"},{"@type":"ListItem","position":2,"name":"Astatin"}]},{"@type":"WebSite","@id":"https:\/\/chemuza.org\/de\/#website","url":"https:\/\/chemuza.org\/de\/","name":"Chemuza","description":"Ihr Tor zur chemischen Entdeckung","publisher":{"@id":"https:\/\/chemuza.org\/de\/#organization"},"potentialAction":[{"@type":"SearchAction","target":{"@type":"EntryPoint","urlTemplate":"https:\/\/chemuza.org\/de\/?s={search_term_string}"},"query-input":"required name=search_term_string"}],"inLanguage":"de"},{"@type":"Organization","@id":"https:\/\/chemuza.org\/de\/#organization","name":"Chemuza","url":"https:\/\/chemuza.org\/de\/","logo":{"@type":"ImageObject","inLanguage":"de","@id":"https:\/\/chemuza.org\/de\/#\/schema\/logo\/image\/","url":"https:\/\/chemuza.org\/de\/wp-content\/uploads\/2023\/10\/chemuza-logo.png","contentUrl":"https:\/\/chemuza.org\/de\/wp-content\/uploads\/2023\/10\/chemuza-logo.png","width":387,"height":70,"caption":"Chemuza"},"image":{"@id":"https:\/\/chemuza.org\/de\/#\/schema\/logo\/image\/"}}]}},"yoast_meta":{"yoast_wpseo_title":"","yoast_wpseo_metadesc":"","yoast_wpseo_canonical":""},"_links":{"self":[{"href":"https:\/\/chemuza.org\/de\/wp-json\/wp\/v2\/pages\/1552","targetHints":{"allow":["GET"]}}],"collection":[{"href":"https:\/\/chemuza.org\/de\/wp-json\/wp\/v2\/pages"}],"about":[{"href":"https:\/\/chemuza.org\/de\/wp-json\/wp\/v2\/types\/page"}],"author":[{"embeddable":true,"href":"https:\/\/chemuza.org\/de\/wp-json\/wp\/v2\/users\/1"}],"replies":[{"embeddable":true,"href":"https:\/\/chemuza.org\/de\/wp-json\/wp\/v2\/comments?post=1552"}],"version-history":[{"count":0,"href":"https:\/\/chemuza.org\/de\/wp-json\/wp\/v2\/pages\/1552\/revisions"}],"wp:attachment":[{"href":"https:\/\/chemuza.org\/de\/wp-json\/wp\/v2\/media?parent=1552"}],"curies":[{"name":"wp","href":"https:\/\/api.w.org\/{rel}","templated":true}]}}