{"id":1550,"date":"2023-07-13T22:08:32","date_gmt":"2023-07-13T22:08:32","guid":{"rendered":"https:\/\/chemuza.org\/de\/wismut\/"},"modified":"2023-07-13T22:08:32","modified_gmt":"2023-07-13T22:08:32","slug":"wismut","status":"publish","type":"page","link":"https:\/\/chemuza.org\/de\/wismut\/","title":{"rendered":"Wismut"},"content":{"rendered":"<p>Es gilt als eines der am wenigsten toxischen chemischen Elemente, weshalb die Eigenschaften von Wismut f\u00fcr zahlreiche kommerzielle Anwendungen genutzt werden. Ebenso kommt es in der Natur in rein metallischem Zustand und auch in Mineralformationen vor. Schauen Sie sich den Ursprung, die Eigenschaften, die \u00fcblichen Verwendungszwecke und die Eigenschaften an.<\/p>\n<h2> <strong>Was ist Wismut?<\/strong><\/h2>\n<p> Das chemische Element Bismut ist ein Post\u00fcbergangsmetall, das zur Gruppe 15 des Periodensystems, den Stickstoffatomen, geh\u00f6rt. Es hat eine \u00e4hnliche Dichte wie Blei, eine geringe Radioaktivit\u00e4t und eine schlechte W\u00e4rmeleitung. Dar\u00fcber hinaus ist es schwer, einatomig, gl\u00e4nzend, spr\u00f6de und kristallin im Aussehen. Dar\u00fcber hinaus weist es in einem Magnetfeld einen hervorragenden elektrischen Widerstand auf, der als Hall-Effekt bekannt ist.<\/p>\n<h3> <strong>Wismut-Symbol<\/strong><\/h3>\n<p> <span class=\"content-chemical-element\" style=\"float: left;width: 65px;height: 65px;border: 3px solid #666; display:flex;\n    justify-content: center;align-items: center;margin-right: 15px;\"><span style=\"font-size: 38px;\">Bi<\/span><\/span> Das Symbol f\u00fcr Wismut ist eine Abk\u00fcrzung seines Namens, dessen Etymologie ungewiss ist. Es wird angenommen, dass es vom lateinischen <em>Bismutum<\/em> stammt und von <em>Bisemutum<\/em> abgeleitet ist, einem Wort, das von Georgius Agr\u00edcola latinisiert wurde. Es wiederum kommt vom deutschen Wort <em>Wismut<\/em> , das von <em>Wissemat<\/em> abstammt. Anscheinend beziehen sich alle diese Ausdr\u00fccke in Bezug auf die Farbe des Elements auf <em>die wei\u00dfe Substanz<\/em> .<\/p>\n<h2> <strong>Eigenschaften von Wismut<\/strong><\/h2>\n<p> Wismut hat eine gesch\u00e4tzte Halbwertszeit von 20 Billionen Jahren sowie eine geringe Formbarkeit und Duktilit\u00e4t. Dar\u00fcber hinaus ist es, obwohl es von gef\u00e4hrlichen und giftigen Metallen umgeben ist, weder aggressiv noch sehr giftig. Auf atomarer Ebene besteht es aus 126 Neutronen, 83 Protonen und 83 Elektronen. Sobald es erstarrt ist, dehnt es sich ebenfalls aus. Entdecken Sie die weiteren Eigenschaften von Wismut:<\/p>\n<ul>\n<li> <strong>Chemische Reaktivit\u00e4t<\/strong> : Bildet bei Oxidation bei extremen Temperaturen eine Oxidschicht, reagiert auf Schwefel, Tellur, Selen und Halogene und widersteht S\u00e4ureangriffen.<\/li>\n<li> <strong>W\u00e4rme- und elektrische Leitf\u00e4higkeit<\/strong> : Unter allen Metallen ist es einer der schlechtesten W\u00e4rme- und Stromleiter.<\/li>\n<li> <strong>Farbe<\/strong> : Rot oder Grauwei\u00df mit sanften Rosat\u00f6nen.<\/li>\n<li> <strong>Zustand<\/strong> : Seine gew\u00f6hnliche Aggregationsform ist solide.<\/li>\n<li> <strong>Dichte<\/strong> : Es enth\u00e4lt 86 % der Dichte von Blei, kann jedoch im festen Zustand auf einer Fl\u00fcssigkeit schwimmen.<\/li>\n<li> <strong>Entwicklungen<\/strong> : Wenn seine Zwillinge oder eineiigen Kristalle oxidiert werden, ergeben sich rosa Farbt\u00f6ne.<\/li>\n<li> <strong>Magnetische Ordnung<\/strong> : Element, das diamagnetisch ist oder Schwierigkeiten hat, magnetisiert zu werden.<\/li>\n<li> <strong>H\u00e4rte<\/strong> : Es hat eine Mineralh\u00e4rte von 2,5 auf der Mohs-Skala.<\/li>\n<li> <strong>Kristallstruktur<\/strong> : Es hat eine rhomboedrische Geometrie.<\/li>\n<li> <strong>Oxidationsstufen<\/strong> : Die meisten seiner Verbindungen sind dreiwertig, manchmal k\u00f6nnen sie jedoch auch einwertig oder f\u00fcnfwertig sein.<\/li>\n<\/ul>\n<h2> <strong>Chemische und physikalische Eigenschaften von Wismut<\/strong><\/h2>\n<ol>\n<li> <strong>Ordnungszahl<\/strong> : 83<\/li>\n<li> <strong>Oxid<\/strong> : Leicht sauer<\/li>\n<li> <strong>Dichte (g\/ml)<\/strong> : 9,780<\/li>\n<li> <strong>Kovalenter Radius (\u00c5)<\/strong> : 146 Uhr<\/li>\n<li> <strong>Spezifische W\u00e4rme<\/strong> : 122 J\/(K-kg)<\/li>\n<li> <strong>Schmelzenthalpie<\/strong> : 11,3 kJ\/mol<\/li>\n<li> <strong>Schmelzpunkt<\/strong> : 271 \u00b0C (544,4 K)<\/li>\n<li> <strong>Oxidationsstufen<\/strong> : -3, -2, -1, +1, +2, +3, +4, +5<\/li>\n<li> <strong>Erstes Ionisierungspotential (eV)<\/strong> : 703 kJ\/mol<\/li>\n<li> <strong>Atomradius (\u00c5)<\/strong> : 143 Uhr (Bohr-Radius)<\/li>\n<li> <strong>Siedepunkt<\/strong> : 1564 \u00b0C (1837 K)<\/li>\n<li> <strong>Atommasse (g\/mol)<\/strong> : 208.980 u<\/li>\n<li> <strong>Schallgeschwindigkeit<\/strong> : 1790 m\/s bei 293,15 K<\/li>\n<li> <strong>Elektronische Konfiguration<\/strong> : [Xe]4f <sup>14<\/sup> 5d <sup>10<\/sup> 6s <sup>2<\/sup> 6p <sup>3<\/sup><\/li>\n<li> <strong>Elektronen pro Ebene<\/strong> : 2, 8, 18, 32, 18, 5<\/li>\n<li> <strong>Verdampfungsenthalpie<\/strong> : 104,8 kJ\/mol<\/li>\n<li> <strong>Elektronegativit\u00e4t<\/strong> : 2,02 (Pauling-Skala)<\/li>\n<\/ol>\n<h2> <strong>Herkunft von Wismut<\/strong><\/h2>\n<p> Das Element Wismut ist seit der Antike bekannt, weshalb seine Entdeckung keinem bestimmten Chemiker zugeschrieben wird. Tats\u00e4chlich war es eines der ersten zehn entdeckten Metalle. Andererseits war seine Legierung mit Bronze zur Herstellung von Messern bei den Inkas bekannt.<\/p>\n<p> Im Zeitalter der Alchemie gaben ihm Bergleute den Namen <em>tectum argenti<\/em> , was <em>\u201eHerstellung von Silber\u201c<\/em> bedeutet. Au\u00dferdem wurde es zun\u00e4chst mit Blei, Zink und Zinn verwechselt. Allerdings arbeiten Chemiker seit 1546 daran, seinen Unterschied zu anderen Elementen nachzuweisen. Sp\u00e4ter \u00fcbernahm der Franzose Claude Fran\u00e7ois Geoffroy die Aufgabe, diese Unterschiede zum Ausdruck zu bringen.<\/p>\n<h2> <strong>Wof\u00fcr wird Wismut verwendet?<\/strong><\/h2>\n<p> In der Pharmaindustrie werden Medikamente zur Behandlung von Magen-Darm-Erkrankungen, Augen- und bakteriellen Infektionen, Bl\u00e4hungen, Durchfall, Syphilis und anderen Gesundheitsproblemen hergestellt. Erfahren Sie mehr \u00fcber seine Dienstprogramme:<\/p>\n<ul>\n<li> Im industriellen Bereich werden daraus Pigmente f\u00fcr Kosmetikprodukte wie Lidschatten, Nagellack und Haarspray hergestellt.<\/li>\n<li> Es wird in der Metallurgie zur Herstellung von Legierungen mit niedrigem Schmelzpunkt verwendet, beispielsweise f\u00fcr Sicherheitsunterdr\u00fcckungssysteme und Brandmelder.<\/li>\n<li> Ersetzt Blei unter anderem bei der Herstellung von Ballasten, ballistischen Projektilen und Angelsenkern.<\/li>\n<li> Es wird in Fahrzeugen verwendet, die Thermoelementsysteme zum Transport von Kernreaktorbrennstoff verwenden.<\/li>\n<li> Es dient als Beschichtung f\u00fcr Latexschilde, die bei medizinischen Analysetests zum Schutz vor R\u00f6ntgenstrahlen dienen.<\/li>\n<\/ul>\n<h2> <strong>Wismut erhalten<\/strong><\/h2>\n<p> Es ist eines der wenigen chemischen Elemente, die in der Natur in reiner Form vorkommen, obwohl es als Nebenprodukt anderer Mineralien normalerweise einfacher zu extrahieren ist. In China wird es beispielsweise aus Wolfram, Blei oder Gold gewonnen. Dar\u00fcber hinaus befindet sich in Bolivien die einzige Prim\u00e4rmine der Welt.<\/p>\n<p> Zusammenfassend l\u00e4sst sich sagen, dass Wismut ein Metallelement nach dem \u00dcbergang ist, schwer, gl\u00e4nzend, spr\u00f6de, diamagnetisch, schlecht w\u00e4rmeleitend, sehr ungiftig und nicht aggressiv. Dar\u00fcber hinaus dehnt es sich bei Erstarrungsprozessen aus und weist eine geringe Duktilit\u00e4t und Formbarkeit auf. Andererseits wird es in der pharmazeutischen, metallurgischen und kosmetischen Industrie eingesetzt.<\/p>\n","protected":false},"excerpt":{"rendered":"<p>Es gilt als eines der am wenigsten toxischen chemischen Elemente, weshalb die Eigenschaften von Wismut f\u00fcr zahlreiche kommerzielle Anwendungen genutzt werden. Ebenso kommt es in der Natur in rein metallischem Zustand und auch in Mineralformationen vor. Schauen Sie sich den Ursprung, die Eigenschaften, die \u00fcblichen Verwendungszwecke und die Eigenschaften an. Was ist Wismut? Das chemische &#8230; <a title=\"Wismut\" class=\"read-more\" href=\"https:\/\/chemuza.org\/de\/wismut\/\" aria-label=\"Mehr zu Wismut\">Mehr lesen<\/a><\/p>\n","protected":false},"author":1,"featured_media":0,"parent":0,"menu_order":0,"comment_status":"closed","ping_status":"closed","template":"","meta":{"footnotes":""},"class_list":["post-1550","page","type-page","status-publish"],"yoast_head":"<!-- This site is optimized with the Yoast SEO plugin v21.4 - https:\/\/yoast.com\/wordpress\/plugins\/seo\/ -->\n<title>Wismut - Chemuza<\/title>\n<meta name=\"robots\" content=\"index, follow, max-snippet:-1, max-image-preview:large, max-video-preview:-1\" \/>\n<link rel=\"canonical\" href=\"https:\/\/chemuza.org\/de\/wismut\/\" \/>\n<meta property=\"og:locale\" content=\"de_DE\" \/>\n<meta property=\"og:type\" content=\"article\" \/>\n<meta property=\"og:title\" content=\"Wismut - Chemuza\" \/>\n<meta property=\"og:description\" content=\"Es gilt als eines der am wenigsten toxischen chemischen Elemente, weshalb die Eigenschaften von Wismut f\u00fcr zahlreiche kommerzielle Anwendungen genutzt werden. Ebenso kommt es in der Natur in rein metallischem Zustand und auch in Mineralformationen vor. Schauen Sie sich den Ursprung, die Eigenschaften, die \u00fcblichen Verwendungszwecke und die Eigenschaften an. Was ist Wismut? Das chemische ... Mehr lesen\" \/>\n<meta property=\"og:url\" content=\"https:\/\/chemuza.org\/de\/wismut\/\" \/>\n<meta property=\"og:site_name\" content=\"Chemuza\" \/>\n<meta name=\"twitter:card\" content=\"summary_large_image\" \/>\n<meta name=\"twitter:label1\" content=\"Gesch\u00e4tzte Lesezeit\" \/>\n\t<meta name=\"twitter:data1\" content=\"4\u00a0Minuten\" \/>\n<script type=\"application\/ld+json\" class=\"yoast-schema-graph\">{\"@context\":\"https:\/\/schema.org\",\"@graph\":[{\"@type\":\"WebPage\",\"@id\":\"https:\/\/chemuza.org\/de\/wismut\/\",\"url\":\"https:\/\/chemuza.org\/de\/wismut\/\",\"name\":\"Wismut - Chemuza\",\"isPartOf\":{\"@id\":\"https:\/\/chemuza.org\/de\/#website\"},\"datePublished\":\"2023-07-13T22:08:32+00:00\",\"dateModified\":\"2023-07-13T22:08:32+00:00\",\"breadcrumb\":{\"@id\":\"https:\/\/chemuza.org\/de\/wismut\/#breadcrumb\"},\"inLanguage\":\"de\",\"potentialAction\":[{\"@type\":\"ReadAction\",\"target\":[\"https:\/\/chemuza.org\/de\/wismut\/\"]}]},{\"@type\":\"BreadcrumbList\",\"@id\":\"https:\/\/chemuza.org\/de\/wismut\/#breadcrumb\",\"itemListElement\":[{\"@type\":\"ListItem\",\"position\":1,\"name\":\"Heim\",\"item\":\"https:\/\/chemuza.org\/de\/\"},{\"@type\":\"ListItem\",\"position\":2,\"name\":\"Wismut\"}]},{\"@type\":\"WebSite\",\"@id\":\"https:\/\/chemuza.org\/de\/#website\",\"url\":\"https:\/\/chemuza.org\/de\/\",\"name\":\"Chemuza\",\"description\":\"Ihr Tor zur chemischen Entdeckung\",\"publisher\":{\"@id\":\"https:\/\/chemuza.org\/de\/#organization\"},\"potentialAction\":[{\"@type\":\"SearchAction\",\"target\":{\"@type\":\"EntryPoint\",\"urlTemplate\":\"https:\/\/chemuza.org\/de\/?s={search_term_string}\"},\"query-input\":\"required name=search_term_string\"}],\"inLanguage\":\"de\"},{\"@type\":\"Organization\",\"@id\":\"https:\/\/chemuza.org\/de\/#organization\",\"name\":\"Chemuza\",\"url\":\"https:\/\/chemuza.org\/de\/\",\"logo\":{\"@type\":\"ImageObject\",\"inLanguage\":\"de\",\"@id\":\"https:\/\/chemuza.org\/de\/#\/schema\/logo\/image\/\",\"url\":\"https:\/\/chemuza.org\/de\/wp-content\/uploads\/2023\/10\/chemuza-logo.png\",\"contentUrl\":\"https:\/\/chemuza.org\/de\/wp-content\/uploads\/2023\/10\/chemuza-logo.png\",\"width\":387,\"height\":70,\"caption\":\"Chemuza\"},\"image\":{\"@id\":\"https:\/\/chemuza.org\/de\/#\/schema\/logo\/image\/\"}}]}<\/script>\n<!-- \/ Yoast SEO plugin. -->","yoast_head_json":{"title":"Wismut - Chemuza","robots":{"index":"index","follow":"follow","max-snippet":"max-snippet:-1","max-image-preview":"max-image-preview:large","max-video-preview":"max-video-preview:-1"},"canonical":"https:\/\/chemuza.org\/de\/wismut\/","og_locale":"de_DE","og_type":"article","og_title":"Wismut - Chemuza","og_description":"Es gilt als eines der am wenigsten toxischen chemischen Elemente, weshalb die Eigenschaften von Wismut f\u00fcr zahlreiche kommerzielle Anwendungen genutzt werden. Ebenso kommt es in der Natur in rein metallischem Zustand und auch in Mineralformationen vor. Schauen Sie sich den Ursprung, die Eigenschaften, die \u00fcblichen Verwendungszwecke und die Eigenschaften an. Was ist Wismut? Das chemische ... Mehr lesen","og_url":"https:\/\/chemuza.org\/de\/wismut\/","og_site_name":"Chemuza","twitter_card":"summary_large_image","twitter_misc":{"Gesch\u00e4tzte Lesezeit":"4\u00a0Minuten"},"schema":{"@context":"https:\/\/schema.org","@graph":[{"@type":"WebPage","@id":"https:\/\/chemuza.org\/de\/wismut\/","url":"https:\/\/chemuza.org\/de\/wismut\/","name":"Wismut - Chemuza","isPartOf":{"@id":"https:\/\/chemuza.org\/de\/#website"},"datePublished":"2023-07-13T22:08:32+00:00","dateModified":"2023-07-13T22:08:32+00:00","breadcrumb":{"@id":"https:\/\/chemuza.org\/de\/wismut\/#breadcrumb"},"inLanguage":"de","potentialAction":[{"@type":"ReadAction","target":["https:\/\/chemuza.org\/de\/wismut\/"]}]},{"@type":"BreadcrumbList","@id":"https:\/\/chemuza.org\/de\/wismut\/#breadcrumb","itemListElement":[{"@type":"ListItem","position":1,"name":"Heim","item":"https:\/\/chemuza.org\/de\/"},{"@type":"ListItem","position":2,"name":"Wismut"}]},{"@type":"WebSite","@id":"https:\/\/chemuza.org\/de\/#website","url":"https:\/\/chemuza.org\/de\/","name":"Chemuza","description":"Ihr Tor zur chemischen Entdeckung","publisher":{"@id":"https:\/\/chemuza.org\/de\/#organization"},"potentialAction":[{"@type":"SearchAction","target":{"@type":"EntryPoint","urlTemplate":"https:\/\/chemuza.org\/de\/?s={search_term_string}"},"query-input":"required name=search_term_string"}],"inLanguage":"de"},{"@type":"Organization","@id":"https:\/\/chemuza.org\/de\/#organization","name":"Chemuza","url":"https:\/\/chemuza.org\/de\/","logo":{"@type":"ImageObject","inLanguage":"de","@id":"https:\/\/chemuza.org\/de\/#\/schema\/logo\/image\/","url":"https:\/\/chemuza.org\/de\/wp-content\/uploads\/2023\/10\/chemuza-logo.png","contentUrl":"https:\/\/chemuza.org\/de\/wp-content\/uploads\/2023\/10\/chemuza-logo.png","width":387,"height":70,"caption":"Chemuza"},"image":{"@id":"https:\/\/chemuza.org\/de\/#\/schema\/logo\/image\/"}}]}},"yoast_meta":{"yoast_wpseo_title":"","yoast_wpseo_metadesc":"","yoast_wpseo_canonical":""},"_links":{"self":[{"href":"https:\/\/chemuza.org\/de\/wp-json\/wp\/v2\/pages\/1550","targetHints":{"allow":["GET"]}}],"collection":[{"href":"https:\/\/chemuza.org\/de\/wp-json\/wp\/v2\/pages"}],"about":[{"href":"https:\/\/chemuza.org\/de\/wp-json\/wp\/v2\/types\/page"}],"author":[{"embeddable":true,"href":"https:\/\/chemuza.org\/de\/wp-json\/wp\/v2\/users\/1"}],"replies":[{"embeddable":true,"href":"https:\/\/chemuza.org\/de\/wp-json\/wp\/v2\/comments?post=1550"}],"version-history":[{"count":0,"href":"https:\/\/chemuza.org\/de\/wp-json\/wp\/v2\/pages\/1550\/revisions"}],"wp:attachment":[{"href":"https:\/\/chemuza.org\/de\/wp-json\/wp\/v2\/media?parent=1550"}],"curies":[{"name":"wp","href":"https:\/\/api.w.org\/{rel}","templated":true}]}}