{"id":1549,"date":"2023-10-25T13:51:29","date_gmt":"2023-10-25T13:51:29","guid":{"rendered":"https:\/\/chemuza.org\/de\/gold\/"},"modified":"2023-10-25T13:51:29","modified_gmt":"2023-10-25T13:51:29","slug":"gold","status":"publish","type":"page","link":"https:\/\/chemuza.org\/de\/gold\/","title":{"rendered":"Gold"},"content":{"rendered":"<p>Es ist ein Edelmetall, das seit der Antike weltweit bekannt ist. Unter normalen Bedingungen kommt es im Untergrund in Form kleiner Goldansammlungen oder Goldnuggets vor, entweder in reinem Zustand oder auch zusammen mit anderen Mineralien. Aufgrund seiner physikalischen und chemischen Eigenschaften wird es in der Industrie, Medizin und Schmuckindustrie eingesetzt. Erfahren Sie hier alles \u00fcber dieses Edelmetall.<\/p>\n<h2> <strong>Was ist Gold?<\/strong><\/h2>\n<p> Es z\u00e4hlt zu den \u00dcbergangsmetallen des Periodensystems. Seine charakteristische Farbe ist leuchtend gelb, in feinen Teilungen kann er aber auch violett, schwarz oder rubinrot erscheinen. Von allen Metallen ist es das weichste und formbarste. Dar\u00fcber hinaus wird es h\u00e4ufig mit anderen Mineralien wie Quarz und Pyrit in Verbindung gebracht, die ebenfalls Silber enthalten, und wird mit Tellur in Mineralien wie Silvanit, Kalgoorlit und Calaverit kombiniert.<\/p>\n<h3> <strong>Goldsymbol<\/strong><\/h3>\n<p> <span class=\"content-chemical-element\" style=\"float: left;width: 65px;height: 65px;border: 3px solid #666; display:flex;\n    justify-content: center;align-items: center;margin-right: 15px;\"><span style=\"font-size: 38px;\">Au<\/span><\/span> Es befindet sich in Gruppe 11 des Periodensystems mit der Ordnungszahl 79 und einer Masse von 196,96. Es enth\u00e4lt nur ein stabiles Isotop, <sup>197<\/sup> Au, und 36 Radioisotope, von denen das stabilste <sup>195<\/sup> Au ist, das eine Zerfallszeit von etwa 186 Tagen hat. Am wenigsten stabil ist <sup>171<\/sup> Au, das durch Protonenemission zerf\u00e4llt.<\/p>\n<h3> <strong>Eigenschaften von Gold<\/strong><\/h3>\n<p> Da es formbar ist, kann es in Stangen, Bleche und Dr\u00e4hte umgewandelt werden. Hitze und Feuchtigkeit machen ihm nichts aus, es verbrennt nicht an der Luft und verliert nicht seinen Glanz. Dar\u00fcber hinaus ist es ein guter Strom- und W\u00e4rmeleiter. Weitere Eigenschaften von Gold sind:<\/p>\n<ul>\n<li> <strong>L\u00f6slichkeit<\/strong> : Es ist in Nitrochlors\u00e4ure und K\u00f6nigswasser l\u00f6slich <strong>.<\/strong><\/li>\n<li> <strong>Status:<\/strong> Gew\u00f6hnlich<\/li>\n<li> <strong>Reaktivit\u00e4t:<\/strong> Seine chemische Reaktivit\u00e4t ist gering.<\/li>\n<li> <strong>Kristallstruktur<\/strong> : isometrisch kubisch.<\/li>\n<li> <strong>Glanz:<\/strong> metallisch.<\/li>\n<li> <strong>Textur:<\/strong> Fest und unregelm\u00e4\u00dfig geformt.<\/li>\n<li> <strong>Siedepunkt:<\/strong> Unterhalb des Siedepunkts fl\u00fcchtig.<\/li>\n<\/ul>\n<h2> <strong>Chemische und physikalische Eigenschaften von Gold<\/strong><\/h2>\n<ol>\n<li> <strong>Ordnungszahl<\/strong> : 79<\/li>\n<li> <strong>Zeitraum:<\/strong> 6<\/li>\n<li> <strong>Block:<\/strong> d<\/li>\n<li> <strong>Kovalenter Radius:<\/strong> 144<\/li>\n<li> <strong>Atomradius:<\/strong> 174<\/li>\n<li> <strong>Dichte:<\/strong> 19300 kg\/m\u00b3<\/li>\n<li> <strong>Spezifische W\u00e4rme:<\/strong> 128 J<\/li>\n<li> <strong>Schmelzpunkt:<\/strong> 1337,33 K<\/li>\n<li> <strong>Elektronische Konfiguration:<\/strong> [Xe] 4f <sup>14<\/sup> 5d <sup>10<\/sup> 6s <sup>1<\/sup><\/li>\n<li> <strong>Verdampfungsenthalpie:<\/strong> 334,4 kJ\/mol<\/li>\n<li> <strong>Schmelzenthalpie:<\/strong> 12,55 Kj\/mol<\/li>\n<li> <strong>Schallgeschwindigkeit:<\/strong> 1740 m\/s bei 293,15 K<\/li>\n<li> <strong>Dampfdruck:<\/strong> 0,000237 Pa bei 1337 K<\/li>\n<li> <strong>Elektrische Leitf\u00e4higkeit:<\/strong> 4,5 x 10 <sup>7<\/sup> S\/m<\/li>\n<li> <strong>W\u00e4rmeleitf\u00e4higkeit:<\/strong> 317 W<\/li>\n<li> <strong>Siedepunkt:<\/strong> 3129 K<\/li>\n<\/ol>\n<h2> <strong>Herkunft des Goldes<\/strong><\/h2>\n<p> Bereits zu \u00e4gyptischen Zeiten hatte Pharao Dyer in seinem Titel eine Hieroglyphe, die sich auf das Metall bezog, und im Alten Testament wird Gold mehrfach erw\u00e4hnt. Im Jahr 1848 fand der Amerikaner James Wilson Marshall als erster diesen Edelstein in einem kalifornischen Fluss, was den sogenannten Goldrausch ausl\u00f6ste.<\/p>\n<h2> <strong>Wof\u00fcr wird Gold verwendet?<\/strong><\/h2>\n<p> Aufgrund seiner hohen Formbarkeit kann es zu d\u00fcnnen Bl\u00e4ttern verarbeitet werden, die als Blattgold bezeichnet werden. Sie werden zum Abdecken von Zierleisten, M\u00f6beln, Rahmen und Teilen alter Kirchen verwendet. Sie eignen sich auch zum Beschichten von Satelliten, Troph\u00e4en und Goldmedaillen. Entdecken Sie weitere Einsatzm\u00f6glichkeiten dieses Edelmetalls in folgenden Bereichen:<\/p>\n<h3> <strong>Medizin<\/strong><strong><\/strong><\/h3>\n<p> Es hat verschiedene therapeutische Anwendungen, darunter Goldthiolate, die als entz\u00fcndungshemmende Mittel zur Behandlung von rheumatoider Arthritis eingesetzt werden. Wie Silber ist dieses Metall in der Lage, mit Quecksilber leistungsstarke Amalgame zu bilden, die in der Zahnheilkunde und Prothetik eingesetzt werden. Dar\u00fcber hinaus ist es bei der Krebsbehandlung hilfreich und das <sup>198<\/sup> Au-Isotop wird einigen Hautpflege- und Gesichtscremes zugesetzt.<\/p>\n<h3> <strong>Juwelier<\/strong><\/h3>\n<p> Eine seiner am weitesten verbreiteten Anwendungen ist die Goldschmiedekunst, wo St\u00fccke wie Ringe, Halsketten, Armb\u00e4nder, Ringe und hochwertige Uhren hergestellt werden. Von diesem Metall sind sieben Arten von Legierungen bekannt, von denen 75 % Gold und der Rest andere Metalle sind. Das Ergebnis ist die Langlebigkeit der St\u00fccke und die gro\u00dfe Vielfalt an m\u00f6glichen Formen, Gr\u00f6\u00dfen und Farben von Gelb, Wei\u00df, Rosa, Rot, Gr\u00fcn, Grau und Blau.<\/p>\n<h3> <strong>Finanzen<\/strong><\/h3>\n<p> Heutzutage ist der Wert von Gold sehr hoch und es wird als Transaktionsinstrument verwendet, da es nicht an Wert verliert, weshalb das Sparen in Gold bei gro\u00dfen, mittleren und kleinen Anlegern \u00fcblich geworden ist. Um den Wert des Geldes vor Inflation zu sch\u00fctzen, wurde der Goldstandard als Gelddeckung verwendet. Aus diesem Grund wird dieses Metall bei der Herstellung von Goldm\u00fcnzen verwendet.<strong> <\/strong>und Goldbarren, die in den Zentralbanken Hunderter L\u00e4nder zur Sicherung nationaler Reserven verwendet werden.<\/p>\n<h3> <strong>Branchen<\/strong><\/h3>\n<p> Kolloidales Gold ist eine farbige L\u00f6sung, die als Goldfarbe auf Keramik verwendet wird. Dar\u00fcber hinaus wird es zur Herstellung von Fl\u00f6ten verwendet, da es sich schneller erw\u00e4rmt als andere Materialien. Dank seiner hervorragenden elektrischen Leitf\u00e4higkeit ersetzt es au\u00dferdem Kupfer in Elektrokabeln. Bei der NASA wird es in Raumfahrzeugen und als Schmiermittel in mechanischen Teilen eingesetzt.<\/p>\n<p> Zusammenfassend l\u00e4sst sich sagen, dass Gold aufgrund seiner Haltbarkeit, Sch\u00f6nheit und Vielseitigkeit ein Edelmetall ist, das auf der ganzen Welt verwendet wird. Seine sch\u00f6ne gl\u00e4nzende goldene Farbe und seine Eigenschaft, formbar zu sein, erm\u00f6glichen den Einsatz in der Industrie, als Sicherung der Gemeinschaftsw\u00e4hrung und im Schmuckbereich mit hohem Handelswert.<\/p>\n","protected":false},"excerpt":{"rendered":"<p>Es ist ein Edelmetall, das seit der Antike weltweit bekannt ist. Unter normalen Bedingungen kommt es im Untergrund in Form kleiner Goldansammlungen oder Goldnuggets vor, entweder in reinem Zustand oder auch zusammen mit anderen Mineralien. Aufgrund seiner physikalischen und chemischen Eigenschaften wird es in der Industrie, Medizin und Schmuckindustrie eingesetzt. Erfahren Sie hier alles \u00fcber &#8230; <a title=\"Gold\" class=\"read-more\" href=\"https:\/\/chemuza.org\/de\/gold\/\" aria-label=\"Mehr zu Gold\">Mehr lesen<\/a><\/p>\n","protected":false},"author":1,"featured_media":0,"parent":0,"menu_order":0,"comment_status":"closed","ping_status":"closed","template":"","meta":{"footnotes":""},"class_list":["post-1549","page","type-page","status-publish"],"yoast_head":"<!-- This site is optimized with the Yoast SEO plugin v21.4 - https:\/\/yoast.com\/wordpress\/plugins\/seo\/ -->\n<title>Gold - Chemuza<\/title>\n<meta name=\"robots\" content=\"index, follow, max-snippet:-1, max-image-preview:large, max-video-preview:-1\" \/>\n<link rel=\"canonical\" href=\"https:\/\/chemuza.org\/de\/gold\/\" \/>\n<meta property=\"og:locale\" content=\"de_DE\" \/>\n<meta property=\"og:type\" content=\"article\" \/>\n<meta property=\"og:title\" content=\"Gold - Chemuza\" \/>\n<meta property=\"og:description\" content=\"Es ist ein Edelmetall, das seit der Antike weltweit bekannt ist. Unter normalen Bedingungen kommt es im Untergrund in Form kleiner Goldansammlungen oder Goldnuggets vor, entweder in reinem Zustand oder auch zusammen mit anderen Mineralien. Aufgrund seiner physikalischen und chemischen Eigenschaften wird es in der Industrie, Medizin und Schmuckindustrie eingesetzt. Erfahren Sie hier alles \u00fcber ... Mehr lesen\" \/>\n<meta property=\"og:url\" content=\"https:\/\/chemuza.org\/de\/gold\/\" \/>\n<meta property=\"og:site_name\" content=\"Chemuza\" \/>\n<meta name=\"twitter:card\" content=\"summary_large_image\" \/>\n<meta name=\"twitter:label1\" content=\"Gesch\u00e4tzte Lesezeit\" \/>\n\t<meta name=\"twitter:data1\" content=\"4\u00a0Minuten\" \/>\n<script type=\"application\/ld+json\" class=\"yoast-schema-graph\">{\"@context\":\"https:\/\/schema.org\",\"@graph\":[{\"@type\":\"WebPage\",\"@id\":\"https:\/\/chemuza.org\/de\/gold\/\",\"url\":\"https:\/\/chemuza.org\/de\/gold\/\",\"name\":\"Gold - Chemuza\",\"isPartOf\":{\"@id\":\"https:\/\/chemuza.org\/de\/#website\"},\"datePublished\":\"2023-10-25T13:51:29+00:00\",\"dateModified\":\"2023-10-25T13:51:29+00:00\",\"breadcrumb\":{\"@id\":\"https:\/\/chemuza.org\/de\/gold\/#breadcrumb\"},\"inLanguage\":\"de\",\"potentialAction\":[{\"@type\":\"ReadAction\",\"target\":[\"https:\/\/chemuza.org\/de\/gold\/\"]}]},{\"@type\":\"BreadcrumbList\",\"@id\":\"https:\/\/chemuza.org\/de\/gold\/#breadcrumb\",\"itemListElement\":[{\"@type\":\"ListItem\",\"position\":1,\"name\":\"Heim\",\"item\":\"https:\/\/chemuza.org\/de\/\"},{\"@type\":\"ListItem\",\"position\":2,\"name\":\"Gold\"}]},{\"@type\":\"WebSite\",\"@id\":\"https:\/\/chemuza.org\/de\/#website\",\"url\":\"https:\/\/chemuza.org\/de\/\",\"name\":\"Chemuza\",\"description\":\"Ihr Tor zur chemischen Entdeckung\",\"publisher\":{\"@id\":\"https:\/\/chemuza.org\/de\/#organization\"},\"potentialAction\":[{\"@type\":\"SearchAction\",\"target\":{\"@type\":\"EntryPoint\",\"urlTemplate\":\"https:\/\/chemuza.org\/de\/?s={search_term_string}\"},\"query-input\":\"required name=search_term_string\"}],\"inLanguage\":\"de\"},{\"@type\":\"Organization\",\"@id\":\"https:\/\/chemuza.org\/de\/#organization\",\"name\":\"Chemuza\",\"url\":\"https:\/\/chemuza.org\/de\/\",\"logo\":{\"@type\":\"ImageObject\",\"inLanguage\":\"de\",\"@id\":\"https:\/\/chemuza.org\/de\/#\/schema\/logo\/image\/\",\"url\":\"https:\/\/chemuza.org\/de\/wp-content\/uploads\/2023\/10\/chemuza-logo.png\",\"contentUrl\":\"https:\/\/chemuza.org\/de\/wp-content\/uploads\/2023\/10\/chemuza-logo.png\",\"width\":387,\"height\":70,\"caption\":\"Chemuza\"},\"image\":{\"@id\":\"https:\/\/chemuza.org\/de\/#\/schema\/logo\/image\/\"}}]}<\/script>\n<!-- \/ Yoast SEO plugin. -->","yoast_head_json":{"title":"Gold - Chemuza","robots":{"index":"index","follow":"follow","max-snippet":"max-snippet:-1","max-image-preview":"max-image-preview:large","max-video-preview":"max-video-preview:-1"},"canonical":"https:\/\/chemuza.org\/de\/gold\/","og_locale":"de_DE","og_type":"article","og_title":"Gold - Chemuza","og_description":"Es ist ein Edelmetall, das seit der Antike weltweit bekannt ist. Unter normalen Bedingungen kommt es im Untergrund in Form kleiner Goldansammlungen oder Goldnuggets vor, entweder in reinem Zustand oder auch zusammen mit anderen Mineralien. Aufgrund seiner physikalischen und chemischen Eigenschaften wird es in der Industrie, Medizin und Schmuckindustrie eingesetzt. Erfahren Sie hier alles \u00fcber ... Mehr lesen","og_url":"https:\/\/chemuza.org\/de\/gold\/","og_site_name":"Chemuza","twitter_card":"summary_large_image","twitter_misc":{"Gesch\u00e4tzte Lesezeit":"4\u00a0Minuten"},"schema":{"@context":"https:\/\/schema.org","@graph":[{"@type":"WebPage","@id":"https:\/\/chemuza.org\/de\/gold\/","url":"https:\/\/chemuza.org\/de\/gold\/","name":"Gold - Chemuza","isPartOf":{"@id":"https:\/\/chemuza.org\/de\/#website"},"datePublished":"2023-10-25T13:51:29+00:00","dateModified":"2023-10-25T13:51:29+00:00","breadcrumb":{"@id":"https:\/\/chemuza.org\/de\/gold\/#breadcrumb"},"inLanguage":"de","potentialAction":[{"@type":"ReadAction","target":["https:\/\/chemuza.org\/de\/gold\/"]}]},{"@type":"BreadcrumbList","@id":"https:\/\/chemuza.org\/de\/gold\/#breadcrumb","itemListElement":[{"@type":"ListItem","position":1,"name":"Heim","item":"https:\/\/chemuza.org\/de\/"},{"@type":"ListItem","position":2,"name":"Gold"}]},{"@type":"WebSite","@id":"https:\/\/chemuza.org\/de\/#website","url":"https:\/\/chemuza.org\/de\/","name":"Chemuza","description":"Ihr Tor zur chemischen Entdeckung","publisher":{"@id":"https:\/\/chemuza.org\/de\/#organization"},"potentialAction":[{"@type":"SearchAction","target":{"@type":"EntryPoint","urlTemplate":"https:\/\/chemuza.org\/de\/?s={search_term_string}"},"query-input":"required name=search_term_string"}],"inLanguage":"de"},{"@type":"Organization","@id":"https:\/\/chemuza.org\/de\/#organization","name":"Chemuza","url":"https:\/\/chemuza.org\/de\/","logo":{"@type":"ImageObject","inLanguage":"de","@id":"https:\/\/chemuza.org\/de\/#\/schema\/logo\/image\/","url":"https:\/\/chemuza.org\/de\/wp-content\/uploads\/2023\/10\/chemuza-logo.png","contentUrl":"https:\/\/chemuza.org\/de\/wp-content\/uploads\/2023\/10\/chemuza-logo.png","width":387,"height":70,"caption":"Chemuza"},"image":{"@id":"https:\/\/chemuza.org\/de\/#\/schema\/logo\/image\/"}}]}},"yoast_meta":{"yoast_wpseo_title":"","yoast_wpseo_metadesc":"","yoast_wpseo_canonical":""},"_links":{"self":[{"href":"https:\/\/chemuza.org\/de\/wp-json\/wp\/v2\/pages\/1549","targetHints":{"allow":["GET"]}}],"collection":[{"href":"https:\/\/chemuza.org\/de\/wp-json\/wp\/v2\/pages"}],"about":[{"href":"https:\/\/chemuza.org\/de\/wp-json\/wp\/v2\/types\/page"}],"author":[{"embeddable":true,"href":"https:\/\/chemuza.org\/de\/wp-json\/wp\/v2\/users\/1"}],"replies":[{"embeddable":true,"href":"https:\/\/chemuza.org\/de\/wp-json\/wp\/v2\/comments?post=1549"}],"version-history":[{"count":1,"href":"https:\/\/chemuza.org\/de\/wp-json\/wp\/v2\/pages\/1549\/revisions"}],"predecessor-version":[{"id":1636,"href":"https:\/\/chemuza.org\/de\/wp-json\/wp\/v2\/pages\/1549\/revisions\/1636"}],"wp:attachment":[{"href":"https:\/\/chemuza.org\/de\/wp-json\/wp\/v2\/media?parent=1549"}],"curies":[{"name":"wp","href":"https:\/\/api.w.org\/{rel}","templated":true}]}}