{"id":1548,"date":"2023-07-13T23:15:08","date_gmt":"2023-07-13T23:15:08","guid":{"rendered":"https:\/\/chemuza.org\/de\/platin\/"},"modified":"2023-07-13T23:15:08","modified_gmt":"2023-07-13T23:15:08","slug":"platin","status":"publish","type":"page","link":"https:\/\/chemuza.org\/de\/platin\/","title":{"rendered":"Platin"},"content":{"rendered":"<p>Es ist ein seltenes Metall auf der Erde. In seinem nat\u00fcrlichen Zustand kommt es zusammen mit anderen Elementen wie Chrom, Kupfer und Nickel in Form kleiner K\u00f6rnchen vor, die aus bestimmten Eruptivgesteinsminen stammen. Platin wird aufgrund seiner vielseitigen Eigenschaften und anderen Anwendungen in den meisten Branchen und im Schmuckbereich verwendet. Erfahren Sie alles, was Sie zu diesem Artikel brauchen.<\/p>\n<h2> <strong>Was ist Platin?<\/strong><\/h2>\n<p> Es ist ein chemisches Element im Periodensystem und geh\u00f6rt zu den \u00dcbergangsmetallen. Es gilt als grauwei\u00dfes Edelmetall, schwer, duktil und formbar. Einige seiner Verbindungen sind Platindioxid, das als Adams-Katalysator bekannt ist, Chlorplatins\u00e4ure, die wichtigste Substanz, und Platinchlorid, das in Wasser unl\u00f6slich ist.<\/p>\n<h3> <strong>Platin-Symbol<\/strong><\/h3>\n<p> <span class=\"content-chemical-element\" style=\"float: left;width: 65px;height: 65px;border: 3px solid #666; display:flex;\n    justify-content: center;align-items: center;margin-right: 15px;\"><span style=\"font-size: 38px;\">Pt<\/span><\/span> geh\u00f6rt zur Gruppe Nummer 10 des Periodensystems und liegt zwischen den Metallen Gold und Iridium, die Ordnungszahl und das Gewicht betragen 78 bzw. 195,09. Es sind sieben Isotope bekannt, von denen f\u00fcnf stabil sind ( <sup>192<\/sup> Pt, <sup>194<\/sup> Pt, <sup>195<\/sup> Pt, <sup>196<\/sup> Pt und <sup>198<\/sup> Pt) und nur ein langlebiges Radioisotop.<\/p>\n<h3> <strong>Eigenschaften von Platin<\/strong><\/h3>\n<p> Dieses Metall ist korrosionsbest\u00e4ndig und in den meisten S\u00e4uren unl\u00f6slich. In K\u00f6nigswasser kann es jedoch gel\u00f6st werden, wodurch Chloroplatins\u00e4ure entsteht. Dar\u00fcber hinaus kann es gro\u00dfe Mengen Wasserstoff aufnehmen und auf einer gleichm\u00e4\u00dfigen Temperatur halten. Weitere Platinum-Funktionen:<\/p>\n<ul>\n<li> <strong>Helligkeit:<\/strong> Metallisch \u00e4hnlich wie Silber.<\/li>\n<li> <strong>H\u00e4rte:<\/strong> 4,3 auf der Mohs-Skala.<\/li>\n<li> <strong>Farbe:<\/strong> Grauwei\u00df, gebrochenes Wei\u00df, Stahlgrau.<\/li>\n<li> <strong>L\u00f6slichkeit:<\/strong> Es ist in Salpeter- und Salzs\u00e4ure unl\u00f6slich, l\u00f6st sich jedoch in K\u00f6nigswasser.<\/li>\n<li> <strong>Textur:<\/strong> Fest und besteht aus kleinen, unregelm\u00e4\u00dfigen Individuen.<\/li>\n<\/ul>\n<ul>\n<li> <strong>Zustand<\/strong> : Nat\u00fcrlich ist es solide.<\/li>\n<li> <strong>Struktur<\/strong> : Kubisch, auf den Fl\u00e4chen zentriert.<\/li>\n<\/ul>\n<h2> <strong>Chemische und physikalische Eigenschaften von Platin<\/strong><\/h2>\n<ol>\n<li> <strong>Ordnungszahl<\/strong> : 78<\/li>\n<li> <strong>Zeitraum:<\/strong> 6<\/li>\n<li> <strong>Block:<\/strong> d<\/li>\n<li> <strong>Kovalenter Radius:<\/strong> 136 <sup>&nbsp;<\/sup><\/li>\n<li> <strong>Atomradius:<\/strong> 139h<\/li>\n<li> <strong>Elektronegativit\u00e4t:<\/strong> 2,28<\/li>\n<li> <strong>Schmelzpunkt:<\/strong> 2042,15 K<\/li>\n<li> <strong>Dampfdruck:<\/strong> 0,0312<\/li>\n<li> <strong>Dichte:<\/strong> 21450 kg\/m\u00b3<\/li>\n<li> <strong>Siedepunkt:<\/strong> 4098 K<\/li>\n<li> <strong>W\u00e4rmeleitf\u00e4higkeit:<\/strong> 71,6 W<\/li>\n<li> <strong>Spezifische W\u00e4rme:<\/strong> 130 J<\/li>\n<li> <strong>Schallgeschwindigkeit:<\/strong> 2680 m\/s bei 293,15 K<\/li>\n<li> <strong>Elektronische Konfiguration:<\/strong> [Xe] 4f <sup>14<\/sup> 5d <sup>9<\/sup> 6s <sup>1<\/sup><\/li>\n<li> <strong>Elektrische Leitf\u00e4higkeit:<\/strong> 9,5x 10 <sup>6<\/sup> S\/m<\/li>\n<li> <strong>Verdampfungsenthalpie:<\/strong> 469 kJ\/mol<\/li>\n<li> <strong>Schmelzenthalpie:<\/strong> 22,17 Kj\/mol<\/li>\n<li> <strong>Elastizit\u00e4tsmodul:<\/strong> 168 GPa<\/li>\n<\/ol>\n<h2> <strong>Herkunft von Platin<\/strong><\/h2>\n<p> In der Antike betrachteten die \u00e4gyptischen und indischen Zivilisationen Kolumbiens es als ein sehr wichtiges Metall. Tats\u00e4chlich wurde entdeckt, dass die Truhe von Theben mit Gold, Silber und Platin verziert war. Dar\u00fcber hinaus stellten die Ureinwohner S\u00fcdamerikas Ringe und andere St\u00fccke aus diesem Metall her.<\/p>\n<p> Der anerkannte Entdecker war Antonio de Ulloa, der 1746 mit einigen Platinproben und Neuigkeiten \u00fcber die neuen Eigenschaften des Metalls nach Spanien zur\u00fcckkehrte. Dar\u00fcber hinaus wurde es 1751 bei der Fusion anerkannt und sein Name ist aufgrund seiner \u00c4hnlichkeiten mit Geld verbunden.<\/p>\n<h2> <strong>Wof\u00fcr wird Platin verwendet?<\/strong><\/h2>\n<p> Es wird haupts\u00e4chlich als Katalysator in Autoabgasrohren verwendet und ist im Schmuckbereich ein sehr beliebtes Metall. Dar\u00fcber hinaus besteht fast die H\u00e4lfte der heute von Menschen verwendeten metallischen Materialien aus etwas Platin. Hier sind einige der beliebtesten Anwendungen:<\/p>\n<h3> <strong>Juwelier<\/strong><\/h3>\n<p> Als sch\u00f6nes, korrosionsbest\u00e4ndiges und formbares Metall ist es ein wertvolles Material f\u00fcr die Schmuckindustrie. Tats\u00e4chlich l\u00e4sst es sich gut mit anderen Metallen mischen, um Legierungen zu bilden, die stark sind und sich vielen Formen anpassen. Au\u00dferdem ist es hypoallergen, diskret, n\u00fcchtern, elegant und unver\u00e4nderlich, was einen gro\u00dfen Markt f\u00fcr die Verwendung in der Goldschmiedekunst er\u00f6ffnet.<\/p>\n<h3> <strong>Medizin<\/strong><\/h3>\n<p> Es gibt Formen, die die Zellteilung verz\u00f6gern k\u00f6nnen, weshalb gegen bestimmte Krebsarten Medikamente entwickelt wurden. Cisplatin tr\u00e4gt beispielsweise dazu bei, die Wirksamkeit von Chemotherapie-Behandlungen zu steigern. Dar\u00fcber hinaus wird es zur Herstellung von Platinsilikonelastomeren verwendet und wirkt als Heilmittel. Es wird auch f\u00fcr Zahnf\u00fcllungen und Herzschrittmacher verwendet.<\/p>\n<h3> <strong>Alltagsleben<\/strong><\/h3>\n<p> Silikone auf Platinbasis werden bei der Herstellung von Sch\u00f6nheits- und K\u00f6rperpflegeprodukten wie Shampoos, Lippenstiften und Haushaltswaschmitteln verwendet.<\/p>\n<h3> <strong>elektronisch<\/strong><\/h3>\n<p> Festplatten werden aus diesem Metall f\u00fcr Computerspeicher hergestellt, da es die magnetischen Eigenschaften des Laufwerks verbessert. Es wird auch in Teilen der Chips elektronischer Ger\u00e4te und als Beschichtung von Glasfaserkabeln verwendet.<\/p>\n<h3> <strong>Chemieindustrie<\/strong><\/h3>\n<p> Platin wird zur Herstellung von D\u00fcngemitteln verwendet, die zur Bek\u00e4mpfung von Sch\u00e4dlingen in der Landwirtschaft, im Boden und in Pflanzenkulturen beitragen. Andererseits ist dieses Metall ein Zusatzstoff im Benzin und dient als Reduktionsmittel f\u00fcr giftige Motorabgase.<\/p>\n<p> Zusammenfassend l\u00e4sst sich sagen, dass Platin ein \u00dcbergangsmetall ist, das nat\u00fcrlicherweise zusammen mit anderen Metallen vorkommt. Seine Farbe ist grauwei\u00df, es ist duktil und formbar, weshalb es in der Schmuck-, Chemie- und Medizinindustrie eingesetzt wird.<\/p>\n","protected":false},"excerpt":{"rendered":"<p>Es ist ein seltenes Metall auf der Erde. In seinem nat\u00fcrlichen Zustand kommt es zusammen mit anderen Elementen wie Chrom, Kupfer und Nickel in Form kleiner K\u00f6rnchen vor, die aus bestimmten Eruptivgesteinsminen stammen. Platin wird aufgrund seiner vielseitigen Eigenschaften und anderen Anwendungen in den meisten Branchen und im Schmuckbereich verwendet. Erfahren Sie alles, was Sie &#8230; <a title=\"Platin\" class=\"read-more\" href=\"https:\/\/chemuza.org\/de\/platin\/\" aria-label=\"Mehr zu Platin\">Mehr lesen<\/a><\/p>\n","protected":false},"author":1,"featured_media":0,"parent":0,"menu_order":0,"comment_status":"closed","ping_status":"closed","template":"","meta":{"footnotes":""},"class_list":["post-1548","page","type-page","status-publish"],"yoast_head":"<!-- This site is optimized with the Yoast SEO plugin v21.4 - https:\/\/yoast.com\/wordpress\/plugins\/seo\/ -->\n<title>Platin - Chemuza<\/title>\n<meta name=\"robots\" content=\"index, follow, max-snippet:-1, max-image-preview:large, max-video-preview:-1\" \/>\n<link rel=\"canonical\" href=\"https:\/\/chemuza.org\/de\/platin\/\" \/>\n<meta property=\"og:locale\" content=\"de_DE\" \/>\n<meta property=\"og:type\" content=\"article\" \/>\n<meta property=\"og:title\" content=\"Platin - Chemuza\" \/>\n<meta property=\"og:description\" content=\"Es ist ein seltenes Metall auf der Erde. In seinem nat\u00fcrlichen Zustand kommt es zusammen mit anderen Elementen wie Chrom, Kupfer und Nickel in Form kleiner K\u00f6rnchen vor, die aus bestimmten Eruptivgesteinsminen stammen. Platin wird aufgrund seiner vielseitigen Eigenschaften und anderen Anwendungen in den meisten Branchen und im Schmuckbereich verwendet. Erfahren Sie alles, was Sie ... Mehr lesen\" \/>\n<meta property=\"og:url\" content=\"https:\/\/chemuza.org\/de\/platin\/\" \/>\n<meta property=\"og:site_name\" content=\"Chemuza\" \/>\n<meta name=\"twitter:card\" content=\"summary_large_image\" \/>\n<meta name=\"twitter:label1\" content=\"Gesch\u00e4tzte Lesezeit\" \/>\n\t<meta name=\"twitter:data1\" content=\"4\u00a0Minuten\" \/>\n<script type=\"application\/ld+json\" class=\"yoast-schema-graph\">{\"@context\":\"https:\/\/schema.org\",\"@graph\":[{\"@type\":\"WebPage\",\"@id\":\"https:\/\/chemuza.org\/de\/platin\/\",\"url\":\"https:\/\/chemuza.org\/de\/platin\/\",\"name\":\"Platin - Chemuza\",\"isPartOf\":{\"@id\":\"https:\/\/chemuza.org\/de\/#website\"},\"datePublished\":\"2023-07-13T23:15:08+00:00\",\"dateModified\":\"2023-07-13T23:15:08+00:00\",\"breadcrumb\":{\"@id\":\"https:\/\/chemuza.org\/de\/platin\/#breadcrumb\"},\"inLanguage\":\"de\",\"potentialAction\":[{\"@type\":\"ReadAction\",\"target\":[\"https:\/\/chemuza.org\/de\/platin\/\"]}]},{\"@type\":\"BreadcrumbList\",\"@id\":\"https:\/\/chemuza.org\/de\/platin\/#breadcrumb\",\"itemListElement\":[{\"@type\":\"ListItem\",\"position\":1,\"name\":\"Heim\",\"item\":\"https:\/\/chemuza.org\/de\/\"},{\"@type\":\"ListItem\",\"position\":2,\"name\":\"Platin\"}]},{\"@type\":\"WebSite\",\"@id\":\"https:\/\/chemuza.org\/de\/#website\",\"url\":\"https:\/\/chemuza.org\/de\/\",\"name\":\"Chemuza\",\"description\":\"Ihr Tor zur chemischen Entdeckung\",\"publisher\":{\"@id\":\"https:\/\/chemuza.org\/de\/#organization\"},\"potentialAction\":[{\"@type\":\"SearchAction\",\"target\":{\"@type\":\"EntryPoint\",\"urlTemplate\":\"https:\/\/chemuza.org\/de\/?s={search_term_string}\"},\"query-input\":\"required name=search_term_string\"}],\"inLanguage\":\"de\"},{\"@type\":\"Organization\",\"@id\":\"https:\/\/chemuza.org\/de\/#organization\",\"name\":\"Chemuza\",\"url\":\"https:\/\/chemuza.org\/de\/\",\"logo\":{\"@type\":\"ImageObject\",\"inLanguage\":\"de\",\"@id\":\"https:\/\/chemuza.org\/de\/#\/schema\/logo\/image\/\",\"url\":\"https:\/\/chemuza.org\/de\/wp-content\/uploads\/2023\/10\/chemuza-logo.png\",\"contentUrl\":\"https:\/\/chemuza.org\/de\/wp-content\/uploads\/2023\/10\/chemuza-logo.png\",\"width\":387,\"height\":70,\"caption\":\"Chemuza\"},\"image\":{\"@id\":\"https:\/\/chemuza.org\/de\/#\/schema\/logo\/image\/\"}}]}<\/script>\n<!-- \/ Yoast SEO plugin. -->","yoast_head_json":{"title":"Platin - Chemuza","robots":{"index":"index","follow":"follow","max-snippet":"max-snippet:-1","max-image-preview":"max-image-preview:large","max-video-preview":"max-video-preview:-1"},"canonical":"https:\/\/chemuza.org\/de\/platin\/","og_locale":"de_DE","og_type":"article","og_title":"Platin - Chemuza","og_description":"Es ist ein seltenes Metall auf der Erde. In seinem nat\u00fcrlichen Zustand kommt es zusammen mit anderen Elementen wie Chrom, Kupfer und Nickel in Form kleiner K\u00f6rnchen vor, die aus bestimmten Eruptivgesteinsminen stammen. Platin wird aufgrund seiner vielseitigen Eigenschaften und anderen Anwendungen in den meisten Branchen und im Schmuckbereich verwendet. Erfahren Sie alles, was Sie ... Mehr lesen","og_url":"https:\/\/chemuza.org\/de\/platin\/","og_site_name":"Chemuza","twitter_card":"summary_large_image","twitter_misc":{"Gesch\u00e4tzte Lesezeit":"4\u00a0Minuten"},"schema":{"@context":"https:\/\/schema.org","@graph":[{"@type":"WebPage","@id":"https:\/\/chemuza.org\/de\/platin\/","url":"https:\/\/chemuza.org\/de\/platin\/","name":"Platin - Chemuza","isPartOf":{"@id":"https:\/\/chemuza.org\/de\/#website"},"datePublished":"2023-07-13T23:15:08+00:00","dateModified":"2023-07-13T23:15:08+00:00","breadcrumb":{"@id":"https:\/\/chemuza.org\/de\/platin\/#breadcrumb"},"inLanguage":"de","potentialAction":[{"@type":"ReadAction","target":["https:\/\/chemuza.org\/de\/platin\/"]}]},{"@type":"BreadcrumbList","@id":"https:\/\/chemuza.org\/de\/platin\/#breadcrumb","itemListElement":[{"@type":"ListItem","position":1,"name":"Heim","item":"https:\/\/chemuza.org\/de\/"},{"@type":"ListItem","position":2,"name":"Platin"}]},{"@type":"WebSite","@id":"https:\/\/chemuza.org\/de\/#website","url":"https:\/\/chemuza.org\/de\/","name":"Chemuza","description":"Ihr Tor zur chemischen Entdeckung","publisher":{"@id":"https:\/\/chemuza.org\/de\/#organization"},"potentialAction":[{"@type":"SearchAction","target":{"@type":"EntryPoint","urlTemplate":"https:\/\/chemuza.org\/de\/?s={search_term_string}"},"query-input":"required name=search_term_string"}],"inLanguage":"de"},{"@type":"Organization","@id":"https:\/\/chemuza.org\/de\/#organization","name":"Chemuza","url":"https:\/\/chemuza.org\/de\/","logo":{"@type":"ImageObject","inLanguage":"de","@id":"https:\/\/chemuza.org\/de\/#\/schema\/logo\/image\/","url":"https:\/\/chemuza.org\/de\/wp-content\/uploads\/2023\/10\/chemuza-logo.png","contentUrl":"https:\/\/chemuza.org\/de\/wp-content\/uploads\/2023\/10\/chemuza-logo.png","width":387,"height":70,"caption":"Chemuza"},"image":{"@id":"https:\/\/chemuza.org\/de\/#\/schema\/logo\/image\/"}}]}},"yoast_meta":{"yoast_wpseo_title":"","yoast_wpseo_metadesc":"","yoast_wpseo_canonical":""},"_links":{"self":[{"href":"https:\/\/chemuza.org\/de\/wp-json\/wp\/v2\/pages\/1548","targetHints":{"allow":["GET"]}}],"collection":[{"href":"https:\/\/chemuza.org\/de\/wp-json\/wp\/v2\/pages"}],"about":[{"href":"https:\/\/chemuza.org\/de\/wp-json\/wp\/v2\/types\/page"}],"author":[{"embeddable":true,"href":"https:\/\/chemuza.org\/de\/wp-json\/wp\/v2\/users\/1"}],"replies":[{"embeddable":true,"href":"https:\/\/chemuza.org\/de\/wp-json\/wp\/v2\/comments?post=1548"}],"version-history":[{"count":0,"href":"https:\/\/chemuza.org\/de\/wp-json\/wp\/v2\/pages\/1548\/revisions"}],"wp:attachment":[{"href":"https:\/\/chemuza.org\/de\/wp-json\/wp\/v2\/media?parent=1548"}],"curies":[{"name":"wp","href":"https:\/\/api.w.org\/{rel}","templated":true}]}}