{"id":1547,"date":"2023-10-25T13:51:07","date_gmt":"2023-10-25T13:51:07","guid":{"rendered":"https:\/\/chemuza.org\/de\/osmium\/"},"modified":"2023-10-25T13:51:07","modified_gmt":"2023-10-25T13:51:07","slug":"osmium","status":"publish","type":"page","link":"https:\/\/chemuza.org\/de\/osmium\/","title":{"rendered":"Osmium"},"content":{"rendered":"<p>Es handelt sich um eines der seltensten in der Erdkruste vorkommenden Elemente, wie das Deutsche Osmium-Institut angibt, das die Osmiumreserven im Untergrund auf 9 m\u00b2 sch\u00e4tzt. Aus diesem Grund erreicht sein Preis den H\u00f6chstwert von 1.270 Dollar pro Unze und liegt damit etwas \u00fcber dem von Gold. Erfahren Sie, wie es in der Chemie-, Medizin- und Goldschmiedeindustrie eingesetzt wird.<\/p>\n<h2> <strong>Was ist Osmium?<\/strong><strong><\/strong><\/h2>\n<p> Das Element Osmium ist ein zerbrechliches und starkes \u00dcbergangsmetall und hat eine grauwei\u00dfe Farbe. Es geh\u00f6rt zur Platingruppe und wird haupts\u00e4chlich in Legierungen mit Platin verwendet. Es ist das dichteste nat\u00fcrliche Element, das es gibt, und Iridium sehr \u00e4hnlich. Einige seiner Verbindungen sind: Osmiumtetrafluorid, Osmiumtetroxid oder Osmiumtetroxid, Osmiumdichlorid, Osmiumtrichlorid und Osmiumtetrachlorid.<\/p>\n<h3> <strong>Osmium-Symbol<\/strong><\/h3>\n<p> <span class=\"content-chemical-element\" style=\"float: left;width: 65px;height: 65px;border: 3px solid #666; display:flex;\n    justify-content: center;align-items: center;margin-right: 15px;\"><span style=\"font-size: 38px;\">Knochen<\/span><\/span> Im Periodensystem befindet es sich in der Gruppe Nummer 8 mit der Ordnungszahl 76 und einer Masse von 190,23. Es pr\u00e4sentiert sieben nat\u00fcrliche Isotope, von denen sechs stabil sind und wie folgt signiert sind: <sup>184<\/sup> Os, <sup>187<\/sup> Os, <sup>188<\/sup> Os, <sup>189<\/sup> Os, <sup>190<\/sup> Os und <sup>192<\/sup> Os. Nur eines der radioaktiven Isotope ist <sup>das nat\u00fcrlich vorkommende 186<\/sup> Os.<\/p>\n<h3> <strong>Eigenschaften von Osmium<\/strong><\/h3>\n<p> Wie Ruthenium erreicht es die Oxidationsstufe +8 und widersteht dem Angriff durch S\u00e4uren, da es sich durch alkalische Fusion aufl\u00f6st. Dar\u00fcber hinaus ist es hart, kann aber brechen und beh\u00e4lt bei hohen Temperaturen seinen Glanz. Die weiteren Eigenschaften von Osmium sind:<\/p>\n<ul>\n<li> <strong>Helligkeit:<\/strong> Es ist sehr hell.<\/li>\n<li> <strong>Glanz:<\/strong> metallisch.<\/li>\n<li> <strong>Leitf\u00e4higkeit:<\/strong> Es ist ein guter elektrischer und thermischer Leiter.<\/li>\n<\/ul>\n<ul>\n<li> <strong>Zustand<\/strong> : In nat\u00fcrlicher Form ist es solide.<\/li>\n<li> <strong>Struktur:<\/strong> sechseckig.<\/li>\n<li> <strong>Chemische Reaktion:<\/strong> Reagiert mit Chlor, Sauerstoff und Fluor. Wenn es kompakt ist, ist es sehr best\u00e4ndig gegen nicht oxidierende S\u00e4uren in Luft und Wasser.<\/li>\n<\/ul>\n<h2> <strong>Chemische und physikalische Eigenschaften von Osmium<\/strong><\/h2>\n<ol>\n<li> <strong>Ordnungszahl<\/strong> : 76<\/li>\n<li> <strong>Zeitraum:<\/strong> 6<\/li>\n<li> <strong>Block:<\/strong> d<\/li>\n<li> <strong>Kovalenter Radius:<\/strong> 128<\/li>\n<li> <strong>Atomradius:<\/strong> 185<\/li>\n<li> <strong>Dichte:<\/strong> 22610 kg\/m\u00b3<\/li>\n<li> <strong>Elektronegativit\u00e4t:<\/strong> 2,2<\/li>\n<li> <strong>Schmelzpunkt:<\/strong> 3306 K<\/li>\n<li> <strong>Siedepunkt:<\/strong> 5285 K<\/li>\n<li> <strong>W\u00e4rmeleitf\u00e4higkeit:<\/strong> 87,6 W<\/li>\n<li> <strong>Spezifische W\u00e4rme:<\/strong> 130 J<\/li>\n<li> <strong>Schmelzenthalpie:<\/strong> 31,8 Kj\/mol<\/li>\n<li> <strong>Elektronische Konfiguration:<\/strong> [Xe] 4f <sup>14<\/sup> 5d <sup>6<\/sup> 6s <sup>2<\/sup><\/li>\n<li> <strong>Schallgeschwindigkeit:<\/strong> 4940 m\/s bei 293,15 K<\/li>\n<li> <strong>Verdampfungsenthalpie:<\/strong> 627,6 kJ\/mol<\/li>\n<li> <strong>Dampfdruck:<\/strong> 2,52 Pa bei 3300 K<\/li>\n<li> <strong>Elektrische Leitf\u00e4higkeit:<\/strong> 10,9 \u00b7 10 <sup>-6<\/sup> s\/m<\/li>\n<\/ol>\n<h2> <strong>Ursprung von Osmium<\/strong><\/h2>\n<p> Das Element Osmium wurde 1803 vom englischen Chemiker Smithson Tennant und dem britischen Physiker William Hyde in England entdeckt. Sie analysierten einen unl\u00f6slichen schwarzen R\u00fcckstand von Platin mit K\u00f6nigswasser und kamen zu dem Schluss, dass ein neues Metall existierte. Der Name leitet sich vom Begriff \u201eOsme\u201c ab, was auf Spanisch \u201eGeruch\u201c bedeutet. Damit meinen sie den Geruch von Rauch und Asche, der von Osmiumtetroxid ausgeht.<\/p>\n<h2> <strong>Wof\u00fcr wird Osmium verwendet?<\/strong><\/h2>\n<p> Das chemische Element Osmium wird zur Bildung von Legierungen mit Platin sowie als Oxidationsmittel bei Gewebef\u00e4rbeprozessen zur Beobachtung unter dem Elektronenmikroskop und anderen biomedizinischen Techniken verwendet. Zu den Verwendungsm\u00f6glichkeiten dieses Elements geh\u00f6ren:<\/p>\n<h3> <strong>Industrie<\/strong><strong><\/strong><\/h3>\n<p> Es wird als H\u00e4rtezusatz in bestimmten Legierungen verwendet. Zusammen mit Platin wird es f\u00fcr Gewichts- und Ma\u00dfstandards verwendet. Es wird auch zur Herstellung von Phonographennadeln, F\u00fcllfederhaltern und Uhrenlagern verwendet. Dar\u00fcber hinaus werden seine Legierungen in elektrischen Kontakten eingesetzt, bei denen eine enorme Widerstandsf\u00e4higkeit erforderlich ist. Es wird auch als Katalysator bei der Herstellung von Gl\u00fchbirnen, Gl\u00fchf\u00e4den und R\u00f6hren verwendet.<\/p>\n<h3> <strong>Medizin<\/strong><\/h3>\n<p> In Legierung mit Platin wird es zur Herstellung k\u00fcnstlicher Herzklappen, chirurgischer Instrumente und Herzschrittmacher verwendet. Osmiumtetraoxid wird in der Forensik als Mittel zur Fingerabdruckerkennung eingesetzt.<\/p>\n<h3> <strong>Juwelier<\/strong><\/h3>\n<p> Die indische und chinesische Schmuckindustrie begann mit der Verwendung von Osmium, weil seine Oberfl\u00e4che Tausende von gl\u00e4nzenden Kristallen enth\u00e4lt und seine H\u00e4rte ideal f\u00fcr die Schmuckherstellung ist. Tats\u00e4chlich l\u00e4sst sich dieses Material aufgrund seines Glanzes und seines hohen Reflexionsverm\u00f6gens im Sonnenlichtspektrum gut mit Gold, Silber und Platin kombinieren.<\/p>\n<h2> <strong>Wo kommt Osmium vor?<\/strong><\/h2>\n<p> In der Natur kommt es als ungebundenes Metall oder in nat\u00fcrlichen Legierungen vor, insbesondere denen von Iridosmium. Es ist auch m\u00f6glich, es in bestimmten Kupfer- und Nickelvorkommen zu gewinnen. In der Erdkruste kommt es in bestimmten geologischen Strukturen wie Einschlagskratern oder magmatischen Ablagerungen vor. Eines seiner bekanntesten Vorkommen befindet sich in S\u00fcdafrika im magmatischen Komplex, es kommt aber auch in Russland, Kanada, Kolumbien und den Vereinigten Staaten vor.<\/p>\n<p> Kurz gesagt, Osmium ist ein \u00dcbergangsmetall und z\u00e4hlt zu den seltenen Elementen, die in der Erdkruste vorkommen. Seine Farbe ist grauwei\u00df und seine Legierungen werden in Anwendungen wie Industrie, Medizin und Schmuck verwendet.<\/p>\n","protected":false},"excerpt":{"rendered":"<p>Es handelt sich um eines der seltensten in der Erdkruste vorkommenden Elemente, wie das Deutsche Osmium-Institut angibt, das die Osmiumreserven im Untergrund auf 9 m\u00b2 sch\u00e4tzt. Aus diesem Grund erreicht sein Preis den H\u00f6chstwert von 1.270 Dollar pro Unze und liegt damit etwas \u00fcber dem von Gold. Erfahren Sie, wie es in der Chemie-, Medizin- &#8230; <a title=\"Osmium\" class=\"read-more\" href=\"https:\/\/chemuza.org\/de\/osmium\/\" aria-label=\"Mehr zu Osmium\">Mehr lesen<\/a><\/p>\n","protected":false},"author":1,"featured_media":0,"parent":0,"menu_order":0,"comment_status":"closed","ping_status":"closed","template":"","meta":{"footnotes":""},"class_list":["post-1547","page","type-page","status-publish"],"yoast_head":"<!-- This site is optimized with the Yoast SEO plugin v21.4 - https:\/\/yoast.com\/wordpress\/plugins\/seo\/ -->\n<title>Osmium - Chemuza<\/title>\n<meta name=\"robots\" content=\"index, follow, max-snippet:-1, max-image-preview:large, max-video-preview:-1\" \/>\n<link rel=\"canonical\" href=\"https:\/\/chemuza.org\/de\/osmium\/\" \/>\n<meta property=\"og:locale\" content=\"de_DE\" \/>\n<meta property=\"og:type\" content=\"article\" \/>\n<meta property=\"og:title\" content=\"Osmium - Chemuza\" \/>\n<meta property=\"og:description\" content=\"Es handelt sich um eines der seltensten in der Erdkruste vorkommenden Elemente, wie das Deutsche Osmium-Institut angibt, das die Osmiumreserven im Untergrund auf 9 m\u00b2 sch\u00e4tzt. Aus diesem Grund erreicht sein Preis den H\u00f6chstwert von 1.270 Dollar pro Unze und liegt damit etwas \u00fcber dem von Gold. Erfahren Sie, wie es in der Chemie-, Medizin- ... Mehr lesen\" \/>\n<meta property=\"og:url\" content=\"https:\/\/chemuza.org\/de\/osmium\/\" \/>\n<meta property=\"og:site_name\" content=\"Chemuza\" \/>\n<meta name=\"twitter:card\" content=\"summary_large_image\" \/>\n<meta name=\"twitter:label1\" content=\"Gesch\u00e4tzte Lesezeit\" \/>\n\t<meta name=\"twitter:data1\" content=\"4\u00a0Minuten\" \/>\n<script type=\"application\/ld+json\" class=\"yoast-schema-graph\">{\"@context\":\"https:\/\/schema.org\",\"@graph\":[{\"@type\":\"WebPage\",\"@id\":\"https:\/\/chemuza.org\/de\/osmium\/\",\"url\":\"https:\/\/chemuza.org\/de\/osmium\/\",\"name\":\"Osmium - Chemuza\",\"isPartOf\":{\"@id\":\"https:\/\/chemuza.org\/de\/#website\"},\"datePublished\":\"2023-10-25T13:51:07+00:00\",\"dateModified\":\"2023-10-25T13:51:07+00:00\",\"breadcrumb\":{\"@id\":\"https:\/\/chemuza.org\/de\/osmium\/#breadcrumb\"},\"inLanguage\":\"de\",\"potentialAction\":[{\"@type\":\"ReadAction\",\"target\":[\"https:\/\/chemuza.org\/de\/osmium\/\"]}]},{\"@type\":\"BreadcrumbList\",\"@id\":\"https:\/\/chemuza.org\/de\/osmium\/#breadcrumb\",\"itemListElement\":[{\"@type\":\"ListItem\",\"position\":1,\"name\":\"Heim\",\"item\":\"https:\/\/chemuza.org\/de\/\"},{\"@type\":\"ListItem\",\"position\":2,\"name\":\"Osmium\"}]},{\"@type\":\"WebSite\",\"@id\":\"https:\/\/chemuza.org\/de\/#website\",\"url\":\"https:\/\/chemuza.org\/de\/\",\"name\":\"Chemuza\",\"description\":\"Ihr Tor zur chemischen Entdeckung\",\"publisher\":{\"@id\":\"https:\/\/chemuza.org\/de\/#organization\"},\"potentialAction\":[{\"@type\":\"SearchAction\",\"target\":{\"@type\":\"EntryPoint\",\"urlTemplate\":\"https:\/\/chemuza.org\/de\/?s={search_term_string}\"},\"query-input\":\"required name=search_term_string\"}],\"inLanguage\":\"de\"},{\"@type\":\"Organization\",\"@id\":\"https:\/\/chemuza.org\/de\/#organization\",\"name\":\"Chemuza\",\"url\":\"https:\/\/chemuza.org\/de\/\",\"logo\":{\"@type\":\"ImageObject\",\"inLanguage\":\"de\",\"@id\":\"https:\/\/chemuza.org\/de\/#\/schema\/logo\/image\/\",\"url\":\"https:\/\/chemuza.org\/de\/wp-content\/uploads\/2023\/10\/chemuza-logo.png\",\"contentUrl\":\"https:\/\/chemuza.org\/de\/wp-content\/uploads\/2023\/10\/chemuza-logo.png\",\"width\":387,\"height\":70,\"caption\":\"Chemuza\"},\"image\":{\"@id\":\"https:\/\/chemuza.org\/de\/#\/schema\/logo\/image\/\"}}]}<\/script>\n<!-- \/ Yoast SEO plugin. -->","yoast_head_json":{"title":"Osmium - Chemuza","robots":{"index":"index","follow":"follow","max-snippet":"max-snippet:-1","max-image-preview":"max-image-preview:large","max-video-preview":"max-video-preview:-1"},"canonical":"https:\/\/chemuza.org\/de\/osmium\/","og_locale":"de_DE","og_type":"article","og_title":"Osmium - Chemuza","og_description":"Es handelt sich um eines der seltensten in der Erdkruste vorkommenden Elemente, wie das Deutsche Osmium-Institut angibt, das die Osmiumreserven im Untergrund auf 9 m\u00b2 sch\u00e4tzt. Aus diesem Grund erreicht sein Preis den H\u00f6chstwert von 1.270 Dollar pro Unze und liegt damit etwas \u00fcber dem von Gold. Erfahren Sie, wie es in der Chemie-, Medizin- ... Mehr lesen","og_url":"https:\/\/chemuza.org\/de\/osmium\/","og_site_name":"Chemuza","twitter_card":"summary_large_image","twitter_misc":{"Gesch\u00e4tzte Lesezeit":"4\u00a0Minuten"},"schema":{"@context":"https:\/\/schema.org","@graph":[{"@type":"WebPage","@id":"https:\/\/chemuza.org\/de\/osmium\/","url":"https:\/\/chemuza.org\/de\/osmium\/","name":"Osmium - Chemuza","isPartOf":{"@id":"https:\/\/chemuza.org\/de\/#website"},"datePublished":"2023-10-25T13:51:07+00:00","dateModified":"2023-10-25T13:51:07+00:00","breadcrumb":{"@id":"https:\/\/chemuza.org\/de\/osmium\/#breadcrumb"},"inLanguage":"de","potentialAction":[{"@type":"ReadAction","target":["https:\/\/chemuza.org\/de\/osmium\/"]}]},{"@type":"BreadcrumbList","@id":"https:\/\/chemuza.org\/de\/osmium\/#breadcrumb","itemListElement":[{"@type":"ListItem","position":1,"name":"Heim","item":"https:\/\/chemuza.org\/de\/"},{"@type":"ListItem","position":2,"name":"Osmium"}]},{"@type":"WebSite","@id":"https:\/\/chemuza.org\/de\/#website","url":"https:\/\/chemuza.org\/de\/","name":"Chemuza","description":"Ihr Tor zur chemischen Entdeckung","publisher":{"@id":"https:\/\/chemuza.org\/de\/#organization"},"potentialAction":[{"@type":"SearchAction","target":{"@type":"EntryPoint","urlTemplate":"https:\/\/chemuza.org\/de\/?s={search_term_string}"},"query-input":"required name=search_term_string"}],"inLanguage":"de"},{"@type":"Organization","@id":"https:\/\/chemuza.org\/de\/#organization","name":"Chemuza","url":"https:\/\/chemuza.org\/de\/","logo":{"@type":"ImageObject","inLanguage":"de","@id":"https:\/\/chemuza.org\/de\/#\/schema\/logo\/image\/","url":"https:\/\/chemuza.org\/de\/wp-content\/uploads\/2023\/10\/chemuza-logo.png","contentUrl":"https:\/\/chemuza.org\/de\/wp-content\/uploads\/2023\/10\/chemuza-logo.png","width":387,"height":70,"caption":"Chemuza"},"image":{"@id":"https:\/\/chemuza.org\/de\/#\/schema\/logo\/image\/"}}]}},"yoast_meta":{"yoast_wpseo_title":"","yoast_wpseo_metadesc":"","yoast_wpseo_canonical":""},"_links":{"self":[{"href":"https:\/\/chemuza.org\/de\/wp-json\/wp\/v2\/pages\/1547","targetHints":{"allow":["GET"]}}],"collection":[{"href":"https:\/\/chemuza.org\/de\/wp-json\/wp\/v2\/pages"}],"about":[{"href":"https:\/\/chemuza.org\/de\/wp-json\/wp\/v2\/types\/page"}],"author":[{"embeddable":true,"href":"https:\/\/chemuza.org\/de\/wp-json\/wp\/v2\/users\/1"}],"replies":[{"embeddable":true,"href":"https:\/\/chemuza.org\/de\/wp-json\/wp\/v2\/comments?post=1547"}],"version-history":[{"count":1,"href":"https:\/\/chemuza.org\/de\/wp-json\/wp\/v2\/pages\/1547\/revisions"}],"predecessor-version":[{"id":1666,"href":"https:\/\/chemuza.org\/de\/wp-json\/wp\/v2\/pages\/1547\/revisions\/1666"}],"wp:attachment":[{"href":"https:\/\/chemuza.org\/de\/wp-json\/wp\/v2\/media?parent=1547"}],"curies":[{"name":"wp","href":"https:\/\/api.w.org\/{rel}","templated":true}]}}