{"id":1546,"date":"2023-07-14T00:22:54","date_gmt":"2023-07-14T00:22:54","guid":{"rendered":"https:\/\/chemuza.org\/de\/thorium\/"},"modified":"2023-07-14T00:22:54","modified_gmt":"2023-07-14T00:22:54","slug":"thorium","status":"publish","type":"page","link":"https:\/\/chemuza.org\/de\/thorium\/","title":{"rendered":"Thorium"},"content":{"rendered":"<p>Als Element ist es stark radioaktiv und kommt nat\u00fcrlicherweise in Mineralsanden in gro\u00dfen Mengen vor. Es ist auch m\u00f6glich, es in Tieren, Pflanzen und im Wasser zu finden. Da Thorium chemisch sehr aktiv ist, wird es im Nuklearbereich in Legierungen und anderen Anwendungen eingesetzt. Erfahren Sie mehr \u00fcber seine Eigenschaften, Herkunft und Eigenschaften.<\/p>\n<h2> <strong>Was ist Thorium?<\/strong><\/h2>\n<p> Es ist ein chemisches Element mit der Ordnungszahl 90 und befindet sich in der Aktinidengruppe des Periodensystems. Man findet es h\u00e4ufig in den Mineralien Thorit, Monacit und Thorianit in seinem nat\u00fcrlichen Zustand, mit einem Farbton zwischen Wei\u00df und Silber und einer weichen Konsistenz. Dar\u00fcber hinaus oxidiert es langsam und ist beim Zerkleinern durch Hitze brennbar und strahlt wei\u00dfes Licht aus.<\/p>\n<h3> <strong>Thorium-Symbol<\/strong><\/h3>\n<p> <span class=\"content-chemical-element\" style=\"float: left;width: 65px;height: 65px;border: 3px solid #666; display:flex;\n    justify-content: center;align-items: center;margin-right: 15px;\"><span style=\"font-size: 38px;\">Sein<\/span><\/span> Name stammt vom nordischen Blitzgott Thor aus der skandinavischen Mythologie. Diesen Namen erhielt es zu Ehren dieser mythischen Gottheit.<\/p>\n<h2> <strong>Eigenschaften von Thorium<\/strong><\/h2>\n<p> Es ist ein giftiges Metall mit einer Atommasse von 232,0381 und einem gl\u00e4nzenden silbernen Farbton. Es ist in der Lage, seinen Glanz beizubehalten, wird jedoch bei Kontakt mit der Luft undurchsichtig und gr\u00e4ulich. Entdecken Sie die weiteren Funktionen:<\/p>\n<ul>\n<li> <strong>Zustand<\/strong> : Massives Metall.<\/li>\n<li> <strong>Farbe<\/strong> : Helles Silber, aber mit der Zeit in der Atmosph\u00e4re wird es grau oder schwarz.<\/li>\n<li> <strong>Geschmack und Geruch<\/strong> : Es ist geruchs- und geschmacksneutral.<\/li>\n<li> <strong>Duktilit\u00e4t<\/strong> : Im nat\u00fcrlichen Zustand ist es duktil.<\/li>\n<li> <strong>Toxizit\u00e4t<\/strong> : Sie ist hoch und wirkt sich erheblich auf den Menschen aus, bis hin zur Vergiftung.<\/li>\n<li> <strong>Radioaktivit\u00e4t<\/strong> : Hoch, da es eine lange radioaktive Lebensdauer von 1,4\u00d71010 Jahren hat.<\/li>\n<li> <strong>Struktur<\/strong> : Kubisch, auf den Fl\u00e4chen zentriert.<\/li>\n<li> <strong>Zusammensetzung<\/strong> : Bestehend aus 90 Elektronen und Protonen, begleitet von 141 stabilen Neutronen.<\/li>\n<li> <strong>L\u00f6slichkeit<\/strong> : Es ist wasserl\u00f6slich.<\/li>\n<\/ul>\n<h2> <strong>Chemische und physikalische Eigenschaften von Thorium<\/strong><\/h2>\n<ol>\n<li> <strong>Ordnungszahl<\/strong> : 90<\/li>\n<li> <strong>Zeitraum<\/strong> : 7<\/li>\n<li> <strong>Block<\/strong> : F<\/li>\n<li> <strong>Gruppe<\/strong> : 3<\/li>\n<li> <strong>Oxidationsstufe<\/strong> : 4, 3, 2<\/li>\n<li> <strong>Kovalenter Radius (\u00c5):<\/strong> 206<strong> <\/strong>Nachmittag<\/li>\n<li> <strong>Durchschnittlicher Radius:<\/strong> 180h<\/li>\n<li> <strong>Dichte:<\/strong> 11724 kg\/m3<\/li>\n<li> <strong>Schmelzpunkt:<\/strong> 1755<strong> <\/strong>\u00b0C<\/li>\n<li> <strong>Atomradius:<\/strong> 179h<\/li>\n<li> <strong>Elektronegativit\u00e4t:<\/strong> 1,3<\/li>\n<li> <strong>Spezifische W\u00e4rme:<\/strong> 120 J \/ (K kg)<\/li>\n<li> <strong>Elektrische Leitf\u00e4higkeit:<\/strong> 6,53 x 106 S\/m<\/li>\n<li> <strong>Erstes Ionisationspotential<\/strong> (eV): 587<\/li>\n<li> <strong>Elektronen pro Schicht:<\/strong> 2, 8, 18, 32, 18, 10, 2<\/li>\n<li> <strong>Elektronische Konfiguration:<\/strong> [Rn] 7s2 5f2<\/li>\n<li> <strong>Atommasse (g\/mol):<\/strong> 232,0381 u<\/li>\n<li> <strong>W\u00e4rmeleitf\u00e4higkeit:<\/strong> 54 W\/(Km)<\/li>\n<li> <strong>Siedepunkt:<\/strong> 4788\u00b0C<\/li>\n<\/ol>\n<h2> <strong>Herkunft von Thorium<\/strong><\/h2>\n<p> Das Element wurde 1828 von J\u00f6ns Jakob Berzelius in Norwegen entdeckt, als er ein schwarzes Mineral untersuchte, das er erfolgreich isolierte. Im Jahr 1890 f\u00fchrten die Chemiker Pierre und Marie Curie jedoch Experimente durch und best\u00e4tigten seine radioaktiven Eigenschaften, die es als radioaktives Thorium klassifizierten.<\/p>\n<h2> <strong>Wof\u00fcr wird Thorium verwendet?<\/strong><\/h2>\n<p> Die Verwendung von Thorium erstreckt sich haupts\u00e4chlich auf den Nuklearbereich als Brennstoff in Metalllegierungen. Es wird als Katalysator bei organischen Reaktionen mit anderen Verbindungen verwendet. Dar\u00fcber hinaus wird Thoriumoxid bei der Herstellung von Gl\u00fchf\u00e4den f\u00fcr elektrische Lampen in Wolframmetall eingearbeitet. Weitere Verwendungsm\u00f6glichkeiten sind:<\/p>\n<ul>\n<li> Es wird als Zufallsmittel in verschiedenen mechanischen Strukturen verwendet.<\/li>\n<li> Seine Oxide werden als Bestandteile bei der Herstellung hochpr\u00e4ziser Linsen verwendet, da sie deren Beugungseigenschaften verbessern.<\/li>\n<li> Es wird bei der Herstellung von Elektroden zum Wolframschwei\u00dfen verwendet.<\/li>\n<li> Es wird in einer Wolframlegierung verwendet, die die Emission von Elektronen in den Elektroden f\u00fcr eine perfekte Z\u00fcndung erleichtert.<\/li>\n<li> Aufgrund seiner Helligkeit wird es als Beschichtungsmaterial f\u00fcr Taschenlampen verwendet.<\/li>\n<li> Seine f\u00e4rbenden Eigenschaften werden bei der Herstellung von Glasuren f\u00fcr Glas und Keramik genutzt.<\/li>\n<li> Thoriumdioxid wird als Kontrastmittel in der medizinischen Radiologie eingesetzt.<\/li>\n<\/ul>\n<h2> <strong>Wo kommt Thorium vor und wie wird es gewonnen?<\/strong><\/h2>\n<p> Thorium kommt in der Umwelt in B\u00f6den, Gesteinen, Tieren und Wasser vor und entsteht durch den radioaktiven Zerfall von Uran. Dar\u00fcber hinaus sind die Mineralien Torit, Thorianit und Monacit reine Quellen des Elements, die ausgebeutet werden, bis es in seiner metallischen Form erhalten wird.<\/p>\n<p> Um es zu erhalten, f\u00fchren wir eine Reduktion von Thoriumoxid mit Calcium durch. Dar\u00fcber hinaus ist es durch die Elektrolyse von verfl\u00fcssigtem Thoriumdichlorid mit Natrium und Kalium m\u00f6glich, eine reine Probe des Metalls zu erhalten.<\/p>\n<h2> <strong>Gesundheitliche Auswirkungen von Thorium<\/strong><\/h2>\n<p> Dieses Element gelangt in gro\u00dfen Mengen \u00fcber die Abgase von Industrieanlagen in die Umwelt und wird dort verarbeitet. Eine hohe Exposition f\u00fchrt zur Entstehung von Atemwegserkrankungen sowie Lungen- oder Bauchspeicheldr\u00fcsenkrebs. Dar\u00fcber hinaus hat es erhebliche Auswirkungen auf die DNA und das genetische Material.<\/p>\n<p> \u00dcberm\u00e4\u00dfiger Einsatz bei R\u00f6ntgenanwendungen kann zu Lebererkrankungen f\u00fchren. Sogar das Isotop von Thorium lagert sich bei l\u00e4ngerer Exposition in den Knochen ein und ist f\u00fcr Knochenkrebs verantwortlich.<\/p>\n<p> Zusammenfassend l\u00e4sst sich sagen, dass sich dieses Aktinid durch seine Radioaktivit\u00e4t in seiner nat\u00fcrlichen und metallischen Form auszeichnet, die in Kernkraftwerken weit verbreitet ist und Uran ersetzt. Dar\u00fcber hinaus muss es aufgrund seiner Toxizit\u00e4t mit Vorsicht angewendet werden, da es zum Tod durch Vergiftung f\u00fchrt.<\/p>\n","protected":false},"excerpt":{"rendered":"<p>Als Element ist es stark radioaktiv und kommt nat\u00fcrlicherweise in Mineralsanden in gro\u00dfen Mengen vor. Es ist auch m\u00f6glich, es in Tieren, Pflanzen und im Wasser zu finden. Da Thorium chemisch sehr aktiv ist, wird es im Nuklearbereich in Legierungen und anderen Anwendungen eingesetzt. Erfahren Sie mehr \u00fcber seine Eigenschaften, Herkunft und Eigenschaften. Was ist &#8230; <a title=\"Thorium\" class=\"read-more\" href=\"https:\/\/chemuza.org\/de\/thorium\/\" aria-label=\"Mehr zu Thorium\">Mehr lesen<\/a><\/p>\n","protected":false},"author":1,"featured_media":0,"parent":0,"menu_order":0,"comment_status":"closed","ping_status":"closed","template":"","meta":{"footnotes":""},"class_list":["post-1546","page","type-page","status-publish"],"yoast_head":"<!-- This site is optimized with the Yoast SEO plugin v21.4 - https:\/\/yoast.com\/wordpress\/plugins\/seo\/ -->\n<title>Thorium - Chemuza<\/title>\n<meta name=\"robots\" content=\"index, follow, max-snippet:-1, max-image-preview:large, max-video-preview:-1\" \/>\n<link rel=\"canonical\" href=\"https:\/\/chemuza.org\/de\/thorium\/\" \/>\n<meta property=\"og:locale\" content=\"de_DE\" \/>\n<meta property=\"og:type\" content=\"article\" \/>\n<meta property=\"og:title\" content=\"Thorium - Chemuza\" \/>\n<meta property=\"og:description\" content=\"Als Element ist es stark radioaktiv und kommt nat\u00fcrlicherweise in Mineralsanden in gro\u00dfen Mengen vor. Es ist auch m\u00f6glich, es in Tieren, Pflanzen und im Wasser zu finden. Da Thorium chemisch sehr aktiv ist, wird es im Nuklearbereich in Legierungen und anderen Anwendungen eingesetzt. Erfahren Sie mehr \u00fcber seine Eigenschaften, Herkunft und Eigenschaften. Was ist ... Mehr lesen\" \/>\n<meta property=\"og:url\" content=\"https:\/\/chemuza.org\/de\/thorium\/\" \/>\n<meta property=\"og:site_name\" content=\"Chemuza\" \/>\n<meta name=\"twitter:card\" content=\"summary_large_image\" \/>\n<meta name=\"twitter:label1\" content=\"Gesch\u00e4tzte Lesezeit\" \/>\n\t<meta name=\"twitter:data1\" content=\"4\u00a0Minuten\" \/>\n<script type=\"application\/ld+json\" class=\"yoast-schema-graph\">{\"@context\":\"https:\/\/schema.org\",\"@graph\":[{\"@type\":\"WebPage\",\"@id\":\"https:\/\/chemuza.org\/de\/thorium\/\",\"url\":\"https:\/\/chemuza.org\/de\/thorium\/\",\"name\":\"Thorium - Chemuza\",\"isPartOf\":{\"@id\":\"https:\/\/chemuza.org\/de\/#website\"},\"datePublished\":\"2023-07-14T00:22:54+00:00\",\"dateModified\":\"2023-07-14T00:22:54+00:00\",\"breadcrumb\":{\"@id\":\"https:\/\/chemuza.org\/de\/thorium\/#breadcrumb\"},\"inLanguage\":\"de\",\"potentialAction\":[{\"@type\":\"ReadAction\",\"target\":[\"https:\/\/chemuza.org\/de\/thorium\/\"]}]},{\"@type\":\"BreadcrumbList\",\"@id\":\"https:\/\/chemuza.org\/de\/thorium\/#breadcrumb\",\"itemListElement\":[{\"@type\":\"ListItem\",\"position\":1,\"name\":\"Heim\",\"item\":\"https:\/\/chemuza.org\/de\/\"},{\"@type\":\"ListItem\",\"position\":2,\"name\":\"Thorium\"}]},{\"@type\":\"WebSite\",\"@id\":\"https:\/\/chemuza.org\/de\/#website\",\"url\":\"https:\/\/chemuza.org\/de\/\",\"name\":\"Chemuza\",\"description\":\"Ihr Tor zur chemischen Entdeckung\",\"publisher\":{\"@id\":\"https:\/\/chemuza.org\/de\/#organization\"},\"potentialAction\":[{\"@type\":\"SearchAction\",\"target\":{\"@type\":\"EntryPoint\",\"urlTemplate\":\"https:\/\/chemuza.org\/de\/?s={search_term_string}\"},\"query-input\":\"required name=search_term_string\"}],\"inLanguage\":\"de\"},{\"@type\":\"Organization\",\"@id\":\"https:\/\/chemuza.org\/de\/#organization\",\"name\":\"Chemuza\",\"url\":\"https:\/\/chemuza.org\/de\/\",\"logo\":{\"@type\":\"ImageObject\",\"inLanguage\":\"de\",\"@id\":\"https:\/\/chemuza.org\/de\/#\/schema\/logo\/image\/\",\"url\":\"https:\/\/chemuza.org\/de\/wp-content\/uploads\/2023\/10\/chemuza-logo.png\",\"contentUrl\":\"https:\/\/chemuza.org\/de\/wp-content\/uploads\/2023\/10\/chemuza-logo.png\",\"width\":387,\"height\":70,\"caption\":\"Chemuza\"},\"image\":{\"@id\":\"https:\/\/chemuza.org\/de\/#\/schema\/logo\/image\/\"}}]}<\/script>\n<!-- \/ Yoast SEO plugin. -->","yoast_head_json":{"title":"Thorium - Chemuza","robots":{"index":"index","follow":"follow","max-snippet":"max-snippet:-1","max-image-preview":"max-image-preview:large","max-video-preview":"max-video-preview:-1"},"canonical":"https:\/\/chemuza.org\/de\/thorium\/","og_locale":"de_DE","og_type":"article","og_title":"Thorium - Chemuza","og_description":"Als Element ist es stark radioaktiv und kommt nat\u00fcrlicherweise in Mineralsanden in gro\u00dfen Mengen vor. Es ist auch m\u00f6glich, es in Tieren, Pflanzen und im Wasser zu finden. Da Thorium chemisch sehr aktiv ist, wird es im Nuklearbereich in Legierungen und anderen Anwendungen eingesetzt. Erfahren Sie mehr \u00fcber seine Eigenschaften, Herkunft und Eigenschaften. Was ist ... Mehr lesen","og_url":"https:\/\/chemuza.org\/de\/thorium\/","og_site_name":"Chemuza","twitter_card":"summary_large_image","twitter_misc":{"Gesch\u00e4tzte Lesezeit":"4\u00a0Minuten"},"schema":{"@context":"https:\/\/schema.org","@graph":[{"@type":"WebPage","@id":"https:\/\/chemuza.org\/de\/thorium\/","url":"https:\/\/chemuza.org\/de\/thorium\/","name":"Thorium - Chemuza","isPartOf":{"@id":"https:\/\/chemuza.org\/de\/#website"},"datePublished":"2023-07-14T00:22:54+00:00","dateModified":"2023-07-14T00:22:54+00:00","breadcrumb":{"@id":"https:\/\/chemuza.org\/de\/thorium\/#breadcrumb"},"inLanguage":"de","potentialAction":[{"@type":"ReadAction","target":["https:\/\/chemuza.org\/de\/thorium\/"]}]},{"@type":"BreadcrumbList","@id":"https:\/\/chemuza.org\/de\/thorium\/#breadcrumb","itemListElement":[{"@type":"ListItem","position":1,"name":"Heim","item":"https:\/\/chemuza.org\/de\/"},{"@type":"ListItem","position":2,"name":"Thorium"}]},{"@type":"WebSite","@id":"https:\/\/chemuza.org\/de\/#website","url":"https:\/\/chemuza.org\/de\/","name":"Chemuza","description":"Ihr Tor zur chemischen Entdeckung","publisher":{"@id":"https:\/\/chemuza.org\/de\/#organization"},"potentialAction":[{"@type":"SearchAction","target":{"@type":"EntryPoint","urlTemplate":"https:\/\/chemuza.org\/de\/?s={search_term_string}"},"query-input":"required name=search_term_string"}],"inLanguage":"de"},{"@type":"Organization","@id":"https:\/\/chemuza.org\/de\/#organization","name":"Chemuza","url":"https:\/\/chemuza.org\/de\/","logo":{"@type":"ImageObject","inLanguage":"de","@id":"https:\/\/chemuza.org\/de\/#\/schema\/logo\/image\/","url":"https:\/\/chemuza.org\/de\/wp-content\/uploads\/2023\/10\/chemuza-logo.png","contentUrl":"https:\/\/chemuza.org\/de\/wp-content\/uploads\/2023\/10\/chemuza-logo.png","width":387,"height":70,"caption":"Chemuza"},"image":{"@id":"https:\/\/chemuza.org\/de\/#\/schema\/logo\/image\/"}}]}},"yoast_meta":{"yoast_wpseo_title":"","yoast_wpseo_metadesc":"","yoast_wpseo_canonical":""},"_links":{"self":[{"href":"https:\/\/chemuza.org\/de\/wp-json\/wp\/v2\/pages\/1546","targetHints":{"allow":["GET"]}}],"collection":[{"href":"https:\/\/chemuza.org\/de\/wp-json\/wp\/v2\/pages"}],"about":[{"href":"https:\/\/chemuza.org\/de\/wp-json\/wp\/v2\/types\/page"}],"author":[{"embeddable":true,"href":"https:\/\/chemuza.org\/de\/wp-json\/wp\/v2\/users\/1"}],"replies":[{"embeddable":true,"href":"https:\/\/chemuza.org\/de\/wp-json\/wp\/v2\/comments?post=1546"}],"version-history":[{"count":0,"href":"https:\/\/chemuza.org\/de\/wp-json\/wp\/v2\/pages\/1546\/revisions"}],"wp:attachment":[{"href":"https:\/\/chemuza.org\/de\/wp-json\/wp\/v2\/media?parent=1546"}],"curies":[{"name":"wp","href":"https:\/\/api.w.org\/{rel}","templated":true}]}}