{"id":1545,"date":"2023-10-25T13:51:29","date_gmt":"2023-10-25T13:51:29","guid":{"rendered":"https:\/\/chemuza.org\/de\/fuhren\/"},"modified":"2023-10-25T13:51:29","modified_gmt":"2023-10-25T13:51:29","slug":"fuhren","status":"publish","type":"page","link":"https:\/\/chemuza.org\/de\/fuhren\/","title":{"rendered":"F\u00fchren"},"content":{"rendered":"<p>Dieses Metall kommt in der Umgebung der Erdkruste in Form von Bleisulfid und als Teil des Minerals Galenit vor, obwohl es in elementarem Zustand selten vorkommt. Dar\u00fcber hinaus kommt es zusammen mit anderen Mineralien wie Anglesit und Cerussit vor. Erfahren Sie alles \u00fcber dieses chemische Element, das in verschiedenen Industrien und bei menschlichen Aktivit\u00e4ten verwendet wird.<\/p>\n<h2> <strong>Was ist Blei?<\/strong><\/h2>\n<p> Es ist ein metallisches Element, das neben Halbmetallen und Metalloiden im Periodensystem vorkommt. Es hat eine feste, schwere, gl\u00e4nzende, bl\u00e4ulich-wei\u00dfe Farbe und nimmt beim Beschlagen eine mattgraue Farbe an. Einige seiner wichtigsten Verbindungen sind Tetraethylblei und Bleioxid und bilden Legierungen mit Metallen wie Kupfer, Wismut, Natrium, Cadmium, Zinn, Antimon und Arsen.<\/p>\n<h3> <strong>Bleisymbol<\/strong><\/h3>\n<p> <span class=\"content-chemical-element\" style=\"float: left;width: 65px;height: 65px;border: 3px solid #666; display:flex;\n    justify-content: center;align-items: center;margin-right: 15px;\"><span style=\"font-size: 38px;\">Pb<\/span><\/span> Es befindet sich in der Gruppe 14 des Periodensystems mit der Ordnungszahl 82 und einem Atomgewicht von 207,19. Es besteht aus 27 Isotopen, von denen vier stabil sind, beispielsweise <sup>204<\/sup> Pb, <sup>206<\/sup> Pb, <sup>207<\/sup> Pb und <sup>208<\/sup> Pb.<\/p>\n<h2> <strong>Lead-Eigenschaften<\/strong><\/h2>\n<p> Es ist best\u00e4ndig gegen Salzs\u00e4ure und Schwefels\u00e4ure, l\u00f6st sich jedoch langsam in Salpeters\u00e4ure. Es l\u00e4sst sich leicht gie\u00dfen, ist unelastisch und flexibel und gilt als eines der st\u00e4rksten Metalle. Beim Einatmen oder Verschlucken kann es giftig und gesundheitsgef\u00e4hrdend sein. Weitere Funktionen sind:<\/p>\n<ul>\n<li> <strong>Glanz:<\/strong> Metallisch.<\/li>\n<li> <strong>Transparenz:<\/strong> Undurchsichtig.<\/li>\n<li> <strong>Z\u00e4higkeit:<\/strong> Formbar.<\/li>\n<li> <strong>Kristallstruktur:<\/strong> Kubisch zentriert auf den Fl\u00e4chen.<\/li>\n<li> <strong>Flexibilit\u00e4t:<\/strong> Es ist ein flexibles Element und kann problemlos bei 327,4 \u00b0C schmelzen und bei 1725 \u00b0C sieden.<\/li>\n<li> <strong>Magnetismus<\/strong> : Es ist ein schwach diamagnetisches Metall.<\/li>\n<li> <strong>Zustand<\/strong> : Nat\u00fcrlich ist es solide.<\/li>\n<\/ul>\n<h2> <strong>Chemische und physikalische Eigenschaften von Blei<\/strong><\/h2>\n<ol>\n<li> <strong>Ordnungszahl<\/strong> : 82<\/li>\n<li> <strong>Zeitraum:<\/strong> 6<\/li>\n<li> <strong>Block:<\/strong> S<\/li>\n<li> <strong>Kovalenter Radius (\u00c5):<\/strong> 147<\/li>\n<li> <strong>Atomradius:<\/strong> 154<\/li>\n<li> <strong>Schmelzpunkt:<\/strong> 600,61 K<\/li>\n<li> <strong>Siedepunkt:<\/strong> 2022K<\/li>\n<li> <strong>Dichte:<\/strong> 11340 kg\/m\u00b3<\/li>\n<li> <strong>Elektronische Konfiguration:<\/strong> [Xe] 6s <sup>2<\/sup> 4f <sup>14<\/sup> 5d <sup>10<\/sup> 6p <sup>2<\/sup><\/li>\n<li> <strong>Verdampfungsenthalpie:<\/strong> 177,7 kJ\/mol<\/li>\n<li> <strong>Schmelzenthalpie:<\/strong> 4.799 Kj\/mol<\/li>\n<li> <strong>Schallgeschwindigkeit:<\/strong> 1260 m\/s bei 293,15 K<\/li>\n<li> <strong>Dampfdruck:<\/strong> 4,21 x 10 <sup>-7<\/sup> Pa bei 600 K<\/li>\n<li> <strong>Elektrische Leitf\u00e4higkeit:<\/strong> 4,81 x 10 <sup>6<\/sup><\/li>\n<li> <strong>W\u00e4rmeleitf\u00e4higkeit:<\/strong> 35,3 W<\/li>\n<li> <strong>Spezifische W\u00e4rme:<\/strong> 129 J<\/li>\n<\/ol>\n<h2> <strong>Herkunft des Leads<\/strong><\/h2>\n<p> Die ersten, die dieses Metall verarbeiteten, waren die \u00c4gypter, die es gleichzeitig mit Silber und Eisen gewannen. Au\u00dferdem war es seit der Antike bei den R\u00f6mern bekannt, die es in gro\u00dfen Mengen zur Wasserleitung verwendeten. Der Name dieses Metalls kommt vom lateinischen Wort plumbum, was hydraulische Werke bedeutet. Die R\u00f6mer nannten es Plumbum nigrum, um es vom Zinn zu unterscheiden.<\/p>\n<h2> <strong>Wof\u00fcr wird Blei verwendet?<\/strong><\/h2>\n<p> Vom alten China \u00fcber Mesopotamien bis heute wird es in verschiedenen Anwendungen eingesetzt, von Kosmetika und Autobatterien bis hin zu Schusswaffengeschossen und Dekorationsmaterialien. Aufgrund seiner hier beschriebenen industriellen Verwendung ist es eines der wichtigsten Metalle der Welt:<\/p>\n<h3> <strong>Industrie<\/strong><strong><\/strong><\/h3>\n<p> Vor 1900 wurde es zur Beschichtung von Grabgew\u00f6lben, Farben oder Glasuren f\u00fcr Keramik verwendet. Dar\u00fcber hinaus wurde es zur Herstellung von Autobatterien und als Hauptzusatzstoff in Benzin verwendet. Heute wird es f\u00fcr einige Munition sowie f\u00fcr Keramik verwendet.<\/p>\n<p> Es wird auch zur Herstellung von Batterien, Pigmenten, Bauelementen und Loten verwendet. Da es duktil ist, d. h. es kann gedehnt werden, um eine H\u00fclle um Innenleiter zu bilden, wird es bei der Herstellung von H\u00fcllen f\u00fcr Fernseh-, Telefon-, Elektro- und andere Kabel verwendet. des Internets. Es wird auch als Schutzscheibe in R\u00f6ntgenger\u00e4ten verwendet.<\/p>\n<p> Bleicarbonat, Salze organischer S\u00e4uren und Silikate wiederum werden in bestimmten Kunststoffen als Stabilisatoren gegen Licht und Hitze eingesetzt. Bleiazur wird f\u00fcr Sprengstoffe verwendet. Bleiarsenat wird als Insektizid und zum Schutz von Nutzpflanzen vor M\u00fccken, Kakerlaken und anderen Tieren eingesetzt. Schlie\u00dflich wird Bleioxid verwendet, um den Magnetismus von Keramikmagneten zu verbessern.<\/p>\n<h2> <strong>Durch Blei verursachte Krankheiten<\/strong><\/h2>\n<p> Berufliche Exposition in der Industrie kann sch\u00e4dliche Auswirkungen auf den K\u00f6rper haben. Einige der toxischen Wirkungen von Blei auf den menschlichen K\u00f6rper:<\/p>\n<ul>\n<li> Verminderte m\u00e4nnliche Fruchtbarkeit.<\/li>\n<li> Gleichgewichts- und H\u00f6rprobleme.<\/li>\n<\/ul>\n<ul>\n<li> Sch\u00e4digung des peripheren und zentralen Nervensystems.<\/li>\n<li> Fehlgeburten.<\/li>\n<li> Ver\u00e4nderung des Blutdrucks.<\/li>\n<li> Bildung von Bleiablagerungen im Zahnfleisch.<\/li>\n<li> An\u00e4mie.<\/li>\n<li> Sch\u00e4digung der Nierenfunktion.<\/li>\n<li> Verhaltensst\u00f6rungen bei Kindern wie \u00dcberempfindlichkeit und Aggression.<\/li>\n<\/ul>\n<p> Zusammenfassend l\u00e4sst sich sagen, dass dieses Metall in Form von Bleisulfid in der Erdkruste vorkommt. Seine Farbe ist bl\u00e4ulich-wei\u00df, im tr\u00fcben Zustand ist es mattgrau und sein nat\u00fcrlicher Zustand ist fest. Dar\u00fcber hinaus wird es haupts\u00e4chlich in der Industrie eingesetzt und eine hohe Exposition kann zu schweren k\u00f6rperlichen und geistigen Sch\u00e4den am K\u00f6rper f\u00fchren.<\/p>\n","protected":false},"excerpt":{"rendered":"<p>Dieses Metall kommt in der Umgebung der Erdkruste in Form von Bleisulfid und als Teil des Minerals Galenit vor, obwohl es in elementarem Zustand selten vorkommt. Dar\u00fcber hinaus kommt es zusammen mit anderen Mineralien wie Anglesit und Cerussit vor. Erfahren Sie alles \u00fcber dieses chemische Element, das in verschiedenen Industrien und bei menschlichen Aktivit\u00e4ten verwendet &#8230; <a title=\"F\u00fchren\" class=\"read-more\" href=\"https:\/\/chemuza.org\/de\/fuhren\/\" aria-label=\"Mehr zu F\u00fchren\">Mehr lesen<\/a><\/p>\n","protected":false},"author":1,"featured_media":0,"parent":0,"menu_order":0,"comment_status":"closed","ping_status":"closed","template":"","meta":{"footnotes":""},"class_list":["post-1545","page","type-page","status-publish"],"yoast_head":"<!-- This site is optimized with the Yoast SEO plugin v21.4 - https:\/\/yoast.com\/wordpress\/plugins\/seo\/ -->\n<title>Blei - Chemuza<\/title>\n<meta name=\"robots\" content=\"index, follow, max-snippet:-1, max-image-preview:large, max-video-preview:-1\" \/>\n<link rel=\"canonical\" href=\"https:\/\/chemuza.org\/de\/fuhren\/\" \/>\n<meta property=\"og:locale\" content=\"de_DE\" \/>\n<meta property=\"og:type\" content=\"article\" \/>\n<meta property=\"og:title\" content=\"Blei - Chemuza\" \/>\n<meta property=\"og:description\" content=\"Dieses Metall kommt in der Umgebung der Erdkruste in Form von Bleisulfid und als Teil des Minerals Galenit vor, obwohl es in elementarem Zustand selten vorkommt. Dar\u00fcber hinaus kommt es zusammen mit anderen Mineralien wie Anglesit und Cerussit vor. Erfahren Sie alles \u00fcber dieses chemische Element, das in verschiedenen Industrien und bei menschlichen Aktivit\u00e4ten verwendet ... Mehr lesen\" \/>\n<meta property=\"og:url\" content=\"https:\/\/chemuza.org\/de\/fuhren\/\" \/>\n<meta property=\"og:site_name\" content=\"Chemuza\" \/>\n<meta name=\"twitter:card\" content=\"summary_large_image\" \/>\n<meta name=\"twitter:label1\" content=\"Gesch\u00e4tzte Lesezeit\" \/>\n\t<meta name=\"twitter:data1\" content=\"3\u00a0Minuten\" \/>\n<script type=\"application\/ld+json\" class=\"yoast-schema-graph\">{\"@context\":\"https:\/\/schema.org\",\"@graph\":[{\"@type\":\"WebPage\",\"@id\":\"https:\/\/chemuza.org\/de\/fuhren\/\",\"url\":\"https:\/\/chemuza.org\/de\/fuhren\/\",\"name\":\"Blei - Chemuza\",\"isPartOf\":{\"@id\":\"https:\/\/chemuza.org\/de\/#website\"},\"datePublished\":\"2023-10-25T13:51:29+00:00\",\"dateModified\":\"2023-10-25T13:51:29+00:00\",\"breadcrumb\":{\"@id\":\"https:\/\/chemuza.org\/de\/fuhren\/#breadcrumb\"},\"inLanguage\":\"de\",\"potentialAction\":[{\"@type\":\"ReadAction\",\"target\":[\"https:\/\/chemuza.org\/de\/fuhren\/\"]}]},{\"@type\":\"BreadcrumbList\",\"@id\":\"https:\/\/chemuza.org\/de\/fuhren\/#breadcrumb\",\"itemListElement\":[{\"@type\":\"ListItem\",\"position\":1,\"name\":\"Heim\",\"item\":\"https:\/\/chemuza.org\/de\/\"},{\"@type\":\"ListItem\",\"position\":2,\"name\":\"F\u00fchren\"}]},{\"@type\":\"WebSite\",\"@id\":\"https:\/\/chemuza.org\/de\/#website\",\"url\":\"https:\/\/chemuza.org\/de\/\",\"name\":\"Chemuza\",\"description\":\"Ihr Tor zur chemischen Entdeckung\",\"publisher\":{\"@id\":\"https:\/\/chemuza.org\/de\/#organization\"},\"potentialAction\":[{\"@type\":\"SearchAction\",\"target\":{\"@type\":\"EntryPoint\",\"urlTemplate\":\"https:\/\/chemuza.org\/de\/?s={search_term_string}\"},\"query-input\":\"required name=search_term_string\"}],\"inLanguage\":\"de\"},{\"@type\":\"Organization\",\"@id\":\"https:\/\/chemuza.org\/de\/#organization\",\"name\":\"Chemuza\",\"url\":\"https:\/\/chemuza.org\/de\/\",\"logo\":{\"@type\":\"ImageObject\",\"inLanguage\":\"de\",\"@id\":\"https:\/\/chemuza.org\/de\/#\/schema\/logo\/image\/\",\"url\":\"https:\/\/chemuza.org\/de\/wp-content\/uploads\/2023\/10\/chemuza-logo.png\",\"contentUrl\":\"https:\/\/chemuza.org\/de\/wp-content\/uploads\/2023\/10\/chemuza-logo.png\",\"width\":387,\"height\":70,\"caption\":\"Chemuza\"},\"image\":{\"@id\":\"https:\/\/chemuza.org\/de\/#\/schema\/logo\/image\/\"}}]}<\/script>\n<!-- \/ Yoast SEO plugin. -->","yoast_head_json":{"title":"Blei - Chemuza","robots":{"index":"index","follow":"follow","max-snippet":"max-snippet:-1","max-image-preview":"max-image-preview:large","max-video-preview":"max-video-preview:-1"},"canonical":"https:\/\/chemuza.org\/de\/fuhren\/","og_locale":"de_DE","og_type":"article","og_title":"Blei - Chemuza","og_description":"Dieses Metall kommt in der Umgebung der Erdkruste in Form von Bleisulfid und als Teil des Minerals Galenit vor, obwohl es in elementarem Zustand selten vorkommt. Dar\u00fcber hinaus kommt es zusammen mit anderen Mineralien wie Anglesit und Cerussit vor. Erfahren Sie alles \u00fcber dieses chemische Element, das in verschiedenen Industrien und bei menschlichen Aktivit\u00e4ten verwendet ... Mehr lesen","og_url":"https:\/\/chemuza.org\/de\/fuhren\/","og_site_name":"Chemuza","twitter_card":"summary_large_image","twitter_misc":{"Gesch\u00e4tzte Lesezeit":"3\u00a0Minuten"},"schema":{"@context":"https:\/\/schema.org","@graph":[{"@type":"WebPage","@id":"https:\/\/chemuza.org\/de\/fuhren\/","url":"https:\/\/chemuza.org\/de\/fuhren\/","name":"Blei - Chemuza","isPartOf":{"@id":"https:\/\/chemuza.org\/de\/#website"},"datePublished":"2023-10-25T13:51:29+00:00","dateModified":"2023-10-25T13:51:29+00:00","breadcrumb":{"@id":"https:\/\/chemuza.org\/de\/fuhren\/#breadcrumb"},"inLanguage":"de","potentialAction":[{"@type":"ReadAction","target":["https:\/\/chemuza.org\/de\/fuhren\/"]}]},{"@type":"BreadcrumbList","@id":"https:\/\/chemuza.org\/de\/fuhren\/#breadcrumb","itemListElement":[{"@type":"ListItem","position":1,"name":"Heim","item":"https:\/\/chemuza.org\/de\/"},{"@type":"ListItem","position":2,"name":"F\u00fchren"}]},{"@type":"WebSite","@id":"https:\/\/chemuza.org\/de\/#website","url":"https:\/\/chemuza.org\/de\/","name":"Chemuza","description":"Ihr Tor zur chemischen Entdeckung","publisher":{"@id":"https:\/\/chemuza.org\/de\/#organization"},"potentialAction":[{"@type":"SearchAction","target":{"@type":"EntryPoint","urlTemplate":"https:\/\/chemuza.org\/de\/?s={search_term_string}"},"query-input":"required name=search_term_string"}],"inLanguage":"de"},{"@type":"Organization","@id":"https:\/\/chemuza.org\/de\/#organization","name":"Chemuza","url":"https:\/\/chemuza.org\/de\/","logo":{"@type":"ImageObject","inLanguage":"de","@id":"https:\/\/chemuza.org\/de\/#\/schema\/logo\/image\/","url":"https:\/\/chemuza.org\/de\/wp-content\/uploads\/2023\/10\/chemuza-logo.png","contentUrl":"https:\/\/chemuza.org\/de\/wp-content\/uploads\/2023\/10\/chemuza-logo.png","width":387,"height":70,"caption":"Chemuza"},"image":{"@id":"https:\/\/chemuza.org\/de\/#\/schema\/logo\/image\/"}}]}},"yoast_meta":{"yoast_wpseo_title":"","yoast_wpseo_metadesc":"","yoast_wpseo_canonical":""},"_links":{"self":[{"href":"https:\/\/chemuza.org\/de\/wp-json\/wp\/v2\/pages\/1545","targetHints":{"allow":["GET"]}}],"collection":[{"href":"https:\/\/chemuza.org\/de\/wp-json\/wp\/v2\/pages"}],"about":[{"href":"https:\/\/chemuza.org\/de\/wp-json\/wp\/v2\/types\/page"}],"author":[{"embeddable":true,"href":"https:\/\/chemuza.org\/de\/wp-json\/wp\/v2\/users\/1"}],"replies":[{"embeddable":true,"href":"https:\/\/chemuza.org\/de\/wp-json\/wp\/v2\/comments?post=1545"}],"version-history":[{"count":1,"href":"https:\/\/chemuza.org\/de\/wp-json\/wp\/v2\/pages\/1545\/revisions"}],"predecessor-version":[{"id":1631,"href":"https:\/\/chemuza.org\/de\/wp-json\/wp\/v2\/pages\/1545\/revisions\/1631"}],"wp:attachment":[{"href":"https:\/\/chemuza.org\/de\/wp-json\/wp\/v2\/media?parent=1545"}],"curies":[{"name":"wp","href":"https:\/\/api.w.org\/{rel}","templated":true}]}}