{"id":1544,"date":"2023-07-14T00:59:46","date_gmt":"2023-07-14T00:59:46","guid":{"rendered":"https:\/\/chemuza.org\/de\/thallium\/"},"modified":"2023-07-14T00:59:46","modified_gmt":"2023-07-14T00:59:46","slug":"thallium","status":"publish","type":"page","link":"https:\/\/chemuza.org\/de\/thallium\/","title":{"rendered":"Thallium"},"content":{"rendered":"<p>In seinem nat\u00fcrlichen Zustand ist Thallium ein weiches, bl\u00e4ulich-wei\u00dfes Metall, das in winzigen Portionen in der Erdkruste verteilt ist. Es kommt allein oder in Kombination mit anderen Metallen in Legierungen vor. Dar\u00fcber hinaus verbindet es sich mit Chlor, Jod, Fluor und Brom zu farblosen Salzen. Erfahren Sie mehr \u00fcber die spannenden Funktionen und modernen Anwendungen.<\/p>\n<h2> <strong>Was ist Thallium?<\/strong><\/h2>\n<p> Es ist ein chemisches Element, das sich in der P-Block-Metallgruppe des Periodensystems befindet. Unter der Ordnungszahl 81 ist es ein weiches, graues und formbares Metall, das bei Kontakt mit Luft seine Farbe verliert. Es verbleibt jedoch in der Natur, da es nicht so leicht zerf\u00e4llt. Aufgrund seiner hohen Toxizit\u00e4t wird es au\u00dferdem zur Herstellung von Insektiziden und Rodentiziden verwendet.<\/p>\n<h3> <strong>Thallium-Symbol<\/strong><\/h3>\n<p> <span class=\"content-chemical-element\" style=\"float: left;width: 65px;height: 65px;border: 3px solid #666; display:flex;\n    justify-content: center;align-items: center;margin-right: 15px;\"><span style=\"font-size: 38px;\">Ti<\/span><\/span> Sein Name kommt vom griechischen Wort thallos, was Zweig oder gr\u00fcner Trieb bedeutet. Es erhielt diesen Namen, weil es in spektroskopischen Linien eine Art gr\u00fcnes Leuchten aussendet.<\/p>\n<h2> <strong>Eigenschaften von Thallium<\/strong><\/h2>\n<p> Das Element Thallium befindet sich in Gruppe 13, Block P des Periodensystems unter dem Symbol Ti. Es ist ein Schwermetall, das zwei chemische Zust\u00e4nde aufweist: Thallisch und Thallisch, die in nat\u00fcrlichen Verbindungen von Luft, Wasser und Boden sichtbar sind. Weitere Funktionen sind:<\/p>\n<ul>\n<li> <strong>Zustand<\/strong> : Schwerer Feststoff, wird aber bei hohen Temperaturen fl\u00fcssig.<\/li>\n<li> <strong>Farbe<\/strong> : Gl\u00e4nzendes metallisches Grau, das sich an der Luft in ein bl\u00e4uliches Grau verwandelt.<\/li>\n<li> <strong>Formbarkeit<\/strong> : Hoch, sehr weich, sodass es in d\u00fcnne Platten geschnitten werden kann.<\/li>\n<li> <strong>H\u00e4rte<\/strong> : Sie betr\u00e4gt 1,2 auf der Mohs-Skala.<\/li>\n<li> <strong>Geschmack und Geruch<\/strong> : Es ist geruchlos und weist keinen besonderen Geschmack auf. <strong>&nbsp;<\/strong><\/li>\n<li> <strong>Toxizit\u00e4t<\/strong> : Hoch, in hohen Dosen verursacht es beim Menschen Krebs.<\/li>\n<li> <strong>Reaktivit\u00e4t<\/strong> : Sehr reaktiv, oxidiert schnell an der Luft und reagiert mit Wasser unter Bildung von Hydroxid.<\/li>\n<li> <strong>Struktur<\/strong> : Sechseckig.<\/li>\n<li> <strong>Zusammensetzung<\/strong> : Bestehend aus 81 Elektronen und Protonen, 124 Neutronen.<\/li>\n<li> <strong>L\u00f6slichkeit<\/strong> : Es ist teilweise in Wasser und vollst\u00e4ndig in Schwefel-, Salpeter- und Salzs\u00e4ure l\u00f6slich.<\/li>\n<\/ul>\n<h2> <strong>Chemische und physikalische Eigenschaften von Thallium<\/strong><\/h2>\n<ol>\n<li> <strong>Ordnungszahl<\/strong> : 81<\/li>\n<li> <strong>Zeitraum<\/strong> : 6<\/li>\n<li> <strong>Blockieren<\/strong> \ud83d\ude1b<\/li>\n<li> <strong>Gruppe<\/strong> : 13<\/li>\n<li> <strong>Oxidationsstufe<\/strong> : 3.1<\/li>\n<li> <strong>Durchschnittlicher Radius:<\/strong> 190h<\/li>\n<li> <strong>Dichte:<\/strong> 11850 kg\/m3<\/li>\n<li> <strong>Schmelzpunkt:<\/strong> 304<strong> <\/strong>\u00b0C<\/li>\n<li> <strong>Atomradius:<\/strong> 170h<\/li>\n<li> <strong>Elektronegativit\u00e4t:<\/strong> 1,62<\/li>\n<li> <strong>Spezifische W\u00e4rme:<\/strong> 129 J \/ (K kg)<\/li>\n<li> <strong>Kovalenter Radius (\u00c5):<\/strong> 145,7 Uhr<\/li>\n<li> <strong>Elektronische Konfiguration:<\/strong> [Xe] 4f145d10 6s2 6p1<\/li>\n<li> <strong>Atommasse (g\/mol):<\/strong> 204,3833 u<\/li>\n<li> <strong>W\u00e4rmeleitf\u00e4higkeit:<\/strong> 46,1 W\/(Km)<\/li>\n<li> <strong>Elektrische Leitf\u00e4higkeit:<\/strong> 6,17 \u00b7 106 m<\/li>\n<li> <strong>Erstes Ionisationspotential<\/strong> (eV): 589,4<\/li>\n<li> <strong>Elektronen pro Schale:<\/strong> 2 8, 18, 32, 18, 3<\/li>\n<li> <strong>Siedepunkt:<\/strong> 1473\u00b0C<\/li>\n<\/ol>\n<h2> <strong>Herkunft von Thallium<\/strong><\/h2>\n<p> Das chemische Element Thallium wurde 1861 vom ber\u00fchmten Physiker Sir William Crookes entdeckt. Er war in England und f\u00fchrte Flammenspektroskopie-Experimente durch. Dann analysierte der Wissenschaftler Claude Auguste Lamy unabh\u00e4ngig ein Experiment mit Selen und hellgr\u00fcnen Linien, die sich im Spektrum bildeten. Er schloss daraus, dass es sich um ein anderes Element handelte, isolierte es und \u00fcberpr\u00fcfte seine chemischen Eigenschaften.<\/p>\n<h2> <strong>Wof\u00fcr wird Thallium verwendet?<\/strong><\/h2>\n<p> Eine fr\u00fche Verwendung von Thallium erfolgte zur Herstellung von Pestiziden und Giften gegen Sch\u00e4dlinge oder Ratten. Aufgrund seiner Toxizit\u00e4t wurde es in diesem Bereich jedoch nicht mehr verwendet. Dar\u00fcber hinaus wird es bei der Herstellung von Legierungen mit niedrigem Schmelzpunkt sowie beim Design von Glaslinsen und Dichtungen verwendet. Entdecken Sie weitere Anwendungen des Elements:<\/p>\n<h3> <strong>Optisch<\/strong><\/h3>\n<p> Thalliumiodid wird aufgrund seiner hohen Festigkeit und F\u00e4higkeit, lange Longitudinalwellen zu \u00fcbertragen, bei der Herstellung von Infrarotkristallen verwendet. Dar\u00fcber hinaus wird bei der Linsenherstellung Thalliumoxid verwendet, da es einen hohen Brechungsindex aufweist.<\/p>\n<h3> <strong>elektronisch<\/strong><\/h3>\n<p> Thalliumsulfid wird in Fotowiderstandsverbindungen oder elektronischen Bauteilen verwendet, die die Helligkeit anpassen. Dar\u00fcber hinaus werden seine Mischungen mit Seleniden als Bolometer zur Erkennung von Infrarotlichtern verwendet.<\/p>\n<h3> <strong>Medizin<\/strong><\/h3>\n<p> Dieses Element wird in der Szintigraphie oder in einem Verfahren zur Erkennung von Knochenfehlbildungen eingesetzt. In geringen Konzentrationen wird es in der Krebstherapie eingesetzt. Seine Salze werden sogar zur Behandlung von Hautkrankheiten und zur Minimierung des Schwitzens bei Tuberkulosepatienten eingesetzt.<\/p>\n<h3> <strong>Bereich, in dem Thallium 201 verwendet wird<\/strong><\/h3>\n<p> Thallium 201 ist ein radiopharmazeutisches Arzneimittel f\u00fcr diagnostische Zwecke. Bei der Behandlung werden lebenswichtige Organe wie das Herz und die Nebenschilddr\u00fcsen mit einer minimalen Radioaktivit\u00e4tsdosis bestrahlt und mit speziellen Kameras \u00fcberwacht. Das Ergebnis zeigt dann ein vollst\u00e4ndiges Bild des betreffenden Organs und lokalisiert die behandelten Tumore.<\/p>\n<p> Zusammenfassend l\u00e4sst sich sagen, dass dieses Metall \u00e4u\u00dferst giftig und reaktiv mit anderen Verbindungen ist. Es kommt in der Natur in geringer Konzentration und in seinem nat\u00fcrlichen Zustand vor. Dar\u00fcber hinaus ist es aufgrund seiner Kombination mit anderen Elementen in Bereichen wie Medizin, Optik und Elektronik sehr n\u00fctzlich.<\/p>\n<h2> <strong>Wie wird Thallium gewonnen?<\/strong><\/h2>\n<p> Es wird haupts\u00e4chlich aus kleinen Proben der Mineralien gewonnen, in denen es enthalten ist. Dar\u00fcber hinaus wird es als Nebenprodukt des Schwefels\u00e4uresektors durch den Schlamm von Bleilagerst\u00e4tten gewonnen, der mit Thalliumchlorid ausgef\u00e4llt wird. Anschlie\u00dfend wird die reine Probe durch Elektrolyse gewonnen.<\/p>\n","protected":false},"excerpt":{"rendered":"<p>In seinem nat\u00fcrlichen Zustand ist Thallium ein weiches, bl\u00e4ulich-wei\u00dfes Metall, das in winzigen Portionen in der Erdkruste verteilt ist. Es kommt allein oder in Kombination mit anderen Metallen in Legierungen vor. Dar\u00fcber hinaus verbindet es sich mit Chlor, Jod, Fluor und Brom zu farblosen Salzen. Erfahren Sie mehr \u00fcber die spannenden Funktionen und modernen Anwendungen. &#8230; <a title=\"Thallium\" class=\"read-more\" href=\"https:\/\/chemuza.org\/de\/thallium\/\" aria-label=\"Mehr zu Thallium\">Mehr lesen<\/a><\/p>\n","protected":false},"author":1,"featured_media":0,"parent":0,"menu_order":0,"comment_status":"closed","ping_status":"closed","template":"","meta":{"footnotes":""},"class_list":["post-1544","page","type-page","status-publish"],"yoast_head":"<!-- This site is optimized with the Yoast SEO plugin v21.4 - https:\/\/yoast.com\/wordpress\/plugins\/seo\/ -->\n<title>Thallium - Chemuza<\/title>\n<meta name=\"robots\" content=\"index, follow, max-snippet:-1, max-image-preview:large, max-video-preview:-1\" \/>\n<link rel=\"canonical\" href=\"https:\/\/chemuza.org\/de\/thallium\/\" \/>\n<meta property=\"og:locale\" content=\"de_DE\" \/>\n<meta property=\"og:type\" content=\"article\" \/>\n<meta property=\"og:title\" content=\"Thallium - Chemuza\" \/>\n<meta property=\"og:description\" content=\"In seinem nat\u00fcrlichen Zustand ist Thallium ein weiches, bl\u00e4ulich-wei\u00dfes Metall, das in winzigen Portionen in der Erdkruste verteilt ist. Es kommt allein oder in Kombination mit anderen Metallen in Legierungen vor. Dar\u00fcber hinaus verbindet es sich mit Chlor, Jod, Fluor und Brom zu farblosen Salzen. Erfahren Sie mehr \u00fcber die spannenden Funktionen und modernen Anwendungen. ... Mehr lesen\" \/>\n<meta property=\"og:url\" content=\"https:\/\/chemuza.org\/de\/thallium\/\" \/>\n<meta property=\"og:site_name\" content=\"Chemuza\" \/>\n<meta name=\"twitter:card\" content=\"summary_large_image\" \/>\n<meta name=\"twitter:label1\" content=\"Gesch\u00e4tzte Lesezeit\" \/>\n\t<meta name=\"twitter:data1\" content=\"4\u00a0Minuten\" \/>\n<script type=\"application\/ld+json\" class=\"yoast-schema-graph\">{\"@context\":\"https:\/\/schema.org\",\"@graph\":[{\"@type\":\"WebPage\",\"@id\":\"https:\/\/chemuza.org\/de\/thallium\/\",\"url\":\"https:\/\/chemuza.org\/de\/thallium\/\",\"name\":\"Thallium - Chemuza\",\"isPartOf\":{\"@id\":\"https:\/\/chemuza.org\/de\/#website\"},\"datePublished\":\"2023-07-14T00:59:46+00:00\",\"dateModified\":\"2023-07-14T00:59:46+00:00\",\"breadcrumb\":{\"@id\":\"https:\/\/chemuza.org\/de\/thallium\/#breadcrumb\"},\"inLanguage\":\"de\",\"potentialAction\":[{\"@type\":\"ReadAction\",\"target\":[\"https:\/\/chemuza.org\/de\/thallium\/\"]}]},{\"@type\":\"BreadcrumbList\",\"@id\":\"https:\/\/chemuza.org\/de\/thallium\/#breadcrumb\",\"itemListElement\":[{\"@type\":\"ListItem\",\"position\":1,\"name\":\"Heim\",\"item\":\"https:\/\/chemuza.org\/de\/\"},{\"@type\":\"ListItem\",\"position\":2,\"name\":\"Thallium\"}]},{\"@type\":\"WebSite\",\"@id\":\"https:\/\/chemuza.org\/de\/#website\",\"url\":\"https:\/\/chemuza.org\/de\/\",\"name\":\"Chemuza\",\"description\":\"Ihr Tor zur chemischen Entdeckung\",\"publisher\":{\"@id\":\"https:\/\/chemuza.org\/de\/#organization\"},\"potentialAction\":[{\"@type\":\"SearchAction\",\"target\":{\"@type\":\"EntryPoint\",\"urlTemplate\":\"https:\/\/chemuza.org\/de\/?s={search_term_string}\"},\"query-input\":\"required name=search_term_string\"}],\"inLanguage\":\"de\"},{\"@type\":\"Organization\",\"@id\":\"https:\/\/chemuza.org\/de\/#organization\",\"name\":\"Chemuza\",\"url\":\"https:\/\/chemuza.org\/de\/\",\"logo\":{\"@type\":\"ImageObject\",\"inLanguage\":\"de\",\"@id\":\"https:\/\/chemuza.org\/de\/#\/schema\/logo\/image\/\",\"url\":\"https:\/\/chemuza.org\/de\/wp-content\/uploads\/2023\/10\/chemuza-logo.png\",\"contentUrl\":\"https:\/\/chemuza.org\/de\/wp-content\/uploads\/2023\/10\/chemuza-logo.png\",\"width\":387,\"height\":70,\"caption\":\"Chemuza\"},\"image\":{\"@id\":\"https:\/\/chemuza.org\/de\/#\/schema\/logo\/image\/\"}}]}<\/script>\n<!-- \/ Yoast SEO plugin. -->","yoast_head_json":{"title":"Thallium - Chemuza","robots":{"index":"index","follow":"follow","max-snippet":"max-snippet:-1","max-image-preview":"max-image-preview:large","max-video-preview":"max-video-preview:-1"},"canonical":"https:\/\/chemuza.org\/de\/thallium\/","og_locale":"de_DE","og_type":"article","og_title":"Thallium - Chemuza","og_description":"In seinem nat\u00fcrlichen Zustand ist Thallium ein weiches, bl\u00e4ulich-wei\u00dfes Metall, das in winzigen Portionen in der Erdkruste verteilt ist. Es kommt allein oder in Kombination mit anderen Metallen in Legierungen vor. Dar\u00fcber hinaus verbindet es sich mit Chlor, Jod, Fluor und Brom zu farblosen Salzen. Erfahren Sie mehr \u00fcber die spannenden Funktionen und modernen Anwendungen. ... Mehr lesen","og_url":"https:\/\/chemuza.org\/de\/thallium\/","og_site_name":"Chemuza","twitter_card":"summary_large_image","twitter_misc":{"Gesch\u00e4tzte Lesezeit":"4\u00a0Minuten"},"schema":{"@context":"https:\/\/schema.org","@graph":[{"@type":"WebPage","@id":"https:\/\/chemuza.org\/de\/thallium\/","url":"https:\/\/chemuza.org\/de\/thallium\/","name":"Thallium - Chemuza","isPartOf":{"@id":"https:\/\/chemuza.org\/de\/#website"},"datePublished":"2023-07-14T00:59:46+00:00","dateModified":"2023-07-14T00:59:46+00:00","breadcrumb":{"@id":"https:\/\/chemuza.org\/de\/thallium\/#breadcrumb"},"inLanguage":"de","potentialAction":[{"@type":"ReadAction","target":["https:\/\/chemuza.org\/de\/thallium\/"]}]},{"@type":"BreadcrumbList","@id":"https:\/\/chemuza.org\/de\/thallium\/#breadcrumb","itemListElement":[{"@type":"ListItem","position":1,"name":"Heim","item":"https:\/\/chemuza.org\/de\/"},{"@type":"ListItem","position":2,"name":"Thallium"}]},{"@type":"WebSite","@id":"https:\/\/chemuza.org\/de\/#website","url":"https:\/\/chemuza.org\/de\/","name":"Chemuza","description":"Ihr Tor zur chemischen Entdeckung","publisher":{"@id":"https:\/\/chemuza.org\/de\/#organization"},"potentialAction":[{"@type":"SearchAction","target":{"@type":"EntryPoint","urlTemplate":"https:\/\/chemuza.org\/de\/?s={search_term_string}"},"query-input":"required name=search_term_string"}],"inLanguage":"de"},{"@type":"Organization","@id":"https:\/\/chemuza.org\/de\/#organization","name":"Chemuza","url":"https:\/\/chemuza.org\/de\/","logo":{"@type":"ImageObject","inLanguage":"de","@id":"https:\/\/chemuza.org\/de\/#\/schema\/logo\/image\/","url":"https:\/\/chemuza.org\/de\/wp-content\/uploads\/2023\/10\/chemuza-logo.png","contentUrl":"https:\/\/chemuza.org\/de\/wp-content\/uploads\/2023\/10\/chemuza-logo.png","width":387,"height":70,"caption":"Chemuza"},"image":{"@id":"https:\/\/chemuza.org\/de\/#\/schema\/logo\/image\/"}}]}},"yoast_meta":{"yoast_wpseo_title":"","yoast_wpseo_metadesc":"","yoast_wpseo_canonical":""},"_links":{"self":[{"href":"https:\/\/chemuza.org\/de\/wp-json\/wp\/v2\/pages\/1544","targetHints":{"allow":["GET"]}}],"collection":[{"href":"https:\/\/chemuza.org\/de\/wp-json\/wp\/v2\/pages"}],"about":[{"href":"https:\/\/chemuza.org\/de\/wp-json\/wp\/v2\/types\/page"}],"author":[{"embeddable":true,"href":"https:\/\/chemuza.org\/de\/wp-json\/wp\/v2\/users\/1"}],"replies":[{"embeddable":true,"href":"https:\/\/chemuza.org\/de\/wp-json\/wp\/v2\/comments?post=1544"}],"version-history":[{"count":0,"href":"https:\/\/chemuza.org\/de\/wp-json\/wp\/v2\/pages\/1544\/revisions"}],"wp:attachment":[{"href":"https:\/\/chemuza.org\/de\/wp-json\/wp\/v2\/media?parent=1544"}],"curies":[{"name":"wp","href":"https:\/\/api.w.org\/{rel}","templated":true}]}}