{"id":1542,"date":"2023-10-25T13:51:06","date_gmt":"2023-10-25T13:51:06","guid":{"rendered":"https:\/\/chemuza.org\/de\/lutetium\/"},"modified":"2023-10-25T13:51:06","modified_gmt":"2023-10-25T13:51:06","slug":"lutetium","status":"publish","type":"page","link":"https:\/\/chemuza.org\/de\/lutetium\/","title":{"rendered":"Lutetium"},"content":{"rendered":"<p>Das chemische Element mit dem Symbol Lu gilt als seltenes Metall aus der Gruppe der Lanthaniden. Es wurde verwendet, um das Alter von Meteoroiden zu bestimmen. Dar\u00fcber hinaus ist Lutetium von grundlegender Bedeutung f\u00fcr die Erforschung des Magnetismus, da es eines der schwersten und am komplexesten zu isolierenden Elemente ist. In diesem Abschnitt erfahren Sie mehr \u00fcber den Ursprung, seine Eigenschaften und den Nutzen dieser Komponente.<\/p>\n<h2> <strong>Was ist Lutetium?<\/strong><\/h2>\n<p> Es handelt sich um ein dreiwertiges metallisches Element, das im Periodensystem die Position 71 einnimmt. Dar\u00fcber hinaus wurde festgestellt, dass es unter den Seltenen Erden das schwerste und widerstandsf\u00e4higste ist.<\/p>\n<h3> <strong>Lutetium-Symbol<\/strong><\/h3>\n<p> <span class=\"content-chemical-element\" style=\"float: left;width: 65px;height: 65px;border: 3px solid #666; display:flex;\n    justify-content: center;align-items: center;margin-right: 15px;\"><span style=\"font-size: 38px;\">Lu<\/span><\/span> Seine Symbologie geht auf das Wort Luttetia zur\u00fcck, dessen Titel der erste war, der der Stadt, die heute als Paris bekannt ist, verliehen wurde. Ort, an dem das Metalloid um 1907 von Georges Urbain entdeckt und identifiziert wurde.<\/p>\n<h2> <strong>Eigenschaften von Lutetium<\/strong><\/h2>\n<p> Obwohl es neben den D-Block-Komponenten positioniert ist, geh\u00f6rt es zu den Elementen, die als Lanthanoide klassifiziert werden. Aufgrund seiner ungew\u00f6hnlichen und vielf\u00e4ltigen Eigenschaften hat es sich als komplexe Verbindung erwiesen, die zu zwei verschiedenen Gruppen geh\u00f6ren kann. Seine Eigenschaften lassen sich wie folgt zusammenfassen:<\/p>\n<ul>\n<li> <strong>Zustand:<\/strong> Es handelt sich um ein massives Metall mit hoher Dichte und H\u00e4rte.<\/li>\n<li> <strong>Farbe:<\/strong> Grauton mit silbrigen Bereichen.<\/li>\n<li> <strong>L\u00f6slichkeit:<\/strong> Erzeugt eine Vielzahl von Salzen, von denen einige l\u00f6slich sind, andere sich nicht aufl\u00f6sen.<\/li>\n<li> <strong>Toxizit\u00e4t:<\/strong> Es hat ein geringes toxisches Ausma\u00df. Es sind die dabei entstehenden Verbindungen, die mit gr\u00f6\u00dfter Sorgfalt behandelt werden. Beispielsweise k\u00f6nnen seine l\u00f6slichen Salze gef\u00e4hrlich werden.<\/li>\n<li> <strong>Reaktivit\u00e4t:<\/strong> Da es sich um ein verschlei\u00dffestes Metall handelt, reagiert es h\u00e4ufig extrem langsam mit Luft oder H\u2082O und S\u00e4uren.<\/li>\n<li> <strong>Radioaktivit\u00e4t:<\/strong> In seinem nat\u00fcrlichen Zustand besteht es aus einem einzigen stabilen Isotop, die restlichen 33 Verbindungen, sogenannte Radioisotope, sind radioaktiv.<\/li>\n<li> <strong>Struktur:<\/strong> Seine Kristallkonformation ist hexagonal. <strong>&nbsp;<\/strong><\/li>\n<li> <strong>Zusammensetzung:<\/strong> Auf atomarer Ebene besteht es aus 71 Elektronen und Protonen.<\/li>\n<\/ul>\n<h2> <strong>Chemische und physikalische Eigenschaften von Lutetium<\/strong><\/h2>\n<ol>\n<li> <strong>Ordnungszahl<\/strong> : 71<\/li>\n<li> <strong>Zeitraum<\/strong> : 6<\/li>\n<li> <strong>Block<\/strong> : D<\/li>\n<li> <strong>Gruppe<\/strong> : 3<\/li>\n<li> <strong>Kovalenter Radius (\u00c5):<\/strong> 13:60 Uhr<\/li>\n<li> <strong>Atommasse (g\/mol):<\/strong> 174,97<\/li>\n<li> <strong>Dichte:<\/strong> 9841 kg\/m\u00b3<\/li>\n<li> <strong>Siedepunkt:<\/strong> 3327\u00b0C<\/li>\n<li> <strong>Schmelzpunkt:<\/strong> 1652\u00b0C<\/li>\n<li> <strong>Atomradius:<\/strong> 217 Uhr<\/li>\n<li> <strong>Durchschnittlicher Radius:<\/strong> 175h<\/li>\n<li> <strong>Spezifische W\u00e4rme:<\/strong> 150 J\/ (K kg)<\/li>\n<li> <strong>Elektronen pro Schicht:<\/strong> 2, 8, 18, 32, 9, 2<\/li>\n<li> <strong>Erstes Ionisationspotential eV:<\/strong> 5,02<\/li>\n<li> <strong>Elektronische Konfiguration:<\/strong> [Xe]4f <sup>14<\/sup> 5d <sup>1<\/sup> 6s <sup>2<\/sup><\/li>\n<li> <strong>W\u00e4rmeleitf\u00e4higkeit:<\/strong> 16,4 W\/(K\u2022m)<\/li>\n<li> <strong>Elektrische Leitf\u00e4higkeit:<\/strong> 1,85 \u00b7 106 S\/m<\/li>\n<li> <strong>Elektronegativit\u00e4t:<\/strong> 1, 2<\/li>\n<li> <strong>Oxidationsstufe:<\/strong> +3<\/li>\n<li> <strong>Oxid:<\/strong> schwache Base<\/li>\n<\/ol>\n<h2> <strong>Ursprung von Lutetium<\/strong><\/h2>\n<p> Es wurde gleichzeitig, aber unabh\u00e4ngig voneinander vom Mineralographen Carl Auer, dem Amerikaner Charles James und dem bedeutendsten Georges Urbain entdeckt. Dieses Wissenschaftlertrio wurde mit der Untersuchung der Verunreinigungen des in Schweden gefundenen Metalls Ytterbium beauftragt.<\/p>\n<p> Durch alle Studien wurde das neue Element gewonnen und man kam zu dem Schluss, dass die legitime Entdeckung Georges Urbain zugeschrieben werden sollte. Vor allem, weil die Ver\u00f6ffentlichung von hoher Qualit\u00e4t und die Erstauslieferung war. So hatte dieser Chemiker die Gelegenheit, den Bestandteil Lutetium zu nennen, zu Ehren des antiken Namens der sch\u00f6nen Stadt, die heute Paris hei\u00dft.<\/p>\n<h2> <strong>Wof\u00fcr wird Lutetium verwendet?<\/strong><\/h2>\n<p> Der Einsatz von Lutetium im kommerziellen Umfeld ist begrenzt, in einigen Bereichen hat es sich jedoch als \u00e4u\u00dferst vorteilhaft erwiesen. Es wird beispielsweise in verschiedenen reaktiven chemischen Prozessen eingesetzt, darunter Polymerisation und Hydrierung. Weil seine stabilen Nuklide bei Bestrahlung eine reine Betastrahlungs- oder Emissionsquelle erzeugen.<\/p>\n<p> Dar\u00fcber hinaus wird es von Raffinerien als wirksamer Katalysator f\u00fcr das \u00d6lcracken verwendet. Noch heute werden seine Radioisotope untersucht, um ihren Nutzen in der Nuklearmedizin zu testen.<\/p>\n<h2> <strong>Wo kommt Lutetium vor?<\/strong><\/h2>\n<p> Es handelt sich um die am wenigsten vorkommende Metallverbindung in der Umwelt, der \u00fcbliche Zustand, in dem es in der Natur vorkommt, ist fest. Das Haupterz, aus dem die Verbindung gewonnen wird, ist das Gestein Monzonit, aus dem im Allgemeinen bis zu 0,003 % Lutetium gewonnen werden.<\/p>\n<h2> <strong>Wie wird Lutetium gewonnen?<\/strong><\/h2>\n<p> Es gilt als das am schwierigsten zu isolierende Metall aus der Lanthanoidgruppe. Die gebr\u00e4uchlichste Methode zur Gewinnung ist die Reduktion von wasserfreiem Trifluorid oder Lutetiumtrichlorid in Kombination mit einem Erdalkali- oder Alkalimetall. Allerdings konnte dieses reine Pr\u00e4parat aufgrund seiner gro\u00dfen Komplexit\u00e4t erst Ende des 20. Jahrhunderts hergestellt werden.<\/p>\n<p> Zusammenfassend l\u00e4sst sich sagen, dass Lutetium ein sehr seltenes Metall ist, das in der Natur schwer zu finden und sehr komplex zu gewinnen ist. Es zeichnet sich durch seine h\u00f6chste Dichte aus und kommt im Allgemeinen in Monzonitgestein vor. Dar\u00fcber hinaus wird es in verschiedenen chemischen Prozessen und als Katalysator in Raffinerien eingesetzt.<\/p>\n","protected":false},"excerpt":{"rendered":"<p>Das chemische Element mit dem Symbol Lu gilt als seltenes Metall aus der Gruppe der Lanthaniden. Es wurde verwendet, um das Alter von Meteoroiden zu bestimmen. Dar\u00fcber hinaus ist Lutetium von grundlegender Bedeutung f\u00fcr die Erforschung des Magnetismus, da es eines der schwersten und am komplexesten zu isolierenden Elemente ist. In diesem Abschnitt erfahren Sie &#8230; <a title=\"Lutetium\" class=\"read-more\" href=\"https:\/\/chemuza.org\/de\/lutetium\/\" aria-label=\"Mehr zu Lutetium\">Mehr lesen<\/a><\/p>\n","protected":false},"author":1,"featured_media":0,"parent":0,"menu_order":0,"comment_status":"closed","ping_status":"closed","template":"","meta":{"footnotes":""},"class_list":["post-1542","page","type-page","status-publish"],"yoast_head":"<!-- This site is optimized with the Yoast SEO plugin v21.4 - https:\/\/yoast.com\/wordpress\/plugins\/seo\/ -->\n<title>Lutetium - Chemuza<\/title>\n<meta name=\"robots\" content=\"index, follow, max-snippet:-1, max-image-preview:large, max-video-preview:-1\" \/>\n<link rel=\"canonical\" href=\"https:\/\/chemuza.org\/de\/lutetium\/\" \/>\n<meta property=\"og:locale\" content=\"de_DE\" \/>\n<meta property=\"og:type\" content=\"article\" \/>\n<meta property=\"og:title\" content=\"Lutetium - Chemuza\" \/>\n<meta property=\"og:description\" content=\"Das chemische Element mit dem Symbol Lu gilt als seltenes Metall aus der Gruppe der Lanthaniden. Es wurde verwendet, um das Alter von Meteoroiden zu bestimmen. Dar\u00fcber hinaus ist Lutetium von grundlegender Bedeutung f\u00fcr die Erforschung des Magnetismus, da es eines der schwersten und am komplexesten zu isolierenden Elemente ist. In diesem Abschnitt erfahren Sie ... Mehr lesen\" \/>\n<meta property=\"og:url\" content=\"https:\/\/chemuza.org\/de\/lutetium\/\" \/>\n<meta property=\"og:site_name\" content=\"Chemuza\" \/>\n<meta name=\"twitter:card\" content=\"summary_large_image\" \/>\n<meta name=\"twitter:label1\" content=\"Gesch\u00e4tzte Lesezeit\" \/>\n\t<meta name=\"twitter:data1\" content=\"4\u00a0Minuten\" \/>\n<script type=\"application\/ld+json\" class=\"yoast-schema-graph\">{\"@context\":\"https:\/\/schema.org\",\"@graph\":[{\"@type\":\"WebPage\",\"@id\":\"https:\/\/chemuza.org\/de\/lutetium\/\",\"url\":\"https:\/\/chemuza.org\/de\/lutetium\/\",\"name\":\"Lutetium - Chemuza\",\"isPartOf\":{\"@id\":\"https:\/\/chemuza.org\/de\/#website\"},\"datePublished\":\"2023-10-25T13:51:06+00:00\",\"dateModified\":\"2023-10-25T13:51:06+00:00\",\"breadcrumb\":{\"@id\":\"https:\/\/chemuza.org\/de\/lutetium\/#breadcrumb\"},\"inLanguage\":\"de\",\"potentialAction\":[{\"@type\":\"ReadAction\",\"target\":[\"https:\/\/chemuza.org\/de\/lutetium\/\"]}]},{\"@type\":\"BreadcrumbList\",\"@id\":\"https:\/\/chemuza.org\/de\/lutetium\/#breadcrumb\",\"itemListElement\":[{\"@type\":\"ListItem\",\"position\":1,\"name\":\"Heim\",\"item\":\"https:\/\/chemuza.org\/de\/\"},{\"@type\":\"ListItem\",\"position\":2,\"name\":\"Lutetium\"}]},{\"@type\":\"WebSite\",\"@id\":\"https:\/\/chemuza.org\/de\/#website\",\"url\":\"https:\/\/chemuza.org\/de\/\",\"name\":\"Chemuza\",\"description\":\"Ihr Tor zur chemischen Entdeckung\",\"publisher\":{\"@id\":\"https:\/\/chemuza.org\/de\/#organization\"},\"potentialAction\":[{\"@type\":\"SearchAction\",\"target\":{\"@type\":\"EntryPoint\",\"urlTemplate\":\"https:\/\/chemuza.org\/de\/?s={search_term_string}\"},\"query-input\":\"required name=search_term_string\"}],\"inLanguage\":\"de\"},{\"@type\":\"Organization\",\"@id\":\"https:\/\/chemuza.org\/de\/#organization\",\"name\":\"Chemuza\",\"url\":\"https:\/\/chemuza.org\/de\/\",\"logo\":{\"@type\":\"ImageObject\",\"inLanguage\":\"de\",\"@id\":\"https:\/\/chemuza.org\/de\/#\/schema\/logo\/image\/\",\"url\":\"https:\/\/chemuza.org\/de\/wp-content\/uploads\/2023\/10\/chemuza-logo.png\",\"contentUrl\":\"https:\/\/chemuza.org\/de\/wp-content\/uploads\/2023\/10\/chemuza-logo.png\",\"width\":387,\"height\":70,\"caption\":\"Chemuza\"},\"image\":{\"@id\":\"https:\/\/chemuza.org\/de\/#\/schema\/logo\/image\/\"}}]}<\/script>\n<!-- \/ Yoast SEO plugin. -->","yoast_head_json":{"title":"Lutetium - Chemuza","robots":{"index":"index","follow":"follow","max-snippet":"max-snippet:-1","max-image-preview":"max-image-preview:large","max-video-preview":"max-video-preview:-1"},"canonical":"https:\/\/chemuza.org\/de\/lutetium\/","og_locale":"de_DE","og_type":"article","og_title":"Lutetium - Chemuza","og_description":"Das chemische Element mit dem Symbol Lu gilt als seltenes Metall aus der Gruppe der Lanthaniden. Es wurde verwendet, um das Alter von Meteoroiden zu bestimmen. Dar\u00fcber hinaus ist Lutetium von grundlegender Bedeutung f\u00fcr die Erforschung des Magnetismus, da es eines der schwersten und am komplexesten zu isolierenden Elemente ist. In diesem Abschnitt erfahren Sie ... Mehr lesen","og_url":"https:\/\/chemuza.org\/de\/lutetium\/","og_site_name":"Chemuza","twitter_card":"summary_large_image","twitter_misc":{"Gesch\u00e4tzte Lesezeit":"4\u00a0Minuten"},"schema":{"@context":"https:\/\/schema.org","@graph":[{"@type":"WebPage","@id":"https:\/\/chemuza.org\/de\/lutetium\/","url":"https:\/\/chemuza.org\/de\/lutetium\/","name":"Lutetium - Chemuza","isPartOf":{"@id":"https:\/\/chemuza.org\/de\/#website"},"datePublished":"2023-10-25T13:51:06+00:00","dateModified":"2023-10-25T13:51:06+00:00","breadcrumb":{"@id":"https:\/\/chemuza.org\/de\/lutetium\/#breadcrumb"},"inLanguage":"de","potentialAction":[{"@type":"ReadAction","target":["https:\/\/chemuza.org\/de\/lutetium\/"]}]},{"@type":"BreadcrumbList","@id":"https:\/\/chemuza.org\/de\/lutetium\/#breadcrumb","itemListElement":[{"@type":"ListItem","position":1,"name":"Heim","item":"https:\/\/chemuza.org\/de\/"},{"@type":"ListItem","position":2,"name":"Lutetium"}]},{"@type":"WebSite","@id":"https:\/\/chemuza.org\/de\/#website","url":"https:\/\/chemuza.org\/de\/","name":"Chemuza","description":"Ihr Tor zur chemischen Entdeckung","publisher":{"@id":"https:\/\/chemuza.org\/de\/#organization"},"potentialAction":[{"@type":"SearchAction","target":{"@type":"EntryPoint","urlTemplate":"https:\/\/chemuza.org\/de\/?s={search_term_string}"},"query-input":"required name=search_term_string"}],"inLanguage":"de"},{"@type":"Organization","@id":"https:\/\/chemuza.org\/de\/#organization","name":"Chemuza","url":"https:\/\/chemuza.org\/de\/","logo":{"@type":"ImageObject","inLanguage":"de","@id":"https:\/\/chemuza.org\/de\/#\/schema\/logo\/image\/","url":"https:\/\/chemuza.org\/de\/wp-content\/uploads\/2023\/10\/chemuza-logo.png","contentUrl":"https:\/\/chemuza.org\/de\/wp-content\/uploads\/2023\/10\/chemuza-logo.png","width":387,"height":70,"caption":"Chemuza"},"image":{"@id":"https:\/\/chemuza.org\/de\/#\/schema\/logo\/image\/"}}]}},"yoast_meta":{"yoast_wpseo_title":"","yoast_wpseo_metadesc":"","yoast_wpseo_canonical":""},"_links":{"self":[{"href":"https:\/\/chemuza.org\/de\/wp-json\/wp\/v2\/pages\/1542","targetHints":{"allow":["GET"]}}],"collection":[{"href":"https:\/\/chemuza.org\/de\/wp-json\/wp\/v2\/pages"}],"about":[{"href":"https:\/\/chemuza.org\/de\/wp-json\/wp\/v2\/types\/page"}],"author":[{"embeddable":true,"href":"https:\/\/chemuza.org\/de\/wp-json\/wp\/v2\/users\/1"}],"replies":[{"embeddable":true,"href":"https:\/\/chemuza.org\/de\/wp-json\/wp\/v2\/comments?post=1542"}],"version-history":[{"count":1,"href":"https:\/\/chemuza.org\/de\/wp-json\/wp\/v2\/pages\/1542\/revisions"}],"predecessor-version":[{"id":1651,"href":"https:\/\/chemuza.org\/de\/wp-json\/wp\/v2\/pages\/1542\/revisions\/1651"}],"wp:attachment":[{"href":"https:\/\/chemuza.org\/de\/wp-json\/wp\/v2\/media?parent=1542"}],"curies":[{"name":"wp","href":"https:\/\/api.w.org\/{rel}","templated":true}]}}