{"id":1539,"date":"2023-07-14T02:55:09","date_gmt":"2023-07-14T02:55:09","guid":{"rendered":"https:\/\/chemuza.org\/de\/holmium\/"},"modified":"2023-07-14T02:55:09","modified_gmt":"2023-07-14T02:55:09","slug":"holmium","status":"publish","type":"page","link":"https:\/\/chemuza.org\/de\/holmium\/","title":{"rendered":"Holmium"},"content":{"rendered":"<p>Diese Verbindung, die zur Gruppe der sogenannten Seltenen Erden geh\u00f6rt, kommt in geringen Mengen nur in Mineralien wie Monazit und Gadolinit vor. Es wird h\u00e4ufig bei der Herstellung verschiedener elektronischer Ger\u00e4te verwendet. Dar\u00fcber hinaus verf\u00fcgt es \u00fcber ganz spezifische chemische und physikalische Eigenschaften.<\/p>\n<h2> <strong>Was ist Holmium?<\/strong><\/h2>\n<p> Es handelt sich um ein Metalloid aus der Gruppe der Lanthanoide, die im Allgemeinen in Form von Oxiden vorkommen. Es ist formbar, weich und hat einen silbergrauen Farbton. Dar\u00fcber hinaus stellt es aufgrund seiner geringen Toxizit\u00e4t keine gro\u00dfe Gefahr f\u00fcr Lebewesen dar.<\/p>\n<h3> <strong>Holmium-Symbol<\/strong><\/h3>\n<p> <span class=\"content-chemical-element\" style=\"float: left;width: 65px;height: 65px;border: 3px solid #666; display:flex;\n    justify-content: center;align-items: center;margin-right: 15px;\"><span style=\"font-size: 38px;\">Ho<\/span><\/span> Benannt nach der Ableitung des lateinischen Namens Holmia, auf Spanisch als Stockholm bekannt, der Hauptstadt, in der die chemische Verbindung 1878 offiziell entdeckt wurde.<\/p>\n<h2> <strong>Eigenschaften von Holmium<\/strong><\/h2>\n<p> Es ist ein paramagnetisches Element, das auf Temperatur\u00e4nderungen reagiert und zun\u00e4chst antiferromagnetisch und dann ferromagnetisch wird. Dar\u00fcber hinaus verf\u00fcgt es \u00fcber folgende Funktionen:<\/p>\n<ul>\n<li> <strong>Zustand:<\/strong> In seiner gew\u00f6hnlichen Form ist es fest, duktil und formbar.<\/li>\n<li> <strong>Farbe:<\/strong> Aussehen eines gl\u00e4nzenden Silbertons.<\/li>\n<li> <strong>L\u00f6slichkeit:<\/strong> Es ist in S\u00e4uren l\u00f6slich.<\/li>\n<li> <strong>Toxizit\u00e4t:<\/strong> Es ist nicht sch\u00e4dlich, wenn es nicht regelm\u00e4\u00dfig und in gro\u00dfen Mengen ausgesetzt oder gehandhabt wird.<\/li>\n<li> <strong>Reaktivit\u00e4t:<\/strong> Es bleibt in trockenem Klima stabil, im Gegenteil, es erweist sich als reaktiv, wenn das Wetter feuchter wird oder die Temperaturen hoch sind.<\/li>\n<li> <strong>Radioaktivit\u00e4t:<\/strong> Nat\u00fcrliches Holmium selbst ist nicht radioaktiv; im Gegenteil, einige seiner bekannten Isotope sind es.<\/li>\n<li> <strong>Struktur:<\/strong> Kristallin, sechseckig und kompakt.<\/li>\n<li> <strong>Zusammensetzung:<\/strong> Enth\u00e4lt 67 Protonen und Elektronen.<\/li>\n<\/ul>\n<h2> <strong>Chemische und physikalische Eigenschaften von Holmium<\/strong><\/h2>\n<ol>\n<li> <strong>Ordnungszahl:<\/strong> 67<\/li>\n<li> <strong>Zeitraum:<\/strong> 6<\/li>\n<li> <strong>Block:<\/strong> F<\/li>\n<li> <strong>Gruppe:<\/strong> Lanthanide<\/li>\n<li> <strong>Kovalenter Radius (\u00c5):<\/strong> 1,58 Uhr<\/li>\n<li> <strong>Dichte:<\/strong> 8800 kg\/ <sup>m3<\/sup><\/li>\n<li> <strong>Siedepunkt:<\/strong> 2600 \u00b0C<\/li>\n<li> <strong>Schmelzpunkt:<\/strong> 1461 \u00b0C<\/li>\n<li> <strong>Atomradius:<\/strong> 13:76 Uhr<\/li>\n<li> <strong>Ionenradius (\u00c5):<\/strong> 0,96 Uhr<\/li>\n<li> <strong>Durchschnittlicher Radius:<\/strong> 247h<\/li>\n<li> <strong>Elektronegativit\u00e4t:<\/strong> 1,2<\/li>\n<li> <strong>Elektronische Konfiguration:<\/strong> [Xe]4f115d06s2<\/li>\n<li> <strong>Atommasse (g\/mol):<\/strong> 164.930 u<\/li>\n<li> <strong>W\u00e4rmeleitf\u00e4higkeit:<\/strong> 16,2 W \/ (K\u00b7m)<\/li>\n<li> <strong>Elektrische Leitf\u00e4higkeit:<\/strong> 1,24 S\/m<\/li>\n<li> <strong>Elektronen pro Schicht:<\/strong> 2, 8, 18, 29, 8, 2<\/li>\n<li> <strong>Oxidationsstufe:<\/strong> +3<\/li>\n<li> <strong>Oxid:<\/strong> Basisch<\/li>\n<li> <strong>Spezifische W\u00e4rme:<\/strong> 160 J \/ (K kg)<\/li>\n<\/ol>\n<h2> <strong>Herkunft von Holmium<\/strong><\/h2>\n<p> M. Delafontaine und JL Soret waren die ersten beiden Menschen, die die einzigartigen spektrografischen Absorptionsbanden dieses Metalls sichtbar machten. Sp\u00e4ter, noch im Jahr 1878, entdeckte Per Teodor Cleve zuf\u00e4llig Holmium, w\u00e4hrend er gleichzeitig mit Erbiumoxid arbeitete.<\/p>\n<p> Tats\u00e4chlich gelingt dies diesem schwedischen Chemiker dank der von Carl Mosander erfundenen Methode. So erh\u00e4lt er zwei Komponenten, von denen eine braun ist und die er Holmia nennt, den lateinischen Namen der Hauptstadt seines Landes. Auf diese Weise ist er der erste Mensch, der das Metalloid unabh\u00e4ngig identifiziert.<\/p>\n<h2> <strong>Wof\u00fcr wird Holmium verwendet?<\/strong><\/h2>\n<p> Es wurde in begrenztem Umfang in chemischen Reaktionen auf industrieller Ebene eingesetzt. Es wird bei der Herstellung von Leuchtstofflampen oder -birnen, Fernsehger\u00e4ten und anderen elektronischen Ger\u00e4ten verwendet und eignet sich auch zum Polieren von Glas. Besonders gesch\u00e4tzt wird er f\u00fcr seinen Beitrag zur Medizin, wo der Holmium-Laser zum Einsatz kommt. Instrument zur Durchf\u00fchrung von Prostatektomien, zur Behandlung von Glaukom und auch zur Reparatur fehlgeschlagener Operationen bei dieser Krankheit. Auch zur Behandlung von Anomalien im Zusammenhang mit dem Augendruck.<\/p>\n<p> Trotzdem handelt es sich um ein Metalloid mit geringer Produktion, da seine Verwendung im kommerziellen Bereich selten ist. Es entstehen keine au\u00dfergew\u00f6hnlichen Verbindungen, daher besteht eine erhebliche Nachfrage. Aufgrund seiner interessanten magnetischen Eigenschaften geht man jedoch davon aus, dass es in Zukunft von gro\u00dfem Nutzen sein k\u00f6nnte.<\/p>\n<h2> <strong>Methoden zur Gewinnung von Holmium<\/strong><\/h2>\n<p> Da es nur in geringen Mengen vorkommt, kommt es in der Natur nur selten vor. Tats\u00e4chlich kommt es in zwei verschiedenen Arten von Mineralien vor: Gadolinit und Monacit. Um das Metall zu erhalten, wird es durch Reduktion von Fluorid und wasserfreiem Holmiumchlorid mit Calcium isoliert. Derzeit wird dies haupts\u00e4chlich durch ein Ionenaustauschverfahren mit dem Mineral Monazit erreicht. Auf diese Weise k\u00f6nnen bis zu 0,05 % Holmium gewonnen werden.<\/p>\n<h2> <strong>Sch\u00e4dliche Auswirkungen von Holmium auf Lebewesen und die Umwelt<\/strong><\/h2>\n<p> Aufgrund seiner geringen Toxizit\u00e4t ist es nicht gesundheitssch\u00e4dlich, allerdings kann eine l\u00e4ngere Exposition und Handhabung Auswirkungen auf Lunge und Leber haben. Bei der Umwelt kommt das Element bei der Entsorgung von Elektroger\u00e4ten mit der Natur in Kontakt. Auch wenn es direkt von der \u00d6lindustrie entsorgt wird.<\/p>\n<p> Dadurch reichert sich Holmium an und erh\u00f6ht seine Konzentration in Bodenpartikeln, auch bei Menschen und Tieren. Tats\u00e4chlich sind Meereslebewesen am st\u00e4rksten betroffen, da ihre Zellmembranen, ihr Nervensystem und ihre Fortpflanzung selbst gesch\u00e4digt werden.<\/p>\n<p> Zusammenfassend l\u00e4sst sich sagen, dass es sich um ein duktiles Metallelement handelt, das bereits im Jahr 1878 bekannt wurde. Seitdem wurde entdeckt, dass es als Katalysator f\u00fcr chemische Reaktionen n\u00fctzlich ist, und um den Bereich der Medizin voranzutreiben, wurde ein spezieller Holmiumlaser entwickelt. .<\/p>\n","protected":false},"excerpt":{"rendered":"<p>Diese Verbindung, die zur Gruppe der sogenannten Seltenen Erden geh\u00f6rt, kommt in geringen Mengen nur in Mineralien wie Monazit und Gadolinit vor. Es wird h\u00e4ufig bei der Herstellung verschiedener elektronischer Ger\u00e4te verwendet. Dar\u00fcber hinaus verf\u00fcgt es \u00fcber ganz spezifische chemische und physikalische Eigenschaften. Was ist Holmium? Es handelt sich um ein Metalloid aus der Gruppe &#8230; <a title=\"Holmium\" class=\"read-more\" href=\"https:\/\/chemuza.org\/de\/holmium\/\" aria-label=\"Mehr zu Holmium\">Mehr lesen<\/a><\/p>\n","protected":false},"author":1,"featured_media":0,"parent":0,"menu_order":0,"comment_status":"closed","ping_status":"closed","template":"","meta":{"footnotes":""},"class_list":["post-1539","page","type-page","status-publish"],"yoast_head":"<!-- This site is optimized with the Yoast SEO plugin v21.4 - https:\/\/yoast.com\/wordpress\/plugins\/seo\/ -->\n<title>Holmium - Chemuza<\/title>\n<meta name=\"robots\" content=\"index, follow, max-snippet:-1, max-image-preview:large, max-video-preview:-1\" \/>\n<link rel=\"canonical\" href=\"https:\/\/chemuza.org\/de\/holmium\/\" \/>\n<meta property=\"og:locale\" content=\"de_DE\" \/>\n<meta property=\"og:type\" content=\"article\" \/>\n<meta property=\"og:title\" content=\"Holmium - Chemuza\" \/>\n<meta property=\"og:description\" content=\"Diese Verbindung, die zur Gruppe der sogenannten Seltenen Erden geh\u00f6rt, kommt in geringen Mengen nur in Mineralien wie Monazit und Gadolinit vor. Es wird h\u00e4ufig bei der Herstellung verschiedener elektronischer Ger\u00e4te verwendet. Dar\u00fcber hinaus verf\u00fcgt es \u00fcber ganz spezifische chemische und physikalische Eigenschaften. Was ist Holmium? Es handelt sich um ein Metalloid aus der Gruppe ... Mehr lesen\" \/>\n<meta property=\"og:url\" content=\"https:\/\/chemuza.org\/de\/holmium\/\" \/>\n<meta property=\"og:site_name\" content=\"Chemuza\" \/>\n<meta name=\"twitter:card\" content=\"summary_large_image\" \/>\n<meta name=\"twitter:label1\" content=\"Gesch\u00e4tzte Lesezeit\" \/>\n\t<meta name=\"twitter:data1\" content=\"4\u00a0Minuten\" \/>\n<script type=\"application\/ld+json\" class=\"yoast-schema-graph\">{\"@context\":\"https:\/\/schema.org\",\"@graph\":[{\"@type\":\"WebPage\",\"@id\":\"https:\/\/chemuza.org\/de\/holmium\/\",\"url\":\"https:\/\/chemuza.org\/de\/holmium\/\",\"name\":\"Holmium - Chemuza\",\"isPartOf\":{\"@id\":\"https:\/\/chemuza.org\/de\/#website\"},\"datePublished\":\"2023-07-14T02:55:09+00:00\",\"dateModified\":\"2023-07-14T02:55:09+00:00\",\"breadcrumb\":{\"@id\":\"https:\/\/chemuza.org\/de\/holmium\/#breadcrumb\"},\"inLanguage\":\"de\",\"potentialAction\":[{\"@type\":\"ReadAction\",\"target\":[\"https:\/\/chemuza.org\/de\/holmium\/\"]}]},{\"@type\":\"BreadcrumbList\",\"@id\":\"https:\/\/chemuza.org\/de\/holmium\/#breadcrumb\",\"itemListElement\":[{\"@type\":\"ListItem\",\"position\":1,\"name\":\"Heim\",\"item\":\"https:\/\/chemuza.org\/de\/\"},{\"@type\":\"ListItem\",\"position\":2,\"name\":\"Holmium\"}]},{\"@type\":\"WebSite\",\"@id\":\"https:\/\/chemuza.org\/de\/#website\",\"url\":\"https:\/\/chemuza.org\/de\/\",\"name\":\"Chemuza\",\"description\":\"Ihr Tor zur chemischen Entdeckung\",\"publisher\":{\"@id\":\"https:\/\/chemuza.org\/de\/#organization\"},\"potentialAction\":[{\"@type\":\"SearchAction\",\"target\":{\"@type\":\"EntryPoint\",\"urlTemplate\":\"https:\/\/chemuza.org\/de\/?s={search_term_string}\"},\"query-input\":\"required name=search_term_string\"}],\"inLanguage\":\"de\"},{\"@type\":\"Organization\",\"@id\":\"https:\/\/chemuza.org\/de\/#organization\",\"name\":\"Chemuza\",\"url\":\"https:\/\/chemuza.org\/de\/\",\"logo\":{\"@type\":\"ImageObject\",\"inLanguage\":\"de\",\"@id\":\"https:\/\/chemuza.org\/de\/#\/schema\/logo\/image\/\",\"url\":\"https:\/\/chemuza.org\/de\/wp-content\/uploads\/2023\/10\/chemuza-logo.png\",\"contentUrl\":\"https:\/\/chemuza.org\/de\/wp-content\/uploads\/2023\/10\/chemuza-logo.png\",\"width\":387,\"height\":70,\"caption\":\"Chemuza\"},\"image\":{\"@id\":\"https:\/\/chemuza.org\/de\/#\/schema\/logo\/image\/\"}}]}<\/script>\n<!-- \/ Yoast SEO plugin. -->","yoast_head_json":{"title":"Holmium - Chemuza","robots":{"index":"index","follow":"follow","max-snippet":"max-snippet:-1","max-image-preview":"max-image-preview:large","max-video-preview":"max-video-preview:-1"},"canonical":"https:\/\/chemuza.org\/de\/holmium\/","og_locale":"de_DE","og_type":"article","og_title":"Holmium - Chemuza","og_description":"Diese Verbindung, die zur Gruppe der sogenannten Seltenen Erden geh\u00f6rt, kommt in geringen Mengen nur in Mineralien wie Monazit und Gadolinit vor. Es wird h\u00e4ufig bei der Herstellung verschiedener elektronischer Ger\u00e4te verwendet. Dar\u00fcber hinaus verf\u00fcgt es \u00fcber ganz spezifische chemische und physikalische Eigenschaften. Was ist Holmium? Es handelt sich um ein Metalloid aus der Gruppe ... Mehr lesen","og_url":"https:\/\/chemuza.org\/de\/holmium\/","og_site_name":"Chemuza","twitter_card":"summary_large_image","twitter_misc":{"Gesch\u00e4tzte Lesezeit":"4\u00a0Minuten"},"schema":{"@context":"https:\/\/schema.org","@graph":[{"@type":"WebPage","@id":"https:\/\/chemuza.org\/de\/holmium\/","url":"https:\/\/chemuza.org\/de\/holmium\/","name":"Holmium - Chemuza","isPartOf":{"@id":"https:\/\/chemuza.org\/de\/#website"},"datePublished":"2023-07-14T02:55:09+00:00","dateModified":"2023-07-14T02:55:09+00:00","breadcrumb":{"@id":"https:\/\/chemuza.org\/de\/holmium\/#breadcrumb"},"inLanguage":"de","potentialAction":[{"@type":"ReadAction","target":["https:\/\/chemuza.org\/de\/holmium\/"]}]},{"@type":"BreadcrumbList","@id":"https:\/\/chemuza.org\/de\/holmium\/#breadcrumb","itemListElement":[{"@type":"ListItem","position":1,"name":"Heim","item":"https:\/\/chemuza.org\/de\/"},{"@type":"ListItem","position":2,"name":"Holmium"}]},{"@type":"WebSite","@id":"https:\/\/chemuza.org\/de\/#website","url":"https:\/\/chemuza.org\/de\/","name":"Chemuza","description":"Ihr Tor zur chemischen Entdeckung","publisher":{"@id":"https:\/\/chemuza.org\/de\/#organization"},"potentialAction":[{"@type":"SearchAction","target":{"@type":"EntryPoint","urlTemplate":"https:\/\/chemuza.org\/de\/?s={search_term_string}"},"query-input":"required name=search_term_string"}],"inLanguage":"de"},{"@type":"Organization","@id":"https:\/\/chemuza.org\/de\/#organization","name":"Chemuza","url":"https:\/\/chemuza.org\/de\/","logo":{"@type":"ImageObject","inLanguage":"de","@id":"https:\/\/chemuza.org\/de\/#\/schema\/logo\/image\/","url":"https:\/\/chemuza.org\/de\/wp-content\/uploads\/2023\/10\/chemuza-logo.png","contentUrl":"https:\/\/chemuza.org\/de\/wp-content\/uploads\/2023\/10\/chemuza-logo.png","width":387,"height":70,"caption":"Chemuza"},"image":{"@id":"https:\/\/chemuza.org\/de\/#\/schema\/logo\/image\/"}}]}},"yoast_meta":{"yoast_wpseo_title":"","yoast_wpseo_metadesc":"","yoast_wpseo_canonical":""},"_links":{"self":[{"href":"https:\/\/chemuza.org\/de\/wp-json\/wp\/v2\/pages\/1539","targetHints":{"allow":["GET"]}}],"collection":[{"href":"https:\/\/chemuza.org\/de\/wp-json\/wp\/v2\/pages"}],"about":[{"href":"https:\/\/chemuza.org\/de\/wp-json\/wp\/v2\/types\/page"}],"author":[{"embeddable":true,"href":"https:\/\/chemuza.org\/de\/wp-json\/wp\/v2\/users\/1"}],"replies":[{"embeddable":true,"href":"https:\/\/chemuza.org\/de\/wp-json\/wp\/v2\/comments?post=1539"}],"version-history":[{"count":0,"href":"https:\/\/chemuza.org\/de\/wp-json\/wp\/v2\/pages\/1539\/revisions"}],"wp:attachment":[{"href":"https:\/\/chemuza.org\/de\/wp-json\/wp\/v2\/media?parent=1539"}],"curies":[{"name":"wp","href":"https:\/\/api.w.org\/{rel}","templated":true}]}}