{"id":1538,"date":"2023-07-14T03:27:50","date_gmt":"2023-07-14T03:27:50","guid":{"rendered":"https:\/\/chemuza.org\/de\/tantal\/"},"modified":"2023-07-14T03:27:50","modified_gmt":"2023-07-14T03:27:50","slug":"tantal","status":"publish","type":"page","link":"https:\/\/chemuza.org\/de\/tantal\/","title":{"rendered":"Tantal"},"content":{"rendered":"<p>Zu den Elementen, die im Periodensystem vorkommen, geh\u00f6rt Tantal, ein seltenes \u00dcbergangsmetall aus der Gruppe der Lanthaniden. Seitdem weist es ganz besondere Eigenschaften auf, wie seinen hohen Reinheitsgrad und seine physiologische Tr\u00e4gheit. Seine Komponenten sind f\u00fcr die Herstellung aller Arten von elektronischen Ger\u00e4ten, unter anderem chirurgischer Ausr\u00fcstung, unerl\u00e4sslich.<\/p>\n<h2> <strong>Was ist Tantal?<\/strong><\/h2>\n<p> Es ist ein Metall namens Tantal und wird aufgrund des brillanten bl\u00e4ulich-grauen Farbtons, den es im oxidierten Zustand aufweist, auch als blaues Gold bezeichnet. Es hat eine harte, korrosionsbest\u00e4ndige Struktur, eine hohe Duktilit\u00e4t, einen hohen Schmelzpunkt und einen hervorragenden Stromleiter.<\/p>\n<h3> <strong>Tantal-Symbol<\/strong><\/h3>\n<p> <span class=\"content-chemical-element\" style=\"float: left;width: 65px;height: 65px;border: 3px solid #666; display:flex;\n    justify-content: center;align-items: center;margin-right: 15px;\"><span style=\"font-size: 38px;\">Ta<\/span><\/span> Tantalio war der Name, den ihm die Spanische K\u00f6nigliche Akademie gab. Dieses Wort stammt vom griechischen Tantalos, einer Figur, die die griechische Mythologie darstellt, die dazu verdammt ist, weder zu essen noch zu trinken. Aus diesem Grund wird dieses Metalloid als Tantal bezeichnet.<\/p>\n<h2> <strong>Eigenschaften von Tantal<\/strong><\/h2>\n<p> Dieses Metall zeichnet sich durch eine hohe Oxidationsstufe in der Gruppe +5 aus, obwohl es auch in den Oxidationsstufen 4, 3 und 2 vorkommt. Dar\u00fcber hinaus weist es eine weitere Reihe von Besonderheiten auf:<\/p>\n<ul>\n<li> <strong>Zustand<\/strong> : Massiv, hart und schwer.<\/li>\n<li> <strong>Farbe<\/strong> : Helles bl\u00e4uliches Grau.<\/li>\n<li> <strong>L\u00f6slichkeit<\/strong> : L\u00f6st sich in Flusss\u00e4ure und durch alkalische Fusion.<\/li>\n<li> <strong>Toxizit\u00e4t<\/strong> : Es ist nicht giftig und stellt kein Gesundheitsrisiko dar, da es bei Nichtverschlucken inert ist.<\/li>\n<li> <strong>Reaktivit\u00e4t<\/strong> : Reagiert hei\u00df mit Halogeniden und Sauerstoff, reagiert bei hoher Temperatur direkt mit Schwefel, Selen, Bor, Kohlenstoff und Tellur.<\/li>\n<li> <strong>Radioaktivit\u00e4t<\/strong> : Aufgrund seines hohen Gehalts an Uran und Thorium gilt es als radioaktives Element.<\/li>\n<li> <strong>Struktur<\/strong> : Kristallin, kubisch zentriert.<\/li>\n<li> <strong>Zusammensetzung<\/strong> : Enth\u00e4lt 74 Elektronen, 107 Neutronen und 74 Protonen.<\/li>\n<\/ul>\n<h2> <strong>Chemische und physikalische Eigenschaften von Tantal<\/strong><\/h2>\n<ol>\n<li> <strong>Ordnungszahl<\/strong> : 73<\/li>\n<li> <strong>Zeitraum<\/strong> : 5<\/li>\n<li> <strong>Blockieren<\/strong> :d<\/li>\n<li> <strong>Gruppe<\/strong> : 5<\/li>\n<li> <strong>Valencia:<\/strong> 2, 3, 4, 5<\/li>\n<li> <strong>Kovalenter Radius (\u00c5):<\/strong> 138 Uhr<\/li>\n<li> <strong>Elektronische Konfiguration:<\/strong> [Xe]4f14 5d3 6s2 <strong>&nbsp;&nbsp;&nbsp;&nbsp;<\/strong><\/li>\n<li> <strong>Atommasse (g\/mol):<\/strong> 180, 948 g\/mol<\/li>\n<li> <strong>Dichte:<\/strong> 16650 kg\/m\u00b3<\/li>\n<li> <strong>Siedepunkt:<\/strong> 5425<strong> <\/strong>\u00b0C<\/li>\n<li> <strong>Schmelzpunkt:<\/strong> 2996\u00b0C<\/li>\n<li> <strong>Atomradius:<\/strong> 1,46 \u00c5<\/li>\n<li> <strong>Ionenradius:<\/strong> 0,73 \u00c5<\/li>\n<li> <strong>Elektronen pro Schale:<\/strong><strong> <\/strong>2, 8, 18, 32, 11, 2<\/li>\n<li> <strong>Elektronegativit\u00e4t:<\/strong> 1,5<\/li>\n<li> <strong>Oxidationsstufe:<\/strong> 5 leicht sauer<\/li>\n<li> <strong>Oxid:<\/strong> Leicht sauer.<\/li>\n<li> <strong>Erstes Ionisationspotential eV:<\/strong> 761 kJ\/mol<\/li>\n<li> <strong>Spezifische W\u00e4rme:<\/strong> 140 J \/ (K.kg)<\/li>\n<li> <strong>W\u00e4rmeleitf\u00e4higkeit:<\/strong> 57,5 W \/ (Km)<\/li>\n<li> <strong>Elektrische Leitf\u00e4higkeit:<\/strong> 7,61 x 10 <sup>6<\/sup> m <sup>-1<\/sup> \u00b7\u03a9 <sup>-1<\/sup><\/li>\n<\/ol>\n<h2> <strong>Herkunft von Tantal<\/strong><\/h2>\n<p> Tantal wurde erstmals 1802 in den Minen von Ytterby in Schweden und Kimito in Finnland entdeckt, entdeckt vom Chemiker Anders G Ekerberg. Allerdings wurde es erst 1844 als ein anderes Element als Niobo identifiziert, da die Wissenschaftler zun\u00e4chst dachten, es handele sich um dasselbe Metall, da sie bestimmte gemeinsame Eigenschaften aufwiesen.<\/p>\n<p> Es waren die Forscher Jean Charles Galissard de Marignac im Jahr 1886 und Rowe im Jahr 1944, die die Unterschiede zwischen Tantal- und Niobs\u00e4ure best\u00e4tigten. Nach vielen erfolglosen Versuchen gelang es 1922, Tantal mit einer Reinheit von 99,9 % zu erhalten.<\/p>\n<h2> <strong>Wof\u00fcr wird Tantal verwendet?<\/strong><\/h2>\n<p> Dieses chemische Element verf\u00fcgt \u00fcber eine hohe elektrische Leitf\u00e4higkeit, weshalb Tantalkondensatoren als Ersatz f\u00fcr Aluminiumkondensatoren hergestellt werden. Dar\u00fcber hinaus werden Legierungen dieses Metalls mit hohem Schmelzpunkt und Ferro-Tantal in verschiedenen Industriebereichen eingesetzt. Dann entdecken Sie weitere Einsatzm\u00f6glichkeiten:<\/p>\n<ul>\n<li> Elektronische Ger\u00e4te: Bei der Herstellung von Mobiltelefonen, Festplatten, Laptops, Mikroprozessoren und Plasmafernsehern.<\/li>\n<li> Medizin: Wird zur Herstellung von Herzschrittmacherteilen, chirurgischen Instrumenten und kieferorthop\u00e4dischen Hardwareteilen verwendet.<\/li>\n<li> Nuklearer Bereich: In Komponenten f\u00fcr Raketen, Kernreaktoren und Vakuum\u00f6fen.<\/li>\n<li> Luftfahrt: Bei der Herstellung von Turbinen, Satellitennavigation, Fernbedienung und Luftfahrtinstrumenten.<\/li>\n<\/ul>\n<p> Dar\u00fcber hinaus wird es f\u00fcr Airbag-Aktivierungschips, Hitzeschilde, Schneidwerkzeuge, Baggerz\u00e4hne, Bohrer, Kameraobjektive und den Druck biometrischer Teile verwendet. Es ist daher eines der gefragtesten Metalloide auf dem Weltmarkt.<\/p>\n<h2> <strong>Wo kommt Tantal vor?<\/strong><\/h2>\n<p> Venezuela ist das Land mit den gr\u00f6\u00dften Tantalreserven und mit rund 60 % der zweitgr\u00f6\u00dfte Produzent. Die gr\u00f6\u00dfte Ausbeutung dieses Metalloids ist die Demokratische Republik Kongo, die 80 % der gesch\u00e4tzten weltweiten Reserven abdeckt. Weitere L\u00e4nder mit Vorkommen und geringerer Produktion von blauem Gold sind Brasilien, Thailand, Australien, Bolivien, Kanada, China, Afrika und Saudi-Arabien.<\/p>\n<h2> <strong>Wie wird Tantal gewonnen?<\/strong><\/h2>\n<p> Tantal wird im Tagebau, in hartem Granit-, Pegmatit- und Karbonitgestein gef\u00f6rdert, die meisten Minen liegen an Flussufern und aktiven, inaktiven oder erloschenen Vulkanen. Dieses Element kommt nicht nur in der Natur vor, sondern auch in Tantalit, einem Mineral, das Tantal enth\u00e4lt. Genau wie Coltan, eine Mischung aus Tantal und Columbit. Dar\u00fcber hinaus ist Niob intrinsisch vorhanden.<\/p>\n<p> Die erste Phase der Gewinnung findet innerhalb oder in der N\u00e4he der Mine statt, um die Tantaloxid-Ressource besser nutzen zu k\u00f6nnen. Durch elektrostatische und elektromagnetische Verfahren. Dar\u00fcber hinaus wird Fluortitanat mit Reduktion von Natrium, Kalium, Salzs\u00e4urel\u00f6sungsmitteln oder Ionenaustausch eingesetzt.<\/p>\n<p> Zusammenfassend l\u00e4sst sich sagen, dass blaues Gold oder Tantal aufgrund seiner F\u00e4higkeit zur Herstellung von Elektrolytkondensatoren eines der gefragtesten chemischen Elemente auf dem Markt f\u00fcr elektronische Technologie ist. Da es sich um ein inertes Metall handelt, wird es au\u00dferdem bei der Herstellung von chirurgischen und zahnmedizinischen Ger\u00e4ten verwendet.<\/p>\n","protected":false},"excerpt":{"rendered":"<p>Zu den Elementen, die im Periodensystem vorkommen, geh\u00f6rt Tantal, ein seltenes \u00dcbergangsmetall aus der Gruppe der Lanthaniden. Seitdem weist es ganz besondere Eigenschaften auf, wie seinen hohen Reinheitsgrad und seine physiologische Tr\u00e4gheit. Seine Komponenten sind f\u00fcr die Herstellung aller Arten von elektronischen Ger\u00e4ten, unter anderem chirurgischer Ausr\u00fcstung, unerl\u00e4sslich. Was ist Tantal? Es ist ein Metall &#8230; <a title=\"Tantal\" class=\"read-more\" href=\"https:\/\/chemuza.org\/de\/tantal\/\" aria-label=\"Mehr zu Tantal\">Mehr lesen<\/a><\/p>\n","protected":false},"author":1,"featured_media":0,"parent":0,"menu_order":0,"comment_status":"closed","ping_status":"closed","template":"","meta":{"footnotes":""},"class_list":["post-1538","page","type-page","status-publish"],"yoast_head":"<!-- This site is optimized with the Yoast SEO plugin v21.4 - https:\/\/yoast.com\/wordpress\/plugins\/seo\/ -->\n<title>Tantal - Chemuza<\/title>\n<meta name=\"robots\" content=\"index, follow, max-snippet:-1, max-image-preview:large, max-video-preview:-1\" \/>\n<link rel=\"canonical\" href=\"https:\/\/chemuza.org\/de\/tantal\/\" \/>\n<meta property=\"og:locale\" content=\"de_DE\" \/>\n<meta property=\"og:type\" content=\"article\" \/>\n<meta property=\"og:title\" content=\"Tantal - Chemuza\" \/>\n<meta property=\"og:description\" content=\"Zu den Elementen, die im Periodensystem vorkommen, geh\u00f6rt Tantal, ein seltenes \u00dcbergangsmetall aus der Gruppe der Lanthaniden. Seitdem weist es ganz besondere Eigenschaften auf, wie seinen hohen Reinheitsgrad und seine physiologische Tr\u00e4gheit. Seine Komponenten sind f\u00fcr die Herstellung aller Arten von elektronischen Ger\u00e4ten, unter anderem chirurgischer Ausr\u00fcstung, unerl\u00e4sslich. Was ist Tantal? Es ist ein Metall ... Mehr lesen\" \/>\n<meta property=\"og:url\" content=\"https:\/\/chemuza.org\/de\/tantal\/\" \/>\n<meta property=\"og:site_name\" content=\"Chemuza\" \/>\n<meta name=\"twitter:card\" content=\"summary_large_image\" \/>\n<meta name=\"twitter:label1\" content=\"Gesch\u00e4tzte Lesezeit\" \/>\n\t<meta name=\"twitter:data1\" content=\"4\u00a0Minuten\" \/>\n<script type=\"application\/ld+json\" class=\"yoast-schema-graph\">{\"@context\":\"https:\/\/schema.org\",\"@graph\":[{\"@type\":\"WebPage\",\"@id\":\"https:\/\/chemuza.org\/de\/tantal\/\",\"url\":\"https:\/\/chemuza.org\/de\/tantal\/\",\"name\":\"Tantal - Chemuza\",\"isPartOf\":{\"@id\":\"https:\/\/chemuza.org\/de\/#website\"},\"datePublished\":\"2023-07-14T03:27:50+00:00\",\"dateModified\":\"2023-07-14T03:27:50+00:00\",\"breadcrumb\":{\"@id\":\"https:\/\/chemuza.org\/de\/tantal\/#breadcrumb\"},\"inLanguage\":\"de\",\"potentialAction\":[{\"@type\":\"ReadAction\",\"target\":[\"https:\/\/chemuza.org\/de\/tantal\/\"]}]},{\"@type\":\"BreadcrumbList\",\"@id\":\"https:\/\/chemuza.org\/de\/tantal\/#breadcrumb\",\"itemListElement\":[{\"@type\":\"ListItem\",\"position\":1,\"name\":\"Heim\",\"item\":\"https:\/\/chemuza.org\/de\/\"},{\"@type\":\"ListItem\",\"position\":2,\"name\":\"Tantal\"}]},{\"@type\":\"WebSite\",\"@id\":\"https:\/\/chemuza.org\/de\/#website\",\"url\":\"https:\/\/chemuza.org\/de\/\",\"name\":\"Chemuza\",\"description\":\"Ihr Tor zur chemischen Entdeckung\",\"publisher\":{\"@id\":\"https:\/\/chemuza.org\/de\/#organization\"},\"potentialAction\":[{\"@type\":\"SearchAction\",\"target\":{\"@type\":\"EntryPoint\",\"urlTemplate\":\"https:\/\/chemuza.org\/de\/?s={search_term_string}\"},\"query-input\":\"required name=search_term_string\"}],\"inLanguage\":\"de\"},{\"@type\":\"Organization\",\"@id\":\"https:\/\/chemuza.org\/de\/#organization\",\"name\":\"Chemuza\",\"url\":\"https:\/\/chemuza.org\/de\/\",\"logo\":{\"@type\":\"ImageObject\",\"inLanguage\":\"de\",\"@id\":\"https:\/\/chemuza.org\/de\/#\/schema\/logo\/image\/\",\"url\":\"https:\/\/chemuza.org\/de\/wp-content\/uploads\/2023\/10\/chemuza-logo.png\",\"contentUrl\":\"https:\/\/chemuza.org\/de\/wp-content\/uploads\/2023\/10\/chemuza-logo.png\",\"width\":387,\"height\":70,\"caption\":\"Chemuza\"},\"image\":{\"@id\":\"https:\/\/chemuza.org\/de\/#\/schema\/logo\/image\/\"}}]}<\/script>\n<!-- \/ Yoast SEO plugin. -->","yoast_head_json":{"title":"Tantal - Chemuza","robots":{"index":"index","follow":"follow","max-snippet":"max-snippet:-1","max-image-preview":"max-image-preview:large","max-video-preview":"max-video-preview:-1"},"canonical":"https:\/\/chemuza.org\/de\/tantal\/","og_locale":"de_DE","og_type":"article","og_title":"Tantal - Chemuza","og_description":"Zu den Elementen, die im Periodensystem vorkommen, geh\u00f6rt Tantal, ein seltenes \u00dcbergangsmetall aus der Gruppe der Lanthaniden. Seitdem weist es ganz besondere Eigenschaften auf, wie seinen hohen Reinheitsgrad und seine physiologische Tr\u00e4gheit. Seine Komponenten sind f\u00fcr die Herstellung aller Arten von elektronischen Ger\u00e4ten, unter anderem chirurgischer Ausr\u00fcstung, unerl\u00e4sslich. Was ist Tantal? Es ist ein Metall ... Mehr lesen","og_url":"https:\/\/chemuza.org\/de\/tantal\/","og_site_name":"Chemuza","twitter_card":"summary_large_image","twitter_misc":{"Gesch\u00e4tzte Lesezeit":"4\u00a0Minuten"},"schema":{"@context":"https:\/\/schema.org","@graph":[{"@type":"WebPage","@id":"https:\/\/chemuza.org\/de\/tantal\/","url":"https:\/\/chemuza.org\/de\/tantal\/","name":"Tantal - Chemuza","isPartOf":{"@id":"https:\/\/chemuza.org\/de\/#website"},"datePublished":"2023-07-14T03:27:50+00:00","dateModified":"2023-07-14T03:27:50+00:00","breadcrumb":{"@id":"https:\/\/chemuza.org\/de\/tantal\/#breadcrumb"},"inLanguage":"de","potentialAction":[{"@type":"ReadAction","target":["https:\/\/chemuza.org\/de\/tantal\/"]}]},{"@type":"BreadcrumbList","@id":"https:\/\/chemuza.org\/de\/tantal\/#breadcrumb","itemListElement":[{"@type":"ListItem","position":1,"name":"Heim","item":"https:\/\/chemuza.org\/de\/"},{"@type":"ListItem","position":2,"name":"Tantal"}]},{"@type":"WebSite","@id":"https:\/\/chemuza.org\/de\/#website","url":"https:\/\/chemuza.org\/de\/","name":"Chemuza","description":"Ihr Tor zur chemischen Entdeckung","publisher":{"@id":"https:\/\/chemuza.org\/de\/#organization"},"potentialAction":[{"@type":"SearchAction","target":{"@type":"EntryPoint","urlTemplate":"https:\/\/chemuza.org\/de\/?s={search_term_string}"},"query-input":"required name=search_term_string"}],"inLanguage":"de"},{"@type":"Organization","@id":"https:\/\/chemuza.org\/de\/#organization","name":"Chemuza","url":"https:\/\/chemuza.org\/de\/","logo":{"@type":"ImageObject","inLanguage":"de","@id":"https:\/\/chemuza.org\/de\/#\/schema\/logo\/image\/","url":"https:\/\/chemuza.org\/de\/wp-content\/uploads\/2023\/10\/chemuza-logo.png","contentUrl":"https:\/\/chemuza.org\/de\/wp-content\/uploads\/2023\/10\/chemuza-logo.png","width":387,"height":70,"caption":"Chemuza"},"image":{"@id":"https:\/\/chemuza.org\/de\/#\/schema\/logo\/image\/"}}]}},"yoast_meta":{"yoast_wpseo_title":"","yoast_wpseo_metadesc":"","yoast_wpseo_canonical":""},"_links":{"self":[{"href":"https:\/\/chemuza.org\/de\/wp-json\/wp\/v2\/pages\/1538","targetHints":{"allow":["GET"]}}],"collection":[{"href":"https:\/\/chemuza.org\/de\/wp-json\/wp\/v2\/pages"}],"about":[{"href":"https:\/\/chemuza.org\/de\/wp-json\/wp\/v2\/types\/page"}],"author":[{"embeddable":true,"href":"https:\/\/chemuza.org\/de\/wp-json\/wp\/v2\/users\/1"}],"replies":[{"embeddable":true,"href":"https:\/\/chemuza.org\/de\/wp-json\/wp\/v2\/comments?post=1538"}],"version-history":[{"count":0,"href":"https:\/\/chemuza.org\/de\/wp-json\/wp\/v2\/pages\/1538\/revisions"}],"wp:attachment":[{"href":"https:\/\/chemuza.org\/de\/wp-json\/wp\/v2\/media?parent=1538"}],"curies":[{"name":"wp","href":"https:\/\/api.w.org\/{rel}","templated":true}]}}