{"id":1537,"date":"2023-07-14T03:55:03","date_gmt":"2023-07-14T03:55:03","guid":{"rendered":"https:\/\/chemuza.org\/de\/hafnium\/"},"modified":"2023-07-14T03:55:03","modified_gmt":"2023-07-14T03:55:03","slug":"hafnium","status":"publish","type":"page","link":"https:\/\/chemuza.org\/de\/hafnium\/","title":{"rendered":"Hafnium"},"content":{"rendered":"<p>Es gilt als eines der wenigen metallischen Elemente auf der Welt und hat eine dem Zirkonium sehr \u00e4hnliche Zusammensetzung. Tats\u00e4chlich erfolgt die Gewinnung damit, da es in seinen Mineralien und Derivaten enthalten ist. Im Folgenden erfahren Sie kurz etwas \u00fcber die Eigenschaften, Merkmale und Verwendungsm\u00f6glichkeiten von Hafnium.<\/p>\n<h2> <strong>Was ist Hafnium?<\/strong><\/h2>\n<p> Es ist ein Metall, das auf der Erde in einer H\u00e4ufigkeit von 5,3 ppm vorkommt. Es wird durch Reduktion von Tetrahalogenid mit Magnesium gewonnen. Dieser Prozess wird mit bestimmten Ma\u00dfnahmen durchgef\u00fchrt, da es mit anderen Gasen gemischt werden kann. Es hat ein silbriges und gl\u00e4nzendes Aussehen, wird im Allgemeinen bei etwa 2222 \u00b0C geschmolzen und im Allgemeinen f\u00fcr die Herstellung von Kernreaktoren verwendet.<\/p>\n<h3> <strong>Hafnium-Symbol<\/strong><\/h3>\n<p> <span class=\"content-chemical-element\" style=\"float: left;width: 65px;height: 65px;border: 3px solid #666; display:flex;\n    justify-content: center;align-items: center;margin-right: 15px;\"><span style=\"font-size: 38px;\">Hf<\/span><\/span> Es hat die Ordnungszahl 72 in der Tabelle und ein Atomgewicht von 178,49. Sein Name kommt vom lateinischen <em>Hafnia<\/em> , was Kopenhagen bedeutet, der Stadt, in der seine Entdeckung durch den Chemiker D. Coster in Zusammenarbeit mit J. Hevesy stattfand. Seitdem wissen wir, dass Zirkonium eng mit Hafnium verwandt ist.<\/p>\n<h2> <strong>Eigenschaften von Hafnium<\/strong><\/h2>\n<p> Zu den bemerkenswertesten Eigenschaften dieser Verbindung geh\u00f6rt der Gehalt an explosiven Partikeln, die Br\u00e4nde verursachen k\u00f6nnen. Dar\u00fcber hinaus gibt es weitere Punkte, die es identifizieren:<\/p>\n<ul>\n<li> <strong>Zustand<\/strong> : Es geh\u00f6rt zur festen, pudrigen Textur.<\/li>\n<li> <strong>Farbe<\/strong> : Es ist ein gl\u00e4nzendes Silbergrau.<\/li>\n<li> <strong>Geschmack und Geruch<\/strong> : Es fehlt an Geschmack und es hat keinen spezifischen Geruch.<\/li>\n<li> <strong>L\u00f6slichkeit<\/strong> : Nicht l\u00f6slich in Wasser, K\u00f6rperchemikalien oder Salzl\u00f6sungen.<\/li>\n<li> <strong>Toxizit\u00e4t<\/strong> : Es ist kein Grad der Toxizit\u00e4t bekannt.<\/li>\n<li> <strong>Reaktivit\u00e4t<\/strong> : Es besteht die M\u00f6glichkeit einer Reaktion mit Bor, Sauerstoff, Schwefel, Silizium, Stickstoff und Kohlenstoff, sofern die Temperatur erh\u00f6ht ist.<\/li>\n<li> <strong>Struktur<\/strong> : Es ist transparent, \u00e4hnlich einem Diamanten.<\/li>\n<li> <strong>Zusammensetzung<\/strong> : 72 Elektronen und ebenso viele Protonen.<\/li>\n<\/ul>\n<h2> <strong>Chemische und physikalische Eigenschaften von Hafnium<\/strong><\/h2>\n<ol>\n<li> <strong>Ordnungszahl<\/strong> : 72<\/li>\n<li> <strong>Zeitraum<\/strong> : 6<\/li>\n<li> <strong>Blockieren<\/strong> \ud83d\ude00<\/li>\n<li> <strong>Gruppe<\/strong> : 4<\/li>\n<li> <strong>Dichte<\/strong> : 13,1 kg\/m\u00b3<\/li>\n<li> <strong>Siedepunkt<\/strong> : 5400\u00b0C<\/li>\n<li> <strong>Schmelzpunkt<\/strong> : 2222 \u00b0C<\/li>\n<li> <strong>Atomradius<\/strong> : 125h<\/li>\n<li> <strong>Durchschnittlicher Radius<\/strong> : 155 Stunden<\/li>\n<li> <strong>Ionenradius (\u00c5)<\/strong> : 0,81<\/li>\n<li> <strong>Elektronegativit\u00e4t<\/strong> : 1,3<\/li>\n<li> <strong>Oxidationsstufe<\/strong> : +4<\/li>\n<li> <strong>Oxid<\/strong> : Amphoter<\/li>\n<li> <strong>Spezifische W\u00e4rme<\/strong> : 24,06 kJ\/mol<\/li>\n<li> <strong>Kovalenter Radius (\u00c5)<\/strong> : 13:50 Uhr<\/li>\n<li> <strong>Elektronische Konfiguration<\/strong> : [Xe]4f <sup>14<\/sup> 5d <sup>2<\/sup> 6s <sup>2<\/sup><\/li>\n<li> <strong>Atommasse (g\/mol)<\/strong> : 178,49 u<\/li>\n<li> <strong>Elektronen pro Schicht<\/strong> : 2, 8, 18, 32, 12, 2<\/li>\n<li> <strong>Kristallstruktur<\/strong> : Sechseckig<\/li>\n<li> <strong>Erstes Ionisierungspotential eV<\/strong> : 5,54 kJ\/mol<\/li>\n<li> <strong>W\u00e4rmeleitf\u00e4higkeit<\/strong> : 23 W\/(m\u00b7K)<\/li>\n<li> <strong>Elektrische Leitf\u00e4higkeit<\/strong> : 3,12 \u00d7 106 m-1 \u03a9-1<\/li>\n<\/ol>\n<h2> <strong>Herkunft von Hafnium<\/strong><\/h2>\n<p> Es wurde 1923 von dem in Ungarn geborenen Chemieforscher Dirk Coster zusammen mit George Von von Hevesey in der Stadt Kopenhagen, D\u00e4nemark, entdeckt. An ihrer Seite war ein bekannter norwegischer Fachmann, der bei der Untersuchung der komplexen Trennung von Hafnium und Zirkonium half. Dieses Element kommt in S\u00fcdamerika und Australien vor. Es gibt Reserven von bis zu einer Million Tonnen.<\/p>\n<p> Urspr\u00fcnglich wurde es zum Schneiden von dickem Stahl verwendet, sp\u00e4ter wurde es auch f\u00fcr die Herstellung von Metallkonstruktionen und -konstruktionen eingesetzt. Derzeit wird dieses Verfahren mit einem Plasmaschneider inklusive Hafnium-Elektroden durchgef\u00fchrt.<\/p>\n<h2> <strong>Wof\u00fcr wird Hafnium verwendet?<\/strong><\/h2>\n<p> Es ist ein seltenes Element und seine Verwendung ist sehr spezifisch, zum Beispiel f\u00fcr Fusionen mit Wolfram in Elektroden und Gl\u00fchf\u00e4den. Ebenso wird es f\u00fcr die Entwicklung von Steuerst\u00e4ben f\u00fcr Kernreaktoren verwendet. Sein nuklearer Einsatz ist auf sein Neutronenabsorptionsverm\u00f6gen und seine Korrosionsbest\u00e4ndigkeit zur\u00fcckzuf\u00fchren. Ebenso wird es von Unternehmen wie Intel und IBM zur Herstellung von Transistoren f\u00fcr Prozessoren verwendet.<\/p>\n<p> Es wird auch zur Herstellung von Atom-U-Booten und Gaslampen verwendet. Beseitigen Sie das Vorhandensein von Stickstoff und Sauerstoff in leeren Kan\u00e4len und B\u00e4ndern mit Eisen, Niob, Titan und anderen metallischen Mineralien.<\/p>\n<h2> <strong>Wie wird Hafnium gewonnen?<\/strong><\/h2>\n<p> Es wird immer zusammen mit Zirkonium gefunden, was darauf hinweist, dass es im System nicht unabh\u00e4ngig existiert. Hafnium ist mit 1 bis 5 % zwischen den Elementen Zirkon und seinen Derivaten eingebettet. Der Trennungsprozess bereitet gro\u00dfe Schwierigkeiten, da beide nahezu identische chemische Eigenschaften aufweisen. Um dieses Metalloid zu erhalten, muss ein Zirkonium-Reinigungsprozess durch Reduktion von Hafniumtetrachlorid mit Natrium oder Magnesium durchgef\u00fchrt werden.<\/p>\n<h2> <strong>Vorsicht bei der Verwendung von Hafnium<\/strong><\/h2>\n<p> Beim Umgang mit diesem Element ist Vorsicht geboten, da es nach einem Prozess der Trennung von anderen Verbindungen pyrophor wird, was auf die M\u00f6glichkeit einer Selbstentz\u00fcndung hinweist. Wenn Hafnium jedoch nicht mit den entsprechenden Ma\u00dfnahmen angewendet wird, kann es zu leichten Reizungen der Schleimh\u00e4ute, Augen und Haut kommen. Bisher wurden jedoch keine chronischen Folgen f\u00fcr den K\u00f6rper aufgrund der Exposition festgestellt.<\/p>\n<p> Zusammenfassend l\u00e4sst sich sagen, dass die Verwendung dieses Metalloids aufgrund der Filterung von Protonen und der mechanischen Verwendungsm\u00f6glichkeiten von Hafnium f\u00fcr die Herstellung vieler Kernelemente unerl\u00e4sslich ist und sich ideal f\u00fcr die Entwicklung verschiedener Projekte eignet.<\/p>\n","protected":false},"excerpt":{"rendered":"<p>Es gilt als eines der wenigen metallischen Elemente auf der Welt und hat eine dem Zirkonium sehr \u00e4hnliche Zusammensetzung. Tats\u00e4chlich erfolgt die Gewinnung damit, da es in seinen Mineralien und Derivaten enthalten ist. Im Folgenden erfahren Sie kurz etwas \u00fcber die Eigenschaften, Merkmale und Verwendungsm\u00f6glichkeiten von Hafnium. Was ist Hafnium? Es ist ein Metall, das &#8230; <a title=\"Hafnium\" class=\"read-more\" href=\"https:\/\/chemuza.org\/de\/hafnium\/\" aria-label=\"Mehr zu Hafnium\">Mehr lesen<\/a><\/p>\n","protected":false},"author":1,"featured_media":0,"parent":0,"menu_order":0,"comment_status":"closed","ping_status":"closed","template":"","meta":{"footnotes":""},"class_list":["post-1537","page","type-page","status-publish"],"yoast_head":"<!-- This site is optimized with the Yoast SEO plugin v21.4 - https:\/\/yoast.com\/wordpress\/plugins\/seo\/ -->\n<title>Hafnium - Chemuza<\/title>\n<meta name=\"robots\" content=\"index, follow, max-snippet:-1, max-image-preview:large, max-video-preview:-1\" \/>\n<link rel=\"canonical\" href=\"https:\/\/chemuza.org\/de\/hafnium\/\" \/>\n<meta property=\"og:locale\" content=\"de_DE\" \/>\n<meta property=\"og:type\" content=\"article\" \/>\n<meta property=\"og:title\" content=\"Hafnium - Chemuza\" \/>\n<meta property=\"og:description\" content=\"Es gilt als eines der wenigen metallischen Elemente auf der Welt und hat eine dem Zirkonium sehr \u00e4hnliche Zusammensetzung. Tats\u00e4chlich erfolgt die Gewinnung damit, da es in seinen Mineralien und Derivaten enthalten ist. Im Folgenden erfahren Sie kurz etwas \u00fcber die Eigenschaften, Merkmale und Verwendungsm\u00f6glichkeiten von Hafnium. Was ist Hafnium? Es ist ein Metall, das ... Mehr lesen\" \/>\n<meta property=\"og:url\" content=\"https:\/\/chemuza.org\/de\/hafnium\/\" \/>\n<meta property=\"og:site_name\" content=\"Chemuza\" \/>\n<meta name=\"twitter:card\" content=\"summary_large_image\" \/>\n<meta name=\"twitter:label1\" content=\"Gesch\u00e4tzte Lesezeit\" \/>\n\t<meta name=\"twitter:data1\" content=\"4\u00a0Minuten\" \/>\n<script type=\"application\/ld+json\" class=\"yoast-schema-graph\">{\"@context\":\"https:\/\/schema.org\",\"@graph\":[{\"@type\":\"WebPage\",\"@id\":\"https:\/\/chemuza.org\/de\/hafnium\/\",\"url\":\"https:\/\/chemuza.org\/de\/hafnium\/\",\"name\":\"Hafnium - Chemuza\",\"isPartOf\":{\"@id\":\"https:\/\/chemuza.org\/de\/#website\"},\"datePublished\":\"2023-07-14T03:55:03+00:00\",\"dateModified\":\"2023-07-14T03:55:03+00:00\",\"breadcrumb\":{\"@id\":\"https:\/\/chemuza.org\/de\/hafnium\/#breadcrumb\"},\"inLanguage\":\"de\",\"potentialAction\":[{\"@type\":\"ReadAction\",\"target\":[\"https:\/\/chemuza.org\/de\/hafnium\/\"]}]},{\"@type\":\"BreadcrumbList\",\"@id\":\"https:\/\/chemuza.org\/de\/hafnium\/#breadcrumb\",\"itemListElement\":[{\"@type\":\"ListItem\",\"position\":1,\"name\":\"Heim\",\"item\":\"https:\/\/chemuza.org\/de\/\"},{\"@type\":\"ListItem\",\"position\":2,\"name\":\"Hafnium\"}]},{\"@type\":\"WebSite\",\"@id\":\"https:\/\/chemuza.org\/de\/#website\",\"url\":\"https:\/\/chemuza.org\/de\/\",\"name\":\"Chemuza\",\"description\":\"Ihr Tor zur chemischen Entdeckung\",\"publisher\":{\"@id\":\"https:\/\/chemuza.org\/de\/#organization\"},\"potentialAction\":[{\"@type\":\"SearchAction\",\"target\":{\"@type\":\"EntryPoint\",\"urlTemplate\":\"https:\/\/chemuza.org\/de\/?s={search_term_string}\"},\"query-input\":\"required name=search_term_string\"}],\"inLanguage\":\"de\"},{\"@type\":\"Organization\",\"@id\":\"https:\/\/chemuza.org\/de\/#organization\",\"name\":\"Chemuza\",\"url\":\"https:\/\/chemuza.org\/de\/\",\"logo\":{\"@type\":\"ImageObject\",\"inLanguage\":\"de\",\"@id\":\"https:\/\/chemuza.org\/de\/#\/schema\/logo\/image\/\",\"url\":\"https:\/\/chemuza.org\/de\/wp-content\/uploads\/2023\/10\/chemuza-logo.png\",\"contentUrl\":\"https:\/\/chemuza.org\/de\/wp-content\/uploads\/2023\/10\/chemuza-logo.png\",\"width\":387,\"height\":70,\"caption\":\"Chemuza\"},\"image\":{\"@id\":\"https:\/\/chemuza.org\/de\/#\/schema\/logo\/image\/\"}}]}<\/script>\n<!-- \/ Yoast SEO plugin. -->","yoast_head_json":{"title":"Hafnium - Chemuza","robots":{"index":"index","follow":"follow","max-snippet":"max-snippet:-1","max-image-preview":"max-image-preview:large","max-video-preview":"max-video-preview:-1"},"canonical":"https:\/\/chemuza.org\/de\/hafnium\/","og_locale":"de_DE","og_type":"article","og_title":"Hafnium - Chemuza","og_description":"Es gilt als eines der wenigen metallischen Elemente auf der Welt und hat eine dem Zirkonium sehr \u00e4hnliche Zusammensetzung. Tats\u00e4chlich erfolgt die Gewinnung damit, da es in seinen Mineralien und Derivaten enthalten ist. Im Folgenden erfahren Sie kurz etwas \u00fcber die Eigenschaften, Merkmale und Verwendungsm\u00f6glichkeiten von Hafnium. Was ist Hafnium? Es ist ein Metall, das ... Mehr lesen","og_url":"https:\/\/chemuza.org\/de\/hafnium\/","og_site_name":"Chemuza","twitter_card":"summary_large_image","twitter_misc":{"Gesch\u00e4tzte Lesezeit":"4\u00a0Minuten"},"schema":{"@context":"https:\/\/schema.org","@graph":[{"@type":"WebPage","@id":"https:\/\/chemuza.org\/de\/hafnium\/","url":"https:\/\/chemuza.org\/de\/hafnium\/","name":"Hafnium - Chemuza","isPartOf":{"@id":"https:\/\/chemuza.org\/de\/#website"},"datePublished":"2023-07-14T03:55:03+00:00","dateModified":"2023-07-14T03:55:03+00:00","breadcrumb":{"@id":"https:\/\/chemuza.org\/de\/hafnium\/#breadcrumb"},"inLanguage":"de","potentialAction":[{"@type":"ReadAction","target":["https:\/\/chemuza.org\/de\/hafnium\/"]}]},{"@type":"BreadcrumbList","@id":"https:\/\/chemuza.org\/de\/hafnium\/#breadcrumb","itemListElement":[{"@type":"ListItem","position":1,"name":"Heim","item":"https:\/\/chemuza.org\/de\/"},{"@type":"ListItem","position":2,"name":"Hafnium"}]},{"@type":"WebSite","@id":"https:\/\/chemuza.org\/de\/#website","url":"https:\/\/chemuza.org\/de\/","name":"Chemuza","description":"Ihr Tor zur chemischen Entdeckung","publisher":{"@id":"https:\/\/chemuza.org\/de\/#organization"},"potentialAction":[{"@type":"SearchAction","target":{"@type":"EntryPoint","urlTemplate":"https:\/\/chemuza.org\/de\/?s={search_term_string}"},"query-input":"required name=search_term_string"}],"inLanguage":"de"},{"@type":"Organization","@id":"https:\/\/chemuza.org\/de\/#organization","name":"Chemuza","url":"https:\/\/chemuza.org\/de\/","logo":{"@type":"ImageObject","inLanguage":"de","@id":"https:\/\/chemuza.org\/de\/#\/schema\/logo\/image\/","url":"https:\/\/chemuza.org\/de\/wp-content\/uploads\/2023\/10\/chemuza-logo.png","contentUrl":"https:\/\/chemuza.org\/de\/wp-content\/uploads\/2023\/10\/chemuza-logo.png","width":387,"height":70,"caption":"Chemuza"},"image":{"@id":"https:\/\/chemuza.org\/de\/#\/schema\/logo\/image\/"}}]}},"yoast_meta":{"yoast_wpseo_title":"","yoast_wpseo_metadesc":"","yoast_wpseo_canonical":""},"_links":{"self":[{"href":"https:\/\/chemuza.org\/de\/wp-json\/wp\/v2\/pages\/1537","targetHints":{"allow":["GET"]}}],"collection":[{"href":"https:\/\/chemuza.org\/de\/wp-json\/wp\/v2\/pages"}],"about":[{"href":"https:\/\/chemuza.org\/de\/wp-json\/wp\/v2\/types\/page"}],"author":[{"embeddable":true,"href":"https:\/\/chemuza.org\/de\/wp-json\/wp\/v2\/users\/1"}],"replies":[{"embeddable":true,"href":"https:\/\/chemuza.org\/de\/wp-json\/wp\/v2\/comments?post=1537"}],"version-history":[{"count":0,"href":"https:\/\/chemuza.org\/de\/wp-json\/wp\/v2\/pages\/1537\/revisions"}],"wp:attachment":[{"href":"https:\/\/chemuza.org\/de\/wp-json\/wp\/v2\/media?parent=1537"}],"curies":[{"name":"wp","href":"https:\/\/api.w.org\/{rel}","templated":true}]}}