{"id":1536,"date":"2023-07-14T04:06:18","date_gmt":"2023-07-14T04:06:18","guid":{"rendered":"https:\/\/chemuza.org\/de\/ytterbium\/"},"modified":"2023-07-14T04:06:18","modified_gmt":"2023-07-14T04:06:18","slug":"ytterbium","status":"publish","type":"page","link":"https:\/\/chemuza.org\/de\/ytterbium\/","title":{"rendered":"Ytterbium"},"content":{"rendered":"<p>Es befindet sich auf der Insel der Elemente, die so genannt wird, da auf ihrem Land sieben chemische Verbindungen gefunden wurden, darunter Ytterbium. Dieses weiche Metall verschlei\u00dft in Gegenwart von Wasser oder Luft und \u00e4hnelt der Strontium- und Calcium-Reihe. Nachfolgend erfahren Sie, was es ist, seinen Ursprung, den Wert der Eigenschaften, aus denen es besteht, und vieles mehr.<\/p>\n<h2> <strong>Was ist Ytterbium?<\/strong><\/h2>\n<p> Es ist ein metallisches Element, das in seinem nat\u00fcrlichen Zustand aus einer Kombination von 7 stabilen Isotopen besteht, die in der Natur vorkommen. Dieses erscheint silbern, ist weich, dehnbar und entspricht der Kategorie der Lanthaniden.<\/p>\n<h3> <strong>Ytterbium-Symbol<\/strong><\/h3>\n<p> <span class=\"content-chemical-element\" style=\"float: left;width: 65px;height: 65px;border: 3px solid #666; display:flex;\n    justify-content: center;align-items: center;margin-right: 15px;\"><span style=\"font-size: 38px;\">Yb<\/span><\/span> Ytterbium ist nach der schwedischen Stadt Ytterby benannt. Denn in Schweden entdeckte der ber\u00fchmte Chemiker Jean de Marignac dieses Halbmetall. Sp\u00e4ter stellte sich jedoch heraus, dass die analysierten Proben statt eines Metalls zwei Verbindungen enthielten. Um das reine Element zu erhalten, wurde etwa 70 Jahre sp\u00e4ter ein neues Pr\u00e4parat entwickelt.<\/p>\n<h2> <strong>Eigenschaften von Ytterbium<\/strong><\/h2>\n<p> Das Metalloid hat drei Allotrope, die Alpha, Gamma und Beta genannt werden. Letzteres existiert bei Raumtemperatur, wird aber bei starker Hitzeeinwirkung zu einem Halbleiter. Die anderen Aspekte, aus denen es besteht, sind:<\/p>\n<ul>\n<li> <strong>Zustand:<\/strong> Es ist ein weicher und formbarer Feststoff.<\/li>\n<li> <strong>Farbe:<\/strong> Grau und Silber, da es undurchsichtige und gl\u00e4nzende Bereiche hat. <strong>&nbsp;<\/strong><\/li>\n<li> <strong>L\u00f6slichkeit:<\/strong> Die dabei entstehenden zweiwertigen Salze sind in Wasser l\u00f6slich. Ebenso l\u00f6st sich sein h\u00e4ufigstes Oxid, Yb <sub>2<\/sub> O <sub>3<\/sub> , sehr leicht mit Minerals\u00e4uren.<\/li>\n<li> <strong>Toxizit\u00e4t:<\/strong> Seine Verbindungen weisen ein geringes bis m\u00e4\u00dfiges toxisches Niveau auf. Aus diesem Grund werden sie mit gr\u00f6\u00dfter Sorgfalt behandelt und gelagert.<\/li>\n<li> <strong>Reaktivit\u00e4t:<\/strong> Reagiert allm\u00e4hlich mit Wasser und oxidiert oder korrodiert in Gegenwart von Luft.<\/li>\n<li> <strong>Radioaktivit\u00e4t:<\/strong> Bisher sind nur 7 stabile und 27 radioaktive Isotope bekannt.<\/li>\n<li> <strong>Struktur:<\/strong> Kubisch, zentralisiert auf den Fl\u00e4chen.<\/li>\n<li> <strong>Zusammensetzung:<\/strong> Es besteht aus 70 Elektronen und der gleichen Anzahl Protonen.<\/li>\n<\/ul>\n<h2> <strong>Chemische und physikalische Eigenschaften von Ytterbium<\/strong><\/h2>\n<ol>\n<li> <strong>Ordnungszahl<\/strong> : 70<\/li>\n<li> <strong>Zeitraum<\/strong> : 6<\/li>\n<li> <strong>Block<\/strong> : F<\/li>\n<li> <strong>Gruppe<\/strong> : 3<\/li>\n<li> <strong>Dichte:<\/strong> 6965 kg\/m\u00b3<\/li>\n<li> <strong>Siedepunkt:<\/strong> 1467 K<\/li>\n<li> <strong>Schmelzpunkt:<\/strong> 1097 K<\/li>\n<li> <strong>Atomradius:<\/strong> 1,92<strong> <\/strong>Nachmittag<\/li>\n<li> <strong>Durchschnittlicher Radius:<\/strong> 175h<\/li>\n<li> <strong>Rost:<\/strong> Einfach<\/li>\n<li> <strong>Elektronegativit\u00e4t:<\/strong> 1.1<\/li>\n<li> <strong>Oxidationsstufe:<\/strong> +2, +3<\/li>\n<li> <strong>Elektronische Konfiguration:<\/strong> [Xe] 4f <sup>14<\/sup> 6s <sup>2<\/sup><\/li>\n<li> <strong>Atommasse (g\/mol):<\/strong> 173,04 u<\/li>\n<li> <strong>Erstes Ionisationspotential eV:<\/strong> 6,24<\/li>\n<li> <strong>Spezifische W\u00e4rme:<\/strong> 146,30 J\/kg\u00ba K<\/li>\n<li> <strong>Elektronen pro Schicht:<\/strong> 2, 8, 18, 32, 8, 2<\/li>\n<li> <strong>W\u00e4rmeleitf\u00e4higkeit:<\/strong> 34,90 J\/m s\u00ba C<\/li>\n<li> <strong>Elektrische Leitf\u00e4higkeit:<\/strong> 35,7 (mOhm.cm)-1<\/li>\n<li> <strong>Kovalenter Radius (\u00c5):<\/strong> 1,74 Uhr<\/li>\n<\/ol>\n<h2> <strong>Ursprung von Ytterbium<\/strong><\/h2>\n<p> Die Entdeckung von Ytterbium war das Ergebnis einer jahrzehntelangen gemeinsamen Anstrengung. Der erste Verantwortliche ist Carl Gustaf Mosander, der die Existenz des Elements Erbium aufdeckte. Aufgrund dieser Entdeckung beschloss Jean de Marignac, dieses Metall aus Schweden zu untersuchen, weil er glaubte, etwas anderes finden zu k\u00f6nnen.<\/p>\n<p> Tats\u00e4chlich erhielt er zwei Oxide und eines davon nannte er 1878 Ytterbium, zu Ehren des Ortes Ytterby in Schweden. Allerdings f\u00fchrten Spedding und Daane Dennison erst 1953 ein Verfahren ein, um das reine Element in seiner Gesamtheit zu erhalten.<\/p>\n<h2> <strong>Wof\u00fcr wird Ytterbium verwendet?<\/strong><\/h2>\n<p> Die Verwendungsm\u00f6glichkeiten von Ytterbium in der kommerziellen Welt und bei menschlichen Aktivit\u00e4ten sind begrenzt. Bei der Herstellung bestimmter Legierungen und Mischungen mit anderen Verbindungen k\u00f6nnen jedoch folgende Anwendungen oder Nutzen auftreten:<\/p>\n<ul>\n<li> Legiert k\u00f6nnen Ytterbiumbestandteile die Festigkeit von Stahl erh\u00f6hen und andere seiner mechanischen Eigenschaften verfeinern.<\/li>\n<li> Ytterbiumfluorid wird in der Zahnheilkunde entweder f\u00fcr Zahnf\u00fcllungen oder als Kontrastmittel f\u00fcr R\u00f6ntgenaufnahmen verwendet, da es die Visualisierung der erzeugten Bilder optimiert.<\/li>\n<li> Ytterbiumchlorid wird als Katalysator f\u00fcr zwei chemische Reaktionen verwendet, die neue Kohlenstoff-Kohlenstoff-Bindungen erzeugen. Und das sind die Aldol-Reaktion und die Diels-Alder-Reaktion.<\/li>\n<li> Eines seiner Isotope wurde als Strahlungsquelle f\u00fcr ein R\u00f6ntgenger\u00e4t verwendet, als kein Strom verf\u00fcgbar war.<\/li>\n<\/ul>\n<h2> <strong>Wo kommt Ytterbium vor und wie wird es gewonnen?<\/strong><\/h2>\n<p> Wir erhalten 0,03 % Monazit, mineralische Komponente. Ebenso kann es aus anderen Klassen seltener Erden wie Xenotim oder Gadolinit und manchmal auch aus Euxenit gewonnen werden. Dar\u00fcber hinaus sind 7 seiner Isotope in der Umwelt verstreut, das in der gr\u00f6\u00dften Menge vorkommende Isotop ist beispielsweise Yb-174. Bei den Gewinnungsverfahren kommen die L\u00f6sungsmittelextraktionstechnik und das bekannte Ionenaustauschverfahren zum Einsatz.<\/p>\n<p> Dank der Zusammenarbeit von Chemikern wie Marignac, Dennison und Spedding k\u00f6nnen wir nun endlich etwas \u00fcber Ytterbium erfahren, ein Element aus Schweden. Trotz seiner m\u00e4\u00dfigen Toxizit\u00e4t war sein Einsatz im Dentalbereich m\u00f6glich. Ebenso eignet es sich zur Verbesserung der Eigenschaften von Stahl oder als Reaktionskatalysator.<\/p>\n","protected":false},"excerpt":{"rendered":"<p>Es befindet sich auf der Insel der Elemente, die so genannt wird, da auf ihrem Land sieben chemische Verbindungen gefunden wurden, darunter Ytterbium. Dieses weiche Metall verschlei\u00dft in Gegenwart von Wasser oder Luft und \u00e4hnelt der Strontium- und Calcium-Reihe. Nachfolgend erfahren Sie, was es ist, seinen Ursprung, den Wert der Eigenschaften, aus denen es besteht, &#8230; <a title=\"Ytterbium\" class=\"read-more\" href=\"https:\/\/chemuza.org\/de\/ytterbium\/\" aria-label=\"Mehr zu Ytterbium\">Mehr lesen<\/a><\/p>\n","protected":false},"author":1,"featured_media":0,"parent":0,"menu_order":0,"comment_status":"closed","ping_status":"closed","template":"","meta":{"footnotes":""},"class_list":["post-1536","page","type-page","status-publish"],"yoast_head":"<!-- This site is optimized with the Yoast SEO plugin v21.4 - https:\/\/yoast.com\/wordpress\/plugins\/seo\/ -->\n<title>Ytterbium - Chemuza<\/title>\n<meta name=\"robots\" content=\"index, follow, max-snippet:-1, max-image-preview:large, max-video-preview:-1\" \/>\n<link rel=\"canonical\" href=\"https:\/\/chemuza.org\/de\/ytterbium\/\" \/>\n<meta property=\"og:locale\" content=\"de_DE\" \/>\n<meta property=\"og:type\" content=\"article\" \/>\n<meta property=\"og:title\" content=\"Ytterbium - Chemuza\" \/>\n<meta property=\"og:description\" content=\"Es befindet sich auf der Insel der Elemente, die so genannt wird, da auf ihrem Land sieben chemische Verbindungen gefunden wurden, darunter Ytterbium. Dieses weiche Metall verschlei\u00dft in Gegenwart von Wasser oder Luft und \u00e4hnelt der Strontium- und Calcium-Reihe. Nachfolgend erfahren Sie, was es ist, seinen Ursprung, den Wert der Eigenschaften, aus denen es besteht, ... Mehr lesen\" \/>\n<meta property=\"og:url\" content=\"https:\/\/chemuza.org\/de\/ytterbium\/\" \/>\n<meta property=\"og:site_name\" content=\"Chemuza\" \/>\n<meta name=\"twitter:card\" content=\"summary_large_image\" \/>\n<meta name=\"twitter:label1\" content=\"Gesch\u00e4tzte Lesezeit\" \/>\n\t<meta name=\"twitter:data1\" content=\"3\u00a0Minuten\" \/>\n<script type=\"application\/ld+json\" class=\"yoast-schema-graph\">{\"@context\":\"https:\/\/schema.org\",\"@graph\":[{\"@type\":\"WebPage\",\"@id\":\"https:\/\/chemuza.org\/de\/ytterbium\/\",\"url\":\"https:\/\/chemuza.org\/de\/ytterbium\/\",\"name\":\"Ytterbium - Chemuza\",\"isPartOf\":{\"@id\":\"https:\/\/chemuza.org\/de\/#website\"},\"datePublished\":\"2023-07-14T04:06:18+00:00\",\"dateModified\":\"2023-07-14T04:06:18+00:00\",\"breadcrumb\":{\"@id\":\"https:\/\/chemuza.org\/de\/ytterbium\/#breadcrumb\"},\"inLanguage\":\"de\",\"potentialAction\":[{\"@type\":\"ReadAction\",\"target\":[\"https:\/\/chemuza.org\/de\/ytterbium\/\"]}]},{\"@type\":\"BreadcrumbList\",\"@id\":\"https:\/\/chemuza.org\/de\/ytterbium\/#breadcrumb\",\"itemListElement\":[{\"@type\":\"ListItem\",\"position\":1,\"name\":\"Heim\",\"item\":\"https:\/\/chemuza.org\/de\/\"},{\"@type\":\"ListItem\",\"position\":2,\"name\":\"Ytterbium\"}]},{\"@type\":\"WebSite\",\"@id\":\"https:\/\/chemuza.org\/de\/#website\",\"url\":\"https:\/\/chemuza.org\/de\/\",\"name\":\"Chemuza\",\"description\":\"Ihr Tor zur chemischen Entdeckung\",\"publisher\":{\"@id\":\"https:\/\/chemuza.org\/de\/#organization\"},\"potentialAction\":[{\"@type\":\"SearchAction\",\"target\":{\"@type\":\"EntryPoint\",\"urlTemplate\":\"https:\/\/chemuza.org\/de\/?s={search_term_string}\"},\"query-input\":\"required name=search_term_string\"}],\"inLanguage\":\"de\"},{\"@type\":\"Organization\",\"@id\":\"https:\/\/chemuza.org\/de\/#organization\",\"name\":\"Chemuza\",\"url\":\"https:\/\/chemuza.org\/de\/\",\"logo\":{\"@type\":\"ImageObject\",\"inLanguage\":\"de\",\"@id\":\"https:\/\/chemuza.org\/de\/#\/schema\/logo\/image\/\",\"url\":\"https:\/\/chemuza.org\/de\/wp-content\/uploads\/2023\/10\/chemuza-logo.png\",\"contentUrl\":\"https:\/\/chemuza.org\/de\/wp-content\/uploads\/2023\/10\/chemuza-logo.png\",\"width\":387,\"height\":70,\"caption\":\"Chemuza\"},\"image\":{\"@id\":\"https:\/\/chemuza.org\/de\/#\/schema\/logo\/image\/\"}}]}<\/script>\n<!-- \/ Yoast SEO plugin. -->","yoast_head_json":{"title":"Ytterbium - Chemuza","robots":{"index":"index","follow":"follow","max-snippet":"max-snippet:-1","max-image-preview":"max-image-preview:large","max-video-preview":"max-video-preview:-1"},"canonical":"https:\/\/chemuza.org\/de\/ytterbium\/","og_locale":"de_DE","og_type":"article","og_title":"Ytterbium - Chemuza","og_description":"Es befindet sich auf der Insel der Elemente, die so genannt wird, da auf ihrem Land sieben chemische Verbindungen gefunden wurden, darunter Ytterbium. Dieses weiche Metall verschlei\u00dft in Gegenwart von Wasser oder Luft und \u00e4hnelt der Strontium- und Calcium-Reihe. Nachfolgend erfahren Sie, was es ist, seinen Ursprung, den Wert der Eigenschaften, aus denen es besteht, ... Mehr lesen","og_url":"https:\/\/chemuza.org\/de\/ytterbium\/","og_site_name":"Chemuza","twitter_card":"summary_large_image","twitter_misc":{"Gesch\u00e4tzte Lesezeit":"3\u00a0Minuten"},"schema":{"@context":"https:\/\/schema.org","@graph":[{"@type":"WebPage","@id":"https:\/\/chemuza.org\/de\/ytterbium\/","url":"https:\/\/chemuza.org\/de\/ytterbium\/","name":"Ytterbium - Chemuza","isPartOf":{"@id":"https:\/\/chemuza.org\/de\/#website"},"datePublished":"2023-07-14T04:06:18+00:00","dateModified":"2023-07-14T04:06:18+00:00","breadcrumb":{"@id":"https:\/\/chemuza.org\/de\/ytterbium\/#breadcrumb"},"inLanguage":"de","potentialAction":[{"@type":"ReadAction","target":["https:\/\/chemuza.org\/de\/ytterbium\/"]}]},{"@type":"BreadcrumbList","@id":"https:\/\/chemuza.org\/de\/ytterbium\/#breadcrumb","itemListElement":[{"@type":"ListItem","position":1,"name":"Heim","item":"https:\/\/chemuza.org\/de\/"},{"@type":"ListItem","position":2,"name":"Ytterbium"}]},{"@type":"WebSite","@id":"https:\/\/chemuza.org\/de\/#website","url":"https:\/\/chemuza.org\/de\/","name":"Chemuza","description":"Ihr Tor zur chemischen Entdeckung","publisher":{"@id":"https:\/\/chemuza.org\/de\/#organization"},"potentialAction":[{"@type":"SearchAction","target":{"@type":"EntryPoint","urlTemplate":"https:\/\/chemuza.org\/de\/?s={search_term_string}"},"query-input":"required name=search_term_string"}],"inLanguage":"de"},{"@type":"Organization","@id":"https:\/\/chemuza.org\/de\/#organization","name":"Chemuza","url":"https:\/\/chemuza.org\/de\/","logo":{"@type":"ImageObject","inLanguage":"de","@id":"https:\/\/chemuza.org\/de\/#\/schema\/logo\/image\/","url":"https:\/\/chemuza.org\/de\/wp-content\/uploads\/2023\/10\/chemuza-logo.png","contentUrl":"https:\/\/chemuza.org\/de\/wp-content\/uploads\/2023\/10\/chemuza-logo.png","width":387,"height":70,"caption":"Chemuza"},"image":{"@id":"https:\/\/chemuza.org\/de\/#\/schema\/logo\/image\/"}}]}},"yoast_meta":{"yoast_wpseo_title":"","yoast_wpseo_metadesc":"","yoast_wpseo_canonical":""},"_links":{"self":[{"href":"https:\/\/chemuza.org\/de\/wp-json\/wp\/v2\/pages\/1536","targetHints":{"allow":["GET"]}}],"collection":[{"href":"https:\/\/chemuza.org\/de\/wp-json\/wp\/v2\/pages"}],"about":[{"href":"https:\/\/chemuza.org\/de\/wp-json\/wp\/v2\/types\/page"}],"author":[{"embeddable":true,"href":"https:\/\/chemuza.org\/de\/wp-json\/wp\/v2\/users\/1"}],"replies":[{"embeddable":true,"href":"https:\/\/chemuza.org\/de\/wp-json\/wp\/v2\/comments?post=1536"}],"version-history":[{"count":0,"href":"https:\/\/chemuza.org\/de\/wp-json\/wp\/v2\/pages\/1536\/revisions"}],"wp:attachment":[{"href":"https:\/\/chemuza.org\/de\/wp-json\/wp\/v2\/media?parent=1536"}],"curies":[{"name":"wp","href":"https:\/\/api.w.org\/{rel}","templated":true}]}}