{"id":1535,"date":"2023-07-14T04:24:29","date_gmt":"2023-07-14T04:24:29","guid":{"rendered":"https:\/\/chemuza.org\/de\/thulium\/"},"modified":"2023-07-14T04:24:29","modified_gmt":"2023-07-14T04:24:29","slug":"thulium","status":"publish","type":"page","link":"https:\/\/chemuza.org\/de\/thulium\/","title":{"rendered":"Thulium"},"content":{"rendered":"<p>Das Metall Thulium ist im Periodensystem der Seltenen Erden enthalten. Eine der Besonderheiten dieses Elements besteht darin, dass es nicht leicht korrodiert und ein guter Stromleiter ist. Dann entdecken Sie die Eigenschaften und Verwendungsm\u00f6glichkeiten dieses wichtigen Metalloids.<\/p>\n<h2> <strong>Was ist Thulium?<\/strong><\/h2>\n<p> Es ist ein silbergrau gl\u00e4nzendes chemisches Element, ein Lanthanid, das auf der Erdoberfl\u00e4che nicht h\u00e4ufig vorkommt. Seine L\u00f6sungen und Salze nehmen nach dem Umwandlungsprozess, dem sie unterzogen werden, eine leicht gr\u00fcne Farbe an. Was seine Textur angeht, handelt es sich um einen weichen Feststoff, der trotz des chemischen Prozesses, der zu seiner Gewinnung durchgef\u00fchrt werden muss, problemlos verarbeitet werden kann.<\/p>\n<h3> <strong>Thulium-Symbol<\/strong><\/h3>\n<p> <span class=\"content-chemical-element\" style=\"float: left;width: 65px;height: 65px;border: 3px solid #666; display:flex;\n    justify-content: center;align-items: center;margin-right: 15px;\"><span style=\"font-size: 38px;\">Tm<\/span><\/span> Der Name, den es tr\u00e4gt, stammt von der Region, in der es in Schweden entdeckt wurde, <em>Skandinavien<\/em> oder, was auf Lateinisch dasselbe ist, <em>Thule<\/em> . Der Chemiker, der es zuerst entdeckte, hei\u00dft Cleve und verk\u00fcndet als merkw\u00fcrdige Tatsache, dass dieses Metall das am wenigsten reproduzierbare Lanthanoid sei.<\/p>\n<h2> <strong>Eigenschaften von Thulium<\/strong><\/h2>\n<p> Thulium ist teuer, da es selten ist und in der radioaktiven Welt eine wichtige Rolle spielt. Bei hohen Temperaturen \u00fcber 150 \u00b0C kann es leicht brennen und an der Luft langsam oxidieren. Weitere Features zusammengefasst:<\/p>\n<ul>\n<li> <strong>Zustand:<\/strong> Solide, aber mit formbarer Textur.<\/li>\n<li> <strong>Farbe:<\/strong> Gl\u00e4nzendes Silbergrau.<\/li>\n<li> <strong>Geschmack und Geruch:<\/strong> Es hat einen leicht bitteren Geschmack und ist geruchlos.<\/li>\n<li> <strong>L\u00f6slichkeit:<\/strong> Es ist in Schwefels\u00e4ure l\u00f6slich.<\/li>\n<li> <strong>Toxizit\u00e4t:<\/strong> Niedrig. Kann bei l\u00e4ngerem Gebrauch giftig sein.<\/li>\n<li> <strong>Reaktivit\u00e4t:<\/strong> Reagiert mit Halogenen, Wasser und Luft.<\/li>\n<li> <strong>Struktur:<\/strong> Kristallin in Form eines Sechsecks.<\/li>\n<li> <strong>Zusammensetzung:<\/strong> Die Atomstruktur von Thulium besteht aus 69 Protonen und 69 Elektronen.<\/li>\n<\/ul>\n<h2> <strong>Chemische und physikalische Eigenschaften von Thulium<\/strong><\/h2>\n<ol>\n<li> <strong>Ordnungszahl<\/strong> : 69<\/li>\n<li> <strong>Zeitraum<\/strong> : 6<\/li>\n<li> <strong>Block<\/strong> : F<\/li>\n<li> <strong>Gruppe<\/strong> : 3<\/li>\n<li> <strong>Kovalenter Radius (\u00c5):<\/strong> 1,56 \u00c5<\/li>\n<li> <strong>Dichte:<\/strong> 9321 kg\/m\u00b3 <strong>&nbsp;<\/strong><\/li>\n<li> <strong>Siedepunkt:<\/strong> 2220 K<\/li>\n<li> <strong>Schmelzpunkt:<\/strong> 1818 K<\/li>\n<li> <strong>Atomradius:<\/strong> 222 Uhr<\/li>\n<li> <strong>Durchschnittlicher Radius:<\/strong> 175h<\/li>\n<li> <strong>Oxid:<\/strong> Basisch.<\/li>\n<li> <strong>Spezifische W\u00e4rme:<\/strong> 160 J\/(kg K)<\/li>\n<li> <strong>Elektronen pro Schicht:<\/strong> 2, 8, 18, 31, 8, 2<\/li>\n<li> <strong>Elektronegativit\u00e4t:<\/strong> 1,25 (Pauling)<\/li>\n<li> <strong>Oxidationsstufe:<\/strong> 3 (basisch)<\/li>\n<li> <strong>Erstes Ionisationspotential eV:<\/strong> 596,7 kJ\/mol<\/li>\n<li> <strong>Elektronische Konfiguration:<\/strong> [Xe]6s <sup>2<\/sup> 4f <sup>13<\/sup><\/li>\n<li> <strong>Atommasse (g\/mol):<\/strong> 168,93421 u<\/li>\n<li> <strong>W\u00e4rmeleitf\u00e4higkeit:<\/strong> 16,8 W\/(mK)<\/li>\n<li> <strong>Elektrische Leitf\u00e4higkeit:<\/strong> 1,5 \u00d7 106 m-1 \u03a9-1<\/li>\n<\/ol>\n<h2> <strong>Herkunft von Thulium<\/strong><\/h2>\n<p> Seine Entdeckung wurde 1879 vom Chemiker Per Theodore Cleve bei seiner Suche nach Oxiden in verschiedenen Elementen in der Stadt in Skandinavien, Schweden, gemacht. Bei der Entdeckung konnten sie feststellen, dass es sich um ein elektropositives Metall mit einem Atomgewicht von 168,934 und einem Valenzzustand von +2, +3 und +4 handelte.<\/p>\n<h2> <strong>Wof\u00fcr wird Thulium verwendet?<\/strong><\/h2>\n<p> Es dient der Entwicklung kleiner R\u00f6ntgenger\u00e4te. Dar\u00fcber hinaus wird es zur Herstellung von Lasern mit hoher Reichweite und zur Herstellung magnetischer Keramikmaterialien verwendet, wie sie in Mikrowellen \u00fcblich sind. Dar\u00fcber hinaus ist es in den folgenden Bereichen n\u00fctzlich:<\/p>\n<ul>\n<li> Bei der Herstellung von Fernsehger\u00e4ten und Leuchtstofflampen.<\/li>\n<li> Um zu arbeiten, bestimmte Kristalle zu verfeinern.<\/li>\n<li> Es wird als Energiequelle genutzt.<\/li>\n<li> Wird h\u00e4ufig bei der Euro-Produktion verwendet, um einen Lumineszenzeffekt zu erzielen.<\/li>\n<\/ul>\n<h2> <strong>Wie wird Thulium gewonnen?<\/strong><\/h2>\n<p> Thulium kommt nicht nat\u00fcrlich vor, sondern ist in reduzierten Anteilen in bestimmten Mineralien enthalten. Dies gelingt vor allem durch Monazit, das in Flusssanden vorkommt und durch einen Ionenaustauschprozess gewonnen wird. Im S\u00fcdosten Chinas finden wir beispielsweise Tone, die dieses Metall enthalten.<\/p>\n<p> Derzeit wird es auf eine Art und Weise durchgef\u00fchrt, die keine hohen Kosten verursacht, da es nur durch Reduktion seines Oxids und durch eine Technik, die darin besteht, L\u00f6sungsmittel zu extrahieren, isoliert wird. Dies geschieht an einem luftdichten Ort mit Kalziumoxid oder Lanthanmetalloxid.<\/p>\n<h2> <strong>Gesundheitliche Auswirkungen von Thulium<\/strong><\/h2>\n<p> Seine Verwendung ist h\u00e4ufiger geworden, da es bei der Herstellung von Katalysatoren f\u00fcr verschiedene Zwecke verwendet wird. Allerdings gilt Thulium bei h\u00e4ufigem Umgang als sch\u00e4dliches Element am Arbeitsplatz. Denn einmal in Verfahren integriert, k\u00f6nnen seine Gase und Feuchtigkeit in die Luft gelangen und vom Menschen aufgenommen werden.<\/p>\n<p> Die Ansammlung dieser Art von Material im K\u00f6rper f\u00fchrt in der Regel zu irreparablen Sch\u00e4den wie Lebersch\u00e4den, Lungenembolie und anderen. Dies geschieht jedoch, wenn die Arbeit mit diesem Metall \u00fcber viele Stunden hinweg der Belastung ausgesetzt ist.<\/p>\n<p> Zusammenfassend l\u00e4sst sich sagen, dass dieses Metalloid zwar in der Welt der Medizin und bei der Herstellung bestimmter Haushaltsger\u00e4te sehr n\u00fctzlich ist, dennoch ist Vorsicht geboten. Daher sollten vor der Arbeit mit dem Element dessen Eigenschaften, Vorteile und Wirkungen ber\u00fccksichtigt werden.<\/p>\n","protected":false},"excerpt":{"rendered":"<p>Das Metall Thulium ist im Periodensystem der Seltenen Erden enthalten. Eine der Besonderheiten dieses Elements besteht darin, dass es nicht leicht korrodiert und ein guter Stromleiter ist. Dann entdecken Sie die Eigenschaften und Verwendungsm\u00f6glichkeiten dieses wichtigen Metalloids. Was ist Thulium? Es ist ein silbergrau gl\u00e4nzendes chemisches Element, ein Lanthanid, das auf der Erdoberfl\u00e4che nicht h\u00e4ufig &#8230; <a title=\"Thulium\" class=\"read-more\" href=\"https:\/\/chemuza.org\/de\/thulium\/\" aria-label=\"Mehr zu Thulium\">Mehr lesen<\/a><\/p>\n","protected":false},"author":1,"featured_media":0,"parent":0,"menu_order":0,"comment_status":"closed","ping_status":"closed","template":"","meta":{"footnotes":""},"class_list":["post-1535","page","type-page","status-publish"],"yoast_head":"<!-- This site is optimized with the Yoast SEO plugin v21.4 - https:\/\/yoast.com\/wordpress\/plugins\/seo\/ -->\n<title>Thulium - Chemuza<\/title>\n<meta name=\"robots\" content=\"index, follow, max-snippet:-1, max-image-preview:large, max-video-preview:-1\" \/>\n<link rel=\"canonical\" href=\"https:\/\/chemuza.org\/de\/thulium\/\" \/>\n<meta property=\"og:locale\" content=\"de_DE\" \/>\n<meta property=\"og:type\" content=\"article\" \/>\n<meta property=\"og:title\" content=\"Thulium - Chemuza\" \/>\n<meta property=\"og:description\" content=\"Das Metall Thulium ist im Periodensystem der Seltenen Erden enthalten. Eine der Besonderheiten dieses Elements besteht darin, dass es nicht leicht korrodiert und ein guter Stromleiter ist. Dann entdecken Sie die Eigenschaften und Verwendungsm\u00f6glichkeiten dieses wichtigen Metalloids. Was ist Thulium? Es ist ein silbergrau gl\u00e4nzendes chemisches Element, ein Lanthanid, das auf der Erdoberfl\u00e4che nicht h\u00e4ufig ... Mehr lesen\" \/>\n<meta property=\"og:url\" content=\"https:\/\/chemuza.org\/de\/thulium\/\" \/>\n<meta property=\"og:site_name\" content=\"Chemuza\" \/>\n<meta name=\"twitter:card\" content=\"summary_large_image\" \/>\n<meta name=\"twitter:label1\" content=\"Gesch\u00e4tzte Lesezeit\" \/>\n\t<meta name=\"twitter:data1\" content=\"3\u00a0Minuten\" \/>\n<script type=\"application\/ld+json\" class=\"yoast-schema-graph\">{\"@context\":\"https:\/\/schema.org\",\"@graph\":[{\"@type\":\"WebPage\",\"@id\":\"https:\/\/chemuza.org\/de\/thulium\/\",\"url\":\"https:\/\/chemuza.org\/de\/thulium\/\",\"name\":\"Thulium - Chemuza\",\"isPartOf\":{\"@id\":\"https:\/\/chemuza.org\/de\/#website\"},\"datePublished\":\"2023-07-14T04:24:29+00:00\",\"dateModified\":\"2023-07-14T04:24:29+00:00\",\"breadcrumb\":{\"@id\":\"https:\/\/chemuza.org\/de\/thulium\/#breadcrumb\"},\"inLanguage\":\"de\",\"potentialAction\":[{\"@type\":\"ReadAction\",\"target\":[\"https:\/\/chemuza.org\/de\/thulium\/\"]}]},{\"@type\":\"BreadcrumbList\",\"@id\":\"https:\/\/chemuza.org\/de\/thulium\/#breadcrumb\",\"itemListElement\":[{\"@type\":\"ListItem\",\"position\":1,\"name\":\"Heim\",\"item\":\"https:\/\/chemuza.org\/de\/\"},{\"@type\":\"ListItem\",\"position\":2,\"name\":\"Thulium\"}]},{\"@type\":\"WebSite\",\"@id\":\"https:\/\/chemuza.org\/de\/#website\",\"url\":\"https:\/\/chemuza.org\/de\/\",\"name\":\"Chemuza\",\"description\":\"Ihr Tor zur chemischen Entdeckung\",\"publisher\":{\"@id\":\"https:\/\/chemuza.org\/de\/#organization\"},\"potentialAction\":[{\"@type\":\"SearchAction\",\"target\":{\"@type\":\"EntryPoint\",\"urlTemplate\":\"https:\/\/chemuza.org\/de\/?s={search_term_string}\"},\"query-input\":\"required name=search_term_string\"}],\"inLanguage\":\"de\"},{\"@type\":\"Organization\",\"@id\":\"https:\/\/chemuza.org\/de\/#organization\",\"name\":\"Chemuza\",\"url\":\"https:\/\/chemuza.org\/de\/\",\"logo\":{\"@type\":\"ImageObject\",\"inLanguage\":\"de\",\"@id\":\"https:\/\/chemuza.org\/de\/#\/schema\/logo\/image\/\",\"url\":\"https:\/\/chemuza.org\/de\/wp-content\/uploads\/2023\/10\/chemuza-logo.png\",\"contentUrl\":\"https:\/\/chemuza.org\/de\/wp-content\/uploads\/2023\/10\/chemuza-logo.png\",\"width\":387,\"height\":70,\"caption\":\"Chemuza\"},\"image\":{\"@id\":\"https:\/\/chemuza.org\/de\/#\/schema\/logo\/image\/\"}}]}<\/script>\n<!-- \/ Yoast SEO plugin. -->","yoast_head_json":{"title":"Thulium - Chemuza","robots":{"index":"index","follow":"follow","max-snippet":"max-snippet:-1","max-image-preview":"max-image-preview:large","max-video-preview":"max-video-preview:-1"},"canonical":"https:\/\/chemuza.org\/de\/thulium\/","og_locale":"de_DE","og_type":"article","og_title":"Thulium - Chemuza","og_description":"Das Metall Thulium ist im Periodensystem der Seltenen Erden enthalten. Eine der Besonderheiten dieses Elements besteht darin, dass es nicht leicht korrodiert und ein guter Stromleiter ist. Dann entdecken Sie die Eigenschaften und Verwendungsm\u00f6glichkeiten dieses wichtigen Metalloids. Was ist Thulium? Es ist ein silbergrau gl\u00e4nzendes chemisches Element, ein Lanthanid, das auf der Erdoberfl\u00e4che nicht h\u00e4ufig ... Mehr lesen","og_url":"https:\/\/chemuza.org\/de\/thulium\/","og_site_name":"Chemuza","twitter_card":"summary_large_image","twitter_misc":{"Gesch\u00e4tzte Lesezeit":"3\u00a0Minuten"},"schema":{"@context":"https:\/\/schema.org","@graph":[{"@type":"WebPage","@id":"https:\/\/chemuza.org\/de\/thulium\/","url":"https:\/\/chemuza.org\/de\/thulium\/","name":"Thulium - Chemuza","isPartOf":{"@id":"https:\/\/chemuza.org\/de\/#website"},"datePublished":"2023-07-14T04:24:29+00:00","dateModified":"2023-07-14T04:24:29+00:00","breadcrumb":{"@id":"https:\/\/chemuza.org\/de\/thulium\/#breadcrumb"},"inLanguage":"de","potentialAction":[{"@type":"ReadAction","target":["https:\/\/chemuza.org\/de\/thulium\/"]}]},{"@type":"BreadcrumbList","@id":"https:\/\/chemuza.org\/de\/thulium\/#breadcrumb","itemListElement":[{"@type":"ListItem","position":1,"name":"Heim","item":"https:\/\/chemuza.org\/de\/"},{"@type":"ListItem","position":2,"name":"Thulium"}]},{"@type":"WebSite","@id":"https:\/\/chemuza.org\/de\/#website","url":"https:\/\/chemuza.org\/de\/","name":"Chemuza","description":"Ihr Tor zur chemischen Entdeckung","publisher":{"@id":"https:\/\/chemuza.org\/de\/#organization"},"potentialAction":[{"@type":"SearchAction","target":{"@type":"EntryPoint","urlTemplate":"https:\/\/chemuza.org\/de\/?s={search_term_string}"},"query-input":"required name=search_term_string"}],"inLanguage":"de"},{"@type":"Organization","@id":"https:\/\/chemuza.org\/de\/#organization","name":"Chemuza","url":"https:\/\/chemuza.org\/de\/","logo":{"@type":"ImageObject","inLanguage":"de","@id":"https:\/\/chemuza.org\/de\/#\/schema\/logo\/image\/","url":"https:\/\/chemuza.org\/de\/wp-content\/uploads\/2023\/10\/chemuza-logo.png","contentUrl":"https:\/\/chemuza.org\/de\/wp-content\/uploads\/2023\/10\/chemuza-logo.png","width":387,"height":70,"caption":"Chemuza"},"image":{"@id":"https:\/\/chemuza.org\/de\/#\/schema\/logo\/image\/"}}]}},"yoast_meta":{"yoast_wpseo_title":"","yoast_wpseo_metadesc":"","yoast_wpseo_canonical":""},"_links":{"self":[{"href":"https:\/\/chemuza.org\/de\/wp-json\/wp\/v2\/pages\/1535","targetHints":{"allow":["GET"]}}],"collection":[{"href":"https:\/\/chemuza.org\/de\/wp-json\/wp\/v2\/pages"}],"about":[{"href":"https:\/\/chemuza.org\/de\/wp-json\/wp\/v2\/types\/page"}],"author":[{"embeddable":true,"href":"https:\/\/chemuza.org\/de\/wp-json\/wp\/v2\/users\/1"}],"replies":[{"embeddable":true,"href":"https:\/\/chemuza.org\/de\/wp-json\/wp\/v2\/comments?post=1535"}],"version-history":[{"count":0,"href":"https:\/\/chemuza.org\/de\/wp-json\/wp\/v2\/pages\/1535\/revisions"}],"wp:attachment":[{"href":"https:\/\/chemuza.org\/de\/wp-json\/wp\/v2\/media?parent=1535"}],"curies":[{"name":"wp","href":"https:\/\/api.w.org\/{rel}","templated":true}]}}